{"id":32025,"date":"2020-08-11T14:02:18","date_gmt":"2020-08-11T14:02:18","guid":{"rendered":"http:\/\/meijenfeldt.nl\/?page_id=32025"},"modified":"2023-05-07T11:41:10","modified_gmt":"2023-05-07T11:41:10","slug":"katern-4","status":"publish","type":"page","link":"https:\/\/meijenfeldt.nl\/?page_id=32025","title":{"rendered":"Memoires 4. Moerassen"},"content":{"rendered":"<p><strong>Katern 4,<\/strong> <span style=\"color: #0000ff;\"><a style=\"color: #0000ff;\" href=\"https:\/\/meijenfeldt.nl\/wp-content\/uploads\/2020\/08\/Katern-4.pdf\">fol 34-43\u00bdv<\/a><span style=\"color: #000000;\">, pag 74-97<\/span><br \/>\n<\/span><\/p>\n<table style=\"width: 100%; height: 699px;\">\n<tbody>\n<tr style=\"height: 28px;\">\n<td style=\"height: 28px; width: 55.1515%;\"><em><span style=\"color: #000000; font-size: 10pt;\"><strong>TRANSCRIPTIE<\/strong><\/span><\/em><\/td>\n<td style=\"height: 28px; width: 44.6969%;\"><em><span style=\"color: #000000; font-size: 10pt;\"><strong>VERTALING<\/strong><\/span><\/em><\/td>\n<\/tr>\n<tr style=\"height: 28px;\">\n<td style=\"height: 28px; width: 55.1515%;\"><span style=\"font-size: 10pt;\">kopie 74, blad 34<\/span><\/td>\n<td style=\"height: 28px; width: 44.6969%;\"><\/td>\n<\/tr>\n<tr style=\"height: 28px;\">\n<td style=\"height: 28px; width: 55.1515%;\"><span style=\"font-size: 10pt;\">kopie 75, blad 34v<\/span><\/td>\n<td style=\"height: 28px; width: 44.6969%;\"><span style=\"font-size: 10pt;\">\u00d6rnstedt<\/span><\/td>\n<\/tr>\n<tr style=\"height: 28px;\">\n<td style=\"height: 28px; width: 55.1515%;\"><span style=\"font-size: 10pt;\"><span style=\"text-decoration: underline;\">kopie 76, blad 35<br \/>\n<\/span>(&#8230;)<\/span><br \/>\n<span style=\"font-size: 10pt;\">wie Er dan auch solche im Mitternacht vornahm, die Zelten abbrach, und sich ohngefehr \u00bd Meil an ein anderen Ohrt, mit 4 bey sich habende Regimenter al\u03b2 da\u03b2 Nerksche Regiment so Roos sebst geh\u00f6rte, Scharaborgs Regiment so Graff Casper Sperling, J\u00f6n \/ k\u00f6ping <span style=\"text-decoration: underline;\"><br \/>\n<\/span><\/span><\/td>\n<td style=\"height: 28px; width: 44.6969%;\"><span style=\"font-size: 10pt;\">Roos<\/span><\/td>\n<\/tr>\n<tr style=\"height: 28px;\">\n<td style=\"height: 27px; width: 55.1515%;\"><span style=\"font-size: 10pt;\"><span style=\"text-decoration: underline;\">kopie 77, blad 35v<\/span><br \/>\n<\/span><span style=\"font-size: 10pt;\">k\u00f6ping Regiment so Buchwalt hatte und das \u00f6stgi\u00f6tsche Cavallerie Regiment so der oberst Rosens commendirte, welche eben an das neuwen Campement Platz arrivirete, wahren mit anbrenchenden Tage, und war die gantze nagt und fast bi\u03b2 7 a 8 uhr, ein sehr dicker Nebel, so doch in zwischen aust und nieder stieg, das es zu weilen wa\u03b2 vor sichsehn k\u00f6nnten, die Moscoviter, wen sich des Nebel bedienten, auch ein Detachement von 8 und mehr tausendt Man der besten Leuten commendirte, meisten Grenadir, und vor den Guarde, allen mehrentheils zu fu\u03b2 und in (&#8230;) sig so \u00fcber den Morast gezogen hatten, und funden den Gen: Major Roos sein Brigade nicht mehr da, doch die selben weilen sie den March<span style=\"text-decoration: underline;\"><br \/>\n<\/span>(4 regels)<span style=\"text-decoration: underline;\"><br \/>\n<\/span><\/span><\/td>\n<td style=\"height: 27px; width: 44.6969%;\"><\/td>\n<\/tr>\n<tr style=\"height: 28px;\">\n<td style=\"height: 28px; width: 55.1515%;\"><span style=\"font-size: 10pt;\">kopie 78, blad 36<\/span><\/td>\n<td style=\"height: 28px; width: 44.6969%;\"><\/td>\n<\/tr>\n<tr style=\"height: 28px;\">\n<td style=\"height: 28px; width: 55.1515%;\"><span style=\"font-size: 10pt;\">kopie 79, blad 36v<\/span><\/td>\n<td style=\"height: 28px; width: 44.6969%;\"><span style=\"font-size: 10pt;\">Schytte, Axel Spar, Roos<\/span><\/td>\n<\/tr>\n<tr style=\"height: 28px;\">\n<td style=\"height: 28px; width: 55.1515%;\"><span style=\"font-size: 10pt;\">kopie 80. blad 37<\/span><\/td>\n<td style=\"height: 28px; width: 44.6969%;\"><span style=\"font-size: 10pt;\">Dahl, Roos, Prins van Wirtemburg, Reinschildt. Sigerot<\/span><\/td>\n<\/tr>\n<tr style=\"height: 28px;\">\n<td style=\"height: 28px; width: 55.1515%;\"><span style=\"font-size: 10pt;\">kopie 81, blad 37v<br \/>\n<\/span><\/td>\n<td style=\"height: 28px; width: 44.6969%;\"><span style=\"font-size: 10pt;\">Roos<\/span><\/td>\n<\/tr>\n<tr style=\"height: 28px;\">\n<td style=\"height: 28px; width: 55.1515%;\"><span style=\"font-size: 10pt;\">kopie 82. blad 38<br \/>\n<\/span><\/td>\n<td style=\"height: 28px; width: 44.6969%;\"><span style=\"font-size: 10pt;\">Meijerfeldt staat samen met regiment kolonel Albendil 3 mijl van Roos<\/span><\/td>\n<\/tr>\n<tr style=\"height: 28px;\">\n<td style=\"height: 28px; width: 55.1515%;\"><span style=\"font-size: 10pt;\">kopie 83, blad 38v<br \/>\n<\/span><\/td>\n<td style=\"height: 28px; width: 44.6969%;\"><span style=\"font-size: 10pt;\">Meijerfeldt bij hoofdkwartier vlakbij brigades van Kruse en van Hamilton<\/span><\/td>\n<\/tr>\n<tr style=\"height: 28px;\">\n<td style=\"height: 28px; width: 55.1515%;\"><span style=\"font-size: 10pt;\">kopie 84, blad 39<\/span><\/td>\n<td style=\"height: 28px; width: 44.6969%;\"><span style=\"font-size: 10pt;\">Roos, Rosenstern, Casper Sperling, Arwedson, Meijerfeldt<\/span><\/td>\n<\/tr>\n<tr style=\"height: 28px;\">\n<td style=\"height: 28px; width: 55.1515%;\"><span style=\"font-size: 10pt;\">kopie 85, blad 39v<br \/>\n<\/span><\/td>\n<td style=\"height: 28px; width: 44.6969%;\"><span style=\"font-size: 10pt;\">Meijerfelt, Gyllenkrook<\/span><\/td>\n<\/tr>\n<tr style=\"height: 28px;\">\n<td style=\"height: 28px; width: 55.1515%;\"><span style=\"font-size: 10pt;\">kopie 86, blad 40<\/span><\/td>\n<td style=\"height: 28px; width: 44.6969%;\"><span style=\"font-size: 10pt;\">Meijerfeldt<\/span><\/td>\n<\/tr>\n<tr style=\"height: 28px;\">\n<td style=\"height: 28px; width: 55.1515%;\"><span style=\"font-size: 10pt;\">kopie 87, blad 40v<br \/>\n<\/span><\/td>\n<td style=\"height: 28px; width: 44.6969%;\"><span style=\"font-size: 10pt;\">Meijerfelt, Reinschildt<\/span><\/td>\n<\/tr>\n<tr style=\"height: 28px;\">\n<td style=\"height: 28px; width: 55.1515%;\"><span style=\"font-size: 10pt;\">kopie 88, blad 40\u00bd<br \/>\n<\/span><\/td>\n<td style=\"height: 28px; width: 44.6969%;\"><span style=\"font-size: 10pt;\">Meijerfeldt, Albendehl, Hielm, Thorstenson<\/span><\/td>\n<\/tr>\n<tr style=\"height: 28px;\">\n<td style=\"height: 28px; width: 55.1515%;\"><span style=\"font-size: 10pt;\">kopie 89, blad 40\u00bdv<br \/>\n<\/span><\/td>\n<td style=\"height: 28px; width: 44.6969%;\"><span style=\"font-size: 10pt;\">Albendehl<\/span><\/td>\n<\/tr>\n<tr style=\"height: 28px;\">\n<td style=\"height: 28px; width: 55.1515%;\"><span style=\"font-size: 10pt;\">kopie 90, blad 41<\/span><\/td>\n<td style=\"height: 28px; width: 44.6969%;\"><span style=\"font-size: 10pt;\">W\u00fcrtenburg, Axel Sparre<\/span><\/td>\n<\/tr>\n<tr style=\"height: 28px;\">\n<td style=\"height: 28px; width: 55.1515%;\"><span style=\"font-size: 10pt;\">kopie 91, blad 41v<br \/>\n<\/span><\/td>\n<td style=\"height: 28px; width: 44.6969%;\"><span style=\"font-size: 10pt;\">Sparre<\/span><\/td>\n<\/tr>\n<tr style=\"height: 28px;\">\n<td style=\"height: 28px; width: 55.1515%;\"><span style=\"font-size: 10pt;\">kopie 92, blad 42<\/span><\/td>\n<td style=\"height: 28px; width: 44.6969%;\"><\/td>\n<\/tr>\n<tr style=\"height: 28px;\">\n<td style=\"height: 28px; width: 55.1515%;\"><span style=\"font-size: 10pt;\">kopie 93, blad 42v<br \/>\n<\/span><\/td>\n<td style=\"height: 28px; width: 44.6969%;\"><\/td>\n<\/tr>\n<tr style=\"height: 28px;\">\n<td style=\"height: 28px; width: 55.1515%;\"><span style=\"font-size: 10pt;\">kopie 94, blad 43<br \/>\n<\/span><\/td>\n<td style=\"height: 28px; width: 44.6969%;\"><span style=\"font-size: 10pt;\">Rosenstern, Dahldorf, Meijerfeldt<\/span><\/td>\n<\/tr>\n<tr style=\"height: 28px;\">\n<td style=\"height: 28px; width: 55.1515%;\"><span style=\"font-size: 10pt;\">kopie 95, blad 43v<br \/>\n<\/span><\/td>\n<td style=\"height: 28px; width: 44.6969%;\"><span style=\"font-size: 10pt;\">Meijerfeldt, Dahldorf, Reinschildt<\/span><\/td>\n<\/tr>\n<tr style=\"height: 28px;\">\n<td style=\"height: 28px; width: 55.1515%;\"><span style=\"font-size: 10pt;\">kopie 96, blad 43\u00bd<\/span><\/td>\n<td style=\"height: 28px; width: 44.6969%;\"><span style=\"font-size: 10pt;\">Meijerfeldt<\/span><\/td>\n<\/tr>\n<tr style=\"height: 28px;\">\n<td style=\"width: 55.1515%; height: 28px;\"><span style=\"font-size: 10pt;\">kopie 97, blad 43\u00bdv<br \/>\n<\/span><\/td>\n<td style=\"width: 44.6969%; height: 28px;\"><\/td>\n<\/tr>\n<\/tbody>\n<\/table>\n<p style=\"text-align: center;\"><span style=\"font-size: 10pt;\"><a href=\"https:\/\/meijenfeldt.nl\/?page_id=32019\"><span style=\"color: #0000ff;\">Terug<\/span><\/a>\u00a0 \u00a0***\u00a0 \u00a0<span style=\"color: #0000ff;\"><a style=\"color: #0000ff;\" href=\"https:\/\/meijenfeldt.nl\/?page_id=32081\">Verder<\/a><\/span><\/span><\/p>\n","protected":false},"excerpt":{"rendered":"<p>Katern 4, fol 34-43\u00bdv, pag 74-97 TRANSCRIPTIE VERTALING kopie 74, blad 34 kopie 75, blad 34v \u00d6rnstedt kopie 76, blad 35 (&#8230;) wie Er dan auch solche im Mitternacht vornahm, die Zelten abbrach, und sich ohngefehr \u00bd Meil an ein anderen Ohrt, mit 4 bey sich habende Regimenter al\u03b2 da\u03b2 Nerksche Regiment so Roos sebst &hellip; <a href=\"https:\/\/meijenfeldt.nl\/?page_id=32025\" class=\"more-link\">Verder lezen <span class=\"screen-reader-text\">Memoires 4. Moerassen<\/span><\/a><\/p>\n","protected":false},"author":1,"featured_media":0,"parent":0,"menu_order":0,"comment_status":"closed","ping_status":"closed","template":"","meta":{"footnotes":""},"class_list":["post-32025","page","type-page","status-publish","hentry"],"_links":{"self":[{"href":"https:\/\/meijenfeldt.nl\/index.php?rest_route=\/wp\/v2\/pages\/32025","targetHints":{"allow":["GET"]}}],"collection":[{"href":"https:\/\/meijenfeldt.nl\/index.php?rest_route=\/wp\/v2\/pages"}],"about":[{"href":"https:\/\/meijenfeldt.nl\/index.php?rest_route=\/wp\/v2\/types\/page"}],"author":[{"embeddable":true,"href":"https:\/\/meijenfeldt.nl\/index.php?rest_route=\/wp\/v2\/users\/1"}],"replies":[{"embeddable":true,"href":"https:\/\/meijenfeldt.nl\/index.php?rest_route=%2Fwp%2Fv2%2Fcomments&post=32025"}],"version-history":[{"count":20,"href":"https:\/\/meijenfeldt.nl\/index.php?rest_route=\/wp\/v2\/pages\/32025\/revisions"}],"predecessor-version":[{"id":56009,"href":"https:\/\/meijenfeldt.nl\/index.php?rest_route=\/wp\/v2\/pages\/32025\/revisions\/56009"}],"wp:attachment":[{"href":"https:\/\/meijenfeldt.nl\/index.php?rest_route=%2Fwp%2Fv2%2Fmedia&parent=32025"}],"curies":[{"name":"wp","href":"https:\/\/api.w.org\/{rel}","templated":true}]}}