{"id":31995,"date":"2020-08-11T10:11:13","date_gmt":"2020-08-11T10:11:13","guid":{"rendered":"http:\/\/meijenfeldt.nl\/?page_id=31995"},"modified":"2023-05-07T15:40:15","modified_gmt":"2023-05-07T15:40:15","slug":"memoires-katern-8","status":"publish","type":"page","link":"https:\/\/meijenfeldt.nl\/?page_id=31995","title":{"rendered":"Memoires 8. Poltava II"},"content":{"rendered":"<p style=\"text-align: justify;\"><strong><span style=\"color: #000000; font-size: 14pt;\">Katern 8, <\/span><\/strong><span style=\"color: #000000;\"><span style=\"color: #0000ff;\"><a style=\"color: #0000ff;\" href=\"https:\/\/meijenfeldt.nl\/wp-content\/uploads\/2020\/08\/Katern-8.pdf\">fol 74v-76v<\/a>, <span style=\"color: #000000;\">pag 160-165<\/span><br \/>\n<\/span><span style=\"font-size: 10pt;\">Drie vel, betere kwaliteit papier (Skeen uit Sm\u00e5land en N &amp; L (P. Norlander &amp; J.H. Lemchen), Handschrift nr. 2.<\/span><br \/>\n<\/span><\/p>\n<table style=\"border-collapse: collapse; width: 100%; height: 2598px;\">\n<tbody>\n<tr style=\"height: 28px;\">\n<td style=\"width: 50%; height: 28px;\"><em><span style=\"color: #000000; font-size: 10pt;\"><strong>TRANSCRIPTIE<\/strong><\/span><\/em><\/td>\n<td style=\"width: 50%; height: 28px;\"><em><span style=\"color: #000000; font-size: 10pt;\"><strong>VERTALING<\/strong><\/span><\/em><\/td>\n<\/tr>\n<tr style=\"height: 588px;\">\n<td style=\"width: 50%; height: 588px;\"><span style=\"font-size: 10pt;\"><span style=\"text-decoration: underline;\">Kopie 160, blad 74<\/span><\/span><br \/>\n&#8211;<span style=\"font-size: 10pt;\">de immer n\u00e4her avancirten Ihro K\u00fcngl. Maj. selber in der S\u00e4nfte wie die Arm\u00e8 au\u03b2r\u00fcckte dabey tragen lie\u03b2, so dahmahls abermahl bataillieren solte und eben<\/span><span style=\"font-size: 10pt;\"> wie sie auffgestellet wahren, kam der Secretair Klinkostr\u00f6m so beym Tartar Han geweh\u03b2en mit 2 Abgeschickte vom Tartar Han zum K\u00f6nige, einer der General Wegwei\u03b2er ein Tartar von Gebuhrt nach Ihren Schanzen, der andre ein Franzo\u03b2 des Tartar Hans Capitaine von der Guarde, welche mit ein Compliment zu Ihro K\u00f6nigl: Maj: abgesant wahren Ihro K\u00f6nigl: Maj: 40\/m Man zu offeriren, dabey berichtende, da\u03b2 die 40\/m Man\u00a0 mit hatten marchiren sollen, wo da nicht ein gewisser Bericht w\u00e4hre eingelauffen, da\u03b2 Ihro K\u00f6nigl: Maj: mit dem Zaaren unter Poltava <em>i<\/em>m Frieden\u03b2 Tractat stunden, we\u03b2fal\u03b2 wenn da\u03b2 so w\u00e4hre die Leute nicht n\u00f6thig w\u00e4hren und sie auch de\u03b2falls sich zu erkundigen w\u00e4hren \u00fcbergesandt, wan \/ sie<em><br \/>\n<\/em><\/span><\/td>\n<td style=\"width: 50%; height: 588px;\">\n<p id=\"tw-target-text\" class=\"tw-data-text tw-text-large tw-ta\" dir=\"ltr\" data-placeholder=\"Vertaling\"><span class=\"Y2IQFc\" lang=\"nl\" style=\"font-size: 10pt;\"><br \/>\n-de steeds steeds nader komende ZKM zelf, die zich in de draagstoel liet dragen als het leger oprukte, zoals toen ze weer slag moesten leveren en net toen ze in stelling stonden, kwam secretaris Klinkostr\u00f6m met 2 gezanten van tataar Han naar de koning, \u00e9\u00e9n een algemene gids en tataar van geboorte naar hun schansen, de ander een Fransman door tataar Han&#8217;s kapitein van de garde, die ZKM een compliment stuurde en ZKM 40 man te bieden, daarbij meldend dat de 40 man met hoeden moesten marcheren, tenzij er een bepaald bericht was binnengekomen dat ZKM bij de tsaar onder Poltava in het vredesverdrag stond, waardoor de mannen niet nodig waren en werden gestuurd om te informeren of dat het geval was, wanneer<\/span><\/p>\n<\/td>\n<\/tr>\n<tr style=\"height: 532px;\">\n<td style=\"width: 50%; height: 532px;\"><span style=\"font-size: 10pt; color: #000000;\"><span style=\"text-decoration: underline;\">Kopie 161, blad 74v<\/span><\/span><br \/>\n<span style=\"font-size: 10pt; color: #000000;\">sie nuhn da\u03b2 jegentheil wie Sie s\u00e4hen berichten wurden by Ihrer Zur\u00fcckkufft, w\u00fcrden diejenigen die solche\u03b2 dem Tatar Han berichtet an dem Leben gestraffet werden, da\u03b2 sie dadurch den March der 40\/m Man Tartarn verhindert, <\/span><span style=\"font-size: 10pt;\"><span style=\"color: #000000;\"><span style=\"text-decoration: underline;\">dabey sagten die Abgesanten zum K\u00f6nige da\u03b2 sie den gahr versichert hatten Ihro K\u00f6nig: Maj: de\u03b2 Zaaren nahe Aliance sich verm\u00e4hlen solten<\/span>, da aber abermahl aus dem vorerwehnten bataille nicht\u03b2 wurde, weilen die Russen nicht da\u03b2 wagen wolten, und Ihro K\u00f6nigl May Arm\u00e8 sich wieder zur\u00fcck in Ihr Campement zogen, wurden von beyden teihlen, durchausgehende parteijen die Arme\u00e9n sehr alarmiret und alert gehalten in dem sie nuhr \u00e0 \u00bd und \u00bc meile von ein ander standen, die Belagerung wurde in de\u03b2 vohr Pultava vortgesetzet. Die Feinde aber umb die Be \/ la<\/span><br \/>\n<\/span><\/td>\n<td style=\"width: 50%; height: 532px;\">\n<p id=\"tw-target-text\" class=\"tw-data-text tw-text-large tw-ta\" dir=\"ltr\" data-placeholder=\"Vertaling\"><span class=\"Y2IQFc\" lang=\"nl\" style=\"font-size: 10pt;\"><br \/>\nzij nu alle rapporten die u zag, werden gerapporteerd door uw terugkeer, zouden degenen die zoiets dergelijks aan de tataarse Han rapporteerden, met hun leven worden gestraft, waardoor de mars van de 40 man Tartaar wordt verhinderd, waarbij de gezanten tegen de koning zeiden dat zij dat zeker deden, als ZKM met de tsaar een alliantie zou aangaan, maar aangezien uit de bovengenoemde strijd niets meer voortkwam omdat de Russen het wilden wagen, en ZKM leger zich terugtrok in haar kampementen, \u200b\u200bwerden aan beide zijden de legers zeer gealarmeerd en alert gehouden terwijl ze slechts \u00bd en \u00bc mijl uit elkaar staan, werd het beleg van Pultava voortgezet. Omdat de vijand echter de belegering<\/span><\/p>\n<\/td>\n<\/tr>\n<tr style=\"height: 616px;\">\n<td style=\"width: 50%; height: 616px;\"><span style=\"font-size: 10pt;\"><span style=\"color: #000000;\"><span style=\"text-decoration: underline;\">Kopie 162, blad 75<br \/>\n<\/span>-lagerung aufzuheben und Pultava zu entsetzen approchirten Sich mit Ihrer Arm\u00e9 mit Approchen, Redouten etc: da\u03b2 sie auff ein Schu\u03b2 nahe an einander waren, auch die Subsistence un\u03b2 so einschrenckten da\u03b2 die Arm\u00e9 fast nicht mehr subsistiren konte, und daher Ihro K\u00f6nigl: May: dan resolvirten den 17 Julii andern tages den feint zu attaquiren, und brachen in der Nacht umb 11 Uhr au\u03b2 dem Camp vor Pultava auff, die Zelter stehende la\u03b2ende auch 2 Regimente Infanterie die trangeen zu besetzen, als de\u03b2 Oberst Cronmarschen und Weidenheimschen Regiment. Die Cavallerie muste sich auch vor aufbrechendem Tage bey der Infanterie so nich weit davon stand einfinden, Zu bedeckung des Campements da die Cavallerie Artillerie bagage kranken etc: und \u00bc Meil von Pultava stand, wurde zum Bedeck 5 Regimente Cavallerie gelassen auch sonst von jedem Regiment Infenterie Commendirte zur bagage und kranken, in welchem Camp \/ auch\u00a0 <\/span><span style=\"text-decoration: underline;\"><br \/>\n<\/span><\/span><\/td>\n<td style=\"width: 50%; height: 616px;\">\n<p id=\"tw-target-text\" class=\"tw-data-text tw-text-large tw-ta\" dir=\"ltr\" data-placeholder=\"Vertaling\"><span class=\"Y2IQFc\" lang=\"nl\" style=\"font-size: 10pt;\"><br \/>\nwilde opheffen en Poltava ontzetten naderde\u00a0 zij zich met het leger met naderingsloopgraven, schansen etc: dat ze dicht bij elkaar waren toen er een schot werd gelost, en ook het levensonderhoud zodanig beperkt dat het leger bijna niet meer kon bestaan, en daarom ZKM besloot op 17 juli de volgende dag de vijand aan te vallen en brak om 11 uur &#8217;s nachts uit het kamp voor Poltava, de tenten laten staan \u200b\u200ben ook 2 regimenten van infanterie om de &#8217;trangeen&#8217; te bezetten, zijnde kolonel Cronmarschen en het regiment van Weidenheim. De cavalerie moest niet ver weg voor het aanbreken van de dag de infanterie ontmoeten om het kamp te dekken, aangezien de cavalerie artilleriebagage, zieken, enz. had, en \u00bc mijl van Poltava stond, werd ter dekking 5 regimenten cavallerie achtergelaten ook anders van ieder infanterieregiment commandeerde aan de bagage en zieken, in welk kamp<\/span><\/p>\n<\/td>\n<\/tr>\n<tr style=\"height: 560px;\">\n<td style=\"width: 50%; height: 560px;\"><span style=\"color: #000000;\"><span style=\"text-decoration: underline;\"><span style=\"font-size: 10pt;\">Kopie 163, blad 75v<br \/>\n<\/span><\/span><span style=\"font-size: 10pt;\">auch der feldherr Mazeppa bliebe dazu wahren 2 Tage vorher 30 Man fast auf alle meile nach Proviant von der Arm\u00e9 commendirt welche auch noch nicht angekommen wahren, zur bataille, da\u03b2 Mayerfeldtsche Dragon Regiment so von den starkesten noch in streit 4 meile davon auf Postirung in ein St\u00e4dtchen Novischauslaroff mit dem Obristen Trautfeldter umb die Passage bis an der Niepper nach Perevoloschna so 6 Meil weiter woselbst der Obrist Silverhjelm mit 300 Pferde und in der Mitte zwischen Novischauslaroff und Perewolotschna stant der Obrist Tomas Funk auch mit 300 Pferde auf Postirung an ein Ohrt Cubilak genant so da\u03b2 von der Arm\u00e9 ab detachiret stund und wahren bey 8000 Man, und die zur bataille gebracht wahrenw\u00fcrklich nich \u00fcber 12000 in allen befanden, auch bey selbiger Arm\u00e9 kein Artillerie mitgenommen wurde, \/ weil\u00a0 <\/span><\/span><span style=\"text-decoration: underline;\"><span style=\"font-size: 10pt;\"><br \/>\n<\/span><\/span><\/td>\n<td style=\"width: 50%; height: 560px;\">\n<p id=\"tw-target-text\" class=\"tw-data-text tw-text-large tw-ta\" dir=\"ltr\" data-placeholder=\"Vertaling\"><span class=\"Y2IQFc\" lang=\"nl\" style=\"font-size: 10pt;\"><br \/>\nook veldheer Mazeppa verblijven daartoe waren 2 dagen eerder 30 man bijna op elke mijl naar proviand voor het leger gecommandeerd, die ook nog niet zijn teruggekomen, naar de veldslag, het Mayerfeldtse Drgonderregiment, het sterkste die nog in de strijd zijn, 4 mijl verderop op hun post in een stadje Novi Sanzhary met kolonel Trautvetter rond de doorgang naar de Dniepro naar Perevolochna dus 6 mijl verder waar kolonel Silverhjelm met 300 paarden en in het midden tussen Novi Sanzhary en Perevolotchna kolonel Tomas Funk ook met 300 paarden gestationeerd bij een oort genaamd Kubilak zodat het leger werd gedetacheerd en er waren ongeveer 8.000 man, en degenen die naar de veldslag werden gebracht waren echt niet meer dan 12.000 in totaal, en bij dit leger werd geen artillerie meegenomen,<\/span><\/p>\n<\/td>\n<\/tr>\n<tr style=\"height: 750px;\">\n<td style=\"width: 50%; height: 264px;\"><span style=\"font-size: 10pt; color: #000000;\"><span style=\"text-decoration: underline;\">Kopie 164, blad 76<\/span><\/span><br \/>\n<span style=\"font-size: 10pt;\"><span style=\"color: #000000;\">weil e\u03b2 sollte ohne hinder des Marches und als ein Surpris geschehen, au\u03b2er da\u03b2 4 Canonen zum Signal schu\u03b2en zu thun mitgeschleppet wurden, Die\u03b2es war auch alles so angeordnet und rangiret, da\u03b2 die Arm\u00e9 alles vor anbrechendem Tage rangiret und vor de\u03b2 feindes Lager stant, da\u03b2 so bald es tag die Arm\u00e8 auff des Feindes Lager anr\u00fcckte, vor welche die Feinde 6 detachirte Redouten geleghet, welche jede mit 600 Man besetzt wahren die die un\u03b2ern meist passiren musten. Da nuhn die Un\u03b2ern mu\u03b2ten avanciren unter die feintlichen Canonen, die Redouten eines Theil\u03b2 nicht allein mit Verlust unterschiedener emportirten und dieselben unterm starken Feuer vom Feinde auch passirten,, angagirte der General Major Roos sich auch welche Redouten zu emportiren mit der bey sich habenden 7 Bataillonen, <span style=\"text-decoration: underline;\">unter welchen auch ein \u00d6sterbottensche Battaillon wahr so der Oberst Maijerfeldt anf\u00fchrte<\/span>, mittlerweilen \/ avan<\/span> <\/span><\/td>\n<td style=\"width: 50%; height: 264px;\">\n<p id=\"tw-target-text\" class=\"tw-data-text tw-text-large tw-ta\" dir=\"ltr\" data-placeholder=\"Vertaling\"><span class=\"Y2IQFc\" lang=\"nl\" style=\"font-size: 10pt;\"><br \/>\nomdat het zonder hinder voor de mars zou gebeuren en als verrassing, behalve dat er 4 kanonnen werden meegesleept om het signaal af te vuren. Alles was zo georganiseerd en gerangschikt dat het leger alles voor zonsopgang klaar had en voor het vijandelijk kamp stond, \u200b\u200bdat zo snel als het leger naar het kamp van de vijand oprukte, de vijand 6 vrijstaande schansen had gelegd, die elk door 600 man bezet was, die de meeste van de onzen moesten passeren. Aangezien de onzen nu onder vijandelijk geschut moesten oprukken, van wie sommigen niet alleen schansen namen met het verlies van verschillende en ze ook onder zwaar vijandelijk vuur passeerden, probeerde generaal-majoor Roos ook enkele schansen in te nemen met de 7 bataljons die hij bij zich had, waaronder ook een Osterbotten bataljon, aangevoerd door kolonel Maijerfeldt<\/span><\/p>\n<\/td>\n<\/tr>\n<tr style=\"height: 28px;\">\n<td style=\"width: 50%; height: 10px;\"><span style=\"font-size: 10pt;\"><span style=\"font-size: 10pt;\"><span style=\"text-decoration: underline;\">K<span style=\"color: #000000; text-decoration: underline;\">opie 165, blad 76v<\/span><br \/>\n<\/span><\/span><\/span><span style=\"font-size: 10pt; color: #000000;\">avancirten Ihro K\u00f6nigl: May: mit das \u00fcbrige der Arm\u00e9. <\/span><span style=\"font-size: 10pt; color: #000000;\">Dieses ist zu observiren, dass wenn solches geschrieben als von einem tertium geschrieben und nicht von mich selbst.<\/span><\/td>\n<td style=\"width: 50%; height: 10px;\">\n<p id=\"tw-target-text\" class=\"tw-data-text tw-text-large tw-ta\" dir=\"ltr\" data-placeholder=\"Vertaling\"><span class=\"Y2IQFc\" lang=\"nl\" style=\"font-size: 10pt;\">ondertussen avanceerde ZKM met de rest van het leger.<br \/>\nHet moet worden opgemerkt, dat als dit geschreven is, door een derde geschreven en niet door mijzelf.<\/span><\/p>\n<\/td>\n<\/tr>\n<\/tbody>\n<\/table>\n<p style=\"text-align: center;\"><span style=\"font-size: 10pt;\"><span style=\"color: #0000ff;\"><a style=\"color: #0000ff;\" href=\"https:\/\/meijenfeldt.nl\/?page_id=32093\">Terug<\/a><\/span>\u00a0 \u00a0***\u00a0 \u00a0<span style=\"color: #0000ff;\"><a style=\"color: #0000ff;\" href=\"https:\/\/meijenfeldt.nl\/?page_id=32029\">Verder<\/a><\/span><\/span><\/p>\n","protected":false},"excerpt":{"rendered":"<p>Katern 8, fol 74v-76v, pag 160-165 Drie vel, betere kwaliteit papier (Skeen uit Sm\u00e5land en N &amp; L (P. Norlander &amp; J.H. Lemchen), Handschrift nr. 2. TRANSCRIPTIE VERTALING Kopie 160, blad 74 &#8211;de immer n\u00e4her avancirten Ihro K\u00fcngl. Maj. selber in der S\u00e4nfte wie die Arm\u00e8 au\u03b2r\u00fcckte dabey tragen lie\u03b2, so dahmahls abermahl bataillieren solte &hellip; <a href=\"https:\/\/meijenfeldt.nl\/?page_id=31995\" class=\"more-link\">Verder lezen <span class=\"screen-reader-text\">Memoires 8. Poltava II<\/span><\/a><\/p>\n","protected":false},"author":1,"featured_media":0,"parent":0,"menu_order":0,"comment_status":"closed","ping_status":"closed","template":"","meta":{"footnotes":""},"class_list":["post-31995","page","type-page","status-publish","hentry"],"_links":{"self":[{"href":"https:\/\/meijenfeldt.nl\/index.php?rest_route=\/wp\/v2\/pages\/31995","targetHints":{"allow":["GET"]}}],"collection":[{"href":"https:\/\/meijenfeldt.nl\/index.php?rest_route=\/wp\/v2\/pages"}],"about":[{"href":"https:\/\/meijenfeldt.nl\/index.php?rest_route=\/wp\/v2\/types\/page"}],"author":[{"embeddable":true,"href":"https:\/\/meijenfeldt.nl\/index.php?rest_route=\/wp\/v2\/users\/1"}],"replies":[{"embeddable":true,"href":"https:\/\/meijenfeldt.nl\/index.php?rest_route=%2Fwp%2Fv2%2Fcomments&post=31995"}],"version-history":[{"count":40,"href":"https:\/\/meijenfeldt.nl\/index.php?rest_route=\/wp\/v2\/pages\/31995\/revisions"}],"predecessor-version":[{"id":56018,"href":"https:\/\/meijenfeldt.nl\/index.php?rest_route=\/wp\/v2\/pages\/31995\/revisions\/56018"}],"wp:attachment":[{"href":"https:\/\/meijenfeldt.nl\/index.php?rest_route=%2Fwp%2Fv2%2Fmedia&parent=31995"}],"curies":[{"name":"wp","href":"https:\/\/api.w.org\/{rel}","templated":true}]}}