{"id":31887,"date":"2020-08-08T12:47:57","date_gmt":"2020-08-08T12:47:57","guid":{"rendered":"http:\/\/meijenfeldt.nl\/?page_id=31887"},"modified":"2020-08-08T13:53:49","modified_gmt":"2020-08-08T13:53:49","slug":"hallendorff","status":"publish","type":"page","link":"https:\/\/meijenfeldt.nl\/?page_id=31887","title":{"rendered":"Hallendorff"},"content":{"rendered":"<p><span style=\"color: #000000;\"><strong><span style=\"font-size: 14pt;\">Carl Hallendorff, &#8220;Karl XII och Lewenhaupt&#8221;, \u00e5r 1708\u201d, UUA 1902:3.<\/span><\/strong><\/span><\/p>\n<p><span style=\"text-decoration: underline;\">Pag. 40-41<\/span><\/p>\n<table style=\"border-collapse: collapse; width: 100%;\">\n<tbody>\n<tr>\n<td style=\"width: 46.3636%;\">H\u00e4r b\u00f6ra och generalen J.A. Meijerfelts memoarer n\u00e4mnas. Dessa f\u00f6religga j\u00e4mte en del afskrifter och koncept r\u00f6rande Meijerfelts \u00f6fverkomst till rysserna (hur han blef f\u00e5ngen, hur han n\u00f6dgades gifva revers f\u00f6r att f\u00e5 fara till konungen o.s.v.) i en foliovolym \u00e5 K.B., <em>Engestr\u00f6mska saml. sign. B. VII<\/em>, (bandet fr\u00e5n senare tid). Memoarhandskriften best\u00e2r af 8 l\u00e4gg; l\u00e4ggen 1-6 hvart om 6 ark, l\u00e4gg 7 ursprungligen 5 ark, hvaraf emmellertid de 5 sista bladen bortskurits. Dessa l\u00e4gg b\u00e4ra en p\u00e5 tyska affatad ber\u00e4ttelser, i renskrift af altigenom samma samtida hand. P\u00e5 den sista nu bevarade sidan af 7:nde l\u00e4gget har emellertid renskriften afbrutis, hvadan denna sidan nedersta del ursprungligen l\u00e4mnats blank; att d\u00f6ma af de bortskurna bladens resterbhafva \u00e4fven dessa varit den f\u00f6rra handen slutade, samt fullf\u00f6ljt den \u00e5 det 8:nde l\u00e4ggets tre f\u00f6rsta blad; detta l\u00e4gg, som af 3 ark (annan papperskvalit\u00e4t \u00e4n forut) har n\u00e4mligen de tre sista bladen oskrifna. Vid inbindingen har man i l\u00e4gg 8 infogat 4 ark (samma papperskwalit\u00e4t som insj\u00e4lva handskriften), inneh\u00e5llende fragment af koncept till ber\u00e4ttelse; detta kon ept \u00e4r Meijerfelts egenh\u00e4ndiga, r\u00e4ddadt af samma hand, sommitf\u00f6rt sj\u00e4lva renskriften.<\/p>\n<p>Renskriften \u00e4r icke definitiv, ty den b\u00e4r en n\u00e5got slarfvig pr\u00e4gel samt saknar ej r\u00e4ttelser. Dess karakter blir klar, oin man erinrar sig, att renskrifvaren gjort r\u00e4ttelserna i Meijerfelts eget koncept, samt h\u00e4rmed sammanst\u00e4ller den anteckning, hvarmed den yngre handens afskrift slutar \u00e5 8:nde l\u00e4ggets 3:dje blad: \u201cDieses ist zu observiren&#8230;\u201d Forfattare har tydligen l\u00e5tit sitt koncept r\u00e4ttas och sedan n\u00e5got omarbetas af d\u00e4rtill l\u00e4mpad person; det \u00e4r denna f\u00f6rsta omarbetnngs resultat, som f\u00f6religger i den nu bevarade hamdskriften. Men af n\u00e5gon orsak har det hela afbrutits, omarbetning har blifvit ofullbordad, hvarf\u00f6r ingen slutlig renskrift kommit till st\u00e5nd.<\/td>\n<td style=\"width: 53.6364%;\"><span lang=\"nl\"><span lang=\"nl\"><span lang=\"nl\"><span lang=\"nl\">Hier moeten ook generaal J.A. Meijerfelt&#8217;s memoires worden genoemd. Deze zijn aanwezig samen met enkele transcripties en concepten met betrekking tot Meijerfelt&#8217;s overkomst naar de Russen (hoe hij werd gevangengenomen, hoe hij gedwongen werd bewijs te geven van de opdracht van de koning, enz.) in een foliobundel van het K.B., <em>Engestr\u00f6mska saml. sign.. B. VII<\/em>, (in een band van de latere tijd). Het manuscript van de memoires bestaat uit 8 katernen; katern 1-6 van elk 6 vellen, katern 7 oorspronkelijk 5 vellen, waarvan echter de laatste 5 bladen zijn afgesneden. Deze zijn gebaseerd op verhalen die in het Duits zijn geschreven, in transcriptie met hetzelfde hedendaagse handschrift. Aan\u00a0de laatste nu bewaarde zijde van het 7e katern is de transcriptie echter onderbroken, aangezien dit onderste deel van de pagina oorspronkelijk blanco werd gelaten; te oordelen naar de overblijfselen van de afgesneden bladeren, waren ook deze met de eerste hand afgewerkt, en voltooiden het op de eerste drie bladeren van het 8e katern. Dit katern,\u00a0welke van 3 vellen (andere papierkwaliteit dan voorheen) heeft namelijk de laatste drie bladen ongeschreven. In de band zijn 4 vellen (dezelfde kwaliteit papier als het manuscript zelf) in katern 8 ingevoegd, met fragmenten van concept tot verhaal; dit concept is door Meijerfelt zelf geschreven, door dezelfde hand, die het netschrift meevoerde.<br \/>\n<\/span><\/span><\/span><\/span>Het netschrift is niet definitief, omdat het een ietwat slordig karakter heeft en het niet aan correcties ontbreekt. Zijn karakter wordt duidelijk, zonder te bedenken dat de net-schrijver de correcties in Meijerfelt&#8217;s eigen concept heeft aangebracht, en hierbij de notitie samenstelt, waarmee het transcript van het recenter handschrift eindigt op het 3e blad van de 8e katern: &#8220;Dieses ist zu observiren &#8230;&#8221; Auteurs hebben blijkbaar hun concept laten corrigeren en vervolgens enigszins herwerkt door een geschikt persoon; het is het resultaat van deze eerste bewerking, die aanwezig is in het nu bewaard gebleven manuscript. Maar om de een of andere reden is de hele zaak onderbroken, is het herwerken niet voltooid, en daarom heeft er geen definitieve herschrijving plaatsgevonden.<\/p>\n<p><span lang=\"nl\"><span lang=\"nl\">\u00a0<\/span><\/span><\/td>\n<\/tr>\n<\/tbody>\n<\/table>\n","protected":false},"excerpt":{"rendered":"<p>Carl Hallendorff, &#8220;Karl XII och Lewenhaupt&#8221;, \u00e5r 1708\u201d, UUA 1902:3. Pag. 40-41 H\u00e4r b\u00f6ra och generalen J.A. Meijerfelts memoarer n\u00e4mnas. Dessa f\u00f6religga j\u00e4mte en del afskrifter och koncept r\u00f6rande Meijerfelts \u00f6fverkomst till rysserna (hur han blef f\u00e5ngen, hur han n\u00f6dgades gifva revers f\u00f6r att f\u00e5 fara till konungen o.s.v.) i en foliovolym \u00e5 K.B., Engestr\u00f6mska &hellip; <a href=\"https:\/\/meijenfeldt.nl\/?page_id=31887\" class=\"more-link\">Verder lezen <span class=\"screen-reader-text\">Hallendorff<\/span><\/a><\/p>\n","protected":false},"author":1,"featured_media":0,"parent":0,"menu_order":0,"comment_status":"closed","ping_status":"closed","template":"","meta":{"footnotes":""},"class_list":["post-31887","page","type-page","status-publish","hentry"],"_links":{"self":[{"href":"https:\/\/meijenfeldt.nl\/index.php?rest_route=\/wp\/v2\/pages\/31887","targetHints":{"allow":["GET"]}}],"collection":[{"href":"https:\/\/meijenfeldt.nl\/index.php?rest_route=\/wp\/v2\/pages"}],"about":[{"href":"https:\/\/meijenfeldt.nl\/index.php?rest_route=\/wp\/v2\/types\/page"}],"author":[{"embeddable":true,"href":"https:\/\/meijenfeldt.nl\/index.php?rest_route=\/wp\/v2\/users\/1"}],"replies":[{"embeddable":true,"href":"https:\/\/meijenfeldt.nl\/index.php?rest_route=%2Fwp%2Fv2%2Fcomments&post=31887"}],"version-history":[{"count":7,"href":"https:\/\/meijenfeldt.nl\/index.php?rest_route=\/wp\/v2\/pages\/31887\/revisions"}],"predecessor-version":[{"id":31891,"href":"https:\/\/meijenfeldt.nl\/index.php?rest_route=\/wp\/v2\/pages\/31887\/revisions\/31891"}],"wp:attachment":[{"href":"https:\/\/meijenfeldt.nl\/index.php?rest_route=%2Fwp%2Fv2%2Fmedia&parent=31887"}],"curies":[{"name":"wp","href":"https:\/\/api.w.org\/{rel}","templated":true}]}}