{"id":31044,"date":"2020-07-14T11:51:24","date_gmt":"2020-07-14T11:51:24","guid":{"rendered":"http:\/\/meijenfeldt.nl\/?page_id=31044"},"modified":"2020-07-14T12:58:13","modified_gmt":"2020-07-14T12:58:13","slug":"gjorwell","status":"publish","type":"page","link":"https:\/\/meijenfeldt.nl\/?page_id=31044","title":{"rendered":"Gj\u00f6rwell"},"content":{"rendered":"<p style=\"text-align: justify;\"><span style=\"color: #000000;\"><strong><span style=\"font-size: 14pt;\">Carl Christoffer Gj\u00f6rwell, \u201cSvenska Archivum; Inneh\u00e5llande: Handlingar uti Svea-Rikes Historia\u201d, Stockholm 1790.<\/span><\/strong><\/span><\/p>\n<p style=\"text-align: justify;\"><span style=\"color: #0000ff;\"><a style=\"color: #0000ff;\" href=\"https:\/\/babel.hathitrust.org\/cgi\/pt?id=nyp.33433082301478&amp;view=1up&amp;seq=151&amp;q1=meyerfelt\">Pag. 143<\/a><\/span><\/p>\n<p style=\"text-align: justify;\"><span style=\"color: #000000;\">D\u00f6dsfall: Hr \u00d6fversten Grefve Carl Fredric <em>Meyerfelt<\/em>, Rid. af K. Sv\u00e4rds-Orden, dog d. 29 April p\u00e5 S\u00e4tesg\u00e5rden Ugerup i Sk\u00e5ne, och uti des 71 \u00e5r. (&#8230;)<\/span><\/p>\n<p><span style=\"color: #0000ff;\"><a style=\"color: #0000ff;\" href=\"https:\/\/babel.hathitrust.org\/cgi\/pt?id=nyp.33433082301478&amp;view=1up&amp;seq=199&amp;q1=meyerfelt\">Pag. 191-192<\/a><\/span><\/p>\n<p style=\"text-align: justify;\"><span style=\"color: #000000;\">Afskeder: Hr F\u00e4ltmarskalken (&#8230;) Grefve Johan August <em>Meyerfelt <\/em>erh\u00f6ll (&#8230;) d. 29 Mart. des Afsked (&#8230;)<br \/>\n<\/span><\/p>\n<p><span style=\"color: #000000;\"><a style=\"color: #000000;\" href=\"https:\/\/babel.hathitrust.org\/cgi\/pt?id=nyp.33433082301478&amp;view=1up&amp;seq=213&amp;q1=meyerfelt\"><span style=\"color: #0000ff;\">Pag. 205<\/span><\/a><\/span><\/p>\n<p style=\"text-align: justify;\">D\u00f6dsfall: Hr Grefve Joh. Aug. <em>Meyerfelt, <\/em>Capitaine (&#8230;) <span style=\"color: #000000;\"> dog i Stockholm d. 23 Maji, uti des 25 \u00e5r (&#8230;)<\/span><\/p>\n<p><span style=\"color: #0000ff;\"><a style=\"color: #0000ff;\" href=\"https:\/\/babel.hathitrust.org\/cgi\/pt?id=nyp.33433082301478&amp;view=1up&amp;seq=374&amp;q1=meyerfelt\">Pag. 366<\/a><\/span><\/p>\n<p style=\"text-align: justify;\"><span style=\"color: #000000;\">Resande: Hr (&#8230;) Meyerfelt (&#8230;) ankom den 20 Aug. forl. \u00e5r ifr\u00e5n Ystad til Stralsund.<\/span><\/p>\n","protected":false},"excerpt":{"rendered":"<p>Carl Christoffer Gj\u00f6rwell, \u201cSvenska Archivum; Inneh\u00e5llande: Handlingar uti Svea-Rikes Historia\u201d, Stockholm 1790. Pag. 143 D\u00f6dsfall: Hr \u00d6fversten Grefve Carl Fredric Meyerfelt, Rid. af K. Sv\u00e4rds-Orden, dog d. 29 April p\u00e5 S\u00e4tesg\u00e5rden Ugerup i Sk\u00e5ne, och uti des 71 \u00e5r. (&#8230;) Pag. 191-192 Afskeder: Hr F\u00e4ltmarskalken (&#8230;) Grefve Johan August Meyerfelt erh\u00f6ll (&#8230;) d. 29 Mart. &hellip; <a href=\"https:\/\/meijenfeldt.nl\/?page_id=31044\" class=\"more-link\">Verder lezen <span class=\"screen-reader-text\">Gj\u00f6rwell<\/span><\/a><\/p>\n","protected":false},"author":1,"featured_media":0,"parent":0,"menu_order":0,"comment_status":"closed","ping_status":"closed","template":"","meta":{"footnotes":""},"class_list":["post-31044","page","type-page","status-publish","hentry"],"_links":{"self":[{"href":"https:\/\/meijenfeldt.nl\/index.php?rest_route=\/wp\/v2\/pages\/31044","targetHints":{"allow":["GET"]}}],"collection":[{"href":"https:\/\/meijenfeldt.nl\/index.php?rest_route=\/wp\/v2\/pages"}],"about":[{"href":"https:\/\/meijenfeldt.nl\/index.php?rest_route=\/wp\/v2\/types\/page"}],"author":[{"embeddable":true,"href":"https:\/\/meijenfeldt.nl\/index.php?rest_route=\/wp\/v2\/users\/1"}],"replies":[{"embeddable":true,"href":"https:\/\/meijenfeldt.nl\/index.php?rest_route=%2Fwp%2Fv2%2Fcomments&post=31044"}],"version-history":[{"count":5,"href":"https:\/\/meijenfeldt.nl\/index.php?rest_route=\/wp\/v2\/pages\/31044\/revisions"}],"predecessor-version":[{"id":31050,"href":"https:\/\/meijenfeldt.nl\/index.php?rest_route=\/wp\/v2\/pages\/31044\/revisions\/31050"}],"wp:attachment":[{"href":"https:\/\/meijenfeldt.nl\/index.php?rest_route=%2Fwp%2Fv2%2Fmedia&parent=31044"}],"curies":[{"name":"wp","href":"https:\/\/api.w.org\/{rel}","templated":true}]}}