{"id":3065,"date":"2017-03-05T14:23:54","date_gmt":"2017-03-05T14:23:54","guid":{"rendered":"http:\/\/celinevonmeijenfeldt.nl\/?page_id=3065"},"modified":"2024-04-09T07:43:20","modified_gmt":"2024-04-09T07:43:20","slug":"in-de-kunst","status":"publish","type":"page","link":"https:\/\/meijenfeldt.nl\/?page_id=3065","title":{"rendered":"Uit de kunst"},"content":{"rendered":"<p style=\"text-align: justify;\"><span style=\"color: #000000;\"><strong>De geschiedenis van de familie Von Meijenfeldt\u00a0is grotendeels gebaseerd op schriftelijke <em>non-fiction<\/em> bronnen. Toch komen sommige familieleden die echt geleefd hebben ook in <em>fiction (<\/em>literatuur, theater, film) voor. Ook komt het voor dat auteurs de geslachtnaam in een roman hebben gebruikt. Een derde verband met de literatuur is de boeken die door familieleden zelf zijn geschreven. Afgesloten wordt met het toetje baron Von M\u00fcnchhausen.<\/strong><br \/>\n<\/span><\/p>\n<p style=\"text-align: center;\"><span style=\"color: #800000;\"><strong>Werkelijke familieleden<\/strong><\/span><\/p>\n<p style=\"text-align: justify;\"><span style=\"color: #000000;\">Johan Henric Kellgren, de beroemde Zweedse dichter, bezingt gravin Louise von Meijerfeldt-Sparre in twee gedichten<\/span>, <a href=\"https:\/\/www.dagensvisa.com\/minata\/teb_gracer.html\"><span style=\"color: #0000ff;\"><em>Gratiernes D\u00f6pelse<\/em><\/span><\/a><span style=\"color: #000000;\">\u00a0en <em style=\"color: #0000ff;\"><span style=\"color: #0000ff;\"><a style=\"color: #0000ff;\" href=\"http:\/\/runeberg.org\/samlaren\/1887\/0048.html\">Till Grefvinnan Mejerfelt<\/a><\/span><\/em>.<\/span><\/p>\n<p style=\"text-align: justify;\"><span style=\"color: #000000;\">Bengt Lidner, ook een Zweedse dichter, roemt veldmaarschalk Von Meijerfeldt als \u00e9\u00e9n van de Zweedse legerleiders bij de overwinning op de Russen in 1790 in het gedicht <span style=\"color: #0000ff;\"><a style=\"color: #0000ff;\" href=\"https:\/\/ia601603.us.archive.org\/30\/items\/samladeskriftera00lidn\/samladeskriftera00lidn.pdf\"><em>Fred\u00e9n\u00a0<\/em><\/a><\/span>(pag. 356 e.v.). <\/span><\/p>\n<p style=\"text-align: justify;\"><span style=\"color: #000000;\">De Duitse schrijver van historische romans Carl Franz van der Velde schrijft in 1823 <i>Arwed <span style=\"color: #0000ff;\"><a style=\"color: #0000ff;\" href=\"https:\/\/books.googleusercontent.com\/books\/content?req=AKW5Qacqob0d6wnv7FAJQ47J5pyW9SBHASohFg0a62TYCtLJKco7vzK2Jep1h8xQ7YSkzYemZP2x4DKKOkmPYepv9lR0a7SvsgBNGZ2u46bGN90G621Yz3sZ0aqnggCmRDwUspfNFBlpU-V3-7MI6G34mQY1fq9kvtYbOH7XSOm4rXk_c3QirZJM2s2g4_rvJqur4RIkQbpqIuNvlaBU400vDFS7cgk7mNxrI-1h7xhVgkyydpS-ZWC7MIE1NFTN0SKKbSzDSYu3yX9Ww3FnQjESD3GU8tNYLQ\">Gyllenstierna<\/a><\/span>. Eine Erz\u00e4hlung aus dem Anfange des achtzehnten Jahrhunderts. S<\/i>enator Meierfeld pleit (deel 1, pag. 205) voor een gewone begrafenis na de terechtstelling van G\u00f6rtz. Op basis hiervan zijn veel vertalingen en toneelstukken geschreven.<\/span><\/p>\n<p style=\"text-align: justify;\"><span style=\"color: #000000;\">C.A. <b>Kullberg<\/b>, \u201cGustaf den tredje och hans hof\u201d, J\u00f6nk\u00f6ping 1838, deel 2, pag. 31-32 Duitse vert. C. Eichel, Leipzig 1841, <span style=\"color: #0000ff;\"><a style=\"color: #0000ff;\" href=\"https:\/\/babel.hathitrust.org\/cgi\/pt?id=chi.089253567&amp;view=1up&amp;seq=111\">pag. 107-108<\/a><\/span>. Ned. vert. J. W. J. Steenbergen van Goor, Amsterdam 1841, vertelt de nodige<\/span> <span style=\"color: #0000ff;\"><a style=\"color: #0000ff;\" href=\"https:\/\/meijenfeldt.nl\/?page_id=187\">roddels over de gravin<\/a><\/span>.<\/p>\n<p style=\"text-align: justify;\"><span style=\"color: #000000;\">Johanna Breevoort (M.G. Bakhoven-Michels) heeft verhalen uit het Zweedse hofleven geromantiseerd in drie boeken. In het eerste boek \u201cDe koningin boven den koning\u201d (Rotterdam 1916, blz. 172) noemt zij graaf Meijerfeldt bij degenen die de kroonprins in 1768 steunden om wat macht van zijn vader in de Senaat terug te winnen. Deze boeken staan in de <span style=\"color: #0000ff;\"><a style=\"color: #0000ff;\" href=\"https:\/\/meijenfeldt.nl\/?page_id=11480\">Familiebibliotheek<\/a><\/span>. In het tweede boek gaat het over de gravin Von Meijerfeldt als voorname hofdame en in het derde boek waarschuwt een oude generaal de koning voor het Anjala-verbond.<\/span><\/p>\n<p style=\"text-align: justify;\"><span style=\"color: #000000;\">Vanaf 6 september 1944 wordt Ingmar Bergman in \u00e9\u00e9n klap bekend door zijn eerste regie in het Helsingborg Stadtheater van stuk \u201cAschebergskan p\u00e5 Widtsk\u00f6vle\u201d. Het script is van Brita von Horn, gebaseerd op de eerste novelle in haar roman \u201cHennes n\u00e5d \u00f6versten\u201d. Generaal von Meyerfeldt &#8211; vertolkt door de bekende Stockholmse acteur Sture Ericson &#8211; speelt een hoofdrol in het verhaal.<\/span><\/p>\n<p style=\"text-align: center;\"><img loading=\"lazy\" decoding=\"async\" class=\" wp-image-14591 aligncenter\" src=\"https:\/\/meijenfeldt.nl\/wp-content\/uploads\/2019\/02\/Ingmar-Bergman-300x213.jpg\" alt=\"\" width=\"617\" height=\"438\" srcset=\"https:\/\/meijenfeldt.nl\/wp-content\/uploads\/2019\/02\/Ingmar-Bergman-300x213.jpg 300w, https:\/\/meijenfeldt.nl\/wp-content\/uploads\/2019\/02\/Ingmar-Bergman-768x546.jpg 768w, https:\/\/meijenfeldt.nl\/wp-content\/uploads\/2019\/02\/Ingmar-Bergman-1024x729.jpg 1024w, https:\/\/meijenfeldt.nl\/wp-content\/uploads\/2019\/02\/Ingmar-Bergman.jpg 1300w\" sizes=\"auto, (max-width: 617px) 100vw, 617px\" \/><span style=\"color: #000000; font-size: 10pt;\"><em>Scene uit Ingmar Bergmans toneelstuk \u201cAschebergskan p\u00e5 Widtsk\u00f6vle\u201d, Helsingborg 1944<\/em><\/span><\/p>\n<p style=\"text-align: justify;\"><span style=\"color: #000000;\">In de historische roman <span style=\"color: #0000ff;\"><a style=\"color: #0000ff;\" href=\"https:\/\/books.google.nl\/books?id=5rBAAAAAYAAJ&amp;pg=PA300&amp;dq=mayersfeld&amp;hl=en&amp;sa=X&amp;ved=0ahUKEwiS9dGQvKjXAhUR2qQKHcTwDhM4FBDoAQg4MAM#v=onepage&amp;q=mayersfeld&amp;f=false\"><em>Andreas Hofer of Tirol in 1809<\/em> <\/a><\/span>(H.E.R. Belani, Groningen 1840) komt twee keer kapitein Mayersfeld voor, die in het gezelschap van\u00a0keizerlijk hofcommissaris baron Hormayr is. De ene keer was op hen vanuit een hinderlaag geschoten, de andere keer vragen zij Hofer tevergeefs in hun\u00a0koets mee te reizen.\u00a0 Gelet op\u00a0tijdstip en plaats kan de schrijver op\u00a0Carl Mayer von Mayersfeld van het Tiroler geslacht hebben gedoeld (Ta.111121).<\/span><\/p>\n<p style=\"text-align: justify;\"><span style=\"color: #000000;\">J. Voskuil voert in <em>Requiem voor een vriend<\/em> een correspondentie met zijn \u201cgekke vriend\u201d Jan Breugelman, die zich ten aanzien van generaal<\/span> <span style=\"color: #0000ff;\"><a style=\"color: #0000ff;\" href=\"https:\/\/meijenfeldt.nl\/?page_id=3132\">Chiel von Meijenfeldt<\/a><\/span> <span style=\"color: #000000;\">schuldig maakt aan \u201cparano\u00efde gescheld\u201d, voor de persoonlijke aanval kiest en als hij het al te bont maakt snel schrijft dat het maar een grapje was.<\/span><\/p>\n<p style=\"text-align: justify;\"><span style=\"color: #000000;\">Carina Burman laat de broer van de hierboven vermelde dichter Kellgren een stormachtige nacht beleven met gravin Louise von Meijerfeldt-Sparre in haar roman<\/span> <a href=\"http:\/\/petrarhodin.blogspot.nl\/2016\/01\/carina-burman-min-salig-bror-jean.html\"><span style=\"color: #0000ff;\"><em>Min salig bror Jean Hendrich<\/em><\/span><\/a> <span style=\"color: #000000;\">(1993). Het boek staat in de Familiebibliotheek.<\/span><\/p>\n<p style=\"text-align: center;\"><span style=\"color: #800000;\"><strong>Fictieve familieleden<\/strong><\/span><\/p>\n<p style=\"text-align: justify;\"><span style=\"color: #000000;\">In het <em>Journal Litt\u00e9raire d\u00e9di\u00e9 au Roi<\/em> (deel 15, Berlijn 1775, pag. 120 e.v.) over het Berlijnse Hofleven van baron Grandom komt minister-president graaf Meyenfeld aan de orde, die door de prins van het hof wordt verbannen als een geheim akkoord uitkomt.<\/span><\/p>\n<p style=\"text-align: justify;\"><span style=\"color: #000000;\">Onder de schuilnaam Von Meyerfeldt logeerden Josephine Brunswick en haar kinderen in 1816 in Baden, omdat haar geliefde Ludwig van Beethoven daar ook verbleef.<\/span><\/p>\n<p style=\"text-align: justify;\"><span style=\"color: #000000;\">In <em>Der Samler\u00a0van<\/em> 1830 staat een feuilleton <em>Der roman eines Abends\u00a0<\/em>van C. Spindler, waarin een jonge Mayerfeld wordt bespot.<\/span><\/p>\n<p style=\"text-align: justify;\"><span style=\"color: #000000;\">In <span style=\"color: #0000ff;\"><a style=\"color: #0000ff;\" href=\"https:\/\/www.google.nl\/books\/edition\/Nederlandsch_museum\/YzJTAAAAcAAJ?hl=nl&amp;gbpv=1&amp;dq=meierfeldt&amp;pg=PA292&amp;printsec=frontcover\"><em>Gewonnen und verloren<\/em><\/a><\/span> (verhaal in <em>Ausgew\u00e4hlte Gesellschaf. Schichten und Erinnerungen von Edmund H\u00f6fer<\/em>, Stuttgart 1863) komt een strafrechter Meierfeldt terug naar zijn geboortestad Rothensee en speelt zijn vrouw Marie een spel met de assessor Neuhaus.<\/span><\/p>\n<p style=\"text-align: justify;\"><span style=\"color: #000000;\">In <em>Wild Justice; Stories of the South Seas<\/em> (Lloyd Osborne, New York 1921) weigert de Duitse handelsman Meyerfeld 40 zakken kopra te kopen vanwege de binnenlandse oorlog in Samoa in 1899.<\/span><\/p>\n<p style=\"text-align: justify;\"><span style=\"color: #000000;\"><em>Attentatet i P\u00e5lsj\u00f6 skog<\/em> <em>(en historia om n\u00e5gra sabot\u00f6rer\u00a0 och Sverige under andra v\u00e4rldskriget av Holger Axel Andersson)<\/em> is een roman van Hans Alfredson\u00a0uit 1996. Daarin figureert\u00a0een\u00a0baron Sigge Meijerfelt, wonend\u00a0in Moryds Herrg\u00e5rd bij Vaxsj\u00f6. Hij is bijna 80 jaar oud en doet\u00a0met zijn\u00a0witgrijze haarkrans en snor aan Albert Einstein denken. Hij is\u00a0een verklaard tegenstander van Hitler Duitsland. <\/span><\/p>\n<p style=\"text-align: justify;\"><span style=\"color: #000000;\">Casper Verbrugge laat in de door hem in 1999 geregisseerde film <em><a style=\"color: #000000;\" href=\"http:\/\/www.eyeworks.tv\/en\/p46c95afc667ed\"><span style=\"color: #0000ff;\">Sombermans<\/span> <span style=\"color: #0000ff;\">Actie<\/span><\/a><\/em><\/span><em> &#8211; <\/em><span style=\"color: #000000;\">gebaseerd op het gelijknamige Boekenweekgeschenk 1985 van Remco Campert &#8211; Hein van der Heijden ene Von Meijenveld spelen, die als een soort Gestapochef de medewerkers van een failliet verklaard warenhuis op meegesmokkelde artikelen controleert.<\/span><\/p>\n<p style=\"text-align: justify;\"><span style=\"color: #000000;\">Elzie Mayerfeld leeft in Praag tijdens de Tweede Wereldoorlog\u00a0in\u00a0<em>The Girl with the Scar <\/em>(1981) van de Tsjechische schrijver Arno\u0161t Lustig,\u00a0in 2001\u00a0in\u00a0het Engels vertaald en met andere\u00a0Joodse\u00a0verhalen gepubliceerd in\u00a0<em>The Bitter Smell of Almonds.<\/em><\/span><\/p>\n<p>In <em>The Christal Masque<\/em> (Frank Faruolo, 2007) legt een pati\u00ebnt uit hoe zij ooit assistent-opticien was bij de oude dr. Hans Meierfeldt in Virginia, &#8220;a great great man&#8221;.<\/p>\n<p style=\"text-align: justify;\"><span style=\"color: #000000;\">In <em>Aus den Fugen<\/em> (Silvia Wolf, 2008) is dr. G\u00fcnter Meierfeld een collega-arts van de hoofdpersoon die een huwelijkscrisis doormaakt.<\/span><\/p>\n<p style=\"text-align: justify;\"><span style=\"color: #000000;\">In <em>Kirfels Revier<\/em> en <em>Kirfels Diamantenjagd<\/em> (twee Voreifelkrimi&#8217;s van Raimund Gerling, 2009 en 2010) moet Hauptkommissar Meierfeld een moord oplossen.<\/span><\/p>\n<p><span style=\"color: #000000;\">Ook in <em>Schweig still mein Kind<\/em> (een Kriminalroman van\u00a0Petra Busch, 2010)\u00a0speelt een Meierfeld een rol.<\/span><\/p>\n<p style=\"text-align: justify;\"><span style=\"color: #000000;\">Op de internetwebsite<\/span> <span style=\"color: #0000ff;\"><a style=\"color: #0000ff;\" href=\"https:\/\/www.riotminds.se\/\">Riotminds<\/a><\/span><span style=\"color: #000000;\"> is een forum waarop leden vrij spookverhalen kunnen opschrijven. Sprookjesoom Vidfarne schrijft zijn historie over het jaar 1775. De hoofdpersoon is Johannes Meijerfelt, een jonge luitenant in de Koninklijke Lijfgarde, in de stallen van het Koninklijk Paleis in Stockholm. Johan August jr. is dan al 50 jaar oud en Johan August III pas 9 jaar oud, dus de schrijver heeft iemand verzonnen. Bovendien is sprake van een niet bestaande oom Gustaaf Adolf, een scheepsbouwer.<\/span><\/p>\n<p style=\"text-align: justify;\"><span style=\"color: #000000;\">Op de internetwebsite<\/span> <span style=\"color: #0000ff;\"><a style=\"color: #0000ff;\" href=\"https:\/\/www.simsforum.de\/\">Simsforum<\/a><\/span> <span style=\"color: #000000;\">in Duitsland worden geen spookverhalen maar romannetjes geschreven. In een roman van Tanja vat de 24-jarige Antonia een onmogelijke liefde op voor de katholieke pastor J\u00f6rg Mayenfeld, waaruit een kind wordt geboren en het komt na 7 jaar en evenzovele misverstanden allemaal goed.<\/span><\/p>\n<p style=\"text-align: justify;\"><span style=\"color: #000000;\">In de roman <em>Nieuwe laarzen voor de leeuw<\/em> schildert Issachar Levi Schneerson in 2014 een beeld van Nederland na een ruk naar rechts. De Joodse hoofdpersoon Hartog van Bueren\u00a0wordt na de omwenteling lid van de enige Partij de Leeuw en maakt daarin\u00a0snel carri\u00e8re. Net\u00a0voordat hij het congres\u00a0mag toespreken\u00a0wordt\u00a0hij tegengehouden door\u00a0Mr. Alex von Meijenfeldt, Kamerlid voor\u00a0de VVD en\u00a0inmiddels\u00a0PdL, die woedend is dat hij zijn Joodse afkomst verzwegen heeft.<\/span><\/p>\n<p><span style=\"color: #000000;\">Toni Coppers heeft het boek <em>De jongen in het graf<\/em>\u00a0 (2018) geschreven, waarin een mevrouw Mayerfeld is vermoord.<\/span><\/p>\n<p style=\"text-align: justify;\"><span style=\"color: #000000;\">In het internetspel <span style=\"color: #0000ff;\"><a style=\"color: #0000ff; text-decoration: underline;\" href=\"http:\/\/www.shadowrun.com\/\">Shadowrun<\/a><\/span> is Vin Myerfeld, bijnaam Irongear, een dwerg met oranjerood haar uit het jaar 2039.<\/span><\/p>\n<p style=\"text-align: justify;\"><span style=\"color: #000000;\">In enkele\u00a0van bovenvermelde werken\u00a0wordt\u00a0de Duitse klinkende naam\u00a0voor het gemak verbonden aan het fascisme.\u00a0Die keuze\u00a0is\u00a0ongelukkig, omdat de Nederlandse familie juist actief\u00a0<\/span><span style=\"color: #0000ff;\"><a style=\"color: #0000ff;\" href=\"https:\/\/meijenfeldt.nl\/?page_id=1928\">de goede zijde in de Tweede Wereldoorlog<\/a><\/span>\u00a0<span style=\"color: #000000;\">heeft gekozen.<\/span><\/p>\n<p style=\"text-align: center;\"><span style=\"color: #800000;\"><strong>Artistieke\u00a0familieleden<\/strong><\/span><\/p>\n<p style=\"text-align: justify;\"><span style=\"color: #000000;\">Van het Zweedse geslacht Von Meijerfeldt was het Carl Friedrich jr die literaire talenten had. Bij de dood van zijn grootmoeder Margaretha Barnekow-von Ascheberg schreef hij een<\/span> <span style=\"color: #0000ff;\">lijkrede<\/span> <span style=\"color: #000000;\">en ter nagedachtenis van zijn moeder Brita von Meijerfeldt-Barnekow schreef hij een<\/span> <span style=\"color: #0000ff;\">ode<\/span>.<\/p>\n<p style=\"text-align: justify;\"><span style=\"color: #000000;\">Van de Nederlandse familie Von Meijenfeldt valt te melden\u00a0dat Govert en Fokkelien aan het begin van hun loopbaan romans uit het Zweeds resp. Engels hebben vertaald.<\/span><\/p>\n<p style=\"text-align: justify;\"><span style=\"color: #000000;\">Toneelspeelster Astrid Meyerfeldt verzorgt in <em>Meyerfeldt W\u00fcsten<\/em> een radiohoorspel (WDR 3, 13 augustus 2007), waarin zij \u201c<em>entwickelt auf einer Reise in die W\u00fcste Parallelen zwischen ihrer ausgel\u00f6schten Vergangenheit in der DDR und den Prozessen in der W\u00fcste.<\/em>\u201c<\/span><\/p>\n<p style=\"text-align: center;\"><span style=\"color: #800000;\"><strong>Baron von M\u00fcnchhausen<\/strong><\/span><\/p>\n<p style=\"text-align: justify;\"><span style=\"color: #000000;\">Von Meijenfeldts waken er voor hun naam af te korten tot <em>Von M.<\/em> De kans is groot dat een buitenstaander dan denkt aan Von M\u00fcnchhausen, de roemruchte <em>L\u00fcgenbaron<\/em>. Als waarschuwing volgt hier wat informatie over hem, maar zijn <span style=\"color: #0000ff;\"><a style=\"color: #0000ff;\" href=\"http:\/\/gutenberg.spiegel.de\/buerger\/muenchhs\/muenchhs.htm\">avontuurlijke verhalen<\/a><\/span> zijn interessanter.<\/span><\/p>\n<p style=\"text-align: justify;\"><span style=\"color: #000000;\">Hieronymus Carl Friedrich Freiherr von M\u00fcnchhausen wordt op 11 mei 1720 op Bodenwerder geboren. Op 12-jarige leeftijd is hij al page bij prins Anton Ulrich van Brunswijk. Deze prins trouwt een nicht van de Russische tsaar en vormt een eigen Russisch regiment. De eerste verhalen van Von M\u00fcnchhausen gaan over sneeuw, wolven en moerassen die hij op gevaarlijke reizen van Bodenwerder naar zijn regiment in de Russische hoofdstad St. Petersburg moet zien te overwinnen. De oorlog tegen Turkije geeft Von M\u00fcnchhausen mogelijkheden om op te klimmen tot kornet in 1739 en luitenant in 1740, maar ook om daarover de nodige avonturen aan zijn repertoire toe te voegen. Door het einde van de oorlog en een paleiscoup van de nieuwe tsarina Catharina de Grote stagneert de carri\u00e8re van Von M\u00fcnchhausen en raakt hij met zijn regiment verzeild in de buitenpost Riga. Hij trouwt daar met Jacobine von Druten en begint zijn medeofficieren in de lange met drank besproeide winteravonden over zijn buitengewone avonturen te vertellen. In 1750 krijgt hij nog \u00e9\u00e9n bevordering tot ritmeester, maar dan besluit hij met zijn vrouw zijn vaders landgoed Bodenwerder te betrekken. Daar zetten de luisterrijke avonden zich voort, ditmaal met plaatselijk notabelen als Raspe, Lichtenberg en B\u00fcrger als toehoorder. Als Raspe in 1785 wegens speelschulden naar Londen vlucht stelt hij de wonderlijke avonturen te boek om zijn schulden te kunnen afbetalen. B\u00fcrger haast zich een jaar later ook een boek te schrijven en overdrijft daarbij zodanig dat de term \u201cL\u00fcgenbaron\u201d de ronde gaat doen. Von M\u00fcnchhausen had het tot dan toe bij sterke verhalen in priv\u00e9kring gehouden en voelt zich verraden. Enkele jaren daarna verliest hij zijn vrouw. Al een paar maanden nadat hij in 1794 met de 18-jarige Bernhardine Br\u00fcnn getrouwd is, raakt hij met haar in een jarenlange echtscheidingsprocedure verwikkeld, waardoor hij al zijn geld verloren heeft als hij op 22 februari 1797 overlijdt.<\/span><\/p>\n<p style=\"text-align: justify;\"><span style=\"color: #000000;\">De graven Karl Friedrich (1721-1791) en Johann August (1725-1800) von Meijerfeldt jr. leven in dezelfde tijd als baron Von M\u00fcnchhausen. Ook zij voeren op jonge leeftijd oorlog in buitenlandse dienst \u2013 zij het in West-Europa \u2013 en ook hun carri\u00e8re wordt sterk be\u00efnvloed door wisselende koningsmacht. Op het moment dat Von M\u00fcnchhausen het voor gezien houdt, bloeit de militaire loopbaan van de Von Meijerfeldts juist op. Johan August raakt later nog in twee vergelijkbare situaties verzeild: hij treedt in dienst van de hertog van Brunswijk (1757) en hij wordt geconfronteerd met tsarina Catharina de Grote (in de oorlog 1788-1790). Of de twee graven de avonturen van Von M\u00fcnchhausen lezen is niet bekend, maar vooral Johan August heeft er voldoende tijd voor als hij zich in 1791 op Nehringen terugtrekt.<\/span><\/p>\n<p style=\"text-align: center;\"><span style=\"font-size: 10pt; color: #000000;\"><span style=\"color: #0000ff;\"><a style=\"color: #0000ff;\" href=\"https:\/\/meijenfeldt.nl\/?page_id=22341\">Terug<\/a><\/span>\u00a0 \u00a0***\u00a0 \u00a0<span style=\"color: #0000ff;\"><a style=\"color: #0000ff;\" href=\"https:\/\/meijenfeldt.nl\/?page_id=47527\">Verder<\/a><\/span><\/span><\/p>\n","protected":false},"excerpt":{"rendered":"<p>De geschiedenis van de familie Von Meijenfeldt\u00a0is grotendeels gebaseerd op schriftelijke non-fiction bronnen. Toch komen sommige familieleden die echt geleefd hebben ook in fiction (literatuur, theater, film) voor. Ook komt het voor dat auteurs de geslachtnaam in een roman hebben gebruikt. Een derde verband met de literatuur is de boeken die door familieleden zelf zijn &hellip; <a href=\"https:\/\/meijenfeldt.nl\/?page_id=3065\" class=\"more-link\">Verder lezen <span class=\"screen-reader-text\">Uit de kunst<\/span><\/a><\/p>\n","protected":false},"author":1,"featured_media":0,"parent":0,"menu_order":0,"comment_status":"closed","ping_status":"closed","template":"","meta":{"footnotes":""},"class_list":["post-3065","page","type-page","status-publish","hentry"],"_links":{"self":[{"href":"https:\/\/meijenfeldt.nl\/index.php?rest_route=\/wp\/v2\/pages\/3065","targetHints":{"allow":["GET"]}}],"collection":[{"href":"https:\/\/meijenfeldt.nl\/index.php?rest_route=\/wp\/v2\/pages"}],"about":[{"href":"https:\/\/meijenfeldt.nl\/index.php?rest_route=\/wp\/v2\/types\/page"}],"author":[{"embeddable":true,"href":"https:\/\/meijenfeldt.nl\/index.php?rest_route=\/wp\/v2\/users\/1"}],"replies":[{"embeddable":true,"href":"https:\/\/meijenfeldt.nl\/index.php?rest_route=%2Fwp%2Fv2%2Fcomments&post=3065"}],"version-history":[{"count":46,"href":"https:\/\/meijenfeldt.nl\/index.php?rest_route=\/wp\/v2\/pages\/3065\/revisions"}],"predecessor-version":[{"id":63143,"href":"https:\/\/meijenfeldt.nl\/index.php?rest_route=\/wp\/v2\/pages\/3065\/revisions\/63143"}],"wp:attachment":[{"href":"https:\/\/meijenfeldt.nl\/index.php?rest_route=%2Fwp%2Fv2%2Fmedia&parent=3065"}],"curies":[{"name":"wp","href":"https:\/\/api.w.org\/{rel}","templated":true}]}}