{"id":3059,"date":"2017-03-05T13:58:22","date_gmt":"2017-03-05T13:58:22","guid":{"rendered":"http:\/\/celinevonmeijenfeldt.nl\/?page_id=3059"},"modified":"2025-01-07T14:43:05","modified_gmt":"2025-01-07T14:43:05","slug":"historische-spelfouten","status":"publish","type":"page","link":"https:\/\/meijenfeldt.nl\/?page_id=3059","title":{"rendered":"iv.d. Spelfouten"},"content":{"rendered":"<p style=\"text-align: justify;\"><span style=\"color: #000000;\">De complexiteit van de naam nodigt uit tot spelfouten. De &#8220;eije&#8221;, de &#8220;n\/r&#8221;, de &#8220;f&#8221; en de &#8220;dt&#8221; leiden het vaakst tot verschrijvingen. In de onderzoek is hiermee rekening gehouden.<\/span><\/p>\n<p style=\"text-align: justify;\"><span style=\"color: #000000;\">Opzettelijke verschrijvingen als mijnenveld, meidenveld, maaiveld en tal van andere grappige verbasteringen zijn bruikbaar voor bruiloften en partijen maar niet hier.<\/span><\/p>\n<p style=\"text-align: justify;\"><span style=\"color: #000000;\">In diverse historische werken worden naamgenoten opgevoerd, die voor dit onderzoek van belang kunnen zijn, maar vanwege spelfouten buiten beschouwing moeten blijven. Hier volgt een bloemlezing.<\/span><\/p>\n<p style=\"text-align: center;\"><span style=\"color: #800000;\"><strong>Slag bij Kalisch<\/strong><\/span><\/p>\n<p style=\"text-align: justify;\"><span style=\"color: #000000;\">Voltaire schrijft in\u00a0<\/span><span style=\"color: #000000;\">zijn standaardwerk uit 1731 over de Zweedse koning Karel \u00a0XII dat\u00a0<\/span><span style=\"color: #000000;\">de Russische vorst Menzikoff<\/span><span style=\"color: #000000;\"> zijn eerste overwinning op de Zweden behaalde <\/span><span style=\"color: #000000;\">in d<\/span><span style=\"color: #000000;\">e Slag bij Kalisch (<em>Kalisz<\/em>) in Polen van 28 oktober 1706 tegenover &#8220;<em>d&#8217;un des genereaux Suedois nomm\u00e9<\/em> <i>Meyerfeld<\/i>&#8220;. Hoe is dat te rijmen met het feit dat deze generaal op dat moment bij zijn regiment in Saksen verblijft? De oorzaak is dat Voltaire een Duitse bron uit 1717 gebruikt en niet twee Nederlandse uit 1706 en 1721 met de juiste naam <em>Mardefeldt<\/em>. <\/span><span style=\"color: #000000;\">Voltaire corrigeert zijn fout achterin zijn tweede editie uit 1732 met <i>Maderfeld<\/i>. Die kleine verschrijving haalt hij uit een Frans boek uit 1707.<\/span><span style=\"color: #000000;\"> <span style=\"color: #0000ff;\"><a style=\"color: #0000ff;\" href=\"#voetnoot\">(1)<\/a><\/span> Bronnen na hem schrijven <em>Mardefeld<\/em><\/span><span style=\"color: #000000;\"><i>,<\/i> soms met de toevoeging<i> Meyerfeld<\/i>. <span style=\"color: #0000ff;\"><a style=\"color: #0000ff;\" href=\"#voetnoot\">(2)<\/a><\/span> In zijn standaardwerk over de Russische tsaar Peter de Grote\u00a0\u00a0gebruikt Voltaire opnieuw de naam <em>Maderfeld<\/em>, maar de\u00a0uitgever van een latere editie denkt het beter te weten\u00a0en corrigeert:\u00a0<em>il avait appel\u00e9 Meyerfeld, et dont le v\u00e9ritable nom est Meyerfelt. <\/em><\/span><span style=\"color: #0000ff;\"><a style=\"color: #0000ff;\" href=\"#voetnoot\">(3)<\/a><\/span><span style=\"color: #000000;\"> Helaas hebben veel historische boeken over veldslagen \u00a0deze fout overgenomen<\/span><span style=\"color: #000000;\">. <span style=\"color: #0000ff;\"><a style=\"color: #0000ff;\" href=\"#voetnoot\">(4)<\/a><\/span><\/span><\/p>\n<p style=\"text-align: center;\"><span style=\"color: #800000;\"><strong>Vredescongres M\u00fcnster<\/strong><\/span><\/p>\n<p style=\"text-align: justify;\"><span style=\"color: #000000;\"><span style=\"color: #008000;\"><a style=\"color: #008000;\" href=\"https:\/\/meijenfeldt.nl\/?page_id=71\"><span style=\"color: #0000ff;\">Gauhe<\/span><\/a><\/span> schrijft in zijn Adelslexicon van het Duitse Rijk uit 1747 onder het kopje \u201cMeyerfeld. Mayerfeld\u201d de volgende zin: &#8220;<em>Der erste den wir anf\u00fchren k\u00f6nnen, ist Dietrich Hermann von Meyerfeld, Chur-C\u00f6llnischer geheimder Rath und An 1646 gevollm\u00e4chtigter Gesanter auf dem Friedens-Congress zu M\u00fcnster.&#8221;\u00a0<\/em><\/span><span style=\"color: #000000;\">Alle genealogisch-heraldische standaardwerken nemen\u00a0dit over, tot een auteur er achter komt dat de familiewapens geheel verschillend zijn.\u00a0<span style=\"color: #0000ff;\"><a style=\"color: #0000ff;\" href=\"#voetnoot\">(5)<\/a> <\/span><\/span><span style=\"color: #000000;\">Het wordt nog mooier als de documenten van M\u00fcnster er bij worden gehaald. Als 38<sup><span style=\"font-size: small;\">e<\/span><\/sup> onderhandelaar wordt genoemd &#8220;<em>Dieterich Hermann Meerfeld, zu Westerwinckel und Hinckelsteig, Chur-C\u00f6llnischer Rath und M\u00fcnsterischer Cantzlar, Cammer-Rath und Drost zu Walbeck, Chur-C\u00f6llnischer Abgesandter: votiret auch wegen Berchtolsgaden und Stablo.&#8221; <\/em>Hij is\u00a0zelfs geen\u00a0naamgenoot. <span style=\"color: #0000ff;\"><a style=\"color: #0000ff;\" href=\"#voetnoot\">(6)<\/a><\/span><\/span><\/p>\n<p style=\"text-align: center;\"><span style=\"color: #800000;\"><strong>Volkerenslag\u00a0Leipzig<\/strong><\/span><\/p>\n<p style=\"text-align: justify;\"><span style=\"color: #000000;\">Onder de geallieerden hoge officieren die aan het begin van de Slag bij Leipzig <\/span><span style=\"color: #000000;\">van 16 tot 18 oktober 1809<\/span><span style=\"color: #000000;\"> door Napoleon<\/span><span style=\"color: #000000;\"> gevangen worden genomen wordt de <\/span><span style=\"color: #000000;\">Oostenrijks-Hongaarse generaal graaf\u00a0<\/span><em style=\"color: #000000;\">Meyerfeld <\/em>genoemd<em style=\"color: #000000;\">.<\/em><span style=\"color: #000000;\"> Die spelling is fout. Het gaat om Maximilian Friedrich von Merveldt (1764-1815)<\/span><span style=\"color: #000000;\">. <\/span><a href=\"#voetnoot\"><span style=\"color: #0000ff;\">(7)<\/span><\/a><a id=\"voetnoot\"><\/a><\/p>\n<p style=\"text-align: center;\"><span style=\"font-size: 10pt;\"><span style=\"color: #0000ff;\"><a style=\"color: #0000ff;\" href=\"https:\/\/meijenfeldt.nl\/?page_id=322\">Terug<\/a><\/span>\u00a0 \u00a0***\u00a0 \u00a0<span style=\"color: #0000ff;\"><a style=\"color: #0000ff;\" href=\"https:\/\/meijenfeldt.nl\/?page_id=3160\">Verder<\/a><\/span><\/span><\/p>\n<p style=\"text-align: justify;\"><span style=\"color: #000000; font-size: 10pt;\">1. \u00a0 Voltaire, \u201cHistoire de Charles XII, Roi de Su\u00e8de\u201d, eerste editie Bazel 1731, <span style=\"color: #0000ff;\"><a style=\"color: #0000ff;\" href=\"https:\/\/play.google.com\/books\/reader?id=MtlAAAAAcAAJ&amp;pg=GBS.PA120&amp;hl=nl\">pag. 120-121.<\/a><\/span>\u00a0correctie op <span style=\"color: #0000ff;\"><a style=\"color: #0000ff;\" href=\"https:\/\/archive.org\/stream\/histoiredecharl10voltgoog#page\/n11\/mode\/2up\">pag. 364<\/a><\/span>, hoogstwaarschijnlijk ontleend aan J.-L. de Grimarest,\u00a0 &#8220;Les Campagnes de Charles XII, roi de Su\u00e8de&#8221;, Parijs\/Den Haag 1707, deel 2, <span style=\"color: #0000ff;\"><a style=\"color: #0000ff;\" href=\"https:\/\/meijenfeldt.nl\/?page_id=29688\">pag. 272-273<\/a><\/span>. S. Faber, \u201cDer Ausf\u00fchrlichen Lebens-Beschreibung Carls den XII. K\u00f6nigs in Schweden\u201d, deel 8, Frankfurt und Leipzig 1717, <span style=\"color: #008000;\"><span style=\"color: #0000ff;\"><a style=\"color: #0000ff;\" href=\"https:\/\/meijenfeldt.nl\/?page_id=29451\">pag. 159<\/a><\/span>.<\/span> Europische Mercurius, deel 17, Leiden\/Amsterdam 1706, <span style=\"color: #0000ff;\"><a style=\"color: #0000ff;\" href=\"https:\/\/books.google.se\/books?id=iBGqtHxL9xIC&amp;pg=PA27-IA30&amp;lpg=PA27-IA30&amp;dq=kalisch+meyerfeld&amp;source=bl&amp;ots=sXKHGBJkWb&amp;sig=ACfU3U1j6pMDl5CoMtWtkcDc5MhoXGsHOg&amp;hl=nl&amp;sa=X&amp;ved=2ahUKEwjs57qzvL7kAhUFjqQKHSElD8gQ6AEwBnoECAUQAQ#v=onepage&amp;q&amp;f=false\">pag. 277<\/a><\/span>. I. Le Long, \u201cHet leven van den heldhaften Carel den XIIden, Koning der Sweden\u201d, Amsterdam 1721, deel 5, <span style=\"color: #0000ff;\"><a style=\"color: #0000ff;\" href=\"https:\/\/meijenfeldt.nl\/?page_id=9234\">pag. 72<\/a><\/span> (tekst van brieven van de Russische tsaar en de Saksische koning).<br \/>\n2. <\/span><span style=\"color: #000000; font-size: 10pt;\"><span style=\"color: #0000ff;\"><span style=\"color: #000000;\">\u201cMaandelyksche Berichten uit de andere waerelt of spreekende dooden. Of de spreekende dooden\u201d, W\u00fcrtemberg-Mercy,\u00a0<\/span> <\/span><\/span><span style=\"color: #000000; font-size: 10pt;\">Amsterdam 1736, <\/span><span style=\"color: #000000; font-size: 10pt;\"><span style=\"color: #0000ff;\"><a style=\"color: #0000ff;\" href=\"https:\/\/books.google.se\/books?id=hSFbAAAAQAAJ&amp;pg=PA119&amp;lpg=PA119&amp;dq=Maandelyksche+Berichten+1736&amp;source=bl&amp;ots=V5M3ERQL2s&amp;sig=ACfU3U0vWMHW6ObJfh7InA2lFba5-dMqCQ&amp;hl=nl&amp;sa=X&amp;ved=2ahUKEwiqroOQ8r7kAhXDI1AKHTY0BN8Q6AEwAXoECAUQAQ#v=onepage&amp;q=Maandelyksche%20Berichten%201736&amp;f=false\">pag. 315<\/a><\/span> en Carel XII-Frederik IV, <\/span><span style=\"color: #000000; font-size: 10pt;\">Amsterdam 1741,<\/span><span style=\"color: #000000; font-size: 10pt;\"><span style=\"color: #0000ff;\"> <a style=\"color: #0000ff;\" href=\"https:\/\/books.google.se\/books?id=AHtdAAAAcAAJ&amp;pg=PA175&amp;lpg=PA175&amp;dq=maandelyksche+berichten+meyerfeld&amp;source=bl&amp;ots=t8C2Dqwq2S&amp;sig=ACfU3U3PIRgb0ib2LbUTnNFQl7bK86Xgfg&amp;hl=nl&amp;sa=X&amp;ved=2ahUKEwiI0cKygb_kAhXBa1AKHaLlCjAQ6AEwBXoECAUQAQ#v=onepage&amp;q=maandelyksche%20berichten%20meyerfeld&amp;f=false\">pag. 174<\/a>.<\/span><\/span> <span style=\"color: #000000; font-size: 10pt;\">J.A. <span style=\"color: #0000ff;\"><a style=\"color: #0000ff;\" href=\"https:\/\/meijenfeldt.nl\/?page_id=9129\">Nordberg<\/a><\/span>, <b>\u201c<\/b>Konung Carl den XII:tes historia\u201d, Stockholm 1740, deel 2, pag. 33-35. De Montesquieu, \u201c<i>Spicil\u00e9ge\u201d.<\/i><br \/>\n<\/span><span style=\"font-size: 10pt;\">3. Voltaire, <\/span><span style=\"font-size: 10pt;\">&#8220;<span style=\"color: #000000;\">Histoire de l\u2019Empire de Russie sous Pierre le Grand&#8221;, Parijs , deel 2, Parijs 1759, <\/span><\/span><span style=\"font-size: 10pt;\"><span style=\"color: #0000ff;\"><a style=\"color: #0000ff;\" href=\"https:\/\/books.google.nl\/books?id=LCIHAAAAQAAJ&amp;pg=PA21&amp;dq=voltaire+Histoire+de+l'Empire+de+Russie+sous+Pierre+le+Grand&amp;hl=nl&amp;sa=X&amp;ved=0ahUKEwiToP6onr_kAhUQJFAKHdTADwcQ6AEIdDAJ#v=onepage&amp;q=maderfeld&amp;f=false\">pag. 238-239<\/a><\/span><span style=\"color: #000000;\">. M. Beuchot,\u00a0<\/span><\/span><span style=\"font-size: 10pt;\"><span style=\"color: #000000;\"> \u201c\u0152uvres de Voltaire\u201d, deel 25, \u201cHistoire de Russie\u201d, Parijs 1829,<\/span><\/span><span style=\"font-size: 10pt;\"><span style=\"color: #000000;\"><span style=\"color: #0000ff;\"> <a style=\"color: #0000ff;\" href=\"https:\/\/books.google.se\/books?id=Tb7a217h6AEC&amp;pg=PA177&amp;lpg=PA177&amp;dq=il+avait+appel%C3%A9+Meyerfeld,+et+dont+le+v%C3%A9ritable+nom+est+Meyerfelt&amp;source=bl&amp;ots=BnG_2Lu0Cc&amp;sig=ACfU3U26Owp8EnyJFDIMa0dC5Wp1dpn2uw&amp;hl=nl&amp;sa=X&amp;ved=2ahUKEwiZ-_Pa07_kAhWDZlAKHbcUBg8Q6AEwAHoECAYQAQ#v=onepage&amp;q=il%20avait%20appel%C3%A9%20Meyerfeld%2C%20et%20dont%20le%20v%C3%A9ritable%20nom%20est%20Meyerfelt&amp;f=false\">pag. 177<\/a><\/span>.<br \/>\n4. \u00a0J. Aubert <\/span><\/span><span style=\"font-size: 10pt;\"><span style=\"color: #000000;\">(vert. uit Frans), &#8220;Leven van Stanislaus Leszczinski, bygenaamd den weldadigen, Koning van Polen, Hertog van Lotteringen en Bar&#8221;, Utrecht 1770, deel 1,<\/span><\/span><span style=\"font-size: 10pt;\"><span style=\"color: #000000;\"> <span style=\"color: #0000ff;\"><a style=\"color: #0000ff;\" href=\"https:\/\/www.delpher.nl\/nl\/boeken1\/gview?query=meyerfeldt&amp;coll=boeken1&amp;identifier=SW_7_CV_650C\">pag. 67-68<\/a><\/span>.<\/span><\/span><span style=\"color: #000000; font-size: 10pt;\">\u00a0&#8220;The modern part of an Universal History from the Earliest Account of Time compiled from Original Writers&#8221;, deel 33, Londen 1761, pag. 353). &#8220;Rose\u2019s Biographical Dictionary&#8221;, deel 10, Londen 1807, pag. 100. Harbottle,\u00a0&#8220;Dictionary of Battles<em>&#8220;<\/em>, Londen 1971, pag. 140.<br \/>\n5. L. von Ledebur, \u00a0&#8220;Adelslexicon der Preussischen Monar\u00adchie&#8221;, Berlijn 1855, deel 3, pag. 310.<br \/>\n6.\u00a0J.G. von Meiern, &#8220;Acta Pacis Westphalicae Publica oder Westph\u00e4lische Friedens-Verhandlungen und Geschichte&#8221;, Hannover 1734,\u00a0pag. 55.<br \/>\n7. J. Esnaux en\u00a0Chennechot,\u00a0&#8220;Histoire Philisophique et Politique de Russie&#8221;, Parijs 1830, deel 5, pag. 438.<\/span><\/p>\n","protected":false},"excerpt":{"rendered":"<p>De complexiteit van de naam nodigt uit tot spelfouten. De &#8220;eije&#8221;, de &#8220;n\/r&#8221;, de &#8220;f&#8221; en de &#8220;dt&#8221; leiden het vaakst tot verschrijvingen. In de onderzoek is hiermee rekening gehouden. Opzettelijke verschrijvingen als mijnenveld, meidenveld, maaiveld en tal van andere grappige verbasteringen zijn bruikbaar voor bruiloften en partijen maar niet hier. In diverse historische werken &hellip; <a href=\"https:\/\/meijenfeldt.nl\/?page_id=3059\" class=\"more-link\">Verder lezen <span class=\"screen-reader-text\">iv.d. Spelfouten<\/span><\/a><\/p>\n","protected":false},"author":1,"featured_media":0,"parent":0,"menu_order":0,"comment_status":"closed","ping_status":"closed","template":"","meta":{"footnotes":""},"class_list":["post-3059","page","type-page","status-publish","hentry"],"_links":{"self":[{"href":"https:\/\/meijenfeldt.nl\/index.php?rest_route=\/wp\/v2\/pages\/3059","targetHints":{"allow":["GET"]}}],"collection":[{"href":"https:\/\/meijenfeldt.nl\/index.php?rest_route=\/wp\/v2\/pages"}],"about":[{"href":"https:\/\/meijenfeldt.nl\/index.php?rest_route=\/wp\/v2\/types\/page"}],"author":[{"embeddable":true,"href":"https:\/\/meijenfeldt.nl\/index.php?rest_route=\/wp\/v2\/users\/1"}],"replies":[{"embeddable":true,"href":"https:\/\/meijenfeldt.nl\/index.php?rest_route=%2Fwp%2Fv2%2Fcomments&post=3059"}],"version-history":[{"count":78,"href":"https:\/\/meijenfeldt.nl\/index.php?rest_route=\/wp\/v2\/pages\/3059\/revisions"}],"predecessor-version":[{"id":69799,"href":"https:\/\/meijenfeldt.nl\/index.php?rest_route=\/wp\/v2\/pages\/3059\/revisions\/69799"}],"wp:attachment":[{"href":"https:\/\/meijenfeldt.nl\/index.php?rest_route=%2Fwp%2Fv2%2Fmedia&parent=3059"}],"curies":[{"name":"wp","href":"https:\/\/api.w.org\/{rel}","templated":true}]}}