{"id":3003,"date":"2017-03-04T09:32:25","date_gmt":"2017-03-04T09:32:25","guid":{"rendered":"http:\/\/celinevonmeijenfeldt.nl\/?page_id=3003"},"modified":"2025-11-10T15:33:27","modified_gmt":"2025-11-10T15:33:27","slug":"4-2-2-evangelisches-pfarrambt-glewitz","status":"publish","type":"page","link":"https:\/\/meijenfeldt.nl\/?page_id=3003","title":{"rendered":"3.3.3. Inspecteur"},"content":{"rendered":"<p style=\"text-align: justify;\"><span style=\"color: #000000;\">Het eerste kerkboek om naar Juliana te zoeken is dat van Medrow, want daar woonde zij volgens het testament van de Zweedse graaf. De evangelisch-lutherse kerkboeken staan samen met die van Nehringen bij de pfarrambt Glewitz. <\/span><span style=\"color: #0000ff;\"><a style=\"color: #0000ff;\" href=\"#voetnoot\">(1)<\/a><\/span><\/p>\n<p style=\"text-align: justify;\"><span style=\"color: #000000;\">Haar eerste vermelding is te vinden bij 3 mei 1783:<\/span><\/p>\n<p><a href=\"https:\/\/meijenfeldt.nl\/wp-content\/uploads\/2025\/05\/1783-05-02-Huwelijk-1.pdf\"><img loading=\"lazy\" decoding=\"async\" class=\" wp-image-73306 aligncenter\" src=\"https:\/\/meijenfeldt.nl\/wp-content\/uploads\/2025\/05\/1783-uitsnede-300x35.png\" alt=\"\" width=\"600\" height=\"70\" srcset=\"https:\/\/meijenfeldt.nl\/wp-content\/uploads\/2025\/05\/1783-uitsnede-300x35.png 300w, https:\/\/meijenfeldt.nl\/wp-content\/uploads\/2025\/05\/1783-uitsnede-1024x119.png 1024w, https:\/\/meijenfeldt.nl\/wp-content\/uploads\/2025\/05\/1783-uitsnede-768x89.png 768w, https:\/\/meijenfeldt.nl\/wp-content\/uploads\/2025\/05\/1783-uitsnede.png 1116w\" sizes=\"auto, (max-width: 600px) 100vw, 600px\" \/><\/a><\/p>\n<p style=\"text-align: justify;\"><span style=\"color: #000000;\">Pastor Battus noteert een huwelijk te hebben gesloten tussen <em>Jungfr <\/em><em>Augusta Juliana Meijern<\/em> en <em>H. Inspector Augustus Christoffer Thilow<\/em>. Dat zijn dezelfde namen als in het testament. A<\/span><span style=\"color: #000000;\">lles lijkt op zijn plaats te vallen, met uitzondering van enkele vragen:<br \/>\n\u2014 Hoe kan <em>Jungfr <\/em>voor haar naam staan &#8211; een titel die duidt op enig aanzien en vooral op een ongetrouwde of maagdelijke staat &#8211; als zij volgens het testament eerder getrouwd en moeder was?<br \/>\n\u2014 Hoe is de eerste voornaam <em>Augustus<\/em>\u00a0van haar man te rijmen met &#8216;Theodosius Bernardus&#8217; in de genealogie? <\/span><\/p>\n<p style=\"text-align: justify;\"><span style=\"color: #000000;\">Volgens het kerkboek was de bruidegom wel <\/span><span style=\"color: #000000;\">eerder getrouwd. Bij 26 juni 1772 staat zijn huwelijk met rentmeesteres of huishoudster <em>Jungfr <\/em><em>Chris\u00adtina Regina Berg.<\/em> Zij overlijdt in 1781 op 40-jarige leeftijd. Dat roept een volgende vraag op:<br \/>\n\u2014 Hoe kan Thilow\u00a0<\/span><span style=\"color: #000000;\">trouwen met een 32-jarige vrouw, terwijl hij <\/span><span style=\"color: #000000;\">volgens de genealogie minder dan 12 jaar oud is?<\/span><\/p>\n<p style=\"text-align: justify;\"><span style=\"color: #000000;\">Deze Thilow heeft dus andere voornamen en ouder is. In de Zweedse archieven blijkt hij voor te komen. Als inspecteur op het landgoed Medrow had hij bijvoorbeeld in de jaren zeventig nog geld tegoed van zijn heer graaf Carl Friedrich von Meijerfeldt jr. Diens curatoren PommerEsche en Hagemann betaalden het hem verlaat uit. Andere crediteuren, met name diens zwager Horn, waren ontevreden en spanden een rechtszaak aan, die op 9 april 1780 eindigde in een vonnis van het Koninklijk Tribunaal van Wismar. <\/span><span style=\"color: #0000ff;\"><a style=\"color: #0000ff;\" href=\"#voetnoot\">(2)<\/a><\/span><\/p>\n<p style=\"text-align: justify;\"><span style=\"color: #000000;\">Uit het genoemde huwelijk van Augusta Juliana met Thilow wordt een dochter Charlotte Friderica Carolina Augusta geboren. Pastor Battus noteert haar doop in het kerkboek op 28 november 1785:<\/span><\/p>\n<p><a href=\"https:\/\/meijenfeldt.nl\/wp-content\/uploads\/2025\/11\/M.1-1785-Doop-Medrow.pdf\"><img loading=\"lazy\" decoding=\"async\" class=\" wp-image-76416 aligncenter\" src=\"https:\/\/meijenfeldt.nl\/wp-content\/uploads\/2025\/11\/M.1-1785-Doop-Medrow-300x148.png\" alt=\"\" width=\"470\" height=\"232\" srcset=\"https:\/\/meijenfeldt.nl\/wp-content\/uploads\/2025\/11\/M.1-1785-Doop-Medrow-300x148.png 300w, https:\/\/meijenfeldt.nl\/wp-content\/uploads\/2025\/11\/M.1-1785-Doop-Medrow-1024x505.png 1024w, https:\/\/meijenfeldt.nl\/wp-content\/uploads\/2025\/11\/M.1-1785-Doop-Medrow-768x379.png 768w, https:\/\/meijenfeldt.nl\/wp-content\/uploads\/2025\/11\/M.1-1785-Doop-Medrow.png 1139w\" sizes=\"auto, (max-width: 470px) 100vw, 470px\" \/><\/a><\/p>\n<p style=\"text-align: justify;\"><span style=\"color: #000000;\">Er staan drie peetouders, waaronder <em>die Oberf\u00f6rsterin aus den Preussischen Meijern.<\/em> Dat is een interessante en vooralsnog onduidelijke persoon. B<\/span><span style=\"color: #000000;\">ij<\/span><span style=\"color: #000000;\">\u00a0<\/span><span style=\"color: #000000;\">14 maart 1788 noteert pastor Battus <\/span><span style=\"color: #000000;\">de doop van hun <\/span><span style=\"color: #000000;\">tweede kind, een zoon <\/span><span style=\"color: #000000;\">August\u00a0<\/span><span style=\"color: #000000;\">Friderich Julius, zonder buitengewone<\/span><span style=\"color: #000000;\">\u00a0getuigen.<\/span><\/p>\n<p style=\"text-align: justify;\"><span style=\"color: #000000;\">Twee dagen voor de jaarwisseling naar 1790 bevat het kerkboek een verrassing: de begrafenis van Thilow:<\/span><\/p>\n<p><a href=\"https:\/\/meijenfeldt.nl\/wp-content\/uploads\/2025\/05\/1789-12-29-Begraaf-1.pdf\"><img loading=\"lazy\" decoding=\"async\" class=\"wp-image-76441 aligncenter\" src=\"https:\/\/meijenfeldt.nl\/wp-content\/uploads\/2025\/11\/1789-12-29-Begraaf-1-300x42.png\" alt=\"\" width=\"607\" height=\"85\" srcset=\"https:\/\/meijenfeldt.nl\/wp-content\/uploads\/2025\/11\/1789-12-29-Begraaf-1-300x42.png 300w, https:\/\/meijenfeldt.nl\/wp-content\/uploads\/2025\/11\/1789-12-29-Begraaf-1-1024x142.png 1024w, https:\/\/meijenfeldt.nl\/wp-content\/uploads\/2025\/11\/1789-12-29-Begraaf-1-768x107.png 768w, https:\/\/meijenfeldt.nl\/wp-content\/uploads\/2025\/11\/1789-12-29-Begraaf-1-1536x214.png 1536w, https:\/\/meijenfeldt.nl\/wp-content\/uploads\/2025\/11\/1789-12-29-Begraaf-1.png 1646w\" sizes=\"auto, (max-width: 607px) 100vw, 607px\" \/><\/a><\/p>\n<p style=\"text-align: justify;\"><span style=\"color: #000000;\">Kerstnacht was hij plotseling overleden <\/span><span style=\"color: #000000;\">op 57-jarige leeftijd<\/span><span style=\"color: #000000;\"> aan een <em>Schlagflu\u03b2<\/em>, een oud Duits woord voor een beroerte of hersenbloeding. Zijn ouderdom zet zijn geboortejaar op 1732. Dat de genealogie zijn voornamen en geboortedatum fout heeft is tot daar aan toe, maar zijn dood roept een serieuze vraag op:<br \/>\n\u2014 Hoe kan Thilow overlijden in 1789, terwijl het testament zegt dat hij vijf jaar later pachter in Mecklenburg is?<\/span><\/p>\n<p style=\"text-align: justify;\"><span style=\"color: #000000;\">Het kerkboek heeft\u00a0<\/span><span style=\"color: #000000;\">op 10 mei 1791<\/span><span style=\"color: #000000;\"> heeft nog \u00e9\u00e9n laatste vermelding in petto, <\/span><span style=\"color: #000000;\">die alle vragen beantwoordt. Augusta Juliana trouwde na ruim een jaar opnieuw met een Thilow:<\/span><\/p>\n<p style=\"text-align: justify;\"><span style=\"color: #000000;\"> <img loading=\"lazy\" decoding=\"async\" class=\" wp-image-76442 aligncenter\" src=\"https:\/\/meijenfeldt.nl\/wp-content\/uploads\/2025\/11\/1791-05-06-Trouw-2-300x40.png\" alt=\"\" width=\"630\" height=\"84\" srcset=\"https:\/\/meijenfeldt.nl\/wp-content\/uploads\/2025\/11\/1791-05-06-Trouw-2-300x40.png 300w, https:\/\/meijenfeldt.nl\/wp-content\/uploads\/2025\/11\/1791-05-06-Trouw-2-1024x138.png 1024w, https:\/\/meijenfeldt.nl\/wp-content\/uploads\/2025\/11\/1791-05-06-Trouw-2-768x104.png 768w, https:\/\/meijenfeldt.nl\/wp-content\/uploads\/2025\/11\/1791-05-06-Trouw-2.png 1379w\" sizes=\"auto, (max-width: 630px) 100vw, 630px\" \/><\/span><\/p>\n<p style=\"text-align: justify;\"><span style=\"color: #000000;\">Kortom, eerst huwde zij in 1783 met inspecteur August Christoffer Thilow (1732-1789), weduwnaar van Chris\u00adtina Regina Berg, daarna huwde zij in 1791 met de 30-jarige inspecteur Theodosius Bernhard Christoffer Thilow. Kan het nog verwarrender? Zowel het testament als de de genealogie doelen op deze tweede Thilow. Zijn vader pastor August Thilo was broer van pastor <\/span><span style=\"color: #000000;\">Johann Thomas <\/span><span style=\"color: #000000;\">in Stolpe op Usedom met een daar <\/span><span style=\"color: #000000;\">op\u00a0<\/span><span style=\"color: #000000;\">22 december 1757\u00a0<\/span><span style=\"color: #000000;\">geboren dochter\u00a0<\/span><span style=\"color: #000000;\">Sophie Elisabeth Thilo. Zij trouwde 27 januari 1779 met Meier, de latere opperhoutvester in Rothem\u00fchl, Pruisisch-Pommeren. <\/span><span style=\"color: #000000;\">Dit is de geheimzinnige peetmoeder Meijer van 1785. Zou zij ook d<\/span><span style=\"color: #000000;\">e koppelaarster zijn en zou tussen houtvester Meier en Augusta Juliana Meijer verwantschap bestaan? <span style=\"color: #0000ff;\"><a style=\"color: #0000ff;\" href=\"#voetnoot\">(3)<\/a><\/span><\/span><\/p>\n<p style=\"text-align: center;\"><span style=\"color: #000000; font-size: 10pt;\"><span style=\"color: #0000ff;\"><a id=\"voetnoot\"><\/a><a style=\"color: #0000ff;\" href=\"https:\/\/meijenfeldt.nl\/?page_id=2996\">Terug<\/a><\/span>\u00a0 \u00a0***\u00a0 <span style=\"color: #0000ff;\"><a style=\"color: #0000ff;\" href=\"https:\/\/meijenfeldt.nl\/?page_id=72511\">\u00a0Verder<\/a><\/span><\/span><\/p>\n<p style=\"text-align: justify;\"><span style=\"font-family: georgia, palatino, serif; font-size: 10pt;\"><span style=\"color: #000000;\"><span style=\"font-family: georgia, palatino, serif; font-size: 10pt; color: #000000;\">1. Der Kirchen zu Glewitz und Mederow Tauf=, Trau= und Taube=Register 1729-1791.<br \/>\n2. Credit-Wesen des Obristen und Ritters, Grafen Carl Friedrich von Meijerfeldt betreffend, Stadtarchiv Wismar, Wismarer Tribunal, Relationen 02, 1780 II nr. 20, <span style=\"color: #0000ff;\"><a style=\"color: #0000ff;\" href=\"https:\/\/www.digitale-bibliothek-mv.de\/viewer\/image\/PPN_STA-HWI_obj_5367030\/324\/\">fol. 323-382<\/a>.<br \/>\n<span style=\"font-size: 10pt;\"><span style=\"color: #000000; font-family: georgia,palatino,serif;\"><span style=\"color: #000000; font-family: georgia, palatino, serif; font-size: 13.3333px;\">3. Handbuch \u00fcber den K\u00f6niglich Preussischen Hof und Staat f\u00fcr das Jahr 1800, Berlin 1800, <\/span><a style=\"color: #0000ff;\" href=\"https:\/\/play.google.com\/books\/reader?id=7Bw3AAAAYAAJ&amp;pg=GBS.PA100&amp;hl=nl\">pag. 100.<\/a>\u00a0<\/span><\/span><\/span><\/span><\/span><\/span><\/p>\n","protected":false},"excerpt":{"rendered":"<p>Het eerste kerkboek om naar Juliana te zoeken is dat van Medrow, want daar woonde zij volgens het testament van de Zweedse graaf. De evangelisch-lutherse kerkboeken staan samen met die van Nehringen bij de pfarrambt Glewitz. (1) Haar eerste vermelding is te vinden bij 3 mei 1783: Pastor Battus noteert een huwelijk te hebben gesloten &hellip; <a href=\"https:\/\/meijenfeldt.nl\/?page_id=3003\" class=\"more-link\">Verder lezen <span class=\"screen-reader-text\">3.3.3. Inspecteur<\/span><\/a><\/p>\n","protected":false},"author":1,"featured_media":0,"parent":0,"menu_order":0,"comment_status":"closed","ping_status":"closed","template":"","meta":{"footnotes":""},"class_list":["post-3003","page","type-page","status-publish","hentry"],"_links":{"self":[{"href":"https:\/\/meijenfeldt.nl\/index.php?rest_route=\/wp\/v2\/pages\/3003","targetHints":{"allow":["GET"]}}],"collection":[{"href":"https:\/\/meijenfeldt.nl\/index.php?rest_route=\/wp\/v2\/pages"}],"about":[{"href":"https:\/\/meijenfeldt.nl\/index.php?rest_route=\/wp\/v2\/types\/page"}],"author":[{"embeddable":true,"href":"https:\/\/meijenfeldt.nl\/index.php?rest_route=\/wp\/v2\/users\/1"}],"replies":[{"embeddable":true,"href":"https:\/\/meijenfeldt.nl\/index.php?rest_route=%2Fwp%2Fv2%2Fcomments&post=3003"}],"version-history":[{"count":208,"href":"https:\/\/meijenfeldt.nl\/index.php?rest_route=\/wp\/v2\/pages\/3003\/revisions"}],"predecessor-version":[{"id":76635,"href":"https:\/\/meijenfeldt.nl\/index.php?rest_route=\/wp\/v2\/pages\/3003\/revisions\/76635"}],"wp:attachment":[{"href":"https:\/\/meijenfeldt.nl\/index.php?rest_route=%2Fwp%2Fv2%2Fmedia&parent=3003"}],"curies":[{"name":"wp","href":"https:\/\/api.w.org\/{rel}","templated":true}]}}