{"id":29688,"date":"2020-06-09T09:09:00","date_gmt":"2020-06-09T09:09:00","guid":{"rendered":"http:\/\/meijenfeldt.nl\/?page_id=29688"},"modified":"2020-08-23T10:23:34","modified_gmt":"2020-08-23T10:23:34","slug":"grimarest","status":"publish","type":"page","link":"https:\/\/meijenfeldt.nl\/?page_id=29688","title":{"rendered":"Grimarest"},"content":{"rendered":"<p><span style=\"font-size: 14pt;\"><strong><span style=\"color: #000000;\">Jean-L\u00e9onor Le Gallois, sieur de Grimarest\u00a0 <\/span><\/strong><\/span><\/p>\n<table style=\"border-collapse: collapse; width: 100%;\">\n<tbody>\n<tr>\n<td style=\"width: 37.4243%;\"><span style=\"font-size: 14pt;\"><strong><span style=\"color: #000000;\">&#8220;Les Campagnes de Charles XII, roi de Su\u00e8de&#8221;, Parijs\/Den Haag 1705-1711.<\/span><\/strong><\/span><\/td>\n<td style=\"width: 37.5757%;\">\n<p class=\"gb-volume-title\" dir=\"ltr\"><strong><span style=\"font-size: 14pt;\">&#8220;Die Feld-Z\u00fcge des durchlauchtisten F\u00fcrsten Carl XII. K\u00f6nigs von Schweden&#8221;, 1707<br \/>\n<\/span><\/strong><\/p>\n<\/td>\n<\/tr>\n<tr>\n<td style=\"width: 37.4243%;\"><span style=\"color: #000000;\"><span style=\"color: #0000ff;\"><a style=\"color: #0000ff;\" href=\"https:\/\/books.google.nl\/books?id=7aQFo-KNoe8C&amp;printsec=frontcover&amp;hl=nl&amp;source=gbs_ge_summary_r&amp;cad=0#v=onepage&amp;q=meyerfeld&amp;f=false\"><strong>Deel 1 <\/strong><\/a><\/span>(1705)<strong><br \/>\n<\/strong><\/span><\/td>\n<td style=\"width: 37.5757%;\"><span style=\"color: #0000ff;\"><a style=\"color: #0000ff;\" href=\"https:\/\/books.google.nl\/books?id=Ih4VAAAAQAAJ&amp;printsec=frontcover&amp;hl=nl&amp;source=gbs_ge_summary_r&amp;cad=0#v=snippet&amp;q=Meyerfeld&amp;f=false\"><strong>Deel 1 en 2<\/strong><\/a><\/span> (1707)<\/td>\n<\/tr>\n<tr>\n<td style=\"width: 37.4243%;\"><span style=\"text-decoration: underline;\">Pag. 117<\/span><\/td>\n<td style=\"width: 37.5757%;\"><span style=\"text-decoration: underline;\">Pag. 119-120<\/span><\/td>\n<\/tr>\n<tr>\n<td style=\"width: 75%;\" colspan=\"2\">Kokenhausen. M. wordt niet genoemd en de actie te onbelangrijk om verdere uitleg te geven!<\/td>\n<\/tr>\n<tr>\n<td style=\"width: 37.4243%;\"><span style=\"color: #0000ff;\"><a style=\"color: #0000ff;\" href=\"https:\/\/books.google.nl\/books?id=H8ubIpMitRcC&amp;printsec=frontcover&amp;hl=nl&amp;source=gbs_ge_summary_r&amp;cad=0#v=onepage&amp;q=meyerfeld&amp;f=false\"><strong>Deel 2<\/strong><\/a> <span style=\"color: #000000;\">(1707)<\/span><\/span><\/td>\n<td style=\"width: 37.5757%;\"><\/td>\n<\/tr>\n<tr>\n<td style=\"width: 37.4243%;\"><span style=\"text-decoration: underline;\"><span style=\"color: #000000; text-decoration: underline;\">Pag. 255-263<\/span><\/span><\/td>\n<td style=\"width: 37.5757%;\"><span style=\"text-decoration: underline;\">Pag. 222-227<\/span><\/td>\n<\/tr>\n<tr>\n<td style=\"width: 75%;\" colspan=\"2\"><span style=\"color: #000000;\">Ondanks aandringen van de Hollandse diplomaat in Polen Cranenburg op vrede zet Karel XII zijn campagne voort. Hij laat de generaals Stenbock en M. achter om Groot-Polen te dekken. M. moet reageren op de inval van Schulenburg en overwint hem. Moet Primaat beschermen naar Thorn. Vooringenomen journalisten schilderen het gevecht af als een verlies voor M.<\/span><\/td>\n<\/tr>\n<tr>\n<td style=\"width: 37.4243%;\"><span style=\"text-decoration: underline;\">Pag. 269-273<\/span><\/td>\n<td style=\"width: 37.5757%;\"><span style=\"text-decoration: underline;\">Pag. 231-234<\/span><\/td>\n<\/tr>\n<tr>\n<td style=\"width: 75%;\" colspan=\"2\">Tweede aanval op Posen. Meyerfeldt\/Mayerfeld en de &#8220;tres-ancien&#8221; generaal Maderfeldt (sic!). Eerste aanval op Posen in Le Journal des Scavans van <a href=\"https:\/\/babel.hathitrust.org\/cgi\/pt?id=uc1.a0003829389&amp;view=1up&amp;seq=277&amp;q1=meyerfeldt\"><span style=\"color: #0000ff;\">10-05-1706<\/span><\/a>, ook gebaseerd op De Grimarest.<\/td>\n<\/tr>\n<tr>\n<td style=\"width: 37.4243%;\"><span style=\"text-decoration: underline;\">Pag. 366<\/span><\/td>\n<td style=\"width: 37.5757%;\"><\/td>\n<\/tr>\n<tr>\n<td style=\"width: 75%;\" colspan=\"2\">M. is in Dantzig om de stad een bedrag op te leggen.<\/td>\n<\/tr>\n<tr>\n<td style=\"width: 37.4243%;\"><span style=\"text-decoration: underline;\">Pag. 436<\/span><strong><br \/>\n<\/strong><\/td>\n<td style=\"width: 37.5757%;\"><span style=\"text-decoration: underline;\">\u00a0<\/span><\/td>\n<\/tr>\n<tr>\n<td style=\"width: 75%;\" colspan=\"2\">Opdracht van Karel XII aan Stromberg en M. om de prelaat naar Warschau te bregen.<span style=\"text-decoration: underline;\"><br \/>\n<\/span><\/td>\n<\/tr>\n<tr>\n<td style=\"width: 37.4243%;\"><span style=\"text-decoration: underline;\">Pag. 436<\/span><strong><br \/>\n<\/strong><\/td>\n<td style=\"width: 37.5757%;\"><span style=\"text-decoration: underline;\">Pag. 339<\/span><\/td>\n<\/tr>\n<tr>\n<td style=\"width: 75%;\" colspan=\"2\">Brief van Karel XII aan M. &amp; Stromberg om naar de kroning in Warschau te komen.<strong><br \/>\n<\/strong><\/td>\n<\/tr>\n<tr>\n<td style=\"width: 37.4243%;\"><a href=\"https:\/\/books.google.nl\/books?id=NUbfIP4vYhAC&amp;printsec=frontcover&amp;hl=nl&amp;source=gbs_ge_summary_r&amp;cad=0#v=onepage&amp;q=meyerfeldt&amp;f=false\"><strong><span style=\"color: #0000ff;\">Deel 3<\/span><\/strong><\/a> (1708)<\/td>\n<td style=\"width: 37.5757%;\"><\/td>\n<\/tr>\n<tr>\n<td style=\"width: 37.4243%;\"><span style=\"text-decoration: underline;\">Pag. 79-80<\/span><\/td>\n<td style=\"width: 37.5757%;\"><\/td>\n<\/tr>\n<tr>\n<td style=\"width: 75%;\" colspan=\"2\">M. zet zich op weg met vier regiment naar Karel XII.<\/td>\n<\/tr>\n<tr>\n<td style=\"width: 37.4243%;\"><span style=\"text-decoration: underline;\">Pag. 125-126<\/span><\/td>\n<td style=\"width: 37.5757%;\"><\/td>\n<\/tr>\n<tr>\n<td style=\"width: 75%;\" colspan=\"2\">M. staat bij Grodno en gaat naar Indura.<\/td>\n<\/tr>\n<tr>\n<td style=\"width: 37.4243%;\"><span style=\"text-decoration: underline;\">Pag. 205-206<\/span><\/td>\n<td style=\"width: 37.5757%;\"><\/td>\n<\/tr>\n<tr>\n<td style=\"width: 75%;\" colspan=\"2\">M. verlies 60 cavaleristen op fourage en achtervolgt de vijand tevergeefs.<\/td>\n<\/tr>\n<tr>\n<td style=\"width: 37.4243%;\"><span style=\"text-decoration: underline;\">Pag. 358-359<\/span><\/td>\n<td style=\"width: 37.5757%;\"><\/td>\n<\/tr>\n<tr>\n<td style=\"width: 75%;\" colspan=\"2\">Patkul is gevangene van het regiment van M.<\/td>\n<\/tr>\n<tr>\n<td style=\"width: 37.4243%;\"><span style=\"color: #0000ff;\"><a style=\"color: #0000ff;\" href=\"https:\/\/books.google.nl\/books?id=VaFZAAAAcAAJ&amp;printsec=frontcover&amp;hl=nl&amp;source=gbs_ge_summary_r&amp;cad=0#v=onepage&amp;q=meyerfeldt&amp;f=false\"><strong>Deel 4<\/strong><\/a><\/span> (1711)<\/td>\n<td style=\"width: 37.5757%;\"><\/td>\n<\/tr>\n<tr>\n<td style=\"width: 37.4243%;\"><span style=\"text-decoration: underline;\">Pag. 23<\/span><\/td>\n<td style=\"width: 37.5757%;\"><\/td>\n<\/tr>\n<tr>\n<td style=\"width: 75%;\" colspan=\"2\">Executie van Patkul.<\/td>\n<\/tr>\n<tr>\n<td style=\"width: 37.4243%;\"><span style=\"text-decoration: underline;\">Pag. 225<\/span><\/td>\n<td style=\"width: 37.5757%;\"><\/td>\n<\/tr>\n<tr>\n<td style=\"width: 75%;\" colspan=\"2\">M. voert rechterflank aan in Slag bij Helsingborg.<\/td>\n<\/tr>\n<tr>\n<td style=\"width: 37.4243%;\"><span style=\"text-decoration: underline;\">Pag. 269<\/span> (1710)<\/td>\n<td style=\"width: 37.5757%;\"><\/td>\n<\/tr>\n<tr>\n<td style=\"width: 75%;\" colspan=\"2\">M. in Stralsund.<\/td>\n<\/tr>\n<\/tbody>\n<\/table>\n","protected":false},"excerpt":{"rendered":"<p>Jean-L\u00e9onor Le Gallois, sieur de Grimarest\u00a0 &#8220;Les Campagnes de Charles XII, roi de Su\u00e8de&#8221;, Parijs\/Den Haag 1705-1711. &#8220;Die Feld-Z\u00fcge des durchlauchtisten F\u00fcrsten Carl XII. K\u00f6nigs von Schweden&#8221;, 1707 Deel 1 (1705) Deel 1 en 2 (1707) Pag. 117 Pag. 119-120 Kokenhausen. M. wordt niet genoemd en de actie te onbelangrijk om verdere uitleg te geven! &hellip; <a href=\"https:\/\/meijenfeldt.nl\/?page_id=29688\" class=\"more-link\">Verder lezen <span class=\"screen-reader-text\">Grimarest<\/span><\/a><\/p>\n","protected":false},"author":1,"featured_media":0,"parent":0,"menu_order":0,"comment_status":"closed","ping_status":"closed","template":"","meta":{"footnotes":""},"class_list":["post-29688","page","type-page","status-publish","hentry"],"_links":{"self":[{"href":"https:\/\/meijenfeldt.nl\/index.php?rest_route=\/wp\/v2\/pages\/29688","targetHints":{"allow":["GET"]}}],"collection":[{"href":"https:\/\/meijenfeldt.nl\/index.php?rest_route=\/wp\/v2\/pages"}],"about":[{"href":"https:\/\/meijenfeldt.nl\/index.php?rest_route=\/wp\/v2\/types\/page"}],"author":[{"embeddable":true,"href":"https:\/\/meijenfeldt.nl\/index.php?rest_route=\/wp\/v2\/users\/1"}],"replies":[{"embeddable":true,"href":"https:\/\/meijenfeldt.nl\/index.php?rest_route=%2Fwp%2Fv2%2Fcomments&post=29688"}],"version-history":[{"count":23,"href":"https:\/\/meijenfeldt.nl\/index.php?rest_route=\/wp\/v2\/pages\/29688\/revisions"}],"predecessor-version":[{"id":32407,"href":"https:\/\/meijenfeldt.nl\/index.php?rest_route=\/wp\/v2\/pages\/29688\/revisions\/32407"}],"wp:attachment":[{"href":"https:\/\/meijenfeldt.nl\/index.php?rest_route=%2Fwp%2Fv2%2Fmedia&parent=29688"}],"curies":[{"name":"wp","href":"https:\/\/api.w.org\/{rel}","templated":true}]}}