{"id":29302,"date":"2020-06-01T11:50:24","date_gmt":"2020-06-01T11:50:24","guid":{"rendered":"http:\/\/meijenfeldt.nl\/?page_id=29302"},"modified":"2020-06-01T19:44:25","modified_gmt":"2020-06-01T19:44:25","slug":"fabrice","status":"publish","type":"page","link":"https:\/\/meijenfeldt.nl\/?page_id=29302","title":{"rendered":"Fabrice"},"content":{"rendered":"<p><span style=\"font-size: 14pt;\"><strong>Friedrich Ernst von Fabrice<\/strong><\/span><\/p>\n<table style=\"border-collapse: collapse; width: 100%; height: 1141px;\">\n<tbody>\n<tr>\n<td style=\"width: 100.758%;\" colspan=\"5\"><span style=\"font-size: 10pt; color: #000000;\"><span style=\"font-size: 12pt;\">&#8220;Herr Fabrices Bref om Actionen wid Bender eller den s\u00e5 kalladen Kalibaliken&#8221;, ur &#8220;Det Swenska Biblioteket&#8221;, deel 1, pag. 139 e.v., Stockholm 1757.<\/span><\/span><span style=\"font-size: 10pt;\"><span style=\"color: #0000ff;\"><br \/>\n<\/span><\/span><\/td>\n<\/tr>\n<tr>\n<td style=\"width: 100.758%;\" colspan=\"5\"><span style=\"font-size: 10pt;\"><span style=\"color: #0000ff;\"><span style=\"color: #000000; font-size: 12pt;\">&#8220;Zuverl\u00e4ssige Geschichte, Carl des Zw\u00f6lften, K\u00f6nigs in Schweden, w\u00e4hrend seines Aufenthalts in der T\u00fcrkey; Aus den noch ungedruckten frans\u00f6sischen <\/span><\/span><\/span><span style=\"color: #000000; font-size: 12pt;\">Staatsbriefen des Hrn Friedrich Ernst von Fabrice, damal. Gesandten Sr. Durchl. des Herzogs und Administr. von Hollst. und Bisch. zu L\u00fcbeck, bey dem K\u00f6nige zu Bendern&#8221;, Hamburg Leipzig 1759.<\/span><span style=\"font-size: 10pt;\"><span style=\"color: #0000ff;\"><span style=\"color: #000000; font-size: 12pt;\"><span style=\"color: #0000ff;\"><br \/>\n<\/span><\/span><\/span><\/span><\/td>\n<\/tr>\n<tr>\n<td style=\"width: 100.758%;\" colspan=\"5\"><span style=\"font-size: 10pt;\"><span style=\"color: #0000ff;\"><span style=\"color: #000000; font-size: 12pt;\">&#8220;Anecdotes du S\u00e9jour du Roi de Su\u00e8de \u00e0 Bender, ou lettres de M. le Baron de Fabrice pour servir d&#8217;\u00e9clairissement \u00e0 l&#8217;histoire de Charles XII&#8221;, Hamburg 1760.<\/span><\/span><\/span><span style=\"font-size: 10pt;\"><span style=\"color: #0000ff;\"><span style=\"color: #000000; font-size: 12pt;\"><span style=\"color: #0000ff;\"><br \/>\n<\/span><\/span><\/span><\/span><\/td>\n<\/tr>\n<tr>\n<td style=\"width: 100.758%;\" colspan=\"5\"><span style=\"font-size: 10pt;\"><span style=\"color: #0000ff;\"><span style=\"color: #000000; font-size: 12pt;\">&#8220;The Genuine Letters of Baron Fabricius: Envoy from His Serene Highness the Duke Administrator of Holstein to Charles XII. of Sweden&#8221;, Londen 1761.<\/span><\/span><\/span><\/td>\n<\/tr>\n<tr>\n<td style=\"width: 100.758%;\" colspan=\"5\"><span style=\"font-size: 12pt;\"><span style=\"color: #000000;\">&#8220;Geheime aanteekeningen van het verblyf des konings van Sweeden te Bender; of, brieven van de heer Baron von Fabrice, dienende ter opheldering der historie van Karel XII, uit het Fransch vertaald&#8221;, <\/span><span style=\"color: #000000;\">Dordrecht 1765.<\/span><\/span><\/td>\n<\/tr>\n<tr>\n<td style=\"width: 20%;\"><span style=\"color: #0000ff;\"><strong><span style=\"font-size: 12pt;\"><a style=\"color: #0000ff;\" href=\"https:\/\/babel.hathitrust.org\/cgi\/pt?id=nyp.33433066619283&amp;view=1up&amp;seq=157\">Zweeds<\/a><\/span><\/strong><\/span><\/td>\n<td style=\"width: 20%;\"><span style=\"color: #0000ff;\"><strong><span style=\"font-size: 12pt;\"><a style=\"color: #0000ff;\" href=\"https:\/\/www.delpher.nl\/nl\/boeken1\/gview?query=meyerfeld&amp;page=3&amp;coll=boeken1&amp;identifier=fYdcAAAAcAAJ\">Duits<\/a><\/span><\/strong><\/span><\/td>\n<td style=\"width: 21.0606%;\"><span style=\"color: #0000ff;\"><strong><span style=\"font-size: 12pt;\"><a style=\"color: #0000ff;\" href=\"https:\/\/books.google.se\/books?id=2q4TAAAAQAAJ&amp;printsec=frontcover&amp;dq=Fabrice+Roi+de+Su%C3%A8de+%C3%A0+Bender&amp;hl=nl&amp;sa=X&amp;ved=0ahUKEwjM3NDAx-DpAhWDzKQKHdfdDQsQ6AEICDAA\">Frans<\/a><\/span><\/strong><\/span><\/td>\n<td style=\"width: 19.8485%;\"><span style=\"color: #0000ff;\"><strong><span style=\"font-size: 12pt;\"><a style=\"color: #0000ff;\" href=\"https:\/\/books.google.se\/books?id=j5A2AAAAMAAJ&amp;pg=PA116&amp;lpg=PA116&amp;dq=F.E.+von+Fabrice&amp;source=bl&amp;ots=mZWS357Qim&amp;sig=ACfU3U03fHT0xeZ2RYRDy3xVi5Lf-NDd8A&amp;hl=nl&amp;sa=X&amp;ved=2ahUKEwjag-GgweDpAhVE4aQKHaFHCQIQ6AEwB3oECAQQAQ\">Engels<\/a><\/span><\/strong><\/span><\/td>\n<td style=\"width: 19.8485%;\"><span style=\"color: #0000ff;\"><strong><span style=\"font-size: 12pt;\"><a style=\"color: #0000ff;\" href=\"https:\/\/www.delpher.nl\/nl\/boeken1\/gview?query=meyerfeld&amp;coll=boeken1&amp;page=2&amp;identifier=4dpXAAAAcAAJ\">Nederlands<\/a><\/span><\/strong><\/span><\/td>\n<\/tr>\n<tr style=\"height: 28px;\">\n<td style=\"width: 20%; height: 28px;\"><span style=\"font-size: 12pt;\">Ontbreekt<\/span><\/td>\n<td style=\"width: 20%; height: 28px;\"><span style=\"font-size: 10pt;\"><span style=\"font-size: 12pt;\">Pag. 62<\/span> <\/span><\/td>\n<td style=\"width: 21.0606%; height: 28px;\"><span style=\"font-size: 12pt;\">Pag. 50<\/span><\/td>\n<td style=\"width: 19.8485%; height: 28px;\"><span style=\"font-size: 12pt;\">Pag. 46<\/span><\/td>\n<td style=\"width: 19.8485%; height: 28px;\"><span style=\"font-size: 12pt;\">Pag. 70<\/span><\/td>\n<\/tr>\n<tr style=\"height: 56px;\">\n<td style=\"width: 100.758%; height: 56px;\" colspan=\"5\"><span style=\"font-size: 12pt;\">Brief 12. Aan G\u00f6rtz. Bender, 26-02-1711. Heb uw brieven van M. ontvangen toen hij 20-12-1710 hier aankwam.<\/span><\/td>\n<\/tr>\n<tr style=\"height: 28px;\">\n<td style=\"width: 20%; height: 28px;\"><span style=\"font-size: 12pt;\">Ontbreekt<\/span><\/td>\n<td style=\"width: 20%; height: 28px;\"><span style=\"font-size: 12pt;\">Pag. 66<\/span><\/td>\n<td style=\"width: 21.0606%; height: 28px;\"><span style=\"font-size: 12pt;\">Pag. 52<\/span><\/td>\n<td style=\"width: 19.8485%; height: 28px;\"><span style=\"font-size: 12pt;\">Pag. 49<\/span><\/td>\n<td style=\"width: 19.8485%; height: 28px;\"><span style=\"font-size: 12pt;\">Pag. 74<\/span><\/td>\n<\/tr>\n<tr style=\"height: 28px;\">\n<td style=\"width: 100.758%; height: 28px;\" colspan=\"5\"><span style=\"font-size: 12pt;\">Sinds de aankomst van M. probeert men Hannover bij de koning verdacht te maken.<\/span><\/td>\n<\/tr>\n<tr style=\"height: 28px;\">\n<td style=\"width: 20%; height: 28px;\"><span style=\"font-size: 12pt;\">Ontbreekt<\/span><\/td>\n<td style=\"width: 20%; height: 28px;\"><span style=\"font-size: 12pt;\">Pag. 344 <\/span><\/td>\n<td style=\"width: 21.0606%; height: 28px;\"><span style=\"font-size: 12pt;\">Pag. 274<\/span><\/td>\n<td style=\"width: 19.8485%; height: 28px;\"><span style=\"font-size: 12pt;\">Pag. 254<\/span><\/td>\n<td style=\"width: 19.8485%; height: 28px;\"><span style=\"font-size: 12pt;\">Pag. 392<\/span><\/td>\n<\/tr>\n<tr style=\"height: 168px;\">\n<td style=\"width: 100.758%; height: 168px;\" colspan=\"5\"><span style=\"font-size: 12pt;\">Brief 69. Aan de Hertog van Holstein. Adrianopel, 28-08-1713. M&#8217;s secretaris L\u00f6wenheim komt aan om de uitdrukkelijke instemming van de koning te krijgen dat het bevel van Welling om Stettin aan Pruisen over te geven door hem &#8220;onbesuisd&#8221; niet is opgevolgd. Hier zijn veel adviezen om dat wel te doen, om Pruisen te vriend te houden. Ik heb helaas geen instructies, maar ben het er mee eens. De koning zal M. niettemin steunen.<\/span><\/td>\n<\/tr>\n<tr style=\"height: 28px;\">\n<td style=\"width: 20%; height: 28px;\"><span style=\"font-size: 12pt;\">Ontbreekt<\/span><\/td>\n<td style=\"width: 20%; height: 28px;\"><span style=\"font-size: 12pt;\">Pag. 347<\/span><\/td>\n<td style=\"width: 21.0606%; height: 28px;\"><span style=\"font-size: 12pt;\">Pag. 275<br \/>\n<\/span><\/td>\n<td style=\"width: 19.8485%; height: 28px;\"><span style=\"font-size: 12pt;\">Pag. 256<\/span><\/td>\n<td style=\"width: 19.8485%; height: 28px;\"><span style=\"font-size: 12pt;\">Pag. 395<\/span><\/td>\n<\/tr>\n<tr style=\"height: 28px;\">\n<td style=\"width: 100.758%; height: 28px;\" colspan=\"5\"><span style=\"font-size: 12pt;\">Brief 70. Aan G\u00f6rtz. Adrianopel, 28-08-1713. Idem.<br \/>\n<\/span><\/td>\n<\/tr>\n<tr style=\"height: 28px;\">\n<td style=\"width: 20%; height: 28px;\"><span style=\"font-size: 12pt;\"> Ontbreekt<\/span><\/td>\n<td style=\"width: 20%; height: 28px;\"><span style=\"font-size: 12pt;\">\u00a0Pag. 350<\/span><\/td>\n<td style=\"width: 21.0606%; height: 28px;\"><span style=\"font-size: 12pt;\">Pag. 278-279<br \/>\n<\/span><\/td>\n<td style=\"width: 19.8485%; height: 28px;\"><span style=\"font-size: 12pt;\">Pag. 259<br \/>\n<\/span><\/td>\n<td style=\"width: 19.8485%; height: 28px;\"><span style=\"font-size: 12pt;\">Pag.399<\/span><\/td>\n<\/tr>\n<tr style=\"height: 21px;\">\n<td style=\"height: 21px; width: 100.758%;\" colspan=\"5\"><span style=\"font-size: 12pt;\">Brief 71. Aan G\u00f6rtz. Adrianopel, 12-09-1713. M. staat zich er bijzonder op voor dat hij geweigerd heeft mee te werken aan de sekwestratie van Stettin.<\/span><span style=\"font-size: 12pt;\"><br \/>\n<\/span><\/td>\n<\/tr>\n<tr>\n<td style=\"width: 20%;\"><span style=\"font-size: 12pt;\"> Ontbreekt<\/span><\/td>\n<td style=\"width: 20%;\"><span style=\"font-size: 12pt;\">\u00a0Pag. 416<\/span><\/td>\n<td style=\"width: 21.0606%;\"><span style=\"font-size: 12pt;\">Pag. 331<br \/>\n<\/span><\/td>\n<td style=\"width: 19.8485%;\"><span style=\"font-size: 12pt;\">Pag. 307<br \/>\n<\/span><\/td>\n<td style=\"width: 19.8485%;\"><span style=\"font-size: 12pt;\">\u00a0Pag. 471<\/span><\/td>\n<\/tr>\n<tr>\n<td style=\"width: 100.758%;\" colspan=\"5\"><span style=\"font-size: 12pt;\">Brief 89. Aan G\u00f6rtz. Demotika, 17-09-1714. M. is vijand van Horn, maakt hem zwart bij het Hof en heeft hem buiten de koning om een post ontnomen.<br \/>\n<\/span><\/td>\n<\/tr>\n<\/tbody>\n<\/table>\n","protected":false},"excerpt":{"rendered":"<p>Friedrich Ernst von Fabrice &#8220;Herr Fabrices Bref om Actionen wid Bender eller den s\u00e5 kalladen Kalibaliken&#8221;, ur &#8220;Det Swenska Biblioteket&#8221;, deel 1, pag. 139 e.v., Stockholm 1757. &#8220;Zuverl\u00e4ssige Geschichte, Carl des Zw\u00f6lften, K\u00f6nigs in Schweden, w\u00e4hrend seines Aufenthalts in der T\u00fcrkey; Aus den noch ungedruckten frans\u00f6sischen Staatsbriefen des Hrn Friedrich Ernst von Fabrice, damal. Gesandten &hellip; <a href=\"https:\/\/meijenfeldt.nl\/?page_id=29302\" class=\"more-link\">Verder lezen <span class=\"screen-reader-text\">Fabrice<\/span><\/a><\/p>\n","protected":false},"author":1,"featured_media":0,"parent":0,"menu_order":0,"comment_status":"closed","ping_status":"closed","template":"","meta":{"footnotes":""},"class_list":["post-29302","page","type-page","status-publish","hentry"],"_links":{"self":[{"href":"https:\/\/meijenfeldt.nl\/index.php?rest_route=\/wp\/v2\/pages\/29302","targetHints":{"allow":["GET"]}}],"collection":[{"href":"https:\/\/meijenfeldt.nl\/index.php?rest_route=\/wp\/v2\/pages"}],"about":[{"href":"https:\/\/meijenfeldt.nl\/index.php?rest_route=\/wp\/v2\/types\/page"}],"author":[{"embeddable":true,"href":"https:\/\/meijenfeldt.nl\/index.php?rest_route=\/wp\/v2\/users\/1"}],"replies":[{"embeddable":true,"href":"https:\/\/meijenfeldt.nl\/index.php?rest_route=%2Fwp%2Fv2%2Fcomments&post=29302"}],"version-history":[{"count":36,"href":"https:\/\/meijenfeldt.nl\/index.php?rest_route=\/wp\/v2\/pages\/29302\/revisions"}],"predecessor-version":[{"id":29344,"href":"https:\/\/meijenfeldt.nl\/index.php?rest_route=\/wp\/v2\/pages\/29302\/revisions\/29344"}],"wp:attachment":[{"href":"https:\/\/meijenfeldt.nl\/index.php?rest_route=%2Fwp%2Fv2%2Fmedia&parent=29302"}],"curies":[{"name":"wp","href":"https:\/\/api.w.org\/{rel}","templated":true}]}}