{"id":28054,"date":"2020-05-14T07:25:42","date_gmt":"2020-05-14T07:25:42","guid":{"rendered":"http:\/\/meijenfeldt.nl\/?page_id=28054"},"modified":"2022-10-16T11:22:44","modified_gmt":"2022-10-16T11:22:44","slug":"lewenhaupt","status":"publish","type":"page","link":"https:\/\/meijenfeldt.nl\/?page_id=28054","title":{"rendered":"Lewenhaupt"},"content":{"rendered":"<p><span style=\"color: #000000;\"><strong><span style=\"font-size: 14pt;\">Adam Ludwig <span style=\"color: #000000;\">Lewenhaupt<\/span><\/span><\/strong><\/span><\/p>\n<table style=\"border-collapse: collapse; width: 100%; height: 2106px;\">\n<tbody>\n<tr style=\"height: 336px;\">\n<td style=\"width: 37.8787%; height: 85px;\">\u201c<strong>Kurzer Bericht was\u00a0 sich mit mir seit der Zeit, da ich in K\u00f6nigliche Dienste gekommen, bis auf die Kapitulation beym Dnieper zugetragen\u201d, in A.L, von <span style=\"color: #0000ff;\"><a style=\"color: #0000ff;\" href=\"https:\/\/play.google.com\/books\/reader?id=-slfAAAAcAAJ&amp;pg=GBS.PP6&amp;hl=nl\">Schl\u00f6zer<\/a><\/span>, \u201c<span style=\"color: #000000;\">Schwedische Biographie<\/span>\u201d, deel 1, Altona en L\u00fcbech 1760.<\/strong><\/td>\n<td style=\"width: 37.1213%; height: 85px;\"><strong>\u201cBer\u00e4ttelse\u201d, F\u00f6rord S.E. Bring in <span style=\"color: #0000ff;\"><a style=\"color: #0000ff;\" href=\"https:\/\/meijenfeldt.nl\/?page_id=19584\">Historisk Handlingar<\/a><\/span>, deel 34, Stockholm 1952. F\u00f6rord G.T. Westin in Karolinska Krigare Ber\u00e4ttar, Stockholm 1987. \u2663<\/strong><\/td>\n<\/tr>\n<tr style=\"height: 28px;\">\n<td style=\"width: 37.8787%; height: 28px;\"><span style=\"color: #0000ff;\"><a style=\"color: #0000ff;\" href=\"https:\/\/play.google.com\/books\/reader?id=-slfAAAAcAAJ&amp;pg=GBS.PA84&amp;hl=nl\">Pag. 85<\/a><\/span><\/td>\n<td style=\"width: 37.1213%; height: 28px;\"><span style=\"color: #000000;\">Pag. 61<\/span><\/td>\n<\/tr>\n<tr style=\"height: 56px;\">\n<td style=\"width: 75%; height: 56px;\" colspan=\"2\"><span style=\"color: #000000;\">Jacobsstadt, 26-07-1704. <\/span><span class=\"s2\"><span style=\"color: #000000;\">Carl Fredrik leidt de voorhoede met enkele honderden mannen en moet stilhouden om de linker- en rechterflank te laten optrekken.<\/span><\/span><\/td>\n<\/tr>\n<tr style=\"height: 28px;\">\n<td style=\"width: 37.8787%; height: 28px;\"><span style=\"color: #0000ff;\"><a style=\"color: #0000ff;\" href=\"https:\/\/play.google.com\/books\/reader?id=-slfAAAAcAAJ&amp;pg=GBS.PA150&amp;hl=nl\"><span class=\"s2\">Pag. 151 <\/span><\/a><\/span><\/td>\n<td style=\"width: 37.1213%; height: 28px;\">Pag. 104<\/td>\n<\/tr>\n<tr style=\"height: 19px;\">\n<td style=\"width: 75%; height: 19px;\" colspan=\"2\"><span class=\"s2\">Kolonel Hagen moet een regiment dragonders werven en het geld daartoe in Litouwen ophalen. Hij pocht dat hij daar eer in stelt, omdat hij eerder dan Johan August de leiding over het \u00c5bo regiment van de koning had kunnen krijgen.<\/span><\/td>\n<\/tr>\n<tr style=\"height: 28px;\">\n<td style=\"width: 37.8787%; height: 28px;\"><span style=\"color: #0000ff;\"><a style=\"color: #0000ff;\" href=\"https:\/\/play.google.com\/books\/reader?id=-slfAAAAcAAJ&amp;pg=GBS.PA194&amp;hl=nl\"><span class=\"s2\">Pag. 195 <\/span><\/a><\/span><\/td>\n<td style=\"width: 37.1213%; height: 28px;\">Pag. 133<\/td>\n<\/tr>\n<tr style=\"height: 28px;\">\n<td style=\"width: 75%; height: 28px;\" colspan=\"2\"><span class=\"s2\">Radoskowitz, 17 maart 1708. <\/span><span class=\"s2\">Johan August zegt tegen kolonel Carl Adam Stackelberg, die zijn regiment van infanterie naar dragonders wil omzetten:<br \/>\n\u201cs<em>o rate ich euch da\u03b2 ihr mit dem K\u00f6nige nicht eher davon sprecht, bis der General L\u00f6wenhaupt seine Einwilligung darzu gegeben; denn der K\u00f6nig hat so viel Vertrauen zu ihm, da\u03b2 er es gewi\u03b2 nicht ohne ihm thut<\/em>.\u201d<br \/>\nLewenhaupt dringt er vervolgens bij Stackelberg krachtig op aan zijn plan te laten varen, waardoor deze boos vertrekt.<\/span><\/td>\n<\/tr>\n<tr style=\"height: 28px;\">\n<td style=\"width: 37.8787%; height: 28px;\"><span style=\"color: #0000ff;\"><a style=\"color: #0000ff;\" href=\"https:\/\/play.google.com\/books\/reader?id=-slfAAAAcAAJ&amp;pg=GBS.PA220&amp;hl=nl\"><span class=\"s2\">Pag. 221-226<\/span><\/a><\/span><\/td>\n<td style=\"width: 37.1213%; height: 28px;\">Pag. 150-153<\/td>\n<\/tr>\n<tr style=\"height: 28px;\">\n<td style=\"width: 75%; height: 28px;\" colspan=\"2\"><span class=\"s2\">Riga, 15 mei 1708. <\/span>Stackelberg zegt Lewenhaupt dat Meijerfeldt in hun gesprek\u00a0 bij aankomst in Radoskowitz had gezegd:<br \/>\n&#8220;<em>Mir k\u00f6nnt ihr wohl als einem alten Kameraden unter Palens Regiment alles frey entdecken; sagt mir nur, wie es zugeht. Wird viel Geld eingetrieben? und hat euer General viele Remissen nach Schweden hin\u00fcber gebracht? man wei\u03b2 es alles schon, und er k\u00f6nnt es mir wohl anvertrauen; es kommt doch nicht weiter.&#8221;<br \/>\n<\/em>Stackelberg zegt door hem verleid te zijn te erkennen dat veel geld binnenkomt, niet te weten waar het blijft en dat deze bekentenis kwaad bloed bij Piper zette. Lewenhaupt antwoordt:<br \/>\n<em>&#8220;Und was den Generalmajor Meierfelt betrifft, so hat er sich nie anders als einer meiner besten Freunde erwiesen.&#8221; <\/em><br \/>\nHij zegt dat Stackelberg het verhaal zelf verzonnen heeft, maar legt vervolgens toch uit dat hij ontzettend veel uitgaven heeft gedaan en laat zijn vrouw navraag doen.<br \/>\n&#8220;<em>Mein Frau aber bat ich , alles dieses des Oberstlieutenant Meierfelts Frau, die eine sehr <\/em><span class=\"s2\"><em>artige Frau war, zu sagen, damit sie solches ihrem Manne, der schon zu den Truppen in Litthauen (1) abgegangen war, \u00fcberschreiben, und dieser wieder seinem Bruder, dem Generalmajor, davon Nachricht geben k\u00f6nnte. Di\u03b2 geschahe, und ich erhielt einige Zeit darnach die verlangte Antwort.<\/em>&#8220;<\/span><br \/>\n(1) In de Zweedse tekst doorgestreept, waarschijnlijk omdat hij zich al in Wit-Rusland bevond.<\/td>\n<\/tr>\n<tr style=\"height: 28px;\">\n<td style=\"width: 37.8787%; height: 28px;\"><span style=\"color: #0000ff;\"><a style=\"color: #0000ff;\" href=\"https:\/\/play.google.com\/books\/reader?id=-slfAAAAcAAJ&amp;pg=GBS.PA254&amp;hl=nl\"><span class=\"s2\">Pag. 254<\/span><\/a><\/span><\/td>\n<td style=\"width: 37.1213%; height: 28px;\">Pag. 171<\/td>\n<\/tr>\n<tr style=\"height: 140px;\">\n<td style=\"width: 75%; height: 140px;\" colspan=\"2\"><span class=\"s2\">20\/30-08-1708. <\/span><span class=\"s2\"><em>&#8220;Der Oberstlieutenant Meierfelt habe auch schon auf sein obbemeldtes Schreiben von seinem Bruder dem Generalmajor Meierfelt Antwort erhalten. Dieser Antwort war voller Schmachreden wieder den Obersten Stakelberg; dieser habe in allem dem, was er mir nach meiner Abreise von Radoskowitz (&#8230;) wie kein ehrlicher Kerl gelogen (&#8230;).&#8221;<\/em><\/span><\/td>\n<\/tr>\n<tr style=\"height: 28px;\">\n<td style=\"width: 37.8787%; height: 28px;\"><span style=\"color: #0000ff;\"><a style=\"color: #0000ff;\" href=\"https:\/\/books.google.nl\/books?id=-slfAAAAcAAJ&amp;pg=PA3&amp;lpg=PA3&amp;dq=L%C3%B6wenhaupt+Kurzer+Bericht+K%C3%B6nigliche+Dienste&amp;source=bl&amp;ots=NniPzGjPnE&amp;sig=ACfU3U1Tl1zhMXhjDakyYAKnNr-aLNUrWA&amp;hl=nl&amp;sa=X&amp;ved=2ahUKEwidx9f-p7HpAhUGCewKHbiGDwwQ6AEwAHoECAoQAQ#v=onepage&amp;q&amp;f=false\">Pag. 260<\/a><\/span><\/td>\n<td style=\"width: 37.1213%; height: 28px;\">Pag. 175<\/td>\n<\/tr>\n<tr style=\"height: 56px;\">\n<td style=\"width: 75%; height: 56px;\" colspan=\"2\">08-09-1708. Een Poolse priester stelt hem een briefje van Meijerfeldt ter hand dat de koning wenst dat hij zich haast.<\/td>\n<\/tr>\n<tr style=\"height: 28px;\">\n<td style=\"width: 37.8787%; height: 28px;\"><span style=\"color: #0000ff;\"><a style=\"color: #0000ff;\" href=\"https:\/\/play.google.com\/books\/reader?id=-slfAAAAcAAJ&amp;pg=GBS.PA272&amp;hl=nl\"><span class=\"s2\">Pag. 272<\/span><\/a><\/span><\/td>\n<td style=\"width: 37.1213%; height: 28px;\">Pag. 183<\/td>\n<\/tr>\n<tr style=\"height: 140px;\">\n<td style=\"width: 75%; height: 140px;\" colspan=\"2\"><span class=\"s2\">Lesna, 29-09-1708. <\/span><span class=\"s2\">Zeer vroeg in de morgen krijgen Carl Fredrik en majoor Berg opdracht met 400 ruiters en 300 voetvolk een voorhoede te vormen. Na een paar uur laat Meijerfeldt berichten dat de vijand in volle slagorde bij Propoisk klaarligt. Hoewel Lewenhaupt twijfelt of het bericht klopt, stuurt hij er toch het beste deel van zijn troepen naar toe.<\/span><\/td>\n<\/tr>\n<tr style=\"height: 28px;\">\n<td style=\"width: 37.8787%; height: 28px;\"><span style=\"color: #0000ff;\"><a style=\"color: #0000ff;\" href=\"https:\/\/play.google.com\/books\/reader?id=-slfAAAAcAAJ&amp;pg=GBS.PA290&amp;hl=nl\"><span class=\"s2\">Pag. 290<\/span><\/a><\/span><\/td>\n<td style=\"width: 37.1213%; height: 28px;\">Pag. 195<\/td>\n<\/tr>\n<tr style=\"height: 56px;\">\n<td style=\"width: 75%; height: 56px;\" colspan=\"2\"><span class=\"s2\">Lesna, 29-09-1708. <\/span><span class=\"s2\"> Carl Fredrik en majoor Berg hebben 400 ruiters en 300 infanteristen.<\/span><\/td>\n<\/tr>\n<tr style=\"height: 28px;\">\n<td style=\"width: 37.8787%; height: 28px;\"><span style=\"color: #0000ff;\"><a style=\"color: #0000ff;\" href=\"https:\/\/play.google.com\/books\/reader?id=-slfAAAAcAAJ&amp;pg=GBS.PA314&amp;hl=nl\">Pag. 314<\/a><\/span><\/td>\n<td style=\"width: 37.1213%; height: 28px;\">Pag. 212<\/td>\n<\/tr>\n<tr style=\"height: 56px;\">\n<td style=\"width: 75%; height: 56px;\" colspan=\"2\">Rokowitz, 13-10-1708. Karel XII komt aan in Meijerfeldt&#8217;s kwartier, waar Lewenhaupt zijn hand mag kussen.<\/td>\n<\/tr>\n<tr style=\"height: 28px;\">\n<td style=\"width: 37.8787%; height: 28px;\"><span style=\"color: #0000ff;\"><a style=\"color: #0000ff;\" href=\"https:\/\/play.google.com\/books\/reader?id=-slfAAAAcAAJ&amp;pg=GBS.PA364&amp;hl=nl\">Pag. 364<\/a><\/span><\/td>\n<td style=\"width: 37.1213%; height: 28px;\">Pag. 247-248<\/td>\n<\/tr>\n<tr style=\"height: 112px;\">\n<td style=\"width: 75%; height: 80px;\" colspan=\"2\"><span style=\"color: #0000ff;\"><span style=\"color: #000000;\">Poltava, 29 juni 1709. <\/span><\/span><span class=\"s2\" style=\"color: #000000;\">Lewenhaupt arriveert bij de koning in de wagen van Meijerfeldt. Met de bagage zetten zij koers naar Nopy Zenzarie, waar het nog intacte regiment van Meijerfeldt staat. Met z&#8217;n allen gaat het naar Kobilack. <\/span><\/td>\n<\/tr>\n<tr style=\"height: 28px;\">\n<td style=\"width: 37.8787%; height: 28px;\"><span style=\"color: #0000ff;\"><a style=\"color: #0000ff;\" href=\"https:\/\/play.google.com\/books\/reader?id=-slfAAAAcAAJ&amp;pg=GBS.PA372&amp;hl=nl\">Pag. 372<\/a><\/span><\/td>\n<td style=\"width: 37.1213%; height: 28px;\">Pag. 252<\/td>\n<\/tr>\n<tr style=\"height: 28px;\">\n<td style=\"width: 75%; height: 28px;\" colspan=\"2\">Karel XII is terug van de rivier bij het regiment van Meijerfeldt.<\/td>\n<\/tr>\n<tr style=\"height: 28px;\">\n<td style=\"width: 37.8787%; height: 28px;\"><span style=\"color: #0000ff;\"><a style=\"color: #0000ff;\" href=\"https:\/\/play.google.com\/books\/reader?id=-slfAAAAcAAJ&amp;pg=GBS.PA426&amp;hl=nl\"><span class=\"s2\">Pag. 427<\/span> <\/a><\/span><\/td>\n<td style=\"width: 37.1213%; height: 28px;\">Pag. 260-261<\/td>\n<\/tr>\n<tr style=\"height: 28px;\">\n<td style=\"width: 37.8787%; height: 28px;\"><span style=\"color: #0000ff;\"><span class=\"s2\"><span style=\"color: #000000;\">Meijerfeldt&#8217;s dragonders hebben niet<\/span><br \/>\n<\/span><\/span><\/td>\n<td style=\"width: 37.1213%; height: 28px;\">aan de strijd meegedaan.<\/td>\n<\/tr>\n<tr style=\"height: 84px;\">\n<td style=\"width: 37.8787%; height: 84px; background-color: #d5e8eb;\"><strong>Des Generalmajors Carl Gustaf Kreuz kurzer Bericht<\/strong><\/td>\n<td style=\"width: 37.1213%; height: 84px; background-color: #d5e8eb;\"><strong><span style=\"color: #000000;\">General Major Creutzes Relation<\/span><\/strong><\/td>\n<\/tr>\n<tr style=\"height: 28px;\">\n<td style=\"width: 37.8787%; height: 28px; background-color: #d5e8eb;\"><span style=\"color: #0000ff;\"><a style=\"color: #0000ff;\" href=\"https:\/\/play.google.com\/books\/reader?id=-slfAAAAcAAJ&amp;pg=GBS.PA418&amp;hl=nl\"><span class=\"s2\">Pag. 418<\/span><\/a><\/span><\/td>\n<td style=\"width: 37.1213%; height: 28px; background-color: #d5e8eb;\">Pag. 280<\/td>\n<\/tr>\n<tr style=\"height: 46px;\">\n<td style=\"width: 75%; height: 46px; background-color: #d5e8eb;\" colspan=\"2\">\n<p style=\"text-align: justify;\"><span style=\"color: #0000ff;\"><span style=\"color: #000000;\">Poltava, 29 juni 1709. C<\/span><\/span><span class=\"s2\" style=\"color: #000000;\">reuz dringt met twee compagnie\u00ebn van het regiment Meijerfeldt de vijand terug.<\/span><\/p>\n<\/td>\n<\/tr>\n<tr style=\"height: 28px;\">\n<td style=\"width: 37.8787%; height: 28px; background-color: #d5e8eb;\"><\/td>\n<td style=\"width: 37.1213%; height: 28px; background-color: #d5e8eb;\">Pag. 285-286<\/td>\n<\/tr>\n<tr style=\"height: 28px;\">\n<td style=\"width: 75%; height: 28px; background-color: #d5e8eb;\" colspan=\"2\">Lewenhaupt rijdt naar Meijerfeldt&#8217;s regiment.<\/td>\n<\/tr>\n<tr style=\"height: 28px;\">\n<td style=\"width: 37.8787%; background-color: #d5e8eb; height: 28px;\"><strong>EINDE<\/strong><\/td>\n<td style=\"width: 37.1213%; background-color: #d5e8eb; height: 28px;\"><strong><span style=\"color: #000000;\">Gen. Major Roses Relation<\/span><\/strong><\/td>\n<\/tr>\n<tr style=\"height: 28px;\">\n<td style=\"width: 37.8787%; height: 728px; background-color: #fcfafa;\" rowspan=\"8\"><\/td>\n<td style=\"width: 37.1213%; background-color: #d5e8eb; height: 28px;\">Pag. 333<\/td>\n<\/tr>\n<tr style=\"height: 28px;\">\n<td style=\"background-color: #d5e8eb; width: 37.1213%; height: 56px;\">&#8220;\u00d6fwerst Lieut. Mejerfelt&#8221; wordt neergeschoten.<\/td>\n<\/tr>\n<tr style=\"height: 28px;\">\n<td style=\"width: 37.1213%; background-color: #d5e8eb; height: 28px;\">Pag. 336<\/td>\n<\/tr>\n<tr style=\"height: 28px;\">\n<td style=\"background-color: #d5e8eb; width: 37.1213%; height: 56px;\">&#8220;\u00d6fwerst Lieut. Mejerfelt&#8221; is neergeschoten.<\/td>\n<\/tr>\n<tr style=\"height: 28px;\">\n<td style=\"width: 37.1213%; height: 28px;\">Pag. 342-348<\/td>\n<\/tr>\n<tr style=\"height: 196px;\">\n<td style=\"width: 37.1213%; height: 364px;\">Lewenhaupt spreekt Siltmann aan, waarom hij tegen zijn orders toch vanuit het regiment van Meijerfeldt met een tambour naar de Russen was overgegaan. Omdat hij na het vertrek van Karel XII niets nuttigs meer bij de Zweden kon doen, zegt hij (weer). Had me dat vooraf gezegd, antwoordt L.<br \/>\n&#8220;Som Gen: Major Mejerfelt hade uthw\u00e4rckat p\u00e5 sin parole att f\u00e5 g\u00e5 till w\u00e5r n\u00e5digste Konung, kom han en morgen till mig&#8230; lange passages over de kapitulatie en Siltmann.<\/td>\n<\/tr>\n<tr style=\"height: 28px;\">\n<td style=\"width: 37.1213%; height: 28px;\">Pag. 407<\/td>\n<\/tr>\n<tr style=\"height: 84px;\">\n<td style=\"width: 37.1213%; height: 140px;\">11-08-1718. Kapitein D\u00e4ngraf van het regiment van Meijerfeldt luncht met Lewenhaupt. Neemt de hele kwestie met Siltmann, Trauvetter en Meijerfeldt met hem door.<\/td>\n<\/tr>\n<\/tbody>\n<\/table>\n<p>&nbsp;<\/p>\n","protected":false},"excerpt":{"rendered":"<p>Adam Ludwig Lewenhaupt \u201cKurzer Bericht was\u00a0 sich mit mir seit der Zeit, da ich in K\u00f6nigliche Dienste gekommen, bis auf die Kapitulation beym Dnieper zugetragen\u201d, in A.L, von Schl\u00f6zer, \u201cSchwedische Biographie\u201d, deel 1, Altona en L\u00fcbech 1760. \u201cBer\u00e4ttelse\u201d, F\u00f6rord S.E. Bring in Historisk Handlingar, deel 34, Stockholm 1952. F\u00f6rord G.T. Westin in Karolinska Krigare Ber\u00e4ttar, &hellip; <a href=\"https:\/\/meijenfeldt.nl\/?page_id=28054\" class=\"more-link\">Verder lezen <span class=\"screen-reader-text\">Lewenhaupt<\/span><\/a><\/p>\n","protected":false},"author":1,"featured_media":0,"parent":0,"menu_order":0,"comment_status":"closed","ping_status":"closed","template":"","meta":{"footnotes":""},"class_list":["post-28054","page","type-page","status-publish","hentry"],"_links":{"self":[{"href":"https:\/\/meijenfeldt.nl\/index.php?rest_route=\/wp\/v2\/pages\/28054","targetHints":{"allow":["GET"]}}],"collection":[{"href":"https:\/\/meijenfeldt.nl\/index.php?rest_route=\/wp\/v2\/pages"}],"about":[{"href":"https:\/\/meijenfeldt.nl\/index.php?rest_route=\/wp\/v2\/types\/page"}],"author":[{"embeddable":true,"href":"https:\/\/meijenfeldt.nl\/index.php?rest_route=\/wp\/v2\/users\/1"}],"replies":[{"embeddable":true,"href":"https:\/\/meijenfeldt.nl\/index.php?rest_route=%2Fwp%2Fv2%2Fcomments&post=28054"}],"version-history":[{"count":26,"href":"https:\/\/meijenfeldt.nl\/index.php?rest_route=\/wp\/v2\/pages\/28054\/revisions"}],"predecessor-version":[{"id":50172,"href":"https:\/\/meijenfeldt.nl\/index.php?rest_route=\/wp\/v2\/pages\/28054\/revisions\/50172"}],"wp:attachment":[{"href":"https:\/\/meijenfeldt.nl\/index.php?rest_route=%2Fwp%2Fv2%2Fmedia&parent=28054"}],"curies":[{"name":"wp","href":"https:\/\/api.w.org\/{rel}","templated":true}]}}