{"id":27453,"date":"2020-05-08T12:17:42","date_gmt":"2020-05-08T12:17:42","guid":{"rendered":"http:\/\/meijenfeldt.nl\/?page_id=27453"},"modified":"2023-08-10T15:04:58","modified_gmt":"2023-08-10T15:04:58","slug":"27453-2","status":"publish","type":"page","link":"https:\/\/meijenfeldt.nl\/?page_id=27453","title":{"rendered":"BB. Graub\u00fcnden"},"content":{"rendered":"<p><span style=\"font-family: georgia, palatino, serif; font-size: 10pt;\"><span style=\"color: #0000ff;\"><span style=\"color: #000000;\"><span style=\"font-size: 14pt;\"><span style=\"color: #000000; font-size: 10pt;\"><a style=\"color: #0000ff;\" href=\"https:\/\/meijenfeldt.nl\/\">START<\/a>\u00a0\/\u00a0<a style=\"color: #0000ff;\" href=\"https:\/\/meijenfeldt.nl\/?page_id=51152\">B. BIBLIOTHEEK<\/a> \/ <\/span><\/span><span style=\"font-size: 10pt;\"><a style=\"color: #0000ff;\" href=\"https:\/\/meijenfeldt.nl\/?page_id=14300\">B. BIBLIOGRAFIE<\/a> \/ GRAUB\u00dcNDEN<\/span><\/span><\/span><\/span><\/p>\n<p style=\"text-align: center;\"><span style=\"color: #800000;\"><strong>Hortensia von Salis-Mayenfeld <\/strong>(1659-1715)<\/span><\/p>\n<table style=\"border-collapse: collapse; width: 100%; height: 564px;\">\n<tbody>\n<tr style=\"height: 536px;\">\n<td style=\"width: 50%; height: 536px;\">\n<p style=\"text-align: center;\"><img loading=\"lazy\" decoding=\"async\" class=\"alignnone wp-image-27466\" src=\"https:\/\/meijenfeldt.nl\/wp-content\/uploads\/2020\/05\/1A6F4B4C-4441-4E93-B303-9FF8568D61CC-178x300.jpeg\" alt=\"\" width=\"330\" height=\"557\" srcset=\"https:\/\/meijenfeldt.nl\/wp-content\/uploads\/2020\/05\/1A6F4B4C-4441-4E93-B303-9FF8568D61CC-178x300.jpeg 178w, https:\/\/meijenfeldt.nl\/wp-content\/uploads\/2020\/05\/1A6F4B4C-4441-4E93-B303-9FF8568D61CC-608x1024.jpeg 608w, https:\/\/meijenfeldt.nl\/wp-content\/uploads\/2020\/05\/1A6F4B4C-4441-4E93-B303-9FF8568D61CC.jpeg 619w\" sizes=\"auto, (max-width: 330px) 100vw, 330px\" \/><\/p>\n<\/td>\n<td style=\"width: 50%; height: 536px;\">\n<p style=\"text-align: center;\"><img loading=\"lazy\" decoding=\"async\" class=\"alignnone wp-image-27463\" src=\"https:\/\/meijenfeldt.nl\/wp-content\/uploads\/2020\/05\/68C3F9EF-CD6A-46C1-88EB-C00F372A8BD0-171x300.jpeg\" alt=\"\" width=\"301\" height=\"528\" srcset=\"https:\/\/meijenfeldt.nl\/wp-content\/uploads\/2020\/05\/68C3F9EF-CD6A-46C1-88EB-C00F372A8BD0-171x300.jpeg 171w, https:\/\/meijenfeldt.nl\/wp-content\/uploads\/2020\/05\/68C3F9EF-CD6A-46C1-88EB-C00F372A8BD0-585x1024.jpeg 585w, https:\/\/meijenfeldt.nl\/wp-content\/uploads\/2020\/05\/68C3F9EF-CD6A-46C1-88EB-C00F372A8BD0-768x1344.jpeg 768w, https:\/\/meijenfeldt.nl\/wp-content\/uploads\/2020\/05\/68C3F9EF-CD6A-46C1-88EB-C00F372A8BD0-877x1536.jpeg 877w, https:\/\/meijenfeldt.nl\/wp-content\/uploads\/2020\/05\/68C3F9EF-CD6A-46C1-88EB-C00F372A8BD0-1170x2048.jpeg 1170w, https:\/\/meijenfeldt.nl\/wp-content\/uploads\/2020\/05\/68C3F9EF-CD6A-46C1-88EB-C00F372A8BD0-scaled.jpeg 1462w\" sizes=\"auto, (max-width: 301px) 100vw, 301px\" \/><\/p>\n<\/td>\n<\/tr>\n<tr style=\"height: 28px;\">\n<td style=\"width: 50%; height: 28px;\"><span class=\"fn\" style=\"color: #000000;\"><span dir=\"ltr\"><em><strong>\u2014 <\/strong><\/em><i><span style=\"color: #0000ff;\"><a style=\"color: #0000ff;\" href=\"https:\/\/books.google.se\/books?id=SLAts0Z3XyEC&amp;pg=PP3&amp;lpg=PP3&amp;dq=salis+Glaubens-Rechenschafft&amp;source=bl&amp;ots=Ld8Tvx-KCK&amp;sig=ACfU3U0v1hcI_bs4Hf6-GBNLKi3WDEIs9w&amp;hl=nl&amp;sa=X&amp;ved=2ahUKEwiKjteKvqbpAhVETt8KHePiAsMQ6AEwAXoECAoQAQ\">Glaubens-Rechenschafft einer Hochadenlichen \/ Reformiert=Evangelischen Dame, vor einem F\u00fcrnemen Geistlichen Herren \/ R\u00f6misch=Catholischer Religion \/ auf vorgehende freundliche Forderung abgeleget, darinn beyl\u00e4uffig das neulich angekommene B\u00fcchlein \/ Me\u03b2blum genennt etc.<\/a><\/span>, tweede druk, <\/i>1695.<\/span><\/span><\/td>\n<td style=\"width: 50%; height: 28px;\"><span style=\"color: #000000;\"><em><strong>\u2014 <\/strong><span style=\"color: #0000ff;\"><a style=\"color: #0000ff;\" href=\"https:\/\/www.e-rara.ch\/zuz\/ch17\/content\/zoom\/3623011\">Geist= und Lehr=Reiche Conversations Gespr\u00e4che \/ Welche in ansehenlicher Gesellschaft \/ bey unterschidlichem Anlaa\u03b2 \/ von G\u00f6ttlichen \/ Sittlichen und Nat\u00fcrlichen Sachen, jetzund aber durch eine hoch-adenliche Dame alss fuornemstes Glid derselbigen zu gemeiner und eigener Belustigung, abs\u00f6nderlich dem Frauenzimmer zu Ehren, in Form eines Romans zu Papeir gebracht worden.<\/a><\/span> \u00a0<\/em>Z\u00fcrich<em>\u00a0<\/em>1696.<\/span><\/td>\n<\/tr>\n<\/tbody>\n<\/table>\n<p><em><strong>\u2014 <\/strong>Geb\u00e4t<\/em><\/p>\n<p style=\"text-align: center;\"><span style=\"color: #800000;\"><strong>Ludwig<\/strong> <strong>Rudolf von Salis-Mayenfeld <\/strong>(1863-1934)<\/span><\/p>\n<p style=\"text-align: justify;\"><em><strong>\u2014\u00a0 <\/strong><span style=\"color: #0000ff;\"><a style=\"color: #0000ff;\" href=\"https:\/\/www.europeana.eu\/nl\/item\/9200520\/ark__12148_bpt6k95234w\">Leges Burgundionum<\/a><\/span>, <span id=\"productTitle\" class=\"a-size-extra-large\"><\/span><\/em><span id=\"productSubtitle\" class=\"a-size-large a-color-secondary\">Hannover 1882 BK.<br \/>\n<em><strong>\u2014\u00a0 <\/strong><\/em><\/span><span style=\"color: #0000ff;\"><a style=\"color: #0000ff;\" href=\"https:\/\/catalog.hathitrust.org\/Record\/100360016\"><cite>Beitr\u00e4ge zur geschichte des pers\u00f6nlichen eherechts in Graub\u00fcnden<\/cite><\/a><\/span>, Bazel, 1886.<br \/>\n<span id=\"productSubtitle\" class=\"a-size-large a-color-secondary\"><em><strong>\u2014\u00a0 <\/strong><\/em><\/span><cite><\/cite><span style=\"color: #0000ff;\"><a style=\"color: #0000ff;\" href=\"https:\/\/catalog.hathitrust.org\/Record\/100395289\"><cite>Ehescheidungs- und Ehenichtigkeitssachen ausl\u00e4ndisher Ehegatten in der Schweiz microform: Untersuchung \u00fcber Art. 56 des eidgen\u00f6ssischen Bundesgesetzes betreffend Feststellung und Beurkundung des Civilstandes und die Ehe, vom 24. Dezember 1874<\/cite><\/a><\/span>, Bazel 1888.<br \/>\n<span id=\"productSubtitle\" class=\"a-size-large a-color-secondary\"><em><strong>\u2014\u00a0 <\/strong><\/em><\/span><span style=\"color: #0000ff;\"><a style=\"color: #0000ff;\" href=\"https:\/\/catalog.hathitrust.org\/Record\/100402576\"><cite>Die publikation des tridentinischen rechts der eheschliesung<\/cite><\/a><\/span>, Bazel 1888.<br \/>\n<span id=\"productSubtitle\" class=\"a-size-large a-color-secondary\"><em><strong>\u2014\u00a0 <\/strong><\/em><\/span><cite><\/cite><span style=\"color: #0000ff;\"><a style=\"color: #0000ff;\" href=\"https:\/\/catalog.hathitrust.org\/Record\/008397461\"><cite>Die Entwicklung der Kultusfreiheit in der Schweiz : Festschrift dem Schweiz. Juristenverein bei seiner Versammlung in Basel im Jahre 1894<\/cite><\/a><\/span>, Bazel 1894.<br \/>\n<span id=\"productSubtitle\" class=\"a-size-large a-color-secondary\"><em><strong>\u2014\u00a0 <\/strong><\/em><\/span><cite><\/cite><cite><\/cite><span style=\"color: #0000ff;\"><a style=\"color: #0000ff;\" href=\"https:\/\/catalog.hathitrust.org\/Record\/100359972\"><cite>Die genehmigung der statuten der eisenbahn-gesellschaften durch den bundesrat (Art. 7abs. 1 des eisenbahngesetzes vom 23. dez, 1872); rechtsgutachten erstattet der direktion der schweizerischen nordostbahn<\/cite><\/a><\/span>, Z\u00fcrich, 1896.<br \/>\n<em><strong>\u2014\u00a0 <\/strong><\/em><span style=\"color: #0000ff;\"><a style=\"color: #0000ff;\" href=\"https:\/\/catalog.hathitrust.org\/Record\/010444227\"><cite>Schweizerisches Bundesrecht: Staatsrechtliche und verwaltungsrechtliche Praxis des Bundesrates und der Bundesversammlung seit dem 29. Mai 1874: Im Auftrage des Schweizerischen Bundesrates<\/cite><\/a><\/span>, Bern <span class=\"subtitle\"><span dir=\"ltr\">1891-1894.<br \/>\n<\/span><\/span><em><strong>\u2014\u00a0 <\/strong><\/em><a href=\"https:\/\/catalog.hathitrust.org\/Record\/100359842\"><cite><span style=\"color: #0000ff;\">Rechtsgutachten betreffend das Schulgebet in den \u00f6ffentlichen Schulen von Flums<\/span>,<\/cite><\/a> Z\u00fcrich 1907.<\/p>\n","protected":false},"excerpt":{"rendered":"<p>START\u00a0\/\u00a0B. BIBLIOTHEEK \/ B. BIBLIOGRAFIE \/ GRAUB\u00dcNDEN Hortensia von Salis-Mayenfeld (1659-1715) \u2014 Glaubens-Rechenschafft einer Hochadenlichen \/ Reformiert=Evangelischen Dame, vor einem F\u00fcrnemen Geistlichen Herren \/ R\u00f6misch=Catholischer Religion \/ auf vorgehende freundliche Forderung abgeleget, darinn beyl\u00e4uffig das neulich angekommene B\u00fcchlein \/ Me\u03b2blum genennt etc., tweede druk, 1695. \u2014 Geist= und Lehr=Reiche Conversations Gespr\u00e4che \/ Welche in ansehenlicher &hellip; <a href=\"https:\/\/meijenfeldt.nl\/?page_id=27453\" class=\"more-link\">Verder lezen <span class=\"screen-reader-text\">BB. Graub\u00fcnden<\/span><\/a><\/p>\n","protected":false},"author":1,"featured_media":0,"parent":0,"menu_order":0,"comment_status":"closed","ping_status":"closed","template":"","meta":{"footnotes":""},"class_list":["post-27453","page","type-page","status-publish","hentry"],"_links":{"self":[{"href":"https:\/\/meijenfeldt.nl\/index.php?rest_route=\/wp\/v2\/pages\/27453","targetHints":{"allow":["GET"]}}],"collection":[{"href":"https:\/\/meijenfeldt.nl\/index.php?rest_route=\/wp\/v2\/pages"}],"about":[{"href":"https:\/\/meijenfeldt.nl\/index.php?rest_route=\/wp\/v2\/types\/page"}],"author":[{"embeddable":true,"href":"https:\/\/meijenfeldt.nl\/index.php?rest_route=\/wp\/v2\/users\/1"}],"replies":[{"embeddable":true,"href":"https:\/\/meijenfeldt.nl\/index.php?rest_route=%2Fwp%2Fv2%2Fcomments&post=27453"}],"version-history":[{"count":27,"href":"https:\/\/meijenfeldt.nl\/index.php?rest_route=\/wp\/v2\/pages\/27453\/revisions"}],"predecessor-version":[{"id":51585,"href":"https:\/\/meijenfeldt.nl\/index.php?rest_route=\/wp\/v2\/pages\/27453\/revisions\/51585"}],"wp:attachment":[{"href":"https:\/\/meijenfeldt.nl\/index.php?rest_route=%2Fwp%2Fv2%2Fmedia&parent=27453"}],"curies":[{"name":"wp","href":"https:\/\/api.w.org\/{rel}","templated":true}]}}