{"id":26830,"date":"2020-04-25T12:25:52","date_gmt":"2020-04-25T12:25:52","guid":{"rendered":"http:\/\/meijenfeldt.nl\/?page_id=26830"},"modified":"2023-08-10T15:24:47","modified_gmt":"2023-08-10T15:24:47","slug":"nationaal-archief-letland","status":"publish","type":"page","link":"https:\/\/meijenfeldt.nl\/?page_id=26830","title":{"rendered":"AL. Archief Letland"},"content":{"rendered":"<p><span style=\"color: #000000; font-size: 10pt;\"><a style=\"color: #000000;\" href=\"https:\/\/meijenfeldt.nl\/\"><span style=\"color: #0000ff;\">START<\/span><\/a>\u00a0\/\u00a0<span style=\"color: #0000ff;\"><a style=\"color: #0000ff;\" href=\"https:\/\/meijenfeldt.nl\/?page_id=749\">A. ARCHIEVEN<\/a><\/span> \/ <span style=\"color: #0000ff;\"><a style=\"color: #0000ff;\" href=\"https:\/\/meijenfeldt.nl\/?page_id=26825\">L. LIJFLAND<\/a><\/span> \/ <\/span><span style=\"font-size: 10pt;\"><span style=\"color: #000000;\"><span style=\"color: #0000ff;\"><a style=\"color: #0000ff;\" href=\"https:\/\/eresursi.arhivi.gov.lv\/\">LNA. LATVIJAS NACION\u00c3LAIS ARH\u012aVS<\/a><\/span><\/span><\/span><\/p>\n<p><span style=\"color: #000000;\">KIRCHB\u00dcCHER, EVANGELISCH-LUTHERS<\/span><\/p>\n<p><strong>Kirchspiel Lemsal, Johannisgemeinde,<\/strong> Copulirte 1690-1697<\/p>\n<p><span style=\"color: #0000ff;\"><a style=\"color: #0000ff;\" href=\"https:\/\/www.familysearch.org\/ark:\/61903\/3:1:3Q9M-CS53-937L-7?i=94&amp;cat=508847\">deel I, pag. 44<\/a>, <span style=\"color: #000000;\">16 januari 1695<\/span><\/span><\/p>\n<p><img loading=\"lazy\" decoding=\"async\" class=\"\" src=\"https:\/\/meijenfeldt.nl\/wp-content\/uploads\/2022\/04\/Huwelijksacte-CFM-met-ACH-1--300x58.jpg\" width=\"564\" height=\"109\" \/><\/p>\n<p>1700-1833, <span style=\"color: #0000ff;\"><a style=\"color: #0000ff;\" href=\"https:\/\/www.familysearch.org\/ark:\/61903\/3:1:3Q9M-CS5S-DQBH-X?i=387&amp;cc=1932350&amp;personaUrl=%2Fark%3A%2F61903%2F1%3A1%3A6D7Q-TBV7\">LR 9010, folio 189<\/a><\/span><\/p>\n<p><img loading=\"lazy\" decoding=\"async\" class=\"\" src=\"https:\/\/meijenfeldt.nl\/wp-content\/uploads\/2022\/04\/Huwelijksacte-Carl-Friedrich-met-Hastfer-300x79.jpg\" width=\"562\" height=\"148\" \/><\/p>\n<p><span style=\"color: #000000;\"><strong>Kirchspiel Riga, St. Jacobi<\/strong>, Tauf-, Trau- und Leichenbuch, 1668-1704<\/span><\/p>\n<p><span style=\"color: #000000;\"><span style=\"color: #0000ff;\"><a style=\"color: #0000ff;\" href=\"https:\/\/www.raduraksti.arhivi.lv\/objects\/1:4:11:2055:2472:23734#&amp;gid=1&amp;pid=122\">Pag. 244<\/a><\/span>, 2 juli 1699<\/span><\/p>\n<p><span style=\"color: #000000;\"><a style=\"color: #000000;\" href=\"http:\/\/www.lvva-raduraksti.lv\/en\/menu\/lv\/2\/ig\/1\/ie\/239\/book\/7548.html\"><img loading=\"lazy\" decoding=\"async\" class=\"alignnone wp-image-21789\" src=\"https:\/\/meijenfeldt.nl\/wp-content\/uploads\/2019\/12\/Riga-St-Jacobi-1699-244-300x112.jpg\" sizes=\"auto, (max-width: 439px) 100vw, 439px\" srcset=\"https:\/\/meijenfeldt.nl\/wp-content\/uploads\/2019\/12\/Riga-St-Jacobi-1699-244-300x112.jpg 300w, https:\/\/meijenfeldt.nl\/wp-content\/uploads\/2019\/12\/Riga-St-Jacobi-1699-244-768x287.jpg 768w, https:\/\/meijenfeldt.nl\/wp-content\/uploads\/2019\/12\/Riga-St-Jacobi-1699-244.jpg 943w\" alt=\"\" width=\"568\" height=\"212\" \/><\/a><\/span><\/p>\n<p><span style=\"color: #000000;\"><span style=\"color: #0000ff;\"><a style=\"color: #0000ff;\" href=\"https:\/\/www.raduraksti.arhivi.lv\/objects\/1:4:11:2055:2472:23734#&amp;gid=1&amp;pid=152\">Pag. 302<\/a><\/span>, 2 december 1704<\/span><\/p>\n<p><span style=\"color: #000000;\"><img loading=\"lazy\" decoding=\"async\" class=\"alignnone wp-image-21790\" src=\"https:\/\/meijenfeldt.nl\/wp-content\/uploads\/2019\/12\/Riga-St-Jacobi-1704-302-300x169.jpg\" sizes=\"auto, (max-width: 442px) 100vw, 442px\" srcset=\"https:\/\/meijenfeldt.nl\/wp-content\/uploads\/2019\/12\/Riga-St-Jacobi-1704-302-300x169.jpg 300w, https:\/\/meijenfeldt.nl\/wp-content\/uploads\/2019\/12\/Riga-St-Jacobi-1704-302.jpg 766w\" alt=\"\" width=\"563\" height=\"317\" \/><\/span><\/p>\n<p><span style=\"color: #000000;\"><strong>Kirchspiel Riga, St. Petri<\/strong>, Leichenbuch, 1657-1811<\/span><\/p>\n<p><span style=\"color: #000000;\"><span style=\"color: #0000ff;\"><a style=\"color: #0000ff;\" href=\"https:\/\/www.raduraksti.arhivi.lv\/objects\/1:4:11:2055:2474:23855#&amp;gid=1&amp;pid=52\">Pag. 92, nr. 13<\/a><\/span>, 7 april 1692<\/span><\/p>\n<p><span style=\"color: #000000;\"><img loading=\"lazy\" decoding=\"async\" class=\"alignnone wp-image-21791\" src=\"https:\/\/meijenfeldt.nl\/wp-content\/uploads\/2019\/12\/Riga-St-Petri-1692-92-300x40.jpg\" sizes=\"auto, (max-width: 443px) 100vw, 443px\" srcset=\"https:\/\/meijenfeldt.nl\/wp-content\/uploads\/2019\/12\/Riga-St-Petri-1692-92-300x40.jpg 300w, https:\/\/meijenfeldt.nl\/wp-content\/uploads\/2019\/12\/Riga-St-Petri-1692-92-768x102.jpg 768w, https:\/\/meijenfeldt.nl\/wp-content\/uploads\/2019\/12\/Riga-St-Petri-1692-92.jpg 799w\" alt=\"\" width=\"571\" height=\"76\" \/><\/span><\/p>\n<p><strong><span style=\"color: #000000;\">Diversen<\/span><\/strong><\/p>\n<p><span style=\"color: #000000;\">Bestand 4011: Perso\u00adnen in Riga und im Balti\u00adcum, Register II, Akte 3752.<\/span><\/p>\n<p><span style=\"color: #000000;\">[CH\/236c]<\/span><\/p>\n","protected":false},"excerpt":{"rendered":"<p>START\u00a0\/\u00a0A. ARCHIEVEN \/ L. LIJFLAND \/ LNA. LATVIJAS NACION\u00c3LAIS ARH\u012aVS KIRCHB\u00dcCHER, EVANGELISCH-LUTHERS Kirchspiel Lemsal, Johannisgemeinde, Copulirte 1690-1697 deel I, pag. 44, 16 januari 1695 1700-1833, LR 9010, folio 189 Kirchspiel Riga, St. Jacobi, Tauf-, Trau- und Leichenbuch, 1668-1704 Pag. 244, 2 juli 1699 Pag. 302, 2 december 1704 Kirchspiel Riga, St. Petri, Leichenbuch, 1657-1811 Pag. &hellip; <a href=\"https:\/\/meijenfeldt.nl\/?page_id=26830\" class=\"more-link\">Verder lezen <span class=\"screen-reader-text\">AL. Archief Letland<\/span><\/a><\/p>\n","protected":false},"author":1,"featured_media":0,"parent":0,"menu_order":0,"comment_status":"closed","ping_status":"closed","template":"","meta":{"footnotes":""},"class_list":["post-26830","page","type-page","status-publish","hentry"],"_links":{"self":[{"href":"https:\/\/meijenfeldt.nl\/index.php?rest_route=\/wp\/v2\/pages\/26830","targetHints":{"allow":["GET"]}}],"collection":[{"href":"https:\/\/meijenfeldt.nl\/index.php?rest_route=\/wp\/v2\/pages"}],"about":[{"href":"https:\/\/meijenfeldt.nl\/index.php?rest_route=\/wp\/v2\/types\/page"}],"author":[{"embeddable":true,"href":"https:\/\/meijenfeldt.nl\/index.php?rest_route=\/wp\/v2\/users\/1"}],"replies":[{"embeddable":true,"href":"https:\/\/meijenfeldt.nl\/index.php?rest_route=%2Fwp%2Fv2%2Fcomments&post=26830"}],"version-history":[{"count":20,"href":"https:\/\/meijenfeldt.nl\/index.php?rest_route=\/wp\/v2\/pages\/26830\/revisions"}],"predecessor-version":[{"id":57826,"href":"https:\/\/meijenfeldt.nl\/index.php?rest_route=\/wp\/v2\/pages\/26830\/revisions\/57826"}],"wp:attachment":[{"href":"https:\/\/meijenfeldt.nl\/index.php?rest_route=%2Fwp%2Fv2%2Fmedia&parent=26830"}],"curies":[{"name":"wp","href":"https:\/\/api.w.org\/{rel}","templated":true}]}}