{"id":2675,"date":"2017-02-13T20:39:39","date_gmt":"2017-02-13T20:39:39","guid":{"rendered":"http:\/\/celinevonmeijenfeldt.nl\/?page_id=2675"},"modified":"2025-03-29T07:47:49","modified_gmt":"2025-03-29T07:47:49","slug":"3-6-1-pommeren","status":"publish","type":"page","link":"https:\/\/meijenfeldt.nl\/?page_id=2675","title":{"rendered":"4.7.5. Pommeren"},"content":{"rendered":"<p style=\"text-align: justify;\"><span style=\"font-family: georgia, palatino, serif; font-size: 12pt;\">Het hertogdom Pommeren kent een langdurige <\/span><em style=\"font-family: georgia, palatino, serif; font-size: 16px;\">Schwedenzeit<\/em><span style=\"font-family: georgia, palatino, serif; font-size: 16px;\">. <\/span><span style=\"font-family: georgia, palatino, serif; font-size: 12pt;\">Het begint en eindigt met het garnizoen van Stralsund.\u00a0<\/span><span style=\"font-family: georgia, palatino, serif; font-size: 16px;\">Zweden\u00a0<\/span><span style=\"font-family: georgia, palatino, serif; font-size: 16px;\">ontzet de stad i<\/span><span style=\"font-family: georgia, palatino, serif; font-size: 16px;\">n 1630 van het beleg door Wallenstein en krijgt het militaire bestuur over het hele gebied<\/span><span style=\"font-family: georgia, palatino, serif; font-size: 12pt;\">. Na de vredes van 1648 en en<\/span><span style=\"font-family: georgia, palatino, serif; font-size: 12pt;\"> 1720 krijg Zweden ook het bestuur, maar dan wel over een steeds kleiner deel, tot aan de overdracht aan Pruisen in 1813. Het Zweedse geslacht woont in die tijd in deze gebieden. De <span style=\"color: #0000ff;\"><a style=\"color: #0000ff;\" href=\"https:\/\/meijenfeldt.nl\/?page_id=63232\">naamgenoten<\/a><\/span> in die periode zijn behandeld. Na het vertrek van de Zweden zijn er in Stettin <\/span><span style=\"font-family: georgia, palatino, serif; font-size: 12pt;\">en Stralsund nog naamgenoten bijgekomen.<\/span><\/p>\n<p><span style=\"font-family: georgia, palatino, serif; font-size: 12pt; color: #000000;\">P.a. <strong>Michael<\/strong> Meyerfeldt, dragonder<\/span><span style=\"color: #000000; font-family: georgia, palatino, serif; font-size: 16px;\"> regiment Beieren, Stettin, <\/span><span style=\"color: #000000; font-family: georgia, palatino, serif; font-size: 12pt;\">\u221e Pasewalk, kirche Milit\u00e4rgemeinde, <\/span><span style=\"color: #000000; font-family: georgia, palatino, serif; font-size: 12pt;\">\u00a030-07-1764 <\/span><em style=\"color: #000000; font-family: georgia, palatino, serif; font-size: 12pt;\">Anna Margaretha Elisabeth Muller.<\/em><span style=\"color: #000000; font-family: georgia, palatino, serif; font-size: 12pt;\">\u00a0<\/span><\/p>\n<p style=\"text-align: justify;\"><span style=\"color: #000000; font-family: georgia, palatino, serif; font-size: 12pt;\">P.z. <strong>Heinrich<\/strong> Meyerfeld is tussen 1770 en 1790 scheepkapitein in Stralsund. Het kan zijn dat hij dezelfde is die in 1743 met de voornaam <em>Hinr.<\/em> als nieuwe burger van de nabij gelegen stad Grimmen wordt ingeschreven.<span style=\"color: #0000ff;\"> <a style=\"color: #0000ff;\" href=\"#voetnoot\">(1)<\/a><\/span><\/span><\/p>\n<p style=\"text-align: justify;\"><span style=\"color: #000000; font-family: georgia, palatino, serif; font-size: 12pt;\">P.b.<strong>\u00a0Wilhelm Otto<\/strong> Meyernfeld, ondertekent Stettin 06-08-1829 een schuldbekentenis van 1.325 Thaler Courant tegen 5% rente aan Michael Loesike.<\/span><\/p>\n<p style=\"text-align: justify;\"><span style=\"color: #000000; font-family: georgia, palatino, serif; font-size: 12pt;\">P.c. <strong>Johann Andreas Heinrich,\u00a0<\/strong>* 02-11-1805, \u2020 Cammin 09-10-1848 (cholera), kleermaker, \u221e St. Jakobi, Stettin-Stadt 18-01-1844 <em>Charlotte Erdmunthe Schlenker<\/em>, * 1814\/5, dochter van Michael Schlenkert (&gt;1851), (\u221e2 Cammin 1851 Friedrich Ferdinand Kr\u00fcger), kinderen:<\/span><\/p>\n<p style=\"text-align: justify;\"><span style=\"color: #000000; font-family: georgia, palatino, serif; font-size: 12pt;\">P.c1. <strong>Helene Marie,\u00a0<\/strong>* Stettin-Stadt 30-06-1844, \u2248 St. Jacobi 21-07-1844, \u2020 v\u00f3\u00f3r 1848.<\/span><\/p>\n<p style=\"text-align: justify;\"><span style=\"color: #000000; font-family: georgia, palatino, serif; font-size: 12pt;\">P.c2. <strong>Anne Marie Josephine, <\/strong>* Stettin-Stadt 13-02-1846, \u2248 St. Jacobi 19-03-1846, \u2020 Berlin 06-05-1907, \u221e Berlijn, Dreifaltigkeitskirche 29-12-1872, <em>Otto Emil Hermann Schultz<\/em>, * 09-04-1848, zoon van Otto Emil Hermann Schultz.<\/span><\/p>\n<p style=\"text-align: justify;\"><span style=\"color: #000000; font-family: georgia, palatino, serif; font-size: 12pt;\">P.c3. <strong>Bertha Wilhelmina Carolina, <\/strong>* Cammin 18-11-1848. \u2248 Stettin, St. Jacobi 26-11-1848, \u221e St. Jakobi, Stettin 1868 <em>Eugen Louis Weichhan<\/em>, * Krotoczin 12-05-1848, \u2020 v\u00f3\u00f3r 1906,\u00a0 koopman, zoon van Carl Weichhan en Gr\u00f6ger, # Rauten-Stra\u03b2e 28, Nordhausen 1906, <\/span><span style=\"color: #000000; font-family: georgia, palatino, serif; font-size: 16px;\">kinderen.\u00a0<\/span><\/p>\n<p style=\"text-align: justify;\"><span style=\"color: #000000; font-family: georgia, palatino, serif; font-size: 12pt;\">P.e. <strong>Theodor Johann Christian <\/strong>Gau oder Meyerfeldt, \u221e <em>Marie Johanne Haack<\/em>, zoon:<\/span><\/p>\n<p style=\"text-align: justify;\"><span style=\"color: #000000; font-family: georgia, palatino, serif; font-size: 12pt;\">P.e1?<strong>\u00a0Otto Heinrich Samuel<\/strong>, * Bredow, Stettin 1861, \u2020 Randow, Stettin 02-12-1927 (66 jr), \u2261\u00a0<\/span><span style=\"color: #000000; font-family: georgia, palatino, serif; font-size: 16px;\">Frauendorf<\/span><span style=\"color: #000000; font-family: georgia, palatino, serif; font-size: 16px;\">\u00a0<\/span><span style=\"color: #000000; font-family: georgia, palatino, serif; font-size: 12pt;\">05-12-1927, militair WO I, 07-09-1915 <\/span><span style=\"color: #000000; font-family: georgia, palatino, serif; font-size: 12pt;\">licht gewond, \u221e Randow, Stettin 13-02-1888 <em>Anna Louise Groth<\/em>, kinderen:<\/span><\/p>\n<p><span style=\"font-family: georgia, palatino, serif; font-size: 12pt; color: #000000;\">P.e11. <strong>Carl Albert Hermann<\/strong>, * Stettin 05-03-1889, \u2248 Bredow 26-05-1889.<\/span><\/p>\n<p><span style=\"font-family: georgia, palatino, serif; font-size: 12pt; color: #000000;\">P.e12. <strong>Theodor Friedrich Erdmann<\/strong>, * Stettin 17-03-1891, \u2248 Randow 31-05-1891.<\/span><\/p>\n<p><span style=\"color: #000000; font-family: georgia, palatino, serif; font-size: 12pt;\">P.e13. <strong>Walter Ernst Richard<\/strong>, * Stettin 01-10-1892, \u2248 Randow 26-12-1892.<\/span><\/p>\n<p><span style=\"color: #000000; font-family: georgia, palatino, serif; font-size: 12pt;\">P.e2. <strong>Albert Heinrich Ludwig<\/strong>, * Stettin 27-06-1863.<\/span><\/p>\n<p><span style=\"color: #000000; font-family: georgia, palatino, serif; font-size: 12pt;\">P.e3. <strong>Hermann Heinrich Hugo,\u00a0<\/strong>*\u00a0<\/span><span style=\"color: #000000; font-family: georgia, palatino, serif; font-size: 16px;\">Grabow, <\/span><span style=\"color: #000000; font-family: georgia, palatino, serif; font-size: 12pt;\">Stettin 08-09-1865, \u2248 St. Peter en Paul 11-10-1865.<\/span><\/p>\n<p><span style=\"color: #000000; font-family: georgia, palatino, serif; font-size: 12pt;\">P.e4. <strong>Carl Julius\u00a0Robert<\/strong><strong>,\u00a0<\/strong>*\u00a0<\/span><span style=\"color: #000000; font-family: georgia, palatino, serif; font-size: 16px;\">Grabow, <\/span><span style=\"color: #000000; font-family: georgia, palatino, serif; font-size: 12pt;\">Stettin of Berlijn 09-10\/12-1867, \u2248 St. Peter en Paul, Stettin Randow 02-01\/02-1868, \u2020 Berlijn Luisenstadt 10-05-1869, \u2261 St Thomas 13-05-1869.<\/span><\/p>\n<p style=\"text-align: justify;\"><span style=\"color: #000000; font-family: georgia, palatino, serif; font-size: 12pt;\">P.f.<strong> Anna Josephine<\/strong>, * Stettin 1864, \u2020 Berlijn 04-03-1919,\u00a0\u221e\u00a0<em>Hans Schultz.<\/em><\/span><\/p>\n<p><span style=\"font-family: georgia, palatino, serif; font-size: 12pt; color: #000000;\">P.g. <strong>Albert Friedrich Carl<\/strong>, * Greifswald <\/span><span style=\"color: #000000; font-family: georgia, palatino, serif; font-size: 16px;\">21-08-1847<\/span><span style=\"color: #000000; font-family: georgia, palatino, serif; font-size: 16px;\">\u00a0<\/span><span style=\"color: #000000; font-family: georgia, palatino, serif; font-size: 12pt;\">, \u221e <\/span><em style=\"color: #000000; font-family: georgia, palatino, serif; font-size: 12pt;\">Johanna Freiherr<\/em><span style=\"color: #000000; font-family: georgia, palatino, serif; font-size: 12pt;\">, kinderen:<\/span><\/p>\n<p><span style=\"font-family: georgia, palatino, serif; font-size: 12pt; color: #000000;\">P.g1. <strong>Ella Anna Marie<\/strong>, * Randow, Stettin 14-11-1888.<\/span><\/p>\n<p><span style=\"color: #000000; font-family: georgia, palatino, serif; font-size: 12pt;\">P.h.<strong> Karl<\/strong>, * Bredow, Stettin, sanitair onderofficier, tijdens WO I september 1917 eerst vermist daarna gevangen gemeld, 03-04-1918 vrijgelaten en naar huis teruggekeerd.<\/span><\/p>\n<p style=\"text-align: justify;\"><span style=\"color: #000000; font-family: georgia, palatino, serif; font-size: 12pt;\">P.i. <strong>Helmuth Hermann Albert<\/strong>, * Stettin 02-09-1919, onderofficier, \u2020 Losowenka 27-05-1942, ? massagraf Charkow (Oekra\u00efne).<\/span><\/p>\n<p><span style=\"color: #000000; font-family: georgia, palatino, serif; font-size: 12pt;\">P.j. <strong>Luise<\/strong>, Kolonialwrhandlg., Augustw. , # 1943 Danzigerweg 14, Stettin.<\/span><\/p>\n<p><span style=\"color: #000000; font-family: georgia, palatino, serif; font-size: 12pt;\">P.k. <strong>Otto<\/strong>, Kaufm., # 1943 Gustav-Adolf-Str. 30, Stettin.<\/span><\/p>\n<p><span style=\"color: #000000; font-family: georgia, palatino, serif; font-size: 12pt;\">P.l. <strong>W.<\/strong>, Tapeziermstr., Altdamm, # Greigenhagener Str. 33 E, Stettin.<\/span><\/p>\n<p><span style=\"color: #000000; font-family: georgia, palatino, serif; font-size: 12pt;\">P.m. <strong>Walter<\/strong>, Schlosser, # Gustav-Adolf-Str. 13, Stettin.<\/span><\/p>\n<p style=\"text-align: center;\"><span style=\"font-size: 10pt; color: #000000;\"><span style=\"color: #0000ff;\"><a id=\"voetnoot\"><\/a><a style=\"color: #0000ff;\" href=\"https:\/\/meijenfeldt.nl\/?page_id=2669\">Terug<\/a>\u00a0<\/span> \u00a0***\u00a0 \u00a0<span style=\"color: #0000ff;\"><a style=\"color: #0000ff;\" href=\"https:\/\/meijenfeldt.nl\/?page_id=2780\">Verder<\/a><\/span><\/span><\/p>\n<p><span style=\"color: #000000;\"><span style=\"font-family: georgia, palatino, serif; font-size: 10pt;\">1. Album Civium Grimensium, Das B\u00fcrgerbuch der Stadt Grimmen, Verzeichnis Neub\u00fcrger, d. h. Personen die nach Grimmen kamen und als B\u00fcrger aufgenommen wurden, oft mit Herkunft, 1707-1800, <span style=\"color: #0000ff;\"><a style=\"color: #0000ff;\" href=\"https:\/\/www.schwaben.de\/home\/nlorenz\/brgb1.htm\">deel 1, pag. 3<\/a><\/span>.<\/span><\/span><\/p>\n","protected":false},"excerpt":{"rendered":"<p>Het hertogdom Pommeren kent een langdurige Schwedenzeit. Het begint en eindigt met het garnizoen van Stralsund.\u00a0Zweden\u00a0ontzet de stad in 1630 van het beleg door Wallenstein en krijgt het militaire bestuur over het hele gebied. Na de vredes van 1648 en en 1720 krijg Zweden ook het bestuur, maar dan wel over een steeds kleiner deel, &hellip; <a href=\"https:\/\/meijenfeldt.nl\/?page_id=2675\" class=\"more-link\">Verder lezen <span class=\"screen-reader-text\">4.7.5. Pommeren<\/span><\/a><\/p>\n","protected":false},"author":1,"featured_media":0,"parent":0,"menu_order":0,"comment_status":"closed","ping_status":"closed","template":"","meta":{"footnotes":""},"class_list":["post-2675","page","type-page","status-publish","hentry"],"_links":{"self":[{"href":"https:\/\/meijenfeldt.nl\/index.php?rest_route=\/wp\/v2\/pages\/2675","targetHints":{"allow":["GET"]}}],"collection":[{"href":"https:\/\/meijenfeldt.nl\/index.php?rest_route=\/wp\/v2\/pages"}],"about":[{"href":"https:\/\/meijenfeldt.nl\/index.php?rest_route=\/wp\/v2\/types\/page"}],"author":[{"embeddable":true,"href":"https:\/\/meijenfeldt.nl\/index.php?rest_route=\/wp\/v2\/users\/1"}],"replies":[{"embeddable":true,"href":"https:\/\/meijenfeldt.nl\/index.php?rest_route=%2Fwp%2Fv2%2Fcomments&post=2675"}],"version-history":[{"count":165,"href":"https:\/\/meijenfeldt.nl\/index.php?rest_route=\/wp\/v2\/pages\/2675\/revisions"}],"predecessor-version":[{"id":71884,"href":"https:\/\/meijenfeldt.nl\/index.php?rest_route=\/wp\/v2\/pages\/2675\/revisions\/71884"}],"wp:attachment":[{"href":"https:\/\/meijenfeldt.nl\/index.php?rest_route=%2Fwp%2Fv2%2Fmedia&parent=2675"}],"curies":[{"name":"wp","href":"https:\/\/api.w.org\/{rel}","templated":true}]}}