{"id":2555,"date":"2017-02-11T13:38:05","date_gmt":"2017-02-11T13:38:05","guid":{"rendered":"http:\/\/celinevonmeijenfeldt.nl\/?page_id=2555"},"modified":"2026-02-13T14:40:46","modified_gmt":"2026-02-13T14:40:46","slug":"3-5-5-overig","status":"publish","type":"page","link":"https:\/\/meijenfeldt.nl\/?page_id=2555","title":{"rendered":"4.9.9. Rest"},"content":{"rendered":"<p style=\"text-align: justify;\"><span style=\"color: #000000;\">Elders zijn nog tal van andere Joodse naamgenoten te vinden. Mogelijk is een relatie te leggen met de hiervoor behandelde families, maar die kan tot op heden niet gevonden worden. De naamgenoten worden zoals steeds gegroepeerd naar het land van herkomst: Engeland, Moldavi\u00eb, Brazili\u00eb, Verenigde Staten en Isra\u00ebl.<\/span><\/p>\n<p>Jd.a. <span style=\"color: #000000;\"><strong>Regine<\/strong>\u00a0Mayerfeld, \u221e <em>Siegmund Jonas<\/em>, Schriftsetzer, dochter Emma \u221e Perlhefter, * Frankfurt a\/M.<\/span><\/p>\n<p style=\"text-align: justify;\"><span style=\"color: #000000;\">Jd.b. <strong>Jacob<\/strong>\u00a0<\/span><span style=\"color: #000000;\">Meier, sinds 1813 Meierfeld, # Dargun, Mecklenburgische Seenplatte, kinderen:<\/span><\/p>\n<p>Jd.b1. <strong>Rahel<\/strong>, * 1759, \u2020 Dargun 09-05-1837.<\/p>\n<p style=\"text-align: justify;\"><span style=\"color: #000000;\">Jd.b2. <strong>Levin<\/strong>\u00a0 * Dargun 02-1764,\u00a0 \u2020 Dargun 29-04-1851, <\/span><span style=\"color: #000000;\">Schutz Jude, <\/span><span style=\"color: #000000;\">\u221e <\/span><em style=\"color: #000000;\">Rachel Moses<\/em><span style=\"color: #000000;\">, * Neugarten 1759, # Dargun 1801, 1819 en 1825.<\/span><\/p>\n<p>Jd.c. <strong>Amalie<\/strong>, * 1835, emigreert 1865 vanuit Bremen per schip naar New York.<\/p>\n<p style=\"text-align: justify;\"><span style=\"color: #000000;\">Jd.d.<strong> Johan <\/strong>Meyenfeld<strong>, <\/strong>* 1694 Thann (Elsas), \u221e Brunstatt, Elsas 07-06-1694 <em>Barbara Schultz<\/em>, # Brunstatt 03-06-1669, dochter van Johan Schultz en Ursule (&#8211;1688).<\/span><\/p>\n<p style=\"text-align: justify;\"><span style=\"color: #000000;\">Jd.e. <strong>&#8230;<\/strong>, * Duitsland, \u221e &#8230;, kinderen:<\/span><\/p>\n<p style=\"text-align: justify;\"><span style=\"color: #000000;\">Jd.e1. <strong>Rachel<\/strong>.<\/span><\/p>\n<p style=\"text-align: justify;\"><span style=\"color: #000000;\">Jd.e2. <strong>Hannah<\/strong>, * OH 1863,\u00a0\u221e <em>David Ferdinand Brown<\/em>, * 1856, \u2020 1921, vier kinderen, de vierde met de naam Karline Mayerfeld Brown.<\/span><\/p>\n<p style=\"text-align: justify;\"><span style=\"color: #000000;\">Jd.f.<strong> Ferdinand <\/strong>(Mayenfeldt), * Hessen 1859, schip Hermann van Bremen naar Baltimore 12-1880.<\/span><\/p>\n<p style=\"text-align: justify;\"><span style=\"color: #000000;\">Jd.g.<strong> Rosa <\/strong>(Mayersfeld), * 1841, emigratie vanuit Bremen op schip \u201cFrisia\u201d aankomst New York 21-08-1872.<\/span><\/p>\n<p style=\"text-align: justify;\"><span style=\"color: #000000;\">Jd.h.<strong> Meyer <\/strong>(Meyenfeld), * Falkenberg, Hessen, onderwijzer, \u221e <em>Hendel Rosenstock<\/em>, \u2020 v\u00f3\u00f3r 1856, dochter:<\/span><\/p>\n<p style=\"text-align: justify;\"><span style=\"color: #000000;\">Jd.h1. <strong>Gelle<\/strong> * Falkenberg 06-07-1836, \u2020 Falkenberg 26-04-1914, \u221e Falkenberg 03-11-1856 <em>Josef Dannenberg<\/em>, * Falkenberg 06-11-1816, \u2020 Falkenberg 21-5\/28-06-1894, g<bdo dir=\"ltr\">rafsteen &#8220;Seine Seele sei eingebunden im Bunde des Lebens&#8221;, veehandelaar, <\/bdo>zoon van Mendel Plaut Dannenberg (1777-1880), Schutzjude, en Bienchen (Biene) Moses (1795-1833), 13 kinderen.<\/span><\/p>\n<p style=\"text-align: justify;\"><span style=\"color: #000000;\">Jd.i. <strong>Julius<\/strong>\u00a0(Meyenfeld), * 1872, arriveert uit Bremen met \u201cLahn\u201d 19-04-1894 in VS als citizen.<\/span><\/p>\n<p style=\"text-align: justify;\"><span style=\"color: #000000;\">Jd.j.<strong> Y. <\/strong>(m), * 1854,\u00a0\u221e <em>S.<\/em> (v), * 1862, reist met \u201cNormannia\u201d uit Hamburg en arriveert 31-07-1896 in VS als citizen, 3 kinderen:<\/span><\/p>\n<p style=\"text-align: justify;\"><span style=\"color: #000000;\">Jd.j1. <strong>M.<\/strong> (v) * 1887.<\/span><\/p>\n<p style=\"text-align: justify;\"><span style=\"color: #000000;\">Jd.j2. kind.<\/span><\/p>\n<p style=\"text-align: justify;\"><span style=\"color: #000000;\">Jd.j3. kind.<\/span><\/p>\n<p style=\"text-align: justify;\"><span style=\"color: #000000;\">Jd.k.<strong> M.<\/strong> (v), * 1866\/7, arriveert in VS 1905 en 1910, eerste keer met kind Elisabeth, * 1887.<\/span><\/p>\n<p style=\"text-align: justify;\"><span style=\"color: #000000;\">Jd.l.<strong> Selig<\/strong>, * Duitsland \u221e <em>Rifka Fern<\/em>, * 1883, dochter van Saul Nussel\/n Fern (1859-1930) en Leah Koch (1863-1935), zoon:<\/span><\/p>\n<p style=\"text-align: justify;\"><span style=\"color: #000000;\">Jd.l1. <strong>Jakob,\u00a0<\/strong>2000, VS.<\/span><\/p>\n<p style=\"text-align: justify;\"><span style=\"color: #000000;\">Jd.m.<strong> \u2026 <\/strong>(m), reist met \u201cKaiser Wilhelm der Grosse\u201d via Southhampton en arriveert 25-08-1903 in de VS als citizen.<\/span><\/p>\n<p style=\"text-align: justify;\"><span style=\"color: #000000;\">Jd.n.<strong> \u2026<\/strong> (v), * 1860, reist met \u201cKaiser Wilhelm der Grosse\u201d via Cherbourg en arriveert <a id=\"Frankrijk\" style=\"color: #000000;\"><\/a>11-11-1908 in deVS als citizen.<\/span><\/p>\n<p style=\"text-align: justify;\"><span style=\"color: #000000;\">Jd.o. <strong>Bertha<\/strong>, \u221e <em>Max Adler, <\/em>* 1879, zoon van Isaak Joseph Leser Adler (1851-1923) en Ella Geier (1853-1919).<\/span><\/p>\n<p style=\"text-align: justify;\"><span style=\"color: #000000;\">Jd.p. <strong>Rebecca<\/strong>, \u221e <em>L\u00f6b H\u00f6chster<\/em>, * 1800, \u2020 1867.<\/span><\/p>\n<p style=\"text-align: justify;\"><span style=\"color: #000000;\">Jd.q. <strong>Moritz, <\/strong>* Aken 1848, \u2020 Bonn 24-04-1891.<\/span><\/p>\n<p style=\"text-align: justify;\"><span style=\"color: #000000;\">Jd.r. <strong>Anna<\/strong>, * 1916, \u2020 Hamburg 1964, \u221e <em>Rieger.<\/em><\/span><\/p>\n<p style=\"text-align: justify;\"><span style=\"color: #000000;\">Jd.s. <strong>Friederike<\/strong>, \u2020 Magdeburg 23-01-1891, \u221e <em>Ganz.<\/em><\/span><\/p>\n<p style=\"text-align: justify;\"><span style=\"color: #000000;\">Jd.t. <strong>Louise Josephine, <\/strong><em>\u221e Elban<\/em>, * Frankfurt a\/M 03-05-1894, \u2020 Montevideo, Uruguay 0606-1967.<\/span><\/p>\n<p><span style=\"color: #000000;\">Jd.u.<\/span><strong style=\"color: #000000;\"> Josef, <\/strong><span style=\"color: #000000;\">makelaar,\u00a0\u221e <\/span><em style=\"color: #000000;\">Heia<\/em><span style=\"color: #000000;\">, # 1931 Berlin, Sch\u00f6neberg, Berchtesgadener Str. 21.<\/span><\/p>\n<p><span style=\"color: #000000;\">Jd.v. <strong>Kurt<\/strong><em>, <\/em>* Berlijn 1888, \u2020 Berlijn 1912 (zelfmoord), student.<em>\u00a0<\/em><\/span><\/p>\n<p style=\"text-align: justify;\"><span style=\"color: #000000;\">Jd.w. <strong>Georg<\/strong>, \u2020 Pietermaritzburg, Zuid-Afrika 01-11-1973.<\/span><\/p>\n<p style=\"text-align: justify;\"><span style=\"color: #000000;\">Jd.x. <strong>Rosa<\/strong>, * VS, 25-04-1933 met schip &#8220;Bremen&#8221; van Bremen naar New York.<\/span><\/p>\n<p style=\"text-align: center;\"><span style=\"color: #800000;\"><strong>Engeland<\/strong><\/span><\/p>\n<p><span style=\"color: #000000;\">Ju.1. <strong>Samuel<\/strong> Myerfeld, * Whitechapel 1905, \u2020 Londen 10-1906.\u00a0<\/span><\/p>\n<p><span style=\"color: #000000;\">Ju.2. <strong>Eleazer<\/strong> Myerfeldt, * Mile End Old Town, Londen 01-1908.<\/span><\/p>\n<p><span style=\"color: #000000;\">Ju.3. <strong>Else J.<\/strong> Meyerfieldt, \u221e Paddington, Londen 07-1942 <em>Baker<\/em>.<\/span><\/p>\n<p><span style=\"color: #000000;\">Ju.4. <strong>Ronald Gene<\/strong> (Meyerfeld), * 19&#8211;8-1950, \u2020 Londen 01-1978, \u221e 01-1972 Hillington, Londen <em>Marilyn Radbourne<\/em>.<\/span><\/p>\n<p><span style=\"color: #000000;\">Ju.5. <strong>Marilyn<\/strong> (Meyerfeld), \u221e Windsor, Birkshire 04-1981 <em>Robert C. Reeze<\/em>.<\/span><\/p>\n<p><span style=\"color: #000000;\">Ju.61. <strong>Avigail Henni<\/strong> (Mayerfeld), * Camden, Londen 02-2000.<\/span><\/p>\n<p><span style=\"color: #000000;\">Ju.62. <strong>Yael<\/strong> (Mayerfeld), * Camden, Londen 03-2005.<\/span><\/p>\n<p style=\"text-align: center;\"><span style=\"color: #800000;\"><strong>Moldavi\u00eb<\/strong><\/span><\/p>\n<p>Maynfeld of Meynfeld<\/p>\n<p>Jm.a.<strong> Gedilia<\/strong>, zoon:<\/p>\n<p>Jm.a1. <strong>Mordechai (Modka)<\/strong>, \u221e <em>Sheindel<\/em>, dochter van Itzek Yosef, kinderen:<\/p>\n<p>Jm.a11. <strong>Gdaliya\/Gedayahu<\/strong>, * 1886, \u2020 Chisinau 18-04-1902, # Skulianski, een wijk van Chisinau.<\/p>\n<p>Jm.a12. <strong>Chaim<\/strong>, * Belts (Beltsi, Noord-Moldavi\u00eb) 30-01-1870, \u221e Chisinau 1898 <em>Malka Shterbul, <\/em>dochter van Itsko, kinderen:<\/p>\n<p>Jm.a121. <strong>Khaya<\/strong>, * Chisinau 1901.<\/p>\n<p>Jm.a122. <strong>Rivka<\/strong>, * Chisinau 1901.<\/p>\n<p>Jm.a123. <strong>Itskhok<\/strong>, * Chisinau o1-09-1904.<\/p>\n<p>Jm.a124. <strong>Dvoyra<\/strong>, * Chisinau 1907.<\/p>\n<p>Jm.b.<strong> Chaim<\/strong>, zoon:<\/p>\n<p>Jm.b1.\u00a0<strong>Leybish<\/strong>, * Chisinau 1875.<\/p>\n<p>Jm.c.<strong> Mirdko<\/strong>, zoon:<\/p>\n<p>Jm.c1.\u00a0<strong>Gdalya<\/strong>, * Chisinau 12-04-1902.<\/p>\n<p>Jm.d.<strong> Gdal<\/strong>, zoon:<\/p>\n<p>Jm.d1.\u00a0<strong>Mikhel<\/strong>, \u221e Chisinau 1895 <em>Mirlya Khmelnitskaya.<\/em><\/p>\n<p>Jm.e.<strong> Chaim<\/strong>, * Chisinau 1875, \u221e Chisinau 1894 <em>Rukhlya Kagin,<\/em> arriveren 18-06-1904 New York.<\/p>\n<p>Jm.f.<strong> Grigory<\/strong>, * 27-02-1927, # Brooklyn NY.<\/p>\n<p>Jm.g.<strong> Sarra M.<\/strong>, * 25-01-1928, # Brooklyn NY.<\/p>\n<p>Jm.h.<strong> Zema<\/strong>, * 15-12-1937, \u2020 Brooklyn NY 10-02-2011.<\/p>\n<p>Jm.i.<strong> Mara<\/strong>, * 17-04-1939, # Brooklyn NY.<\/p>\n<p>Jm.j.<strong> Joseph.<\/strong><\/p>\n<p>Jm.k.<strong> Yefim<\/strong>, * 15-09-1960, \u221e <em>Sofia<\/em>, * 01-09-1973, * Brooklyn, Oceanside NY, kinderen:<\/p>\n<p>Jm.k1.\u00a0<strong>Alexander Leo<\/strong>, * Las Vegas NV.<\/p>\n<p>Jm.k2.\u00a0<strong>Bridgette<\/strong>.<\/p>\n<p>Jm.l.<strong> Vladimir<\/strong>, * 30-08-1961, studeert 1980-1985 Witrusland, \u221e <em>Tatjana<\/em>, * 02-10-1965, pijnbehandeling, # Riverdale NJ, Brooklyn NY.<\/p>\n<p>Jm.m.<strong> Tanya<\/strong>, \u221e <em>Sherman<\/em>, * VS, link met Chisinau.<\/p>\n<p style=\"text-align: center;\"><span style=\"color: #800000;\"><strong>Brazili\u00eb<\/strong><\/span><\/p>\n<p style=\"text-align: justify;\"><span style=\"color: #000000;\">Mainfeld<\/span><\/p>\n<p style=\"text-align: justify;\"><span style=\"color: #000000;\">Jz.a.<strong> Christina<\/strong>, * 1986,\u00a0# Quelez.<\/span><\/p>\n<p style=\"text-align: justify;\"><span style=\"color: #000000;\">Jz.b. <strong>Dayse,\u00a0#<\/strong> Sao Paulo, \u221e <em>Walter Cruz Repsold<\/em>, drie kinderen: Fernada, Eduardo en Antonia.<\/span><\/p>\n<p style=\"text-align: justify;\"><span style=\"color: #000000;\">Jz.c.<strong> Jo\u00e3o<\/strong>, \u221e <em>Lisette Unikowsky<\/em>, dochter van Mauricio en Ida Unikowsky, kinderen:<\/span><\/p>\n<p style=\"text-align: justify;\"><span style=\"color: #000000;\">Jz.c1 <strong>Yanyse.<\/strong><\/span><\/p>\n<p style=\"text-align: justify;\"><span style=\"color: #000000;\">Jz.c2.\u00a0<strong>Jefferson<\/strong>.<\/span><\/p>\n<p style=\"text-align: justify;\"><span style=\"color: #000000;\">Jz.d.<strong> Gl\u00f3ria Breier,\u00a0#<\/strong> Rua Rep\u00fablica Peru, 81ap 1204, Copacabana, Rio de Janairo.<\/span><\/p>\n<p style=\"text-align: justify;\"><span style=\"color: #000000;\">Jz.e.<strong> Rosina,\u00a0<\/strong> Porto Alegre, Rio Grande do Sul.<\/span><\/p>\n<p style=\"text-align: justify;\"><span style=\"color: #000000;\">Jz.f.<strong> Silvana<\/strong>,\u00a0Porto Alegre, Rs Brasil (onder Sao Paulo), \u221e <\/span><span style=\"color: #000000;\"><em>Andre Magnus Andre<\/em>, zoon:<\/span><\/p>\n<p style=\"text-align: justify;\"><span style=\"color: #000000;\">Jz.f1. <strong>Jo\u00e3o Pedro<\/strong> Mainfeld Andre,\u00a0# 2009.<\/span><\/p>\n<p style=\"text-align: center;\"><span style=\"color: #800000;\"><strong>Verenigde Staten<\/strong><\/span><\/p>\n<p style=\"text-align: justify;\"><span style=\"color: #000000;\">Ja.a.<strong> David <\/strong>Maierfeld, \u221e <em>Ethel Levine<\/em>, * 19-01-1919, \u2020 Pampona Beach, Broward, Florida 12-1984 dochter van Samuel en Teresa Levine, * Kansas, kinderen:<\/span><\/p>\n<p style=\"text-align: justify;\"><span style=\"color: #000000;\">Ja.a1. <strong>Stanley E., <\/strong>commodity trader,\u00a0# Barry Court 2, Katonah, New York.<\/span><\/p>\n<p style=\"text-align: justify;\"><span style=\"color: #000000;\">Ja.a2. <strong>Stella,\u00a0#<\/strong> Bronx<\/span><\/p>\n<p style=\"text-align: justify;\"><span style=\"color: #000000;\">Ja.b.<strong> Ada<\/strong>,\u00a0<strong>Debbie <\/strong>Mayenfeld,\u00a0# Oak Park, Oakland, Michigan.<\/span><\/p>\n<p style=\"text-align: justify;\"><span style=\"color: #000000;\">Ja.c.<strong> Baila, <\/strong>* 1939, \u2020 New York 27-07-1983,\u00a0# Eastern Parkway 682, lid Community Board 9 in Crown Heights, Brooklyn. Een dag nadat een familie\u00adlid haar als vermist opgeeft vindt de brand\u00adweer haar ern\u00adstig ver\u00adbrande lichaam in een lift\u00adschacht van een leeg gebouw aan Alabama Avenue 495.<\/span><\/p>\n<p style=\"text-align: justify;\"><span style=\"color: #000000;\">Ja.d.<strong> Daniel S.<\/strong>, jurist, \u221e <em>Kelly M., <\/em>jurist, een kind:<\/span><\/p>\n<p style=\"text-align: justify;\"><span style=\"color: #000000;\">Ja.d1. <strong>Daniel<\/strong>, strafjurist Chicago.<\/span><\/p>\n<p><span style=\"color: #000000;\">Ja.e. <strong>Franciska<\/strong> (Frances\/Francis) Meyerfeld, \u221e <em>Meyer\/Fredinand L\u00f6wenstein<\/em>, # New York NY, kinderen 1866\/1867\/1883.<\/span><\/p>\n<p style=\"text-align: justify;\"><span style=\"color: #000000;\">Ja.f.<strong> Kelly, <\/strong>jurist Chicago, zoon:<\/span><\/p>\n<p style=\"text-align: justify;\"><span style=\"color: #000000;\">Ja.f1. <strong>Jack Lim<\/strong>, * Chicago 15-08-2007.<\/span><\/p>\n<p style=\"text-align: justify;\"><span style=\"color: #000000;\">Ja.g.<strong> Kate.\u00a0<\/strong><\/span><\/p>\n<p style=\"text-align: justify;\"><span style=\"color: #000000;\">Ja.h.<strong> Mayer, <\/strong>rabbi<strong>, <\/strong>Kosher Initiative at City Harvest,\u00a0# Brooklyn.<\/span><\/p>\n<p style=\"text-align: justify;\"><span style=\"color: #000000;\">Ja.i.<strong> Yehuda, <\/strong>rabbi, leraar Judaic Studies 9-12 grade Hebrew Academy of Nassau County, New York, \u221e Palm Springs, Maryland <em>Rachy<\/em>, #\u00a02005 Suffern, New York<em>.\u00a0<\/em><\/span><\/p>\n<p style=\"text-align: justify;\"><span style=\"color: #000000;\">Ja.j.<strong> Yitzchok \/ Joe, #<\/strong> Rochester, New York 02-08-1963, lid Blues-L. Yitchok, \u221e <em>Rachy Gross, <\/em>dochter van Shalom en Beverly Gross.<\/span><\/p>\n<p style=\"text-align: justify;\"><span style=\"color: #000000;\">Ja.k.<strong> Theresa <\/strong>Mayerfelds, \u221e <em>Popish<\/em>, * 1893 Leadville, Early Pitkin County, Colorado, zoon van Fred Popish en Jennie McKenzie, dochter: Katie, * Pfeichurch D.<\/span><\/p>\n<p style=\"text-align: justify;\"><span style=\"color: #000000;\">Mayerfield:<\/span><\/p>\n<p style=\"text-align: justify;\"><span style=\"color: #000000;\">Ja.l.<strong> Ari L. , <\/strong>arts, orthopedisch chirurg (hand), 2007 afgestudeerd, 2014 Christine M. Kleinert Institute,\u00a0# Tarrytown, New York.<\/span><\/p>\n<p style=\"text-align: justify;\"><span style=\"color: #000000;\">Ja.m.<strong> Sam(uel) M.,<\/strong> arts, neuro-radioloog in Pascack Valley Hospital,\u00a0# Westwood, New Jersey, \u221e <em>Regina M.<\/em>, docent en Jiddisch vertaler, Museum of Jewish Heritage, Manhattan, dochter:<\/span><\/p>\n<p style=\"text-align: justify;\"><span style=\"color: #000000;\">Ja.m1. <strong>Elena Tony, <\/strong>* 1984, filosofe, psychologe, \u00a0\u221e Manhattan 02-03-2012 <em>Ethan Jon Mandelup<\/em>,\u00a0* 1987, designer of endoscopic surgical instruments, Bracco Diagnostics, Milan, zoon van A. Scott Mandelup en Sandra.<\/span><\/p>\n<p style=\"text-align: justify;\"><span style=\"color: #000000;\">Ja.n.<strong> Nancy<\/strong>, 2001 financial advisor Merrill Lynch, 2003 consultant transfer pricing Ernst &amp; Young, 2008 business leader MasterCard, 2010 senior associate Charles River, owner\/head designer NM Design House, \u221e <em>Ari Gross<\/em>, Sackler School of Medecine,\u00a0# Tel Aviv, Israel, dochter Hannah Kate (07-2005).<\/span><\/p>\n<p style=\"text-align: justify;\"><span style=\"color: #000000;\">Ja.o.<strong> Harold<\/strong>, eigenaar Rarities Inc, \u00e9\u00e9n van de grootste antiqairs.<\/span><\/p>\n<p style=\"text-align: justify;\"><span style=\"color: #000000;\">Meierfeld<\/span><\/p>\n<p style=\"text-align: justify;\"><span style=\"color: #000000;\">Ja.p.<strong> Susan<\/strong>, B.S. in elementary education from Finch College and an M.S. in special education from Fordham University, sales associate bij real estate firm Preferred Realty, then Houlihan\/Lawrence.<\/span><\/p>\n<p style=\"text-align: justify;\"><span style=\"color: #000000;\">Meyerfeldt<\/span><\/p>\n<p style=\"text-align: justify;\"><span style=\"color: #000000;\">Ja.q.<strong> Anna,<\/strong> \u221e v\u00f3\u00f3r 1907.<\/span><\/p>\n<p style=\"text-align: justify;\"><span style=\"color: #000000;\">Ja.r.<strong> Annie, <\/strong>* 1866, \u221e -,\u00a0# San Francisco als zij 1922 arriveert uit Cherbourg. <strong>\u2026<\/strong>, \u221e <em>Rosen, <\/em>kinderen:<\/span><\/p>\n<p style=\"text-align: justify;\"><span style=\"color: #000000;\">Ja.r1. <strong>Barbara Lee<\/strong>, * Santa Clara CA 28-03-1935, \u2020 Santa Clara 21-05-1982, \u221e San Mateo CA 22-02-1961 <em>Jonathan L. Ohara<\/em>.<\/span><\/p>\n<p style=\"text-align: justify;\"><span style=\"color: #000000;\">Ja.r2. <strong>Harriet Anne<\/strong>, * Montery CA 25-11-1941.<\/span><\/p>\n<p style=\"text-align: justify;\"><span style=\"color: #000000;\">Ja.s.<strong> Bonita<\/strong> , advocaat, promovendus Yale Law School, New Haven.<\/span><\/p>\n<p style=\"text-align: justify;\"><span style=\"color: #000000;\">Ja.t.<strong> Dorothy<\/strong>, * 28-01-1920, \u2020 Fair Oaks, Citrus Heigts, Sacramento CA 01-1985. &#8230;, \u221e <em>Hroesche<\/em>.<\/span><\/p>\n<p style=\"text-align: justify;\"><span style=\"color: #000000;\">Ja.u.<strong> Ella,<\/strong> \u221e v\u00f3\u00f3r 1907.<\/span><\/p>\n<p style=\"text-align: justify;\"><span style=\"color: #000000;\">Ja.v.<strong> Else<\/strong>, * 1889.<\/span><\/p>\n<p style=\"text-align: justify;\"><span style=\"color: #000000;\">Ja.w.<strong> Esther Sime<\/strong>, \u2020 San Francisco 1949.<\/span><\/p>\n<p style=\"text-align: justify;\"><span style=\"color: #000000;\">Ja.x.<strong> Franz Anthoni, <\/strong>18<sup>th<\/sup> century Palatine immigrants from German, Swiss and Austrian origin.<\/span><\/p>\n<p style=\"text-align: justify;\"><span style=\"color: #000000;\">Ja.y.<strong> Gretl<\/strong>, * 18-11-1911, \u2020 Silver Spring, Montgomery, Maryland 20-02-1993.<\/span><\/p>\n<p style=\"text-align: justify;\"><span style=\"color: #000000;\">Ja.z.<strong> Holly<\/strong> &amp; <strong>J.<\/strong>,\u00a0# Brooklyn.<\/span><\/p>\n<p style=\"text-align: justify;\"><span style=\"color: #000000;\">Ja.aa.<strong> Joseph<\/strong>, Computers Plus, New York, * 2005 Brooklyn.<\/span><\/p>\n<p style=\"text-align: justify;\"><span style=\"color: #000000;\">Ja.ab.<strong> Josephina<\/strong>, * 1951, \u2020 CA 1952 na 10 mnd.<\/span><\/p>\n<p style=\"text-align: justify;\"><span style=\"color: #000000;\">Ja.ac.<strong> Leanore (Lee) W., <\/strong>* 02-10-1914<strong>, <\/strong>\u2020 San Francisco CA 15-07-2006<strong>, <\/strong>* Tahoe City.<\/span><\/p>\n<p style=\"text-align: justify;\"><span style=\"color: #000000;\">Ja.ad.<strong> Lee<\/strong>, * 19-11-1908, \u2020 Salinas, Monterey CA 19-08-1996.<\/span><\/p>\n<p style=\"text-align: center;\"><span style=\"color: #800000;\"><strong>Isra\u00ebl<\/strong><\/span><\/p>\n<p>Mayerfeld<\/p>\n<p style=\"text-align: justify;\">Ji.a.\u00a0<strong>Danny, <\/strong>export manager van Sheletron Ltd. (beeldschermen) in Kibbutz Shluchot, Emek Beit Shean.<\/p>\n<p style=\"text-align: justify;\">Ji.b.<strong> Alan.\u00a0<\/strong><\/p>\n<p style=\"text-align: justify;\">Ji.c.<strong> Avrohom Shlomo.\u00a0<\/strong><\/p>\n<p style=\"text-align: justify;\">Ji.d.<strong> Brocho<\/strong>.<\/p>\n<p style=\"text-align: justify;\">Ji.e.<strong> Susie,\u00a0#<\/strong> Verenigde Staten, verpleegkundige oncologie, blogger, fotografe, \u221e <em>Newday<\/em>,\u00a0# Israel, vijf kinderen.<\/p>\n<p style=\"text-align: justify;\">Meirfeld<\/p>\n<p style=\"text-align: justify;\">Ji.f.<strong> Ilana, #<\/strong> Sheluhot.<\/p>\n<p style=\"text-align: justify;\">Ji.g.<strong> Yair, <\/strong>manager\u00a0Marom Hotel, Haifa. <strong>\u00a0<\/strong><\/p>\n<p style=\"text-align: justify;\">Ji.h. <b>Doron<\/b>, # Hod-Hasharon.<\/p>\n<p style=\"text-align: center;\"><span style=\"font-size: 10pt; color: #000000;\"><span style=\"color: #0000ff;\"><a id=\"voetnoot\"><\/a>Terug\u00a0<\/span> \u00a0***\u00a0 \u00a0<span style=\"color: #0000ff;\">Verder<\/span><\/span><\/p>\n<p><span style=\"font-size: 10pt; color: #000000;\">1. Nieuwe Drentse Volksalmanak 1947, <span style=\"color: #0000ff;\"><a style=\"color: #0000ff;\" href=\"https:\/\/www.delpher.nl\/nl\/tijdschriften\/view?identifier=MMKB16:002081001:00173&amp;query=meyerfeld&amp;coll=dts&amp;rowid=9\">pag. 21.<\/a><\/span><\/span><\/p>\n","protected":false},"excerpt":{"rendered":"<p>Elders zijn nog tal van andere Joodse naamgenoten te vinden. Mogelijk is een relatie te leggen met de hiervoor behandelde families, maar die kan tot op heden niet gevonden worden. De naamgenoten worden zoals steeds gegroepeerd naar het land van herkomst: Engeland, Moldavi\u00eb, Brazili\u00eb, Verenigde Staten en Isra\u00ebl. Jd.a. Regine\u00a0Mayerfeld, \u221e Siegmund Jonas, Schriftsetzer, dochter &hellip; <a href=\"https:\/\/meijenfeldt.nl\/?page_id=2555\" class=\"more-link\">Verder lezen <span class=\"screen-reader-text\">4.9.9. Rest<\/span><\/a><\/p>\n","protected":false},"author":1,"featured_media":0,"parent":0,"menu_order":0,"comment_status":"closed","ping_status":"closed","template":"","meta":{"footnotes":""},"class_list":["post-2555","page","type-page","status-publish","hentry"],"_links":{"self":[{"href":"https:\/\/meijenfeldt.nl\/index.php?rest_route=\/wp\/v2\/pages\/2555","targetHints":{"allow":["GET"]}}],"collection":[{"href":"https:\/\/meijenfeldt.nl\/index.php?rest_route=\/wp\/v2\/pages"}],"about":[{"href":"https:\/\/meijenfeldt.nl\/index.php?rest_route=\/wp\/v2\/types\/page"}],"author":[{"embeddable":true,"href":"https:\/\/meijenfeldt.nl\/index.php?rest_route=\/wp\/v2\/users\/1"}],"replies":[{"embeddable":true,"href":"https:\/\/meijenfeldt.nl\/index.php?rest_route=%2Fwp%2Fv2%2Fcomments&post=2555"}],"version-history":[{"count":51,"href":"https:\/\/meijenfeldt.nl\/index.php?rest_route=\/wp\/v2\/pages\/2555\/revisions"}],"predecessor-version":[{"id":78477,"href":"https:\/\/meijenfeldt.nl\/index.php?rest_route=\/wp\/v2\/pages\/2555\/revisions\/78477"}],"wp:attachment":[{"href":"https:\/\/meijenfeldt.nl\/index.php?rest_route=%2Fwp%2Fv2%2Fmedia&parent=2555"}],"curies":[{"name":"wp","href":"https:\/\/api.w.org\/{rel}","templated":true}]}}