{"id":2491,"date":"2017-02-08T19:10:16","date_gmt":"2017-02-08T19:10:16","guid":{"rendered":"http:\/\/celinevonmeijenfeldt.nl\/?page_id=2491"},"modified":"2024-05-25T12:42:16","modified_gmt":"2024-05-25T12:42:16","slug":"3-5-2-hessen-darmstadt","status":"publish","type":"page","link":"https:\/\/meijenfeldt.nl\/?page_id=2491","title":{"rendered":"4.9.2. Busecker Tal"},"content":{"rendered":"<p style=\"text-align: justify;\"><span style=\"color: #000000;\">Ongeveer 10 kilometer ten oosten van de vestingstad Gie\u03b2en ligt een gebied met de naam Busecker Tal. Daarin liggen dorpen als Gro\u03b2en-Buseck en Beuern. Vanwege het grote aantal Joodse families wordt dit gebied in de negen\u00adtiende eeuw wel het \u201cHessi\u00adsches Pales\u00adtina\u201d genoemd.\u00a0Daar leeft onder \u00admeer een fami\u00adlie, die zich aanvankelijk Maiyerfeld\u00a0en al snel Mayerfeld\u00a0noemt.<\/span><\/p>\n<p style=\"text-align: justify;\"><span style=\"color: #000000;\">De oudst bekende leden van deze familie zijn de vermoede\u00adlij\u00adke broers Maiyer (1747-1820) en Burhurt (1756-1831) uit het circa 1.500 inwoners tellende dorpje Beuern. Maiyer is Schutzjude. De zoon van Burhurt heeft tien kinderen. <span style=\"color: #0000ff;\"><a style=\"color: #0000ff;\" href=\"#voetnoot\">(1)<\/a><\/span><\/span><\/p>\n<p style=\"text-align: center;\"><span style=\"color: #800000;\"><b>Genealogie<\/b><\/span><\/p>\n<p style=\"text-align: justify;\"><span style=\"color: #000000;\">Jh. \u2026 Maiyerfeld, # Beuern, zoons:<\/span><\/p>\n<p style=\"text-align: justify;\"><span style=\"color: #000000;\">Jh.1. <strong>Mayier\/Meyer<\/strong>, * ca 1747, \u2020 Beuern 04 of 05-09-1820, Schutzjude, \u221e <em>Telz<\/em>, * ca 1752, \u2020 Beuern 20-08-1820, dochter:<\/span><\/p>\n<p style=\"text-align: justify;\"><span style=\"color: #000000;\">Jh.11. <strong>Beile\/Bettche Kehle<\/strong>, * Beuern 1782\/4, \u2020 Beuern 20-10-1844, \u221e Beuern 30-04-1812 <em>Mendel L\u00f6b Edelmuth<\/em>, * Beuern 1786, \u2020 na 1833, zoon van L\u00f6w Edelmuth en Meryem Jacob, Schutzjude, Vorste\u00adher, 8 kinderen.<\/span><\/p>\n<p style=\"text-align: justify;\"><span style=\"color: #000000;\">Jh.2. <strong>Burhurt\/B\u00e4rhart<\/strong>, * circa 1756, \u2020 Beuern 04-04-1831, zoon:<\/span><\/p>\n<p style=\"text-align: justify;\"><span style=\"color: #000000;\">Jh.21. <strong>Salomon (Samuel, Schlomo)<\/strong>, volgens grafsteen zoon van Meyer, * Beuern 1793\/6, \u2020 Beuern of Gro\u03b2en-Buseck 29-11-1856, Schutzjude, Vorsteher, \u221e Beuern 14-08 (burger\u00adlijk) en 19-08 (kerke\u00adlijk) 1822 <em>K\u00e4hle\/Kela\/Kar\u00adolina Berlin<\/em>, * Gro\u03b2en-Buseck 1799, \u2020 29-11-1856 of Gro\u03b2en-Buseck 25-10-1874, dochter van Sussman Berlin (1763-1844) en Hanna L\u00f6b Edelmuth (1767-1855), # huis nr. 6 en later 118 (bij hun jongste zoon), kinderen:<\/span><\/p>\n<p style=\"text-align: justify;\"><span style=\"color: #000000;\">Jh.211. <strong>Gelsche<\/strong>, * Beuern 10-09-1823, \u2020 19-03-1830.<\/span><\/p>\n<p><span style=\"color: #000000;\">Jh.212. <strong>Meyer<\/strong>, * 1828, \u2020 25-06-1831.<\/span><\/p>\n<p style=\"text-align: justify;\"><span style=\"color: #000000;\">Jh.213. <strong>L\u00f6b<\/strong>, * Beuern 17-02\/09-03-1830, \u2020 Beuern 22-07-1833.<\/span><\/p>\n<p style=\"text-align: justify;\"><span style=\"color: #000000;\">Jh.214. <strong>Bettche<\/strong><strong>n<\/strong>, * Beuern 17\/30-01-1833, \u2020 Gro\u03b2en-Buseck 09-04-1876, \u221e Beuern 09-07-1869 <em>Raphael \/ Rafell Edelmuth<\/em>, * Beuern 25-05-1838\/20-12-1839, \u2020 Beuern 17-08-1913, zoon van Jacob Edelmuth (1814-na 1850) en Far\u00adchen\/\u00adFahrche Edelmuth (1818-1847), (\u221e1 01-02-1866), (Men\u00addel Edelmuth = oudoom), 2 kinderen.<\/span><\/p>\n<p style=\"text-align: justify;\"><span style=\"color: #000000;\">Jh.215. <strong>Marianne\/Margen<\/strong>, * Beuern 17-02-1835, \u2020 ? Beuern 30\/31-06-1836.<\/span><\/p>\n<p style=\"text-align: justify;\"><span style=\"color: #000000;\">Jh.216. <strong>J\u00fcdchen<\/strong>, * Beuern 01\/12-07-1837, \u2020 Beuern 15\/16-06-1839.<\/span><\/p>\n<p style=\"text-align: justify;\"><span style=\"color: #000000;\">Jh.217. <strong>Isaschar<\/strong> \/ <strong>B\u00e4r<\/strong>, * Beuern 09\/20\/29-12-1839, \u2020 Gro\u03b2en-Buseck 03-10-1899, ijzerhandelaar, # huis nr. 118, \u221e1 Beuern 31-01\/01-02-1866 <em>J\u00e4nnchen Edel\u00admuth<\/em>, * Beuern 29-12-1839 of 27-02-1841, \u2020 Gro\u03b2en-Buseck 23-01-1868 (in kraambed), dochter van Jacob Edelmuth (1814-1883) en Fanne \/ Fahrche Edelmuth (1818-1847), \u221e2 Beuern\/Gie\u03b2en 15-03\/31-12-1870 <em>Adelheid Katz<\/em>, * Gro\u03b2en-Buseck 20-05-1842, \u2020 Beuern 26-05-1871 (in kraambed), dochter van Moses Katz (1813-1883) en Jette J\u00fcdchen Berlin (1813-1890), \u221e3 v\u00f3\u00f3r 1873 <em>R\u00fctchen\/Rickchen Stern<\/em>, * Niederklein 24-02-1851, \u2020 Gie\u03b2en 15-06-1908, dochter uit eerste, dochter uit tweede en veel kinderen uit derde huwelijk:<\/span><\/p>\n<p style=\"text-align: justify;\"><span style=\"color: #000000;\">Jh.2161. <strong>J\u00e4nchen<\/strong>, * Beuern 13-01-1868, \u2020 Gie\u03b2en 11-04-1934, \u221e Gie\u03b2en <em>Jakob B\u00e4r<\/em>, * Vetzberg (Biebertal ten westen van Gie\u03b2en), \u2020 Frank\u00adfurt a\/M 24-06-1941, makelaar in onroerend goed,\u00a0# 1930 evj Gie\u03b2en, Ostan\u00adlage 29, S\u00fcdanlage 43, Landgrafen\u00adstrasse 8.<\/span><\/p>\n<p style=\"text-align: justify;\"><span style=\"color: #000000;\">Jh.2162. <strong>Adelheid<\/strong>, * Beuern, Fritzlar 23-05-1871, \u2020VS 18-08-1950, \u221e <em>Bloch<\/em>, ge\u00ebmigreerd naar de VS.<\/span><\/p>\n<p style=\"text-align: justify;\"><span style=\"color: #000000;\">Jh.2163. <strong>Salomon (Sally)<\/strong>, * Beuern 19-06-1874, \u2020 M\u00f6nchengladbach 09-12-1933, \u221e Gie\u03b2en 24-06-1903 <em>Sannchen Fr\u00e4nkel<\/em>, * Biblis (50 km ten zuiden van Frankfurt a\/M) 02-11-1876 of 1879, \u2020 Vallendar, Koblenz 24-10-1939, # 1933 Gie\u03b2en, Land\u00adgrafen\u00adstrasse 8, Hitler Wall 43, twee kinde\u00adren:<\/span><\/p>\n<p style=\"text-align: justify;\"><span style=\"color: #000000;\">Jh.21631. <strong>Carola \/ Rolande<\/strong>, * Gie\u03b2en 20-07-1909, verkoop\u00adster, \u221e <em>Gumpert<\/em>, # 1933 Gie\u03b2en, emigreert 1933 via Bremen naar USA, reist 1935 en 1936 nogmaals, Mil\u00adwaukee WI, later # Los Angeles CA, 10536 Kinnard.<\/span><\/p>\n<p style=\"text-align: justify;\"><span style=\"color: #000000;\">Jh.21632. <strong>Albert<\/strong>, * Gie\u03b2en 02-08-1917, \u2020 Elizabeth NJ 19-09-2009, rabbi, \u221e <em>Liesel C. Hess,<\/em> * Frankfurt a\/M 1933, \u2020 Elizabeth, New Jersey 26-10-2009.<\/span><\/p>\n<p style=\"text-align: justify; padding-left: 40px;\"><span style=\"font-size: 12pt; font-family: georgia, palatino, serif;\"><span style=\"color: #000000;\">Emigreert na overlijden vader Sally op<\/span><span style=\"color: #000000;\">\u00a013 april 1934 met de &#8220;Bremen&#8221; van Bremen naar de VS. Daar studeert aan het Ner Israel Rabbinicall College in Balti\u00admore, haalt zijn diploma aan de John Hopkins University en zijn docto\u00adraat in onderwijskunde aan de Florida Internatio\u00adnal Univer\u00adsity. Hij studeert ook nog in Israel en aan de Ameri\u00adcan Univer\u00adsity in Washington. Is hoofd van de Hillel Community Day School in Noord-Miami en introduceert daar de eerste Montessori\u00adschool in het He\u00adbreeuws. Albert is in 1979 directeur van de Hebrew Academy of Central New Jersey.\u00a0<\/span><\/span><\/p>\n<figure id=\"attachment_2644\" class=\"wp-caption aligncenter\" style=\"text-align: justify; padding-left: 40px;\" aria-describedby=\"caption-attachment-2644\"><span style=\"color: #000000;\"><img loading=\"lazy\" decoding=\"async\" class=\"size-medium wp-image-2644\" src=\"http:\/\/celinevonmeijenfeldt.nl\/wp-content\/uploads\/2017\/02\/Albert-Liesel-220x300.jpg\" sizes=\"auto, (max-width: 220px) 100vw, 220px\" srcset=\"https:\/\/meijenfeldt.nl\/wp-content\/uploads\/2017\/02\/Albert-Liesel-220x300.jpg 220w, https:\/\/meijenfeldt.nl\/wp-content\/uploads\/2017\/02\/Albert-Liesel.jpg 240w\" alt=\"Liesel Hess en Albert Mayerfeld\" width=\"220\" height=\"300\" \/><\/span><figcaption id=\"caption-attachment-2644\" class=\"wp-caption-text\" style=\"padding-left: 40px;\"><span style=\"color: #000000; font-size: 10pt; font-family: georgia, palatino, serif;\"><em>Liesel Hess en<\/em><\/span><br \/>\n<span style=\"color: #000000; font-size: 10pt; font-family: georgia, palatino, serif;\"><em>Albert Mayerfeld<\/em><\/span><\/figcaption><\/figure>\n<p style=\"text-align: justify; padding-left: 40px;\"><span style=\"color: #000000; font-size: 12pt; font-family: georgia, palatino, serif;\">Liesel herinnert zich hoe op Kristallnacht (zij was 5 jaar oud) haar vader ondanks zijn WO I-medaille naar Buchenwald wordt afgevoerd en zij in 1938 met haar oudere zuster naar een ongetrouwde oom in Nederland moet. In 1940 vlucht zij naar Engeland en een jaar later de VS. Zij woont daar in Paul MN en later Elizabeth NJ. Bij het kort op elkaar overlijden van het echtpaar door een hartaanval respectievelijk kanker keert de levensverzekeraar pas na veel weigeringen $ 100.000 uit aan de kinderen.<\/span><\/p>\n<p style=\"text-align: justify;\"><span style=\"color: #000000;\">Jh.216321. <strong>Yoel Y.<\/strong>, Yeshiva Universiteit, derivatenhandelaar Kommerzbank New York, \u221e 2003 Landerhaven <em>Lindsey Beth Kline<\/em>, dochter van Stuart en Terri Kline, Esc. Attorney, 2004 New York, Associate Counsel Chase Properties Inc, Jacksonville\u00a0FL; board members Ohel Children\u2019s Home, Brooklin\u00a0NY.<\/span><\/p>\n<p style=\"text-align: justify;\"><span style=\"color: #000000;\">Jh.2162311. zoon, * Cleveland OH 19-10-2006.<\/span><\/p>\n<p style=\"text-align: justify;\"><span style=\"color: #000000;\">Jh.216322. <strong>Albert? <\/strong>Makelaar Investors Realty Inc, # 1238 Stuyvesant Ave. Union\u00a0NJ.<\/span><\/p>\n<p style=\"text-align: justify;\"><span style=\"color: #000000;\">Jh.216323. <strong>Lindsey?<\/strong><\/span><\/p>\n<p style=\"text-align: justify;\"><span style=\"color: #000000;\">Jh.216324. dochter<\/span><\/p>\n<p style=\"text-align: justify;\"><span style=\"color: #000000;\">Jh.2164. <strong>Moritz<\/strong>, * 04-01-1876, \u2020 21-09-1877.<\/span><\/p>\n<p style=\"text-align: justify;\"><span style=\"color: #000000;\">Jh.2165. <strong>Max<\/strong>, * 21\/28-10-1877, \u2020 Gie\u03b2en 17-03-1879.<\/span><\/p>\n<p style=\"text-align: justify;\"><span style=\"color: #000000;\">Jh.2166. <strong>Albert<\/strong>, * Gie\u03b2en 02-08-1879.<\/span><\/p>\n<p style=\"text-align: justify;\"><span style=\"color: #000000;\">Jh.2167. <strong>Hugo<\/strong>, * Gie\u03b2en 29-06-1880, reist met de \u201cSpree\u201d uit Bremen en arriveert in de VS 18-09-1895, reist nog eens in 1908, wordt US-citizen.<\/span><\/p>\n<p style=\"text-align: justify;\"><span style=\"color: #000000;\">Jh.2168. <strong>Clementine<\/strong>, * Grossen-Buseck 08-06-1881, \u2020 Kirchhain 18-07-1935, \u221e <em>Isaak Stern<\/em>, * Nie\u00adderklein 22-08-1874, \u2020 Kirchhain 18-07-1935, zoon van Levi of Juda Stern (1842-1926) en Biene Sabine Spier (1848-1933), twee kinderen.<\/span><\/p>\n<p style=\"text-align: justify;\"><span style=\"color: #000000;\">Jh.2169. <strong>Ella, * <\/strong>Gro\u03b2en-Buseck 18\/28-09-1882, \u2020 Chicago 29-10-1960, \u221e<em> August Hirsch<\/em>, * Gro\u03b2-Gerau 1872, \u2020 Chicago\u00a018-06-1948, # 1926 Rathenaustra\u00dfe 13, Crumstadt, twee kinderen.<\/span><\/p>\n<p style=\"text-align: justify; padding-left: 40px;\"><span style=\"color: #000000; font-size: 12pt; font-family: georgia, palatino, serif;\">Vanuit haar geboortedorp arriveert Ella op 25 december 1906\u00a0in Gro\u03b2-Gerau om daar in 1907\u00a0te trouwen met August Hirsch. Hij heeft\u00a0al een jaar\u00a0in\u00a0de Hintergasse of\u00a0Sch\u00fctzenstra\u00dfe 20\u00a0samen met zijn broer Wilhelm een slagers-, huiden en vellenbedrijf. In 1919 kopen zij\u00a0een huis\u00a0aan de Ring\u00a0of Walter-Rathenau Stra\u00dfe. In 1931 wordt de eigendom verworven van de winkel,\u00a0enkele akkers\u00a0op de Hermannberg en een\u00a0slachthuis. In 1935\u00a0zijn er\u00a0\u00a0dreigingen\u00a0op\u00a0huis en winkel\u00a0en moet\u00a0wordt alles afgestaan voor een derde van de prijs, identiek aan hetgeen de Mayerfelds uit het naastgelegen\u00a0<span style=\"color: #0000ff;\"><a style=\"color: #0000ff;\" href=\"https:\/\/meijenfeldt.nl\/?page_id=2479\">Crumstadt<\/a><\/span> overkomt. Het gezin reist\u00a0naar Frankfurt en vandaar het jaar\u00a0daarop door\u00a0naar Chicago. In 1949 weet Ella met haar twee zoons in een rechtszaak in Darmstadt de\u00a0verloren gelden\u00a0voor een deel te verhalen. Voor haar oude woonhuis ligt\u00a0sinds 2016\u00a0een Stolperstein ter herinnering aan het onvrijwillige vertrek in 1935.<\/span><\/p>\n<p style=\"text-align: justify;\"><span style=\"color: #000000;\">Jh.2160. <strong>Semmy<\/strong>, * Gro\u03b2en-Buseck 21-10-1883, naar de VS ge\u00ebmigreerd.<\/span><\/p>\n<p style=\"text-align: justify;\"><span style=\"color: #000000;\">Jh.216!. <strong>Louis<\/strong>, * 10-09-1884, \u2020 26-09-1884.<\/span><\/p>\n<p style=\"text-align: justify;\"><span style=\"color: #000000;\">Jh.216#. <strong>Martha<\/strong>, * Gro\u03b2en-Buseck 21-11-1891, \u2020 Milwaukee WI 07-1973, \u221e <em>Leo\u00adpold Stern<\/em>, * Nie\u00adderklein 17-03-1886, \u2020 Milwaukee WI 03-12-1952, # Gie\u03b2en, vertrek Wisconsin 1934, ausgeb\u00fcrg\u00adert 08-09-1941, 2 zoons.<\/span><\/p>\n<p style=\"text-align: justify;\"><span style=\"color: #000000;\">Jh.a. <strong>Hendel, <\/strong>* 1730,\u00a0\u221e <em>Isaak Meier<\/em>, * 1725 (\u221e2 Beschen Seligmann\u00a01725-), een dochter.<\/span><\/p>\n<p><span style=\"color: #000000;\">Jh.b. <strong>Salomon<\/strong>, \u221e <em>Sara Baruch<\/em>, dochter:<\/span><\/p>\n<p><span style=\"color: #000000;\">Jh.b1. <strong>Zipper<\/strong>, \u221e H\u00f6chst, Hessen-Nassau 16-12-1849 <em>Moses Maier<\/em>, * 1809, zoon van Moses Maier en Maria Anna Wolf.<\/span><\/p>\n<p style=\"text-align: center;\"><span style=\"font-size: 10pt; color: #000000;\"><span style=\"color: #0000ff;\"><a id=\"voetnoot\"><\/a>Terug\u00a0<\/span> \u00a0***\u00a0 \u00a0<span style=\"color: #0000ff;\">Verder<\/span><\/span><\/p>\n","protected":false},"excerpt":{"rendered":"<p>Ongeveer 10 kilometer ten oosten van de vestingstad Gie\u03b2en ligt een gebied met de naam Busecker Tal. Daarin liggen dorpen als Gro\u03b2en-Buseck en Beuern. Vanwege het grote aantal Joodse families wordt dit gebied in de negen\u00adtiende eeuw wel het \u201cHessi\u00adsches Pales\u00adtina\u201d genoemd.\u00a0Daar leeft onder \u00admeer een fami\u00adlie, die zich aanvankelijk Maiyerfeld\u00a0en al snel Mayerfeld\u00a0noemt. De &hellip; <a href=\"https:\/\/meijenfeldt.nl\/?page_id=2491\" class=\"more-link\">Verder lezen <span class=\"screen-reader-text\">4.9.2. Busecker Tal<\/span><\/a><\/p>\n","protected":false},"author":1,"featured_media":0,"parent":0,"menu_order":0,"comment_status":"closed","ping_status":"closed","template":"","meta":{"footnotes":""},"class_list":["post-2491","page","type-page","status-publish","hentry"],"_links":{"self":[{"href":"https:\/\/meijenfeldt.nl\/index.php?rest_route=\/wp\/v2\/pages\/2491","targetHints":{"allow":["GET"]}}],"collection":[{"href":"https:\/\/meijenfeldt.nl\/index.php?rest_route=\/wp\/v2\/pages"}],"about":[{"href":"https:\/\/meijenfeldt.nl\/index.php?rest_route=\/wp\/v2\/types\/page"}],"author":[{"embeddable":true,"href":"https:\/\/meijenfeldt.nl\/index.php?rest_route=\/wp\/v2\/users\/1"}],"replies":[{"embeddable":true,"href":"https:\/\/meijenfeldt.nl\/index.php?rest_route=%2Fwp%2Fv2%2Fcomments&post=2491"}],"version-history":[{"count":40,"href":"https:\/\/meijenfeldt.nl\/index.php?rest_route=\/wp\/v2\/pages\/2491\/revisions"}],"predecessor-version":[{"id":64563,"href":"https:\/\/meijenfeldt.nl\/index.php?rest_route=\/wp\/v2\/pages\/2491\/revisions\/64563"}],"wp:attachment":[{"href":"https:\/\/meijenfeldt.nl\/index.php?rest_route=%2Fwp%2Fv2%2Fmedia&parent=2491"}],"curies":[{"name":"wp","href":"https:\/\/api.w.org\/{rel}","templated":true}]}}