{"id":2416,"date":"2017-02-04T10:14:26","date_gmt":"2017-02-04T10:14:26","guid":{"rendered":"http:\/\/celinevonmeijenfeldt.nl\/?page_id=2416"},"modified":"2025-03-29T16:17:51","modified_gmt":"2025-03-29T16:17:51","slug":"3-4-3-paltsgraaf","status":"publish","type":"page","link":"https:\/\/meijenfeldt.nl\/?page_id=2416","title":{"rendered":"4.5.2. Palts"},"content":{"rendered":"<p style=\"text-align: justify;\"><span style=\"color: #000000;\"><span style=\"font-size: 12pt;\">In de Duitse deelstaat Rijnland-Palts in\u00a0de oostelijke Eifel, tussen de Moezel die bij Koblenz in de Rijn stroomt en de Nette die even verderop via de stad Mayen in dezelfde rivier uitkomt, ligt het mooie en vruchtbare gebied Maifeld (voorheen Mayenfeld). Centrum van het gebied is het stadje M\u00fcnstermaifeld met 1700 inwoners. <\/span><span style=\"font-size: 12pt;\">De Kelten gebruiken het gebied al voor de landbouw, omdat er geen bos op stond. Als de Franken vanuit het westen het gebied op de Romeinen veroveren en de Merowingentijd een aanvang neemt, noemen zij het gebied Meinefelt of Meinvelt. <span style=\"color: #0000ff;\"><a style=\"color: #0000ff;\" href=\"#voetnoot\">(1)<\/a><\/span><\/span><\/span><\/p>\n<p style=\"text-align: justify;\"><span style=\"font-size: 12pt;\"><span style=\"color: #000000;\">De keizer van het Heilige Roomse Rijk heeft een zodanig omvangrijk gebied te besturen dat hij per regio een hoge vertegenwoordiger\u00a0met regeringsbevoegdheid aanstelt: de paltsgraaf. Vooral langs de Rijn ontstaan deze gebieden, waarvan de benamingen en grenzen\u00a0vaak\u00a0veranderen, zij het dat de paltsgraaf\u00a0Von Mayenfeld\u00a0vrij constant aanwezig is. Het gebied\u00a0behoort na\u00a0de verticale splitsing van het rijk van Karel de Grote tot Neder-Lotharingen (met Nederland, Belgi\u00eb en Luxemburg). In 1080 gaat het graafschap over van het gebied van Mainz naar dat van Trier.<\/span> <\/span><\/p>\n<p style=\"text-align: justify;\"><span style=\"color: #000000; font-size: 12pt;\">Siegfried is de eerst bekende paltsgraaf\u00a0Von Mayenfeld. Hij leeft in de achtste eeuw en is bezitter van de hooggelegen Genovevaburg in de stad Mayen boven de Rijn. De burcht is vernoemd naar zijn vrouw Genevi\u00e8ve, de dochter van de Hertog van Brabant. De volgende bekende legende (inclusief enkele variaties) van een Laacher monnik uit de 15<sup>e<\/sup> eeuw gaat over dit paar:<\/span><\/p>\n<p style=\"text-align: justify; padding-left: 30px;\"><span style=\"color: #000000; font-family: georgia,palatino,serif; font-size: 12pt;\">Siegfried trekt aan de zijde van Karel Martel ten strijde tegen de Saracenen (Moren die over de Pyrene\u00eben zijn binnengevallen). Hij vertrouwt de zorgen voor zijn vrouw toe aan zijn vriend en hofmeester Golo. Deze is echter verliefd op haar, doet haar een bekentenis en vervalst een brief waarin staat dat Siegfried met zijn mannen is verdronken. Genevi\u00e8ve wijst hem\u00a0resoluut af.<\/span><\/p>\n<p style=\"text-align: justify; padding-left: 30px;\"><span style=\"color: #000000; font-family: georgia,palatino,serif; font-size: 12pt;\">Golo is bang dat\u00a0Genevi\u00e8ve het uiteindelijk\u00a0aan haar man zal zeggen. Als hij hoort dat Siegfried in Straatsburg herstelt van een ernstige oorlogswond, laat hij snel een bericht uitgaan of gaat er zelf naar toe, met de boodschap dat Genevi\u00e8ve overspel pleegde met en zwanger raakte van de kok, welke inmiddels is weggestuurd of ter dood gebacht. Al dan niet op instigatie van haar man wordt Genevi\u00e8ve in de toren dan wel kerker van het slot opgesloten. Alleen bijgestaan door een oude wasvrouw baart zij daar een zoon met de naam Benoni of Tristan, die Siegfried zonder dat zelf te weten de nacht voor zijn vertrek had verwekt.<\/span><\/p>\n<p style=\"text-align: justify; padding-left: 30px;\"><span style=\"color: #000000; font-family: georgia,palatino,serif; font-size: 12pt;\"> Er is sprake van een (omgekochte) tovenares of Golo\u2019s moeder, die influistert om vrouw en baby te laten ombrengen. De jagers die dit moeten uitvoeren krijgen medelijden of willen geen bloed aan hun handen. Zij laten Genevi\u00e8ve met haar baby achter in het woud bij de steengroeve van Nieder-Mendig, 5 kilometer verderop. Zij snijden een hondentong af als bewijs dat zij Genevi\u00e8ve hebben omgebracht.<\/span><\/p>\n<p style=\"text-align: justify; padding-left: 30px;\"><span style=\"color: #000000; font-family: georgia,palatino,serif; font-size: 12pt;\">Siegfried is ontroostbaar over het verdwijnen van zijn vrouw en verdrijft zijn tijd met de jacht. In de achtervolging van een tam hert met een crucifix op zijn kop komt de graaf na zes jaar en drie maanden (6 januari 737) naar de steengroeve. Daar ziet hij\u00a0een moeder met\u00a0kind zonder\u00a0kleren meer, alleen\u00a0beschermd tegen de kou door haar\u00a0lange haar, levend\u00a0van wortels en bessen en van de melk van het hert (dat eigenlijk de heilige Maria is). Nadat hij doorheeft c.q. hem wordt verteld dat hij Genevi\u00e8ve\u00a0voor zich heeft, stort Siegfried berouwvol ter aarde en smeekt zijn vrouw met zijn zoon naar huis terug te keren. Zij vergeeft hem.<\/span><\/p>\n<p style=\"text-align: justify; padding-left: 30px;\"><span style=\"color: #000000; font-family: georgia,palatino,serif; font-size: 12pt;\">Nog tijdens haar leven wordt Genevi\u00e8ve als een heilige vereerd. Na haar dood kort daarop zoeken velen genezing of troost bij haar graf of bij de kapel Fraukirch die Siegfried op haar verzoek bij de groeve laat bouwen. Ondanks de smeekbeden van zijn vrouw laat hij Golo door ossen in vieren trekken en smijt diens lichaamsdelen van de Krahnenberg in de Rijn. Op de plek waar ze terechtkomen woelt het water nu nog jaarlijks op.<\/span><\/p>\n<p style=\"text-align: justify;\"><span style=\"color: #000000; font-size: 12pt;\">Deze legende heeft door de eeuwen heen gediend tot inspiratie van muziek (Schuman), schilderkunst (Schopin) en literatuur (Hebbel, Streuvels). Hieronder staan enkele voorbeelden:<\/span><\/p>\n<table>\n<tbody>\n<tr>\n<td><img loading=\"lazy\" decoding=\"async\" class=\"size-full wp-image-2420 aligncenter\" src=\"https:\/\/meijenfeldt.nl\/wp-content\/uploads\/2017\/02\/image002.jpg\" alt=\"\" width=\"288\" height=\"227\" \/><\/td>\n<td><img loading=\"lazy\" decoding=\"async\" class=\"size-full wp-image-2419 aligncenter\" src=\"https:\/\/meijenfeldt.nl\/wp-content\/uploads\/2017\/02\/image001-2.jpg\" alt=\"\" width=\"289\" height=\"226\" \/><\/td>\n<\/tr>\n<\/tbody>\n<\/table>\n<p><span style=\"color: #000000; font-family: georgia,palatino,serif; font-size: 10pt;\"><em>Genevi\u00e8ve de Brabant et son fils retrouv\u00e9 dans les bois par son mari le comte Siffrey de Mayenfeld (<\/em><\/span><span style=\"font-family: georgia,palatino,serif; font-size: 10pt;\"><em><span style=\"color: #000000;\">Fr\u00e9d\u00e9ric-Henri Schopin, L\u00fcbeck 1804 \u2013 Montingny-sur-Loing 1880).<\/span><\/em><\/span><\/p>\n<table style=\"height: 132px; width: 100%;\" width=\"535\">\n<tbody>\n<tr style=\"height: 132px;\">\n<td style=\"width: 520px; height: 132px;\">\n<p style=\"text-align: center;\"><span style=\"color: #000000; font-family: georgia, palatino, serif; font-size: 12pt;\">Daar was een edel palsgravin,<\/span><br \/>\n<span style=\"color: #000000; font-family: georgia, palatino, serif; font-size: 12pt;\"> den graaf die stond in haren zin.<\/span><br \/>\n<span style=\"color: #000000; font-family: georgia, palatino, serif; font-size: 12pt;\"> Maar die haar deugd benijdde,<\/span><br \/>\n<span style=\"color: #000000; font-family: georgia, palatino, serif; font-size: 12pt;\"> &#8217;t was Gollo, die uit geile min<\/span><br \/>\n<span style=\"color: #000000; font-family: georgia, palatino, serif; font-size: 12pt;\"> haar meende te verleiden<\/span><\/p>\n<\/td>\n<\/tr>\n<\/tbody>\n<\/table>\n<p><span style=\"color: #000000; font-family: georgia,palatino,serif; font-size: 10pt;\"><em>Openingcouplet van het lied \u201cVan Genoveva\u201d, opgetekend in Olmen door S. van Loock, <\/em><em>opgenomen in H. Boone, \u201cTraditionele Vlaamse volksliederen en dansen\u201d, Leuven 2003<\/em><\/span><\/p>\n<table>\n<tbody>\n<tr>\n<td style=\"text-align: center;\"><img loading=\"lazy\" decoding=\"async\" class=\"alignnone size-medium wp-image-2421\" src=\"http:\/\/celinevonmeijenfeldt.nl\/wp-content\/uploads\/2017\/02\/image003-300x241.png\" alt=\"image003\" width=\"300\" height=\"241\" srcset=\"https:\/\/meijenfeldt.nl\/wp-content\/uploads\/2017\/02\/image003-300x241.png 300w, https:\/\/meijenfeldt.nl\/wp-content\/uploads\/2017\/02\/image003.png 320w\" sizes=\"auto, (max-width: 300px) 100vw, 300px\" \/><\/td>\n<\/tr>\n<\/tbody>\n<\/table>\n<p style=\"text-align: center;\"><span style=\"color: #000000;\"><span style=\"font-family: georgia,palatino,serif; font-size: 10pt;\"><em>Genevi\u00e8ve de Brabant, <\/em><\/span><span style=\"font-family: georgia,palatino,serif; font-size: 10pt;\"><em>Franse volksprent uit de negentiende eeuw<br \/>\n<\/em><\/span><span style=\"font-family: georgia, palatino, serif; font-size: 8pt;\">Museum voor Volkskunde, Antwerpen<\/span><\/span><\/p>\n<p style=\"text-align: justify;\"><span style=\"color: #000000; font-size: 12pt;\">Tussen het jaar 888 en 1103 is een reeks paltsgraven\u00a0Von Mayenfeld bekend, die vaak wel maar niet altijd in een familierelatie tot elkaar staan. Soms besturen zij grotere gebieden dan Mayenfeld alleen. <\/span><\/p>\n<p style=\"text-align: justify;\"><span style=\"color: #000000; font-family: Georgia; font-size: medium;\">Uit dezelfde regio is Dieterich von Meyenfeld bekend. Hij verwerft in de periode 1319-1329 enkele malen een gedeeltelijk leenrecht op de burcht Wied van Ruprecht von Birneburg, totdat deze het recht meegeeft aan zijn dochter Agnes als huwelijksgift aan graaf Wilhelm I zu Wied, die daardoor de volledige leen bijeenbrengt.<\/span><\/p>\n<p style=\"text-align: center;\"><span style=\"color: #800000;\"><strong>Genealogie<\/strong><\/span><\/p>\n<p style=\"text-align: justify;\"><span style=\"color: #000000;\">a<strong>. Meingaud <\/strong>of <strong>Megingoz,\u00a0<\/strong>888 Pfalzgraf<strong>, \u2020 <\/strong>(vermoord) 892, vader Walahon, zoon:<\/span><\/p>\n<p style=\"text-align: justify;\"><span style=\"color: #000000;\">a.1.<strong> Meingaud, <\/strong>Pfalzgraf.<\/span><\/p>\n<p style=\"text-align: justify;\"><span style=\"color: #000000;\">b.<strong> Burchard,<\/strong> 905 Pfalzgraf, \u221e <em>Gis\u00e8le<\/em> (weduwe van de eerste Meingaud).<\/span><\/p>\n<p style=\"text-align: justify;\"><span style=\"color: #000000;\">c.<strong> Eberhard II<\/strong>, * Lahn 885, 890 of 893, <strong>\u2020 <\/strong>944, zoon van Eberhard I (hertog van Nieder-Lahngau) en Wiltrud Amalrada von Ringleheim, afstammelingen van de Frankische koning Konrad, 905 Paltsgraaf, \u221e <i>Mathilde,<\/i> dan wel \u2026, dochter\u00a0van Adalbert I en marquesse van Ivrea, dan wel <em>Swanila von Bayern<\/em>, dochter van Arnoul hertog von Bayern en Judith von Regensbourg, zes kinderen:<\/span><\/p>\n<p style=\"text-align: justify;\"><span style=\"color: #000000;\">c.1.<strong> Eberhard III<\/strong> (Graf von Lahngau);<\/span><\/p>\n<p style=\"text-align: justify;\"><span style=\"color: #000000;\">c.2.<strong> Burckhard<\/strong> von Bayern (Markgraf van Ostmark);<\/span><\/p>\n<p style=\"text-align: justify;\"><span style=\"color: #000000;\">c.3.<strong> Udo<\/strong><strong>(n) <\/strong>II, * 920, 925, 927 of 963 Pfalzgraf, waarbij het zuidelijk aangrenzende Trechirgau (met Oberwesel) bij Mayenfeld is gevoegd, 966 door de keizer uit het Heilige Roomse Rijk verbannen, \u221e <em>Landengau<\/em>, dochter van Luitfried III,<\/span><\/p>\n<p style=\"text-align: justify;\"><span style=\"color: #000000;\">c.31. <strong>Konrad<\/strong>, * 940, graaf van Arlon, Luxemburg, zoon Walram\/Valerin I (972-1052) Graf von\u00a0Arlon, kleinzoon Walram II (998-1070) Graf von Limburg (Belgi\u00eb), achterkleinzoon Heinrich I, Graf von Limburg (1049-1110), etc.<\/span><\/p>\n<p style=\"text-align: justify;\"><span style=\"color: #000000;\">c.32. <strong>Berthold I<\/strong> van Stromberg, * 946, Graaf van Maienfeld\/Trechirgau,\u00a0\u221e <em>Alberada van Mayenfeld<\/em>, * 946.<\/span><\/p>\n<p style=\"text-align: justify;\"><span style=\"color: #000000;\">c.4.<strong> Konrad<\/strong>;<\/span><\/p>\n<p style=\"text-align: justify;\"><span style=\"color: #000000;\">c.5.<strong> Alberada,<\/strong> \u221e <em>Berthold I Witterau<\/em>, zoon Berthold II Witterau.<\/span><\/p>\n<p style=\"text-align: justify;\"><span style=\"color: #000000;\">c.6.<strong> Mathilda<\/strong>, * 910.<\/span><\/p>\n<p style=\"text-align: justify;\"><span style=\"color: #000000;\">d.<strong> B\u00e9reger<\/strong>, Graf van Lomme, 912 Pfalzgraf.<\/span><\/p>\n<p style=\"text-align: justify;\"><span style=\"color: #000000;\">e.<strong> Guls<\/strong>, 928 Pfalzgraf.<\/span><\/p>\n<p style=\"text-align: justify;\"><span style=\"color: #000000;\">f.<strong> Becelinus, <\/strong>998 en 1005 Pfalzgraf.<\/span><\/p>\n<p style=\"text-align: justify;\"><span style=\"color: #000000;\">g.<strong> Berthold<\/strong>, 1016-1084 Pfalzgraf (misschien meer dan \u00e9\u00e9n).<\/span><\/p>\n<p style=\"text-align: justify;\"><span style=\"color: #000000;\">h.<strong> Bezelin<\/strong>, 1103 Pfalzgraf (inclusief de Trachgau).<\/span><\/p>\n<p style=\"text-align: center;\"><span style=\"font-family: georgia, palatino, serif; font-size: 10pt; color: #000000;\"><span style=\"color: #0000ff;\"><a id=\"voetnoot\"><\/a><a style=\"color: #0000ff;\" href=\"https:\/\/meijenfeldt.nl\/?page_id=6991\">Terug<\/a><\/span>\u00a0 \u00a0***\u00a0 \u00a0<span style=\"color: #0000ff;\"><a style=\"color: #0000ff;\" href=\"https:\/\/meijenfeldt.nl\/?page_id=7027\">Verder<\/a><\/span><\/span><\/p>\n<p style=\"text-align: justify;\"><span style=\"color: #000000;\"><span style=\"font-size: 10pt;\">1. L. Vanderkindere, &#8220;La formation territoriale des principaut\u00e9s belges au moyen \u00e2ge&#8221;, Brussel 1902. <\/span><span style=\"font-size: 10pt;\">R.W. Stuart, \u201cRoyalty for Commoners\u201d, Baltimore 1998. J. Fried, &#8220;Prolepsis oder Tod? Methodische und andere Bemerkungen zur Konradiner-Genealogie im 10. und fr\u00fchen 11. Jahrhundert&#8221;.\u00a0<\/span><span style=\"font-size: 10pt;\"> F. Gottschalk, \u201cDie Ritterburgen und Bergschl\u00f6sser Deutschland\u2019s\u201d, deel 9, Halle 1835, pag. 368.<\/span><\/span><\/p>\n","protected":false},"excerpt":{"rendered":"<p>In de Duitse deelstaat Rijnland-Palts in\u00a0de oostelijke Eifel, tussen de Moezel die bij Koblenz in de Rijn stroomt en de Nette die even verderop via de stad Mayen in dezelfde rivier uitkomt, ligt het mooie en vruchtbare gebied Maifeld (voorheen Mayenfeld). Centrum van het gebied is het stadje M\u00fcnstermaifeld met 1700 inwoners. De Kelten gebruiken &hellip; <a href=\"https:\/\/meijenfeldt.nl\/?page_id=2416\" class=\"more-link\">Verder lezen <span class=\"screen-reader-text\">4.5.2. Palts<\/span><\/a><\/p>\n","protected":false},"author":1,"featured_media":0,"parent":0,"menu_order":0,"comment_status":"closed","ping_status":"closed","template":"","meta":{"footnotes":""},"class_list":["post-2416","page","type-page","status-publish","hentry"],"_links":{"self":[{"href":"https:\/\/meijenfeldt.nl\/index.php?rest_route=\/wp\/v2\/pages\/2416","targetHints":{"allow":["GET"]}}],"collection":[{"href":"https:\/\/meijenfeldt.nl\/index.php?rest_route=\/wp\/v2\/pages"}],"about":[{"href":"https:\/\/meijenfeldt.nl\/index.php?rest_route=\/wp\/v2\/types\/page"}],"author":[{"embeddable":true,"href":"https:\/\/meijenfeldt.nl\/index.php?rest_route=\/wp\/v2\/users\/1"}],"replies":[{"embeddable":true,"href":"https:\/\/meijenfeldt.nl\/index.php?rest_route=%2Fwp%2Fv2%2Fcomments&post=2416"}],"version-history":[{"count":30,"href":"https:\/\/meijenfeldt.nl\/index.php?rest_route=\/wp\/v2\/pages\/2416\/revisions"}],"predecessor-version":[{"id":64519,"href":"https:\/\/meijenfeldt.nl\/index.php?rest_route=\/wp\/v2\/pages\/2416\/revisions\/64519"}],"wp:attachment":[{"href":"https:\/\/meijenfeldt.nl\/index.php?rest_route=%2Fwp%2Fv2%2Fmedia&parent=2416"}],"curies":[{"name":"wp","href":"https:\/\/api.w.org\/{rel}","templated":true}]}}