{"id":2411,"date":"2017-02-03T08:19:29","date_gmt":"2017-02-03T08:19:29","guid":{"rendered":"http:\/\/celinevonmeijenfeldt.nl\/?page_id=2411"},"modified":"2017-02-03T08:19:29","modified_gmt":"2017-02-03T08:19:29","slug":"pfalzgrafen","status":"publish","type":"page","link":"https:\/\/meijenfeldt.nl\/?page_id=2411","title":{"rendered":"Pfalzgrafen"},"content":{"rendered":"<p>In de oostelijke Eifel, tussen de Moezel die bij Koblenz in de Rijn stroomt en de Nette die even verderop via de stad Mayen in dezelfde rivier uitkomt, ligt het mooie en vruchtbare gebied Maifeld (voorheen Mayenfeld). Centrum van het gebied is het stadje M\u00fcnstermaifeld met 1700 inwoners.\u00a0De Kelten gebruiken het gebied al voor de landbouw, omdat er geen bos op staat. Als de Franken vanuit het westen het gebied op de Romeinen veroveren en de Merowingentijd een aanvang neemt, noemen zij het gebied Meinefelt of Meinvelt.<\/p>\n<p>De keizer van het Heilige Roomse Rijk stelt een paltsgraaf (een graaf met regeringsbevoegdheid) aan het hoofd van dit gebied, dat na het vertikale splitsing van het rijk van Karel de Grote behoort tot Neder-Lotharingen (met Nederland, Belgi\u00eb en Luxemburg). In 1080 gaat het graafschap over van het gebied van Mainz naar dat van Trier. In de dertiende eeuw verkrijgt M\u00fcnstermaifeld stadsrechten.<\/p>\n<p>Siegfried is de eerst bekende Pfalzgraf von Mayenfeld. Hij leeft in de achtste eeuw en is bezitter van de hooggelegen Genovevaburg in de stad Mayen boven de Rijn. De burcht is vernoemd naar zijn vrouw Genevi\u00e8ve, de dochter van de Hertog van Brabant. De volgende bekende legende (inclusief enkele variaties) van een Laacher monnik uit de 15e eeuw gaat over dit paar.<\/p>\n<p>Siegfried trekt aan de zijde van Karel Martel ten strijde tegen de Saracenen (Moren die over de Pyrene\u00eben zijn binnengevallen). Hij vertrouwt de zorgen voor zijn vrouw toe aan zijn vriend en hofmeester Golo. Deze is echter verliefd op haar, doet haar een bekentenis en vervalst een brief waarin staat dat Siegfried met zijn mannen is verdronken. Genevi\u00e8ve wijst hem echter\u00a0resoluut af.<\/p>\n<p>Golo wordt door de ferme afwijzing bang wat ze aan haar man zal zeggen. Als hij hoort dat Siegfried in Straatsburg herstelt van een ernstige oorlogswond, laat hij snel een bericht uitgaan of gaat er zelf naar toe, met de boodschap dat Genevi\u00e8ve overspel pleegde met en zwanger raakte van de kok, welke inmiddels is weggestuurd of ter dood gebacht. Al dan niet op instigatie van haar man wordt Genevi\u00e8ve in de toren dan wel kerker van het slot opgesloten.<\/p>\n<p>Alleen bijgestaan door een oude wasvrouw baart zij daar een zoon met de naam Benoni of Tristan, die Siegfried zonder dat zelf te weten de nacht voor zijn vertrek had verwekt. Er is sprake van een (omgekochte) tovenares of Golo\u2019s moeder, die influistert om vrouw en baby te laten ombrengen. De jagers die dit moeten uitvoeren krijgen medelijden of willen geen bloed aan hun handen. Zij laten Genevi\u00e8ve met haar baby achter in het woud bij de steengroeve van Nieder-Mendig, 5 kilometer verderop. Zij snijden een hondentong af als bewijs dat zij Genevi\u00e8ve hebben omgebracht.<\/p>\n<p>Siegfried is ontroostbaar over het verdwijnen van zijn vrouw en verdrijft zijn tijd met de jacht. In de achtervolging van een tam hert met een crucifix op zijn kop komt de graaf na zes jaar en drie maanden (6 januari 737) naar de steengroeve. Daar ziet hij Genevi\u00e8ve en haar kind. Zij hebben geen kleren meer, maar het lange haar van Genevi\u00e8ve heeft hen beschermd tegen de kou. Zij hebben geleefd van wortels en bessen en van de melk van het eerdergenoemde hert (dat eigenlijk de heilige Maria is). Nadat hij doorheeft c.q. hem wordt verteld wie hij voor zich heeft, stort Siegfried berouwvol ter aarde en smeekt zijn vrouw met zijn zoon naar huis terug te keren. Zij vergeeft hem.<\/p>\n<p>Tijdens haar leven wordt genevi\u00e8ve al als een heilige vereerd. Na haar dood kort daarop zoeken velen genezing of troost bij haar graf of bij de kapel Fraukirch die Siegfried op haar verzoek bij de groeve laat bouwen. Ondanks de smeekbeden van zijn vrouw laat hij Golo door ossen in vieren trekken en smijt diens lichaamsdelen van de Krahnenberg in de Rijn. Op de plek waar ze terechtkomen woelt het water nu nog jaarlijks op.<\/p>\n<p>Deze legende heeft door de eeuwen heen gediend tot inspiratie van muziek (Schuman), schilderkunst (Schopin) en literatuur (Hebbel, Streuvels). Hieronder staan enkele voorbeelden:<\/p>\n<p>Genevi\u00e8ve de Brabant et son fils retrouv\u00e9 dans les bois par son mari le comte Siffrey de Mayenfeld<br \/>\nFr\u00e9d\u00e9ric-Henri Schopin, L\u00fcbeck 1804 \u2013 Montingny-sur-Loing 1880.<\/p>\n<p>Daar was een edel palsgravin,<br \/>\nden graaf die stond in haren zin.<br \/>\nMaar die haar deugd benijdde,<br \/>\n&#8217;t was Gollo, die uit geile min<br \/>\nhaar meende te verleiden<br \/>\nOpeningcouplet van het lied \u201cVan Genoveva\u201d, opgetekend in Olmen door S. van Loock,<br \/>\nopgenomen in H. Boone, \u201cTraditionele Vlaamse volksliederen en dansen\u201d, Leuven 2003<\/p>\n<p>Rozenhoeddansen<\/p>\n<p>Genevi\u00e8ve de Brabant<br \/>\nFranse volksprent uit de negentiende eeuw<br \/>\nMuseum voor Volkskunde Antwerpen<\/p>\n<p>De volgende Pfaltzgrafen von Mayenfeld zijn bekend: (1) (2)<br \/>\nMeingaud of Megingoz, Pfalzgraf 888, \u2020 (vermoord) 892, vader Walahon, zoon:<br \/>\nMeingaud.<br \/>\nBurchard, 905 Pfaltzgraf, \u221e Gis\u00e8le (weduwe van de eerste Meingaud).<br \/>\nEberhard II, * Lahn 885\/890\/893, \u2020 944, zoon van Eberhard I (hertog van Nieder-Lahngau) en Wiltrud Amalrada von Ringleheim, afstammelingen van de Frankische koning Konrad, 905 Pfaltzgraf, \u221e Mathilde danwel dochter van Adalbert I marquesse van Ivrea, dan wel Swanila von Bayern, dochter van Arnoul hertog von Bayern en Judith von Regensbourg, zes kinderen: vier zoons:, , en twee dochters:<\/p>\n","protected":false},"excerpt":{"rendered":"<p>In de oostelijke Eifel, tussen de Moezel die bij Koblenz in de Rijn stroomt en de Nette die even verderop via de stad Mayen in dezelfde rivier uitkomt, ligt het mooie en vruchtbare gebied Maifeld (voorheen Mayenfeld). Centrum van het gebied is het stadje M\u00fcnstermaifeld met 1700 inwoners.\u00a0De Kelten gebruiken het gebied al voor de &hellip; <a href=\"https:\/\/meijenfeldt.nl\/?page_id=2411\" class=\"more-link\">Verder lezen <span class=\"screen-reader-text\">Pfalzgrafen<\/span><\/a><\/p>\n","protected":false},"author":1,"featured_media":0,"parent":0,"menu_order":0,"comment_status":"closed","ping_status":"closed","template":"","meta":{"footnotes":""},"class_list":["post-2411","page","type-page","status-publish","hentry"],"_links":{"self":[{"href":"https:\/\/meijenfeldt.nl\/index.php?rest_route=\/wp\/v2\/pages\/2411","targetHints":{"allow":["GET"]}}],"collection":[{"href":"https:\/\/meijenfeldt.nl\/index.php?rest_route=\/wp\/v2\/pages"}],"about":[{"href":"https:\/\/meijenfeldt.nl\/index.php?rest_route=\/wp\/v2\/types\/page"}],"author":[{"embeddable":true,"href":"https:\/\/meijenfeldt.nl\/index.php?rest_route=\/wp\/v2\/users\/1"}],"replies":[{"embeddable":true,"href":"https:\/\/meijenfeldt.nl\/index.php?rest_route=%2Fwp%2Fv2%2Fcomments&post=2411"}],"version-history":[{"count":1,"href":"https:\/\/meijenfeldt.nl\/index.php?rest_route=\/wp\/v2\/pages\/2411\/revisions"}],"predecessor-version":[{"id":2412,"href":"https:\/\/meijenfeldt.nl\/index.php?rest_route=\/wp\/v2\/pages\/2411\/revisions\/2412"}],"wp:attachment":[{"href":"https:\/\/meijenfeldt.nl\/index.php?rest_route=%2Fwp%2Fv2%2Fmedia&parent=2411"}],"curies":[{"name":"wp","href":"https:\/\/api.w.org\/{rel}","templated":true}]}}