{"id":2314,"date":"2017-01-29T13:53:42","date_gmt":"2017-01-29T13:53:42","guid":{"rendered":"http:\/\/celinevonmeijenfeldt.nl\/?page_id=2314"},"modified":"2024-05-25T08:39:19","modified_gmt":"2024-05-25T08:39:19","slug":"3-2-2-landvoogden","status":"publish","type":"page","link":"https:\/\/meijenfeldt.nl\/?page_id=2314","title":{"rendered":"4.4.1. Landvoogden"},"content":{"rendered":"<p style=\"text-align: justify;\"><span style=\"color: #000000; font-family: georgia,palatino,serif;\">Gupert\u00a0&#8220;de Grote&#8221; von Salis (1450-1490) is de zoon van Rudolf &#8216;Doxinia&#8217;. Hij is majoor in dienst van aartshertog Sigismund van het aangrenzende Oostenrijk. Als\u00a0vazal van de bisschop van Chur wordt\u00a0hij landvoogd van Maienfeld. Zijn bezittingen strekken zich uit\u00a0van Casaccia, Avers, Engadin en Plurs tot vooral in Soglio.\u00a0Hij wordt in\u00a01487\u00a0door Keizer Frederik III in de Rijksadelstand verheven\u00a0met de naam\u00a0Von Salis-Soglio en een wapen. <span style=\"font-family: Georgia;\">Zijn zoon Andreas wordt \u00e9\u00e9n van de rijkste B\u00fcnder van zijn tijd.<\/span><\/span><\/p>\n<p style=\"text-align: center;\"><img loading=\"lazy\" decoding=\"async\" class=\"alignnone wp-image-2254 aligncenter\" src=\"https:\/\/meijenfeldt.nl\/wp-content\/uploads\/2017\/01\/Salis-wapen-2.png\" alt=\"Salis wapen 2\" width=\"273\" height=\"326\" \/><em><span style=\"color: #000000; font-size: 10pt;\">Wapenschild van Gupert von Salis-Soglio uit 1487<\/span><\/em><\/p>\n<p style=\"padding-left: 40px; text-align: justify;\"><span style=\"color: #000000;\">In de gouden bovenhelft de eerdere wilgenboom met bruine stam en groene blaadjes en in de onderhelft zes afwisselend zilveren en rode palen. Het dekkleed is zilver-rood en goud-groen. Op de helm richt een ongewapende naakte Hermes zich op, met kroon en zilver-rode vleugels. De wapentekens en kleuren zijn niet terug te vinden in de stadswapens van Soglio en Maienfeld.<\/span><\/p>\n<p style=\"text-align: justify;\"><span style=\"color: #000000;\"><span style=\"font-family: georgia, palatino, serif;\">Vijf generaties later betaalt rijksridder Gubert von Salis-Soglio (1638-1710) 250 dukaten, een vergulde zilveren beker en een \u201cMarend\u201d voor het gehele burgerschap van Maienfeld. Hij wordt gekozen tot landvoogd van Maienfeld. Dit stadje<\/span> ligt 20 kilometer ten noorden van Chur, waar de noordpunt van het kanton Grau\u00adb\u00fcnden grenst aan het vorstendom Liech\u00adtenstein. Het is de derde stad aan de Rijn, strategisch gelegen, vooral omdat er vanuit het laaggele\u00adgen centrum een veer\u00adpont de rivier over\u00adgaat en omdat een belangrijke Noord-Zuid-verbinding over land door de stad loopt.\u00a0Buiten de muren van Maienfeld ligt het landgoed Salenegg. Het gebied werd verworven door Vespasian von Salis en zijn vrouw\u00a0Anna von Schauenstein in 1594. Zij bouwden daar het enorme landhuis en gaven het de naam Salenegg. Tot op de dag van vandaag is het eigendom van de familie en is het vooral bekend van de geproduceerde wijn.<\/span><br \/>\n<img loading=\"lazy\" decoding=\"async\" class=\"alignnone wp-image-5790\" src=\"https:\/\/meijenfeldt.nl\/wp-content\/uploads\/2017\/08\/IMG_0497-300x74.jpg\" sizes=\"auto, (max-width: 681px) 100vw, 681px\" srcset=\"https:\/\/meijenfeldt.nl\/wp-content\/uploads\/2017\/08\/IMG_0497-300x74.jpg 300w, https:\/\/meijenfeldt.nl\/wp-content\/uploads\/2017\/08\/IMG_0497-768x189.jpg 768w, https:\/\/meijenfeldt.nl\/wp-content\/uploads\/2017\/08\/IMG_0497-1024x252.jpg 1024w, https:\/\/meijenfeldt.nl\/wp-content\/uploads\/2017\/08\/IMG_0497.jpg 1398w\" alt=\"IMG_0497\" width=\"681\" height=\"168\" \/><span style=\"font-size: 10pt;\"><em>Salenegg<\/em><\/span><\/p>\n<p style=\"text-align: justify;\"><span style=\"color: #000000; font-family: georgia,palatino,serif;\">Gubert wordt &#8220;Bundeslandammanns der drei B\u00fcnde&#8221;, hoofdbestuurder van grote delen van Graub\u00fcnden. Hij sneuvelt in een slag bij Sondrio in Veltlin. In zijn leven heeft hij zijn familienaam ter onderscheiding van de vele andere takken gewijzigd tot Von Salis-Mayenfeld. Zijn vele kinderen hebben interessante levensverhalen.<\/span><\/p>\n<p style=\"text-align: justify;\"><span style=\"color: #000000; font-family: georgia,palatino,serif;\">Het eerste kind\u00a0Hortensia (1659-1715) is al op 33-jarige leeftijd weduwe en haar kinderen overlijden op jonge leeftijd. Zij wordt breed wetenschappelijk autodidacte, onder andere in de\u00a0theologie en\u00a0geneeskunde. Zij\u00a0ontvangt in haar huis in Maienfeld aanzienlijke gasten.<\/span><\/p>\n<p style=\"text-align: justify;\"><span style=\"color: #000000; font-family: georgia,palatino,serif;\">Het tweede kind Karl Gubert (1660-1740) wordt vooral bekend door zijn zoon Karl Ulysses (1707-1777). <span style=\"line-height: 130%; letter-spacing: 0.5pt;\">Het Zwitserse kanton <span class=\"SpellE\">Graub\u00fcnden<\/span> (<span class=\"SpellE\">Grisons<\/span>) levert regelmatig regimenten infanterie aan buitenlandse mogendheden door middel van een overeenkomst (<span class=\"SpellE\"><i>kapitulation<\/i><\/span>). Op 1 juni 1734 wordt het <span class=\"SpellE\">Salis-regiment<\/span> opgericht als het 9<sup><span style=\"font-size: small;\">de<\/span><\/sup> Zwitserse regiment in Franse dienst en in Belfort gelegerd. <span class=\"SpellE\">Karl<\/span> <span class=\"SpellE\">Ulysses<\/span> leidt <\/span><\/span><span style=\"font-family: georgia,palatino,serif;\"><span style=\"line-height: 130%; letter-spacing: 0.5pt;\"><span style=\"color: #000000;\">daarin als kapitein vanaf 10 juli een compagnie. In 1744 krijgt hij de rang kolonel en neemt van 6 december 1744 tot 1762 het bevel over het hele regiment, dat dan zijn naam <span class=\"SpellE\">Salis-Mayenfeld<\/span> draagt.<\/span> <\/span><\/span><\/p>\n<p><img loading=\"lazy\" decoding=\"async\" class=\"alignnone size-medium wp-image-2283 aligncenter\" src=\"http:\/\/celinevonmeijenfeldt.nl\/wp-content\/uploads\/2017\/01\/Salis-Mayenfeld-1744-1762-295x300.png\" alt=\"Salis-Mayenfeld 1744-1762\" width=\"295\" height=\"300\" srcset=\"https:\/\/meijenfeldt.nl\/wp-content\/uploads\/2017\/01\/Salis-Mayenfeld-1744-1762-295x300.png 295w, https:\/\/meijenfeldt.nl\/wp-content\/uploads\/2017\/01\/Salis-Mayenfeld-1744-1762.png 550w\" sizes=\"auto, (max-width: 295px) 100vw, 295px\" \/><\/p>\n<p style=\"text-align: justify;\"><span style=\"color: #000000; font-family: georgia,palatino,serif;\"><span style=\"line-height: 130%; letter-spacing: 0.5pt;\">Op 10 mei 1748 wordt <span style=\"font-family: Georgia;\">Karl Ulysses\u00a0<\/span>tot brigade-generaal van de infanterie benoemd. Hij neemt deel onder de Franse generaal <span class=\"SpellE\">d\u2019Estrees<\/span> aan de Slag bij <span class=\"SpellE\">Hastenbeck<\/span> in 1757. Tot de verliezende geallieerden behoort overigens graaf Johan August <span class=\"SpellE\">Meijerfeldt<\/span> <span class=\"SpellE\">jr<\/span> (1725-1800) onder de Hertog van <span class=\"SpellE\">Brunswijk<\/span>. In <\/span>1761 wordt Karl Ulysses benoemd tot veldmaarschalk en in\u00a01777 krijgt hij het Grootkruis in de Franse Ordre du Merite Militaire (ingesteld door Lodewijk XV in 1759).<\/span><\/p>\n<p style=\"text-align: center;\"><span style=\"font-family: georgia, palatino, serif; font-size: 10pt; color: #000000;\"><a id=\"voetnoot\"><\/a><span style=\"color: #0000ff;\"><a style=\"color: #0000ff;\" href=\"https:\/\/meijenfeldt.nl\/?page_id=5951\">Terug<\/a><\/span>\u00a0 \u00a0***\u00a0 \u00a0<span style=\"color: #0000ff;\"><a style=\"color: #0000ff;\" href=\"https:\/\/meijenfeldt.nl\/?page_id=2292\">Verder<\/a><\/span><\/span><\/p>\n<p style=\"text-align: justify;\"><span style=\"color: #000000; font-size: 10pt;\">1. H.C. Gijger, \u201cWahrhaffte Verzeichn\u00fcs des Pr\u00e4ttig\u00f6ws, der Herrschaft Meyenfeldt gelegenheit umb Chur, und angr\u00f6ntzenden Landschaften sampt den Treffe so die P\u00fcndtner mit ihren Feinden gethan\u201d, Frankfurt 1622.<\/span><br \/>\n<span style=\"color: #000000; font-size: 10pt;\">2. I. Kuoni, \u201cMaienfeld, St. Luzisteig und die Walser\u201d, Maienfeld 1921.<\/span><br \/>\n<span style=\"color: #000000; font-size: 10pt;\">3. J. Spyri, \u201cHeidi\u2019s Lehr- und Wander\u00adjahr\u201d, Z\u00fcrich 1880.<\/span><\/p>\n","protected":false},"excerpt":{"rendered":"<p>Gupert\u00a0&#8220;de Grote&#8221; von Salis (1450-1490) is de zoon van Rudolf &#8216;Doxinia&#8217;. Hij is majoor in dienst van aartshertog Sigismund van het aangrenzende Oostenrijk. Als\u00a0vazal van de bisschop van Chur wordt\u00a0hij landvoogd van Maienfeld. Zijn bezittingen strekken zich uit\u00a0van Casaccia, Avers, Engadin en Plurs tot vooral in Soglio.\u00a0Hij wordt in\u00a01487\u00a0door Keizer Frederik III in de Rijksadelstand &hellip; <a href=\"https:\/\/meijenfeldt.nl\/?page_id=2314\" class=\"more-link\">Verder lezen <span class=\"screen-reader-text\">4.4.1. Landvoogden<\/span><\/a><\/p>\n","protected":false},"author":1,"featured_media":0,"parent":0,"menu_order":0,"comment_status":"closed","ping_status":"closed","template":"","meta":{"footnotes":""},"class_list":["post-2314","page","type-page","status-publish","hentry"],"_links":{"self":[{"href":"https:\/\/meijenfeldt.nl\/index.php?rest_route=\/wp\/v2\/pages\/2314","targetHints":{"allow":["GET"]}}],"collection":[{"href":"https:\/\/meijenfeldt.nl\/index.php?rest_route=\/wp\/v2\/pages"}],"about":[{"href":"https:\/\/meijenfeldt.nl\/index.php?rest_route=\/wp\/v2\/types\/page"}],"author":[{"embeddable":true,"href":"https:\/\/meijenfeldt.nl\/index.php?rest_route=\/wp\/v2\/users\/1"}],"replies":[{"embeddable":true,"href":"https:\/\/meijenfeldt.nl\/index.php?rest_route=%2Fwp%2Fv2%2Fcomments&post=2314"}],"version-history":[{"count":10,"href":"https:\/\/meijenfeldt.nl\/index.php?rest_route=\/wp\/v2\/pages\/2314\/revisions"}],"predecessor-version":[{"id":64498,"href":"https:\/\/meijenfeldt.nl\/index.php?rest_route=\/wp\/v2\/pages\/2314\/revisions\/64498"}],"wp:attachment":[{"href":"https:\/\/meijenfeldt.nl\/index.php?rest_route=%2Fwp%2Fv2%2Fmedia&parent=2314"}],"curies":[{"name":"wp","href":"https:\/\/api.w.org\/{rel}","templated":true}]}}