{"id":231,"date":"2016-09-04T17:48:51","date_gmt":"2016-09-04T17:48:51","guid":{"rendered":"http:\/\/wordpress.celinevonmeijenfeldt.nl\/?page_id=231"},"modified":"2024-05-29T09:10:03","modified_gmt":"2024-05-29T09:10:03","slug":"bo-bibliografie-overig","status":"publish","type":"page","link":"https:\/\/meijenfeldt.nl\/?page_id=231","title":{"rendered":"BB. Overig"},"content":{"rendered":"<p><span style=\"font-family: georgia, palatino, serif; font-size: 10pt;\"><span style=\"color: #0000ff;\"><span style=\"color: #000000;\"><span style=\"font-size: 14pt;\"><span style=\"color: #000000; font-size: 10pt;\"><a style=\"color: #0000ff;\" href=\"https:\/\/meijenfeldt.nl\/\">START<\/a>\u00a0\/\u00a0<a style=\"color: #0000ff;\" href=\"https:\/\/meijenfeldt.nl\/?page_id=51152\">B. BIBLIOTHEEK<\/a> \/ <\/span><\/span><span style=\"font-size: 10pt;\"><a style=\"color: #0000ff;\" href=\"https:\/\/meijenfeldt.nl\/?page_id=14300\">B. BIBLIOGRAFIE<\/a> \/ OVERIG<\/span><\/span><\/span><\/span><\/p>\n<p style=\"text-align: center;\"><strong><span style=\"color: #800000;\">Margarete Meyerfeldt<\/span><\/strong><\/p>\n<p style=\"text-align: justify;\"><span style=\"color: #000000;\">&#8212; met Richard Tuke, <em>The Soul\u2019 Warfare \u2013 ein Endglied der Moralit\u00e4ten-entwicklung (1672)<\/em>, in Archiv f\u00fcr dad Studium der neueren Sprachen und Literaturen, 1928, afl. 1 \/ 2, pag. 18.<\/span><\/p>\n<p style=\"text-align: center;\"><strong><span style=\"color: #800000;\">Johann Gottlieb Meyerfeld<\/span><\/strong><\/p>\n<p style=\"text-align: justify;\"><span style=\"color: #000000;\">&#8212; <em>Verbesserter<\/em><em> Schreib- Haus- Historien- und Genealogischer Calender, Auf das Jahr 1721-1781; In sich haltend die Bergwerks-Quartalen, Sonn- und Mondes-Lauff.<\/em><\/span><\/p>\n<p style=\"text-align: justify;\"><span style=\"color: #000000; font-family: georgia, palatino, serif; font-size: 12pt;\">\u201eJoh. Gottlieb Meyerfeld\/ Philomat.\u201c (Selbstbezeichnung auf dem Titelblatt, zit. 1742), * ?, \u2020 ?. Kalender seit mindestens 1721, erschienen bis 1781. <\/span><span style=\"color: #000000; font-family: georgia, palatino, serif; font-size: 12pt;\">\u00dcbernommene Reihe Johann Bergmann.\u00a0\u00dcber Johann Gottlieb Meyerfeld konnten keine biographischen Einzelheiten ermittelt werden. Meyerfeld f\u00fchrte die Goslarer Kalenderreihe von Johann Bergmann fort. Wann genau der \u00dcbergang stattfand, kann nicht entschieden werden, da zwischen den Kalendern f\u00fcr 1704 (Bergmann) und 1721 (Meyerfeld) keine weiteren Jahrg\u00e4nge \u00fcberliefert sind. Aus diesem Grund ist auch nicht klar, wann der genealogische Teil in diese Kalenderreihe hineinkam.<\/span><\/p>\n<p style=\"text-align: center;\"><strong><span style=\"color: #800000;\">Horst Meyenfeld<br \/>\n<\/span><\/strong><span style=\"font-size: medium;\"><span style=\"font-size: 10pt;\">Bad Neuenahr-Ahrweiler<\/span> <\/span><span style=\"color: #000000;\"><span style=\"font-size: 10pt;\">Dr. rer. nat.: ehem. Marineoffizier. Studium derGeographie (Diplom) an der Universit\u00e4t Bonn mit den SchwerpunktenPhysische Geographie der Hochgebirge, Vegetationsgeographie undNaturgefahren, Nebenf\u00e4cher Geologie und Bodenkunde<\/span><\/span><strong><span style=\"color: #800000;\"><br \/>\n<\/span><\/strong><\/p>\n<p style=\"text-align: justify;\"><span style=\"color: #000000;\">&#8212; <em>Einf\u00fchrung in die Anthropogeographie, Wirtschafts, Sozial, Siedlungs und Bev\u00f6lkerungsgeographie<\/em>, Fachschaft Geographie, Bonn 1999.<\/span><br \/>\n<span style=\"color: #000000;\"> <strong>&#8212; <\/strong>met M. H\u00f6vel, <em>Vegetationsgeographie<\/em>, Fachschaft Geographie, Bonn 2000.<\/span><br \/>\n<span style=\"color: #000000;\"> <strong>&#8212; <\/strong><em>Erdbeben als ausl\u00f6sender Faktor f\u00fcr Hangrutschungen im Bonner Raum?<\/em> (Diplomarbeit) Diplomica, Hamburg 2004.<\/span><br \/>\n<span style=\"color: #000000;\"> <strong>&#8212; <\/strong>met T. Glade, K.G. Hinzen en D. Hollnack, <em>Did<\/em><em> Earthquakes Trigger Landslides in the Bonn Area?,<\/em> Zeitschrift f\u00fcr Geomorphologie (eingereicht) 2008.<br \/>\n<span style=\"font-size: 14pt;\">&#8211; <\/span><\/span><span style=\"font-family: georgia, palatino, serif; font-size: 14pt;\"><em><strong>Modellierungen seismisch ausgel\u00f6ster gravitativer Massenbewegungen f\u00fcr die Schw\u00e4bische Alb und den Raum Bonn und Erstellen von Gefahrenhinweiskarten<\/strong>, <\/em>Dissertation 2008, <\/span><span style=\"font-size: medium;\"><span style=\"font-size: 14pt;\">Mathematisch-Naturwissenschaftlichen Fakult\u00e4t der Rheinischen Friedrich-Wilhelms-Universit\u00e4t Bonn<\/span><br \/>\n<\/span><span style=\"color: #000000;\">&#8211; <em>Massenbewegungen und Erdbeben, Modellierungen seismisch ausgel\u00f6ster gravitativer Massenbewegungen f\u00fcr die Schw\u00e4bische Alb und den Raum Bonn und Erstellen von Gefahrenhinweiskarten<\/em>, <span style=\"color: #0066cc;\"><span style=\"color: #000000;\">S\u00fcdwestdeutscher Verlag f\u00fcr Hochschulschriften AG 2015, 276 blz.<\/span><\/span><br \/>\n<\/span><\/p>\n<p style=\"text-align: center;\"><strong><span style=\"color: #800000;\">Richard Meierfeldt<\/span><\/strong><\/p>\n<p style=\"text-align: justify;\"><span style=\"color: #000000;\">&#8212; <em>Ein<\/em><em> Beitrag zu den funktionellen Unfallsnervenkrankheiten: traumatische Neurose<\/em>, Albertus-Universit\u00e4t zu K\u00f6nigsberg in Preussen 1907, 87 blz, BK.<\/span><\/p>\n<p style=\"text-align: center;\"><strong><span style=\"color: #800000;\">Manuela Meyerfeldt-Sheljaskow<\/span><\/strong><\/p>\n<p style=\"text-align: justify;\"><span style=\"color: #000000;\"><em>&#8212; Zum Urbanisieringsprozess in Bulgarien am Beispiel aus\u00adgew\u00e4hlter Gross- und Mittelst\u00e4dte<\/em>, diss. Halle 1988, 106 blz., BK.<\/span><br \/>\n<span style=\"color: #000000;\"> &#8212; met D. Wahl, <em>Aufbruch<\/em><em> in die Ungewissenheit: Ursachen, Dimension und Konsequenzen von Bev\u00f6lkerungsbewegungen<\/em>, Universit\u00e4t Rostock 1995, 135 blz, RAP.<\/span><br \/>\n<span style=\"color: #000000;\"> &#8212; met D. Wahl, <em>Zur<\/em><em> Situation ausl\u00e4ndischer Studierender an der Universit\u00e4t Rostock: Ergebnisse einer empirischen Untersuchung unter Mitwirkung einer studentischen Forschungsgruppe<\/em>, Universit\u00e4t Rostock, Institut f\u00fcr Soziologie, 1995.<\/span><br \/>\n<span style=\"color: #000000;\"> &#8212; <em>Demographische<\/em><em> Transformationsprozesse in Bulgarien<\/em>, Europa Regional 1996\/4, blz. 24-31, ART.<\/span><\/p>\n<p style=\"text-align: center;\"><strong><span style=\"color: #800000;\">Maria Meyerfeldt<\/span><\/strong><\/p>\n<p style=\"text-align: justify;\"><span style=\"color: #000000;\"><em>&#8212; Der Au\u00dfenhandel in Mecklenburg-Vorpommern 1991<\/em>, Statistische Monatshefte 1992, deel 3, blz. 10-12.<\/span><br \/>\n<span style=\"color: #000000;\"> &#8212; <em>Fremdenverkehr<\/em><em> 1992 in Mecklenburg-Vorpommern<\/em>, Statistische Monatshefte1993, deel 4, blz. 17-24.<\/span><br \/>\n<span style=\"color: #000000;\"> &#8212; <em>Au\u00dfenhandel<\/em><em> 1992 in Mecklenburg-Vorpommern, <\/em>Statistische Monatshefte, 1993, deel 9, blz. 16-20.<\/span><br \/>\n<span style=\"color: #000000;\"> &#8212; <em>Fremdenverkehr<\/em><em> 1993 in Mecklenburg-Vorpommern<\/em>, Statistische Monatshefte 1994, 6, blz. 10-20.<\/span><br \/>\n<span style=\"color: #000000;\"> <em>&#8212; Kapazit\u00e4ten und Beherbungsleistungen in Kleinbetrieben und Privatquartieren in Mecklenburg-Vorpommern 1993<\/em>, Schwerin, 1994.<\/span><br \/>\n<span style=\"color: #000000;\"> <em>&#8212; Handels- und Gastst\u00e4ttenz\u00e4hlung 1993<\/em>, Statistische Monatshefte 1996, 5, blz.16-26.<\/span><br \/>\n<span style=\"color: #000000;\"> &#8212; <em>Arbeitsst\u00e4tten<\/em><em> des Handels und Gastgewerbes in Mecklenburg-Vorpommern: Ergebnisse der Handels- und Gastst\u00e4ttenz\u00e4hlung 1993<\/em>, Schwerin, 1996<\/span><br \/>\n<span style=\"color: #000000;\"> <em>&#8212; Seeschifffahrt 1999<\/em>, Statistische Monatshefte 2000, 7, blz. 11-14.<\/span><\/p>\n<p style=\"text-align: center;\"><strong><span style=\"color: #800000;\">Regina Meyerfeldt<\/span><\/strong><\/p>\n<p style=\"text-align: justify;\"><span style=\"color: #000000;\">&#8212; <em>Zum<\/em><em> Verlauf entz\u00fcndlich bedingter Pankreaspseudozysten : eine retrospekive Analyse<\/em>, 1999.<\/span><\/p>\n<p style=\"text-align: center;\"><strong><span style=\"color: #800000;\">Udo Meyerfeldt<\/span><\/strong><\/p>\n<p style=\"text-align: justify;\"><span style=\"color: #000000;\">&#8212; met anderen, <em>The mode of onset of ventricular tachycardia. A patient-specific phenomenon,<\/em> European Heart Journal vol. 8 nr. 12, 12-1997, blz. 1956-1965, ART.<\/span><br \/>\n<span style=\"color: #000000;\"> &#8212; <em>Nat\u00fcrliche<\/em><em> Onset-Mechanismen monomorpher ventrikul\u00e4rer Tachykardien: Auswertung gespeicherter intrakardialer ICD-Elektrogramme<\/em>, 2000.<\/span><br \/>\n<span style=\"color: #000000;\"> &#8212; met anderen, <em>Nichtlineare<\/em><em> Analyse complexer Ph\u00e4nomene in kardiologischen Datenreihen<\/em>, Herzsehr Elektrophys 11, 07-2000, blz. 159-173, ART.<\/span><br \/>\n<span style=\"color: #000000;\"> &#8212; met anderen, <em>Recurrence Quantification to Characterise the Heart Rate Veriability before the Onset of Vertricular Tachycardia<\/em>, Second International Symposium on Medical Data Analysis, 10-2001, blz. 295-301, ART.<\/span><br \/>\n<span style=\"color: #000000;\"> &#8212; met anderen, <em>Recurrence-plot-based measures of complexity and their application to h<\/em><em>eart-rate-variability<\/em>, Physical Review E66, 08-2002, ART.<\/span><br \/>\n<span style=\"color: #000000;\"> &#8212; met anderen, <em>Heart rate variability before the onset of ventricular tachycardia: differences between slow and fast arrhythmias<\/em>, in International journal of cardiology, 08-2002, blz. 141-151, ART.<\/span><br \/>\n<span style=\"color: #000000;\"> &#8212; met anderen, <em>&#8220;Double&#8221; Potentials Define Linear Lesion Conduction Block Using A Novel Mapping\/Linear Lesion Ablation Catheter, <\/em>Journal of Cardiovascular Electrophysiology\u00a014\u00a0(3),\u00a012-2002, blz. 236-242, ART.<\/span><br \/>\n<span style=\"color: #000000;\">&#8212; met anderen, <em>Kurzzeit<\/em><em>-Analyse der Herzfrequenzturbulenz versus Variabilit\u00e4tparameter und Barorezeptorsensitivit\u00e4t bei Patienten mit dilatativer Kardiomyopathie<\/em>, Z Kardiol 92, blz. 547-557, Engelse versie in Indian Pacing and Electrophysiology Journal 4(4):pp.\u00a0162-175, 2004, ART.<\/span><br \/>\n<span style=\"color: #000000;\"> &#8212; met anderen, <em>Forecasting of Life Threatening Arrhythmias Using the Compression Entropy of Heart Rate<\/em>, Methods of Information in Medicine 2004, 43, blz. 202-206, ART.<\/span><\/p>\n","protected":false},"excerpt":{"rendered":"<p>START\u00a0\/\u00a0B. BIBLIOTHEEK \/ B. BIBLIOGRAFIE \/ OVERIG Margarete Meyerfeldt &#8212; met Richard Tuke, The Soul\u2019 Warfare \u2013 ein Endglied der Moralit\u00e4ten-entwicklung (1672), in Archiv f\u00fcr dad Studium der neueren Sprachen und Literaturen, 1928, afl. 1 \/ 2, pag. 18. Johann Gottlieb Meyerfeld &#8212; Verbesserter Schreib- Haus- Historien- und Genealogischer Calender, Auf das Jahr 1721-1781; In &hellip; <a href=\"https:\/\/meijenfeldt.nl\/?page_id=231\" class=\"more-link\">Verder lezen <span class=\"screen-reader-text\">BB. Overig<\/span><\/a><\/p>\n","protected":false},"author":1,"featured_media":0,"parent":745,"menu_order":0,"comment_status":"closed","ping_status":"closed","template":"","meta":{"footnotes":""},"class_list":["post-231","page","type-page","status-publish","hentry"],"_links":{"self":[{"href":"https:\/\/meijenfeldt.nl\/index.php?rest_route=\/wp\/v2\/pages\/231","targetHints":{"allow":["GET"]}}],"collection":[{"href":"https:\/\/meijenfeldt.nl\/index.php?rest_route=\/wp\/v2\/pages"}],"about":[{"href":"https:\/\/meijenfeldt.nl\/index.php?rest_route=\/wp\/v2\/types\/page"}],"author":[{"embeddable":true,"href":"https:\/\/meijenfeldt.nl\/index.php?rest_route=\/wp\/v2\/users\/1"}],"replies":[{"embeddable":true,"href":"https:\/\/meijenfeldt.nl\/index.php?rest_route=%2Fwp%2Fv2%2Fcomments&post=231"}],"version-history":[{"count":26,"href":"https:\/\/meijenfeldt.nl\/index.php?rest_route=\/wp\/v2\/pages\/231\/revisions"}],"predecessor-version":[{"id":64627,"href":"https:\/\/meijenfeldt.nl\/index.php?rest_route=\/wp\/v2\/pages\/231\/revisions\/64627"}],"up":[{"embeddable":true,"href":"https:\/\/meijenfeldt.nl\/index.php?rest_route=\/wp\/v2\/pages\/745"}],"wp:attachment":[{"href":"https:\/\/meijenfeldt.nl\/index.php?rest_route=%2Fwp%2Fv2%2Fmedia&parent=231"}],"curies":[{"name":"wp","href":"https:\/\/api.w.org\/{rel}","templated":true}]}}