{"id":22977,"date":"2020-02-03T18:31:46","date_gmt":"2020-02-03T18:31:46","guid":{"rendered":"http:\/\/meijenfeldt.nl\/?page_id=22977"},"modified":"2020-02-04T12:21:57","modified_gmt":"2020-02-04T12:21:57","slug":"gyllenstierna","status":"publish","type":"page","link":"https:\/\/meijenfeldt.nl\/?page_id=22977","title":{"rendered":"Gyllenstierna"},"content":{"rendered":"<p><span style=\"font-size: 14pt; color: #000000;\"><b>Nils<\/b> <b>Gyllenstierna<\/b><\/span><\/p>\n<p style=\"text-align: justify;\"><span style=\"color: #000000; font-size: 14pt;\"><b>A. \u201c\u00d6fversten grefve Nils Gyllenstierna:s ber\u00e4ttelse om Polska och Ryska Krigen 1702 1 juni \u2013 1709 d. 16 juni. KKD deel 8, Lund 1913.<\/b><\/span><\/p>\n<p style=\"text-align: justify;\"><span style=\"color: #000000;\"><a style=\"color: #000000;\" href=\"http:\/\/runeberg.org\/karolikrig\/8\/0074.html\"><span style=\"color: #0000ff;\">pag. 23-34<\/span><\/a><\/span><\/p>\n<p style=\"text-align: justify;\"><span style=\"color: #000000;\">28 juni 1704: Karel XII geeft opdracht het hoofdkwartier in Heilsberg in Ermland op te breken, en wij zijn zo ongelukkig onder M. Groot-Polen te moeten beschermen. Uitvoerige beschrijving van de twee veldslagen bij Posen.<\/span><\/p>\n<p style=\"text-align: justify;\"><span style=\"color: #0000ff;\"><a style=\"color: #0000ff;\" href=\"http:\/\/runeberg.org\/karolikrig\/8\/0111.html\">pag. 60<\/a><\/span><\/p>\n<p style=\"text-align: justify;\"><span style=\"color: #000000;\">8 september 1708: De Russische generaal Bauer valt M. en Albedyl aan.<\/span><\/p>\n<p style=\"text-align: justify;\"><span style=\"color: #0000ff;\"><a style=\"color: #0000ff;\" href=\"http:\/\/runeberg.org\/karolikrig\/8\/0124.html\">pag. 73<\/a><\/span><\/p>\n<p style=\"text-align: justify;\"><span style=\"color: #000000;\">Januari 1709: Deel van M. regiment valt onder Albedyl.<\/span><\/p>\n<p style=\"text-align: justify;\"><span style=\"color: #000000; font-size: 14pt;\"><b>B. \u201cJournal \u00f6fver generalguvern\u00f6r, friherre Nils Gyllenstierna:s marsch med Pommerska arm\u00e9n till Polen 1702\u201d, KKD deel 12, Lund 1918.<\/b><\/span><\/p>\n<p style=\"text-align: justify;\"><span style=\"color: #000000;\"><a style=\"color: #000000;\" href=\"http:\/\/runeberg.org\/karolikrig\/12\/0092.html\"><span style=\"color: #0000ff;\">pag. 13<\/span><\/a><\/span><\/p>\n<p style=\"text-align: justify;\"><span style=\"color: #000000;\">24 juli 1702: \u201cEodem Arrivirte ein abermahliger Expresser von Ihr K\u00f6nigl:n May:tt Armee und brachte einen kleinen zettul in einem federkiel gewikelt von des obr. Meyerfelts *) hand.<\/span><\/p>\n<p style=\"text-align: justify;\"><span style=\"color: #000000;\">*) Johan August Meijerfelt.<\/span><\/p>\n<p style=\"text-align: justify;\"><span style=\"color: #0000ff;\"><a style=\"color: #0000ff;\" href=\"http:\/\/runeberg.org\/karolikrig\/12\/0099.html\">pag. 20<\/a><\/span><\/p>\n<p><span style=\"color: #000000;\">19 augustus 1702: Expres met brief van M. uit Krakau.<\/span><\/p>\n","protected":false},"excerpt":{"rendered":"<p>Nils Gyllenstierna A. \u201c\u00d6fversten grefve Nils Gyllenstierna:s ber\u00e4ttelse om Polska och Ryska Krigen 1702 1 juni \u2013 1709 d. 16 juni. KKD deel 8, Lund 1913. pag. 23-34 28 juni 1704: Karel XII geeft opdracht het hoofdkwartier in Heilsberg in Ermland op te breken, en wij zijn zo ongelukkig onder M. Groot-Polen te moeten beschermen. &hellip; <a href=\"https:\/\/meijenfeldt.nl\/?page_id=22977\" class=\"more-link\">Verder lezen <span class=\"screen-reader-text\">Gyllenstierna<\/span><\/a><\/p>\n","protected":false},"author":1,"featured_media":0,"parent":0,"menu_order":0,"comment_status":"closed","ping_status":"closed","template":"","meta":{"footnotes":""},"class_list":["post-22977","page","type-page","status-publish","hentry"],"_links":{"self":[{"href":"https:\/\/meijenfeldt.nl\/index.php?rest_route=\/wp\/v2\/pages\/22977","targetHints":{"allow":["GET"]}}],"collection":[{"href":"https:\/\/meijenfeldt.nl\/index.php?rest_route=\/wp\/v2\/pages"}],"about":[{"href":"https:\/\/meijenfeldt.nl\/index.php?rest_route=\/wp\/v2\/types\/page"}],"author":[{"embeddable":true,"href":"https:\/\/meijenfeldt.nl\/index.php?rest_route=\/wp\/v2\/users\/1"}],"replies":[{"embeddable":true,"href":"https:\/\/meijenfeldt.nl\/index.php?rest_route=%2Fwp%2Fv2%2Fcomments&post=22977"}],"version-history":[{"count":5,"href":"https:\/\/meijenfeldt.nl\/index.php?rest_route=\/wp\/v2\/pages\/22977\/revisions"}],"predecessor-version":[{"id":23006,"href":"https:\/\/meijenfeldt.nl\/index.php?rest_route=\/wp\/v2\/pages\/22977\/revisions\/23006"}],"wp:attachment":[{"href":"https:\/\/meijenfeldt.nl\/index.php?rest_route=%2Fwp%2Fv2%2Fmedia&parent=22977"}],"curies":[{"name":"wp","href":"https:\/\/api.w.org\/{rel}","templated":true}]}}