{"id":2292,"date":"2017-01-28T19:00:49","date_gmt":"2017-01-28T19:00:49","guid":{"rendered":"http:\/\/celinevonmeijenfeldt.nl\/?page_id=2292"},"modified":"2024-05-25T08:43:37","modified_gmt":"2024-05-25T08:43:37","slug":"3-2-2-in-staatse-dienst","status":"publish","type":"page","link":"https:\/\/meijenfeldt.nl\/?page_id=2292","title":{"rendered":"4.4.2. In Staatse dienst"},"content":{"rendered":"<p style=\"text-align: justify;\"><span style=\"color: #000000; line-height: 130%; letter-spacing: 0.5pt; font-family: 'Georgia','serif';\"><span style=\"font-family: georgia,palatino,serif;\">Het geslacht Von Salis-Mayenfeld treedt niet alleen in Franse dienst, maar ook van de Republiek. Vanaf 27 maart 1693 werft koning-stadhouder Willem III regimenten Zwitsers in het Staatse leger. Het dragen en gebruiken van wapens wordt door Zwitsers als een beroep gezien, dat in dienst van elke vorst kan worden beoefend op voorwaarde van betaling (&#8216;geen geld, geen Zwitsers&#8217;).<\/span> Met name in twee\u00a0regimenten heeft het geslacht gediend:\u00a0een regiment\u00a0dat\u00a0vanaf <span style=\"font-family: georgia,palatino,serif;\">1772\u00a0de offici\u00eble naam \u201cRegiment Zwitsers 4\u201d draagt en het &#8220;Regiment Zwitsers Sprecher&#8221;. De omvang van het eerste\u00a0regiment is aanvankelijk ongeveer 620 man, maar vanaf 1749\u00a0is het verdubbeld met een tweede bataljon en tussendoor was\u00a0het soms\u00a0tot totaal 2400 man aangegroeid.<\/span><\/span><\/p>\n<p style=\"text-align: justify;\"><span style=\"color: #000000;\"><span style=\"font-family: georgia,palatino,serif;\"><span style=\"line-height: 130%; letter-spacing: 0.5pt;\">Drie\u00a0zoons uit het tweede huwelijk van Gubert\u00a0doen dienst in het Regiment Zwitsers 4. Het zijn Johan Baptist (1685-1724),\u00a0<span class=\"SpellE\"><span style=\"line-height: 130%; letter-spacing: 0.5pt;\">Rudolph<\/span><\/span><span style=\"line-height: 130%; letter-spacing: 0.5pt;\"> Anton (<\/span><span style=\"line-height: 130%; letter-spacing: 0.5pt;\">1686-1745) en Karl Paul Dietegen (1690-1771)<\/span>. Ze zijn\u00a0in Maienfeld geboren en\u00a0treden\u00a0op jonge leeftijd in dienst van het in Breda\u00a0gelegerde regiment. De oudste\u00a0twee trouwen in Nederlandse adellijke families<\/span><span style=\"line-height: 130%; letter-spacing: 0.5pt;\"> (<\/span><span style=\"line-height: 130%; letter-spacing: 0.5pt;\">van Zuylen van <span class=\"SpellE\">Nijeveld<\/span>, de <span class=\"SpellE\">Raet<\/span> van <span class=\"SpellE\">Kerchem)<\/span><\/span> <span style=\"line-height: 130%; letter-spacing: 0.5pt;\">en blijven met hun vele nakomelingen in Nederland wonen. De middelste broer heeft twee zoons die in het regiment verder opklimmen tot\u00a0generaal:\u00a0Rudolf Ditegen (1719-1781) en <\/span><\/span><span style=\"line-height: 130%; letter-spacing: 0.5pt;\"><span style=\"font-family: Georgia;\">Johan Baptist (1721-1797 of\u00a01803)<\/span><\/span><span style=\"font-family: georgia,palatino,serif;\"><span style=\"line-height: 130%; letter-spacing: 0.5pt;\">.\u00a0<\/span><\/span><\/span><\/p>\n<p style=\"text-align: center;\"><span style=\"color: #800000;\"><strong>Rudolf Anton<\/strong><\/span><\/p>\n<p style=\"text-align: justify;\"><span style=\"color: #000000; font-family: georgia,palatino,serif;\">Laatstgenoemde generaal Johan Baptist heeft een zoon Rudolf Anton (1761-1851). Op 14-jarige leeftijd treedt hij als jongmatroos <span style=\"color: #0000ff;\"><a style=\"color: #0000ff;\" href=\"https:\/\/www.openarch.nl\/show.php?archive=ghn&amp;identifier=68600b45-19ef-419d-bbd5-39aad6acf63c\">in dienst <\/a><\/span>van de Verenigde Oostindische Compagnie en vaart via Kaap de Goede Hoop naar Batavia.\u00a0Hij is\u00a0daar acht jaar koopman\u00a0en trouwt\u00a0in 1781 met Mauritia Hilgers; hij is dan 20 jaar\u00a0en zijn bruid 15 jaar oud. In 1785\u00a0is hij terug in Nederland en wordt\u00a0bestuurder in Breda. Na het overlijden van zijn vrouw in <span style=\"font-family: Georgia;\">1802 wordt hij Raad van Politie\u00a0in Kaap de Goede Hoop.\u00a0Een paar jaar later is hij terug in Nederland\u00a0om\u00a0in <\/span>Oost-Friesland\u00a0&#8211; dat\u00a0dan bij Nederland hoort &#8211;\u00a0<span style=\"font-family: Georgia;\">beheerder van de Nederlandse Koninklijke Domeinen te worden. Hij huwt in 1804 Sophia van Reede van Oudshoorn. Later bekleedt hij dezelfde functie in Noord-Brabant en Zuid-Holland. Op 15 april 1815 (Koninklijk Besluit no. 17) wordt hij ingelijfd bij de Nederlandse adel en op 14 juni 1822 (Koninklijk Besluit no. 22) verhoogd tot baron. Zijn aanspreeknaam is dan Jonkheer Roedolph Anthony Baron de Salis. Hij wordt 90 jaar oud, is twee keer getrouwd en heeft 19 kinderen. Daarvan worden hier vier kinderen behandeld.<\/span><\/span><\/p>\n<p><img loading=\"lazy\" decoding=\"async\" class=\"alignnone size-medium wp-image-7345 aligncenter\" src=\"https:\/\/meijenfeldt.nl\/wp-content\/uploads\/2017\/11\/Salis-wapen-1822-274x300.png\" sizes=\"auto, (max-width: 274px) 100vw, 274px\" srcset=\"https:\/\/meijenfeldt.nl\/wp-content\/uploads\/2017\/11\/Salis-wapen-1822-274x300.png 274w, https:\/\/meijenfeldt.nl\/wp-content\/uploads\/2017\/11\/Salis-wapen-1822.png 682w\" alt=\"Salis wapen 1822\" width=\"274\" height=\"300\" \/><\/p>\n<p style=\"text-align: justify; padding-left: 40px;\"><span style=\"font-family: georgia, palatino, serif; font-size: 10pt;\">RIETSTAP:\u00a0<em>Coup\u00e9 au 1 d\u2019or \u00e0 un saule de sinople terrass\u00e9 du m\u00eame au 2 pal\u00e9 d\u2019argent et de gueules Casque couronn\u00e9 Cimier un buste de femme de carnation couronn\u00e9 d\u2019or les bras remplac\u00e9s par deux ailes d\u2019argent Tenants deux sauvages de carnation ceints et couronn\u00e9s de lierre tenant chacun une banni\u00e8re celle \u00e0 dextre aux armes du 1 celle \u00e0 senestre aux armes du 2 Devise NON AURO SED VIRTUTE<\/em><\/span><\/p>\n<p style=\"text-align: center;\"><span style=\"color: #800000;\"><b>Johann Baptist<\/b><\/span><\/p>\n<p style=\"text-align: justify;\"><span style=\"color: #000000;\">Johan Baptist wordt als derde kind in 1784 geboren op het schip &#8216;Meerenberg&#8217; als dat door de Straat van Sunda vaart op weg naar Breda. In 1801 wordt hij door Prins Willem V, destijds verblijvend te Hamptoncourt, aangesteld tot adelborst op het oorlogsschip &#8216;Gelderland&#8217; onder commando van kapitein Tulleken. Hij verlaat de zeedienst na enkele jaren en is in 1804 als klerk werkzaam bij het gouvernementssecretarie van de kolonie Kaap de Goede Hoop, waar hij zich blijkens een certificaat met veel ijver van zijn plicht heeft gekweten. Ruim 2 jaar is hij daar werkzaam.\u00a0<\/span><\/p>\n<p style=\"text-align: justify;\"><span style=\"color: #000000;\">In 1812 wordt Johan Baptist\u00a0benoemd tot rentmeester over de Kroondomeinen in Esens in Noord-Oost-Friesland, op dat moment kortstondig onderdeel van Nederland,\u00a0tegenwoordig net over de Duitse grens met de provincie Groningen.\u00a0Later dat jaar\u00a0huwt hij in de nabij gelegen plaats Aurich de 18-jarige Henriette von Burmeister.\u00a0Hij\u00a0is\u00a0daarna korte tijd\u00a0directeur\u00a0van de veldpost bij de mobiele Armee in het hoofdkwartier van Prins Frederik, die zich in Belgi\u00eb bevindt in de campagne tegen Napoleon.\u00a0<\/span><\/p>\n<p style=\"text-align: justify;\"><span style=\"color: #000000;\">In\u00a01815 wordt Johan Baptist\u00a0op zijn verzoek benoemd tot civiel ambtenaar in Oost-Indi\u00eb.\u00a0Daar is\u00a0hij\u00a0twee jaar later lid van het college van weesmeesters te Batavia en\u00a0thesaurier te Samarang. In 1819 wordt hij inspecteur\u00a0houtbossen en\u00a0vier jaar later\u00a0adjunct-directeur\u00a0bossen.\u00a0Begin 1825\u00a0is hij waarnemend assistent-resident van Toeban,\u00a0eind van dat jaar\u00a0waarnemend assistent-resident van Djokjokarta en begin\u00a01827 assistent-resident van Banjoewangie. Hij wordt\u00a0lid van de sub-commissie van landbouw in die residentie. In\u00a01828 is hij eerst waarnemend en\u00a0later definitief resident van Rembang.\u00a0<\/span><\/p>\n<p style=\"text-align: justify; padding-left: 30px;\"><span style=\"color: #000000;\"><em>Een hartstogtlijk en onverschrokken jager zijnde, verwierf hij zich bij de Inlanders den bijnaam van Toewan Matjan (Tijger man Heer), daar hij niet zelden de Kampongs of Dorps bewoonders, die hem hunne ongelukken kwamen mededeelen, en wee roepende over de hun door dit moorddier ontroofde kinderen en vee, van deze lastige naburen verloste<\/em> (A.J. <span style=\"color: #0000ff;\"><a style=\"color: #0000ff;\" href=\"http:\/\/resources.huygens.knaw.nl\/retroboeken\/vdaa\/#source=aa__001biog20_01.xml&amp;page=28&amp;accessor=accessor_index\">van der Aa<\/a><\/span>, Biographisch Woordenboek der Nederlanden, deel XVII, Eerste Stuk,\u00a0Haarlem 1874, pag. 22 e.v.).<\/span><\/p>\n<p style=\"text-align: justify;\"><span style=\"color: #000000;\">In 1831 wordt Johan Baptist\u00a0onderscheiden als\u00a0Ridder in de Orde van de Nederlandse Leeuw. Hij is\u00a0het jaar daarop\u00a0lid van het Bataviaasch Genootschap van Kunsten en Wetenschappen. Ook is\u00a0hij gerechtigd tot het dragen\u00a0van de\u00a0medaille als deelnemer\u00a0aan de oorlog op Java (1825\u20141830). Wegens zijn ziekelijke toestand vraagt en verkrijgt\u00a0hij eervol ontslag uit zijn betrekking van resident van Rembang in 1838. Een jaar later\u00a0overlijdt hij kort na de geboorte van zijn enige zoon August, die maar \u00e9\u00e9n jaar oud wordt. <\/span><\/p>\n<p style=\"text-align: center;\"><span style=\"color: #800000;\"><strong><span style=\"font-family: georgia, palatino, serif;\">Egbert<\/span><\/strong><\/span><\/p>\n<p style=\"text-align: justify;\"><span style=\"color: #000000;\">Adriaan Maurits Theodor wordt als vijfde kind geboren in 1788 en krijgt de roepnaam Egbert. \u00a0Op jonge leeftijd vertrekt hij naar de kolonie Kaap de Goede Hoop. Hij wordt\u00a0in 1804 klerk\u00a0bij de\u00a0secretarie van de gouverneur van politie. Dan moet hij zijn oudere broer achterna zijn gereisd, maar hij gaat zijn broer v\u00f3\u00f3r naar Oost-Indi\u00eb, waar hij\u00a0eerste commies wordt bij\u00a0secretaris-generaal Veeckens en secretaris bij\u00a0gouverneur-generaal Daendels.\u00a0\u00a0<\/span><\/p>\n<p style=\"text-align: justify;\"><span style=\"color: #000000;\">In 1811 is\u00a0Egbert\u00a0drost van de\u00a0Bataviasche Ommelanden, in\u00a01812 baljuw over de omstreken van Batavia\u00a0en magistraat te Samarang,\u00a01813 lid van het Hof van Justitie en rondgaand rechter te Samarang.\u00a0Zijn loopbaan stagneert door de Engelse verovering van Java, maar in 1816 wordt hem vanwege de commissarissen-generaal over Nederlands-Indi\u00eb opgedragen\u00a0het bestuur\u00a0van de\u00a0residentie van Pekalongan en de Kadoe over te nemen uit handen van de resident in Britse dienst, met last om in dat bestuur provisioneel en tot nader order werkzaam te zijn volgens de instructies, welke hem ter\u00a0plaatse zouden worden toegezonden. In\u00a01817 is hij\u00a0fungerend resident van Soerabaja. <\/span><\/p>\n<p style=\"text-align: justify;\"><span style=\"color: #000000;\">Egbert\u00a0wordt\u00a0in 1821\u00a0lid van het Bataviaasch Genootschap voor Kunsten en Wetenschappen. Dat jaar\u00a0wordt hij geridderd\u00a0in de Orde van de Nederlandse Leeuw. Hij is\u00a0in 1822 resident van Soerakarta en\u00a01825 resident van Kadoe. Vroeger onder Daendels en nu op verlof\u00a0in Nederland\u00a0klaagt hij dat onvoldoende naar de inlandse vorsten wordt geluisterd, die zich vooral storen aan het zedeloze gedrag van de Europeanen.\u00a0Terug op Kadoe in\u00a01826 neemt hij ontslag vanwege\u00a0meningsverschillen over het neerslaan van de opstand en reist naar Nederland.\u00a0Koning Willem I stuurt hem toch weer terug\u00a0en in 1830 is hij waarnemend <\/span><span style=\"color: #000000;\">resident van Soerabaja en lid van de Raad van Indi\u00eb. Vier jaar later overlijdt hij op 46-jarige leeftijd aan reuma.<\/span><\/p>\n<p style=\"text-align: center;\"><span style=\"color: #800000;\"><strong>Johanna<\/strong><\/span><\/p>\n<p style=\"text-align: justify;\"><span style=\"color: #000000;\">Johanna Jacoba Wilhelmina Louise wordt als achtste kind\u00a0geboren in Breda in 1793. Zij huwt in\u00a0het oost-Friese Aurich in 1812 met baron <em>Isaac\u00a0 August\u00a0Melvill van Carnb\u00e9e. <\/em>Deze wordt\u00a0luitenant-ter-zee en inspecteur der registratie. Hun aangetrouwde kinderen zijn\u00a0baron W.F. van Reede van Oudtshoorn,\u00a0barones H.D.A. Taets van Amerongen\u00a0en jonkvrouw Louisa Johanna Gijsbertina Fabricius (1829-1898).\u00a0Johanna overlijdt in\u00a0Amsterdam\u00a0of Den Haag\u00a0in 1876.<\/span><\/p>\n<p style=\"text-align: center;\"><span style=\"color: #800000;\"><strong>Carel Paul Amarant<\/strong><\/span><\/p>\n<p style=\"text-align: justify;\"><span style=\"color: #000000;\">Carel Paul Amarant is als elfde kind geboren in 1800 en wordt al in 1815 kadet bij het Regiment Zwitsers Von Sprecher, gaat in 1824 als 2de luitenant KNIL naar Batavia, maakt 1825-1830 veldtochten op Java mee, werkt daarna bij de Generale Staf, is 1837 luitenant-kolonel. Het jaar daarop\u00a0krijgt\u00a0hij de Militaire Willems Orde. In\u00a01841 gaat hij al met pensioen.<\/span><\/p>\n<p style=\"text-align: justify;\"><span style=\"color: #000000;\">In 1851\u00a0krijgt Carel de titel baron omdat zijn vader overlijdt\u00a0en geen van zijn\u00a0oudere broers nog in levens is. Op 9 november 1861 vraagt en krijgt hij de naam De Salis-Soglio-Mayenfeld voor zijn zoon. <span style=\"color: #0000ff;\"><a style=\"color: #0000ff;\" href=\"#voetnoot\">(1)<\/a><\/span> Deze zoon is Emil Johan Baptist. Hij is in 1845 in Londen geboren, hoogstwaarschijnlijk als natuurlijk kind van zijn vader, omdat deze pas drie jaar later trouwt\u00a0\u00a0met de dat jaar weduwe geworden Johanna Moorrees. Hij wordt 2e luitenant in 2e Westfaalse Huzaren-regiment 11, aangevoerd door de Nederlandse koning Willem III, raakt licht gewond door een schot in bovenbeen in gevechten bij Vionville 1870, wordt opgenomen in het lazaret Pont-\u00e1-Mousson en keert in 1870 terug naar mobiele troepen. Hij krijgt een IJzeren Kruis 2e Klasse. Bij het overlijden van zijn vader in 1871 neemt hij de titel baron over. Met zijn overlijden twee jaar later sterft de baronnenlijn uit.<\/span><\/p>\n<p style=\"text-align: justify;\"><span style=\"color: #000000; font-family: georgia,palatino,serif;\"><span style=\"line-height: 130%; letter-spacing: 0.5pt;\">Bij het Regiment Zwitsers Von Sprecher dient ook een nakomeling in de vijfde graad van Herkulus (1666-1722), het vijfde kind uit\u00a0het eerste huwelijk van Gubert. Het gaat om\u00a0Johan Luzius (1809-1840\/8), die al snel\u00a0in\u00a01829 met de keuze geconfronteerd wordt naar huis te moeten of\u00a0over te stappen naar\u00a0het nationaal leger. Hij kiest voor het laatste, behoort in 1830 tot het garnizoen van Antwerpen in het beleg\u00a0tijdens de\u00a0Belgische Opstand en gaat\u00a0in 1834 naar Nederlands-Indi\u00eb. Hij overlijdt in Batavia en is\u00a0ridder Militaire Willemsorde 4de klas.\u00a0<\/span>In 1900 sterft de Nederlandse tak van de familie Von Salis uit met de laatste telg jonkvrouw Wilhelmina Friederika Arthurina von Salis-Mayenfeld.<\/span><\/p>\n<p style=\"text-align: justify;\"><span style=\"color: #000000; font-family: georgia,palatino,serif;\">In Zwitserland leeft de naam Von Salis-Mayenfeld langer door, onder andere met Ludwig Rudolf (1863-1934). Hij studeert rechten in Bazel, Heidelberg, Leipzig\u00a0en Straatsburg, promoveert in\u00a01886, wordt hoogleraar Zwitsers privaatrecht aan de Universiteit Bazel van 1888 tot 1897 en in 1894\u00a0<span style=\"color: #0000ff;\"><span style=\"color: #000000;\">rector.<\/span> <span style=\"color: #000000;\">Hij is<\/span> <\/span>Abteilungschef f\u00fcr Gesetzgebung und Rechtspflege\u00a0EJPD\u00a0Bern 1897-99, President\u00a0Zwitserse Nordostbahn 1899\u00a0en van de\u00a0Bestuursraad van de\u00a0Jungfraubahn 1932. Hij woont vanaf 1905\u00a0in\u00a0Marschlins, is liberale\u00a0B\u00fcndner Grossrat 1911-28 en\u00a0lid\u00a0en vice-president B\u00fcndner Kantonsgerichts 1912-29. Hij schrijft veel <span style=\"color: #0000ff;\"><a style=\"color: #0000ff;\" href=\"https:\/\/meijenfeldt.nl\/?page_id=6897\">boeken<\/a><\/span>.<\/span><\/p>\n<p style=\"text-align: center;\"><span style=\"color: #800000;\"><b>Afsluiting<\/b><\/span><\/p>\n<p style=\"text-align: justify;\"><span style=\"color: #000000;\">In 1900 sterft deze tak van de familie Von Salis in Nederland uit met de laatste telg jonkvrouw Wilhelmina Friederika Arthurina.<\/span><\/p>\n<p style=\"text-align: center;\"><span style=\"font-family: georgia, palatino, serif; font-size: 10pt; color: #000000;\"><a id=\"voetnoot\"><\/a><span style=\"color: #0000ff;\"><a style=\"color: #0000ff;\" href=\"https:\/\/meijenfeldt.nl\/?page_id=2314\">Terug<\/a><\/span>\u00a0 \u00a0***\u00a0 \u00a0<a href=\"https:\/\/meijenfeldt.nl\/?page_id=2374\"><span style=\"color: #0000ff;\">Verder<\/span><\/a><\/span><\/p>\n<p><span style=\"color: #000000; font-family: georgia,palatino,serif; font-size: 10pt;\">1. Koninklijk Besluit\u00a009-11-1861 no. 46; Extr. 16-11-1861 no. 15.\u00a0Nationaal Archief Den Haag, Stamboek Officieren KNIL 1815-1940 (2.13.07), Oost-Indisch Leger, 2de deel (inventarisnummer 384), folio 52.<\/span><\/p>\n","protected":false},"excerpt":{"rendered":"<p>Het geslacht Von Salis-Mayenfeld treedt niet alleen in Franse dienst, maar ook van de Republiek. Vanaf 27 maart 1693 werft koning-stadhouder Willem III regimenten Zwitsers in het Staatse leger. Het dragen en gebruiken van wapens wordt door Zwitsers als een beroep gezien, dat in dienst van elke vorst kan worden beoefend op voorwaarde van betaling &hellip; <a href=\"https:\/\/meijenfeldt.nl\/?page_id=2292\" class=\"more-link\">Verder lezen <span class=\"screen-reader-text\">4.4.2. In Staatse dienst<\/span><\/a><\/p>\n","protected":false},"author":1,"featured_media":0,"parent":0,"menu_order":0,"comment_status":"closed","ping_status":"closed","template":"","meta":{"footnotes":""},"class_list":["post-2292","page","type-page","status-publish","hentry"],"_links":{"self":[{"href":"https:\/\/meijenfeldt.nl\/index.php?rest_route=\/wp\/v2\/pages\/2292","targetHints":{"allow":["GET"]}}],"collection":[{"href":"https:\/\/meijenfeldt.nl\/index.php?rest_route=\/wp\/v2\/pages"}],"about":[{"href":"https:\/\/meijenfeldt.nl\/index.php?rest_route=\/wp\/v2\/types\/page"}],"author":[{"embeddable":true,"href":"https:\/\/meijenfeldt.nl\/index.php?rest_route=\/wp\/v2\/users\/1"}],"replies":[{"embeddable":true,"href":"https:\/\/meijenfeldt.nl\/index.php?rest_route=%2Fwp%2Fv2%2Fcomments&post=2292"}],"version-history":[{"count":50,"href":"https:\/\/meijenfeldt.nl\/index.php?rest_route=\/wp\/v2\/pages\/2292\/revisions"}],"predecessor-version":[{"id":64501,"href":"https:\/\/meijenfeldt.nl\/index.php?rest_route=\/wp\/v2\/pages\/2292\/revisions\/64501"}],"wp:attachment":[{"href":"https:\/\/meijenfeldt.nl\/index.php?rest_route=%2Fwp%2Fv2%2Fmedia&parent=2292"}],"curies":[{"name":"wp","href":"https:\/\/api.w.org\/{rel}","templated":true}]}}