{"id":22866,"date":"2020-01-28T13:46:08","date_gmt":"2020-01-28T13:46:08","guid":{"rendered":"http:\/\/meijenfeldt.nl\/?page_id=22866"},"modified":"2020-08-23T17:06:22","modified_gmt":"2020-08-23T17:06:22","slug":"sarauw","status":"publish","type":"page","link":"https:\/\/meijenfeldt.nl\/?page_id=22866","title":{"rendered":"Sarauw"},"content":{"rendered":"<p style=\"text-align: justify;\"><span style=\"font-size: 14pt; color: #000000;\"><strong>C.F.K. von\u00a0Sarauw, \u201cDie Feldz\u00fcge Karls XII. Ein quellenm\u00e4ssiger Beitrag zur Kriegsgeschichte und Kabinetspolitik Europa\u2019s im XVIII. Jahrhundert\u201d, Leipzig 1881.<\/strong><\/span><\/p>\n<article class=\"result\">\n<p class=\"results-header\" style=\"text-align: justify;\"><a href=\"https:\/\/babel.hathitrust.org\/cgi\/pt?q1=mejerfelt;id=hvd.hnndhd;view=1up;seq=14;start=1;sz=10;page=search;num=viii\" data-seq=\"14\"><span style=\"color: #000000;\"><span style=\"color: #0000ff;\">Page viii<\/span><\/span><\/a><\/p>\n<p class=\"kwic\" style=\"text-align: justify;\"><span style=\"color: #000000;\">&#8230;9 \u201e \u201e <strong class=\"solr_highlight_1\">Mejerfelt<\/strong> statt Meyerfeldt. 77 \u201e 1 \u201e unten K\u00e4mpfen statt K\u00e4mpfe. 106 \u201e 24 \u201e oben Palis saden statt Pallisaden. 109 \u201e 5 \u201e unten Morsztge statt Morstein. 112 letzte Linie Maidel statt Maydel. 113 Linie 9 von oben eine Zeitlang statt Zeitlang. 125 letzte Linie Macht statt Machst. 133 Linie 21 von&#8230;<\/span><\/p>\n<p class=\"results-header\" style=\"text-align: justify;\"><span style=\"color: #000000;\"><a style=\"color: #000000;\" href=\"https:\/\/babel.hathitrust.org\/cgi\/pt?q1=mejerfelt;id=hvd.hnndhd;view=1up;seq=178;start=1;sz=10;page=search;num=160\" data-seq=\"178\"><span style=\"color: #0000ff;\">Page 160<\/span><\/a> (26 juni 1704. De Kardinaal reist van Warschau naar Thorn en Dantzig onder bescherming van M. Rit vandaar naar Posen. Beschrijving slag en claims.)<\/span><\/p>\n<p class=\"kwic\" style=\"text-align: justify;\"><span style=\"color: #000000;\">&#8230;erals <strong class=\"solr_highlight_1\">Mejerfelt<\/strong> nach Thorn zu begeben, von wo er kurz darauf nach Danzig zog. Am 19. Juli brach Karl von Blonie auf, um sich mit Rehnsk\u00f6ld zur Verfolgung August&#8217;s zu vereinigen. Dies geschah am 5. August bei Sandomierz, welches der K\u00f6nig von Polen kurz vorher verlassen hatte, um sich in s\u00fcdlicher Ri&#8230;<\/span><\/p>\n<p class=\"results-header\" style=\"text-align: justify;\"><span style=\"color: #000000;\"><a style=\"color: #000000;\" href=\"https:\/\/babel.hathitrust.org\/cgi\/pt?q1=mejerfelt;id=hvd.hnndhd;view=1up;seq=179;start=1;sz=10;page=search;num=161\" data-seq=\"179\"><span style=\"color: #0000ff;\">Page 161<\/span><\/a><\/span><\/p>\n<p class=\"kwic\" style=\"text-align: justify;\"><span style=\"color: #000000;\">&#8230;gegen <strong class=\"solr_highlight_1\">Mejerfelt<\/strong>. 161 Schulenburg, den der Feldmarschall Steinau demselben hatte abtreten m\u00fcssen. Um die Mitte des Monats Juni standen die Sachsen in einer St\u00e4rke von 8000 Mann Infanterie und 4000 Mann Kavallerie an der schlesischen Grenze bei Guben und bedrohten daher zun\u00e4chst Posen, wo sich nur ein&#8230;<\/span><\/p>\n<p class=\"kwic\" style=\"text-align: justify;\"><span style=\"color: #000000;\">&#8230;brach <strong class=\"solr_highlight_1\">Mejerfelt<\/strong> auf und kam am 21. Juli vor jener Stadt an. Schulenburg war inzwischen mit seinen Truppen gegen Posen vorger\u00fcckt und hatte ein Lager in einem Abstand von 20 Kilometer von der Stadt am westlichen Ufer der Warthe bezogen. Eine Belagerung von Posen konnte er nicht vor- nehmen, weil es i&#8230;<\/span><\/p>\n<p class=\"kwic\" style=\"text-align: justify;\"><span style=\"color: #000000;\">&#8230;neral <strong class=\"solr_highlight_1\">Mejerfelt<\/strong>, von dessen Ankunft er Kunde erhalten hatte, in seiner Stellung \u00f6stlich von Posen anzugreifen. Zu diesem Ende brach er am 18. August fr\u00fch Morgens mit einem auserlesenen Detachement, das aus 2000 Mann In- fanterie, 2000 Reitern und 4 Gesch\u00fctzen bestand, aus dem Lager auf und erreichte&#8230;<\/span><\/p>\n<article class=\"result\">\n<p class=\"results-header\"><span style=\"color: #000000;\"><a style=\"color: #000000;\" href=\"https:\/\/babel.hathitrust.org\/cgi\/pt?q1=mejerfelt;id=hvd.hnndhd;view=1up;seq=180;start=1;sz=10;page=search;num=162\" data-seq=\"180\"><span style=\"color: #0000ff;\">Page 162<\/span><\/a><\/span><\/p>\n<p class=\"kwic\"><span style=\"color: #000000;\">&#8230;gels. <strong class=\"solr_highlight_1\">Mejerfelt<\/strong> hatte indess von dem Anmarsch der Sachsen Kunde erhalten und sich in Schlachtordnung aufgestellt; er selbst \u00fcbernahm die F\u00fchrung des rechten Fl\u00fcgels, w\u00e4hrend Oberst Horn das Centrum und Oberst Taube den linken Fl\u00fcgel kommandirte. Aus der Festung waren 500 Mann Infanterie und 2 Kanone&#8230;<\/span><\/p>\n<p class=\"kwic\"><span style=\"color: #000000;\">&#8230;chten <strong class=\"solr_highlight_1\">Mejerfelt<\/strong> zuerst vorger\u00fcckt sein und Schulenburg zur\u00fcck- gedr\u00e4ngt haben soll. Dies ist auch wahrscheinlicher, da Schulen- burg selbst einr\u00e4umt, dass seine Kavallerie hinter der Infanterie habe Schutz suchen m\u00fcssen. Von der durchschlagendsten Wir- kung aber war Oberst Taube&#8217;s Angriff gegen den &#8230;<\/span><\/p>\n<\/article>\n<\/article>\n<article class=\"result\">\n<p class=\"results-header\"><span style=\"color: #000000;\"><a style=\"color: #000000;\" href=\"https:\/\/babel.hathitrust.org\/cgi\/pt?q1=mejerfelt;id=hvd.hnndhd;view=1up;seq=181;start=1;sz=10;page=search;num=163\" data-seq=\"181\"><span style=\"color: #0000ff;\">Page 163<\/span><\/a> <\/span><\/p>\n<p class=\"kwic\"><span style=\"color: #000000;\">&#8230;e nun <strong class=\"solr_highlight_1\">Mejerfelt<\/strong> im Verein mit dem inzwischen von der Verfolgung zur\u00fcckgekehrten Oberst Taube einen Gegenangriff gemacht und Schulenburg mit grossem Verlust zur\u00fcckgeworfen \u2013 wie denn \u00fcberhaupt schwedischer- seits!) die Affaire bei Posen im Allgemeinen als ein Erfolg Mejerfelt&#8217;s aufgefasst wird. Es is&#8230;<\/span><\/p>\n<p class=\"kwic\"><span style=\"color: #000000;\">&#8230;r ab. <strong class=\"solr_highlight_1\">Mejerfelt<\/strong> f\u00fchlte sich zu schwach, um der etwaigen Wieder- holung eines s\u00e4chsischen Angriffs widerstehen zu k\u00f6nnen, und beschloss daher, sich n\u00e4her an Warschau heranzuziehen und sich mit der polnischen Kronarmee unter Stanislaus und Lubo- mirski zu vereinigen. Diese r\u00fcckten ihm entgegen, konnte&#8230;<\/span><\/p>\n<p class=\"kwic\"><span style=\"color: #000000;\">&#8230;iess. <strong class=\"solr_highlight_1\">Mejerfelt<\/strong>, der inzwischen nach Thorn gegangen war, r\u00fcckte, als er dies erfuhr, wieder gegen Posen vor, \u00fcberfiel Smigelski, zerstreute die Schaaren desselben und warf sich dann selbst in die Stadt. August w\u00fcnschte aber sehr, sie unter seine Botm\u00e4ssigkeit zu bringen und sandte deshalb Patkul, de&#8230;<\/span><\/p>\n<\/article>\n<article class=\"result\"><\/article>\n<article class=\"result\">\n<p class=\"results-header\"><span style=\"color: #000000;\"><a style=\"color: #000000;\" href=\"https:\/\/babel.hathitrust.org\/cgi\/pt?q1=mejerfelt;id=hvd.hnndhd;view=1up;seq=249;start=1;sz=10;page=search;num=231\" data-seq=\"249\"><span style=\"color: #0000ff;\">Page 231<\/span><\/a> (17 september 1707. M. wordt met 3000 man bij Warta achtergelaten). <\/span><\/p>\n<p class=\"kwic\"><span style=\"color: #000000;\">&#8230;neral <strong class=\"solr_highlight_1\">Mejerfelt<\/strong> mit 3000 Mann zur\u00fcckgelassen hatte. Als der Oberbefehlshaber der russischen Armee, General Menschikoff, erfuhr, dass die Schweden in Polen einmarschirt seien, liess er seine Truppen \u00fcber den Bug zur\u00fcckgehen, stellte am rechten Ufer desselben von Pultusk nach Brzezc Litewski eine star&#8230;<\/span><\/p>\n<\/article>\n<article class=\"result\">\n<p class=\"results-header\"><span style=\"color: #000000;\"><a style=\"color: #000000;\" href=\"https:\/\/babel.hathitrust.org\/cgi\/pt?q1=mejerfelt;id=hvd.hnndhd;view=1up;seq=270;start=1;sz=10;page=search;num=252\" data-seq=\"270\"><span style=\"color: #0000ff;\">Page 252<\/span><\/a><\/span><\/p>\n<p class=\"kwic\"><span style=\"color: #000000;\">&#8230;neral <strong class=\"solr_highlight_1\">Mejerfelt<\/strong> im Auftrag des K\u00f6nigs geschriebenen Zettel mit der Weisung, seinen Marsch m\u00f6glichst zu beschleunigen. Diesem Befehl kam Lewenhaupt auch insofern nach, dass er schon nach zwei Tagen das nur 20 Kilometer vom Dniepr entfernte Moroneo wic ze erreichte. Hier trafen ihn die drei obenerw\u00e4hn&#8230;<\/span><\/p>\n<\/article>\n<p style=\"text-align: justify;\"><span style=\"color: #000000;\"><a style=\"color: #000000;\" href=\"https:\/\/babel.hathitrust.org\/cgi\/pt?id=hvd.hnndhd&amp;view=1up&amp;seq=249\"><span style=\"color: #0000ff;\">Pag. 304<\/span><\/a> (Juni 1713. Stettin)<\/span><\/p>\n","protected":false},"excerpt":{"rendered":"<p>C.F.K. von\u00a0Sarauw, \u201cDie Feldz\u00fcge Karls XII. Ein quellenm\u00e4ssiger Beitrag zur Kriegsgeschichte und Kabinetspolitik Europa\u2019s im XVIII. Jahrhundert\u201d, Leipzig 1881. Page viii &#8230;9 \u201e \u201e Mejerfelt statt Meyerfeldt. 77 \u201e 1 \u201e unten K\u00e4mpfen statt K\u00e4mpfe. 106 \u201e 24 \u201e oben Palis saden statt Pallisaden. 109 \u201e 5 \u201e unten Morsztge statt Morstein. 112 letzte Linie &hellip; <a href=\"https:\/\/meijenfeldt.nl\/?page_id=22866\" class=\"more-link\">Verder lezen <span class=\"screen-reader-text\">Sarauw<\/span><\/a><\/p>\n","protected":false},"author":1,"featured_media":0,"parent":0,"menu_order":0,"comment_status":"closed","ping_status":"closed","template":"","meta":{"footnotes":""},"class_list":["post-22866","page","type-page","status-publish","hentry"],"_links":{"self":[{"href":"https:\/\/meijenfeldt.nl\/index.php?rest_route=\/wp\/v2\/pages\/22866","targetHints":{"allow":["GET"]}}],"collection":[{"href":"https:\/\/meijenfeldt.nl\/index.php?rest_route=\/wp\/v2\/pages"}],"about":[{"href":"https:\/\/meijenfeldt.nl\/index.php?rest_route=\/wp\/v2\/types\/page"}],"author":[{"embeddable":true,"href":"https:\/\/meijenfeldt.nl\/index.php?rest_route=\/wp\/v2\/users\/1"}],"replies":[{"embeddable":true,"href":"https:\/\/meijenfeldt.nl\/index.php?rest_route=%2Fwp%2Fv2%2Fcomments&post=22866"}],"version-history":[{"count":8,"href":"https:\/\/meijenfeldt.nl\/index.php?rest_route=\/wp\/v2\/pages\/22866\/revisions"}],"predecessor-version":[{"id":32435,"href":"https:\/\/meijenfeldt.nl\/index.php?rest_route=\/wp\/v2\/pages\/22866\/revisions\/32435"}],"wp:attachment":[{"href":"https:\/\/meijenfeldt.nl\/index.php?rest_route=%2Fwp%2Fv2%2Fmedia&parent=22866"}],"curies":[{"name":"wp","href":"https:\/\/api.w.org\/{rel}","templated":true}]}}