{"id":22002,"date":"2019-12-20T15:11:45","date_gmt":"2019-12-20T15:11:45","guid":{"rendered":"http:\/\/meijenfeldt.nl\/?page_id=22002"},"modified":"2023-08-10T15:36:21","modified_gmt":"2023-08-10T15:36:21","slug":"krigsarkivet","status":"publish","type":"page","link":"https:\/\/meijenfeldt.nl\/?page_id=22002","title":{"rendered":"Krigsarkivet"},"content":{"rendered":"<p><span style=\"font-family: georgia, palatino, serif; font-size: 10pt;\"><span style=\"color: #0000ff;\"><span style=\"color: #000000;\"><span style=\"font-size: 14pt;\"><span style=\"color: #000000; font-size: 10pt;\"><a style=\"color: #0000ff;\" href=\"https:\/\/meijenfeldt.nl\/\">START<\/a>\u00a0\/\u00a0<a style=\"color: #0000ff;\" href=\"https:\/\/meijenfeldt.nl\/?page_id=749\">A. ARCHIEVEN<\/a> \/ <\/span><\/span><span style=\"font-size: 10pt;\"><a style=\"color: #0000ff;\" href=\"https:\/\/meijenfeldt.nl\/?page_id=264\">AZ. ZWEDEN<\/a> \/ OORLOGSARCHIEF<\/span><\/span><\/span><\/span><\/p>\n<p><span style=\"font-size: 14pt;\"><strong><span style=\"color: #000000;\"><span style=\"color: #0000ff;\"><a style=\"color: #0000ff;\" href=\"https:\/\/riksarkivet.se\/krigsarkivet\">KrA. Krigsarkivet<\/a><\/span><\/span><\/strong><\/span><\/p>\n<table style=\"width: 100%; height: 806px;\">\n<tbody>\n<tr style=\"height: 28px;\">\n<td style=\"width: 17.4243%; height: 28px;\"><span style=\"font-size: 10pt; color: #800000;\"><strong>BLAD<\/strong><\/span><\/td>\n<td style=\"width: 51.3636%; height: 28px;\"><span style=\"font-size: 10pt; color: #800000;\"><strong>ONDERWERP<\/strong><\/span><\/td>\n<td style=\"width: 16.3636%; height: 28px;\"><\/td>\n<td style=\"width: 14.8485%; height: 28px;\"><strong style=\"color: #800000; font-size: 13.3333px;\">DATUM<\/strong><\/td>\n<\/tr>\n<tr style=\"height: 22px;\">\n<td style=\"width: 17.4243%; height: 22px;\"><strong><span style=\"font-size: 10pt; color: #000000;\">022<\/span><\/strong><\/td>\n<td style=\"width: 51.3636%; height: 22px;\"><span style=\"font-size: 10pt;\"><strong>Rullor 1620-1723<\/strong><\/span><span style=\"font-size: 10pt; color: #800000;\"><strong><br \/>\n<\/strong><\/span><\/td>\n<td style=\"width: 16.3636%; height: 22px;\"><span style=\"font-size: 10pt; color: #800000;\"><strong>\u00a0<\/strong><\/span><\/td>\n<td style=\"width: 14.8485%; height: 22px;\"><span style=\"font-size: 10pt; color: #800000;\"><strong>\u00a0<\/strong><\/span><\/td>\n<\/tr>\n<tr style=\"height: 56px;\">\n<td style=\"width: 17.4243%; height: 56px;\"><strong><span style=\"font-size: 10pt; color: #000000;\">023\/0<\/span><\/strong><strong><span style=\"font-size: 10pt; color: #000000;\"><br \/>\n<\/span><\/strong><\/td>\n<td style=\"width: 67.7272%; height: 56px;\" colspan=\"2\"><span style=\"font-size: 10pt;\"><strong style=\"color: #0000ff;\"><span style=\"color: #000000;\">Generalm\u00fcnsterrullor 1660-1887 \/<\/span>\u00a0<a style=\"color: #0000ff;\" href=\"https:\/\/sok.riksarkivet.se\/?Sokord=Generalm%c3%b6nsterrullor&amp;EndastDigitaliserat=false&amp;AvanceradSok=False&amp;page=1&amp;postid=Arkis+b8940462-258b-4f15-9da9-33bbb841a6da&amp;tab=post&amp;FacettState=undefined%3ac%7c&amp;s=Balder\">Arkiv med l\u00f6pande volymnumrering<\/a><\/strong><\/span><span style=\"font-size: 10pt; color: #800000;\"><strong><br \/>\n<\/strong><\/span><\/td>\n<td style=\"width: 14.8485%; height: 56px;\"><span style=\"font-size: 10pt; color: #800000;\"><strong>\u00a0<\/strong><\/span><\/td>\n<\/tr>\n<tr style=\"height: 56px;\">\n<td style=\"width: 17.4243%; height: 56px; background-color: #d5e8eb;\"><strong><span style=\"font-size: 10pt; color: #000000;\">0078\/\/A\/004<br \/>\n\u00d6 E 5<\/span><\/strong><\/td>\n<td style=\"width: 82.5757%; height: 56px; background-color: #d5e8eb;\" colspan=\"3\"><strong><span style=\"font-size: 10pt; color: #000000;\">Arm\u00e9ns Pensionskassa<br \/>\nMeritband<\/span><\/strong><\/td>\n<\/tr>\n<tr style=\"height: 28px;\">\n<td style=\"width: 17.4243%; height: 28px;\"><\/td>\n<td style=\"width: 51.3636%; height: 28px;\"><\/td>\n<td style=\"width: 16.3636%; height: 28px;\"><\/td>\n<td style=\"width: 14.8485%; height: 28px;\"><\/td>\n<\/tr>\n<tr style=\"height: 28px;\">\n<td style=\"width: 17.4243%; background-color: #d5e8eb; height: 28px;\"><span style=\"color: #000000;\"><strong><span style=\"font-size: 10pt;\">0116<\/span><span style=\"font-size: 10pt;\"><br \/>\n<\/span><\/strong><\/span><\/td>\n<td style=\"width: 51.3636%; background-color: #d5e8eb; height: 28px;\"><span style=\"color: #000000;\"><strong><span style=\"font-size: 13.3333px;\">Andra livgrenadj\u00e4rregementet<br \/>\n<\/span><\/strong><\/span><\/td>\n<td style=\"width: 16.3636%; background-color: #d5e8eb; height: 28px;\"><span style=\"color: #000000;\"><strong><span style=\"font-size: 10pt;\">\u00a0<\/span><\/strong><\/span><\/td>\n<td style=\"width: 14.8485%; background-color: #d5e8eb; height: 28px;\"><span style=\"color: #000000;\"><strong><span style=\"font-size: 10pt;\">\u00a0<\/span><\/strong><\/span><\/td>\n<\/tr>\n<tr style=\"height: 56px;\">\n<td style=\"width: 17.4243%; height: 10px;\"><\/td>\n<td style=\"width: 67.7272%; height: 10px;\" colspan=\"2\"><\/td>\n<td style=\"width: 14.8485%; height: 10px;\"><\/td>\n<\/tr>\n<tr style=\"height: 28px;\">\n<td style=\"width: 17.4243%; background-color: #d5e8eb; height: 28px;\"><span style=\"font-size: 10pt;\"><b>0160\/0<\/b><\/span><\/td>\n<td style=\"width: 67.7272%; background-color: #d5e8eb; height: 28px;\" colspan=\"2\"><span style=\"font-size: 10pt;\"><b>Livregementet till h\u00e4st<\/b><\/span><\/td>\n<td style=\"width: 14.8485%; background-color: #d5e8eb; height: 28px;\"><span style=\"font-size: 10pt;\">1674-1795<\/span><\/td>\n<\/tr>\n<tr style=\"height: 28px;\">\n<td style=\"width: 17.4243%; height: 28px;\"><span style=\"font-size: 10pt;\">024:\u00d6\/0<\/span><\/td>\n<td style=\"width: 67.7272%; height: 28px;\" colspan=\"2\"><span style=\"font-size: 10pt;\">Supplement 1, Handlingar,<\/span><\/td>\n<td style=\"width: 14.8485%; height: 28px;\"><span style=\"font-size: 10pt;\">1789-1790<\/span><\/td>\n<\/tr>\n<tr style=\"height: 56px;\">\n<td style=\"width: 17.4243%; height: 56px;\"><span style=\"font-size: 10pt;\">113<\/span><\/td>\n<td style=\"width: 67.7272%; height: 56px;\" colspan=\"2\"><span style=\"font-size: 10pt;\">Regementsskrivarekontoret. Vederlag f\u00f6r av greve JAsr utbytta rusth\u00e5ll<\/span><\/td>\n<td style=\"width: 14.8485%; height: 56px;\"><span style=\"font-size: 10pt;\">1734\u00a0<\/span><\/td>\n<\/tr>\n<tr style=\"background-color: #d5e8eb;\">\n<td style=\"width: 17.4243%; height: 28px;\"><span style=\"font-size: 10pt; color: #000000;\"><b>0260<\/b><\/span><\/td>\n<td style=\"width: 51.3636%; height: 28px;\"><span style=\"font-size: 10pt; color: #000000;\"><strong>R\u00e4tteg\u00e5ngshandlingar<\/strong><\/span><\/td>\n<td style=\"width: 16.3636%; height: 28px;\"><\/td>\n<td style=\"width: 14.8485%; height: 28px;\"><\/td>\n<\/tr>\n<tr style=\"height: 56px;\">\n<td style=\"width: 68.7879%; height: 23px;\" colspan=\"2\"><span style=\"font-size: 10pt; color: #000000;\">R4956, 114-115<\/span><\/td>\n<td style=\"width: 16.3636%; height: 23px;\"><span style=\"font-size: 10pt; color: #000000;\">Gustafsson<br \/>\n<\/span><\/td>\n<td style=\"width: 14.8485%; height: 23px;\"><span style=\"color: #000000; font-size: 13.3333px;\">JAjr<\/span><\/td>\n<\/tr>\n<tr style=\"height: 56px;\">\n<td style=\"width: 68.7879%; height: 15px;\" colspan=\"2\"><span style=\"font-size: 10pt; color: #000000;\">R4957, 158<\/span><\/td>\n<td style=\"width: 16.3636%; height: 15px;\"><span style=\"font-size: 10pt; color: #000000;\">Gustafsson<br \/>\n<\/span><\/td>\n<td style=\"width: 14.8485%; height: 15px;\"><span style=\"color: #000000; font-size: 13.3333px;\">JAjr<\/span><\/td>\n<\/tr>\n<tr style=\"height: 84px;\">\n<td style=\"height: 10px; width: 17.4243%;\"><span style=\"font-size: 10pt; color: #000000;\">R4958, 237-253, 0\/7<\/span><\/td>\n<td style=\"width: 51.3636%; height: 10px;\" colspan=\"2\"><span style=\"font-size: 10pt; color: #000000;\"><span style=\"font-size: 10pt; color: #000000;\"><span style=\"font-size: 10pt; color: #000000;\"><span style=\"font-size: 10pt; color: #000000;\">Fieandt, Konow, Kothen. <\/span><\/span><\/span><\/span><span style=\"font-size: 10pt;\">Arkiv med l\u00f6pande volymnumrering<\/span><\/td>\n<td style=\"width: 14.8485%; height: 10px;\"><span style=\"font-size: 10pt;\">\u00a0<\/span><\/td>\n<\/tr>\n<tr style=\"height: 28px;\">\n<td style=\"width: 17.4243%; background-color: #d5e8eb; height: 28px;\"><strong><span style=\"font-size: 10pt; color: #000000;\">0321<\/span><\/strong><\/td>\n<td style=\"width: 51.3636%; background-color: #d5e8eb; height: 28px;\"><strong><span style=\"font-size: 10pt; color: #000000;\"><span style=\"font-size: 10pt;\">Meritf\u00f6rteckningar<\/span><\/span><\/strong><\/td>\n<td style=\"width: 16.3636%; background-color: #d5e8eb; height: 28px;\"><\/td>\n<td style=\"width: 14.8485%; background-color: #d5e8eb; height: 28px;\"><strong><span style=\"font-size: 10pt; color: #000000;\">\u00a0<\/span><\/strong><\/td>\n<\/tr>\n<tr style=\"height: 56px;\">\n<td style=\"width: 17.4243%; height: 56px;\"><span style=\"font-size: 10pt; color: #000000;\">I \/ 30<\/span><\/td>\n<td style=\"width: 51.3636%; height: 56px;\"><span style=\"font-size: 10pt; color: #000000;\"><span style=\"font-size: 10pt; color: #000000;\">Svenska indelta regementen<br \/>\nN\u00e4rke-V\u00e4rmlands regemente<\/span><\/span><\/td>\n<td style=\"width: 16.3636%; height: 56px;\"><\/td>\n<td style=\"width: 14.8485%; height: 56px;\"><span style=\"font-size: 10pt;\">1784-1788<\/span><\/td>\n<\/tr>\n<tr style=\"background-color: #d5e8eb;\">\n<td style=\"width: 17.4243%; height: 28px;\"><span style=\"font-size: 10pt; color: #000000;\"><b>0393:A<\/b><\/span><\/td>\n<td style=\"width: 51.3636%; height: 28px;\"><span style=\"font-size: 10pt; color: #000000;\"><strong>Krigshandlingar<\/strong><\/span><\/td>\n<td style=\"width: 16.3636%; height: 28px;\"><\/td>\n<td style=\"width: 14.8485%; height: 28px;\"><strong><span style=\"font-size: 10pt; color: #000000;\">1788-1790<\/span><\/strong><\/td>\n<\/tr>\n<tr style=\"height: 28px;\">\n<td style=\"width: 17.4243%; height: 28px;\"><\/td>\n<td style=\"width: 67.7272%; height: 28px;\" colspan=\"2\"><\/td>\n<td style=\"width: 14.8485%; height: 28px;\"><\/td>\n<\/tr>\n<tr style=\"height: 25px;\">\n<td style=\"width: 17.4243%; background-color: #d5e8eb; height: 10px;\"><strong><span style=\"font-size: 10pt; color: #000000;\">0425<br \/>\n<\/span><\/strong><\/td>\n<td style=\"width: 82.5757%; background-color: #d5e8eb; height: 10px;\" colspan=\"3\"><strong><span style=\"font-size: 10pt; color: #000000;\">Sveriges Krig<\/span><\/strong><strong><span style=\"font-size: 10pt; color: #000000;\"><br \/>\n<\/span><\/strong><\/td>\n<\/tr>\n<tr style=\"height: 21px;\">\n<td style=\"width: 17.4243%; height: 10px;\"><span style=\"font-size: 10pt; color: #000000;\">17<br \/>\n<\/span><\/td>\n<td style=\"width: 67.7272%; height: 10px;\" colspan=\"2\">\n<p class=\"post_title\"><span style=\"font-size: 10pt; color: #000000;\">Kriget mot Preussen och Ryssland<\/span><\/p>\n<\/td>\n<td style=\"width: 14.8485%; height: 10px;\"><span style=\"font-size: 10pt; color: #000000;\">\u00a0<\/span><\/td>\n<\/tr>\n<tr style=\"height: 28px;\">\n<td style=\"width: 17.4243%; background-color: #d5e8eb; height: 28px;\"><strong><span style=\"font-size: 10pt;\">0449<\/span><span style=\"font-size: 10pt; color: #000000;\"><br \/>\n<\/span><\/strong><\/td>\n<td style=\"width: 51.3636%; background-color: #d5e8eb; height: 28px;\"><strong><span style=\"font-size: 10pt; color: #000000;\">Arkivfragment<br \/>\n<\/span><\/strong><\/td>\n<td style=\"width: 16.3636%; background-color: #d5e8eb; height: 28px;\"><strong><span style=\"font-size: 10pt; color: #000000;\">\u00a0<\/span><\/strong><\/td>\n<td style=\"width: 14.8485%; background-color: #d5e8eb; height: 28px;\"><\/td>\n<\/tr>\n<tr style=\"height: 28px;\">\n<td style=\"width: 17.4243%; height: 28px;\"><span style=\"font-size: 10pt; color: #000000;\">\u00a0<\/span><\/td>\n<td style=\"width: 51.3636%; height: 28px;\"><span style=\"font-size: 10pt; color: #000000;\">\u00a0<\/span><\/td>\n<td style=\"width: 16.3636%; height: 28px;\"><span style=\"font-size: 10pt; color: #000000;\">\u00a0<\/span><\/td>\n<td style=\"width: 14.8485%; height: 28px;\"><\/td>\n<\/tr>\n<tr style=\"height: 25px;\">\n<td style=\"width: 17.4243%; background-color: #d5e8eb; height: 25px;\"><strong><span style=\"font-size: 10pt; color: #000000;\">0450<\/span><\/strong><\/td>\n<td style=\"width: 82.5757%; background-color: #d5e8eb; height: 25px;\" colspan=\"3\"><strong><span style=\"font-size: 10pt; color: #000000;\">Rullor 1724-<\/span><\/strong><strong><span style=\"font-size: 10pt; color: #000000;\"><br \/>\n<\/span><\/strong><\/td>\n<\/tr>\n<tr style=\"height: 28px;\">\n<td style=\"width: 17.4243%; height: 28px;\"><\/td>\n<td style=\"width: 51.3636%; height: 28px;\"><\/td>\n<td style=\"width: 16.3636%; height: 28px;\"><\/td>\n<td style=\"width: 14.8485%; height: 28px;\"><\/td>\n<\/tr>\n<tr style=\"height: 28px;\">\n<td style=\"width: 17.4243%; background-color: #d5e8eb; height: 28px;\"><span style=\"font-size: 10pt;\"><strong>1051<\/strong><\/span><\/td>\n<td style=\"width: 51.3636%; background-color: #d5e8eb; height: 28px;\"><span style=\"font-size: 10pt;\"><strong>Biografica<\/strong><\/span><\/td>\n<td style=\"width: 16.3636%; background-color: #d5e8eb; height: 28px;\"><span style=\"font-size: 10pt;\">\u00a0<\/span><\/td>\n<td style=\"width: 14.8485%; background-color: #d5e8eb; height: 28px;\"><span style=\"font-size: 10pt;\">\u00a0<\/span><\/td>\n<\/tr>\n<tr style=\"height: 37px;\">\n<td style=\"width: 17.4243%; background-color: #ffffff; height: 37px;\"><span style=\"font-size: 10pt;\">001\/55<strong><br \/>\n<\/strong><\/span><\/td>\n<td style=\"background-color: #ffffff; height: 37px; width: 67.7272%;\" colspan=\"2\"><span style=\"font-size: 10pt;\">Registerkort till samlingen Biografica \/ Mav-Mobec<\/span><\/td>\n<td style=\"width: 14.8485%; background-color: #ffffff; height: 37px;\"><span style=\"font-size: 10pt;\">\u00a0<\/span><\/td>\n<\/tr>\n<tr style=\"height: 28px;\">\n<td style=\"width: 17.4243%; background-color: #ffffff; height: 28px;\"><span style=\"font-size: 10pt;\">002\/M<\/span><\/td>\n<td style=\"background-color: #ffffff; height: 28px; width: 67.7272%;\" colspan=\"2\"><span style=\"font-size: 10pt;\">Dossi\u00e9er \/ M<\/span><\/td>\n<td style=\"width: 14.8485%; background-color: #ffffff; height: 28px;\"><span style=\"font-size: 10pt;\">\u00a0<\/span><\/td>\n<\/tr>\n<tr style=\"height: 28px;\">\n<td style=\"width: 17.4243%; background-color: #ffffff; height: 28px;\"><span style=\"font-size: 10pt;\">003\/M\/8<br \/>\n<\/span><\/td>\n<td style=\"width: 67.7272%; background-color: #ffffff; height: 28px;\" colspan=\"2\"><span style=\"font-size: 10pt;\">Mikrofilmade dossi\u00e9er \/ M \/ Meijerfelt-Melander<\/span><\/td>\n<td style=\"width: 14.8485%; background-color: #ffffff; height: 28px;\"><span style=\"font-size: 10pt;\">\u00a0<\/span><\/td>\n<\/tr>\n<\/tbody>\n<\/table>\n<p>&nbsp;<\/p>\n","protected":false},"excerpt":{"rendered":"<p>START\u00a0\/\u00a0A. ARCHIEVEN \/ AZ. ZWEDEN \/ OORLOGSARCHIEF KrA. Krigsarkivet BLAD ONDERWERP DATUM 022 Rullor 1620-1723 \u00a0 \u00a0 023\/0 Generalm\u00fcnsterrullor 1660-1887 \/\u00a0Arkiv med l\u00f6pande volymnumrering \u00a0 0078\/\/A\/004 \u00d6 E 5 Arm\u00e9ns Pensionskassa Meritband 0116 Andra livgrenadj\u00e4rregementet \u00a0 \u00a0 0160\/0 Livregementet till h\u00e4st 1674-1795 024:\u00d6\/0 Supplement 1, Handlingar, 1789-1790 113 Regementsskrivarekontoret. Vederlag f\u00f6r av greve JAsr utbytta &hellip; <a href=\"https:\/\/meijenfeldt.nl\/?page_id=22002\" class=\"more-link\">Verder lezen <span class=\"screen-reader-text\">Krigsarkivet<\/span><\/a><\/p>\n","protected":false},"author":1,"featured_media":0,"parent":0,"menu_order":0,"comment_status":"closed","ping_status":"closed","template":"","meta":{"footnotes":""},"class_list":["post-22002","page","type-page","status-publish","hentry"],"_links":{"self":[{"href":"https:\/\/meijenfeldt.nl\/index.php?rest_route=\/wp\/v2\/pages\/22002","targetHints":{"allow":["GET"]}}],"collection":[{"href":"https:\/\/meijenfeldt.nl\/index.php?rest_route=\/wp\/v2\/pages"}],"about":[{"href":"https:\/\/meijenfeldt.nl\/index.php?rest_route=\/wp\/v2\/types\/page"}],"author":[{"embeddable":true,"href":"https:\/\/meijenfeldt.nl\/index.php?rest_route=\/wp\/v2\/users\/1"}],"replies":[{"embeddable":true,"href":"https:\/\/meijenfeldt.nl\/index.php?rest_route=%2Fwp%2Fv2%2Fcomments&post=22002"}],"version-history":[{"count":266,"href":"https:\/\/meijenfeldt.nl\/index.php?rest_route=\/wp\/v2\/pages\/22002\/revisions"}],"predecessor-version":[{"id":57844,"href":"https:\/\/meijenfeldt.nl\/index.php?rest_route=\/wp\/v2\/pages\/22002\/revisions\/57844"}],"wp:attachment":[{"href":"https:\/\/meijenfeldt.nl\/index.php?rest_route=%2Fwp%2Fv2%2Fmedia&parent=22002"}],"curies":[{"name":"wp","href":"https:\/\/api.w.org\/{rel}","templated":true}]}}