{"id":2135,"date":"2017-01-21T11:50:17","date_gmt":"2017-01-21T11:50:17","guid":{"rendered":"http:\/\/celinevonmeijenfeldt.nl\/?page_id=2135"},"modified":"2025-07-02T09:48:29","modified_gmt":"2025-07-02T09:48:29","slug":"3-2-von-salis-soglio","status":"publish","type":"page","link":"https:\/\/meijenfeldt.nl\/?page_id=2135","title":{"rendered":"4.3. Graub\u00fcnden"},"content":{"rendered":"<p style=\"text-align: justify;\"><span style=\"color: #000000;\">Uit het dorp Soglio in het Zwitsere Graub\u00fcnden op de grens met Itali\u00eb stamt het geslacht <em>von Salis-Mayenfeld<\/em>.<\/span><\/p>\n<p style=\"text-align: justify;\"><span style=\"color: #000000;\">Salis is \u00e9\u00e9n van de oudste geslachten van Europa. Het zou afstammen van de stadhouder van de Romeinse provincie Raetia hoog in de Alpen. Vanwege de naam wordt ook wel een link naar het geslacht Salici gelegd, dat op de zuidflank van de Alpen in het Italiaanse Como leeft. In het plaatselijke Italiaans betekent salici \u2018weide\u2019. Van 10 augustus 913 stamt een oorkonde waarin \u00a0Rudolfus en Andreas von Salis op het kasteel van Soglio negen schelling betalen aan bisschop Hatto von Mainz om vast te leggen welke weiden op de berghellingen en het dal aan hen toebehoren. Zeer toepasselijk voeren de broers een groene weideboom op gouden vlak als wapen.<\/span>\u00a0<span style=\"font-size: 14pt;\"><span style=\"color: #000000; font-family: georgia, palatino, serif;\"><span style=\"color: #0000ff;\"><a style=\"color: #0000ff;\" href=\"#voetnoot\">(1)<\/a><\/span>\u00a0<\/span><\/span><\/p>\n<p style=\"text-align: center;\"><img loading=\"lazy\" decoding=\"async\" class=\"wp-image-2262 aligncenter\" src=\"https:\/\/meijenfeldt.nl\/wp-content\/uploads\/2017\/01\/Soglio.jpg\" alt=\"Soglio\" width=\"404\" height=\"241\" \/><span style=\"font-size: 10pt;\"><em>Soglio<\/em><\/span><\/p>\n<p style=\"text-align: justify;\"><span style=\"color: #000000;\">Het dorp Soglio\u00a0ligt hemelsbreed 170 kilometer westelijk van Fassa (zie het voorgaande geslacht uit Tirol). De alternatieve namen van het dorp zijn Sils im Engadin (Duits) of Segl (Romaans). Het ligt in het Zwitserse kanton Graub\u00fcnden op de waterscheiding tussen Noordzee, Zwarte Zee en Adriatische Zee. Richting Noordzee ontspringt daar de Madrische Rijn, die via de Achter-Rijn in de Rijn stroomt bij Chur en Mayenfeld. Naar de laatste stad vernoemt een belangrijke tak van het geslacht zich. Het levert veel officieren voor Zwitserse, Franse en Staatse troepen.<\/span><\/p>\n<p style=\"text-align: justify;\"><span style=\"color: #000000;\">De serie vader op zoon kan op z\u2019n vroegst worden opgepakt met Rudolph von Salis, geboren v\u00f3\u00f3r 1240, overleden 1300. Hij woont in 1282 en 1293 in Soglio. De naam van zijn vrouw is Von S\u00fc\u03b2. De nakomelingen van Rudolph staan veelal in Milanese dienst. Als de bisschop van Chur een beroep op zijn adel doet om de sluipende overname door de Habsburgers te stoppen, sluit Von Salis zich via het zijn lokale bisschoppelijk gerecht Unterporta en regionale gerechtshof Bergell in 1367 aan bij de \u00a0Gotteshausbund, die zich vervolgens\u00a0met de Grauer Bund en de Zehngerichtenbund verbindt in de Drei B\u00fcnden. Rudolph &#8216;Doxinia&#8217; in de vijfde generatie is rond 1450 grondeigenaar in het vlak bij Chur, Lichtenstein en West-Tirol gelegen stadje Mayenfeld. In 1499 sluiten de Drei B\u00fcnden zich onder de naam\u00a0Graub\u00fcnden als grootste kanton aan bij het Zwitserse Eidgenossenschaft.<\/span><\/p>\n<p style=\"text-align: justify;\"><span style=\"color: #000000;\">Het geslacht Von Salis vertoont veel verschillen met alle hiervoor behandelde adellijke geslachten: een enorme omvang, een lange periode verbonden aan een klein gebied, van oeroude adel en namen afkomstig van een stad (niet van een beroep). Er zijn wel twee gelijkenissen: een band met Nederland (enkele grote gezinnen strijken neer in Breda en Den Haag) en de naam sterft (hier) uit.<\/span><\/p>\n<p style=\"text-align: center;\"><span style=\"font-size: 10pt; color: #000000;\"><span style=\"color: #0000ff;\"><a id=\"voetnoot\"><\/a><a style=\"color: #0000ff;\" href=\"https:\/\/meijenfeldt.nl\/?page_id=5951\">Terug<\/a>\u00a0<\/span> \u00a0***\u00a0 \u00a0<span style=\"color: #0000ff;\"><a style=\"color: #0000ff;\" href=\"https:\/\/meijenfeldt.nl\/?page_id=2314\">Verder<\/a><\/span><\/span><\/p>\n<p style=\"text-align: justify;\"><span style=\"color: #000000; font-size: 10pt;\">1. J.A.von Crousa-Ch\u00e8bre, \u201cDas Haus Salis\u201d, Zeitung f\u00fcr den Deutschen Adel, Altenburg 1843, <span style=\"color: #0000ff;\"><a style=\"color: #0000ff;\" href=\"https:\/\/books.google.nl\/books?id=UP5BAAAAcAAJ&amp;pg=PA396&amp;lpg=PA396&amp;dq=uradel+salis&amp;source=bl&amp;ots=5m0yEIc5S5&amp;sig=ACfU3U1ak67xMK4iBwccKPbBQPjN6HB9fw&amp;hl=nl&amp;sa=X&amp;ved=2ahUKEwjso67aw6TpAhWxsKQKHaweBIk4ChDoATACegQICRAB#v=onepage&amp;q=uradel%20salis&amp;f=false\">pag. 396<\/a><\/span>. Nederland&#8217;s Adelsboek 1917, <span style=\"color: #0000ff;\"><a style=\"color: #0000ff;\" href=\"https:\/\/archive.org\/details\/nederlandsadelsb28unse\/page\/n61\/mode\/2up?view=theater\">pag. 1-7<\/a><\/span>.<\/span><\/p>\n","protected":false},"excerpt":{"rendered":"<p>Uit het dorp Soglio in het Zwitsere Graub\u00fcnden op de grens met Itali\u00eb stamt het geslacht von Salis-Mayenfeld. Salis is \u00e9\u00e9n van de oudste geslachten van Europa. Het zou afstammen van de stadhouder van de Romeinse provincie Raetia hoog in de Alpen. Vanwege de naam wordt ook wel een link naar het geslacht Salici gelegd, &hellip; <a href=\"https:\/\/meijenfeldt.nl\/?page_id=2135\" class=\"more-link\">Verder lezen <span class=\"screen-reader-text\">4.3. Graub\u00fcnden<\/span><\/a><\/p>\n","protected":false},"author":1,"featured_media":0,"parent":0,"menu_order":0,"comment_status":"closed","ping_status":"closed","template":"","meta":{"footnotes":""},"class_list":["post-2135","page","type-page","status-publish","hentry"],"_links":{"self":[{"href":"https:\/\/meijenfeldt.nl\/index.php?rest_route=\/wp\/v2\/pages\/2135","targetHints":{"allow":["GET"]}}],"collection":[{"href":"https:\/\/meijenfeldt.nl\/index.php?rest_route=\/wp\/v2\/pages"}],"about":[{"href":"https:\/\/meijenfeldt.nl\/index.php?rest_route=\/wp\/v2\/types\/page"}],"author":[{"embeddable":true,"href":"https:\/\/meijenfeldt.nl\/index.php?rest_route=\/wp\/v2\/users\/1"}],"replies":[{"embeddable":true,"href":"https:\/\/meijenfeldt.nl\/index.php?rest_route=%2Fwp%2Fv2%2Fcomments&post=2135"}],"version-history":[{"count":56,"href":"https:\/\/meijenfeldt.nl\/index.php?rest_route=\/wp\/v2\/pages\/2135\/revisions"}],"predecessor-version":[{"id":61591,"href":"https:\/\/meijenfeldt.nl\/index.php?rest_route=\/wp\/v2\/pages\/2135\/revisions\/61591"}],"wp:attachment":[{"href":"https:\/\/meijenfeldt.nl\/index.php?rest_route=%2Fwp%2Fv2%2Fmedia&parent=2135"}],"curies":[{"name":"wp","href":"https:\/\/api.w.org\/{rel}","templated":true}]}}