{"id":21267,"date":"2019-11-23T11:21:00","date_gmt":"2019-11-23T11:21:00","guid":{"rendered":"http:\/\/meijenfeldt.nl\/?page_id=21267"},"modified":"2022-10-16T08:13:37","modified_gmt":"2022-10-16T08:13:37","slug":"wieselgren","status":"publish","type":"page","link":"https:\/\/meijenfeldt.nl\/?page_id=21267","title":{"rendered":"Wieselgren"},"content":{"rendered":"<p style=\"text-align: justify;\"><span style=\"font-size: 14pt;\"><strong><span style=\"color: #000000;\">P. Wieselgren, \u201cDelaGardiska Archivet eller Handlingar ur Grefl. DelaGardiska Bibliotheket p\u00e5 L\u00f6ber\u00f6d\u201d, 20 delen, Lund 1831-1843.<\/span><\/strong><\/span><\/p>\n<hr \/>\n<p><span style=\"color: #000000;\"><strong>Deel 3 <\/strong>(1832)<\/span><\/p>\n<p><span style=\"color: #0000ff;\"><a style=\"color: #0000ff;\" href=\"https:\/\/babel.hathitrust.org\/cgi\/pt?id=ien.35556010002145&amp;view=2up&amp;seq=758\">Pag. 217-218<\/a><\/span><\/p>\n<p><span style=\"color: #000000;\">Meyer Henr. Ingenieur vid Gl\u00fcckstadt, \u00f6fv.L. derst. afdankad efetr konungens d\u00f6d. Br. ss. Gr.nn M.S. Oxenstj:s Inspector i Lifl. 1665 o.f. Meyerfelt Joh. Aug. Henr:ss. Gen.Gouv. br. 1711-41 till sin sv\u00e4rmoder M. Ascheberg m. fl.<\/span><\/p>\n<p><span style=\"color: #000000;\"><b>Deel 13 <\/b>(1837)<\/span><\/p>\n<p><span style=\"color: #0000ff;\"><a style=\"color: #0000ff;\" href=\"https:\/\/babel.hathitrust.org\/cgi\/pt?id=hvd.hnt6xc&amp;view=2up&amp;seq=182\">Pag. 168-169<\/a><\/span>\u00a0(<span style=\"color: #000000;\">Warschau 06-04-1703)<\/span><\/p>\n<p><span style=\"color: #000000;\">M. weet 50.000 Rdr uit de stad te halen. (\u201cI verlden \u00e4r ingen otrognare nation \u00e4n Polacknare\u201d).<\/span><\/p>\n<p><span style=\"color: #0000ff;\"><a style=\"color: #0000ff;\" href=\"https:\/\/babel.hathitrust.org\/cgi\/pt?id=hvd.hnt6xc&amp;view=1up&amp;seq=208\">pag. 194<\/a><\/span><span style=\"color: #000000;\">\u00a0(Poltava 28-06-1709)<\/span><\/p>\n<p><span style=\"color: #000000;\">Karel XII zendt M. naar Peter de\u00a0<\/span><\/p>\n<p><span style=\"color: #000000;\"><span style=\"color: #0000ff;\"><a style=\"color: #0000ff;\" href=\"https:\/\/babel.hathitrust.org\/cgi\/pt?id=hvd.hnt6xc&amp;view=1up&amp;seq=211\">pag. 197<\/a><\/span> (Bender 20 augustus 1709)<\/span><\/p>\n<p><span style=\"color: #000000;\">M. reist weg naar Stockholm.<\/span><\/p>\n<p><span style=\"color: #0000ff;\"><a style=\"color: #0000ff;\" href=\"https:\/\/babel.hathitrust.org\/cgi\/pt?id=hvd.hnt6xc&amp;view=1up&amp;seq=212\">pag. 198<\/a><\/span>\u00a0(Karpaten, 20-30 augustus 1709)<\/p>\n<p>M. reist en verblijft op kosten van de Turkse sultan.<\/p>\n<p><span style=\"color: #0000ff;\"><a style=\"color: #0000ff;\" href=\"https:\/\/babel.hathitrust.org\/cgi\/pt?id=hvd.hnt6xc&amp;view=1up&amp;seq=213\">pag. 199<\/a><\/span>\u00a0(Stockholm 26 oktober 1709)<\/p>\n<p>M. arriveert uit Bender met brieven van koning Karel XII.<\/p>\n<p><strong><span style=\"color: #000000;\">deel 15<\/span><\/strong><\/p>\n<p><span style=\"color: #000000;\"><span style=\"color: #0000ff;\"><a style=\"color: #0000ff;\" href=\"https:\/\/babel.hathitrust.org\/cgi\/pt?id=hvd.hnt6xn&amp;view=1up&amp;seq=83\">pag. 71<\/a><\/span> (Stockholm, 30 juli 1779)<\/p>\n<p><\/span><span style=\"color: #000000;\">De Franse ambassadeur vertrek, onder andere om de onbeantwoordde liefde van gravin Meijerfeldt:<br \/>\n<\/span><span style=\"color: #000000;\">&#8220;Hans k\u00e4rlek till grefvinnan Mejerfeldt, en af &#8220;Gracerna&#8221;, torde ej vara besvarad, om ej Gr:nn beh\u00f6ft f\u00f6rn\u00f6jas med fransyska moder och utrikes granl\u00e5ter. Genom sin hustrus protection hoppades han bl\u00e5 bandet, helst hon varit f\u00f6rem\u00e5l f\u00f6r Duc d&#8217;Orleans \u00f6mhet i yngre \u00e5ren.&#8221;<\/span><\/p>\n","protected":false},"excerpt":{"rendered":"<p>P. Wieselgren, \u201cDelaGardiska Archivet eller Handlingar ur Grefl. DelaGardiska Bibliotheket p\u00e5 L\u00f6ber\u00f6d\u201d, 20 delen, Lund 1831-1843. Deel 3 (1832) Pag. 217-218 Meyer Henr. Ingenieur vid Gl\u00fcckstadt, \u00f6fv.L. derst. afdankad efetr konungens d\u00f6d. Br. ss. Gr.nn M.S. Oxenstj:s Inspector i Lifl. 1665 o.f. Meyerfelt Joh. Aug. Henr:ss. Gen.Gouv. br. 1711-41 till sin sv\u00e4rmoder M. Ascheberg m. &hellip; <a href=\"https:\/\/meijenfeldt.nl\/?page_id=21267\" class=\"more-link\">Verder lezen <span class=\"screen-reader-text\">Wieselgren<\/span><\/a><\/p>\n","protected":false},"author":1,"featured_media":0,"parent":0,"menu_order":0,"comment_status":"closed","ping_status":"closed","template":"","meta":{"footnotes":""},"class_list":["post-21267","page","type-page","status-publish","hentry"],"_links":{"self":[{"href":"https:\/\/meijenfeldt.nl\/index.php?rest_route=\/wp\/v2\/pages\/21267","targetHints":{"allow":["GET"]}}],"collection":[{"href":"https:\/\/meijenfeldt.nl\/index.php?rest_route=\/wp\/v2\/pages"}],"about":[{"href":"https:\/\/meijenfeldt.nl\/index.php?rest_route=\/wp\/v2\/types\/page"}],"author":[{"embeddable":true,"href":"https:\/\/meijenfeldt.nl\/index.php?rest_route=\/wp\/v2\/users\/1"}],"replies":[{"embeddable":true,"href":"https:\/\/meijenfeldt.nl\/index.php?rest_route=%2Fwp%2Fv2%2Fcomments&post=21267"}],"version-history":[{"count":7,"href":"https:\/\/meijenfeldt.nl\/index.php?rest_route=\/wp\/v2\/pages\/21267\/revisions"}],"predecessor-version":[{"id":50162,"href":"https:\/\/meijenfeldt.nl\/index.php?rest_route=\/wp\/v2\/pages\/21267\/revisions\/50162"}],"wp:attachment":[{"href":"https:\/\/meijenfeldt.nl\/index.php?rest_route=%2Fwp%2Fv2%2Fmedia&parent=21267"}],"curies":[{"name":"wp","href":"https:\/\/api.w.org\/{rel}","templated":true}]}}