{"id":21206,"date":"2019-11-16T23:15:56","date_gmt":"2019-11-16T23:15:56","guid":{"rendered":"http:\/\/meijenfeldt.nl\/?page_id=21206"},"modified":"2019-11-17T10:58:53","modified_gmt":"2019-11-17T10:58:53","slug":"sulicki","status":"publish","type":"page","link":"https:\/\/meijenfeldt.nl\/?page_id=21206","title":{"rendered":"Sulicki"},"content":{"rendered":"<p style=\"text-align: justify;\"><span style=\"color: #000000; font-size: 14pt;\"><strong>Karl von Sulicki, &#8220;Der Siebenj\u00e4hrige Krieg in Pommern und in den benachbarten Marcken. Studie des Detachements= und des kleinen Krieges&#8221;, Berlin 1867.<\/strong><\/span><\/p>\n<p style=\"text-align: justify;\"><span style=\"color: #0000ff;\"><a style=\"color: #0000ff;\" href=\"https:\/\/babel.hathitrust.org\/cgi\/pt?id=hvd.hnzwhw&amp;view=1up&amp;seq=54\">Pag. 40<\/a><\/span><\/p>\n<p style=\"text-align: justify;\"><span style=\"color: #000000;\">&#8220;Das im Jahre 1758 aus Mannschaften der deutschen Regimenter gebildete Grenadiersbataillon Meyerfelt nahm sp\u00e4ter seine Stelle ein.&#8221;<\/span><\/p>\n<p style=\"text-align: justify;\"><span style=\"color: #000000;\"><a style=\"color: #000000;\" href=\"https:\/\/babel.hathitrust.org\/cgi\/pt?id=hvd.hnzwhw&amp;view=1up&amp;seq=204\"><span style=\"color: #0000ff;\">Pag. 190<\/span><\/a><\/span><\/p>\n<p style=\"text-align: justify;\"><span style=\"color: #000000;\">19 november 1758. Gevechten bij G\u00fcstrow. Pruisisch legeraanvoerder Dohna probeert vanuit Mecklenburg Pommeren binnen te komen en trekt zijn troepen bij Grimmen samen en neemt Damgarten in omdat het garnizoen zich niet verdedigt.\u00a0<\/span><\/p>\n<p style=\"text-align: justify;\"><span style=\"color: #000000;\">1 januari 1759. De Zweedse legeraanvoerder Lantinghausen reageert hierop en stuurt majoor M. met zijn bataljon en het cavalerieregiment Sm\u00e5land naar de Damgartner pas. M. weet bij Steinhage voor Richtenberg tegen opmars Von Diericke stelling te nemen. Verhaal over onoplettendheid, sneeuwval, terugtrekking tot Defilee van Seem\u00fchl, waar toegang tot Dtrasund wordt geblokkeerd.<\/span><\/p>\n<p style=\"text-align: justify;\"><span style=\"color: #0000ff;\"><a style=\"color: #0000ff;\" href=\"https:\/\/babel.hathitrust.org\/cgi\/pt?id=hvd.hnzwhw&amp;view=1up&amp;seq=252\">Pag. 238<\/a><\/span><\/p>\n<p style=\"text-align: justify;\"><span style=\"color: #000000;\">Majoor M. met zijn bataljon en Anrep met zijn bataljon Lijfgarde vallen 27 augustus 1759 4:00 uur de stad Swinem\u00fcnde aan. Onder Fersen nemen zij tot 16 september deel aan de gevechten.<\/span><\/p>\n<p style=\"text-align: justify;\"><span style=\"color: #0000ff;\"><a style=\"color: #0000ff;\" href=\"https:\/\/babel.hathitrust.org\/cgi\/pt?id=hvd.hnzwhw&amp;view=1up&amp;seq=335\">Pag. 321<\/a><\/span><\/p>\n<p style=\"text-align: justify;\"><span style=\"color: #000000;\">Begin 1760 zijn de Zweedse troepen aangesterkt. Bij de infanterie worden de grenadiersbataljons van M. en Wrangel genoemd.<\/span><\/p>\n<p style=\"text-align: justify;\"><span style=\"color: #0000ff;\"><a style=\"color: #0000ff;\" href=\"https:\/\/babel.hathitrust.org\/cgi\/pt?id=hvd.hnzwhw&amp;view=1up&amp;seq=347\">Pag. 333<\/a><\/span><\/p>\n<p style=\"text-align: justify;\"><span style=\"color: #000000;\">Gevechten bij Pasewalk.<\/span><\/p>\n<p style=\"text-align: justify;\"><span style=\"color: #000000;\"><a style=\"color: #000000;\" href=\"https:\/\/babel.hathitrust.org\/cgi\/pt?id=hvd.hnzwhw&amp;view=1up&amp;seq=628\"><span style=\"color: #0000ff;\">Pag. 614<\/span><\/a><\/span><\/p>\n<p style=\"text-align: justify;\"><span style=\"color: #000000;\">13 augustus 1761. Overste M. marcheert met het 1e Duitse Grenadiersbataljon, een bataljon J\u00f6nk\u00f6ping en de Sm\u00e5land cavalerie van Boldekow naar de pas, verdrijft daarvan en van Friedland de Stettiner Freikompagnie\u00ebn en neemt stelling in en om de stad.<\/span><\/p>\n<p style=\"text-align: justify;\"><span style=\"color: #0000ff;\"><a style=\"color: #0000ff;\" href=\"https:\/\/babel.hathitrust.org\/cgi\/pt?id=hvd.hnzwhw&amp;view=1up&amp;seq=630\">Pag. 616<\/a><\/span><\/p>\n<p style=\"text-align: justify;\"><span style=\"color: #000000;\">22 augustus 1761. M. vecht onder Stackelberg bij Neu-Brandenburg.<\/span><\/p>\n<p style=\"text-align: justify;\"><span style=\"color: #0000ff;\"><a style=\"color: #0000ff;\" href=\"https:\/\/babel.hathitrust.org\/cgi\/pt?id=hvd.hnzwhw&amp;view=1up&amp;seq=634\">Pag. 620<\/a><\/span><\/p>\n<p style=\"text-align: justify;\"><span style=\"color: #000000;\">22 augustus 1761. De Zweden worden vernietigend verslagen. M. weet te voorkomen dat ook Neu-Brandenburg verloren gaat.<\/span><\/p>\n<p style=\"text-align: justify;\"><span style=\"color: #000000;\"><a style=\"color: #000000;\" href=\"https:\/\/babel.hathitrust.org\/cgi\/pt?id=hvd.hnzwhw&amp;view=1up&amp;seq=642\"><span style=\"color: #0000ff;\">Pag. 628<\/span><\/a><\/span><\/p>\n<p style=\"text-align: justify;\"><span style=\"color: #000000;\">7 september 1761. M. bevindt zich in Friedland.<\/span><\/p>\n<p style=\"text-align: justify;\"><span style=\"color: #000000;\"><a style=\"color: #000000;\" href=\"https:\/\/babel.hathitrust.org\/cgi\/pt?id=hvd.hnzwhw&amp;view=1up&amp;seq=645\"><span style=\"color: #0000ff;\">Pag. 631<\/span><\/a><\/span><\/p>\n<p style=\"text-align: justify;\"><span style=\"color: #000000;\">9 september 1761. Hessenstein versterkt M. in Friedland.<\/span><\/p>\n<p style=\"text-align: justify;\"><span style=\"color: #0000ff;\"><a style=\"color: #0000ff;\" href=\"https:\/\/babel.hathitrust.org\/cgi\/pt?id=hvd.hnzwhw&amp;view=1up&amp;seq=646\">Pag. 632<\/a><\/span><\/p>\n<p>Friedland \u00a0lijft in handen van M.<\/p>\n<p style=\"text-align: justify;\"><span style=\"color: #0000ff;\"><a style=\"color: #0000ff;\" href=\"https:\/\/babel.hathitrust.org\/cgi\/pt?id=hvd.hnzwhw&amp;view=1up&amp;seq=683\">Pag. 669<\/a><\/span><\/p>\n<p style=\"text-align: justify;\">2 januari 1762. Bij de doorgang over de rivier de Peene bij Berchen wordt M.s grenadiersbataljon gepost.<\/p>\n","protected":false},"excerpt":{"rendered":"<p>Karl von Sulicki, &#8220;Der Siebenj\u00e4hrige Krieg in Pommern und in den benachbarten Marcken. Studie des Detachements= und des kleinen Krieges&#8221;, Berlin 1867. Pag. 40 &#8220;Das im Jahre 1758 aus Mannschaften der deutschen Regimenter gebildete Grenadiersbataillon Meyerfelt nahm sp\u00e4ter seine Stelle ein.&#8221; Pag. 190 19 november 1758. Gevechten bij G\u00fcstrow. Pruisisch legeraanvoerder Dohna probeert vanuit Mecklenburg &hellip; <a href=\"https:\/\/meijenfeldt.nl\/?page_id=21206\" class=\"more-link\">Verder lezen <span class=\"screen-reader-text\">Sulicki<\/span><\/a><\/p>\n","protected":false},"author":1,"featured_media":0,"parent":0,"menu_order":0,"comment_status":"closed","ping_status":"closed","template":"","meta":{"footnotes":""},"class_list":["post-21206","page","type-page","status-publish","hentry"],"_links":{"self":[{"href":"https:\/\/meijenfeldt.nl\/index.php?rest_route=\/wp\/v2\/pages\/21206","targetHints":{"allow":["GET"]}}],"collection":[{"href":"https:\/\/meijenfeldt.nl\/index.php?rest_route=\/wp\/v2\/pages"}],"about":[{"href":"https:\/\/meijenfeldt.nl\/index.php?rest_route=\/wp\/v2\/types\/page"}],"author":[{"embeddable":true,"href":"https:\/\/meijenfeldt.nl\/index.php?rest_route=\/wp\/v2\/users\/1"}],"replies":[{"embeddable":true,"href":"https:\/\/meijenfeldt.nl\/index.php?rest_route=%2Fwp%2Fv2%2Fcomments&post=21206"}],"version-history":[{"count":11,"href":"https:\/\/meijenfeldt.nl\/index.php?rest_route=\/wp\/v2\/pages\/21206\/revisions"}],"predecessor-version":[{"id":21221,"href":"https:\/\/meijenfeldt.nl\/index.php?rest_route=\/wp\/v2\/pages\/21206\/revisions\/21221"}],"wp:attachment":[{"href":"https:\/\/meijenfeldt.nl\/index.php?rest_route=%2Fwp%2Fv2%2Fmedia&parent=21206"}],"curies":[{"name":"wp","href":"https:\/\/api.w.org\/{rel}","templated":true}]}}