{"id":21113,"date":"2019-11-14T17:46:08","date_gmt":"2019-11-14T17:46:08","guid":{"rendered":"http:\/\/meijenfeldt.nl\/?page_id=21113"},"modified":"2019-11-14T19:46:53","modified_gmt":"2019-11-14T19:46:53","slug":"rehnskiold","status":"publish","type":"page","link":"https:\/\/meijenfeldt.nl\/?page_id=21113","title":{"rendered":"Rehnski\u00f6ld"},"content":{"rendered":"<p style=\"text-align: justify;\"><strong><span style=\"color: #000000; font-size: 14pt;\">A. \u201cGeneralen Friherre Carl Gustaf Rehnski\u00f6lds Anteckningar och dagb\u00f6cker\u201d, Karolinska Krigares Dagb\u00f6cker j\u00e4mte andra samtida skrifter, deel 9, Lund 1913.<\/span><\/strong><\/p>\n<p><span style=\"color: #0000ff;\"><a style=\"color: #0000ff;\" href=\"http:\/\/runeberg.org\/karolikrig\/9\/0038.html\">pag. 3<\/a><\/span><\/p>\n<p style=\"text-align: justify;\">\u201c<span style=\"color: #000000;\">d\u00e5 p\u00e5 denne marchen \u00d6fverstLieut. Meijerfeldt \u2020) med et partienaf 300 h\u00e4star, den w\u00e4gen \u00e5th Kockenhusen uths\u00e4ndt (&#8230;)\u201d<\/span><\/p>\n<p style=\"text-align: justify;\"><span style=\"color: #000000;\">\u2020) Johan August Meijerfelt, \u00f6fverstl\u00f6jtn. vid \u00c5bol\u00e4ns kavaleri. Senare \u00f6fverste vid ett dragonreg. och generalmajor.<\/span><\/p>\n<p><a href=\"http:\/\/runeberg.org\/karolikrig\/9\/0041.html\"><span style=\"color: #0000ff;\">pag. 6-7<\/span><\/a><\/p>\n<p style=\"text-align: justify;\">\u201c<span style=\"color: #000000;\">Medlertijd hade General Major M\u00f6rner ifr\u00e5n Mitau \u00d6fwerstLieutenanten Meijerfelt med et partij uths\u00e4ndt till\u00a0<\/span><\/p>\n<p style=\"text-align: justify;\">\u201dblef ock intet l\u00e4ngt dereffter \u00d6fwerstLieut. Meijerfelt medh 200 h\u00e4star commanderad at s\u00e4ttia sig vid Polangen (&#8230;)\u201d<\/p>\n<p><span style=\"color: #0000ff;\"><a style=\"color: #0000ff;\" href=\"http:\/\/runeberg.org\/karolikrig\/9\/0043.html\">pag. 8<\/a><\/span><\/p>\n<p style=\"text-align: justify;\">\u201d<span style=\"color: #000000;\">H\u00e4r fattade \u00d6fwersten Hummerhielm med sitt, samt \u00d6fwersten Meijerfeldts partie och de 400 man af Gvardet posto\u201d<\/span><\/p>\n<p><span style=\"color: #0000ff;\"><a style=\"color: #0000ff;\" href=\"http:\/\/runeberg.org\/karolikrig\/9\/0157.html\">pag. 122<\/a><\/span><\/p>\n<p style=\"text-align: justify;\"><span style=\"color: #000000;\">Augusti 1704 d. 22 \u201cInluppo tijender att H:r General Maior Meierfellt hafft en lyckel. action med fienden i Stoorp\u00e5hlen.\u201d<\/span><\/p>\n<p><span style=\"color: #0000ff;\"><a style=\"color: #0000ff;\" href=\"http:\/\/runeberg.org\/karolikrig\/9\/0159.html\">pag. 124<\/a><\/span><\/p>\n<p style=\"text-align: justify;\"><span style=\"color: #000000;\">September 1704 d. \u201c(&#8230;) hwilka skilltz wijd Thorn fr\u00e5n H:r Gen. Maior Meierfelt (&#8230;).\u201d<\/span><\/p>\n<p><span style=\"color: #0000ff;\"><a style=\"color: #0000ff;\" href=\"http:\/\/runeberg.org\/karolikrig\/9\/0174.html\">pag. 135-136<\/a><\/span><\/p>\n<p>Augusti 1705 d. 7. \u201cAnkom en express ifr\u00e5n Gen. M. Meijerfellt *) med breeff till hans May:t (&#8230;).\u201d<\/p>\n<p>*) Johan August Meijerfelt.<\/p>\n<p><span style=\"color: #0000ff;\"><a style=\"color: #0000ff;\" href=\"http:\/\/runeberg.org\/karolikrig\/9\/0190.html\">pag. 151<\/a><\/span><\/p>\n<p style=\"text-align: justify;\"><span style=\"color: #000000;\">September 1705 d. 12. \u201c(&#8230;) Han s\u00f6chte effter en deserteur, som sig engagerat f\u00f6r corporal under General Major Meijerfellt (&#8230;)<\/span><\/p>\n<p style=\"text-align: justify;\"><span style=\"font-size: 14pt; color: #000000;\"><b>B. \u201cBref och skrifvelser af Carl Gustaf Rehnski\u00f6ld till Konung Karl XII 1703-1707 (1715)\u201d, <strong>Karolinska Krigares Dagb\u00f6cker j\u00e4mte andra samtida skrifter,<\/strong>\u00a0deel 11, Lund 1916<\/b><\/span>,<\/p>\n<p style=\"text-align: justify;\"><span style=\"color: #0000ff;\"><a style=\"color: #0000ff;\" href=\"http:\/\/runeberg.org\/karolikrig\/11\/0115.html\">pag. 76-77<\/a><\/span><\/p>\n<p style=\"text-align: justify;\"><span style=\"color: #000000;\">Brief L\u00e4grett under Jaroslaw d. 29 Aug. 1704 van Carl G. Rehnschi\u00f6ldt aan de koning. \u201c(&#8230;) bijg\u00e5ende bref fick jagh i dagh i fr\u00e5n Meijerfeldt medh en expres (&#8230;)\u201d<\/span><\/p>\n<p style=\"text-align: justify;\"><span style=\"color: #000000;\">Brief P\u00e5 marchen emillan Jaroslaw ock Novegroble d. 1 sept: om middagen klockan 11 van Carl G. Rehnschi\u00f6ld aan de koning. \u201c(&#8230;) medh Meijerfeldt l\u00e4ret jagh och correspondera (&#8230;)\u201d<\/span><\/p>\n","protected":false},"excerpt":{"rendered":"<p>A. \u201cGeneralen Friherre Carl Gustaf Rehnski\u00f6lds Anteckningar och dagb\u00f6cker\u201d, Karolinska Krigares Dagb\u00f6cker j\u00e4mte andra samtida skrifter, deel 9, Lund 1913. pag. 3 \u201cd\u00e5 p\u00e5 denne marchen \u00d6fverstLieut. Meijerfeldt \u2020) med et partienaf 300 h\u00e4star, den w\u00e4gen \u00e5th Kockenhusen uths\u00e4ndt (&#8230;)\u201d \u2020) Johan August Meijerfelt, \u00f6fverstl\u00f6jtn. vid \u00c5bol\u00e4ns kavaleri. Senare \u00f6fverste vid ett dragonreg. och generalmajor. &hellip; <a href=\"https:\/\/meijenfeldt.nl\/?page_id=21113\" class=\"more-link\">Verder lezen <span class=\"screen-reader-text\">Rehnski\u00f6ld<\/span><\/a><\/p>\n","protected":false},"author":1,"featured_media":0,"parent":0,"menu_order":0,"comment_status":"closed","ping_status":"closed","template":"","meta":{"footnotes":""},"class_list":["post-21113","page","type-page","status-publish","hentry"],"_links":{"self":[{"href":"https:\/\/meijenfeldt.nl\/index.php?rest_route=\/wp\/v2\/pages\/21113","targetHints":{"allow":["GET"]}}],"collection":[{"href":"https:\/\/meijenfeldt.nl\/index.php?rest_route=\/wp\/v2\/pages"}],"about":[{"href":"https:\/\/meijenfeldt.nl\/index.php?rest_route=\/wp\/v2\/types\/page"}],"author":[{"embeddable":true,"href":"https:\/\/meijenfeldt.nl\/index.php?rest_route=\/wp\/v2\/users\/1"}],"replies":[{"embeddable":true,"href":"https:\/\/meijenfeldt.nl\/index.php?rest_route=%2Fwp%2Fv2%2Fcomments&post=21113"}],"version-history":[{"count":16,"href":"https:\/\/meijenfeldt.nl\/index.php?rest_route=\/wp\/v2\/pages\/21113\/revisions"}],"predecessor-version":[{"id":21145,"href":"https:\/\/meijenfeldt.nl\/index.php?rest_route=\/wp\/v2\/pages\/21113\/revisions\/21145"}],"wp:attachment":[{"href":"https:\/\/meijenfeldt.nl\/index.php?rest_route=%2Fwp%2Fv2%2Fmedia&parent=21113"}],"curies":[{"name":"wp","href":"https:\/\/api.w.org\/{rel}","templated":true}]}}