{"id":20691,"date":"2019-10-27T16:06:49","date_gmt":"2019-10-27T16:06:49","guid":{"rendered":"http:\/\/meijenfeldt.nl\/?page_id=20691"},"modified":"2024-06-14T17:42:05","modified_gmt":"2024-06-14T17:42:05","slug":"siebmacher","status":"publish","type":"page","link":"https:\/\/meijenfeldt.nl\/?page_id=20691","title":{"rendered":"Siebmacher"},"content":{"rendered":"<p style=\"text-align: justify;\"><span style=\"color: #000000; font-size: 14pt;\"><strong>J. <span style=\"color: #0000ff;\"><a style=\"color: #0000ff;\" href=\"https:\/\/de.wikipedia.org\/wiki\/J._Siebmacher%E2%80%99s_gro%C3%9Fes_und_allgemeines_Wappenbuch\">Siebmacher<\/a><\/span>, \u201cGro\u03b2es und allgemeines Wappenbuch\u201d, N\u00fcrnberg <\/strong><\/span><strong style=\"color: #000000; font-size: 18.6667px;\">1605-1806 (Alt)\u00a0<\/strong><strong style=\"color: #000000; font-size: 18.6667px;\">1854-1961 (Neu)<\/strong><\/p>\n<p style=\"text-align: justify;\"><strong><em><span style=\"color: #000000;\">Johann David K\u00f6hler, &#8220;Gro\u03b2es Wappen-Buch&#8221;, N\u00fcrnberg 1772<\/span><\/em><\/strong><\/p>\n<p style=\"text-align: justify;\"><span style=\"color: #0000ff;\"><a style=\"color: #0000ff;\" href=\"https:\/\/play.google.com\/books\/reader?id=WkEsS5p8MB4C&amp;pg=GBS.PA91&amp;hl=nl\">Deel 5, taf. 92<\/a>: <\/span><span style=\"color: #000000;\">Fr\u00e4nckische Ritterstands, die Meir\u00a0<\/span><\/p>\n<p style=\"text-align: justify;\"><span style=\"color: #000000;\"><b><i>Deel 3. Bl\u00fchender Adel deutscher Landschaften unter preu\u00dfischer Vorherrschaft<\/i><\/b><\/span><\/p>\n<p style=\"text-align: justify;\">Afdeling 2. \u00a0O.T. Heffner e.a., \u201c<span class=\"volumetitle\">Der bl\u00fchende Adel des K\u00f6nigreichs Preu\u00dfen\u201d,\u00a0Bd. 1, T. 2: Edelleute M &#8211; Z, N\u00fcrnberg 1878<\/span>, <span style=\"color: #0000ff;\"><a style=\"color: #0000ff;\" href=\"https:\/\/gdz.sub.uni-goettingen.de\/id\/PPN825822580?tify=%7B%22pages%22:%5B23%5D%7D\">pag. 263<\/a><\/span>. en <span style=\"color: #0000ff;\"><a style=\"color: #0000ff;\" href=\"https:\/\/gdz.sub.uni-goettingen.de\/id\/PPN825822580?tify=%7B%22pages%22:%5B281%5D,%22panX%22:0.54,%22panY%22:0.241,%22view%22:%22info%22,%22zoom%22:1.503%7D\">tafel 313<\/a><\/span>. Bd. 2: <span class=\"volumetitle\">Edelleute. Nachtr\u00e4ge und Verbesserungen, N\u00fcrnberg 1906<\/span>, <span style=\"color: #0000ff;\"><a style=\"color: #0000ff;\" href=\"https:\/\/gdz.sub.uni-goettingen.de\/id\/PPN825826365?tify=%7B%22pages%22:%5B139%5D%7D\">pag. 135<\/a><\/span>\u00a0en <span style=\"color: #0000ff;\"><a style=\"color: #0000ff;\" href=\"https:\/\/gdz.sub.uni-goettingen.de\/id\/PPN825826365?tify={%22pages%22:[465],%22panX%22:0.304,%22panY%22:0.245,%22view%22:%22info%22,%22zoom%22:1.646}\">tafel 116<\/a><\/span>.<\/p>\n<p style=\"text-align: justify;\"><span style=\"color: #000000;\">Afdeling 4. J. Siebmacher e.a., \u201c<span class=\"volumetitle\">Der Adel des Kurf\u00fcrstenthums, Grossherzogthums und der Landgrafschaft Hessen\u201d, N\u00fcrnberg 1859<\/span>, <span style=\"color: #0000ff;\"><a style=\"color: #0000ff;\" href=\"https:\/\/reader.digitale-sammlungen.de\/resolve\/display\/bsb10362303_00029.html\">pag. 19<\/a><\/span><\/span>\u00a0en <span style=\"color: #0000ff;\"><a style=\"color: #0000ff;\" href=\"https:\/\/reader.digitale-sammlungen.de\/de\/fs1\/object\/display\/bsb10362303_00085.html\">tafel 21<\/a><\/span>.<\/p>\n<p style=\"text-align: justify;\"><b><i>Deel 6. Abgestorbene, erloschene Geschlechter<\/i><\/b><\/p>\n<p style=\"text-align: justify;\">Afdeling 2. G.A. Seyler, \u201cA<span class=\"volumetitle\">bgestorbener W\u00fcrttemberger Adel\u201d, N\u00fcrnberg 1911<\/span>, <span style=\"color: #0000ff;\"><a style=\"color: #0000ff;\" href=\"https:\/\/gdz.sub.uni-goettingen.de\/id\/PPN83027040X?tify=%7B%22pages%22:%5B145%5D%7D\">pag. 135<\/a><\/span>\u00a0en <span style=\"color: #0000ff;\"><a style=\"color: #0000ff;\" href=\"https:\/\/gdz.sub.uni-goettingen.de\/id\/PPN83027040X?tify={%22pages%22:[433],%22panX%22:0.466,%22panY%22:0.269,%22view%22:%22info%22,%22zoom%22:1.874}\">tafel 74<\/a><\/span>.<\/p>\n<p style=\"text-align: justify;\">Afdeling 9.\u00a0<span class=\"volumetitle\">G.A. M\u00fclverstedt, \u201cAusgestorbener preu\u00dfischer Adel, Provinz Pommern\u201d, N\u00fcrnberg 1894<\/span>, <span style=\"color: #0000ff;\"><a style=\"color: #0000ff;\" href=\"https:\/\/gdz.sub.uni-goettingen.de\/id\/PPN830276521?tify=%7B%22pages%22:%5B72%5D,%22view%22:%22info%22%7D\">pag. 60<\/a><\/span>\u00a0en <span style=\"color: #0000ff;\"><a style=\"color: #0000ff;\" href=\"https:\/\/gdz.sub.uni-goettingen.de\/id\/PPN830276521?tify=%7B%22pages%22:%5B207%5D,%22panX%22:0.434,%22panY%22:0.595,%22view%22:%22toc%22,%22zoom%22:1.056%7D\">tafel 37<\/a><\/span>.<\/p>\n<p><img loading=\"lazy\" decoding=\"async\" class=\"size-medium wp-image-20713 aligncenter\" src=\"https:\/\/meijenfeldt.nl\/wp-content\/uploads\/2019\/10\/A1C85E90-A4DA-4DC1-9AC9-0F6999178AC3-260x300.jpeg\" alt=\"\" width=\"260\" height=\"300\" srcset=\"https:\/\/meijenfeldt.nl\/wp-content\/uploads\/2019\/10\/A1C85E90-A4DA-4DC1-9AC9-0F6999178AC3-260x300.jpeg 260w, https:\/\/meijenfeldt.nl\/wp-content\/uploads\/2019\/10\/A1C85E90-A4DA-4DC1-9AC9-0F6999178AC3-768x885.jpeg 768w, https:\/\/meijenfeldt.nl\/wp-content\/uploads\/2019\/10\/A1C85E90-A4DA-4DC1-9AC9-0F6999178AC3.jpeg 870w\" sizes=\"auto, (max-width: 260px) 100vw, 260px\" \/><\/p>\n","protected":false},"excerpt":{"rendered":"<p>J. Siebmacher, \u201cGro\u03b2es und allgemeines Wappenbuch\u201d, N\u00fcrnberg 1605-1806 (Alt)\u00a01854-1961 (Neu) Johann David K\u00f6hler, &#8220;Gro\u03b2es Wappen-Buch&#8221;, N\u00fcrnberg 1772 Deel 5, taf. 92: Fr\u00e4nckische Ritterstands, die Meir\u00a0 Deel 3. Bl\u00fchender Adel deutscher Landschaften unter preu\u00dfischer Vorherrschaft Afdeling 2. \u00a0O.T. Heffner e.a., \u201cDer bl\u00fchende Adel des K\u00f6nigreichs Preu\u00dfen\u201d,\u00a0Bd. 1, T. 2: Edelleute M &#8211; Z, N\u00fcrnberg 1878, pag. &hellip; <a href=\"https:\/\/meijenfeldt.nl\/?page_id=20691\" class=\"more-link\">Verder lezen <span class=\"screen-reader-text\">Siebmacher<\/span><\/a><\/p>\n","protected":false},"author":1,"featured_media":0,"parent":0,"menu_order":0,"comment_status":"closed","ping_status":"closed","template":"","meta":{"footnotes":""},"class_list":["post-20691","page","type-page","status-publish","hentry"],"_links":{"self":[{"href":"https:\/\/meijenfeldt.nl\/index.php?rest_route=\/wp\/v2\/pages\/20691","targetHints":{"allow":["GET"]}}],"collection":[{"href":"https:\/\/meijenfeldt.nl\/index.php?rest_route=\/wp\/v2\/pages"}],"about":[{"href":"https:\/\/meijenfeldt.nl\/index.php?rest_route=\/wp\/v2\/types\/page"}],"author":[{"embeddable":true,"href":"https:\/\/meijenfeldt.nl\/index.php?rest_route=\/wp\/v2\/users\/1"}],"replies":[{"embeddable":true,"href":"https:\/\/meijenfeldt.nl\/index.php?rest_route=%2Fwp%2Fv2%2Fcomments&post=20691"}],"version-history":[{"count":14,"href":"https:\/\/meijenfeldt.nl\/index.php?rest_route=\/wp\/v2\/pages\/20691\/revisions"}],"predecessor-version":[{"id":64778,"href":"https:\/\/meijenfeldt.nl\/index.php?rest_route=\/wp\/v2\/pages\/20691\/revisions\/64778"}],"wp:attachment":[{"href":"https:\/\/meijenfeldt.nl\/index.php?rest_route=%2Fwp%2Fv2%2Fmedia&parent=20691"}],"curies":[{"name":"wp","href":"https:\/\/api.w.org\/{rel}","templated":true}]}}