{"id":20637,"date":"2019-10-26T09:19:05","date_gmt":"2019-10-26T09:19:05","guid":{"rendered":"http:\/\/meijenfeldt.nl\/?page_id=20637"},"modified":"2025-05-27T07:10:42","modified_gmt":"2025-05-27T07:10:42","slug":"1-6-3-terug-naar-turkije","status":"publish","type":"page","link":"https:\/\/meijenfeldt.nl\/?page_id=20637","title":{"rendered":"1.6.2. Konstantinopel"},"content":{"rendered":"<p style=\"text-align: justify;\"><span style=\"color: #000000;\">Op 30 augustus 1710 benoemt koning Karel XII Johann August von Meijerfeldt tot luitenant-generaal van de infanterie, oppercommandant van Stettin (<i>Sczeczin<\/i>) en kolonel van een regiment Stettinse landmilitie die naar 1000 man voetvolk moet groeien. <a href=\"#voetnoot\"><span style=\"color: #0000ff;\">(1)<\/span><\/a> In die hoedanigheid lukt het hem in Hamburg niet vrede met de Denen te sluiten. De koning draagt hem daarna op naar Bender terug te keren. Zijn vervoermiddel en zijn route zijn comfortabeler dan zijn eerdere reis: hij reist per wagen over Wenen en arriveert op 19 december 1710 in Bender. Daar kan hij een groot bedrag overhandigen, niet in de vorm van contante munten, want dan had hij een legertje bewakers moeten meenemen. Het gaat om wisselbrieven, die tegen contant geld kunnen worden ingewisseld. Karel XII heeft om dit bedrag gevraagd om soldij van huursoldaten te betalen, niet alleen het achterstallige maar ook het toekomstige. Deze soldaten zouden naar zijn wens samen met de Turken tegen de Moskovieten moeten vechten. <\/span><span style=\"color: #000000;\"><span style=\"color: #0000ff;\"><a style=\"color: #0000ff;\" href=\"#voetnoot\">(2)<\/a><\/span><\/span><\/p>\n<p style=\"text-align: center;\"><span style=\"color: #000000;\"><img loading=\"lazy\" decoding=\"async\" class=\"alignnone wp-image-7992\" src=\"https:\/\/meijenfeldt.nl\/wp-content\/uploads\/2017\/12\/Oprechte-Haarlemsche-Courant-20-02-1711-300x43.jpg\" sizes=\"auto, (max-width: 677px) 100vw, 677px\" srcset=\"https:\/\/meijenfeldt.nl\/wp-content\/uploads\/2017\/12\/Oprechte-Haarlemsche-Courant-20-02-1711-300x43.jpg 300w, https:\/\/meijenfeldt.nl\/wp-content\/uploads\/2017\/12\/Oprechte-Haarlemsche-Courant-20-02-1711-768x111.jpg 768w, https:\/\/meijenfeldt.nl\/wp-content\/uploads\/2017\/12\/Oprechte-Haarlemsche-Courant-20-02-1711.jpg 958w\" alt=\"Oprechte Haarlemsche Courant 20-02-1711\" width=\"677\" height=\"97\" \/><\/span><br \/>\n<span style=\"color: #000000;\"><em>\u2018<span style=\"font-size: 10pt;\">s-Gravenhaegsche Courant, 20\u00a0februari 1711, voorpagina<\/span><\/em><\/span><\/p>\n<p style=\"text-align: justify;\"><span style=\"color: #000000;\">Johann August heeft ook een flink aantal brieven van de Koningsraad bij zich. Daarin staan pleidooien voor een vredesverdrag met Rusland. De koning is hier zeer kritisch op. Hij ontdoet het geziene lid Fabian Wrede die zomer van zijn functies, formeel vanwege zijn leeftijd, en dreigt voorzitter Arvid Horn twee jaar later met hetzelfde. In beide gevallen zou Von Meijerfeldt hem hiertoe hebben aangezet, nota bene gericht tegen familieleden. Hij kan niet weten dat zijn zoon ruim 50 jaar later met een achterkleindochter van Wrede zou trouwen, maar Horn is al enige jaren zijn zwager. <span style=\"color: #0000ff;\"><a style=\"color: #0000ff;\" href=\"#voetnoot\">(3)<\/a><\/span><\/span><\/p>\n<p style=\"text-align: justify;\"><span style=\"color: #000000;\">Om de grootvizier tot een militair avontuur over te halen, zendt Karel XII Johann August al op 18 januari 1711 als diplomaat door naar Konstantinopel, waar hij een week later aankomt. Daar wacht hem een vriendelijke ontvangst. Hij kan de grootvizier onthullen, dat een Zweeds leger van 30.000 man op het punt staat Polen binnen te vallen. Het gesprek resulteert in Turkse steun aan de vernietiging van het Russische imperium. Bovendien onderhandelt Johann August met diplomaten van andere Europese grootmachten. Hij heeft ondermeer een urenlang gesprek met de Engelse ambassadeur Sir Robert Sutton, die op grond daarvan aan Londen rapporteert dat een machtig gecombineerd leger naar Polen gaat optrekken, maar na een aanvankelijk akkoord om Krassow te isoleren wint de overtuiging terrein dat de machtsbalans niet in gevaar is. <span style=\"color: #0000ff;\"><a style=\"color: #0000ff;\" href=\"#voetnoot\">(4)<\/a><\/span><\/span><\/p>\n<p style=\"text-align: justify;\"><span style=\"color: #000000;\">Pierre Puchot, de speciale gezant van Lodewijk XIV, spreekt hij zeker ook om de Franse steun warm te houden. De Fransen zijn anti-Habsburgs en daardoor zoals altijd pro-Ottomaans. De opvolgende gezant Jean Louis d\u2019Usson markies van Bonnac arriveert pas in 1713, maar door zijn voorafgaande aanstellingen in Stockholm en Warschau vertrouwt hij zijn mening over hem aan zijn memoires toe. Hij noemt Johann August aanmatigend en gesloten, geliefd bij zijn meester, maar bij de troepen niet hoog geschat. Schoondochter Louise Sparre kende deze weinig flatteuze memoires vermoedelijk niet, maar ze wimpelde <span style=\"color: #0000ff;\"><a style=\"color: #0000ff;\" href=\"https:\/\/meijenfeldt.nl\/?page_id=179\">later<\/a><\/span> de avances van diens zoon Pierre wel af. \u00a0<span style=\"color: #0000ff;\"><a style=\"color: #0000ff;\" href=\"#voetnoot\">(5)<\/a><\/span><\/span><\/p>\n<p style=\"text-align: justify;\"><span style=\"color: #000000;\">Op 4 februari vertrekt Johann August al weer uit Konstantinopel. Hij bazuint rond dat hij terugkeert naar zijn koning in Bender. Heimelijk reist hij via Itali\u00eb naar Pommeren, onder andere met een brief van de koning voor zijn zuster Ulrike Eleonore, en een brief aan de Raad om hem na zes jaar eindelijk zijn loon uit te betalen. Gesuggereerd wordt dat hij dit deed omdat de keurvorst van Hannover had verordineerd hem dood of levend gevangen te nemen. <span style=\"color: #0000ff;\"><a style=\"color: #0000ff;\" href=\"#voetnoot\">(6)<\/a><\/span>\u00a0 <\/span><\/p>\n<p style=\"text-align: justify;\"><span style=\"color: #000000;\">Begin juli 1711 komt Johan August in Zweden aan. In het pakket papieren van de koning blijkt zijn benoeming\u00a0<\/span><span style=\"color: #000000;\">tot vice-gouverneur van Pommeren <\/span><span style=\"color: #000000;\">per 4 juli te zitten, om de stokoude gouverneur-generaal Mellin bij te staan. Hij schrijft met hem het tegen-manifest over de gruweldaden van de vijand. De koning schenkt Johan August per 23 augustus het leenrecht van het landgoed Nehringen, inclusief het aanpalende Medrow dat is vrijgekomen door het overlijden van Ridderhjelm. Bij de schenking hoort dat ook patroon van de twee kerkgemeenten is. Op 12 oktober volgt zijn benoeming tot generaal van de infanterie, hoewel zijn militie nog maar op halve sterkte is. Na generaal-majoor en luitenant-generaal is dit een stap hoger (vier sterren generaal, vergelijkbaar met admiraal). <span style=\"color: #0000ff;\"><a style=\"color: #0000ff;\" href=\"#voetnoot\">(7)<\/a><\/span><\/span><\/p>\n<p style=\"text-align: justify;\"><span style=\"color: #000000;\">Inmiddels was de Derde Turks-Russische Oorlog ontbrand, die 8 juli 1711 eindigt in een zware nederlaag voor tsaar Peter de Grote bij Proet. Hij is bereid Lijfland aan Zweden terug te geven en Karel XII naar Zweden te laten terugkeren. Zeer tot diens ongenoegen dwingt het grootvizier de tsaar niet tot overgave en \u00a0eist alleen eerder prijsgegeven Turks territorium terug. \u00a0De Zweedse koning is hierover zo boos dat hij zich de Turkse gram op het lijf haalt, het bondgenootschap wordt be\u00ebindigd en hij zelf op gewelddadige wijze gevangen wordt gezet in Demotika.<\/span><a id=\"voetnoot\"><\/a><\/p>\n<p style=\"text-align: center;\"><span style=\"color: #000000; font-size: 10pt;\"><span style=\"color: #0000ff;\"><a style=\"color: #0000ff;\" href=\"https:\/\/meijenfeldt.nl\/?page_id=161\">Terug<\/a><\/span>\u00a0 \u00a0***\u00a0 \u00a0<span style=\"color: #0000ff;\"><a style=\"color: #0000ff;\" href=\"https:\/\/meijenfeldt.nl\/?page_id=163\">Verder<\/a><\/span><\/span><\/p>\n<p style=\"text-align: justify;\"><span style=\"color: #000000; font-size: 10pt;\">1. Riksarkivet Sverige, 1112.1. Riksregistraturet 1523-1718, B\/647, <a href=\"https:\/\/sok.riksarkivet.se\/bildvisning\/A0039142_00156#?c=&amp;m=&amp;s=&amp;cv=155&amp;xywh=34%2C570%2C5703%2C3306\"><span style=\"color: #0000ff;\">folio 150<\/span><\/a>, &#8220;Gen: Lieutenants fullmakt&#8221;, <span style=\"color: #0000ff;\"><a style=\"color: #0000ff;\" href=\"https:\/\/sok.riksarkivet.se\/bildvisning\/A0039142_00157#?c=&amp;m=&amp;s=&amp;cv=156&amp;xywh=34%2C569%2C5703%2C3306\">folio 151<\/a>,<\/span> &#8220;\u00d6f: Commandants fullmakt&#8221; en\u00a0 <span style=\"color: #0000ff;\"><a style=\"color: #0000ff;\" href=\"https:\/\/sok.riksarkivet.se\/bildvisning\/A0039142_00158#?c=&amp;m=&amp;s=&amp;cv=157&amp;xywh=34%2C568%2C5703%2C3306\">folio 151v<\/a>,<\/span> &#8220;\u00d6fwerste fullmakt. A. <span style=\"color: #0000ff;\"><a style=\"color: #0000ff;\" href=\"https:\/\/meijenfeldt.nl\/?page_id=17538\">Stille<\/a><\/span>, \u201cKriget i Sk\u00e5ne 1710-1711\u201d, Milit\u00e4rlitteratur-f\u00f6reningens f\u00f6rlag, Stockholm 1903, schrijft dat hij al luitenant-generaal van de cavalerie was in de veldtocht in 1709. De offici\u00eble stukken uit 1708 en 1709 zijn verloren gegaan, maar de dagboeken betitelen hem in die tijd nog steeds als generaal-majoor.<br \/>\n2. S. Agrell, <\/span><span style=\"font-size: 10pt;\"><strong style=\"color: #000000;\">\u201c<\/strong><span style=\"color: #000000;\">Andre legationspredikanten vid Svenska beskickning i Konstantinopel Dagbok 1707-1713\u201d, Karolinska Krigares Dagb\u00f6cker j\u00e4mte andra samtidiga skrifter, deel 5, Lund 1909, <\/span><span style=\"color: #0000ff;\"><a style=\"color: #0000ff;\" href=\"https:\/\/meijenfeldt.nl\/?page_id=20292\">pag. 120<\/a><\/span><span style=\"color: #000000;\">.<br \/>\n<\/span><span style=\"color: #000000;\">3. A. Fryxell, \u201cBer\u00e4ttelser ur Svenska Historien\u201d, Stockholm 1823-1872, deel 24, <span style=\"color: #0000ff;\"><a style=\"color: #0000ff;\" href=\"https:\/\/meijenfeldt.nl\/?page_id=11841&amp;preview_id=11841&amp;preview_nonce=64cb945fa8&amp;_thumbnail_id=-1&amp;preview=true\">pag. 183, 189-190<\/a><\/span>.<br \/>\n4. H. Villius, \u201cOgenvitten Karl XII\u201d, Stockholm 1960, pag. 148-149. E. Carlson, \u201cDie eigenh\u00e4ndige briefe K\u00f6nig Karls XII.\u201d, Berlin 1894, <\/span><a style=\"color: #000000;\" href=\"https:\/\/books.google.nl\/books?id=U4ddDwAAQBAJ&amp;printsec=frontcover&amp;dq=Carlson,+%E2%80%9CDie+eigenh%C3%A4ndige+briefe+K%C3%B6nig+Karls+XII&amp;hl=en&amp;sa=X&amp;ved=0ahUKEwjtlbDQg_zdAhVMKFAKHfemCGsQ6AEIDDAA#v=onepage&amp;q=Carlson%2C%20%E2%80%9CDie%20eigenh%C3%A4ndige%20briefe%20K%C3%B6nig%20Karls%20XII&amp;f=false\"><span style=\"color: #0000ff;\">pag. 108-112<\/span><\/a><span style=\"color: #000000;\">. J.A. Nordberg, <\/span><span style=\"color: #000000;\">\u201cKonung Carl den XII: tes historia\u201d, Stockholm 1740, deel 2, <span style=\"color: #0000ff;\"><a style=\"color: #0000ff;\" href=\"https:\/\/meijenfeldt.nl\/?page_id=9129\">pag. 471<\/a><\/span>. E. Tengberg, <\/span><span style=\"color: #000000;\">\u201cFr\u00e5n Poltava till Bender, en studie i Karl XII:s Turkiska Politik 1709-<\/span><span style=\"color: #000000;\">1713\u2033, Lund 1953,\u00a0<\/span><a style=\"color: #000000;\" href=\"https:\/\/books.google.se\/books?hl=sv&amp;id=k59MAAAAMAAJ&amp;dq=F.F.+Carlson%2C+%E2%80%9CSveriges+Historia+under+Karl+den+tolftes+regering%E2%80%9D%2C&amp;focus=searchwithinvolume&amp;q=Meijerfeldt\"><span style=\"color: #0000ff;\">pag. 106, noot 35<\/span><\/a><span style=\"color: #000000;\">. C. Coroban, \u201cBritish reactions to Charles XII\u2019s stay in the Ottoman Empire\u201d, 2011, pag. 45-46.<br \/>\n<\/span><span style=\"color: #000000;\">5. Ch. Chefer, \u201cMemoires de ce qui s\u2019est pass\u00e9 de plus consid\u00e9rable dans le nord depuis l\u2019annee 1700 jusques en 1710, et le caract\u00e8re des princes qui y ont eu part\u201d, Jean Louis d\u2019Usson, Marquis de Bonac, in: Revue d\u2019Histoire Diplomatique, Parijs 1888, <span style=\"color: #0000ff;\"><a style=\"color: #0000ff;\" href=\"https:\/\/gallica.bnf.fr\/ark:\/12148\/bpt6k9633248j\/f637.image.r=meijerfelt?rk=42918;4\">pag. 625<\/a><\/span>.<br \/>\n<\/span><\/span><span style=\"color: #000000; font-size: 10pt;\">6. S. Agrell, <span style=\"color: #0000ff;\"><a style=\"color: #0000ff;\" href=\"https:\/\/meijenfeldt.nl\/?page_id=20292\">pag. 206<\/a><\/span>. De uitgever van dit dagboek tekent hierbij aan dat deze suggestie onjuist is, omdat Hannover niet in een openlijk conflict met Zweden stond.<br \/>\n7. Riksarkivet, Riksregistraturet 651, <span style=\"font-size: 10pt;\"><span style=\"color: #000000;\">\u00d6pen Bref, 23 augustus 1711,<\/span><\/span> <span style=\"color: #0000ff;\"><a style=\"color: #0000ff;\" href=\"https:\/\/sok.riksarkivet.se\/bildvisning\/A0039146_00325#?c=&amp;m=&amp;s=&amp;cv=324&amp;xywh=247%2C216%2C4753%2C2755\">folio 315v<\/a><\/span>, en 12 oktober 1711, <span style=\"color: #0000ff;\"><a style=\"color: #0000ff;\" href=\"https:\/\/sok.riksarkivet.se\/bildvisning\/A0039146_00387#?c=&amp;m=&amp;s=&amp;cv=386&amp;xywh=232%2C478%2C4753%2C2755\">folio 378<\/a><\/span>.<\/span><\/p>\n","protected":false},"excerpt":{"rendered":"<p>Op 30 augustus 1710 benoemt koning Karel XII Johann August von Meijerfeldt tot luitenant-generaal van de infanterie, oppercommandant van Stettin (Sczeczin) en kolonel van een regiment Stettinse landmilitie die naar 1000 man voetvolk moet groeien. (1) In die hoedanigheid lukt het hem in Hamburg niet vrede met de Denen te sluiten. De koning draagt hem &hellip; <a href=\"https:\/\/meijenfeldt.nl\/?page_id=20637\" class=\"more-link\">Verder lezen <span class=\"screen-reader-text\">1.6.2. Konstantinopel<\/span><\/a><\/p>\n","protected":false},"author":1,"featured_media":0,"parent":0,"menu_order":0,"comment_status":"closed","ping_status":"closed","template":"","meta":{"footnotes":""},"class_list":["post-20637","page","type-page","status-publish","hentry"],"_links":{"self":[{"href":"https:\/\/meijenfeldt.nl\/index.php?rest_route=\/wp\/v2\/pages\/20637","targetHints":{"allow":["GET"]}}],"collection":[{"href":"https:\/\/meijenfeldt.nl\/index.php?rest_route=\/wp\/v2\/pages"}],"about":[{"href":"https:\/\/meijenfeldt.nl\/index.php?rest_route=\/wp\/v2\/types\/page"}],"author":[{"embeddable":true,"href":"https:\/\/meijenfeldt.nl\/index.php?rest_route=\/wp\/v2\/users\/1"}],"replies":[{"embeddable":true,"href":"https:\/\/meijenfeldt.nl\/index.php?rest_route=%2Fwp%2Fv2%2Fcomments&post=20637"}],"version-history":[{"count":43,"href":"https:\/\/meijenfeldt.nl\/index.php?rest_route=\/wp\/v2\/pages\/20637\/revisions"}],"predecessor-version":[{"id":73247,"href":"https:\/\/meijenfeldt.nl\/index.php?rest_route=\/wp\/v2\/pages\/20637\/revisions\/73247"}],"wp:attachment":[{"href":"https:\/\/meijenfeldt.nl\/index.php?rest_route=%2Fwp%2Fv2%2Fmedia&parent=20637"}],"curies":[{"name":"wp","href":"https:\/\/api.w.org\/{rel}","templated":true}]}}