{"id":20601,"date":"2019-10-22T20:01:57","date_gmt":"2019-10-22T20:01:57","guid":{"rendered":"http:\/\/meijenfeldt.nl\/?page_id=20601"},"modified":"2023-01-20T09:48:11","modified_gmt":"2023-01-20T09:48:11","slug":"stenbok","status":"publish","type":"page","link":"https:\/\/meijenfeldt.nl\/?page_id=20601","title":{"rendered":"Stenbock"},"content":{"rendered":"<p style=\"text-align: justify;\"><span style=\"font-size: 14pt;\"><strong><span style=\"color: #000000;\">Magnus Stenbock, Karolinska Krigares Dagb\u00f6cker j\u00e4mte andra samtida skrifter, deel 12, Lund 1918.<\/span><\/strong><\/span><\/p>\n<p style=\"text-align: justify;\"><span style=\"color: #000000;\"><b><i>K\u00e5rt Deduction af den Expedition mig uppdragen wart af Kongl: Maij:t in utj wijta Ryssland: till samman satt Marienburg d: 26. Martii 1704.<\/i><\/b><\/span><\/p>\n<p style=\"text-align: justify;\"><span style=\"color: #000000;\"><span style=\"color: #0000ff;\"><a style=\"color: #0000ff;\" href=\"http:\/\/runeberg.org\/karolikrig\/12\/0178.html\">Pag. 95.<\/a><\/span><\/span>\u00a0Brief kolonel M. aangehaald als bewijs.<\/p>\n<p style=\"text-align: justify;\"><span style=\"color: #000000;\"><b><i>Bilagor till M.S:s Journal, Copia af Hr: \u00d6fverste Meijerfeldts bref till General Stenbock, Lublin d. 22 Januarij A:o 1703.<\/i><\/b><\/span><\/p>\n<p style=\"text-align: justify;\"><span style=\"color: #0000ff;\"><a style=\"color: #0000ff;\" href=\"http:\/\/runeberg.org\/karolikrig\/12\/0199.html\">Pag. 114-118.<\/a><\/span>\u00a0Inzake Samosz.<\/p>\n<p style=\"text-align: justify;\"><b><i>Bref och Skrifvelser till Carl XII fr\u00e5n M.S. 1702-1705.<\/i><\/b><\/p>\n<p style=\"text-align: justify;\"><span style=\"color: #0000ff;\"><a style=\"color: #0000ff;\" href=\"http:\/\/runeberg.org\/karolikrig\/12\/0217.html\">Pag. 130<\/a><\/span>. Brief 12 oktober 1702 inzake tekorten.<\/p>\n<p style=\"text-align: justify;\"><span style=\"color: #0000ff;\"><a style=\"color: #0000ff;\" href=\"http:\/\/runeberg.org\/karolikrig\/12\/0222.html\">Pag. 133-135<\/a><\/span>. Brief Dombrowa 25 oktober 1702 met verzoek 600 paarden en 700 knechten van M, met verwijzing naar antwoord Carl 16 november in E. Carlson, nr. 192.<\/p>\n<p style=\"text-align: justify;\"><span style=\"color: #0000ff;\"><a style=\"color: #0000ff;\" href=\"http:\/\/runeberg.org\/karolikrig\/12\/0314.html\">Pag. 225<\/a><\/span>. Brief Dantzig 2 februari 1704.<\/p>\n<p style=\"text-align: justify;\"><span style=\"color: #0000ff;\"><a style=\"color: #0000ff;\" href=\"http:\/\/runeberg.org\/karolikrig\/12\/0320.html\">Pag. 231<\/a><\/span>. Brief Dantzig 15 april 1704, brief M.<\/p>\n<p style=\"text-align: justify;\"><span style=\"color: #0000ff;\"><a style=\"color: #0000ff;\" href=\"http:\/\/runeberg.org\/karolikrig\/12\/0323.html\">Pag. 234<\/a><\/span>. Brief Dantzig 24 april 1704, bericht M.<\/p>\n<p style=\"text-align: justify;\"><span style=\"color: #0000ff;\"><a style=\"color: #0000ff;\" href=\"http:\/\/runeberg.org\/karolikrig\/12\/0346.html\">Pag. 257<\/a><\/span>. Brief Przederz 11 juli 1704, M. is 3 mijl achter Taube, die 3 mijl achter Stenbok is.<\/p>\n<p style=\"text-align: justify;\"><span style=\"color: #0000ff;\"><a style=\"color: #0000ff;\" href=\"http:\/\/runeberg.org\/karolikrig\/12\/0350.html\">Pag. 261-262<\/a><\/span>. Brief 1704<\/p>\n<table style=\"border-collapse: collapse; width: 100%; height: 2158px;\">\n<tbody>\n<tr style=\"height: 364px;\">\n<td style=\"width: 50%; height: 364px;\">S\u00e5som een wiss Meijerfelt*) den sig f\u00f6r \u00d6fwerst Lieutenant titulera l\u00e5ter, sig icke allenast, n\u00e4r iag honom \u00e5 Embetes w\u00e4gnar till mig kalla l\u00e5tit, Eders Maij:tz h\u00f6ga autorit\u00e9t att Souttenera och all confusion att hemma, icke allenast mig med f\u00f6racktelige ord och all dispect bem\u00f6tt,<br \/>\nutan och skall hafwa f\u00e4lt p\u00e5 min baak inf\u00f6r, b\u00e5de fr\u00e4mmande puissencers officerare, som ock f\u00f6r Eders Kongl. Maijrtz egna, s\u00e5danne ord att dhe der\u00f6fwer faasade, i dy derigenom<\/td>\n<td style=\"width: 50%; height: 364px;\"><\/td>\n<\/tr>\n<tr style=\"height: 336px;\">\n<td style=\"width: 50%; height: 336px;\"><span style=\"font-family: georgia, palatino, serif; font-size: 10pt;\">*) F\u00f6rmodligen Wolmar M. yngre broder till Johan August. <\/span><span style=\"font-family: georgia, palatino, serif; font-size: 10pt;\">Det fanns en \u00e4ldre, Carl Fredrik, som blef \u00f6fv.-l\u00f6jtnant 1703, senare <\/span><span style=\"font-family: georgia, palatino, serif; font-size: 10pt;\">\u00f6fverste vid \u00d6sterbottens reg. och som stupade vid Poltava. Om <\/span><span style=\"font-family: georgia, palatino, serif; font-size: 10pt;\">Wolmar M. anm\u00e4rka \u00e4ttartaflorna, att han \u00bbtj\u00e4nte sig upp till<\/span><br \/>\n<span style=\"font-family: georgia, palatino, serif; font-size: 10pt;\">\u00f6fv.-l\u00f6jtnant\u00bb utan att till\u00e4gga n\u00e4r eller hvar. Till hans meritlista h\u00f6r vidare, <\/span><span style=\"font-family: georgia, palatino, serif; font-size: 10pt;\">att han till sist blef \u00f6fverste och general i rysk tj\u00e4nst.<\/span><br \/>\n<span style=\"font-family: georgia, palatino, serif; font-size: 10pt;\">D\u00e5 C. F. M. stod p\u00e5 en annan krigsteater, den baltiska, m\u00e5ste <\/span><span style=\"font-family: georgia, palatino, serif; font-size: 10pt;\">det s\u00e5ledes vara fr\u00e5ga om W. M. Sannolikt har han tj\u00e4nat vid broderns <\/span><span style=\"font-family: georgia, palatino, serif; font-size: 10pt;\">nyv\u00e4rfvade dragonreg.<\/span><\/td>\n<td style=\"width: 50%; height: 336px;\"><\/td>\n<\/tr>\n<tr style=\"height: 1430px;\">\n<td style=\"width: 50%; height: 1430px;\">eij mindre touscherandes den autorit\u00e9t iag \u00e5 Eders Maij:tz w\u00e4gnar pr\u00e6sentera b\u00f6r, utan och min reputation och heder en particulier; Alts\u00e5 flyr iag i diupesta underd\u00e5nigheet till Eders Kongl. Maij:tz h\u00f6ga n\u00e5d ock beskydd, som den om min aldran\u00e5digste Konungz mildheet emoth mig mehr \u00e4n giltiga preuves har \u00e5thniutit, bediandes aldran\u00e5digste Konung p\u00e5 det aldraunderd\u00e5nigste, att denne H. Meijerfelt eij m\u00e5 hafwa dispecterat mig f\u00f6rgi\u00e4fwes, utan m\u00e5 f\u00f6r et slijkt br\u00e5tt och tilfogad sijdwyrdnat ansees effter Eders Kongl. Maij:tz Krigzarticlar. Jag f\u00f6rtr\u00f6star mig om Eders Kongl. Maij:tz h\u00f6ga n\u00e5d och maintien, s\u00e5 mycket mehr, som iag weet att Eders Kongl. Maij:tz och det h\u00f6ga interesse och tienst, eij kan t\u00e5hla att n\u00e5gon den fornemste eller ringaste uthi Subordinationen, f\u00e5r, n\u00e4r han ex officio tiltales, resonera eller gifwa sp\u00e5tska ord, utan det b\u00f6r warligen och med respect tillg\u00e5. Jag har Gudi skee l\u00e5\u00e5f in till denne stund s\u00e5 tient Eders Kongl. Maij:t, s\u00e5 att iag derigenom Gudi wari l\u00e5f f\u00f6rw\u00e4rfwat mig Eders Kongl. Maij:tz n\u00e5d, och heela arm\u00e9ens w\u00e4nskap ock ki\u00e4rleek, och g\u00e5r mig s\u00e5 mycket h\u00f6gre till sinnes att een dens meriter heelt obekanta, skall t\u00f6ras mig fast \u00e4n Een Eders Maij:tz ow\u00e4rdige General Major f\u00f6reskrifwa p\u00e5 hans Sujeet een ny och particulier conduite,<br \/>\nder ingen intil datum om mit h\u00e4rtills f\u00f6rde commendo n\u00e5gonsin sig besw\u00e4rat. Ytterligare kastar iag mig \u00e4n till Eders Kongl. Maij:tz f\u00f6tter som den med all devotion och wyrdnat med sin sidsta blodz droppa t\u00e4nker att betyga sig waraStorm\u00e4chtigste Konungz<br \/>\nalldran\u00e5digste herres<br \/>\nEders Kongl. Maij:tz<\/p>\n<p>aldra underd\u00e5nigaste<br \/>\noch trooplichtigaste unders\u00e5te<br \/>\n<em>Af. Stenbock m. p.<\/em><\/td>\n<td style=\"width: 50%; height: 1430px;\"><\/td>\n<\/tr>\n<tr style=\"height: 28px;\">\n<td style=\"width: 50%; height: 28px;\"><span style=\"font-family: georgia, palatino, serif; font-size: 10pt;\">[Skrifvelsen odaterad, men den ligger i samma konvolut som 1704 \u00e5rs bref. D\u00e5 S. h\u00e4r kallar sig gen.-major, h\u00f6r den ocks\u00e5 dit. <\/span><span style=\"font-family: georgia, palatino, serif; font-size: 10pt;\">Tvisten mellan honom och J. A. Meijerfelt h\u00f6r emellertid till 1705].<\/span><\/td>\n<td style=\"width: 50%; height: 28px;\"><\/td>\n<\/tr>\n<\/tbody>\n<\/table>\n<p style=\"text-align: justify;\"><span style=\"color: #0000ff;\"><a style=\"color: #0000ff;\" href=\"http:\/\/runeberg.org\/karolikrig\/12\/0359.html\">Pag. 270.<\/a><\/span> Brief Elbing 15 april 1705. M. vervangt Stenbok.<\/p>\n<p style=\"text-align: justify;\"><span style=\"color: #0000ff;\"><a style=\"color: #0000ff;\" href=\"http:\/\/runeberg.org\/karolikrig\/12\/0362.html\">Pag. 273-280<\/a><\/span>. Marienburg 15 juli 1705. Twist Stenbok met M.<\/p>\n","protected":false},"excerpt":{"rendered":"<p>Magnus Stenbock, Karolinska Krigares Dagb\u00f6cker j\u00e4mte andra samtida skrifter, deel 12, Lund 1918. K\u00e5rt Deduction af den Expedition mig uppdragen wart af Kongl: Maij:t in utj wijta Ryssland: till samman satt Marienburg d: 26. Martii 1704. Pag. 95.\u00a0Brief kolonel M. aangehaald als bewijs. Bilagor till M.S:s Journal, Copia af Hr: \u00d6fverste Meijerfeldts bref till General &hellip; <a href=\"https:\/\/meijenfeldt.nl\/?page_id=20601\" class=\"more-link\">Verder lezen <span class=\"screen-reader-text\">Stenbock<\/span><\/a><\/p>\n","protected":false},"author":1,"featured_media":0,"parent":0,"menu_order":0,"comment_status":"closed","ping_status":"closed","template":"","meta":{"footnotes":""},"class_list":["post-20601","page","type-page","status-publish","hentry"],"_links":{"self":[{"href":"https:\/\/meijenfeldt.nl\/index.php?rest_route=\/wp\/v2\/pages\/20601","targetHints":{"allow":["GET"]}}],"collection":[{"href":"https:\/\/meijenfeldt.nl\/index.php?rest_route=\/wp\/v2\/pages"}],"about":[{"href":"https:\/\/meijenfeldt.nl\/index.php?rest_route=\/wp\/v2\/types\/page"}],"author":[{"embeddable":true,"href":"https:\/\/meijenfeldt.nl\/index.php?rest_route=\/wp\/v2\/users\/1"}],"replies":[{"embeddable":true,"href":"https:\/\/meijenfeldt.nl\/index.php?rest_route=%2Fwp%2Fv2%2Fcomments&post=20601"}],"version-history":[{"count":8,"href":"https:\/\/meijenfeldt.nl\/index.php?rest_route=\/wp\/v2\/pages\/20601\/revisions"}],"predecessor-version":[{"id":52928,"href":"https:\/\/meijenfeldt.nl\/index.php?rest_route=\/wp\/v2\/pages\/20601\/revisions\/52928"}],"wp:attachment":[{"href":"https:\/\/meijenfeldt.nl\/index.php?rest_route=%2Fwp%2Fv2%2Fmedia&parent=20601"}],"curies":[{"name":"wp","href":"https:\/\/api.w.org\/{rel}","templated":true}]}}