{"id":20267,"date":"2019-10-05T13:27:32","date_gmt":"2019-10-05T13:27:32","guid":{"rendered":"http:\/\/meijenfeldt.nl\/?page_id=20267"},"modified":"2019-10-24T20:02:12","modified_gmt":"2019-10-24T20:02:12","slug":"siltmann","status":"publish","type":"page","link":"https:\/\/meijenfeldt.nl\/?page_id=20267","title":{"rendered":"Siltmann"},"content":{"rendered":"<p style=\"text-align: justify;\"><span style=\"color: #000000; font-size: 14pt;\"><strong>D.N. von Siltmann, \u201c\u2018Volunt\u00e4ren\u2019 vid Swenska Arm\u00e9n Preussiske \u00f6fverstl\u00f6jtnanten baron D.N. v. Siltmanns Dagbok 1708-1709\u201d, Karolinska Krigares Dagb\u00f6cker j\u00e4mte andra samtida skrifter, deel 3, Lund 1907.<\/strong><\/span><\/p>\n<p><span style=\"color: #0000ff;\"><a style=\"color: #0000ff;\" href=\"http:\/\/runeberg.org\/karolikrig\/3\/0310.html\">pag. 260<\/a><\/span><\/p>\n<p>21. (augustus 1708). M. terug in het kamp.<\/p>\n<p><span style=\"color: #0000ff;\"> <a style=\"color: #0000ff;\" href=\"http:\/\/runeberg.org\/karolikrig\/3\/0315.html\">pag. 265-266<\/a><\/span><\/p>\n<p>18. (september 1708). M\u2019s regiment.<\/p>\n<p><span style=\"color: #0000ff;\"> <a style=\"color: #0000ff;\" href=\"http:\/\/runeberg.org\/karolikrig\/3\/0322.html\">pag. 272<\/a><\/span><\/p>\n<p style=\"text-align: justify;\">16. (oktober 1708). Colonne onder M. weggemarcheerd.<\/p>\n<p><span style=\"color: #0000ff;\"><a style=\"color: #0000ff;\" href=\"http:\/\/runeberg.org\/karolikrig\/3\/0358.html\">pag. 308<\/a><\/span><\/p>\n<p>1. (mei 1709). Brief van generaal-majoor Roos aan M.<\/p>\n<p><span style=\"color: #0000ff;\"><a style=\"color: #0000ff;\" href=\"http:\/\/runeberg.org\/karolikrig\/3\/0362.html\">pag. 312<\/a><\/span><\/p>\n<p style=\"text-align: justify;\">23. (mei 1709). Piper vertrelt over de Pruisische minister graaf Doha over aanbod van een pas vanwege zijn beenbreuk.<\/p>\n<p><a href=\"http:\/\/runeberg.org\/karolikrig\/3\/0370.html\"><span style=\"color: #0000ff;\">pag. 320<\/span><\/a><\/p>\n<p>16. (juni 1709). Avondeten met M.<\/p>\n<p><span style=\"color: #0000ff;\"><a style=\"color: #0000ff;\" href=\"http:\/\/runeberg.org\/karolikrig\/3\/0381.html\">pag. 331<\/a> <\/span><\/p>\n<p style=\"text-align: justify;\">30. (juni 1709). <i>mitlerweile der Generalmajor Meijerfeld nach denen Moscovitern abgesandt, um zu sehen, ob sein Schwager der Graf Piper noch lebte und auszubitten, dass er nur auf etl. Stunden d\u00f6rffte \u00fcberkommen, er wolte so lang in dessen Stelle verbleiben, auf diesse Zur\u00fcckkunfft Ihro May. mich auch vertr\u00f6stet;<\/i><\/p>\n<p><a href=\"http:\/\/runeberg.org\/karolikrig\/3\/0387.html\"><span style=\"color: #0000ff;\">pag. 337<\/span><\/a><\/p>\n<p style=\"text-align: justify;\">7. (augustus 1707). M. wordt naar Stockholm gezonden.<\/p>\n","protected":false},"excerpt":{"rendered":"<p>D.N. von Siltmann, \u201c\u2018Volunt\u00e4ren\u2019 vid Swenska Arm\u00e9n Preussiske \u00f6fverstl\u00f6jtnanten baron D.N. v. Siltmanns Dagbok 1708-1709\u201d, Karolinska Krigares Dagb\u00f6cker j\u00e4mte andra samtida skrifter, deel 3, Lund 1907. pag. 260 21. (augustus 1708). M. terug in het kamp. pag. 265-266 18. (september 1708). M\u2019s regiment. pag. 272 16. (oktober 1708). Colonne onder M. weggemarcheerd. pag. 308 1. &hellip; <a href=\"https:\/\/meijenfeldt.nl\/?page_id=20267\" class=\"more-link\">Verder lezen <span class=\"screen-reader-text\">Siltmann<\/span><\/a><\/p>\n","protected":false},"author":1,"featured_media":0,"parent":0,"menu_order":0,"comment_status":"closed","ping_status":"closed","template":"","meta":{"footnotes":""},"class_list":["post-20267","page","type-page","status-publish","hentry"],"_links":{"self":[{"href":"https:\/\/meijenfeldt.nl\/index.php?rest_route=\/wp\/v2\/pages\/20267","targetHints":{"allow":["GET"]}}],"collection":[{"href":"https:\/\/meijenfeldt.nl\/index.php?rest_route=\/wp\/v2\/pages"}],"about":[{"href":"https:\/\/meijenfeldt.nl\/index.php?rest_route=\/wp\/v2\/types\/page"}],"author":[{"embeddable":true,"href":"https:\/\/meijenfeldt.nl\/index.php?rest_route=\/wp\/v2\/users\/1"}],"replies":[{"embeddable":true,"href":"https:\/\/meijenfeldt.nl\/index.php?rest_route=%2Fwp%2Fv2%2Fcomments&post=20267"}],"version-history":[{"count":4,"href":"https:\/\/meijenfeldt.nl\/index.php?rest_route=\/wp\/v2\/pages\/20267\/revisions"}],"predecessor-version":[{"id":20620,"href":"https:\/\/meijenfeldt.nl\/index.php?rest_route=\/wp\/v2\/pages\/20267\/revisions\/20620"}],"wp:attachment":[{"href":"https:\/\/meijenfeldt.nl\/index.php?rest_route=%2Fwp%2Fv2%2Fmedia&parent=20267"}],"curies":[{"name":"wp","href":"https:\/\/api.w.org\/{rel}","templated":true}]}}