{"id":20218,"date":"2019-10-04T19:07:07","date_gmt":"2019-10-04T19:07:07","guid":{"rendered":"http:\/\/meijenfeldt.nl\/?page_id=20218"},"modified":"2023-12-11T12:08:10","modified_gmt":"2023-12-11T12:08:10","slug":"rein","status":"publish","type":"page","link":"https:\/\/meijenfeldt.nl\/?page_id=20218","title":{"rendered":"Rein"},"content":{"rendered":"<p style=\"text-align: justify;\"><span style=\"color: #000000; font-family: georgia, palatino, serif; font-size: 14pt;\"><strong>Gabriel Rein,\u00a0\u201cKriget i Finland \u00e5ren 1788, 1789 och 1790\u201d, deel 1, in &#8220;Bidrag till K\u00e4nnedom af Finlands Natur och Folk&#8221;, deel 3, Finska Vetenskaps-Societeten, Helsingfors 1860.<\/strong><\/span><\/p>\n<p style=\"text-align: justify;\"><span style=\"color: #000000;\"><span style=\"color: #0000ff;\"><a style=\"color: #0000ff;\" href=\"http:\/\/runeberg.org\/bkfnf\/3\/0007.html\">Pag. III-IV<\/a><\/span>. Voorwoord.<\/span><\/p>\n<table style=\"width: 95.3704%;\">\n<tbody>\n<tr>\n<td style=\"width: 46.0114%;\"><span style=\"color: #000000; font-family: georgia, palatino, serif; font-size: 12pt;\">\u00c5r 1858 \u00f6ppnades i Universitetets konsistorium h\u00e4rst\u00e4des ett ditintills i kassahvalfvet f\u00f6rvaradt konvolut, hvilket befanns f\u00f6rsedt med trefaldigt omslag. Det \u00f6fversta f\u00f6rsegladt med Alexanders-Universitetets sigill och anvisning att det finge \u00f6ppnas \u00e5r 1856, det andra med erkebiskop Tengstr\u00f6ms sigill och p\u00e5skrift: \u201eF\u00e4ltmarskalken grefve Meyerfelts enskilta correspondence med K. Gustaf III och Hertigen af S\u00f6dermanland \u00e5ren 1788\u20141790, sk\u00e4nkte af Grefvinnan Meyerfelt till Universitetet i \u00c5bo\u201d, och det innersta, f\u00f6rsegladt med sigill, som framst\u00e4ller Meyerfeltska och Sparreska vapnen f\u00f6renade, jemte p\u00e5skrift \u201ePrivata Brefver ifr\u00e5n Generalarne m. m. som vidare b\u00f6ra genomses.&#8221; Om n\u00e4rmare tillg\u00e5ngen huru och tiden n\u00e4r dessa handlingar kommit i Universitetets v\u00e4rjo har i v\u00e5ra handlingar ingen upplysning kunnat p\u00e5finnas. Endast uti en f\u00f6rteckning \u00f6fver angel\u00e4gna handlingar, hvilka i kassahvalfvet b\u00f6ra f\u00f6rvaras, finnas de upptecknade, jemte en af erkebiskop Tengstr\u00f6m \u00e5r 1817 gjord egenh\u00e4ndig anteckning, att han uttagit dem, f\u00f6r alt f\u00f6rvaras uti Porthanska manuskriptkistan. Icke dess mindre f\u00f6rekomma samma papper, n\u00e5gra sidor l\u00e4ngre bort, \u00e5ter ibland handlingarne f\u00f6rtecknade, och m\u00e5ste s\u00e5ledes till Universitetet blifvit \u00e5terst\u00e4llda. Detta kan dock icke hafva skett f\u00f6rr \u00e4n \u00c5bo h\u00f6gskola erh\u00e5llit sin nya ben\u00e4mning af Alexanders-Universitet, och troligen \u00e5ren 1828 eller 1829, emedan \u00e5 det \u00f6fversta konvolutet jemte Universitetets sigill \u00e4fven finnes p\u00e5tryckt framlidne professoren Myreens, hvilken de n\u00e4mnde \u00e5ren bekl\u00e4dde rektoratet. Sannolikt hafva grefvinnan Meyerfelts (f\u00f6dd Sparre) arfvingar, efter hennes \u00e5r 1806 intr\u00e4ffade d\u00f6d, lemnat samlingen till biskop Tengstr\u00f6m, s\u00e5som Universitetets d\u00e5varande prokansler, f\u00f6r att genom hans f\u00f6rsorg till beh\u00f6rig ort befordras. M\u00f6jligen hade denne, d\u00e5 han 1817 uttog handlingarne, utgallrat en del och inlagt dem i Porthanska manuskriptkistan, [hvilken jemv\u00e4l \u00e5 Universitetet f\u00f6waras men f\u00f6rst \u00e5r 1900 kommer att \u00f6ppnas], hvaremot resten, s\u00e5lunda <\/span><br \/>\n<span style=\"color: #000000; font-family: georgia, palatino, serif; font-size: 12pt;\">f\u00f6rvarad, som den vid \u00f6ppnandet befanns, \u00e5terst\u00e4lldes f\u00f6r att 50 \u00e5r efter \u00e4garinnans d\u00f6d uppbrytas. D\u00e5 Universitetets samlingar och vigtigare handlingar, under sednaste krig, varit <\/span><br \/>\n<span style=\"color: #000000; font-family: georgia, palatino, serif; font-size: 12pt;\">undanskaffade till det inre af landet, hade \u00e4fven detta konvolut medf\u00f6ljt till Tavastehus, och dess \u00f6ppnande s\u00e5lunda blifvit f\u00f6rdr\u00f6jdt. Vid genomg\u00e5endet af dessa bref befanns intet enda af K. Gustaf eller hertig Karl, men deremot ett betydligt antal, nittio och n\u00e5gra privata skrifvelser af generaler och andra bef\u00e4lhafvare under 1788\u20141790 \u00e5rens krig, afl\u00e5tne till d\u00e5varande generall\u00f6jtnanten, sluteligen f\u00e4ltmarskalken grefve Meyerfelt. Undertecknad hyste genast den \u00f6nskan att g\u00f6ra dem f\u00f6r allm\u00e4nheten tillg\u00e4ngliga. Vid n\u00e4rmare granskning befunnos de dock till sitt inneh\u00e5ll vara s\u00e5 beskaffade, att de, ensamt utgifne, sv\u00e5rligen kunde v\u00e4cka st\u00f6rre interesse; han besl\u00f6t derf\u00f6re att g\u00f6ra denna f\u00f6r Finland och Sverige s\u00e5 minnesv\u00e4rda tid till f\u00f6rem\u00e5l f\u00f6r historisk bearbetning, och l\u00e5ta de Meyerfeltska pappren, s\u00e5som bihang, till n\u00e4rmare belysning af d\u00e5varande f\u00f6rh\u00e5llanden, medf\u00f6lja. I denna sin afsigt bestyrktes han ytterligare derigenom, att \u00e4fven n\u00e5gra andra f\u00f6rut ok\u00e4nda handlingar blifvit f\u00f6r honom tillg\u00e4ngliga, ibland hvilka <\/span><br \/>\n<span style=\"font-family: georgia, palatino, serif; font-size: 12pt;\"><span style=\"color: #000000;\">f\u00f6retr\u00e4desvis m\u00e5 n\u00e4mnas en verksam deltagares i den tidens h\u00e4ndelser, d\u00e5varande majoren, sluteligen generall\u00f6jtnanten och kommend\u00f6ren Ge. Henr. J\u00e4gerhorns efterlemnade papper, af hvilka en del, genom dess arfvingar, ben\u00e4get blifvit till begagnande meddelade, och f\u00e5r han derf\u00f6re h\u00e4r offentligen framf\u00f6ra sin stora f\u00f6rbindelse och tacksamhet. F\u00f6r \u00f6friga begagnade k\u00e4llor \u00e4r redogjordt i sjelfva arbetet, hvars forts\u00e4ttning n\u00e4stkommande \u00e5r torde utkomma, s\u00e5 vidt ett annat under h\u00e4nder varande litter\u00e4rt f\u00f6retag lemnar ledighet. <\/span><span style=\"color: #000000;\">Helsingfors d. 24 Okt. 1860.<\/span><\/span><\/td>\n<td style=\"width: 49.1952%;\"><span style=\"font-family: georgia, palatino, serif; font-size: 12pt;\"><span style=\"color: #000000;\">In het jaar 1858 werd geopend in de consistorie van de Universiteit hier ter stede een tot nu toe in het bankgewelf bewaarde enveloppe, waarin zich een drietal passende omslag bevonden. De bovenste is verzegeld met het zegel van de Alexanders-Universiteit en instructies om deze in het jaar 1856 te openen, de tweede met het zegel en opschrift van aartsbisschop Tengstr\u00f6m: \u201cVeldmaarschalk graaf Meyerfelt\u2019s verschillende correspondentie met K. Gustaaf III en Hertog van \u200b\u200bS\u00f6dermanland in de jaren 1788-1790, geschonken door gravin Meyerfelt aan de Universiteit van \u00c5bo\u201d, en de binnenste, verzegeld met zegel dat de wapens van Meyerfelt en Sparre verenigt, met opschrift \u201ePrivate brieven van de generaals, enz. die verder moeten worden onderzocht.&#8221; In onze documenten kon geen verdere informatie worden gevonden over op welke manier en op welk tijdstip deze documenten in bewaring kwamen bij de Universiteit. Alleen in een lijst met belangrijke documenten, die in de kluis moeten worden bewaard, wordt volgens een zelfgemaakte notitie van aartsbisschop Tengstr\u00f6m in 1817 vastgelegd dat hij ze had genomen uit alles wat in de Porthan manuscriptenkist was opgeslagen. Desalniettemin worden in dezelfde papieren, een paar pagina&#8217;s verder, de documenten opnieuw soms ingeschreven, en moeten derhalve aan de Universiteit ter hand zijn gesteld. Dit kan echter niet zijn gebeurd voordat de Hogeschool \u00c5bo haar nieuwe benaming Alexanders-Universiteit heeft gekregen, waarschijnlijk in 1828 of 1829, aangezien op de bovenste envelop met het universitaire zegel ook is opgedrukt wijlen professor Myreens, die in de genoemde jaren het rectoraat bekleedde. Kennelijk hebben de erfgenamen van gravin Meyerfelt (geboren Sparre), na haar door in het jaar 1806, de collectie overhandigd aan bisschop Tengstr\u00f6m, de toenmalige plaatsvervangend kanselier van de universiteit, om met zorg te bestemder plekke bewaard te worden. Mogelijk had hij er, toen hij de documenten er in 1817 uit haalde, een paar uitgesneden en in de manuscriptenkist van Porthan geplaatst, [die nog steeds in de universiteit is opgeslagen, maar pas in 1900 zal alles worden geopend], terwijl de rest dus opgeslagen zoals deze bij de opening werd gevonden, hersteld 50 jaar na het overlijden van de eigenaar opengebroken. Omdat de collecties en belangrijkere documenten van de Universiteit tijdens de laatste (<em>Krim \u2013 HvM<\/em>) oorlog in het binnenland waren verscholen, was ook deze envelop meegegaan naar Tavastehus en de opening daarvan werd dus vertraagd. Bij het doorkijken van deze brieven bevond zich geen van K. Gustaaf of hertog Karel, maar daarentegen een aanzienlijk aantal, negentig en enkele priv\u00e9geschriften van generaals en andere commandanten tijdens de oorlog van de jaren1788-1790 jaar, nagelaten aan de toenmalige luitenant-generaal en uiteindelijk veldmaarschalk graaf Meyerfelt. Ondergetekende had onmiddellijk de wens om deze beschikbaar te stellen voor het publiek. Bij nader inzien bleken ze echter zulke inhoud te hebben dat ze, separaat vrijgegeven, nauwelijks grote interesse konden wekken; hij besloot dit daarom te doen voor Finland en Zweden zo&#8217;n memorabele tijd als onderwerp voor historische bewerking, en liet de Meyerfeldse papieren als bijlagen opnemen voor een meer gedetailleerde verlichting van de toenmalige omstandigheden. In deze bedoeling werd hij verder bevestigd door het feit dat sommige andere voorheen onbekende documenten ook voor hem beschikbaar waren, waartussen welke bij voorkeur \u200b\u200bmag noemen een actieve deelnemer aan de evenementen van die tijd, toenmalig majoor, uiteindelijk de luitenant-generaal en commandant Ge. Hen. J\u00e4gerhorn\u2019s nagelaten papieren, waarvan een deel, via zijn erfgenamen, geneigd waren om aan de begunstigde te worden verstrekt, waardoor jij openlijk zijn grote verbondenheid en dankbaarheid kon tonen. Andere gebruikte bronnen worden gerapporteerd in het werk zelf, waarvan de voortzetting volgend jaar zal worden gepubliceerd, voor zover een ander literair bedrijf de vacature vervult.<br \/>\n<\/span><span style=\"color: #000000;\">Helsingfors, 24 oktober 1860<\/span><\/span><\/td>\n<\/tr>\n<\/tbody>\n<\/table>\n<p style=\"text-align: justify;\"><span style=\"color: #000000;\"><span style=\"color: #0000ff;\"><a style=\"color: #0000ff;\" href=\"http:\/\/runeberg.org\/bkfnf\/3\/0100.html\">Pag. 88<\/a><\/span>. M. neemt positie Armfelt over in verband met Anjala Verbond.<\/span><\/p>\n<p style=\"text-align: justify;\"><span style=\"color: #000000;\"><span style=\"color: #0000ff;\"><a style=\"color: #0000ff;\" href=\"http:\/\/runeberg.org\/bkfnf\/3\/0110.html\">Pag. 98-99<\/a><\/span>. Het wachten was op de aankomst van M. en de overname van het bevel.<\/span><\/p>\n<p style=\"text-align: justify;\"><span style=\"color: #000000;\"><span style=\"color: #0000ff;\"><a style=\"color: #0000ff;\" href=\"http:\/\/runeberg.org\/bkfnf\/3\/0123.html\">Pag. 111-112<\/a><\/span>. Brieven tussen M. Leyonhufvud en Sprengtporten.<\/span><\/p>\n<p style=\"text-align: justify;\"><span style=\"color: #000000;\"><span style=\"color: #0000ff;\"><a style=\"color: #0000ff;\" href=\"http:\/\/runeberg.org\/bkfnf\/3\/0137.html\">Pag. 125<\/a><\/span>. Elm\u00e9n mag van M. niet naar Finland overkomen.<\/span><\/p>\n<p style=\"text-align: justify;\"><span style=\"color: #000000;\"><span style=\"color: #0000ff;\"><a style=\"color: #0000ff;\" href=\"http:\/\/runeberg.org\/bkfnf\/3\/0149.html\">Pag. 137-140<\/a><\/span>. M&#8217;s houding tegenover Hertog Karel,\u00a0Klingspor en Posse.<\/span><\/p>\n<p style=\"text-align: justify;\"><span style=\"color: #000000;\"><span style=\"color: #0000ff;\"><a style=\"color: #0000ff;\" href=\"http:\/\/runeberg.org\/bkfnf\/3\/0157.html\">Pag. 145<\/a><\/span>. M&#8217;s circulaire en arrestatie van Anjala-verbondenen.<\/span><\/p>\n<p style=\"text-align: justify;\"><span style=\"color: #000000;\"><em><b>Bihang inneh\u00e5llande utdrag ur F\u00e4ltmarskalken Grefve Johan August Meyerfelts Alexanders-Universitets bibliothek tillh\u00f6riga brefsamling, f\u00f6r \u00e5ren 1788-1790.<\/b><\/em><\/span><\/p>\n<p style=\"text-align: justify;\"><span style=\"color: #000000;\">Till grefve Meyerfelts ankomna bref<\/span><\/p>\n<p style=\"text-align: justify;\"><span style=\"color: #000000;\"><span style=\"color: #0000ff;\"><a style=\"color: #0000ff;\" href=\"http:\/\/runeberg.org\/bkfnf\/3\/0171.html\">Pag. 159<\/a><\/span>. N:o 1. Ifr\u00e5n \u00d6fverstl\u00f6jtnanten baron E. A. Leyonhufvud. s.d.<\/span><\/p>\n<p><span style=\"color: #000000;\"><span style=\"color: #0000ff;\"><a style=\"color: #0000ff;\" href=\"http:\/\/runeberg.org\/bkfnf\/3\/0171.html\">Pag. 159<\/a><\/span>. N:o 2. Densamme, Ummeljoki d. 29 Aug. 1788.<\/span><\/p>\n<p style=\"text-align: justify;\"><span style=\"color: #000000;\"><span style=\"color: #0000ff;\"><a style=\"color: #0000ff;\" href=\"http:\/\/runeberg.org\/bkfnf\/3\/0172.html\">Pag. 160<\/a><\/span>. N:o 3. Tjugufyra officerares memorial ti\u00fc t. f chefen f\u00f6r Tavastehus l\u00e4ns regemente, \u00f6fversten grefve Leyonstedt. Datum Keltis d. 7 Sept. 1788.<\/span><\/p>\n<p style=\"text-align: justify;\"><span style=\"color: #000000;\"><span style=\"color: #0000ff;\"><a style=\"color: #0000ff;\" href=\"http:\/\/runeberg.org\/bkfnf\/3\/0173.html\">Pag. 161<\/a><\/span>. N:o 4. General-Intendenten vid finska arm\u00e9n general-adjutanten, \u00f6fversten baron Maur. Klingsporr. Lovisa d. 11 Sept. 1788.<\/span><\/p>\n<p><span style=\"color: #000000;\"><span style=\"color: #0000ff;\"><a style=\"color: #0000ff;\" href=\"http:\/\/runeberg.org\/bkfnf\/3\/0174.html\">Pag. 162<\/a><\/span>. N:o 5. Demsamme. Lovisa d. 13 Sept. 1788.<\/span><\/p>\n<p><span style=\"color: #000000;\"><span style=\"color: #0000ff;\"><a style=\"color: #0000ff;\" href=\"http:\/\/runeberg.org\/bkfnf\/3\/0175.html\">Pag. 163<\/a><\/span>. No. 6. Densamme. Lovisa d. 1 Oct. 1788.<\/span><\/p>\n<p><span style=\"color: #000000;\"><span style=\"color: #0000ff;\"><a style=\"color: #0000ff;\" href=\"http:\/\/runeberg.org\/bkfnf\/3\/0175.html\">Pag. 163<\/a><\/span>. No. 7. Densamme. Lovisa le 2 au soir (Oct.).<\/span><\/p>\n<p><span style=\"color: #000000;\"><span style=\"color: #0000ff;\"><a style=\"color: #0000ff;\" href=\"http:\/\/runeberg.org\/bkfnf\/3\/0176.html\">Pag. 164<\/a><\/span>. No. 8. Densamme. Lovisa d. 9 Oct. 1788.<\/span><\/p>\n<p><span style=\"color: #000000;\"><span style=\"color: #0000ff;\"><a style=\"color: #0000ff;\" href=\"http:\/\/runeberg.org\/bkfnf\/3\/0177.html\">Pag. 165<\/a><\/span>. No. 9. Densamme. Lovisa d. 26 Oct. 1788.<\/span><\/p>\n<p><span style=\"color: #000000;\"><a style=\"color: #000000;\" href=\"http:\/\/runeberg.org\/bkfnf\/3\/0178.html\"><span style=\"color: #0000ff;\">Pag. 166<\/span>.<\/a> No. 10. Densamme. ankom datum 5 Nov. 1788.<\/span><\/p>\n<p><span style=\"color: #000000;\"><span style=\"color: #0000ff;\"><a style=\"color: #0000ff;\" href=\"http:\/\/runeberg.org\/bkfnf\/3\/0179.html\">Pag. 167<\/a><\/span>. No. 11. Densamme. Borg\u00e5 d. 10 Nov. (1788).<\/span><\/p>\n<p style=\"text-align: justify;\"><span style=\"color: #000000;\"><span style=\"color: #0000ff;\"><a style=\"color: #0000ff;\" href=\"http:\/\/runeberg.org\/bkfnf\/3\/0180.html\">Pag. 168<\/a><\/span>. N:o 12. Brigadchefen i Savolax, \u00d6fverste Kurt Bogislaus Ludvig Kristofer von Steding. Bifogad en afskrift af ofvan \u00e5beropade baron Hastfers bref tili ryska generalen baron von Schultz af f\u00f6ljande inneh\u00e5ll: St. Michel d. 26 Nov. 1788. <\/span><\/p>\n<p style=\"text-align: justify;\"><span style=\"color: #000000;\"><span style=\"color: #0000ff;\"><a style=\"color: #0000ff;\" href=\"http:\/\/runeberg.org\/bkfnf\/3\/0184.html\">Pag. 172<\/a><\/span>. N:o 13. Gen. intendenten \u00d6fverste Klingsporr. Borg\u00e5 d. 4 (11?) Febr. 1789. <\/span><\/p>\n<p style=\"text-align: justify;\"><span style=\"color: #000000;\"><span style=\"color: #0000ff;\"><a style=\"color: #0000ff;\" href=\"http:\/\/runeberg.org\/bkfnf\/3\/0184.html\">Pag. 172<\/a><\/span>. N:o 14. Densamme. Borg\u00e5 d. 21 Mars 1789.<\/span><\/p>\n<p><span style=\"color: #000000;\"><span style=\"color: #0000ff;\"><a style=\"color: #0000ff;\" href=\"http:\/\/runeberg.org\/bkfnf\/3\/0185.html\">Pag. 173<\/a><\/span>. No. 15. Densamme. Borg\u00e5 d. 23 Mars 1789.<\/span><\/p>\n<p><span style=\"color: #000000;\"><em><strong>Karta<\/strong><\/em><\/span><\/p>\n<p><span style=\"color: #000000;\"><img loading=\"lazy\" decoding=\"async\" class=\"alignnone wp-image-20235\" src=\"https:\/\/meijenfeldt.nl\/wp-content\/uploads\/2019\/10\/DC089EBB-0DC4-4530-B393-C6DF138D3D87-300x230.jpeg\" alt=\"\" width=\"554\" height=\"425\" srcset=\"https:\/\/meijenfeldt.nl\/wp-content\/uploads\/2019\/10\/DC089EBB-0DC4-4530-B393-C6DF138D3D87-300x230.jpeg 300w, https:\/\/meijenfeldt.nl\/wp-content\/uploads\/2019\/10\/DC089EBB-0DC4-4530-B393-C6DF138D3D87-768x588.jpeg 768w, https:\/\/meijenfeldt.nl\/wp-content\/uploads\/2019\/10\/DC089EBB-0DC4-4530-B393-C6DF138D3D87-1024x784.jpeg 1024w, https:\/\/meijenfeldt.nl\/wp-content\/uploads\/2019\/10\/DC089EBB-0DC4-4530-B393-C6DF138D3D87.jpeg 1101w\" sizes=\"auto, (max-width: 554px) 100vw, 554px\" \/><\/span><\/p>\n","protected":false},"excerpt":{"rendered":"<p>Gabriel Rein,\u00a0\u201cKriget i Finland \u00e5ren 1788, 1789 och 1790\u201d, deel 1, in &#8220;Bidrag till K\u00e4nnedom af Finlands Natur och Folk&#8221;, deel 3, Finska Vetenskaps-Societeten, Helsingfors 1860. Pag. III-IV. Voorwoord. \u00c5r 1858 \u00f6ppnades i Universitetets konsistorium h\u00e4rst\u00e4des ett ditintills i kassahvalfvet f\u00f6rvaradt konvolut, hvilket befanns f\u00f6rsedt med trefaldigt omslag. Det \u00f6fversta f\u00f6rsegladt med Alexanders-Universitetets sigill och &hellip; <a href=\"https:\/\/meijenfeldt.nl\/?page_id=20218\" class=\"more-link\">Verder lezen <span class=\"screen-reader-text\">Rein<\/span><\/a><\/p>\n","protected":false},"author":1,"featured_media":0,"parent":0,"menu_order":0,"comment_status":"closed","ping_status":"closed","template":"","meta":{"footnotes":""},"class_list":["post-20218","page","type-page","status-publish","hentry"],"_links":{"self":[{"href":"https:\/\/meijenfeldt.nl\/index.php?rest_route=\/wp\/v2\/pages\/20218","targetHints":{"allow":["GET"]}}],"collection":[{"href":"https:\/\/meijenfeldt.nl\/index.php?rest_route=\/wp\/v2\/pages"}],"about":[{"href":"https:\/\/meijenfeldt.nl\/index.php?rest_route=\/wp\/v2\/types\/page"}],"author":[{"embeddable":true,"href":"https:\/\/meijenfeldt.nl\/index.php?rest_route=\/wp\/v2\/users\/1"}],"replies":[{"embeddable":true,"href":"https:\/\/meijenfeldt.nl\/index.php?rest_route=%2Fwp%2Fv2%2Fcomments&post=20218"}],"version-history":[{"count":21,"href":"https:\/\/meijenfeldt.nl\/index.php?rest_route=\/wp\/v2\/pages\/20218\/revisions"}],"predecessor-version":[{"id":61239,"href":"https:\/\/meijenfeldt.nl\/index.php?rest_route=\/wp\/v2\/pages\/20218\/revisions\/61239"}],"wp:attachment":[{"href":"https:\/\/meijenfeldt.nl\/index.php?rest_route=%2Fwp%2Fv2%2Fmedia&parent=20218"}],"curies":[{"name":"wp","href":"https:\/\/api.w.org\/{rel}","templated":true}]}}