{"id":20203,"date":"2019-10-04T09:57:29","date_gmt":"2019-10-04T09:57:29","guid":{"rendered":"http:\/\/meijenfeldt.nl\/?page_id=20203"},"modified":"2020-01-28T13:32:54","modified_gmt":"2020-01-28T13:32:54","slug":"mankell","status":"publish","type":"page","link":"https:\/\/meijenfeldt.nl\/?page_id=20203","title":{"rendered":"Mankell"},"content":{"rendered":"<p style=\"text-align: justify;\"><span style=\"color: #000000;\"><strong>Julius Mankell<\/strong><\/span><\/p>\n<p class=\"s3\" style=\"text-align: justify;\"><span style=\"color: #000000;\"><strong><span class=\"s2\">A. \u201cUppgifter<\/span> <span class=\"s2\">r\u00f6rande<\/span> <span class=\"s2\">svenska<\/span> <span class=\"s2\">krigsmagtens<\/span><span class=\"s2\">,\u00a0<\/span><\/strong><strong><span class=\"s2\">s<\/span><span class=\"s2\">edan <\/span><span class=\"s2\">slutet<\/span> <span class=\"s2\">af<\/span><span class=\"s2\">femtonhundratalet\u201d<\/span><span class=\"s2\">,<\/span> <span class=\"s2\">Stockholm 1865, deel\u00a0<\/span><\/strong><strong><span class=\"s2\">1,<\/span><span class=\"s2\">\u00a0\u201c<\/span><span class=\"s2\">\u00d6<\/span><span class=\"s2\">fversigt<\/span><span class=\"s2\"> af <\/span><span class=\"s2\">svenska<\/span> <span class=\"s2\">krighistoriens<\/span> <span class=\"s2\">vigtigaste<\/span> <span class=\"s2\">h\u00e4ndelser\u201d<\/span><span class=\"s2\">.<\/span><\/strong><\/span><\/p>\n<p style=\"text-align: justify;\"><span style=\"color: #000000;\"><strong><span class=\"s2\">B. \u201cUppgifter<\/span> <span class=\"s2\">r\u00f6rande<\/span> <span class=\"s2\">svenska<\/span> <span class=\"s2\">krigsmagtens<\/span><span class=\"s2\">,\u00a0<\/span><\/strong><strong><span class=\"s2\">s<\/span><span class=\"s2\">edan <\/span><span class=\"s2\">slutet<\/span> <span class=\"s2\">af<\/span><span class=\"s2\">femtonhundratalet\u201d<\/span><span class=\"s2\">,<\/span> <span class=\"s2\">Stockholm 1865, deel\u00a02. \u201cStyrka, sammans\u00e4ttning och f\u00f6rdelning\u201d.<\/span><\/strong><\/span><\/p>\n<p style=\"text-align: justify;\"><span style=\"color: #000000;\"><strong>C. \u201cAnteckningar r\u00f6rande svenska regementernas historia\u201d, \u00d6rebro 1866.<\/strong><\/span><\/p>\n<p style=\"text-align: justify;\"><span style=\"color: #000000;\"><strong>D. \u201cAnteckningar r\u00f6rdande Finska Arm\u00e9ens och Finlands Krigshistoria, s\u00e4rskildt met afseende p\u00e5 krigen emellan Sverige och Ryssland \u00e5ren 1788-1790 samt 1808-1809&#8243;, deel 1, Stockholm 1870.<\/strong><\/span><\/p>\n<p style=\"text-align: justify;\"><span style=\"color: #000000;\"><strong>A.<\/strong><\/span><\/p>\n<p><span style=\"color: #0000ff;\"><a style=\"color: #0000ff;\" href=\"https:\/\/babel.hathitrust.org\/cgi\/pt?id=umn.31951p00224680l&amp;view=1up&amp;seq=376\"><span class=\"s4\">Pag<\/span><span class=\"s4\">. 358<\/span><\/a><\/span><\/p>\n<p class=\"s3\"><span class=\"s5\">Dantzig<\/span><\/p>\n<p><a href=\"https:\/\/babel.hathitrust.org\/cgi\/pt?id=umn.31951p00224680l&amp;view=1up&amp;seq=378\"><span class=\"s4\"><span style=\"color: #0000ff;\">Pag. 36<\/span><\/span><span class=\"s4\" style=\"color: #0000ff;\">0-362<\/span><\/a><\/p>\n<p><span class=\"s5\">Posen<\/span><\/p>\n<p><span style=\"color: #0000ff;\"><a style=\"color: #0000ff;\" href=\"https:\/\/babel.hathitrust.org\/cgi\/pt?id=umn.31951p00224680l&amp;view=1up&amp;seq=382\"><span class=\"s4\">Pag<\/span><span class=\"s4\">. 3<\/span><span class=\"s4\">64-365<\/span><\/a><\/span><\/p>\n<p><span class=\"s5\">Regiment <\/span><span class=\"s5\">aansterken<\/span><\/p>\n<p><a href=\"https:\/\/babel.hathitrust.org\/cgi\/pt?id=umn.31951p00224680l&amp;view=1up&amp;seq=396\"><span class=\"s4\"><span style=\"color: #0000ff;\">Pag<\/span><\/span><span class=\"s4\" style=\"color: #0000ff;\">. 378<\/span><\/a><\/p>\n<p><span class=\"s5\">Grodno<\/span><\/p>\n<p><a href=\"https:\/\/babel.hathitrust.org\/cgi\/pt?id=umn.31951p00224680l&amp;view=1up&amp;seq=399\"><span class=\"s4\"><span style=\"color: #0000ff;\">Pag. 38<\/span><\/span><span class=\"s4\" style=\"color: #0000ff;\">1-383<\/span><\/a><\/p>\n<p><span class=\"s5\">Brest<\/span><\/p>\n<p><a href=\"https:\/\/babel.hathitrust.org\/cgi\/pt?id=umn.31951p00224680l&amp;view=1up&amp;seq=403\"><span class=\"s4\"><span style=\"color: #0000ff;\">Pag. 358<\/span><\/span><\/a><\/p>\n<p><span class=\"s5\">Pirna<\/span><\/p>\n<p><a href=\"https:\/\/babel.hathitrust.org\/cgi\/pt?id=umn.31951p00224680l&amp;view=1up&amp;seq=408\"><span class=\"s4\"><span style=\"color: #0000ff;\">Pag. 390<\/span><\/span><\/a><\/p>\n<p><span class=\"s5\">Wartha<\/span><\/p>\n<p><span style=\"color: #0000ff;\"><a style=\"color: #0000ff;\" href=\"https:\/\/babel.hathitrust.org\/cgi\/pt?id=umn.31951p00224680l&amp;view=1up&amp;seq=455\"><span class=\"s4\">Pag<\/span><span class=\"s4\">. 437<\/span><\/a><\/span><\/p>\n<p><span class=\"s5\">Stettin<\/span><\/p>\n<p><span style=\"color: #0000ff;\"><a style=\"color: #0000ff;\" href=\"https:\/\/babel.hathitrust.org\/cgi\/pt?id=umn.31951p00224680l&amp;view=1up&amp;seq=462\"><span class=\"s4\">Pag<\/span><span class=\"s4\">. 444<\/span><\/a><\/span><\/p>\n<p><span class=\"s5\">Stralsund<\/span><\/p>\n<p><span style=\"color: #0000ff;\"><a style=\"color: #0000ff;\" href=\"https:\/\/babel.hathitrust.org\/cgi\/pt?id=umn.31951p00224680l&amp;view=1up&amp;seq=530\"><span class=\"s4\">Pag. 512<\/span><\/a><\/span><\/p>\n<p><span class=\"s5\">Overname bevel <\/span><span class=\"s5\">Armfelt<\/span><\/p>\n<p><span style=\"color: #0000ff;\"><a style=\"color: #0000ff;\" href=\"https:\/\/babel.hathitrust.org\/cgi\/pt?id=umn.31951p00224680l&amp;view=1up&amp;seq=532\"><span class=\"s4\">Pag. 51<\/span><span class=\"s4\">4-515<\/span><\/a><\/span><\/p>\n<p><span class=\"s5\">Overname bevel van Hertog Karel en <\/span><span class=\"s5\">Posse<\/span><\/p>\n<p><a href=\"https:\/\/babel.hathitrust.org\/cgi\/pt?id=umn.31951p00224680l&amp;view=1up&amp;seq=537\"><span class=\"s4\"><span style=\"color: #0000ff;\">Pag. 519<\/span><\/span><\/a><span class=\"s5\">\u00a0<\/span><\/p>\n<p><span class=\"s5\">Mejerfelt<\/span><\/p>\n<p><span style=\"color: #0000ff;\"><a style=\"color: #0000ff;\" href=\"https:\/\/babel.hathitrust.org\/cgi\/pt?id=umn.31951p00224680l&amp;view=1up&amp;seq=540\"><span class=\"s4\">Pag. 522<\/span><\/a><\/span><\/p>\n<p><span class=\"s5\">Pytiis<\/span><\/p>\n<p><a href=\"https:\/\/babel.hathitrust.org\/cgi\/pt?id=umn.31951p00224680l&amp;view=1up&amp;seq=542\"><span class=\"s4\"><span style=\"color: #0000ff;\">Pag<\/span><\/span><span class=\"s4\" style=\"color: #0000ff;\">. 524<\/span><\/a><\/p>\n<p><span class=\"s5\">H\u00f6gfors<\/span><\/p>\n<p><a href=\"https:\/\/babel.hathitrust.org\/cgi\/pt?id=umn.31951p00224680l&amp;view=1up&amp;seq=547\"><span class=\"s4\"><span style=\"color: #0000ff;\">Pag<\/span><\/span><span class=\"s4\" style=\"color: #0000ff;\">. 529<\/span><\/a><\/p>\n<p><span class=\"s5\">Bevel<\/span><span class=\"s5\"> in <\/span><span class=\"s5\">Finland<\/span><\/p>\n<p><span style=\"color: #0000ff;\"><a style=\"color: #0000ff;\" href=\"https:\/\/babel.hathitrust.org\/cgi\/pt?id=umn.31951p00224680l&amp;view=1up&amp;seq=552\"><span class=\"s4\">Pag<\/span><span class=\"s4\">. 534<\/span><\/a><\/span><\/p>\n<p><span class=\"s5\">Fredrikshamn<\/span><\/p>\n<p><a href=\"https:\/\/babel.hathitrust.org\/cgi\/pt?id=umn.31951p00224680l&amp;view=1up&amp;seq=555\"><span class=\"s4\"><span style=\"color: #0000ff;\">Pag. 537<\/span><\/span><\/a><\/p>\n<p><span class=\"s5\">Abborsfors<\/span><\/p>\n<p><strong><span style=\"color: #000000;\">B.<\/span><\/strong><\/p>\n<p><span style=\"color: #0000ff;\"><a style=\"color: #0000ff;\" href=\"https:\/\/babel.hathitrust.org\/cgi\/pt?id=umn.31951p00224680l&amp;view=1up&amp;seq=1008\"><span class=\"s4\">Pag. 378<\/span><\/a><\/span><\/p>\n<p><span class=\"s5\">In 1700 heeft overste M. 100 dragonders geworven<\/span><\/p>\n<p><a href=\"https:\/\/babel.hathitrust.org\/cgi\/pt?id=umn.31951p00224680l&amp;view=1up&amp;seq=1008\"><span class=\"s4\"><span style=\"color: #0000ff;\">Pag. 43<\/span><\/span><span style=\"color: #0000ff;\"><span class=\"s4\">1<\/span><span class=\"s4\">, 432, <\/span><span class=\"s4\">43<\/span><span class=\"s4\">4, 438<\/span><\/span><\/a><\/p>\n<p><span class=\"s5\">Regimenten i<\/span><span class=\"s5\">n 1788<\/span><span class=\"s5\">-1789<\/span><span class=\"s5\"> onder luitenant-generaal M.<\/span><\/p>\n<p><span style=\"color: #000000;\"><b>C.<\/b><\/span><\/p>\n<p><span style=\"color: #0000ff;\"><a style=\"color: #0000ff;\" href=\"https:\/\/babel.hathitrust.org\/cgi\/pt?id=nyp.33433006918639&amp;view=1up&amp;seq=71\">Pag. 61<\/a><\/span><\/p>\n<p><span style=\"color: #000000;\">Andra Lifgardet, juli 1789 over grens met Abborsfors, onder oppercommando M.<\/span><\/p>\n<p><span style=\"color: #0000ff;\"><a style=\"color: #0000ff;\" href=\"https:\/\/babel.hathitrust.org\/cgi\/pt?id=nyp.33433006918639&amp;view=1up&amp;seq=193\">Pag. 182-183<\/a><\/span><\/p>\n<p><span style=\"color: #000000;\">Sk\u00e5nska Husar regiment. Juni 1704 bescherming Posen. Tocht M. van Dantzig naar Posen.<\/span><\/p>\n<p><span style=\"color: #0000ff;\"><a style=\"color: #0000ff;\" href=\"https:\/\/babel.hathitrust.org\/cgi\/pt?id=nyp.33433006918639&amp;view=1up&amp;seq=206\">Pag. 196<\/a><\/span><\/p>\n<p><span style=\"color: #000000;\">Husaar Regiment . Begin juni 1789 naar Abborsfors. Commando M.<\/span><\/p>\n<p><span style=\"color: #0000ff;\"><a style=\"color: #0000ff;\" href=\"https:\/\/babel.hathitrust.org\/cgi\/pt?id=nyp.33433006918639&amp;view=1up&amp;seq=235\">Pag. 225<\/a><\/span><\/p>\n<p><span style=\"color: #000000;\">Upplands regiment onder M.<\/span><\/p>\n<p><span style=\"color: #0000ff;\"><a style=\"color: #0000ff;\" href=\"https:\/\/babel.hathitrust.org\/cgi\/pt?id=nyp.33433006918639&amp;view=1up&amp;seq=249\">Pag. 239<\/a><\/span><\/p>\n<p><span style=\"color: #000000;\">Skaraborgs regiment onder M.<\/span><\/p>\n<p><span style=\"color: #0000ff;\"><a style=\"color: #0000ff;\" href=\"https:\/\/babel.hathitrust.org\/cgi\/pt?id=nyp.33433006918639&amp;view=1up&amp;seq=357\">Pag. 347<\/a><\/span><\/p>\n<p><span style=\"color: #000000;\">Norbotten regiment onder M.<\/span><\/p>\n<p><span style=\"color: #0000ff;\"><a style=\"color: #0000ff;\" href=\"https:\/\/babel.hathitrust.org\/cgi\/pt?id=nyp.33433006918639&amp;view=1up&amp;seq=380\">Pag. 370<\/a><\/span><\/p>\n<p><span style=\"color: #000000;\">Nerike en Vermland regiment onder M.<\/span><\/p>\n<p style=\"text-align: justify;\"><span style=\"color: #000000;\"><b>D.<\/b><\/span><\/p>\n<p style=\"text-align: justify;\"><span style=\"color: #000000;\"><span style=\"color: #0000ff;\"><a style=\"color: #0000ff;\" href=\"https:\/\/babel.hathitrust.org\/cgi\/pt?id=hvd.32044081063323&amp;view=1up&amp;seq=354\">Pag. 343<\/a><\/span>. <\/span><\/p>\n<p style=\"text-align: justify;\"><span style=\"color: #000000;\">01-08-1788. M. ligt bij Forsby met 3600 man.<\/span><\/p>\n<p style=\"text-align: justify;\"><span style=\"color: #000000;\"><span style=\"color: #0000ff;\"><a style=\"color: #0000ff;\" href=\"https:\/\/babel.hathitrust.org\/cgi\/pt?id=hvd.32044081063323&amp;view=1up&amp;seq=367\">Pag. 353-5<\/a><\/span>. <\/span><\/p>\n<p style=\"text-align: justify;\"><span style=\"color: #000000;\">6\/12-08-1788. M. vertrekt uit Forsby met nieuw aangekomen artillerie uit Helsingborg naar Lovisa. Aankomst uiteindelijk in Anjala.<\/span><\/p>\n<p style=\"text-align: justify;\"><span style=\"color: #000000;\"><span style=\"color: #0000ff;\"><a style=\"color: #0000ff;\" href=\"https:\/\/babel.hathitrust.org\/cgi\/pt?id=hvd.32044081063323&amp;view=1up&amp;seq=375\">Pag. 363<\/a><\/span>. <\/span><\/p>\n<p style=\"text-align: justify;\"><span style=\"color: #000000;\">Hertog Karel heeft sterke aanhangers in het leger, maar M. is met Platen het meest trouw aan Gustaaf III.<\/span><\/p>\n<p style=\"text-align: justify;\"><span style=\"color: #000000;\"><span style=\"color: #0000ff;\"><a style=\"color: #0000ff;\" href=\"https:\/\/babel.hathitrust.org\/cgi\/pt?id=hvd.32044081063323&amp;view=1up&amp;seq=380\">Pag. 368-369<\/a><\/span>. <\/span><\/p>\n<p style=\"text-align: justify;\"><span style=\"color: #000000;\">11-12- 1788. M. slaat zijn hoofdkwartier op in Lovisa.<\/span><\/p>\n<p style=\"text-align: justify;\"><span style=\"color: #000000;\"><span style=\"color: #0000ff;\"><a style=\"color: #0000ff;\" href=\"https:\/\/babel.hathitrust.org\/cgi\/pt?id=hvd.32044081063323&amp;view=1up&amp;seq=384\">Pag. 372<\/a><\/span>. <\/span><\/p>\n<p style=\"text-align: justify;\"><span style=\"color: #000000;\">05-01-1789. M. arresteert leden Anjalaverbond.<\/span><\/p>\n<p style=\"text-align: justify;\"><span style=\"color: #000000;\"><span style=\"color: #0000ff;\"><a style=\"color: #0000ff;\" href=\"https:\/\/babel.hathitrust.org\/cgi\/pt?id=hvd.32044081063323&amp;view=1up&amp;seq=386\">Pag. 374<\/a><\/span>. <\/span><\/p>\n<p style=\"text-align: justify;\"><span style=\"color: #000000;\">09-02-1789. M. krijgt op bevelhebberschap over hele leger in Finland omdat Hertog Karel niet kan overkomen.<\/span><\/p>\n<p style=\"text-align: justify;\"><span style=\"color: #000000;\"><span style=\"color: #0000ff;\"><a style=\"color: #0000ff;\" href=\"https:\/\/babel.hathitrust.org\/cgi\/pt?id=hvd.32044081063323&amp;view=1up&amp;seq=412\">Pag. 400=401<\/a><\/span>. <\/span><\/p>\n<p style=\"text-align: justify;\"><span style=\"color: #000000;\">18-06-1789. M. nadert Abborsfors en heeft Fredrikshamn met steun van de vloot als doel. Op 15 -06 kan M. zijn hoofdkwartier in A. opslaan.<\/span><\/p>\n<p style=\"text-align: justify;\"><span style=\"color: #000000;\"><span style=\"color: #0000ff;\"><a style=\"color: #0000ff;\" href=\"https:\/\/babel.hathitrust.org\/cgi\/pt?id=hvd.32044081063323&amp;view=1up&amp;seq=418\">Pag. 406-408<\/a><\/span>. <\/span><\/p>\n<p style=\"text-align: justify;\"><span style=\"color: #000000;\">03-07-1789. Bevel aan M. leidt tot mars van Abborsfors naar Pyttis en Suttula.<\/span><\/p>\n<p style=\"text-align: justify;\"><span style=\"color: #000000;\"><span style=\"color: #0000ff;\"><a style=\"color: #0000ff;\" href=\"https:\/\/babel.hathitrust.org\/cgi\/pt?id=hvd.32044081063323&amp;view=1up&amp;seq=422\">Pag. 410<\/a><\/span>. <\/span><\/p>\n<p style=\"text-align: justify;\"><span style=\"color: #000000;\">18-07-1789. Succesvol Suttula gevecht voor de ogen van Gustaaf III, die M. daardoor tot generaal van de infanterie benoemt.<\/span><\/p>\n<p style=\"text-align: justify;\"><span style=\"color: #000000;\"><span style=\"color: #0000ff;\"><a style=\"color: #0000ff;\" href=\"https:\/\/babel.hathitrust.org\/cgi\/pt?id=hvd.32044081063323&amp;view=1up&amp;seq=423\">Pag. 411<\/a><\/span>. <\/span><\/p>\n<p style=\"text-align: justify;\"><span style=\"color: #000000;\">19-07-1789. M. komt te hulp vanuit H\u00f6gfors.<\/span><\/p>\n<p style=\"text-align: justify;\"><span style=\"color: #000000;\"><span style=\"color: #0000ff;\"><a style=\"color: #0000ff;\" href=\"https:\/\/babel.hathitrust.org\/cgi\/pt?id=hvd.32044081063323&amp;view=1up&amp;seq=425\">Pag. 413<\/a><\/span>. <\/span><\/p>\n<p style=\"text-align: justify;\"><span style=\"color: #000000;\">24-07-1789. M. krijgt bevel over alle troepen in W\u00e4r\u00e4l\u00e4.<\/span><\/p>\n<p style=\"text-align: justify;\"><span style=\"color: #000000;\"><span style=\"color: #0000ff;\"><a style=\"color: #0000ff;\" href=\"https:\/\/babel.hathitrust.org\/cgi\/pt?id=hvd.32044081063323&amp;view=1up&amp;seq=441\">Pag. 429<\/a>.<\/span> <\/span><\/p>\n<p style=\"text-align: justify;\"><span style=\"color: #000000;\">08-08-1789. M. levert slag bij Anjala.<\/span><\/p>\n<p style=\"text-align: justify;\"><span style=\"color: #000000;\"><span style=\"color: #0000ff;\"><a style=\"color: #0000ff;\" href=\"https:\/\/babel.hathitrust.org\/cgi\/pt?id=hvd.32044081063323&amp;view=1up&amp;seq=454\">Pag. 442<\/a><\/span>. <\/span><\/p>\n<p style=\"text-align: justify;\"><span style=\"color: #000000;\">16-10-1789. M. krijgt bevel over hele leger in Finland. Zes dagen later verplaatst hij hoofdkwartier van W\u00e4r\u00e4l\u00e4 naar Peipola. Op 9 november gaat het naar Lovisa.<\/span><\/p>\n<p style=\"text-align: justify;\"><span style=\"color: #000000;\"><span style=\"color: #0000ff;\"><a style=\"color: #0000ff;\" href=\"https:\/\/babel.hathitrust.org\/cgi\/pt?id=hvd.32044081063323&amp;view=1up&amp;seq=462\">Pag. 450<\/a><\/span>. <\/span><\/p>\n<p style=\"text-align: justify;\"><span style=\"color: #000000;\">13-02-1790. De bevelen van de koning komen aan bij M.<\/span><\/p>\n<p style=\"text-align: justify;\"><span style=\"color: #000000;\"><span style=\"color: #0000ff;\"><a style=\"color: #0000ff;\" href=\"https:\/\/babel.hathitrust.org\/cgi\/pt?id=hvd.32044081063323&amp;view=1up&amp;seq=468\">Pag. 456<\/a><\/span>. <\/span><\/p>\n<p style=\"text-align: justify;\"><span style=\"color: #000000;\">Eind 04-1790. Kustverdediging onder M.<\/span><\/p>\n<p style=\"text-align: justify;\"><span style=\"color: #000000;\"><span style=\"color: #0000ff;\"><a style=\"color: #0000ff;\" href=\"https:\/\/babel.hathitrust.org\/cgi\/pt?id=hvd.32044081063323&amp;view=1up&amp;seq=479\">Pag. 467<\/a><\/span>. <\/span><\/p>\n<p style=\"text-align: justify;\"><span style=\"color: #000000;\">06-05-1790. Gustaaf III komt aan in hoofdkwartier M. in Forsby.<\/span><\/p>\n<p style=\"text-align: justify;\"><span style=\"color: #000000;\"><span style=\"color: #0000ff;\"><a style=\"color: #0000ff;\" href=\"https:\/\/babel.hathitrust.org\/cgi\/pt?id=hvd.32044081063323&amp;view=1up&amp;seq=482\">Pag. 470<\/a><\/span>. <\/span><\/p>\n<p style=\"text-align: justify;\"><span style=\"color: #000000;\">06\/07-05-1790. M. verplaatst zijn hoofdkwartier naar Lovisa en Abborsfors.<\/span><\/p>\n<p style=\"text-align: justify;\"><span style=\"color: #000000;\"><span style=\"color: #0000ff;\"><a style=\"color: #0000ff;\" href=\"https:\/\/babel.hathitrust.org\/cgi\/pt?id=hvd.32044081063323&amp;view=1up&amp;seq=483\">Pag. 471<\/a><\/span>. <\/span><\/p>\n<p style=\"text-align: justify;\"><span style=\"color: #000000;\">18-05-1790. Bevel van de koning aan M. om tegen Russen op te trekken.<\/span><\/p>\n<p style=\"text-align: justify;\"><span style=\"color: #000000;\"><span style=\"color: #0000ff;\"><a style=\"color: #0000ff;\" href=\"https:\/\/babel.hathitrust.org\/cgi\/pt?id=hvd.32044081063323&amp;view=1up&amp;seq=515\">Pag. 503<\/a><\/span>. <\/span><\/p>\n<p style=\"text-align: justify;\"><span style=\"color: #000000;\">Begin 06-1790. Elf regimenten onder bevel M.<\/span><\/p>\n<p style=\"text-align: justify;\"><span style=\"color: #000000;\"><span style=\"color: #0000ff;\"><a style=\"color: #0000ff;\" href=\"https:\/\/babel.hathitrust.org\/cgi\/pt?id=hvd.32044081063323&amp;view=1up&amp;seq=516\">Pag. 504<\/a><\/span>. <\/span><\/p>\n<p style=\"text-align: justify;\"><span style=\"color: #000000;\">25-06-1790. Aanval M.\u00a0op 3 batterijen Russen in Suttula.<\/span><\/p>\n<p style=\"text-align: justify;\"><span style=\"color: #000000;\"><span style=\"color: #0000ff;\"><a style=\"color: #0000ff;\" href=\"https:\/\/babel.hathitrust.org\/cgi\/pt?id=hvd.32044081063323&amp;view=1up&amp;seq=525\">Pag. 513<\/a><\/span>. <\/span><\/p>\n<p style=\"text-align: justify;\"><span style=\"color: #000000;\">06-07-1790. Gustaaf III bezoekt M&#8217;s hoofdkwartier in H\u00f6gfors.<\/span><\/p>\n<p style=\"text-align: justify;\"><span style=\"color: #000000;\"><span style=\"color: #0000ff;\"><a style=\"color: #0000ff;\" href=\"https:\/\/babel.hathitrust.org\/cgi\/pt?id=hvd.32044081063323&amp;view=1up&amp;seq=531\">Pag. 519<\/a><\/span>. <\/span><\/p>\n<p style=\"text-align: justify;\"><span style=\"color: #000000;\">Acties M. parallel aan Slag bij Svenksund.<\/span><\/p>\n<p style=\"text-align: justify;\"><span style=\"color: #000000;\"><span style=\"color: #0000ff;\"><a style=\"color: #0000ff;\" href=\"https:\/\/babel.hathitrust.org\/cgi\/pt?id=hvd.32044081063323&amp;view=1up&amp;seq=535\">Pag. 523<\/a><\/span>. <\/span><\/p>\n<p style=\"text-align: justify;\"><span style=\"color: #000000;\">06-09-1790. M. reist van Borg\u00e5 naar Stockholm als veldmaarschalk.<\/span><\/p>\n<p style=\"text-align: justify;\"><span style=\"color: #000000;\"><span style=\"color: #0000ff;\"><a style=\"color: #0000ff;\" href=\"https:\/\/babel.hathitrust.org\/cgi\/pt?id=hvd.32044081063323&amp;view=1up&amp;seq=537\">Pag. 525<\/a><\/span>.<\/span><\/p>\n<p style=\"text-align: justify;\"><span style=\"color: #000000;\"> Bilage. Finska Indelta Regementers Chefer. \u00c5bo kavalleri, efter 1720 Lifdragonregementet. Joh. Aug. Mejerfelt 1702-1704.\u00a0\u00d6sterbottens regemente. Carl Fredrik Meijerfeldt wordt ten onrechte niet genoemd.<\/span><\/p>\n<p style=\"text-align: justify;\"><span style=\"color: #000000;\"><strong>Bronnen:<\/strong><\/span><\/p>\n<p style=\"text-align: justify;\"><span style=\"color: #000000;\"><em>Mejerfelts Passage Journal f\u00f6r \u00e5ren 1788, 1789 och 1790.<br \/>\n<\/em>SE\/KrA\/<a href=\"https:\/\/sok.riksarkivet.se\/fritext?postid=ArkisRef+SE%2fKrA%2f0393&amp;tab=post&amp;flik=0&amp;prependUrl=%2ffritext&amp;vol=n&amp;s=Balder\">0393<\/a>\/<a href=\"https:\/\/sok.riksarkivet.se\/fritext?postid=ArkisRef+SE%2fKrA%2f0393%2fA&amp;tab=post&amp;flik=0&amp;prependUrl=%2ffritext&amp;vol=n&amp;s=Balder\">A<\/a>\/<a href=\"https:\/\/sok.riksarkivet.se\/fritext?postid=ArkisRef+SE%2fKrA%2f0393%2fA%2f0&amp;tab=post&amp;flik=0&amp;prependUrl=%2ffritext&amp;vol=n&amp;s=Balder\">0<\/a>\/<b>11<\/b>. Passagejournal 1788-06-07&#8211;1790-08-24.<\/span><\/p>\n<p style=\"text-align: justify;\"><span style=\"color: #000000;\"><em>Mejerfelts Journal.<\/em><\/span><\/p>\n<p style=\"text-align: justify;\">\n","protected":false},"excerpt":{"rendered":"<p>Julius Mankell A. \u201cUppgifter r\u00f6rande svenska krigsmagtens,\u00a0sedan slutet affemtonhundratalet\u201d, Stockholm 1865, deel\u00a01,\u00a0\u201c\u00d6fversigt af svenska krighistoriens vigtigaste h\u00e4ndelser\u201d. B. \u201cUppgifter r\u00f6rande svenska krigsmagtens,\u00a0sedan slutet affemtonhundratalet\u201d, Stockholm 1865, deel\u00a02. \u201cStyrka, sammans\u00e4ttning och f\u00f6rdelning\u201d. C. \u201cAnteckningar r\u00f6rande svenska regementernas historia\u201d, \u00d6rebro 1866. D. \u201cAnteckningar r\u00f6rdande Finska Arm\u00e9ens och Finlands Krigshistoria, s\u00e4rskildt met afseende p\u00e5 krigen emellan Sverige och &hellip; <a href=\"https:\/\/meijenfeldt.nl\/?page_id=20203\" class=\"more-link\">Verder lezen <span class=\"screen-reader-text\">Mankell<\/span><\/a><\/p>\n","protected":false},"author":1,"featured_media":0,"parent":0,"menu_order":0,"comment_status":"closed","ping_status":"closed","template":"","meta":{"footnotes":""},"class_list":["post-20203","page","type-page","status-publish","hentry"],"_links":{"self":[{"href":"https:\/\/meijenfeldt.nl\/index.php?rest_route=\/wp\/v2\/pages\/20203","targetHints":{"allow":["GET"]}}],"collection":[{"href":"https:\/\/meijenfeldt.nl\/index.php?rest_route=\/wp\/v2\/pages"}],"about":[{"href":"https:\/\/meijenfeldt.nl\/index.php?rest_route=\/wp\/v2\/types\/page"}],"author":[{"embeddable":true,"href":"https:\/\/meijenfeldt.nl\/index.php?rest_route=\/wp\/v2\/users\/1"}],"replies":[{"embeddable":true,"href":"https:\/\/meijenfeldt.nl\/index.php?rest_route=%2Fwp%2Fv2%2Fcomments&post=20203"}],"version-history":[{"count":30,"href":"https:\/\/meijenfeldt.nl\/index.php?rest_route=\/wp\/v2\/pages\/20203\/revisions"}],"predecessor-version":[{"id":22842,"href":"https:\/\/meijenfeldt.nl\/index.php?rest_route=\/wp\/v2\/pages\/20203\/revisions\/22842"}],"wp:attachment":[{"href":"https:\/\/meijenfeldt.nl\/index.php?rest_route=%2Fwp%2Fv2%2Fmedia&parent=20203"}],"curies":[{"name":"wp","href":"https:\/\/api.w.org\/{rel}","templated":true}]}}