{"id":19702,"date":"2019-09-20T18:20:56","date_gmt":"2019-09-20T18:20:56","guid":{"rendered":"http:\/\/meijenfeldt.nl\/?page_id=19702"},"modified":"2024-08-12T13:50:30","modified_gmt":"2024-08-12T13:50:30","slug":"1-3-6-koerland","status":"publish","type":"page","link":"https:\/\/meijenfeldt.nl\/?page_id=19702","title":{"rendered":"1.4.1. Oponthoud in Litouwen"},"content":{"rendered":"<p style=\"text-align: justify;\"><span style=\"color: #000000;\">Johann August von Meijerfeldt blijft in Polangen de bezit\u00adtingen van Sapieha in Neder-Litouwen beschermen. Op 15 oktober 1701 komt koning Karel XII met maar weinig begeleiders naar hem toe en gebiedt ieder zijn aanwezigheid geheim te houden. Met z&#8217;n twee\u00ebn bezoeken ze in het stadje Repsin het monnikenklooster. De prior ontvangt de Zweedse officier met zijn onbekende metgezel en biedt hen een glas wijn aan. Dat wordt niet afgeslagen. Hij proost op de gezondheid van de koning van Zweden. Die proost wordt beantwoord. Zonder zijn identiteit bloot te geven vertrekken ze. Na zijn korte bezoek reist Karel XII via Polangen noordwaarts naar zijn hoofdkwartier in W\u00fcrgen (<i>Virga<\/i>) in Koerland terug. <span style=\"color: #0000ff;\"><a style=\"color: #0000ff;\" href=\"#voetnoot\">(1)<\/a><\/span><\/span><\/p>\n<p style=\"text-align: justify;\"><span style=\"color: #000000;\">Eind oktober hoort Johann August dat vlakbij in Rosienie een landdag georganiseerd wordt door de adel die op de hand van August van Saksen en Oginski is. Hij laat een open brief rondgaan dat de betrokken \u00a0landgoederen moeten rekenen op inkwartiering van 3.000 man Zweedse cavalerie. Johann August kan zijn koning schrijven dat de landdag zonder anti-Zweedse besluiten of uitspraken eindigt.<\/span><\/p>\n<p style=\"text-align: justify;\"><span style=\"color: #000000;\">Op 15 november 1701 neemt de koning vier besluiten die Von <\/span><span style=\"color: #000000;\">Meijerfeldt betreffen<\/span><span style=\"color: #000000;\">. Hij willigt het verzoek in om Sapieha te steunen met meer troepen, namelijk 100 dragonders. Op voorstel van Johann August leveren deze bescherming aan Sapieha\u2019s bezittingen, mits hij een actieve bijdrage levert aan de onttroning van August als grootvorst van Litouwen. <span style=\"color: #0000ff;\"><a style=\"color: #0000ff;\" href=\"#voetnoot\">(2)<\/a><\/span> De andere besluiten betreffen de benoeming van Johann August tot luitenant-kolonel in het cavalerieregiment van \u00c5bo (<i>Turku<\/i>) en Bj\u00f6rneborg (<em>Pori<\/em>), beiden aan de Finse westkust, <\/span><span style=\"color: #000000;\">met medeneming van zijn <\/span><span style=\"color: #000000;\">200 ruiters.<\/span><span style=\"color: #000000;\"> Dit Finse regiment was in 1700 naar Lijfland overgestoken om onder Welling aan de Grote Noordse Oorlog mee te doen. Zo heeft het er alle schijn van dat Johann August zich blijft concentreren op de verdediging van het vaderland Lijfland en omstreken, net als zijn oudere broer Carl Friedrich in het \u00d6sterbotten regiment. <\/span><span style=\"color: #000000;\"><span style=\"color: #0000ff;\"><a style=\"color: #0000ff;\" href=\"#voetnoot\">(3)<\/a><\/span>\u00a0<\/span><\/p>\n<p style=\"text-align: center;\"><img loading=\"lazy\" decoding=\"async\" class=\"alignnone wp-image-49255\" src=\"https:\/\/meijenfeldt.nl\/wp-content\/uploads\/2022\/08\/Finse-regimenten-179x300.jpg\" alt=\"\" width=\"368\" height=\"617\" srcset=\"https:\/\/meijenfeldt.nl\/wp-content\/uploads\/2022\/08\/Finse-regimenten-179x300.jpg 179w, https:\/\/meijenfeldt.nl\/wp-content\/uploads\/2022\/08\/Finse-regimenten.jpg 238w\" sizes=\"auto, (max-width: 368px) 100vw, 368px\" \/><br \/>\n<span style=\"font-size: 10pt;\"><em>Ligging van de drie provincies waaruit de regimenten van de Von Meijerfeldts rekruteren: Carl Friedrich sr uit \u00d6sterbotten,\u00a0 Johanm August sr uit \u00c5bo och Bj\u00f6rneborg en Johan August jr (vanaf 1770) uit V\u00e4sterbotten<\/em><\/span><\/p>\n<p style=\"text-align: justify;\"><span style=\"color: #000000;\">Op 27 november heeft Johann August een treffen met een vliegende korps van\u00a0220 man\u00a0onder kolonel Duleffsky. Een spion die in het Zweedse kamp arriveert verraadt het plan voor het omsingelen en doorstoten naar het Sapieha landgoed Kroting. Duleffsky ziet tot zijn verrassing Von Meijerfeldt op een pas in slagorde gereed liggen. Hijzelf en 30 van zijn mannen vinden de dood en de rest vlucht, met achterlating van gevangenen, bagage en trofee\u00ebn in de vorm van twee paar pauken. Een correspondentie in Libau, Koerland schrijft over dit succes van &#8220;<em style=\"color: #000000;\">kolonel Meyerfeld<\/em>&#8221; op Oginski en dat leidt tot zijn eerste vermelding in de krant, nog wel een Nederlandse. <\/span><span style=\"color: #0000ff;\"><a style=\"color: #0000ff;\" href=\"#voetnoot\">(4)<\/a><\/span><\/p>\n<p style=\"text-align: justify;\"><span style=\"color: #000000;\">In de brief waarin Johann August zijn succes aan de koning meldt, schrijft hij dat Sapieha aandringt op actie. Oginski heeft niet veel troepen nodig voor zijn guerrilla-oorlog met hulp van veel sympathiserende Koerlanders. Karel XII heeft er genoeg van en besluit terstond op 1 december met 400 man per slede uit het hoofdkwartier naar Von Meijerfeldt te vertrekken. <span style=\"color: #0000ff;\"><a style=\"color: #0000ff;\" href=\"#voetnoot\">(5)<\/a><\/span> Onderweg haalt hij kolonel Hummerhielm met zijn \u00a0detachement op en ontmoet Johann August volgens afspraak in Calivaria. Daar bereikt hen het bericht dat de vijand in Skudy (<em>Scadi<\/em>) is, maar bij aankomst blijkt deze naar Triksel verdwenen. Karel XII laat de infanterie achter om meer snelheid te kunnen maken en hoort in Tirksel dat de vijand 22 kilometer zuidwaarts naar Trysky (<i>Try\u0161kiai<\/i>) is gegaan, maar ook daar blijkt ze tijdig gevlucht.<\/span><\/p>\n<p style=\"text-align: justify;\"><span style=\"color: #000000;\">Karel XII besluit de mannen van Hummerhielm en Von Meijerfeldt even op adem te laten komen. Ze worden in de burgerhuizen ingekwartierd en mogen hun gevechtstenue uittrekken, omdat deze na het overzwemmen van de rivier doornat was geworden. De koning slaapt in het fort. \u2018s-Nachts sluipen 6 tot 7000 Oginski\u2019s binnen en steken \u00a0huizen in brand, maar de overrompelde Zweden weten zich snel in de kleren te hijsen en aanvallers te verjagen. Het gerucht dat de koning dit avontuur niet heeft overleefd doet al snel de ronde.<br \/>\n<\/span><\/p>\n<p style=\"text-align: justify;\"><span style=\"color: #000000;\">Op 6 december rijdt Johann August met de Zweedse troepen 22 kilometer naar Lubinski, waar Oginski veel gewonden heeft achtergelaten, de volgende dag 8 kilometer naar Uzwetta (<i>U\u017cventis<\/i>), waar de achtergebleven Zweedse infanterie per slee uit Skadi aankomt en 8 december naar Kelm (<i>Kelm\u00e9<\/i>), waar het slot wordt geplunderd en geru\u00efneerd. Na een pauze gaat het op 10 december 17 kilometer oostwaarts naar Suttowiani (<i>Tytuvenai<\/i>) en de volgende dag 22 kilometer naar Grynkiski (<i>Grinki\u0161kis<\/i>). Op 13 december is de aankomst in Kyedum, waar enkele dagen halt wordt gehouden om inlichtingen over de vijand in te winnen. In deze stad woont Karel XII met Johann August een Lutherse kerkdienst bij.<\/span><\/p>\n<p style=\"text-align: justify;\"><span style=\"color: #000000;\">Op 18 december wordt de mars voortgezet en in een dorpje horen ze dat Oginski in Kovno (<i>Kaunas,<\/i>\u00a0Kauen) zit. Karel XII doet er alles aan om zijn komst geheim te houden, maar omdat de rivier de Njemen niet meer bevroren is en maar \u00e9\u00e9n praam voor de oversteek beschikbaar is, kan de vijand zich naar Wilna (<i>Vilnius<\/i>) terugtrekken. <\/span><span style=\"color: #000000;\">Karel XII blijft nog wat dagen in Kovno en ziet het zinloze van de achtervolging in.<\/span><\/p>\n<p style=\"text-align: justify;\"><span style=\"color: #000000;\">De koning aanvaardt de lange reis terug naar het hoofdkwartier in W\u00fcrgen, waar hij Eerste Kerstdag arriveert.<span style=\"color: #0000ff;\"> <a style=\"color: #0000ff;\" href=\"#voetnoot\">(6)<\/a><\/span> Hummerhielm krijgt het commando in Kovno en Johann August gaat met 1300 man westwaarts naar J\u00fcrburg (<i>Jurbarkas, <\/i>Georgsburg) aan de Njemen. Op 4 januari 1702 brengt hij rapport aan de koning uit. <span style=\"color: #0000ff;\"><a style=\"color: #0000ff;\" href=\"#voetnoot\">(7)<\/a> <span style=\"color: #000000;\">Al dit oponthoud in Litouwen is te verklaren uit het feit dat Karel XII op aandrang van de grote zeemachten Holland en Engeland serieus onderhandelt met August van Saksen. De voorwaarden over en weer blijken echter onoverbrugbaar. Door de spreekwoordelijke chaos in de Poolse Landdag is er geen uitzicht op een vreedzame wisseling van de Poolse troon. De Zweden zijn nu wel heer en meester in Litouwen, maar dat was niet het doel. Karel XII wil August definitief verslaan en daartoe zal hij de grens met Polen moeten overgaan.<\/span><\/span><\/span><\/p>\n<p style=\"text-align: justify;\"><span style=\"color: #000000;\">V<\/span><span style=\"color: #000000;\">anuit zijn dichtbij gelegen hoofdkwartier in Bielewitz <\/span><span style=\"color: #000000;\">bevordert Karel XII <\/span><span style=\"color: #000000;\">Johann August op 18 februari 1702 tot kolonel van zijn regiment. De zittende kolonel Gustaf Eneski\u00f6ld was op 30 december in de Slag bij Erristfer door de Russen krijgsgevangen gemaakt. Een andere kolonel met de naam Hagen wil dit regiment ook wel leiden, maar de koning meent dat hij zelf maar geld moet ophalen in Koerland om een regiment te werven. Eneski\u00f6ld zal in 1708 gelukkig uitgewisseld worden en zijn dan vacante baan terugkrijgen. Dit geluk zal hem maar kort gegund zijn vanwege zijn krijgsgevangenschap bij Poltava een jaar later, ditmaal tot diens dood. <span style=\"color: #0000ff;\"><a style=\"color: #0000ff;\" href=\"#voetnoot\">(8)<\/a><\/span><\/span><\/p>\n<p style=\"text-align: justify;\"><span style=\"color: #000000;\">Op 22 februari schrijft de koning brieven aan zijn voorposten Von Meijerfeldt en Hummerhielm om verder naar de grens op te trekken en laat Axel Sparre de leeggekomen bezetting bij Kovno opvullen. <span style=\"color: #0000ff;\"><a style=\"color: #0000ff;\" href=\"#voetnoot\">(9)<\/a><\/span><a id=\"voetnoot\"><\/a><\/span><\/p>\n<p style=\"text-align: center;\"><span style=\"color: #000000; font-size: 10pt;\"><span style=\"color: #0000ff;\"><a style=\"color: #0000ff;\" href=\"https:\/\/meijenfeldt.nl\/?page_id=8940\">Terug<\/a><\/span>\u00a0 \u00a0***\u00a0 \u00a0<span style=\"color: #0000ff;\"><a style=\"color: #0000ff;\" href=\"https:\/\/meijenfeldt.nl\/?page_id=130\">Verder<\/a><\/span><\/span><\/p>\n<p style=\"text-align: justify;\"><span style=\"color: #000000; font-size: 10pt;\">1. J.A. Nordberg, <\/span><span style=\"color: #000000; font-size: 10pt;\">\u201cKonung Carl den XII:tes historia\u201d, Stockholm 1740, deel 1, <\/span><span style=\"color: #000000; font-size: 10pt;\"><span style=\"color: #0000ff;\"> <a style=\"color: #0000ff;\" href=\"https:\/\/meijenfeldt.nl\/?page_id=9129\">pag. 288<\/a><\/span>. M. Ranft, \u201cDie Merkw\u00fcrdige Lebensgeschichte derer vier ber\u00fcmten Schwedischen Feldmarschalle, Grafen Rehnschild, Steenbock, Meyerfeld und D\u00fccker\u201d, Leipzig 1753,\u00a0<a style=\"color: #000000;\" href=\"http:\/\/digital.slub-dresden.de\/werkansicht\/dlf\/68191\/293\/0\/\"><span style=\"color: #0000ff;\">pag. 280<\/span><\/a>.<\/span><br \/>\n<span style=\"color: #000000; font-size: 10pt;\">2. Riksarkivet Sverige, 1112.1. Riksregistraturet 1523-1718, B\/<\/span><span style=\"color: #000000; font-size: 10pt;\">627, <a href=\"https:\/\/sok.riksarkivet.se\/bildvisning\/A0039122_00583#?c=&amp;m=&amp;s=&amp;cv=582&amp;xywh=967%2C156%2C3903%2C2295\"><span style=\"color: #0000ff;\">folio 578<\/span><\/a><\/span><span style=\"color: #000000; font-size: 10pt;\">, &#8220;Till \u00f6fwerstl: Johan August Meijerfelt swar, ang. Sapiehas beg\u00e4ren at rycka l\u00e4ngre in uti landet&#8221;. E. Carlson, \u201cSveriges Historia under Karl den tolfdes regering\u201d, Stockholm 1910, deel 7, pag. 43. C. von Rosen, \u201cBidrag till k\u00e4nnedom om de h\u00e4ndelser, som n\u00e4rmast f\u00f6regingo svensk stormaktv\u00e4ldets fall\u201d, Stockholm 1936, deel 1, pag. 19. Karel XII gebruikt Von Meijerfeldt als zijn tussenpersoon voor de belangen van het Huis Sapieha.<\/span><br \/>\n<span style=\"color: #000000; font-size: 10pt;\">3. Riksarkivet Sverige, 1112.1. Riksregistraturet 1523-1718, B\/<\/span><span style=\"color: #000000; font-size: 10pt;\">627, <a href=\"https:\/\/sok.riksarkivet.se\/bildvisning\/A0039122_00584#?c=&amp;m=&amp;s=&amp;cv=583&amp;xywh=964%2C194%2C4683%2C2754\"><span style=\"color: #0000ff;\">folio 579<\/span><\/a>, <\/span><span style=\"color: #000000; font-size: 10pt;\">&#8220;Till \u00f6fwerst lieutenant Johan August Meijerfelt avancerende med fullmakt p\u00e5 \u00d5fst Lieutenants chargen under \u00c2bo L\u00e4hns Cavalerie&#8221;, <span style=\"color: #0000ff;\"><a style=\"color: #0000ff;\" href=\"https:\/\/sok.riksarkivet.se\/bildvisning\/A0039122_00585#?c=&amp;m=&amp;s=&amp;cv=584&amp;xywh=579%2C-375%2C3903%2C2295\">folio 579v<\/a><\/span> en <span style=\"color: #0000ff;\"><a style=\"color: #0000ff;\" href=\"https:\/\/sok.riksarkivet.se\/bildvisning\/A0039122_00585#?c=&amp;m=&amp;s=&amp;cv=584&amp;xywh=1883%2C1680%2C3903%2C2295\">folio 580<\/a><\/span>. In de maanden daarv\u00f3\u00f3r staat Johann August zonder militaire rang vermeld, maar dat komt wellicht omdat hij op 2 juni 1700 niet bij Koninklijk Besluit maar door Welling tot overste van een squadron ruiters was benoemd. Dat Karel XII daarvan wist blijkt wel uit het feit dat hij hem al drie maanden later tot kolonel bevordert.<br \/>\n4. Nouvelles Extraordinaires de Divers Endroits d.d. <span style=\"color: #0000ff;\"><a style=\"color: #0000ff;\" href=\"https:\/\/www.delpher.nl\/nl\/kranten\/view?query=Meyerfeld&amp;page=6&amp;coll=ddd&amp;identifier=ddd%3A010553314%3Ampeg21%3Aa0002&amp;resultsidentifier=ddd%3A010553314%3Ampeg21%3Aa0002\">29-12-1701<\/a><\/span>, voorloper van de Gazette de Leyde. C.G. Rehnski\u00f6ld, \u201cAnteckningar och dagb\u00f6cker\u201d, Karolinska Krigares Dagb\u00f6cker j\u00e4mte andra samtidiga skrifter, deel 9, Lund 1913, <span style=\"color: #0000ff;\"><a style=\"color: #0000ff;\" href=\"http:\/\/runeberg.org\/karolikrig\/9\/0041.html\">pag. 6<\/a>. <span style=\"color: #000000;\">D.\u00a0Defoe, <\/span><span style=\"color: #000000;\">\u201cThe History of the Wars, of His Present Majesty Charles XII, King of Sweden&#8221;, Londen 1715, <span style=\"color: #0000ff;\"><a style=\"color: #0000ff;\" href=\"https:\/\/play.google.com\/books\/reader?id=nthOAQAAIAAJ&amp;pg=GBS.PA115&amp;hl=nl\">pag. 115<\/a><\/span>. Chr. Kelch, \u201cLiefl\u00e4ndische Historia 2, Continuation 1690 bis 1707\u201d, Dorpat 1875, pag. 249.<br \/>\n5. Riksarkivet Sverige, 1112.1. Riksregistraturet 1523-1718, B\/629, <span style=\"color: #0000ff;\"><a style=\"color: #0000ff;\" href=\"https:\/\/sok.riksarkivet.se\/bildvisning\/A0039124_00077#?c=&amp;m=&amp;s=&amp;cv=76&amp;xywh=182%2C557%2C3903%2C2295\">folio 66<\/a><\/span>. Z. Topelius, &#8220;The surgeon&#8217;s stories&#8221;, deel 3, &#8220;Times of Charles XII&#8221; (vert.), Chicago 1884, <span style=\"color: #0000ff;\"><a style=\"color: #0000ff;\" href=\"https:\/\/babel.hathitrust.org\/cgi\/pt?id=nyp.33433067347421&amp;view=1up&amp;seq=65&amp;q1=meyerfelt\">pag. 57<\/a><\/span>.<\/span><\/span><\/span><br \/>\n<span style=\"color: #000000; font-size: 10pt;\">6. G. Adlerfeld,, \u201cHistoire Militaire de Charles XII, Roi de Su\u00e8de\u201d, Amsterdam 1740, deel 1, <span style=\"color: #0000ff;\"><a style=\"color: #0000ff;\" href=\"https:\/\/meijenfeldt.nl\/?page_id=21276\">pag. 254<\/a><\/span>. M. Ranft, \u00a0<span style=\"color: #0000ff;\"><a style=\"color: #0000ff;\" href=\"http:\/\/digital.slub-dresden.de\/werkansicht\/dlf\/68191\/293\/0\/\">pag. 280<\/a><\/span>.<\/span><br \/>\n<span style=\"color: #000000; font-size: 10pt;\">7. J.A. Nordberg, deel 1, <span style=\"color: #0000ff;\"><a style=\"color: #0000ff;\" href=\"https:\/\/meijenfeldt.nl\/?page_id=9129\">pag. 193-194<\/a><\/span>. G. Jonasson, \u201cKarl XII:s Polskapolitik 1702-1703\u201d, Studia Historica Upsaliensa deel 27, pag. 13-14. H.E. Uddgren, \u201cF\u00e4ltt\u00e5gen 1701-1706\u201d, in S.E. Bring, \u201cKarl XII\u201d, Stockholm 1918, pag. 225.<\/span><br \/>\n<span style=\"color: #000000; font-size: 10pt;\">8. Riksarkivet Sverige, 1112.1. Riksregistraturet 1523-1718, B\/<\/span><span style=\"color: #000000; font-size: 10pt;\">629, <a href=\"https:\/\/sok.riksarkivet.se\/bildvisning\/A0039124_00345#?c=&amp;m=&amp;s=&amp;cv=344&amp;xywh=753%2C920%2C4581%2C2694\"><span style=\"color: #0000ff;\">folio 339<\/span><\/a>, <\/span><span style=\"color: #000000; font-size: 10pt;\">&#8220;\u00d6fwerste fullmakt f\u00f6r Johan August Meijerfelt&#8221;. E. Brunner, \u201cCarolus Rex, Karl XII \u2013 hans liv i sanning \u00e5terber\u00e4ttat\u201d, 2005, biografische roman, pag. 197, noemt hem al bij de verwikkelingen in Riga \u201c\u00f6verst\u201d, het Zweedse equivalent voor kolonel. Nilsson wijst er op dat de wapenbrief \u00a0zijn promotie op 18 februari 1702 dateert. Ook G. Elgenstierna \u201cDen introducerade svenska adelns \u00e4ttertavlor\u201d, Stockholm 1930, deel V, <span style=\"color: #0000ff;\"><a style=\"color: #0000ff;\" href=\"https:\/\/www.adelsvapen.com\/genealogi\/Meijerfeldt_nr_59\">pag. 227<\/a><\/span>, noemt deze datum.<br \/>\n9. Riksarkivet Sverige, 1112.1. Riksregistraturet 1523-1718, B\/629, <a href=\"https:\/\/sok.riksarkivet.se\/bildvisning\/A0039124_00387#?c=&amp;m=&amp;s=&amp;cv=386&amp;xywh=2206%2C619%2C3903%2C2295\"><span style=\"color: #0000ff;\">folio 380<\/span><\/a>, &#8220;Till \u00d6fwerste Meijerfelt ang\u00e5ende Westmanlanz regementens marche och Hummerhielms afmarche samt lifregementes f\u00f6rpl\u00e4gning till fu\u03b2\u00a0 och Dragonerne&#8221;.<br \/>\n<\/span><\/p>\n","protected":false},"excerpt":{"rendered":"<p>Johann August von Meijerfeldt blijft in Polangen de bezit\u00adtingen van Sapieha in Neder-Litouwen beschermen. Op 15 oktober 1701 komt koning Karel XII met maar weinig begeleiders naar hem toe en gebiedt ieder zijn aanwezigheid geheim te houden. Met z&#8217;n twee\u00ebn bezoeken ze in het stadje Repsin het monnikenklooster. De prior ontvangt de Zweedse officier met &hellip; <a href=\"https:\/\/meijenfeldt.nl\/?page_id=19702\" class=\"more-link\">Verder lezen <span class=\"screen-reader-text\">1.4.1. Oponthoud in Litouwen<\/span><\/a><\/p>\n","protected":false},"author":1,"featured_media":0,"parent":0,"menu_order":0,"comment_status":"closed","ping_status":"closed","template":"","meta":{"footnotes":""},"class_list":["post-19702","page","type-page","status-publish","hentry"],"_links":{"self":[{"href":"https:\/\/meijenfeldt.nl\/index.php?rest_route=\/wp\/v2\/pages\/19702","targetHints":{"allow":["GET"]}}],"collection":[{"href":"https:\/\/meijenfeldt.nl\/index.php?rest_route=\/wp\/v2\/pages"}],"about":[{"href":"https:\/\/meijenfeldt.nl\/index.php?rest_route=\/wp\/v2\/types\/page"}],"author":[{"embeddable":true,"href":"https:\/\/meijenfeldt.nl\/index.php?rest_route=\/wp\/v2\/users\/1"}],"replies":[{"embeddable":true,"href":"https:\/\/meijenfeldt.nl\/index.php?rest_route=%2Fwp%2Fv2%2Fcomments&post=19702"}],"version-history":[{"count":100,"href":"https:\/\/meijenfeldt.nl\/index.php?rest_route=\/wp\/v2\/pages\/19702\/revisions"}],"predecessor-version":[{"id":65795,"href":"https:\/\/meijenfeldt.nl\/index.php?rest_route=\/wp\/v2\/pages\/19702\/revisions\/65795"}],"wp:attachment":[{"href":"https:\/\/meijenfeldt.nl\/index.php?rest_route=%2Fwp%2Fv2%2Fmedia&parent=19702"}],"curies":[{"name":"wp","href":"https:\/\/api.w.org\/{rel}","templated":true}]}}