{"id":19684,"date":"2019-09-20T14:46:44","date_gmt":"2019-09-20T14:46:44","guid":{"rendered":"http:\/\/meijenfeldt.nl\/?page_id=19684"},"modified":"2020-02-18T08:36:38","modified_gmt":"2020-02-18T08:36:38","slug":"carlson-karl-xiis-bref","status":"publish","type":"page","link":"https:\/\/meijenfeldt.nl\/?page_id=19684","title":{"rendered":"Carlson: Karl XII:s bref"},"content":{"rendered":"<p style=\"text-align: justify;\"><span style=\"font-size: 14pt;\"><b>Ernst Carlson, \u201cKoning Karl XII:s egenh\u00e4ndiga bref\u201d, Stockholm 1893.<\/b><\/span><\/p>\n<p><span style=\"color: #0000ff;\"><a style=\"color: #0000ff;\" href=\"https:\/\/babel.hathitrust.org\/cgi\/pt?id=inu.30000053834564;view=2up;seq=20;skin=mobile\">Inneh\u00e5ll<\/a><\/span>.<\/p>\n<p>Senare afdelningen. Till enskilde personer. IV. Johan August Meijerfelt.<\/p>\n<p><span style=\"color: #0000ff;\"><a style=\"color: #0000ff;\" href=\"https:\/\/babel.hathitrust.org\/cgi\/pt?id=inu.30000053834564;view=2up;seq=30;skin=mobile\">Pag. vii<\/a><\/span>.<\/p>\n<p>M.s bref afs\u00e4ndes t. ex. \u00abi en penna stoppadt\u00bb (n:r 243). = met gevulde pen.<\/p>\n<p><span style=\"color: #0000ff;\"><a style=\"color: #0000ff;\" href=\"https:\/\/babel.hathitrust.org\/cgi\/pt?id=inu.30000053834564;view=2up;seq=50;skin=mobile\">Pag. xxv.<\/a><\/span><\/p>\n<p>M. stod h\u00f6g i gunst.<\/p>\n<p><span style=\"color: #0000ff;\"><a style=\"color: #0000ff;\" href=\"https:\/\/babel.hathitrust.org\/cgi\/pt?id=inu.30000053834564;view=2up;seq=58;skin=mobile\">Pag. xxxii-xxxiii.<\/a><\/span><\/p>\n<p>Brieven aan M. om te brandschatten en straffen voor Poolse aanhanger van Augustus II de Sterke.<\/p>\n<p><span style=\"color: #0000ff;\"><a style=\"color: #0000ff;\" href=\"https:\/\/babel.hathitrust.org\/cgi\/pt?id=hvd.hnnczt&amp;view=2up&amp;seq=176\">Pag. 108-109<\/a><\/span>. Aan zuster Ulrike Eleonore.<\/p>\n<p>Bender 19-12-1710. \u201cSedan iagh skrifvit mitt brefv, s\u00e5 \u00e4r i dagh Mejerfelt hitkommen och brakt mon coeurs n\u00e5digsta h\u00e4lsningh.\u201d<\/p>\n<p>(Mejerfelt \u00e5ter kom i slutet af 1710 till Bender)<\/p>\n<p>Bender 17-01-1711. \u201ds\u00e5 har iagh f\u00e5tt trenne min ki\u00e4resta systers h\u00e5digste brefv, ett medh Mejerfelt och tvenne senare.\u201d<\/p>\n<p><span style=\"color: #0000ff;\"><a style=\"color: #0000ff;\" href=\"https:\/\/babel.hathitrust.org\/cgi\/pt?id=hvd.hnnczt&amp;view=2up&amp;seq=214\">Pag. 146.<\/a><\/span>\u00a0Aan zuster Ulrike Eleonore.<\/p>\n<p>Mynkgut p\u00e5 Rygen 29-09-1715. \u201cSom l\u00e4genheet nu h\u00e4rifr\u00e5n afg\u00e5r med gr. Mejerfelt, s\u00e5 kan iagh&#8230;\u201d<\/p>\n<p><span style=\"color: #0000ff;\"><a style=\"color: #0000ff;\" href=\"https:\/\/babel.hathitrust.org\/cgi\/pt?id=inu.30000053834564;view=2up;seq=240;skin=mobile\">Pag. 167.<\/a><\/span>\u00a0Aan zuster Ulrike Eleonore.<\/p>\n<p>Lund, 11-03-1717. Veel lui vetrekken naar de bruiloft M. i Vittsk\u00f6vle, maar zelf heeft de koning daarvoor geen tijd.<\/p>\n<p><span style=\"color: #0000ff;\"><a style=\"color: #0000ff;\" href=\"https:\/\/babel.hathitrust.org\/cgi\/pt?id=inu.30000053834564;view=2up;seq=340;skin=mobile\">Pag. 266-267.<\/a><\/span>\u00a0Aan Rehnski\u00f6ld.<\/p>\n<p>Lemberg 31-08-1704. M.s overwinning bij Posen en verlies van zijn bagage.<\/p>\n<p>Lemberg 03-09-1704. M. moet zich met hem samenvoegen.<\/p>\n<p><span style=\"color: #0000ff;\"><a style=\"color: #0000ff;\" href=\"https:\/\/babel.hathitrust.org\/cgi\/pt?id=inu.30000053834564;view=2up;seq=354;skin=mobile\">Pag. 281.<\/a><\/span>\u00a0Aan Stenbock.<\/p>\n<p>Olesnice 16-11-1702. M. kan niet worden gestuurd, is voor andere missies nodig.<\/p>\n<p><span style=\"color: #0000ff;\"><a style=\"color: #0000ff;\" href=\"https:\/\/babel.hathitrust.org\/cgi\/pt?id=hvd.hnnczt&amp;view=2up&amp;seq=350\">Pag. 283<\/a><\/span>. Aan Stenbock.<\/p>\n<p>Olsnitsa 11-1702. Koning kan M. niet missen.<\/p>\n<p><span style=\"color: #0000ff;\"><a style=\"color: #0000ff;\" href=\"https:\/\/babel.hathitrust.org\/cgi\/pt?id=inu.30000053834564;view=2up;seq=368;skin=mobile\">Pag. 294.<\/a><\/span>\u00a0Aan Stenbock.<\/p>\n<p>Lublin, 01-1703. M. ligt in de zuidoostelijke vestingsstad Zomosc, die hij innam na weerspannigheid.<\/p>\n<p><span style=\"color: #0000ff;\"><a style=\"color: #0000ff;\" href=\"https:\/\/babel.hathitrust.org\/cgi\/pt?id=hvd.hnnczt&amp;view=2up&amp;seq=400\">Pag. 333<\/a><\/span>. Aan Horn.<\/p>\n<p>Novemasto 01-06-1704. M. mag zijn geld uit Dantzig niet verliezen.<\/p>\n<p><span style=\"color: #0000ff;\"><a style=\"color: #0000ff;\" href=\"https:\/\/babel.hathitrust.org\/cgi\/pt?id=inu.30000053834564;view=2up;seq=410;skin=mobile\">Pag. 337-344.<\/a><\/span>\u00a0Aan Meijerfelt.<\/p>\n<p>10 brieven in de periode 1701-1705.<\/p>\n<p><span style=\"color: #0000ff;\"><a style=\"color: #0000ff;\" href=\"https:\/\/babel.hathitrust.org\/cgi\/pt?id=hvd.hnnczt&amp;view=2up&amp;seq=482\">Pag. 414<\/a><\/span>. Aan Admiraliteitscollege.<\/p>\n<p>Karlstad 22-02-1716. Uitrusting van de vloot door M.<\/p>\n","protected":false},"excerpt":{"rendered":"<p>Ernst Carlson, \u201cKoning Karl XII:s egenh\u00e4ndiga bref\u201d, Stockholm 1893. Inneh\u00e5ll. Senare afdelningen. Till enskilde personer. IV. Johan August Meijerfelt. Pag. vii. M.s bref afs\u00e4ndes t. ex. \u00abi en penna stoppadt\u00bb (n:r 243). = met gevulde pen. Pag. xxv. M. stod h\u00f6g i gunst. Pag. xxxii-xxxiii. Brieven aan M. om te brandschatten en straffen voor Poolse &hellip; <a href=\"https:\/\/meijenfeldt.nl\/?page_id=19684\" class=\"more-link\">Verder lezen <span class=\"screen-reader-text\">Carlson: Karl XII:s bref<\/span><\/a><\/p>\n","protected":false},"author":1,"featured_media":0,"parent":0,"menu_order":0,"comment_status":"closed","ping_status":"closed","template":"","meta":{"footnotes":""},"class_list":["post-19684","page","type-page","status-publish","hentry"],"_links":{"self":[{"href":"https:\/\/meijenfeldt.nl\/index.php?rest_route=\/wp\/v2\/pages\/19684","targetHints":{"allow":["GET"]}}],"collection":[{"href":"https:\/\/meijenfeldt.nl\/index.php?rest_route=\/wp\/v2\/pages"}],"about":[{"href":"https:\/\/meijenfeldt.nl\/index.php?rest_route=\/wp\/v2\/types\/page"}],"author":[{"embeddable":true,"href":"https:\/\/meijenfeldt.nl\/index.php?rest_route=\/wp\/v2\/users\/1"}],"replies":[{"embeddable":true,"href":"https:\/\/meijenfeldt.nl\/index.php?rest_route=%2Fwp%2Fv2%2Fcomments&post=19684"}],"version-history":[{"count":17,"href":"https:\/\/meijenfeldt.nl\/index.php?rest_route=\/wp\/v2\/pages\/19684\/revisions"}],"predecessor-version":[{"id":23369,"href":"https:\/\/meijenfeldt.nl\/index.php?rest_route=\/wp\/v2\/pages\/19684\/revisions\/23369"}],"wp:attachment":[{"href":"https:\/\/meijenfeldt.nl\/index.php?rest_route=%2Fwp%2Fv2%2Fmedia&parent=19684"}],"curies":[{"name":"wp","href":"https:\/\/api.w.org\/{rel}","templated":true}]}}