{"id":19584,"date":"2019-09-18T12:17:36","date_gmt":"2019-09-18T12:17:36","guid":{"rendered":"http:\/\/meijenfeldt.nl\/?page_id=19584"},"modified":"2019-09-27T15:07:46","modified_gmt":"2019-09-27T15:07:46","slug":"historiska-handlingar","status":"publish","type":"page","link":"https:\/\/meijenfeldt.nl\/?page_id=19584","title":{"rendered":"Historiska Handlingar"},"content":{"rendered":"<p><span style=\"font-size: 14pt;\"><b>\u201d<span style=\"color: #0000ff;\"><a style=\"color: #0000ff;\" href=\"http:\/\/kungligasamfundet.se\/historiska-handlingar\/\"><strong>Historiska Handlingar<\/strong><\/a><\/span>\u201d, <\/b><strong>Kongl. Samfundet f\u00f6r utgifvande af Handskrifter r\u00f6rande Skandinaviens historia,\u00a0\u00a041 delen, Stockholm 1861-1979.<\/strong><\/span><\/p>\n<p>(voorganger: <span style=\"color: #008000;\"><a style=\"color: #008000;\" href=\"https:\/\/meijenfeldt.nl\/?page_id=19337\">Handl. r\u00f6r. Skand. Hist.<\/a>\u00a0<span style=\"color: #000000;\">1816-1860)<\/span><\/span><\/p>\n<p><b>Deel 1<\/b><\/p>\n<p><span style=\"color: #0000ff;\"><a style=\"color: #0000ff;\" href=\"https:\/\/babel.hathitrust.org\/cgi\/pt?id=uc1.a0002708493;view=2up;seq=372;skin=mobile\">Pag. 351<\/a>. <span style=\"color: #000000;\">J\u00e4gerhorn weigert naar Anjala te komen.<\/span><\/span><\/p>\n<p><span style=\"color: #0000ff;\"><a style=\"color: #0000ff;\" href=\"https:\/\/babel.hathitrust.org\/cgi\/pt?id=uc1.a0002708493;view=2up;seq=374;skin=mobile\">Pag. 353<\/a><\/span>. M. neemt het bevel in Anjala.<\/p>\n<p><span style=\"color: #0000ff;\"><a style=\"color: #0000ff;\" href=\"https:\/\/babel.hathitrust.org\/cgi\/pt?id=uc1.a0002708493;view=2up;seq=386;skin=mobile\">Pag. 365.<\/a><\/span> Bericht aan M.<\/p>\n<p><b>Deel 7<br \/>\n<\/b><\/p>\n<p><span style=\"color: #0000ff;\"><a style=\"color: #0000ff;\" href=\"https:\/\/babel.hathitrust.org\/cgi\/pt?id=nyp.33433066621131;view=2up;seq=144;skin=mobile\">Pag. 132.<\/a><\/span> M. en generaal Armfeldt.<\/p>\n<p style=\"text-align: justify;\"><span style=\"color: #000000;\">Pag. 194. Brefvexling mellan konung Carl XII och R\u00e5det. 293. Meijerfelts utn\u00e4mning till vice Gouverneur i Pommern. Bender d. 4 Julij 1711.<\/span><\/p>\n<p><strong><span style=\"color: #000000;\">Deel 9<\/span><\/strong><\/p>\n<p><span style=\"color: #0000ff;\"><a style=\"color: #0000ff;\" href=\"https:\/\/babel.hathitrust.org\/cgi\/pt?id=nyp.33433066621164&amp;view=1up&amp;seq=220\">Pag. 190-191<\/a> <\/span>Brefvexling mellan konung Carl XII och R\u00e5det. 421. Om n\u00e5gra nya regementens \u00f6fverf\u00f6rande till Pommern. Bender, 21 Febr. 1712.<\/p>\n<p><b>Deel 24<\/b><\/p>\n<p>zie A. Lewenhaupt, \u201cLeonhard Kaggs Dagbok 1698-1722\u201d, Stockholm 1912.<\/p>\n<p><b>Deel 34<\/b><\/p>\n<p>2. zie A.L. Lewenhaupt<b><u><\/u><\/b>, \u201cAdam Ludvig Lewenhaupts Ber\u00e4ttelse\u201d, f\u00f6rord S.E. Bring, Stockholm 1952<\/p>\n","protected":false},"excerpt":{"rendered":"<p>\u201dHistoriska Handlingar\u201d, Kongl. Samfundet f\u00f6r utgifvande af Handskrifter r\u00f6rande Skandinaviens historia,\u00a0\u00a041 delen, Stockholm 1861-1979. (voorganger: Handl. r\u00f6r. Skand. Hist.\u00a01816-1860) Deel 1 Pag. 351. J\u00e4gerhorn weigert naar Anjala te komen. Pag. 353. M. neemt het bevel in Anjala. Pag. 365. Bericht aan M. Deel 7 Pag. 132. M. en generaal Armfeldt. Pag. 194. Brefvexling mellan konung &hellip; <a href=\"https:\/\/meijenfeldt.nl\/?page_id=19584\" class=\"more-link\">Verder lezen <span class=\"screen-reader-text\">Historiska Handlingar<\/span><\/a><\/p>\n","protected":false},"author":1,"featured_media":0,"parent":0,"menu_order":0,"comment_status":"closed","ping_status":"closed","template":"","meta":{"footnotes":""},"class_list":["post-19584","page","type-page","status-publish","hentry"],"_links":{"self":[{"href":"https:\/\/meijenfeldt.nl\/index.php?rest_route=\/wp\/v2\/pages\/19584","targetHints":{"allow":["GET"]}}],"collection":[{"href":"https:\/\/meijenfeldt.nl\/index.php?rest_route=\/wp\/v2\/pages"}],"about":[{"href":"https:\/\/meijenfeldt.nl\/index.php?rest_route=\/wp\/v2\/types\/page"}],"author":[{"embeddable":true,"href":"https:\/\/meijenfeldt.nl\/index.php?rest_route=\/wp\/v2\/users\/1"}],"replies":[{"embeddable":true,"href":"https:\/\/meijenfeldt.nl\/index.php?rest_route=%2Fwp%2Fv2%2Fcomments&post=19584"}],"version-history":[{"count":18,"href":"https:\/\/meijenfeldt.nl\/index.php?rest_route=\/wp\/v2\/pages\/19584\/revisions"}],"predecessor-version":[{"id":19923,"href":"https:\/\/meijenfeldt.nl\/index.php?rest_route=\/wp\/v2\/pages\/19584\/revisions\/19923"}],"wp:attachment":[{"href":"https:\/\/meijenfeldt.nl\/index.php?rest_route=%2Fwp%2Fv2%2Fmedia&parent=19584"}],"curies":[{"name":"wp","href":"https:\/\/api.w.org\/{rel}","templated":true}]}}