{"id":18673,"date":"2019-08-24T09:55:42","date_gmt":"2019-08-24T09:55:42","guid":{"rendered":"http:\/\/meijenfeldt.nl\/?page_id=18673"},"modified":"2025-09-15T07:14:09","modified_gmt":"2025-09-15T07:14:09","slug":"1-3-in-de-zweedse-adelstand","status":"publish","type":"page","link":"https:\/\/meijenfeldt.nl\/?page_id=18673","title":{"rendered":"1.3.4. Zweedse adel"},"content":{"rendered":"<p style=\"text-align: justify;\"><span style=\"color: #000000; text-align: justify;\">In Stockholm\u00a0<\/span><span style=\"color: #000000;\">verheft koning Karel XI<\/span><span style=\"color: #000000;\">\u00a0<\/span><span style=\"color: #000000;\">de inmiddels 44-jarige Andreas Meijer o<\/span><span style=\"color: #000000; text-align: justify;\">p 24 november 1674 in de Zweedse adelstand. <\/span><span style=\"color: #0000ff;\"><span style=\"color: #000000;\">Of Andreas persoonlijk voor deze plechtigheid naar Stockholm is overgekomen moet worden betwijfeld.\u00a0<\/span><\/span><span style=\"color: #000000; text-align: justify;\">In de brief staat dat Meijer vanaf zijn jeugd zowel in binnen- als buitenland uitstekende diensten heeft bewezen, met name in de oorlogen van de vader van de jonge koning. Hij <\/span><span style=\"color: #000000;\">verwacht nog verdere bestuurlijke vaardigheden.\u00a0<\/span><span style=\"color: #000000; text-align: justify;\">De koning wil Meijer met hoge waardigheid bekleden. Zijn adelsrang is &#8220;<em>obetitlad<\/em>&#8221; (zonder titel). Zijn achternaam wordt uitgebreid van &#8220;<em>Meijer<\/em>&#8221; tot &#8220;<em>Meijerfelt<\/em>&#8220;. Hij krijgt een wapenschild en daarnaast nog giften.<\/span><\/p>\n<p style=\"text-align: justify;\"><span style=\"color: #000000;\">De wapenbrief wordt in 1675 ge\u00efmmatriculeerd (ingeschreven) en ge\u00efntroduceerd in het Ridderhuis in Stockholm.\u00a0<\/span><span style=\"color: #000000;\">Een netschrift van de schildbrief met nauwkeurige tekening van het wapenschild wordt gedeponeerd, samen met een genealogie van de familie. Het imposante paleis in het hart van het oude stad is net na 34 jaar bouwen geopend. Op volgorde van hun onderlinge rang en nummer <\/span><span style=\"color: #000000;\">nemen de adellijke leden van de Rijksdag <\/span><span style=\"color: #000000;\">plaats op de genummerde banken o<\/span><span style=\"color: #000000;\">nder een plafondschildering vol symboliek. Hun wapenschilden zijn aan de muur bevestigd. <\/span><span style=\"color: #0000ff;\"><a style=\"color: #0000ff;\" href=\"#voetnoot\">(1)<\/a>\u00a0<\/span><\/p>\n<p style=\"text-align: justify;\"><span style=\"color: #000000; text-align: justify;\">Misschien wel het belangrijkste gevolg van de introductie in het Ridderhuis zijn de daaruit voortvloeiende <\/span><span style=\"color: #000000;\">privileges, vrijheden en rechten. In de Grondwet van 1634, het adellijke privilegedocumenten uit 1569 en opeenvolgende decreten van koningen zijn deze bevestigd en uitgebreid. Zijn <\/span><span style=\"color: #000000;\">economische privileges bestaan uit een keur aan vrijstellingen van belastingen, de mogelijkheid om zelf belasting te innen van burgers en boeren op zijn landgoederen en nog meer financi\u00eble voordelen. Zo heeft hij bijvoorbeeld jacht-, water, kap- en mijnbouwprivileges en mag hij vrij jagen, vissen, bomen vellen en grondstoffen delven op zijn landgoederen. Dat laatste tegen een kleine vergoeding aan de koning, aan wie hij een dertigste van de opbrengst moet afdragen. Dit deel van het privilegedocument leest als een gedetailleerde fiscale regeling en doet denken aan de verlening van stadsrechten.<\/span><\/p>\n<p style=\"text-align: justify;\"><span style=\"color: #000000;\">Door de bestuurlijke privileges komen bepaalde hoge ambten voor Andreas beschikbaar, die zijn voorbehouden of eerst worden aangeboden aan de adel. Hij krijgt het patronaatsrecht om zelf de pastoor op zijn landgoed te benoemen. De koning treedt niet in de relatie tussen de adel en burgers en boeren op zijn landgoed. Geschillen die ontstaan mag hij zelf beslechten. Zodra zijn eigen positie in het geding is door misdaden of misdragingen waardoor hij leven, eer, adellijke vrijheid en privileges, eigendom of erfrecht kan verspelen, dan heeft hij het recht om beoordeeld te worden door gelijken. De zaak moet eerst onderzocht worden door de provincieraad of bij lagere rechtbanken. De beoordeling van de feiten is voorbehouden aan het gerechtshof.<\/span><\/p>\n<p style=\"text-align: justify;\"><span style=\"color: #000000;\">Het belangrijkste politieke privilege is deelname aan de nationale of landelijke vergaderingen. De adel heeft het recht en de plicht om een persoon als vertegenwoordiger daarin te kiezen. Meestal is dat het hoofd van de familie. De adel van het \u2018eigenlijke\u2019 Zweden wordt vertegenwoordigd in de Rijksdag te Stockholm en van de buitengewesten (<em>uthrijkes<\/em> <em>provincierne<\/em>) als <\/span><span style=\"color: #000000;\">Lijfland <\/span><span style=\"color: #000000;\">in de Landdag. In deze vergaderingen heeft de adel een sterke positie. De stemming verloopt per stand, maar de adel kan niet overstemd worden door de andere drie standen: geestelijken, burgers en boeren. Bij het toepasselijke recht tussen beide vergaderingen is er niet zoveel verschil, omdat de absolutistische vorst Karel XI in beide gevallen het Zweedse kerkrecht en teruggave van landgoederen aan de kroon oplegt. Het eerste roept geen spanningen op bij de overwegend Lutherse elite, ook van Estland en Lijfland, maar het tweede des te meer. Andreas Meijer is tot dan geen grootgrondbezitter; zijn loyaliteit ligt nergens anders dan bij zijn Zweedse heren en meesters. In die zin zal Andreas volgens sommigen helemaal passen binnen het verwijt dat de adel een stal van trouwe ambtenaren is die de koning dienen.\u00a0<\/span><\/p>\n<p style=\"text-align: justify;\"><span style=\"color: #000000;\">Een laatste privilege is dat het Andreas vergund is zijn nieuwe wapenschild te voeren in adellijke en ridderlijke zaken. Hieronder worden verstaan samenkomsten, veldslagen, bestormingen, toernooien, ringsteken en andere vermakelijke en ernstige aangelegenheden.<\/span><\/p>\n<p style=\"text-align: justify;\"><span style=\"color: #000000;\">De adeldom is tweezijdig erfelijk. Enerzijds zijn de opvolgers van koning Karel XI er aan gebonden, behoudens de mogelijkheid deze in te trekken vanwege ernstige misdaden als landverraad. Anderzijds kan het nageslacht van Meijer er dezelfde rechten aan ontlenen, mits uit\u00a0 echtverbintenis. De 12-jarige Carl Friedrich, de 10-jarige Johann August en de 7-jarige Wolmar Johann worden hierdoor op dezelfde 24 november van adel en weten dat al hun echte nakomelingen deze Zweedse adelstand blijvend meekrijgen. Bij hun vader was het uit verdienste, bij henzelf en hun toekomstige kinderen vanwege hun afkomst.\u00a0<\/span><\/p>\n<p style=\"text-align: justify;\"><span style=\"color: #000000;\">In de schildbrief schrijft de koning dat Andreas &#8220;een goed lofwoord is gegeven voor zijn dappere en bereidwillige houding&#8221;. Het ligt voor de hand dat dit lofwoord (tegenwoordig zouden we zeggen: de voordracht) afkomstig is van Carl Gustaf von Wrangel. Andreas staat sinds zijn 18<sup>de<\/sup> in zijn trouwe dienst, eerst als officier in zijn leger, dan als hofmeester van zijn halfbroers en daarna als inspecteur van zijn landgoed. <\/span><span style=\"color: #000000;\">Uit een bezoek aan de Bruderschaft der Schwarzenh\u00e4upter in Reval op 6 september 1670 blijkt opnieuw dat Andreas zijn vertrouweling is. Op een gegeven moment roept hij hem bij zich met de opdracht de pokaal van de Broederschap van binnen en buiten te laten vergulden. <\/span><span style=\"color: #0000ff;\"><a style=\"color: #0000ff;\" href=\"#voetnoot\"><span style=\"font-size: 12pt;\">(2<\/span>)<\/a><\/span><\/p>\n<p style=\"text-align: justify;\"><span style=\"color: #000000;\">Wat de adelsbrief niet aan Andreas schenkt is een leengoed. Ook in het matrikelboek staat het niet. een aparte akte van de koning is ook nuiet bekend. Andreas bezit al het landgoed <span style=\"color: #0000ff;\"><a style=\"color: #0000ff;\" href=\"https:\/\/meijenfeldt.nl\/?page_id=41181\">Festen<\/a><\/span> van zijn vader en op enig moment is er sprake van een tweede landgoed Laisholm (<em>J\u00f5geva<\/em>), 30 kilometer ten oosten van Oberpahlen. <span style=\"color: #0000ff;\"><a style=\"color: #0000ff;\" href=\"#voetnoot\">(3)<\/a><\/span> Het ligt op het landgoed rondom het riddergoed Lais, ook eigendom van de familie Von Wrangel.\u00a0<\/span><span style=\"color: #000000;\">De leengoederen en van belastingen\u00a0 vrijgestelde landgoederen beslaan twee derde van het Zweedse rijk. Deze beperkte heffingskracht van de kroon zal snel aanleiding vormen voor reductie van landgoederen. Vanuit de koning gezien gaat het om terugvorderen van een lening en be\u00ebindigen van een tijdelijke vrijstelling, maar vanuit de adel wordt het gezien als diefstal.<\/span><\/p>\n<p><a href=\"http:\/\/www.ra.ee\/fcgi-bin\/iipsrv.fcgi?FIF=\/mnt\/saaga_laiendus\/saaga\/estica\/kaardid\/lva7404\/003\/0000329\/lva7404_003_0000329_00001_k.tif&amp;wid=4000&amp;hei=4000&amp;qlt=100&amp;cvt=jpeg\"><img loading=\"lazy\" decoding=\"async\" class=\"wp-image-34634 aligncenter\" src=\"https:\/\/meijenfeldt.nl\/wp-content\/uploads\/2020\/11\/Laisholm-209x300.jpg\" alt=\"\" width=\"428\" height=\"614\" srcset=\"https:\/\/meijenfeldt.nl\/wp-content\/uploads\/2020\/11\/Laisholm-209x300.jpg 209w, https:\/\/meijenfeldt.nl\/wp-content\/uploads\/2020\/11\/Laisholm.bmp 549w\" sizes=\"auto, (max-width: 428px) 100vw, 428px\" \/><\/a><\/p>\n<p style=\"text-align: center;\"><img loading=\"lazy\" decoding=\"async\" class=\"wp-image-491 aligncenter\" src=\"https:\/\/meijenfeldt.nl\/wp-content\/uploads\/2016\/09\/image014.gif\" alt=\"\" width=\"422\" height=\"243\" \/><span style=\"font-size: 10pt; color: #000000;\"><em>Laisholm<\/em><\/span><\/p>\n<p style=\"text-align: justify;\"><span style=\"color: #000000;\">Tegenover de reductie van landgoederen staat een ruimhartige verheffing in de adelstand. Karel XI vindt dat a<\/span><span style=\"color: #000000;\">lle hogere militaire officieren van adel moeten zijn, dus dat moet bij Andreas aangezuiverd worden. Bovendien beoogt hij de loyaliteit van de <\/span><span style=\"color: #000000;\">Duits-Balten in Lijfland te vergroten, maar Andreas staat al onder Zweedse bescherming, anders dan de meer zuidelijke landgenoten die zich vroeger door Polen hadden laten beschermen. Tenslotte hoopt hij zijn leger hiermee te versterken omdat <\/span><span style=\"color: #000000;\">in<\/span><span style=\"color: #000000;\">\u00a0de periode 1672-1674<\/span> <span style=\"color: #000000;\">oorlog dreigt. <\/span><span style=\"color: #000000;\">Op het moment dat de koning 18 jaar wordt erft hij een lege oorlogskas. Net als de Engelse koning ruilt hij de toch al lucratieve Triple Alliantie met de Republiek in tegen de expansiepolitiek van Lodewijk XIV en diens nog overvloediger s<\/span><span style=\"color: #000000;\">teekpenningen, ook\u00a0<\/span><span style=\"color: #000000;\">om Denemarken-Noorwegen dwars te zitten. In 1674 belooft Frankrijk het bedrag flink te verhogen als Zweden met 22.000 man Brandenburg binnenvalt.\u00a0<\/span><\/p>\n<p style=\"text-align: justify;\"><span style=\"color: #000000;\">Hoewel Andreas zijn adelstand als uniek zal ervaren, is dat in deze periode zeker niet zo. Vanaf halverwege de eeuw neemt de adel in omvang enorm toe; met officieren, geestelijken en vooraanstaande zakenlieden. De oorlogen, handel en het uitdijende staatsbestuur cre\u00ebren een onverzadigbare behoefte aan goed opgeleide en bekwame bestuurders. De natuurlijke drang van de adel om zich voort te planten is onvoldoende om in deze behoefte te voorzien. De voortdurende oorlogen die het leven van menig edelman eist, helpen daar niet bij. Die oorlogen vragen op zichzelf ook om trouwe onderdanen. Door verheffing in de adelstand bindt de koning hen dichter aan het koningshuis en verkleint daarmee het relatieve aandeel van tegenstanders in de adel.\u00a0<\/span><\/p>\n<p style=\"text-align: justify;\"><span style=\"color: #000000;\">Het rekruteren van nieuwe adel vormt het antwoord op deze behoeftes. Aan het begin van deze eeuw bestond de adel uit vijfentwintig families. Vijfentwintig jaar later is dat aantal gegroeid tot honderdtwee\u00ebnzestig. Op het moment dat Andreas de koninklijke gratie in ontvangst mag nemen, is dit aantal ge\u00ebxplodeerd tot bijna duizend families. In absolute zin klinkt dat als veel. Afgezet tegen het inwonertal in Zweden, Finland, Lijfland en Pommeren valt dit aantal mee. Het gaat om minder dan een half procent op een populatie van anderhalf miljoen. In Groot-Brittanni\u00eb en Frankrijk schommelt het aandeel van de adel dan tussen de \u00e9\u00e9n en anderhalve procent. De hoge percentages in Polen en Spanje, die uiteenliepen tussen de zes en acht onderscheidenlijk twaalf en dertien procent, relativeert de Zweedse toename aan edelen. Wat dat betreft, toch relatief uniek, wat Andreas meemaakt. <\/span><\/p>\n<p style=\"text-align: center;\"><span style=\"font-size: 10pt; color: #000000;\"><span style=\"color: #0000ff;\"><a id=\"voetnoot\"><\/a><a style=\"color: #0000ff;\" href=\"https:\/\/meijenfeldt.nl\/?page_id=27230\">Terug<\/a><\/span>\u00a0 \u00a0***\u00a0 \u00a0<span style=\"color: #0000ff;\"><a style=\"color: #0000ff;\" href=\"https:\/\/meijenfeldt.nl\/?page_id=124\">Verder<\/a><\/span><\/span><\/p>\n<p style=\"text-align: justify;\"><span style=\"color: #000000; font-size: 10pt;\"><span style=\"color: #0000ff;\"><span style=\"color: #000000;\">1. Een afbeelding van het adelswapen op een plaat in het Ridderhuis\u00a0\u00a0geeft hier blijk van. Bovendien meldt het Matrikelboek van het Ridderhuis van 1731 dat de introductie destijds in 1675 onder het volgnummer 864 heeft plaatsgevonden. R. Marsson, \u201cDie Schwe\u00addischen General\u00adstatthalter in Stralsund\u201d, Stralsundische Zeitung 9-9-1923. Een aanbeveling voor hem staat al in een brief van 01-07-1646 van Axel Oxenstierna aan Gabriel Bengtsson Oxenstierna, Kansli original in Tuarte Historiska Arkivit 278-1-XVIII:14).<br \/>\n<\/span><\/span><\/span><span style=\"color: #000000; font-size: 10pt;\">2. G. Wrangell, \u201c<span class=\"fn\"><span dir=\"ltr\">Geschichte der Revaler Schwarzenh\u00e4upter<\/span><\/span>:\u00a0<span class=\"subtitle\"><span dir=\"ltr\">ein Beitrag zur Geschichte des deutschen Kaufmanns im Osten\u201d, 1930, <span style=\"color: #0000ff;\"><a style=\"color: #0000ff;\" href=\"file:\/\/\/H:\/Downloads\/est_a_4023_ocr.pdf\">pag. 196-197<\/a><\/span>. Zwarthoofd duidt op de gelaatskleur van patroonheilige St. Mauritius<\/span><\/span><\/span><span style=\"color: #000000; font-size: 10pt;\">. &#8220;Nach Ausweis des Denkelbuches ist der oben erw\u00e4hnte Oberpahlensche Oberinspektor Meyer, der offenbar auch bei K.G. Wr. als dem Bruder seines haupts\u00e4chtlichen Vollmachtgebers, des Besitzers von Oberpahlen, Woldemar Wrangel, eine Vertrauensstellung geno\u03b2, gelegentlich seines vor\u00fcbergehenden Aufenthaltes in Reval, am 27. Febr. 1672 und am 28. Febr. 1673 durch zwei \u00c4lteste der Schwarzenh\u00e4upter an die Ausf\u00fchrung des ihm am 7. Sept. 1670 von K. G. Wr. bei dessen Besuch ihres Hauses gegebenen Auftrages wegen Bestellung eines vergoldeten Pokals voll 100 Lot Gewicht gemahnt worden. Wann der versprochene Pokal den Schwarzenh\u00e4uptern tats\u00e4chlich \u00fcbergeben worden ist, wissen wir nicht<em>.<\/em>&#8221;<br \/>\n3. <span style=\"font-family: georgia, palatino, serif; font-size: 10pt; color: #000000;\">G. Anrep,\u00a0\u201cSvenska Adels \u00c4tters-taflor\u201d, Stockholm 1861,\u00a0<span style=\"color: #0000ff;\"><a style=\"color: #0000ff;\" href=\"http:\/\/runeberg.org\/anrep\/2\/0894.html\">pag. 888-889<\/a><\/span>.<\/span><\/span><\/p>\n","protected":false},"excerpt":{"rendered":"<p>In Stockholm\u00a0verheft koning Karel XI\u00a0de inmiddels 44-jarige Andreas Meijer op 24 november 1674 in de Zweedse adelstand. Of Andreas persoonlijk voor deze plechtigheid naar Stockholm is overgekomen moet worden betwijfeld.\u00a0In de brief staat dat Meijer vanaf zijn jeugd zowel in binnen- als buitenland uitstekende diensten heeft bewezen, met name in de oorlogen van de vader &hellip; <a href=\"https:\/\/meijenfeldt.nl\/?page_id=18673\" class=\"more-link\">Verder lezen <span class=\"screen-reader-text\">1.3.4. Zweedse adel<\/span><\/a><\/p>\n","protected":false},"author":1,"featured_media":0,"parent":0,"menu_order":0,"comment_status":"closed","ping_status":"closed","template":"","meta":{"footnotes":""},"class_list":["post-18673","page","type-page","status-publish","hentry"],"_links":{"self":[{"href":"https:\/\/meijenfeldt.nl\/index.php?rest_route=\/wp\/v2\/pages\/18673","targetHints":{"allow":["GET"]}}],"collection":[{"href":"https:\/\/meijenfeldt.nl\/index.php?rest_route=\/wp\/v2\/pages"}],"about":[{"href":"https:\/\/meijenfeldt.nl\/index.php?rest_route=\/wp\/v2\/types\/page"}],"author":[{"embeddable":true,"href":"https:\/\/meijenfeldt.nl\/index.php?rest_route=\/wp\/v2\/users\/1"}],"replies":[{"embeddable":true,"href":"https:\/\/meijenfeldt.nl\/index.php?rest_route=%2Fwp%2Fv2%2Fcomments&post=18673"}],"version-history":[{"count":92,"href":"https:\/\/meijenfeldt.nl\/index.php?rest_route=\/wp\/v2\/pages\/18673\/revisions"}],"predecessor-version":[{"id":75110,"href":"https:\/\/meijenfeldt.nl\/index.php?rest_route=\/wp\/v2\/pages\/18673\/revisions\/75110"}],"wp:attachment":[{"href":"https:\/\/meijenfeldt.nl\/index.php?rest_route=%2Fwp%2Fv2%2Fmedia&parent=18673"}],"curies":[{"name":"wp","href":"https:\/\/api.w.org\/{rel}","templated":true}]}}