{"id":183,"date":"2016-09-04T16:54:18","date_gmt":"2016-09-04T16:54:18","guid":{"rendered":"http:\/\/wordpress.celinevonmeijenfeldt.nl\/?page_id=183"},"modified":"2024-05-15T07:41:43","modified_gmt":"2024-05-15T07:41:43","slug":"1-8-1-het-anjala-verbond","status":"publish","type":"page","link":"https:\/\/meijenfeldt.nl\/?page_id=183","title":{"rendered":"1.8.1. Anjala-verbond"},"content":{"rendered":"<p style=\"text-align: justify;\"><span style=\"color: #000000;\">Na tien jaar van defensieve manoeuvres van Johann August von Meijerfeldt jr besluit de Zweedse koning Gustaaf III op 22 mei 1788 tot een algehele mobilisatie naar de Zweeds-Russische grens in Finland. Hij komt zelf aan op 8 juni 1788 bij Borg\u00e5 (<i>Porvoo<\/i>), een kustplaats tussen Helsingfors en Lovisa. Hij geeft gehoor aan <\/span><span style=\"color: #000000;\">Britse en Pruisische aandrang<\/span> <span style=\"color: #000000;\">Catharina de Grote een halt toe te roepen na de Eerste Deling van Polen en de annexatie van Zuid-Oekra\u00efne (de Krim en Novorussia) in 1787. Gustaaf zendt zijn sterke vloot de Finse Golf in en versterkt zijn landtroepen langs de grens. Hij bedenkt een grensincident, maar voordat hij het kan uitvoeren vindt er een werkelijk schietincident plaats. O<\/span><span style=\"color: #000000;\">p basis daarvan geeft Gustaaf III de opdracht aan de Savo brigade de grens over te steken en Nyslott in te nemen. Catharina de Grote verklaart hem op 11 juli de oorlog. Gustaaf III is niet onder de indruk en geeft zijn leger opdracht<\/span><span style=\"color: #000000;\"> op drie fronten op te rukken: het noordelijk leger onder Johann August, het zuidelijk leger onder generaal-majoor baron Carl Gustav Armfelt en de vloot onder zijn broer hertog Karel, de jeugdliefde van Brita Horn.<\/span><\/p>\n<p style=\"text-align: justify;\"><span style=\"color: #000000;\">De vloot heeft weinig succes, maar de legers aanvankelijk wel.<\/span><span style=\"color: #000000;\"> Johann August\u00a0 staat aan het hoofd van een brigade van 3.600 man, bestaande uit twee bataljons van de Lijfgarde, drie bataljons van het Lijfregiment van de Koningin-Moeder en \u00e9\u00e9n bataljon van de regimenten van Stackelberg, van Nerike en Vermland, van Elfsborg en van Nyland. Vanuit Helsingfors voert hij een overrompelende opmars uit op weg naar de Russische vesting Fredrikshamn. <\/span><\/p>\n<p style=\"text-align: justify;\"><span style=\"color: #000000;\">Eind juli moet Johann August in Forsby halt houden totdat de belegeringsartillerie met jagers van het bataljon Kymmeneg\u00e5rd zich met hem kunnen verenigen. Zijn brigade is nu 4.500 man sterk en op 6 augustus gaat hij voort naar Lovisa. T<\/span><span style=\"color: #000000;\">ekorten in uitrusting, ammunitie en voorraden en onvoldoende samenhang en voorbereiding in de hoogste krijgslagen dwingen Johann August daar wederom halt te houden. Hij uit zijn misnoegen over de onvoldoende en nalatige uit\u00adrusting van het Zweedse leger op krachtige wijze. Hij zou bij deze gelegenheid &#8211; zoals hij wel vaker deed &#8211; met zijn ontslag hebben gedreigd. <span style=\"color: #0000ff;\"><a style=\"color: #0000ff;\" href=\"#voetnoot\">(1)<\/a><\/span><\/span><\/p>\n<p style=\"text-align: justify;\"><span style=\"color: #000000;\">Een veel ernstiger kwestie noodzaakt hem vlak voor Fredrikshamn noordelijk af te buigen naar de koning in Anjala, waar hij op 12 augustus aankomt. Buiten zijn medeweten ondertekenen 113 officieren daar die dag het zogenaamde Anjala-verbond. De Finse regimenten besluiten niet meer de grens te zullen oversteken. Een groep Zweedse officieren had eerder een <em>note verbale <\/em>opgesteld, waarin zij het overschrijden van de Zweeds-Russische grens zonder instemming van de Rijksdag ongrondwettig noemden. Officier J\u00e4gerhorn had het document naar Catharina de Grote gebracht en haar steun bij een contrarevolutie gevraagd. Hij brengt haar bemoedigende schriftelijk antwoord<\/span><span style=\"color: #000000;\"> terug, maar zwijgt over haar mondelinge condities. Gustaaf III las met grote ergernis de <em>note verbale<\/em> en had van alle officieren een verklaring gevraagd om tot de laatste man te vechten, wat de aanleiding tot het Anjala-verbond was.<br \/>\n<\/span><\/p>\n<p style=\"text-align: justify;\"><span style=\"color: #000000;\">Von Meijerfeldt staat<\/span> <span style=\"color: #000000;\">afstandelijk en kritisch ten opzichte van de buitenlandpolitiek van de koning. Hij opereert dermate omzichtig, dat niemand weet waar hij staat. Tegenstanders van de samenzwering bepleiten voor alle zekerheid zijn arrestatie, maar de koning weet dat hij geheel vreemd staat tegenover de rebellie over de grens en de onafhankelijkheidswens van Finland. Bevelhebber Armfelt probeert hem tot het rebellenkamp over te halen en ook J\u00e4gerhorn gaat bij hem langs. Als zij doorhebben dat hij niet zal tekenen, bepleit de naar de Russen overlopende Sprengtporten een opstand tegen ongeliefde generaal. <span style=\"color: #0000ff;\"><a style=\"color: #0000ff;\" href=\"#voetnoot\">(2)<\/a><\/span> In de binnenlandse politiek steunt Johann August de autocratische lijn van de koning en windt zich op over de protesterende Rijksdag. <\/span><\/p>\n<p style=\"text-align: justify;\"><span style=\"color: #000000;\">Armfelt ziet het hopeloze van zijn situatie en krijgt op zijn eigen verzoek ontslag vanwege zijn \u201czwakke gezondheid\u201d en zijn leeftijd. Op 13 augustus volgt de benoeming van Johann August tot enig bevelhebber van de Zweedse legers. De twee generaals worden als elkaars gelijken gezien, in militair inzicht, verstand en evenwichtigheid; hun eenjarige leeftijdsverschil kan geen serieuze aanleiding van zijn ontslag zijn geweest. <span style=\"color: #0000ff;\"><a style=\"color: #0000ff;\" href=\"#voetnoot\">(3)<\/a>\u00a0<\/span><\/span><span style=\"color: #000000;\">Johann August krijgt opdracht twee regimenten gereed te houden om eventueel rumoer om het ontslag van Armfelt de kop in te drukken. <\/span><span style=\"color: #000000;\">Dit blijkt onnodig. Hij is zelfs zo optimistisch dat hij denkt dat zijn eerdere komst de missie naar de keizerin\u00a0had kunnen voorkomen, zoals hij op 22 augustus aan Gustaaf III schrijft: <span style=\"color: #0000ff;\"><a style=\"color: #0000ff;\" href=\"#voetnoot\">(4)<\/a><\/span><\/span><\/p>\n<p style=\"text-align: justify; padding-left: 40px;\"><em><span style=\"color: #000000; font-size: 12pt;\"> Pl\u00fbt a Dieu que cette missive \u00e0 l\u2019Imperatrice eut \u00e9t\u00e9 differ\u00e9e jusque\u2019 a mon arrivex et jecroie pouvoir avancer hardiment, qu\u2019elle ne l\u2019auroit jamais \u00e9t\u00e9, je crois m\u00eame pourvoir ajouter qu\u2019on s\u2019en repend, quoiqu, il est dur d\u2019en convenir tout haut.<\/span><\/em><\/p>\n<p style=\"text-align: justify;\"><span style=\"color: #000000;\">In een volgende brief van 3 september drukt hij zelfs de hoop uit dat de afvalligen hun verplichtingen alsnog nakomen. Ook de koning neemt een afwachtende houding aan. De opstandelingen zien af van een confrontatie en zweren de eigen grens bij een Russische inval tot de laatste man te zullen verdedigen. <span style=\"color: #0000ff;\"><a style=\"color: #0000ff;\" href=\"#voetnoot\">(5)<\/a> <\/span><\/span><\/p>\n<p style=\"text-align: justify;\"><span style=\"color: #000000;\">Catharina de Grote geeft intussen haar bevelhebbers opdracht de Zweden helemaal over de grens terug te drijven, maar die vrezen dat hun vijand daarvoor veel te goed verschanst is. Hoewel ze er weinig heil van verwachten sturen ze in plaats daarvan een brief aan Johann August om het zo kort voor de winter niet op een groot bloedvergieten te laten aankomen. Tot hun stomme verbazing en opluchting verschijnt de volgende morgen vroeg een Zweedse trompetter die verklaart dat hij zich daartoe bereid verklaart mits hij niet wordt nagezeten. Er volgt een ontmoeting bij de voorposten van vier partijen: Zweedse loyalisten onder leiding van Von Meijerfeldt, Anjala-samenzweerders, Zweedse overlopers als generaal <\/span><span style=\"color: #000000;\">Sprengtporten<\/span><span style=\"color: #000000;\"> en Russische generaals als Bauer. H<\/span><span style=\"color: #000000;\">et snelle einde van de veldtocht wordt daarna door d<\/span><span style=\"color: #000000;\">e Russische bevelhebbers\u00a0 uitbundig gevierd. <\/span><span style=\"color: #0000ff;\"><a style=\"color: #0000ff;\" href=\"#voetnoot\">(6)<\/a><\/span><\/p>\n<p style=\"text-align: justify;\"><span style=\"color: #000000;\">Von Meijerfeldt heeft echter alleen tijd willen kopen om met de interne tegenstand af te rekenen. <\/span><span style=\"color: #000000;\">Eind 1788 weet hij beslag te leggen op een voorraad van ongeveer 1.500 manifesten van het Anjala-verbond, gestuurd vanuit Rusland. Hij laat de papieren door zijn scherprechters op een schavot verbranden en vaardigt een waarschuwing uit aan zijn soldaten om zich niet door de verraders te laten misleiden. Dat hij op oppositie rekent blijkt uit de formulering van zijn waarschuwing, waarin het gaat om strijd tegen de Russen, waar ook in het land. Het woord &#8216;grens&#8217; wordt zorgvuldig vermeden. <span style=\"color: #0000ff;\"><a style=\"color: #0000ff;\" href=\"#voetnoot\">(7)<\/a>\u00a0<\/span><\/span><span style=\"color: #000000;\">De koning is zeer ingenomen met Johann August\u2019s maatregelen. In een brief van 25 november schrijft hij over zijn verrichtingen: <span style=\"color: #0000ff;\"><a style=\"color: #0000ff;\" href=\"#voetnoot\">(8)<\/a><\/span><\/span><\/p>\n<p style=\"text-align: justify; padding-left: 30px;\"><span style=\"color: #000000; font-size: 12pt;\"><i>pour vous marquer mon parfait contentement sur la conduite noble et ferme que vous avez tenu pendant tout le temps que vous avez command\u00e9 les troupes d\u2019Anjala, et surtout de la fermet\u00e9 avec laquelle vous avez persist\u00e9 \u00e0 ne pas quitter le poste de H\u00f6gfors, dans un temps o\u00f9 les gens les plus fermes balanc\u00e8rent.<\/i><\/span><\/p>\n<p style=\"text-align: justify;\"><span style=\"color: #000000;\">De generaal antwoordt dat zijn handelwijze meer door militaire dan door juridische argumenten was ingegeven. <span style=\"color: #0000ff;\"><a style=\"color: #0000ff;\" href=\"#voetnoot\">(9)<\/a><\/span><\/span><\/p>\n<p style=\"text-align: justify;\"><span style=\"color: #000000;\">De koning acht de fase van dreigementen voorbij en voelt zich geruggensteund door de publieke opinie, die de geheime onderhandelingen met de Russen sterk veroordeelt. In een brief van 1 december ontvouwt hij zijn instructies, die tot een snelle en geheime arrestatie van de meest schuldigen moet leiden. <span style=\"color: #0000ff;\"><a style=\"color: #0000ff;\" href=\"#voetnoot\">(10)<\/a><\/span><\/span><\/p>\n<p style=\"text-align: justify; padding-left: 30px;\"><span style=\"color: #000000; font-size: 12pt;\"><i>La nation enti\u00e8re demande vengeance, mais au milieu de ces cris elle sail aussi distinguer les officicrs g\u00e9n\u00e9reaux, qui, comme vous, mr. le comte, sont rest\u00e9s fid\u00e8les \u00e0 leur devoir.<\/i><\/span><\/p>\n<p style=\"text-align: justify;\"><span style=\"color: #000000;\">Von Meijerfeldt, die het hoofdkwartier op 11 december in Lovisa heeft opgeslagen, antwoordt op 21 december in voorzichtige bewoordingen. De verraders zijn of op reis of bij hun regiment, waar zij een onderlinge wapenbroederschap hebben gesloten om elkaar op leven en dood te verdedigen. Hij stelt voor het Kerstfeest voorbij te laten gaan, omdat in die tijd de officieren bij hun chefs zouden zijn verzameld.\u00a0<\/span><\/p>\n<p style=\"text-align: justify;\"><span style=\"color: #000000;\">Op Eerste Kerstdag schrijft de koning dat hij in Finland een klein comit\u00e9 gevormd wil zien. Naast Johann August zouden daarin Platen, Klingspor en De Clercker moeten plaatsnemen. Dit comit\u00e9 moet niet alleen deze kwestie afhandelen, maar ook de voorraden voedsel en artillerie klaarmaken voor de komende zomerveldtocht tegen Rusland. <span style=\"color: #0000ff;\"><a style=\"color: #0000ff;\" href=\"#voetnoot\">(11)<\/a><\/span><\/span><\/p>\n<p style=\"text-align: justify;\"><span style=\"color: #000000;\">Op 2 januari 1789 meldt Johann August aan de koning dat hij 7 januari, 8.00 uur &#8217;s ochtends, heeft bestemd voor de arrestatie. Van de arrestatie-eenheid heeft iedere officier slechts \u00e9\u00e9n onderofficier bij zich (of een korporaal als de naast-ondergeschikte niet betrouwbaar is) en drie soldaten. Om geen opzien te baren luidt de opdracht van de eenheid officieel het ophalen van monteringsstukken uit \u00c5bo (<i>Turku<\/i>). De samenzweerders worden allen gegrepen en per schip naar Zweden gevoerd om voor de krijgsraad te verschijnen.\u00a0<\/span><\/p>\n<p style=\"text-align: justify;\"><span style=\"color: #000000;\">Rond 19 januari stelt Johann August een verklaring op en laat deze onder de troepen circuleren om uitleg te geven over de arrestaties. De koning is daar erg tevreden mee. Hij laat ook nog eens 140 exemplaren van een koninklijke boodschap verschepen, waarin hij zelf een soortgelijke verklaring omtrent de arrestaties aflegt. Von Meijerfeldt verzorgt de distributie naar de officieren. <span style=\"color: #0000ff;\"><a style=\"color: #0000ff;\" href=\"#voetnoot\">(12)<\/a>\u00a0<\/span><\/span>Op 9 februari 1789 krijgt Johann August het bevel over het hele Finse leger, omdat hertog Karel &#8211; de broer van de koning &#8211; geen kans ziet vanuit Stockholm over te komen.<\/p>\n<p style=\"text-align: justify;\">Axel Friedrich von Meijerfeldt krijgt samen met baron \u00c5kerhjelm en kornet Aminof op 17 februari wachtdienst zonder aflossing op Fredrikshof. Zij mogen geen vragen beantwoorden over wat er op Fredrikshof gebeurt. Dit koninklijk paleis in Stockholm dient in die periode als gevangenis voor 20 gearresteerden van het Anjala-verbond en op 20 februari gearresteerde oppositionele Rijksdagleden: de 70-jarige rijksraad Axel von Fersen sr, generaal Fredric Horn, kolonel Gustaf Macklean, directeur Claes de Frietzcky en de kamerheren Carl de Geer, Adolf Ludvig Stierneld en Rutger Macklean. De dragonders horen dat er 24 keer met scherp wordt geschoten, maar de gevangen worden niet ge\u00ebxecuteerd. <span style=\"color: #0000ff;\"><a style=\"color: #0000ff;\" href=\"#voetnoot\">(13)<\/a><\/span><\/p>\n<p style=\"text-align: justify;\"><span style=\"color: #000000;\">Terwijl Gustaaf III zijn Hofdames Fersen en H\u00f6pken \u00a0geen toestemming geeft hun op Fredrikshof opgesloten vaders te bezoeken, krijgt Louise Sparre op 26 februari wel met tegenzin zijn toestemming &#8211; met een beroep op haar leeftijd &#8211; terug te treden als Hofdame. \u00a0<\/span><a id=\"voetnoot\"><\/a><\/p>\n<p style=\"text-align: center;\"><span style=\"color: #000000; font-size: 10pt;\"><a href=\"https:\/\/meijenfeldt.nl\/?page_id=24816\"><span style=\"color: #0000ff;\">Terug<\/span><\/a>\u00a0 \u00a0***\u00a0 \u00a0<span style=\"color: #0000ff;\"><a style=\"color: #0000ff;\" href=\"https:\/\/meijenfeldt.nl\/?page_id=185\">Verder<\/a><\/span><\/span><\/p>\n<p style=\"text-align: justify;\"><span style=\"color: #000000; font-size: 10pt;\">1. G. <span style=\"color: #0000ff;\"><a style=\"color: #0000ff;\" href=\"https:\/\/meijenfeldt.nl\/?page_id=20218\">Rein<\/a><\/span>, &#8220;Kriget i Finland \u00e5ren 1788, 1789 och 1790&#8221;, Helsingfors 1860.\u00a0<\/span><br \/>\n<span style=\"color: #000000; font-size: 10pt;\"> 2. A. <span style=\"color: #0000ff;\"><a style=\"color: #0000ff;\" href=\"https:\/\/meijenfeldt.nl\/?page_id=32363\">Br\u00fcckner<\/a><\/span>, \u201cDer Anjalabund in Finland, 1788\u201d, Baltische Monatsschrift, 19. Band, Neuer Folge, Band I, Riga 1870, pag. 309-531.<br \/>\n3. S.G. Adlerbeth, &#8220;Historiska Anteckningar&#8221;, Lund 1892, deel I, pag. 45.<\/span><br \/>\n<span style=\"color: #000000; font-size: 10pt;\"> 4. K.K. Tigerstedt, \u201cG\u00f6ran Magnus Sprengtporten IX-X, Anjala F\u00f6rbundet 1-2-3\u201d, Finsk Tidskrift, Helsingfors 1897-1880, <span style=\"color: #0000ff;\"><a style=\"color: #0000ff;\" href=\"https:\/\/archive.org\/details\/finsktidskriftf16grangoog\/page\/368\/mode\/2up?q=meijerfelt\">pag. 368.<\/a><\/span><br \/>\n<span style=\"color: #0000ff;\"><span style=\"color: #000000;\">5. K.K. Tigerstedt,<\/span> <a style=\"color: #0000ff;\" href=\"https:\/\/archive.org\/details\/finsktidskriftf16grangoog\/page\/362\/mode\/2up?q=meijerfelt\">pag. 363-365<\/a><\/span>. F. Alm\u00e9n, &#8220;Gustav III och hans R\u00e5dgivare 1772-89&#8221;, Uppsala 1940, pag. 346-347.<\/span><br \/>\n<span style=\"color: #000000; font-size: 10pt;\">6. Th. von Bernhardi, &#8220;Krigs-Zehnen aus den Zeiten der Kaiserin Katharina II.&#8221;, in: Vermischte Schriften, Berlijn 1879, <span style=\"color: #0000ff;\"><a style=\"color: #0000ff;\" href=\"https:\/\/babel.hathitrust.org\/cgi\/pt?id=uc1.$b740517&amp;view=1up&amp;seq=136&amp;q1=meyerfeldt\">pag. 124<\/a><\/span>.<br \/>\n7. B. von Beskow, &#8220;Om Gustav den tredje s\u00e5som Konung och Menniska&#8221;, Svenska Akademiens Handlingar 1796, Stockholm 1864-1869, <span style=\"color: #0000ff;\"><a style=\"color: #0000ff;\" href=\"https:\/\/meijenfeldt.nl\/?page_id=55933\">pag. 284-285<\/a><\/span>.<\/span><br \/>\n<span style=\"color: #000000; font-size: 10pt;\">8. B. von Beskow, <span style=\"color: #0000ff;\"><a style=\"color: #0000ff;\" href=\"https:\/\/meijenfeldt.nl\/?page_id=55933\">pag. 287<\/a><\/span>.<\/span><br \/>\n<span style=\"color: #000000; font-size: 10pt;\">9. Brieven van Von Meijerfeldt aan Gustaaf III van 25 december 1788 en 5 januari 1789, Universiteitsbibliotheek Uppsala, F 458, Boberg, &#8220;Kunglig Krigspropaganda&#8221;, G\u00f6teborg 1967, pag. 63.<\/span><br \/>\n<span style=\"color: #000000; font-size: 10pt;\">10. B. von Beskow, <span style=\"color: #0000ff;\"><a style=\"color: #0000ff;\" href=\"https:\/\/meijenfeldt.nl\/?page_id=55933\">pag. 287<\/a><\/span>.<\/span><br \/>\n<span style=\"color: #000000; font-size: 10pt;\"> 11. Brief van Gustaaf III aan Klingspor van 25 december 1788.<br \/>\n<\/span><span style=\"color: #000000; font-size: 10pt;\">12. Brief van Gustaaf III aan Klingspor van 19 januari 1789. Brief van Gestaaf III aan Von Meijerfeldt van 22 februari 1789 en antwoord van 3 maart 1789 in S. Boberg, \u201cKunglig Krigpropaganda\u201d, G\u00f6tenborg 1967, pag. 47.<br \/>\n<\/span><span style=\"color: #000000; font-size: 10pt;\">13. R.F. Hochschild, &#8220;<\/span><span style=\"color: #000000; font-size: 10pt;\">Memoarer&#8221;, Stockholm 1909, <\/span><span style=\"color: #000000; font-size: 10pt;\"><span style=\"color: #0000ff;\"><a style=\"color: #0000ff;\" href=\"https:\/\/meijenfeldt.nl\/?page_id=20808\">pag. 180<\/a><\/span>.<\/span><\/p>\n","protected":false},"excerpt":{"rendered":"<p>Na tien jaar van defensieve manoeuvres van Johann August von Meijerfeldt jr besluit de Zweedse koning Gustaaf III op 22 mei 1788 tot een algehele mobilisatie naar de Zweeds-Russische grens in Finland. Hij komt zelf aan op 8 juni 1788 bij Borg\u00e5 (Porvoo), een kustplaats tussen Helsingfors en Lovisa. Hij geeft gehoor aan Britse en &hellip; <a href=\"https:\/\/meijenfeldt.nl\/?page_id=183\" class=\"more-link\">Verder lezen <span class=\"screen-reader-text\">1.8.1. Anjala-verbond<\/span><\/a><\/p>\n","protected":false},"author":1,"featured_media":0,"parent":0,"menu_order":0,"comment_status":"closed","ping_status":"closed","template":"","meta":{"footnotes":""},"class_list":["post-183","page","type-page","status-publish","hentry"],"_links":{"self":[{"href":"https:\/\/meijenfeldt.nl\/index.php?rest_route=\/wp\/v2\/pages\/183","targetHints":{"allow":["GET"]}}],"collection":[{"href":"https:\/\/meijenfeldt.nl\/index.php?rest_route=\/wp\/v2\/pages"}],"about":[{"href":"https:\/\/meijenfeldt.nl\/index.php?rest_route=\/wp\/v2\/types\/page"}],"author":[{"embeddable":true,"href":"https:\/\/meijenfeldt.nl\/index.php?rest_route=\/wp\/v2\/users\/1"}],"replies":[{"embeddable":true,"href":"https:\/\/meijenfeldt.nl\/index.php?rest_route=%2Fwp%2Fv2%2Fcomments&post=183"}],"version-history":[{"count":83,"href":"https:\/\/meijenfeldt.nl\/index.php?rest_route=\/wp\/v2\/pages\/183\/revisions"}],"predecessor-version":[{"id":64083,"href":"https:\/\/meijenfeldt.nl\/index.php?rest_route=\/wp\/v2\/pages\/183\/revisions\/64083"}],"wp:attachment":[{"href":"https:\/\/meijenfeldt.nl\/index.php?rest_route=%2Fwp%2Fv2%2Fmedia&parent=183"}],"curies":[{"name":"wp","href":"https:\/\/api.w.org\/{rel}","templated":true}]}}