{"id":18043,"date":"2019-08-06T17:49:56","date_gmt":"2019-08-06T17:49:56","guid":{"rendered":"http:\/\/meijenfeldt.nl\/?page_id=18043"},"modified":"2024-05-25T10:07:21","modified_gmt":"2024-05-25T10:07:21","slug":"3-5-1-ontginning","status":"publish","type":"page","link":"https:\/\/meijenfeldt.nl\/?page_id=18043","title":{"rendered":"4.5.1. Stuhr"},"content":{"rendered":"<p style=\"text-align: justify;\"><span style=\"color: #000000;\">Het geslacht uit Bremen begint bij Wilken Meijer. Hij is in 1636 kapitein (Hauptmann) en laat 30 karrevrachten (Fuder) wijn opslaan. Vanwege de Dertigjarige Oorlog wordt hem daarvoor extra geld gevraagd, dat hij noodgedwongen betaalt. Blijkbaar slaat hem dat niet uit het veld, want in de Vrije Hanzestad Bremen wordt hij <\/span>gemeentelijk wijnmeester (Ratskellermeister). <span style=\"color: #0000ff;\"><a style=\"color: #0000ff;\" href=\"#voetnoot\">(1)<\/a><\/span> In 1653 is hij dermate welgesteld, dat hij het meierrecht van het Gut Grolland koopt, een ooit door Hollanders ontgonnen gebied ten westen van de stad, in het hertogdom Delmenhorst. <span style=\"color: #0000ff;\"><a style=\"color: #0000ff;\" href=\"#voetnoot\">(2)<\/a><\/span><\/p>\n<p style=\"text-align: justify;\"><span style=\"color: #000000;\">Wilken&#8217;s zoon Wilhelm woont<\/span><span style=\"color: #000000;\"> in het zuidelijk van Grolland gelegen dorp Stuhr. Hij <\/span><span style=\"color: #000000;\">huwt daar met een telg van het oeroude geslacht Von der Lieth. Volgens zijn latere <\/span><span style=\"font-size: 12pt;\"><span style=\"color: #000000;\">adelsbrief (1704) heet zij Emerentia en haar vader <\/span><span style=\"color: #000000;\">Johann Dietrich (1642-1682). Die vader was burgemeester van Verden en Inspecteur van het Academisch Gymnasium en eerder Kurbrandenburgse Raad, Krijgscommissaris, Oberamtmann en Direkteur van de stad Jerichow. In 1697 was hij samen met zijn broer Tido Heinrich (1646-1698) in de rijksadelstand verheven en was zijn andere broer Diederich naar Den Haag vertrokken, omdat hij het onderspit had moeten delven in een theologisch discours (diens dochter Charlotte Elisabeth trouwt in Suriname met drie achtereenvolgende gouverneurs-generaal van Suriname).\u00a0Het Ridderboek van Bremen en Verden <\/span><a style=\"color: #0000ff;\" href=\"#voetnoot\">(3)<\/a> bevestigt de namen en functies van Johann von der Lieth, <span style=\"color: #000000;\">voegt toe dat zijn vrouw Euphrosina Elisabeth von Friedeborn heet, maar noemt niet Emerentia maar Judith Helena Louisa als dochter, terwijl Wilhelm Meijer geheel ontbreekt. De adelsbrief en het ridderboek gaan identiek vele generaties terug in deze tak van het geslacht Von der Lieth, die begint met Claus rond 1400. Twee andere bronnen noemen Emerentia ook als <\/span><span style=\"color: #000000;\">dochter van Verden&#8217;s burgemeester Johan Diedrich von der Lieth (-1701), maar haar leefjaren <\/span><span style=\"color: #000000;\">1687-1758 vallen na de geboorte van haar zoon Wilhelm en haar moeder heet ditmaal Catharine Hedewig von Bardenfleth . <\/span><span style=\"color: #0000ff;\"><a style=\"color: #0000ff;\" href=\"#voetnoot\">(4)<\/a><\/span><\/span><\/p>\n<p style=\"text-align: justify;\"><span style=\"color: #000000;\">Delmenhorst is in bezit van de graven van Oldenburg. Door vererving is dat vanaf 1667 de Deense koning. Deze valt in 1675 samen met Brandenburg (dat uit is op verovering van Zweeds-Pommeren) Bremen en Verden binnen. De verschillende onderdelen van de Vrede van Nijmegen leidt tot teruggave van de veroveringen aan Zweden. Denemarken is weigerachtig; daarom stuurt Lodewijk XIV in de zomer van\u00a01679\u00a0een klein Frans leger onder Marquis de Joyeuse naar Stuhr met het dreigement dat Oldenburg aan Zweden en Delmenhorst aan M\u00fcnster zal toevallen. Na betaling van een schadeloosstelling en levering van proviand komt op 2 september een einde aan de gevechten.<\/span><\/p>\n<p style=\"text-align: justify;\"><span style=\"color: #000000;\">In 1660 (of 1667) was een zoon geboren die opnieuw de naam Wilhelm had gekregen. Net als zijn grootvader Wilken gaat hij in militaire dienst. Hij treedt toe tot <\/span><span style=\"color: #000000;\">de compagnie van kapitein Johann Dietrich von der Lieth, de broer van zijn moeder, dat door <\/span><span style=\"color: #000000;\">Christiaan V, koning van Denemarken, is geworven<\/span><span style=\"color: #000000;\">. Hij begint in 1686 als cadet en doet mee aan de omsingeling van de vrije Hanzestad Hamburg. De Deense koning schiet de stad als landsheer te hulp, maar vraagt daarvoor zo&#8217;n hoge prijs dat hij zich moet terugtrekken voor een Brandenburgs-Brunswijks leger. Wilhelm wordt daarna onderofficier. Na drie jaar komt zijn vader te overlijden en verlaat hij gedurende twee jaar het krijgsveld. In 1692 neemt hij weer dienst, ditmaal bij de dragonders van kolonel Von Bottmar. Daar krijgt hij zijn eerste officiersrang als vaandrig.\u00a0<\/span><\/p>\n<p style=\"text-align: justify;\"><span style=\"color: #000000;\">Wilhelm trouwt in 1694 met Hannen (Sophia) Elisabeth Meijer. De echtelieden hebben dus dezelfde achternaam. Zij is in 1667 geboren en zal tot 1728 leven. Zij komt uit een oud geslacht Meijer. Haar vader is Johann Frantz Meijer uit Mehringen, net ten noorden van Hoya, 50 km vanaf Bremen stroomopwaarts aan de Wezer. Het echtpaar krijgt vier kinderen: Emerentia Maria (1695), Wilhelm (1695), Anna Lucia (1697) en Herman Dieterich (1701).<span style=\"color: #0000ff; font-size: 12pt;\"> <a style=\"color: #0000ff;\" href=\"#voetnoot\">(5)\u00a0<\/a><\/span><\/span><\/p>\n<p style=\"text-align: justify;\"><span style=\"color: #000000;\">In zijn huwelijksjaar 1694 wordt Wilhelm Meijer tot tweede luitenant benoemd en een jaar later tot eerste luitenant. In 1698 valt Frankrijk binnen, waardoor hij de dienst verlaat. Een jaar later stelt de nieuw aangetreden Deense koning Frederik IV hem aan tot kapitein over een landmilitie en in 1701 in het Lijfregiment infanterie onder kolonel en brigade-generaal baron Von Wendell. Maart 1703 treedt hij toe tot het nieuwe geworven Deens regiment cavalerie van kolonel Von Dithmersen in de rang van majoor (Oberstwachtmeister). Het regiment behoort bij het Deense corps onder luitenant-generaal Adam Friedrich von Trampe in keizerlijke dienst. De keizerlijk commissaris Brentano di Cimarolo komt in Oldenburg de troepen leiden<\/span><span style=\"color: #000000;\">.<\/span><\/p>\n<p style=\"text-align: center;\"><span style=\"font-family: georgia, palatino, serif; font-size: 10pt; color: #000000;\"><span style=\"color: #0000ff;\"><a id=\"voetnoot\"><\/a><a style=\"color: #0000ff;\" href=\"https:\/\/meijenfeldt.nl\/?page_id=6546\">Terug<\/a><\/span>\u00a0 \u00a0***\u00a0 \u00a0<span style=\"color: #0000ff;\"><a style=\"color: #0000ff;\" href=\"https:\/\/meijenfeldt.nl\/?page_id=6252\">Verder<\/a><\/span><\/span><\/p>\n<p style=\"text-align: justify;\"><span style=\"font-size: 10pt;\">1. H. Entholt, &#8220;Der Bremer Ratskeller&#8221;, Bremen 2013, <span style=\"color: #0000ff;\"><a style=\"color: #0000ff;\" href=\"https:\/\/books.google.nl\/books?id=-T6a3juwH7cC&amp;pg=PA15&amp;lpg=PA15&amp;dq=%22wilken+meyer%22+bremen&amp;source=bl&amp;ots=AooVRbFLub&amp;sig=ACfU3U3q9tPWP1F0scTJOOu34c-h7NCAZg&amp;hl=nl&amp;sa=X&amp;ved=2ahUKEwjehpLwl-ftAhXSzaQKHfmwD_A4ChDoATAJegQIBhAC#v=onepage&amp;q=%22wilken%20meyer%22%20bremen&amp;f=false\">pag. 15-16<\/a><\/span>.<br \/>\n<span style=\"color: #000000;\">2. R. Kutzki e.a., <\/span><a href=\"https:\/\/de.wikipedia.org\/wiki\/Grolland\"><span style=\"color: #0000ff;\">Grolland \u2013 Wikipedia<\/span><\/a>.<br \/>\n<span style=\"color: #000000;\">3. Mushard, &#8220;Bremisch= und Verdischer Ritter-Sahl, oder Denckmahl Der Urhalten Ber\u00fchmten Hoch=Adelichen Geschlechter, Insonderheit der Hochl\u00f6blichen Ritterschaft In Denen Hertzogth\u00fcmern Bremen und Verden, <\/span><\/span><span class=\"fullhitTitle\" style=\"font-size: 10pt;\"><span class=\"latin \">Wobey auch Zugleich von den alten Marckgraffen zu Stade, Graffen zu Le\u00dfmona, Stotel, Diepholtz und Waldenberg, Edlen Herren zu Mackenstede und Stumpenhausen, wie auch Frey-Herren von Bederkesa, Hasseldorff und Bramstede Nachricht ertheilet wird ; Anjetzt mit einigen Supplementis und Verbesserungen zu finden&#8221;,\u00a0<\/span><\/span><span style=\"font-size: 10pt;\"><span style=\"color: #000000;\">Bremen 1720, <span style=\"color: #0000ff;\"><a style=\"color: #0000ff;\" href=\"https:\/\/reader.digitale-sammlungen.de\/de\/fs1\/object\/display\/bsb10328254_00390.html?contextSort=score%2Cdescending&amp;contextType=scan&amp;contextRows=10&amp;context=lith&amp;contextGroup=true\">pag. 366<\/a><\/span>.<br \/>\n4. CompGen, Databanken, GedBas, <span style=\"color: #0000ff;\"><a style=\"color: #0000ff;\" href=\"http:\/\/www.gedbas.de\/person\/show\/1175992596\">Von der Lieth<\/a><\/span>. <\/span><\/span><span class=\"big-header\"><span style=\"font-size: 10pt;\">Skeel, Schaffalitzky og Ahlefeldt,\u00a0<\/span><\/span><span style=\"font-size: 10pt;\">Stamtavler over danske adelssl\u00e6gter, samt familierne Holbek, Bruun og Santasilia, <span style=\"color: #0000ff;\"><a style=\"color: #0000ff;\" href=\"https:\/\/finnholbek.dk\/getperson.php?personID=I87602&amp;tree=2\">Von der Lieth<\/a><\/span>.<br \/>\n<\/span><span style=\"font-size: 10pt;\"><span style=\"color: #000000;\">5. B. Salewski, &#8220;<span style=\"color: #0000ff;\"><span style=\"color: #000000;\">Ortsfamilienbuch Stuhr und umliegende Gemeinden&#8221;,<\/span><\/span>\u00a0<span style=\"color: #0000ff;\"><a style=\"color: #0000ff;\" href=\"https:\/\/www.online-ofb.de\/namelist.php?nachname=von+meyerfeld&amp;ofb=stuhr&amp;modu\">von Meyerfeld<\/a><\/span>. <span style=\"font-size: 13.3333px;\">Kirchenb\u00fccher der Ev. Luth. Kirchengemeinde Stuhr 1716-1875, Nieders\u00e4chsisches Staatsarchiv, Oldenburg Seelenregister 1662, 1675, 1581.\u00a0<\/span><br \/>\n<\/span><\/span><span style=\"font-size: 10pt; color: #000000;\">6. Brief van 25 augustus 2004 van F. Hopfgarten (namens Die Maus, Gesellschaft f\u00fcr Familienforschung e.V., Bremen) [CH-395].<\/span><\/p>\n<pre><\/pre>\n","protected":false},"excerpt":{"rendered":"<p>Het geslacht uit Bremen begint bij Wilken Meijer. Hij is in 1636 kapitein (Hauptmann) en laat 30 karrevrachten (Fuder) wijn opslaan. Vanwege de Dertigjarige Oorlog wordt hem daarvoor extra geld gevraagd, dat hij noodgedwongen betaalt. Blijkbaar slaat hem dat niet uit het veld, want in de Vrije Hanzestad Bremen wordt hij gemeentelijk wijnmeester (Ratskellermeister). (1) &hellip; <a href=\"https:\/\/meijenfeldt.nl\/?page_id=18043\" class=\"more-link\">Verder lezen <span class=\"screen-reader-text\">4.5.1. Stuhr<\/span><\/a><\/p>\n","protected":false},"author":1,"featured_media":0,"parent":0,"menu_order":0,"comment_status":"closed","ping_status":"closed","template":"","meta":{"footnotes":""},"class_list":["post-18043","page","type-page","status-publish","hentry"],"_links":{"self":[{"href":"https:\/\/meijenfeldt.nl\/index.php?rest_route=\/wp\/v2\/pages\/18043","targetHints":{"allow":["GET"]}}],"collection":[{"href":"https:\/\/meijenfeldt.nl\/index.php?rest_route=\/wp\/v2\/pages"}],"about":[{"href":"https:\/\/meijenfeldt.nl\/index.php?rest_route=\/wp\/v2\/types\/page"}],"author":[{"embeddable":true,"href":"https:\/\/meijenfeldt.nl\/index.php?rest_route=\/wp\/v2\/users\/1"}],"replies":[{"embeddable":true,"href":"https:\/\/meijenfeldt.nl\/index.php?rest_route=%2Fwp%2Fv2%2Fcomments&post=18043"}],"version-history":[{"count":60,"href":"https:\/\/meijenfeldt.nl\/index.php?rest_route=\/wp\/v2\/pages\/18043\/revisions"}],"predecessor-version":[{"id":64510,"href":"https:\/\/meijenfeldt.nl\/index.php?rest_route=\/wp\/v2\/pages\/18043\/revisions\/64510"}],"wp:attachment":[{"href":"https:\/\/meijenfeldt.nl\/index.php?rest_route=%2Fwp%2Fv2%2Fmedia&parent=18043"}],"curies":[{"name":"wp","href":"https:\/\/api.w.org\/{rel}","templated":true}]}}