{"id":17538,"date":"2019-07-21T13:30:00","date_gmt":"2019-07-21T13:30:00","guid":{"rendered":"http:\/\/meijenfeldt.nl\/?page_id=17538"},"modified":"2019-07-21T17:12:16","modified_gmt":"2019-07-21T17:12:16","slug":"stille","status":"publish","type":"page","link":"https:\/\/meijenfeldt.nl\/?page_id=17538","title":{"rendered":"Stille"},"content":{"rendered":"<p style=\"text-align: justify;\"><span style=\"font-size: 14pt;\">Arthur <span style=\"color: #0000ff;\"><a style=\"color: #0000ff;\" href=\"https:\/\/www.tacitus.nu\/karoliner\/kallor\/Stille\/index.htm\">Stille<\/a><\/span>, \u201cKriget i Sk\u00e5ne 1710-1711\u201d, Milit\u00e4rlitteratur-f\u00f6reningens f\u00f6rlag, Stockholm 1903.<\/span><\/p>\n<p><span style=\"text-decoration: underline;\">Pag. 79-80<\/span><\/p>\n<p style=\"text-align: justify;\">Generall\u00f6jtnant under Stenbock blef Burensk\u00f6ld, dock f\u00f6rst sedan den fr\u00e5n Bender hemkomne generalmajor Meijerfelt f\u00e5tt anbud p\u00e5 platsen, men p\u00e5 grund af sitt ej fullt l\u00e4kta benbrott och sin sjuklighet afsagt sig, ehuru han var villig att s\u00e5som generalmajor f\u00f6lja med.<\/p>\n<p style=\"text-align: justify;\">Den 23 november inl\u00e4mnade Malmberg sitt memorial, och den 25 november h\u00f6ll defensionskommissionen \u00f6fverl\u00e4ggning om de \u00e5tg\u00e4rder, som borde vidtagas, och den krigsplan som skulle f\u00f6ljas i Sk\u00e5ne.<\/p>\n<p style=\"text-align: justify;\">Vid \u00f6fverl\u00e4ggningen n\u00e4rvoro s\u00e5som s\u00e4rskildt tillkallade generalf\u00e4lttygm\u00e4staren Sj\u00f6blad, general Spens och generalmajorerna Meijerfelt och Palmqvist. Under \u00f6fverl\u00e4ggningen h\u00f6jdes r\u00f6ster mot att vintertiden l\u00e5ta h\u00e4ren g\u00e5 anfallsvis till v\u00e4ga. Wrede ans\u00e5g det alltf\u00f6r riskabelt att l\u00e5ta den nya och f\u00f6ga \u00f6fvade h\u00e4ren nu anfalla; man borde v\u00e4nta till v\u00e5ren, d\u00e5 man bragt samtliga regementena i godt st\u00e5nd. Spens och Palmqvist voro af liknande mening och funno det ej r\u00e5dligt att sammandraga trupperna, d\u00e5 man ej hade proviant till dem. Meijerfelt framh\u00f6ll nyttan af att \u00bbchikanera\u00bb fienden, g\u00e5 honom n\u00e4rmare in p\u00e5 lifvet f\u00f6r att taga bort tillf\u00f6rseln f\u00f6r honom, f\u00f6rr\u00e4n han kunde fatta fast fot. Meijerfelts tankeg\u00e5ng \u00f6fverensst\u00e4mde f\u00f6r \u00f6frigt s\u00e5 pass n\u00e4ra med Stenbocks, att han tillr\u00e5dde, att man borde bev\u00e4pna och skicka till Sk\u00e5ne b\u00e5tsm\u00e4n och annat folk; framf\u00f6r allt fann han det or\u00e5dligt att g\u00e5 tillbaka till Sm\u00e5land, d\u00e4r h\u00e4ren skulle g\u00e5 under af brist p\u00e5 proviant, under det att fienden toge Sk\u00e5ne.<sup>2<\/sup><\/p>\n<p><span style=\"font-size: 10pt;\">2.\u00a0Defensionskommissionens protokoll 25 nov. 1709. <i>S<\/i>.<\/span><\/p>\n<p>Resultatet af \u00f6fverl\u00e4ggningen blef emellertid, att man fann det farligt att g\u00e5 anfallsvis till v\u00e4ga nu; man uttryckte\u00a0i sammanhang d\u00e4rmed den f\u00f6rhoppningen, att Stenbock skulle f\u00f6rst\u00e5 att \u00bbincommodera\u00bb fienden och bet\u00e4cka landet, till dess man p\u00e5 v\u00e5ren kunde b\u00f6rja anfallet.<\/p>\n<p><u>Pag. 150<\/u><\/p>\n<p style=\"text-align: justify;\">F\u00f6rutom de officerare, som nu antingen \u00e5terintr\u00e4dde i tj\u00e4nst eller f\u00f6r f\u00f6rsta g\u00e5ngen fingo bef\u00e4lsplats, kunde defensionskommissionen i den h\u00e4r, som nu skulle organiseras, anv\u00e4nda ej f\u00e5 officerare, som i Ukrajna kommit i rysk f\u00e5ngenskap men antingen genom utv\u00e4xling eller rymning sluppit ur densamma. S\u00e4rskildt m\u00e4rkas bland dem generalmajoren Johan Adam Meijerfelt (&#8230;).<\/p>\n<p><u>Pag. 172<\/u><\/p>\n<p style=\"text-align: justify;\">De generalspersoner, som best\u00e4mdes till den sk\u00e5nska h\u00e4ren, voro f\u00f6rutom generall\u00f6jtnanten Burenski\u00f6ld generalmajorerna Meijerfelt och Palmqv&#8217;ist \u2014 den f\u00f6rre var nyss kommen fr\u00e5n Ryssland och \u00e4nnu svag efter ett benbrott \u2014 samt senare de ur den ryska f\u00e5ngenskapen utv\u00e4xlade och sedermera till generalmajorer befordrade Karl Gustaf D\u00fccker och Gustaf Adam Taube. G\u00f6ran Gyllenstierna var redan p\u00e5 krigssk\u00e5deplatsen, och fr\u00e5n Bohusl\u00e4n skulle komma generalmajoren Kristian Ludvig Ascheberg, hvarj\u00e4mte \u00f6fversten f\u00f6r \u00c4lfsborgs regemente Anders Sparrfelt befordrades till generalmajor med bibeh\u00e5llande af sitt chefskap f\u00f6r regementet.<\/p>\n<p><u>Pag. 201<\/u><\/p>\n<p style=\"text-align: justify;\">Arm\u00e9n r\u00e4knade 60 kavallerikompanier och 20 bataljoner. Dess numer\u00e4r synes hafva uppg\u00e5tt till n\u00e5got \u00f6fver 16,000 man. Af generalspersoner, som ej samtidigt voro regementschefer, funnos hos Stenbock generall\u00f6jtnanterna Burenski\u00f6ld och Meijerfelt samt generalmajorerna Palmqvist och Taube.<sup>2<\/sup> S\u00e5som generaladjutanter fungerade ryttm\u00e4starne Boije, Bildt, Falkengren, Henrik Hammarberg och Eberhard Bildstein, den sistn\u00e4mnde nyss hemkommen fr\u00e5n f\u00e4ltt\u00e5gen i Flandern, samt kaptenen Per Stjerncrantz, hvilken f\u00f6rt den Straelbornska bataljonen vid dess ankomst till Sk\u00e5ne.<sup>3<\/sup><\/p>\n<p><u>Pag. 212<\/u><\/p>\n<p style=\"text-align: justify;\">Efter \u00f6fverl\u00e4ggningen i krigsr\u00e5det i Osby afreste Meijerfelt till Halmstad f\u00f6r att delgifva Fersen det fattade beslutet och. n\u00e4rmare \u00f6fverl\u00e4gga med honom om den diversion han med pospoliten skulle g\u00f6ra. Stenbock \u00f6nskade helst, att denna diversion skulle till den 20 februari kunna ske mot Engelholm; allts\u00e5 har han ber\u00e4knat, att han till den tiden skulle vara s\u00e5 l\u00e5ngt inne i Sk\u00e5ne, att han kunde samverka med Fersen.<sup>1<\/sup> Den 10 februari afreste Meijerfelt \u00e5ter fr\u00e5n Halmstad till h\u00f6gkvarteret. Hvad Fersen skulle kunna utr\u00e4tta berodde nu helt och h\u00e5llet p\u00e5 huru det skulle lyckas med pospolitens uppb\u00e5dande. Order aff\u00e4rdades d\u00e4rf\u00f6r \u00e5nyo om att uppb\u00e5det skulle samlas. Kronobergs- och Kalmaruppb\u00e5den ville Stenbock, s\u00e5som n\u00e4mnts, helst hafva till Sk\u00e5ne att f\u00f6rst\u00e4rka hufvudh\u00e4ren, men f\u00f6r den h\u00e4ndelse att de ej blefve f\u00e4rdiga att of\u00f6rdr\u00f6jligen rycka ut, fick landsh\u00f6fding Faltzburg befallning att l\u00e5ta dem taga v\u00e4gen \u00f6fver Markaryd och st\u00e4lla sig under Fersens bef\u00e4l.<sup>2<\/sup> Lindhjelm och landsh\u00f6fdingen i Skaraborgs l\u00e4n Soop uppmanades att den 14 februari hafva sina uppb\u00e5d f\u00e4rdiga att rycka in i Hailand.<sup>3<\/sup><\/p>\n<p><u>Pag. 266<\/u> (18 Februari 1710)<\/p>\n<p style=\"text-align: justify;\">Stenbock och Meijerfelt ryckte nu med kavalleriet fram genom skogen i sydv\u00e4stlig riktning. Infanteriet l\u00e4mnades att f\u00f6lja efter, under det att kanonerna och bagaget f\u00f6rdes fram\u00e5t till h\u00f6ger d\u00e4rom.<\/p>\n<p><u>Pag. 285<\/u><\/p>\n<p style=\"text-align: justify;\">vid de v\u00e4nstra kolonnerna skulle Meijerfelt med Ascheberg, Sparrfelt och Taube g\u00f6ra tj\u00e4nst.<\/p>\n<p><u>Pag. 319<\/u> (28 Februari 1710)<\/p>\n<p><span style=\"font-family: Arial;\"><b>H\u00f6gra flygeln<\/b><\/span>, generall\u00f6jtnanten Meijerfelt.<\/p>\n<p><i>F\u00f6rsta linjen<\/i>, generalmajor Ascheberg.<\/p>\n<p><span class=\"style4\">Riks\u00e4nkedrottningens lifregemente till h\u00e4st (Aschebergs), major Soop &#8230; 8 skvadroner<br \/>\nUpplands m. fl. provinsers fyr- och femm\u00e4nningsregemente till h\u00e4st,<br \/>\n\u00f6<\/span><span class=\"style4\">fverstl\u00f6jtnant, Bennet, major K\u00f6hler &#8230; 8 skvadroner<br \/>\nAdelsfanan, \u00f6fverste Kruse, major Kanterberg &#8230; 2 svadroner<\/span><\/p>\n<p><i>Andra linjen<\/i>, \u00f6fverste D\u00fccker.<\/p>\n<p><span class=\"style4\">Lifregementet till h\u00e4st, \u00f6fverste Meijendorff von Yxkull, major\u00a0Crusebj\u00f6rn\u00a0<\/span><span class=\"style4\">&#8230; 8 skvadroner<br \/>\nSm\u00e5lands kavalleriregemente \u00f6fverstl\u00f6jtnant D\u00fccker<\/span><sup><span class=\"style4\">2\u00a0<\/span><\/sup><span class=\"style4\">&#8230; 4\u00a0<\/span><\/p>\n<p><u>Pag. 321<\/u><\/p>\n<p style=\"text-align: justify;\">Detta styrkebesked visar sig vara p\u00e5litligt \u00e4fven d\u00e4rigenom att det r\u00e4tt v\u00e4l \u00f6fverensst\u00e4mmer med de siffror f\u00f6r regementenas styrka, hvilka man erh\u00e5ller genom ber\u00e4kning efter de styrkebesked f\u00f6r kavalleriet efter slaget, hvilka af Meijerfelt inl\u00e4mnades den 7 mars.<sup>2<\/sup><\/p>\n<p><u>Pag. 343-344<\/u><\/p>\n<p style=\"text-align: justify;\">I den danska centern hade midtregementena redan tagit till flykten och striden mellan grenadj\u00e4rregementet och \u2014 n\u00e4rmast \u2014 \u00c4lfsborgs regemente var i full g\u00e5ng, d\u00e5 Meijerfelt gick till anfall. Han tog d\u00e4rvid riktningen mot den breda lucka, som fanns mellan grenadj\u00e4rerna och marinregementet, kom d\u00e5 antagligen fram genom mellanrummet mellan K\u00e4fta \u00e5dra och Gyhults mad och sv\u00e4ngde om den h\u00f6jd, p\u00e5 hvilket det danska grofva artilleriet stod. Detta \u00f6ppnade eld med kartescher mot svenskarne, hvilka \u00e4fven i sitt framryckande fingo utst\u00e5 ett par salfvor fr\u00e5n Lepels regemente och marinregementet. S\u00e5 kastade sig B\u00fclows och Sprengels dragoner mot Meijerfelts folk, men svenskarne tr\u00e4ngde genom de danska skvadronerna.<\/p>\n<p style=\"text-align: justify;\">Grenadj\u00e4rernas v\u00e4nstra flank var nu blottst\u00e4lld. Fr\u00e5n andra h\u00e5llet underst\u00f6ddes generalmajor Sparrfelts afdelningar af generalmajor Taubes. Det sachsiska regementet ryckte fram och \u00f6ppnade h\u00e4ftig eld mot grenadj\u00e4rernas h\u00f6gra flank.<\/p>\n<p style=\"text-align: justify;\">Eickstedt, som af hela centern nu endast hade kvar grenadj\u00e4rregementet, m\u00e5ste nu finna, att allt vidare motst\u00e5nd var fruktl\u00f6st, och befallde retr\u00e4tt.<\/p>\n<p style=\"text-align: justify;\">I motsats till hvad som intr\u00e4ffat vid gardet, kunde retr\u00e4tten utf\u00f6ras, utan att afdelningarna uppl\u00f6stes och upprefvos.<\/p>\n<p style=\"text-align: justify;\">Detta berodde till en viss grad p\u00e5 den riktning, i hvilken Meijerfelt ryckte fram med sitt kavalleri. Om han hade fr\u00e5n terr\u00e4ngen norr om K\u00e4fta \u00e5dra kunnat kringg\u00e5 den danska st\u00e4llningens yttersta v\u00e4nstra flank, skulle han i h\u00e4ndelse af framg\u00e5ng hafva drifvit de danska afdelningarna l\u00e4ngre in p\u00e5 valplatsen och bort fr\u00e5n retr\u00e4ttlinjen mot Helsingborg. En s\u00e5dan frammarsch synes dock varit om\u00f6jlig, dels f\u00f6r terr\u00e4ngens skull och dels kanske \u00e4fven p\u00e5 grund af det Lepelska infanteriregementets st\u00e4llning. N\u00e4ra till hands l\u00e5g det naturligtvis f\u00f6r Meijerfelt att bryta fram genom den breda luckan mellan fiendens center och hans v\u00e4nstra flygel, och f\u00f6r \u00f6frigt var \u00c4lfsborgs regemente i s\u00e5 h\u00e5rd strid med grenadj\u00e4rerna, att det beh\u00f6fde underst\u00f6djas; detta skedde just genom att Meijerfelt tr\u00e4ngde fram mellan grenadj\u00e4rerna och v\u00e4nstra flygeln och d\u00e4rigenom isolerade de f\u00f6rra.<\/p>\n<p style=\"text-align: justify;\">Det f\u00f6refaller nu, som om Meijerfelts egentliga uppgift borde hafva blifvit den att, \u00e4fven med den riktning hans frammarsch tagit, med de tv\u00e5 kavalleriregementena s\u00f6ka drifva den danska v\u00e4nstra flygelns afdelningar \u00f6sterut f\u00f6r att d\u00e4rigenom bereda den samma \u00f6de som gardet, n\u00e4mligen att kringr\u00e4nnas af det svenska infanteriet och de fr\u00e5n Brohuset\u2014Filbornah\u00e5llet framkomna kavalleriafdelningarna.<\/p>\n<p style=\"text-align: justify;\">Han hade f\u00f6r detta \u00e4ndam\u00e5l bort, d\u00e5 han kommit fram genom luckan och in p\u00e5 fastare mark, l\u00e5ta sitt kavalleri g\u00f6ra en sv\u00e4ngning, s\u00e5 att det med fronten riktad i hufvudsak in mot valplatsen kunnat drifva fienden dit\u00e5t. I hvarje fall skulle d\u00e5 Eickstedt och grenadj\u00e4rerna ej hafva kunnat komma undan, d\u00e5 de redan genom Meijerfelts framryckande genom luckan voro skilda fr\u00e5n den v\u00e4nstra flygeln.<\/p>\n<p>Meijerfelt slog emellertid in p\u00e5 en helt annan taktik. Han fortsatte i riktning mot R\u00f6m\u00f6lla och Helsingborg, under v\u00e4gen i strid med och f\u00f6rf\u00f6ljande de danska dragonerna. Hans \u00f6gonm\u00e4rke var R\u00f6m\u00f6llapasset, och han besatte detta; n\u00e5gra af de B\u00fclowska dragonerna skola h\u00e4rigenom hafva blifvit afskurna fr\u00e5n retr\u00e4tten mot Engelholmsporten, men huggit sig igenom.<sup>1<\/sup><\/p>\n<p>D\u00e5 Meijerfelt besatt R\u00f6m\u00f6llapasset och hans kavalleri till och med tr\u00e4ngde fram p\u00e5 andra sidan detsamma, hade han f\u00f6r det danska infanteriet st\u00e4ngt denna retr\u00e4ttv\u00e4g till Helsingborg. Men en annan fanns, och den hade Meijerfelt genom sitt framryckande l\u00e4mnat \u00f6ppen. M\u00f6jligen har han ej haft k\u00e4nnedom om eller ej t\u00e4nkt p\u00e5, att det genom terr\u00e4ngen mellan R\u00f6m\u00f6lla och de nordliga k\u00e4rrstr\u00e4ckningarnas aflopp, allts\u00e5 norr om h\u00e5lv\u00e4gen (v\u00e4gen f\u00f6rbi det n. v. H\u00e4lsan) var m\u00f6jligt att komma ned till stranden och d\u00e4rifr\u00e5n fram till Kullaporten. Den nu intr\u00e4dda situationen gjorde det m\u00f6jligt f\u00f6r Eickstedt, den ende af de danska generalerna, som \u00e4nnu hade trupper samlade under sig, att draga sig undan denna v\u00e4g.<\/p>\n<p>Grenadj\u00e4rerna drogo sig, ehuru med sv\u00e5ra f\u00f6rluster, ur striden och lyckades under tillbakamarschen upptaga en hel del af flyktingarna fr\u00e5n de regementen, som st\u00e5tt n\u00e4rmast till h\u00f6ger om dem. De f\u00f6renade sig s\u00e5 med Lepels regemente och marinregementet, hvilka ej varit i n\u00e5gon h\u00e4ftigare strid och s\u00e5ledes voro j\u00e4mf\u00f6relsevis oskadade. Med alltsammans lyckades Eickstedt komma ned till stranden och vidare, till Kullaporten.<sup>2<\/sup><\/p>\n","protected":false},"excerpt":{"rendered":"<p>Arthur Stille, \u201cKriget i Sk\u00e5ne 1710-1711\u201d, Milit\u00e4rlitteratur-f\u00f6reningens f\u00f6rlag, Stockholm 1903. Pag. 79-80 Generall\u00f6jtnant under Stenbock blef Burensk\u00f6ld, dock f\u00f6rst sedan den fr\u00e5n Bender hemkomne generalmajor Meijerfelt f\u00e5tt anbud p\u00e5 platsen, men p\u00e5 grund af sitt ej fullt l\u00e4kta benbrott och sin sjuklighet afsagt sig, ehuru han var villig att s\u00e5som generalmajor f\u00f6lja med. Den 23 &hellip; <a href=\"https:\/\/meijenfeldt.nl\/?page_id=17538\" class=\"more-link\">Verder lezen <span class=\"screen-reader-text\">Stille<\/span><\/a><\/p>\n","protected":false},"author":1,"featured_media":0,"parent":0,"menu_order":0,"comment_status":"closed","ping_status":"closed","template":"","meta":{"footnotes":""},"class_list":["post-17538","page","type-page","status-publish","hentry"],"_links":{"self":[{"href":"https:\/\/meijenfeldt.nl\/index.php?rest_route=\/wp\/v2\/pages\/17538","targetHints":{"allow":["GET"]}}],"collection":[{"href":"https:\/\/meijenfeldt.nl\/index.php?rest_route=\/wp\/v2\/pages"}],"about":[{"href":"https:\/\/meijenfeldt.nl\/index.php?rest_route=\/wp\/v2\/types\/page"}],"author":[{"embeddable":true,"href":"https:\/\/meijenfeldt.nl\/index.php?rest_route=\/wp\/v2\/users\/1"}],"replies":[{"embeddable":true,"href":"https:\/\/meijenfeldt.nl\/index.php?rest_route=%2Fwp%2Fv2%2Fcomments&post=17538"}],"version-history":[{"count":9,"href":"https:\/\/meijenfeldt.nl\/index.php?rest_route=\/wp\/v2\/pages\/17538\/revisions"}],"predecessor-version":[{"id":17549,"href":"https:\/\/meijenfeldt.nl\/index.php?rest_route=\/wp\/v2\/pages\/17538\/revisions\/17549"}],"wp:attachment":[{"href":"https:\/\/meijenfeldt.nl\/index.php?rest_route=%2Fwp%2Fv2%2Fmedia&parent=17538"}],"curies":[{"name":"wp","href":"https:\/\/api.w.org\/{rel}","templated":true}]}}