{"id":15953,"date":"2019-03-31T15:33:19","date_gmt":"2019-03-31T15:33:19","guid":{"rendered":"http:\/\/meijenfeldt.nl\/?page_id=15953"},"modified":"2025-10-30T09:03:13","modified_gmt":"2025-10-30T09:03:13","slug":"2-2-2-een-natuurlijke-dochter","status":"publish","type":"page","link":"https:\/\/meijenfeldt.nl\/?page_id=15953","title":{"rendered":"2.2.1. De Ruijt"},"content":{"rendered":"<p style=\"text-align: justify;\"><span style=\"color: #000000;\">In Amsterdam betrekt <\/span><span style=\"color: #000000;\">Johan August von Meijenfeldt v<\/span><span style=\"color: #000000;\">oor het eerst een vast eigen adres. Hij hoeft niet langer <\/span><span style=\"color: #000000;\">op de pof\u00a0<\/span><span style=\"color: #000000;\">in een logement te overnachten om zich daar <\/span><span style=\"color: #000000;\">te laten ronselen. <\/span><span style=\"color: #000000;\">Dankzij zijn vaste inkomen kan hij een kamer huren. T<\/span><span style=\"color: #000000;\">ussen de<\/span><span style=\"color: #000000;\"> immigranten uit Duitsland en Scandinavi\u00eb <\/span><span style=\"color: #000000;\">gaat hij wonen in de Jordaan in de Bloemstraat tussen de eerste en tweede dwarsstraat. <\/span><span style=\"color: #0000ff;\"><a style=\"color: #0000ff;\" href=\"#voetnoot\">(1)<\/a><\/span><\/p>\n<p style=\"text-align: center;\"><img loading=\"lazy\" decoding=\"async\" class=\" wp-image-15956 aligncenter\" src=\"https:\/\/meijenfeldt.nl\/wp-content\/uploads\/2019\/03\/Bloemstraat-241x300.jpg\" alt=\"\" width=\"351\" height=\"437\" srcset=\"https:\/\/meijenfeldt.nl\/wp-content\/uploads\/2019\/03\/Bloemstraat-241x300.jpg 241w, https:\/\/meijenfeldt.nl\/wp-content\/uploads\/2019\/03\/Bloemstraat.jpg 321w\" sizes=\"auto, (max-width: 351px) 100vw, 351px\" \/><span style=\"color: #000000;\"><em><span style=\"font-family: georgia, palatino, serif; font-size: 10pt;\">Bloemstraat, zicht op Westerkerk<br \/>\n<\/span><\/em><span style=\"font-family: georgia, palatino, serif; font-size: 10pt;\"><span style=\"font-size: 8pt;\">Stadsarchief Amsterdam<\/span><\/span><\/span><\/p>\n<p style=\"text-align: justify;\"><span style=\"color: #000000;\">Na ruim een jaar laat Johan August zich op vrijdag 10 juli 1801 als lidmaat aannemen bij de Evangelisch-Lutherse Gemeente (ELG). <\/span><span style=\"color: #000000;\">E<\/span><span style=\"color: #000000;\">en zesde deel van de Amsterdammers is hiervan lid en <\/span><span style=\"color: #000000;\">profiteert\u00a0<\/span><span style=\"color: #000000;\">sinds de omwenteling <\/span><span style=\"color: #000000;\">mee van de be\u00ebindiging van de achterstelling van de katholieken. Binnen de ELG kiest Johan August voor de Herstelde richting, een tien jaar oude rechtszinnige en aanvankelijk prinsgezinde afsplitsing. Door de staatskerk in de Duitse staten worden orthodoxen niet getolereerd. De Amsterdamse Herstelde ELG heeft als kerkgebouw het voormalige Dolhuis aan de Kloveniersburgwal 50.<\/span><\/p>\n<p style=\"text-align: center;\"><img loading=\"lazy\" decoding=\"async\" class=\"wp-image-65534 aligncenter\" style=\"font-weight: bold; background-color: transparent; color: #707070; font-family: 'Noto Sans', sans-serif; text-align: inherit;\" src=\"https:\/\/meijenfeldt.nl\/wp-content\/uploads\/2024\/08\/Kloveniersburgwal-50-282x300.jpg\" alt=\"\" width=\"366\" height=\"390\" srcset=\"https:\/\/meijenfeldt.nl\/wp-content\/uploads\/2024\/08\/Kloveniersburgwal-50-282x300.jpg 282w, https:\/\/meijenfeldt.nl\/wp-content\/uploads\/2024\/08\/Kloveniersburgwal-50.jpg 662w\" sizes=\"auto, (max-width: 366px) 100vw, 366px\" \/><em><span style=\"color: #000000; font-family: georgia, palatino, serif; font-size: 10pt;\">Kloveniersburgwal 50<\/span><\/em><br \/>\n<span style=\"color: #000000; font-family: georgia, palatino, serif; font-size: 8pt;\">Stadsarchief Amsterdam<\/span><\/p>\n<p style=\"text-align: justify;\"><span style=\"color: #000000;\">Dominee Isaac Scholten neemt bij Johan August de <\/span><span style=\"color: #000000;\">geloofsbelijdenis af en neemt hem openlijk aan als<\/span><span style=\"color: #000000;\"> lidmaat. <\/span><span style=\"color: #0000ff;\"><a style=\"color: #0000ff;\" href=\"#voetnoot\">(2)<\/a><\/span><\/p>\n<p style=\"text-align: center;\"><img loading=\"lazy\" decoding=\"async\" class=\"wp-image-65503 aligncenter\" src=\"https:\/\/meijenfeldt.nl\/wp-content\/uploads\/2024\/07\/Scholten-217x300.jpg\" alt=\"\" width=\"378\" height=\"522\" srcset=\"https:\/\/meijenfeldt.nl\/wp-content\/uploads\/2024\/07\/Scholten-217x300.jpg 217w, https:\/\/meijenfeldt.nl\/wp-content\/uploads\/2024\/07\/Scholten-1479x2048.jpg 1479w\" sizes=\"auto, (max-width: 378px) 100vw, 378px\" \/><em><span style=\"font-family: georgia, palatino, serif; font-size: 10pt;\">Dominee Isa\u00e4c Scholten (1744-1818)<\/span><\/em><br \/>\n<span style=\"font-family: georgia, palatino, serif; font-size: 8pt;\">G. Kons\u00e9 1792. Stadsarchief Amsterdam<\/span><\/p>\n<p style=\"text-align: justify;\"><span style=\"color: #000000;\">Naast vroomheid heeft Johan August nog een andere aanleiding om geloofsbelijdenis te doen en lidmaat te worden. Op zijn verzoek komt dominee Scholten vijf dagen later op een woensdag naar de Bloemstraat. Niet om een bezoek bij hem thuis af te leggen, maar om <\/span><span style=\"color: #000000;\">een klein stukje verderop in <\/span><span style=\"color: #000000;\">een huis tussen de derde dwarsstraat of Akoleienstraat en de Lijnbaansgracht een doopplechtigheid te voltrekken. Op 13 juli is daar namelijk <\/span><span style=\"color: #000000;\">een kind geboren. Hij geeft<\/span><span style=\"color: #000000;\"> openlijk aan daarvan de vader te zijn. De dominee voert de doopplechtigheid uit <\/span><span style=\"color: #000000;\">pro deo (voor God, dus gratis). Het is een meisje en Johan August geeft daar <\/span><span style=\"color: #000000;\">de doopnamen Wilhelmina Augusta. De eerste doopnaam is een vernoeming naar de aanwezige getuige <em>Wilhelmina van Meyenfeldt<\/em><\/span><span style=\"color: #000000;\">. <span style=\"color: #0000ff;\"><a style=\"color: #0000ff;\" href=\"#voetnoot\">(3)<\/a><\/span><\/span><\/p>\n<p><img loading=\"lazy\" decoding=\"async\" class=\"wp-image-10822 aligncenter\" src=\"https:\/\/meijenfeldt.nl\/wp-content\/uploads\/2018\/08\/AA.-Wilhelmina.bmp\" alt=\"\" width=\"458\" height=\"193\" \/><\/p>\n<p style=\"text-align: justify;\"><span style=\"color: #000000;\">De baby is geboren uit <\/span><span style=\"color: #000000;\">Maria de Ruijt.<\/span><span style=\"color: #000000;\"> Zij is <\/span><span style=\"color: #000000;\">de 27-jarige dochter van <\/span><span style=\"color: #000000;\">Matthijs de Ruijt en Rosina Swart, die sinds 1789 eigenaar van dit huis zijn. <\/span><span style=\"color: #000000;\">Een half jaar na de doopplechtigheid geven zij het huis <\/span><span style=\"color: #000000;\">in onderpand a<\/span><span style=\"color: #000000;\">an hun zoon\u00a0<\/span><span style=\"color: #000000;\">Jacobus in Alkmaar tegenover diens lening van <\/span><span style=\"color: #000000;\">800 gulden<\/span><span style=\"color: #000000;\">.<\/span><\/p>\n<p style=\"text-align: justify;\"><span style=\"color: #000000;\">Terugrekenend is Maria in oktober 1800 zwanger geraakt van Johan August. Zij had een tien jaar oudere zus Anna Elisabeth de Ruijt gehad met een frappant gelijkend verhaal. Die was in 1795 zwanger geraakt van een militair (Willem Schultze), terugkerend van een zevenjarig buitenlands avontuur (3de Bataillon du Nord in Noord-Frankrijk en Zuid-Vlaanderen) en na de geboorte zorgdragend voor de doopplechtigheid. Die militair ging na de geboorte met haar in ondertrouw, maar v\u00f3\u00f3r de trouwerij en v\u00f3\u00f3r de doop was zij zelf komen te overlijden.\u00a0<\/span><span style=\"color: #000000;\">Alsof Johan August van dit voorbeeld schrikt gaat hij na de geboorte en doop niet met moeder Maria de Ruijt in ondertrouw. Hij is voornamelijk bezig met het <\/span><span style=\"color: #000000;\">aan boord van een schip voor een volgende grote zeereis.<\/span><\/p>\n<p style=\"text-align: center;\"><span style=\"color: #0000ff;\"><a id=\"voetnoot\"><\/a><a style=\"color: #0000ff;\" href=\"https:\/\/meijenfeldt.nl\/?page_id=67333\"><span style=\"font-size: 10pt;\">Terug<\/span><\/a><\/span><span style=\"font-size: 10pt;\">\u00a0\u00a0\u00a0***\u00a0 \u00a0<span style=\"color: #0000ff;\"><a style=\"color: #0000ff;\" href=\"https:\/\/meijenfeldt.nl\/?page_id=1412\">Verder<\/a><\/span><\/span><\/p>\n<p style=\"text-align: justify;\"><span style=\"font-family: georgia, palatino, serif; font-size: 10pt;\"><span style=\"color: #000000;\">1. <\/span><span style=\"color: #000000;\">Lidmaten Mannen\u00a0<\/span><span style=\"color: #000000;\">Hersteld Evangelisch-Lutherse Gemeente, <\/span><span style=\"color: #000000;\">Stadsarchief Amsterdam, Particuliere Archieven 190, Inv 262, <\/span><span style=\"color: #0000ff;\"><a style=\"color: #0000ff;\" href=\"https:\/\/archief.amsterdam\/inventarissen\/scans\/190\/4.2.1.12.1\/start\/110\/limit\/10\/highlight\/5\">fol M<\/a>.<br \/>\n<\/span><span style=\"color: #000000;\"><span style=\"color: #0000ff;\"><span style=\"color: #000000;\">2. Persoonen die hunne Geloofs Belijdenis gedaan hebben by <\/span><\/span><\/span><span style=\"color: #000000;\">Dominus Isaac Scholten, <\/span><span style=\"color: #000000;\"><span style=\"color: #0000ff;\"><span style=\"color: #000000;\">SA PA 190, Inv 208<\/span><\/span><\/span><span style=\"color: #000000;\">, <\/span><span style=\"color: #0000ff;\"><a style=\"color: #0000ff;\" href=\"https:\/\/archief.amsterdam\/inventarissen\/scans\/190\/4.2.1.5.4\/start\/20\/limit\/10\/highlight\/3\">fol M<\/a><\/span><span style=\"color: #000000;\">.<br \/>\n<\/span><span style=\"color: #000000;\"><span style=\"color: #0000ff;\"><span style=\"color: #000000;\">3.\u00a0<\/span><\/span><\/span><\/span><span style=\"color: #000000; font-family: georgia, palatino, serif; font-size: 13.3333px;\">In het <\/span><span style=\"font-family: georgia, palatino, serif; font-size: 10pt;\"><span style=\"color: #000000;\"><span style=\"color: #0000ff;\"><span style=\"color: #000000;\">Boek der Gedoopten in de Herstelde Luthersche Gemeente te Amsterdam, <\/span><\/span><\/span><span style=\"color: #000000;\">SA 5001, Inv 295, <\/span><span style=\"color: #0000ff;\"><a style=\"color: #0000ff;\" href=\"https:\/\/archief.amsterdam\/inventarissen\/scans\/5001\/1.1.16.1\/start\/190\/limit\/10\/highlight\/1\">fol 377<\/a><\/span><span style=\"color: #000000;\">\u00a0staat in het midden van <span style=\"color: #000000; font-family: georgia, palatino, serif; font-size: 13.3333px;\">de achternaam een &#8220;<\/span><em style=\"color: #000000; font-family: georgia, palatino, serif; font-size: 13.3333px;\">r<\/em><span style=\"color: #000000; font-family: georgia, palatino, serif; font-size: 13.3333px;\">&#8220;. <\/span>In het oorspronkelijke boek <\/span><span style=\"color: #000000;\">Herstelde Luthersche Gemeente te Amsterdam van dominee Scholten zelf, SA PA <\/span><span style=\"color: #000000;\"><span style=\"color: #0000ff;\"><span style=\"color: #000000;\">190,\u00a0<\/span><\/span><\/span><span style=\"color: #000000;\">Inv 208<\/span><span style=\"color: #000000;\">,\u00a0<\/span><span style=\"color: #0000ff;\"><a style=\"color: #0000ff;\" href=\"https:\/\/archief.amsterdam\/inventarissen\/scans\/190\/4.2.1.5.4\/start\/60\/limit\/10\/highlight\/6\">fol 66<\/a><\/span><\/span><span style=\"color: #000000;\"> <span style=\"font-family: georgia, palatino, serif; font-size: 10pt;\">staat zowel bij de geloofsbelijdenis als de doop een &#8220;<em>n<\/em>&#8220;.\u00a0<\/span><\/span><span style=\"font-family: georgia, palatino, serif; font-size: 10pt;\"><span style=\"color: #000000;\">Deze verschrijving betekent voor dochter Wilhelmina Augusta dat zij de rest van haar leven de &#8220;<em>r<\/em>&#8221; midden in haar achternaam draagt.<\/span><\/span><span style=\"font-family: georgia, palatino, serif; font-size: 10pt;\"><span style=\"color: #000000;\"><br \/>\n<\/span><\/span><\/p>\n","protected":false},"excerpt":{"rendered":"<p>In Amsterdam betrekt Johan August von Meijenfeldt voor het eerst een vast eigen adres. Hij hoeft niet langer op de pof\u00a0in een logement te overnachten om zich daar te laten ronselen. Dankzij zijn vaste inkomen kan hij een kamer huren. Tussen de immigranten uit Duitsland en Scandinavi\u00eb gaat hij wonen in de Jordaan in de &hellip; <a href=\"https:\/\/meijenfeldt.nl\/?page_id=15953\" class=\"more-link\">Verder lezen <span class=\"screen-reader-text\">2.2.1. De Ruijt<\/span><\/a><\/p>\n","protected":false},"author":1,"featured_media":0,"parent":0,"menu_order":0,"comment_status":"closed","ping_status":"closed","template":"","meta":{"footnotes":""},"class_list":["post-15953","page","type-page","status-publish","hentry"],"_links":{"self":[{"href":"https:\/\/meijenfeldt.nl\/index.php?rest_route=\/wp\/v2\/pages\/15953","targetHints":{"allow":["GET"]}}],"collection":[{"href":"https:\/\/meijenfeldt.nl\/index.php?rest_route=\/wp\/v2\/pages"}],"about":[{"href":"https:\/\/meijenfeldt.nl\/index.php?rest_route=\/wp\/v2\/types\/page"}],"author":[{"embeddable":true,"href":"https:\/\/meijenfeldt.nl\/index.php?rest_route=\/wp\/v2\/users\/1"}],"replies":[{"embeddable":true,"href":"https:\/\/meijenfeldt.nl\/index.php?rest_route=%2Fwp%2Fv2%2Fcomments&post=15953"}],"version-history":[{"count":145,"href":"https:\/\/meijenfeldt.nl\/index.php?rest_route=\/wp\/v2\/pages\/15953\/revisions"}],"predecessor-version":[{"id":76264,"href":"https:\/\/meijenfeldt.nl\/index.php?rest_route=\/wp\/v2\/pages\/15953\/revisions\/76264"}],"wp:attachment":[{"href":"https:\/\/meijenfeldt.nl\/index.php?rest_route=%2Fwp%2Fv2%2Fmedia&parent=15953"}],"curies":[{"name":"wp","href":"https:\/\/api.w.org\/{rel}","templated":true}]}}