{"id":159,"date":"2016-09-04T16:51:32","date_gmt":"2016-09-04T16:51:32","guid":{"rendered":"http:\/\/wordpress.celinevonmeijenfeldt.nl\/?page_id=159"},"modified":"2023-02-18T15:15:02","modified_gmt":"2023-02-18T15:15:02","slug":"1-5-1-zwarte-zee-stockholm","status":"publish","type":"page","link":"https:\/\/meijenfeldt.nl\/?page_id=159","title":{"rendered":"1.5.9. Over de Karpaten"},"content":{"rendered":"<p style=\"text-align: justify;\"><span style=\"color: #000000;\">Op 10 augustus 1709 vertrekt Von Meijerfeldt met zijn konvooi van ruim 40 mensen uit het Zweedse kamp bij Bender. Hij reist in noordwestelijke richting langs de Dnjestr. Voor de eerste overnachting komen hij bij een zo armelijk dorp, dat hij liever onder de open hemel in het gras ligt. De volgende dag laat hij de groep in een dal uitrusten in een huis dat door en voor reizigers gebouwd is. Na een tweede nacht in het gras komen ze de derde middag bij de rivier de Prut aan (tegenwoordig de grens tussen Roemeni\u00eb en Moldavi\u00eb). Na 25 uur hebben ze 25 mijl afgelegd.<\/span><\/p>\n<p style=\"text-align: justify;\"><span style=\"color: #000000;\">De aga wordt met de brieven en passen vooruit gestuurd\u00a0om toestemming voor de doortocht te verkrijgen van de vorst van Moldavi\u00eb, wojwod Rakowitza. Het konvooi wacht op een schipper en krijgt vanwege de steile helling en het kleine schip met moeite de paarden aan boord. De reizigers kunnen in het bos bijkomen van de verzengende hitte en komen na een uur aan in de buurt van\u00a0Jassy (<em>Ia\u015fi<\/em>). De aga komt terug met de melding dat de<\/span><span style=\"color: #000000;\">\u00a0passen in orde zijn bevonden. Hij heeft als welkomstgeschenk wijn en levensmiddelen meegekregen. Het gezelschap overnacht in de stad. <\/span><\/p>\n<p style=\"text-align: justify;\"><span style=\"color: #000000;\">Voor de verdere reis krijgt\u00a0het konvooi vier Walachijse begeleiders mee. De reis heet gevaarlijk te zijn, maar er is geen dorp of reiziger\u00a0te bekennen. Het konvooi verlaat Jassy de volgende dag op 13 augustus. Die nacht slapen de leden\u00a0van de groep\u00a0in een herberg, maar hebben er geen goed gevoel bij de paarden op de deel te moeten laten. De volgende middag\u00a0waadt\u00a0het konvooi\u00a0door de Moldovarivier en\u00a0komt die avond\u00a0aan in het door een Griekse gemeenschap\u00a0bewoonde dorp\u00a0Herlow (<em>H\u00e2rl\u0101u<\/em>). De\u00a0volgende dag\u00a0gaat het\u00a0noordwaarts\u00a0naar de stad Soczowa (<i>Suceava<\/i>).\u00a0Het konvooi ziet het onogelijke stadje op een berg liggen en besluit bij\u00a0de\u00a0Moldovarivier te blijven.\u00a0Voordat de oversteek plaatsvindt worden de vier Walachijse begeleiders afgelost.\u00a0Bij een oude molen\u00a0wordt laat in de avond een kampvuur gemaakt om te drogen van de regen die\u00a0voor het eerst\u00a0gevallen is. \u00a0Zodra de zon de volgende morgen schijnt breekt de groep op en doorwaadt de rivier\u00a0negen <\/span><span style=\"color: #000000;\">keer. In het stadje Compulon\u00a0(<em>C\u00e2mpulung Modovensc<\/em>) volgt een beraad over de verder te vervolgen weg.<\/span><\/p>\n<p style=\"text-align: justify;\"><span style=\"color: #000000;\">De gemakkelijkste weg loopt\u00a0haaks op het Karpaten-gebergte naar Bistrice (<em>Bistri\u0163a<\/em>) in Zevenburgen, maar dat ligt in het door de Oostenrijkers beheerste deel van Hongarije. Gezien de gespannen verhouding met de Duitse Keizer ziet Johann August af van de moeite een doorreispas aan te vragen of het risico te lopen opnieuw in gevangenschap van een keizer te raken. Mede omdat Karel XII steun van de opstandige Hongaarse vorst R\u00e1k\u00f3czi wil zien te krijgen, besluit hij over de zeer moeilijk begaanbare lengte van het Transsylvanische gebergte te trekken. Enkele kleine vrachtkarren moeten van de hand worden gedaan. Johann August hoort dat er v\u00f3\u00f3r hem uit een andere groep Zweden rijdt die nog wel in te halen is, maar hij zal hen niet vinden. Behalve de aga en de tolk wordt hier een nieuwe begeleidingsgroep samengesteld en worden zieke voor gezonde paarden gewisseld (ook omdat een zigeuner-smid niet te vinden is).<\/span><\/p>\n<p style=\"text-align: justify;\"><span style=\"color: #000000;\">De groep trekt het smaller wordende Moldavadal in en steekt de rivier die dag\u00a0tien keer over. In de avond wordt overnacht in een herberg bij de laatste Moldavische huizen, waar de weg zich splitst naar Zevenburgen en Hongarije. De volgende dag\u00a0steekt de groep\u00a0de Moldovarivier nog\u00a0vier keer over en trekt dan\u00a0 linksaf de bergkam op,\u00a0twee volle dagen lang niet zonder levensgevaar door een onherbergzame wildernis. Vanwege de steile hellingen draaien de paarden soms om hun as. Het konvooi passeert de eerste Hongaarse handelsreizigers en pauzeert in een verlaten hut,\u00a0waar\u00a0herders\u00a0de hele zomer van de melk en kaas van hun\u00a0schapen leven. Enkele vermoedelijke rovers\u00a0schieten op een andere berg\u00a0snel weg;\u00a0de groep\u00a0is beducht\u00a0op een aanval van een grotere groep, maar deze komt niet. Z<\/span><span style=\"color: #000000;\">ware bergketens en\u00a0regenval komen wel, die er toe leiden dat\u00a0de groepsleden\u00a0op de glibberige wegen van hun paard moeten stappen. <\/span><span style=\"color: #000000;\">Begin van de nacht wordt in een dicht\u00a0dennenbos\u00a0halt gehouden. De kou en regen houden hen uit de slaap, ondanks een kampvuur en provisorische zeilen. Na nog een vochtige dag en een zware steile klim naar beneden zit het moeilijkste deel er op.<\/span><\/p>\n<p style=\"text-align: justify;\"><span style=\"color: #000000;\">In het dal wordt\u00a0een beekje gevolgd,\u00a0dat uitgroeit tot\u00a0de\u00a0rivier de Vis\u00f3 en\u00a0wel <\/span><span style=\"color: #000000;\">40 keer wordt overgestoken. Na drie uur rijden komt de groep aan in M\u00e1rmaros, het eerste bewoonde gebied na Compulon. Kort geleden was dit gebied van Hongarije naar Zevenburgen overgegaan (en tot op de dag van vandaag bij Roemeni\u00eb gebleven). Tot dan toe heeft de reis 10 dagen geduurd en gemiddeld twee paarden per persoon gekost. Hier kan het gezelschap Latijn spreken met de plaatselijke edelen. Het Turkse konvooi keert met stevige beloningen van Johann August (goudstukken, horloges) terug naar Moldavi\u00eb en de plaatselijke leider geeft een nieuw konvooi mee. De Zweden merken op dat de rebellen gewoon vriendelijke en zelfs Evangelisch-Lutherse mensen zijn.<\/span><\/p>\n<p style=\"text-align: justify;\"><span style=\"color: #000000;\">De groep houdt een dag rust in enkele arme maar droge huizen in Borsa en zet de reis op 21 augustus voort. Na het dorp Targumen komt de groep bij Moiszin uit bij de rivier Iza, die maar liefst 80 keer wordt overgestoken. Na 10 uur ploeteren in het dal horen ze tot hun verbijstering, dat het dal hemelsbreed slechts 3 mijl bedraagt. Later horen zij dat een Hongaarse mijl 11,3 kilometer bedraagt, veel langer dan de Russische, Roemeense en Duitse. Zij krijgen een goede slaapplaats en vragen gezien hun recente ervaringen niet om een paleis. Zij genieten van hun eerste normale maaltijd met wit brood en Hongaarse wijn in plaats van water. De betere bereiding van het voedsel en de gezondere lucht bevrijden Krman tot buitengewone verbazing van Johann August van zijn dysenterie. De volgende dag bereiken ze de opstandelingenstad Sigeth (<i>Sighetu Marmatiei<\/i>). <span style=\"color: #0000ff;\"><a style=\"color: #0000ff;\" href=\"#voetnoot\">(1)<\/a><\/span><\/span><\/p>\n<p style=\"text-align: justify;\"><span style=\"color: #000000;\">Met veel eer wordt Johann August door de vice-gouverneur (<i>ViceGespan<\/i>) van het graafschap M\u00e1ramaros Franz Darvay binnengehaald. Met zijn wagen neemt Darvay de Zweed mee naar T\u00e9cs\u00f6, steekt de Tisza over en rijdt naar zijn bezitting Vajn\u00e1g. Daar wordt een groot feestmaal aangericht, met veel verdreven adel uit Zevenburgen. Darvay ziet dat de Zweedse generaal aan zijn voet verwond is en concludeert &#8211; ook door diens galante en vrijgevige optreden &#8211; dat hij met Karel XII zelf te maken heeft. Deze indruk wordt nog eens versterkt, als de baron op werkelijk koninklijke wijze zijn met de beeltenis van Karel XII en diamanten ingelegde zware gouden ring van zijn vinger trekt en hem aan gastvrouw Darvay schenkt als dank voor de feestelijke ontvangst. <\/span><\/p>\n<p style=\"text-align: justify;\"><span style=\"color: #000000;\">Tijdens de festiviteiten komt het bericht, dat de Keizerlijke troepen vanuit Zevenburgen naar het noorden oprukken en reeds Nagyb\u00e1nyi, een stad op nog geen mijl afstand, plunderen. Het zou toevallig zijn, maar het is niet uit te sluiten dat de jongere broer van Johann August, kolonel Wolmar Johann von Meijerfeldt, deze troepen aanvoert. De bezoekers vertrekken overhaast, krijgen een convooi mee bij het oversteken van de Tisza en verder tot aan de grensburcht Hust. De tocht gaat verder naar Kir\u00e1lyhaza en Nagy-Sz\u00f6ll\u00f6s (<i>Vinograd<\/i>), waar de reguliere posterijen beginnen, en Bene. <\/span><\/p>\n<p style=\"text-align: justify;\"><span style=\"color: #000000;\">In de loop van 26 augustus arriveren zij in het hoofdkwartier van vorst R\u00e1k\u00f3czi in de stad Monkatsch (<em>Munk\u00e1cz,<\/em> <i>Mukacevo<\/i>). De vorst had per koerier al van hun komst vernomen. Johann August krijgt nog diezelfde middag audi\u00ebntie. In het gesprek krijgt hij een gunstige indruk van de generaal en later noemt hij hem een zeer wijze, bekwame man. De rest van de delegatie krijgt laat die avond toestemming de stad binnen te rijden. De volgende dag is een feestdag, waardoor gewacht moet worden op het verkrijgen van passen voor het volgende deel van de tocht. Die dag arriveert ook een Moskovische gezant uit Polen, waardoor de delegatie zich verborgen moet houden. R\u00e1k\u00f3czi\u2019s schrijft per omgaande een bericht aan zijn gezant aan het Russische Hof:<span style=\"color: #0000ff;\"><a style=\"color: #0000ff;\" href=\"#voetnoot\"> (2)<\/a><\/span><\/span><\/p>\n<p style=\"text-align: justify; padding-left: 30px;\"><span style=\"color: #000000; font-size: 12pt;\"><i>Heute kam hier der schwedischen General Mejerfelt an, dessen Fu\u00df an zwei Stellen gebrochen ist. Infolge dieser Verletzung hinkt er und wird auch von manchen Personen fiir den schwedischen Konig gehalten. Er reist nur durch, um zwecks Genesung ein Heil-bad aufausuchen und wird auch seinem W\u00fcnsche gem\u00e4\u00df durchgelassen. Ihr k\u00f6nnt den Zaren versichern, da\u00df Wir jedoch Acht darauf haben werden, da\u00df die Durchreisendcn nichts zum Schaden S:r Majest\u00e4t unternehmen konnen.<\/i><\/span><\/p>\n<p style=\"text-align: justify;\"><span style=\"color: #000000;\">Uit dit bericht blijkt de moeilijke diplomatieke positie van vorst R\u00e1k\u00f3czi. Voor zijn strijd tegen de Oostenrijkers heeft hij militaire steun van de Russen verkregen, maar anderzijds ontvangt hij financi\u00eble steun van de Fransen, die de Zweden steunen. Hij beschouwt Karel XII na Poltava als een &#8216;dood man&#8217; <span style=\"color: #0000ff;\"><a style=\"color: #0000ff;\" href=\"#voetnoot\">(3)<\/a><\/span>, maar aangezien Zweden juist met Turkije en Frankrijk een verbond op poten zet, zal een belemmering van de Zweedse doortocht hem duur komen te staan. Het wordt hem wel erg moeilijk gemaakt, als generaal Von Meijerfeldt hem ook nog verzoekt een veilige doortocht van Karel XII zonder troepen naar Polen te garanderen. R\u00e1k\u00f3czi antwoordt in bevestigende zin, op voorwaarde dat de Zweedse koning zijn alliantie met Tur\u00adkije verwisselt voor een vredesakkoord met Peter de Grote. Karel XII zou later de gezant, die hem dit voorstel kwam doen, weigeren te ontvangen. Anderzijds zou de tsaar verbolgen zijn geweest over de aan Johann August verleende vrije doortocht.<\/span><\/p>\n<p style=\"text-align: center;\"><span style=\"color: #000000; font-size: 10pt;\"><i><img loading=\"lazy\" decoding=\"async\" class=\"alignnone wp-image-38053\" src=\"https:\/\/meijenfeldt.nl\/wp-content\/uploads\/2021\/06\/Rakoczi.jpg\" alt=\"\" width=\"332\" height=\"397\" \/><br \/>\nPrins Frans R\u00e1k\u00f3czi II<\/i><\/span><\/p>\n<p style=\"text-align: justify;\"><span style=\"color: #000000;\">Nadat hij\u00a0vier dagen heeft moeten wachten om van de Hongaarse rebellen de nodige passen te krijgen vervolgt de Zweedse generaal met een nieuwe escorte zijn weg noordwestwaarts over de flanken van de Slowaakse Karpaten, waar hij door zowel adel als volk vriendelijk wordt onthaald. Gezien de nabijheid van Keizerlijke troepen moet hij in het gebergte blijven, de eerste middag over de Latoricarivier naar Seredine (<i>Szerednye<\/i>) en de volgende dag via Ungv\u00e1r (<i>Uzhgorod<\/i>), Neigmitier (<i>Mih\u00e1ly<\/i>) en Wranau (Varann\u00f3). Hier sluit zich een uit gevangenschap vrijgelaten Zweedse officier Schultze bij hen aan. Na een tocht over een lastig gebergte bereiken zij Eperies (Presov), waar Johann August twee dagen lang door twee daar wonende ministers van R\u00e1k\u00f3czy uitgebreid ontvangen wordt. Nadat opnieuw van het aanvragen van een Keizerlijke pas wordt afgezien gaat de omweg verder via Zeben of Zelin (<i>Sabiniv<\/i>) en Leutschau (<i>L\u00f6cse, Levoca<\/i>)) naar K\u00e9sm\u00e1rk (<i>Kezmarok<\/i>), waar de invloedssfeer van R\u00e1k\u00f3czi eindigt.<\/span><\/p>\n<p style=\"text-align: justify;\"><span style=\"color: #000000;\">Bij de keizerlijke grenspost een mijl verderop vraagt Johann August een reispas aan. Hij raakt verstrikt in de bureaucratie, omdat de aanvraag naar het Hof in Wenen wordt toegezonden. Hij besluit de reis verder heimelijk voort te zetten en splitst het gezelschap in enkele groepjes, die langs verschillende wegen het vaderland moeten zien te bereiken. Een deel van de groep blijft nog een maand in K\u00e9sm\u00e1rk, anderen raken aan lager wal. Sommigen zouden bij spel en drank zijn doodgeslagen, anderen zouden op weldaden van de bevolking zijn aangewezen.<\/span><\/p>\n<p style=\"text-align: justify;\"><span style=\"color: #000000;\">Johann August vervolgt de ingeslagen koers door het gebergte via St. Peter, St. Nicolas, Topla (Deplo) en Rosenberg (<i>Ruzomberok<\/i>). Hij moet zijn paarden voor levensonderhoud verkopen en koopt vanwege aanhoudende stropers langs de weg vlotten om de Waagrivier af te gaan voorbij Susan (<i>Sucany<\/i>) tot Budiczin. Hij vervolgt over land zijn reis via Neust\u00e4ttel (<i>Novi Masto<\/i>) en verlaat bij de Jablunka pas uiteindelijk Hongaars grondgebied en reist naar Teschen (<i>T\u00e9sin<\/i>) in Silezi\u00eb.<\/span><\/p>\n<p style=\"text-align: justify;\"><span style=\"color: #000000;\">Op 30 september arriveert Johann August in Berlijn, waar hem de eer van een audi\u00ebntie bij de Pruisische koning Frederik I te beurt valt. Door heel Europa was een hardnekkig gerucht gegaan dat de Zweden door de Russen verslagen waren en dat Karel XII daarbij de dood had gevonden. Onderweg had Johann August verteld dat het eerste juist en het tweede onjuist was. <\/span><span style=\"color: #000000;\">Hij slaagt er\u00a0niet in de koning er van te overtuigen dat Karel XII nog in leven is. Als hij nog in leven is, waarom\u00a0blijft Karel XII dan in Bender hangen terwijl zijn buurlanden weer oorlog tegen hem voeren? Dat\u00a0zo&#8217;n zware reis ondenkbaar is vanwege zijn zware voetblessure en de besprekingen met de Turken (en de Fransen) over een verbond gaan er bij hem niet in.<\/span><\/p>\n<p style=\"text-align: center;\"><img loading=\"lazy\" decoding=\"async\" class=\"alignnone wp-image-42070 aligncenter\" src=\"https:\/\/meijenfeldt.nl\/wp-content\/uploads\/2022\/01\/Dagboek-prinses-Ulrike-Eleonore-300x189.png\" alt=\"\" width=\"523\" height=\"329\" srcset=\"https:\/\/meijenfeldt.nl\/wp-content\/uploads\/2022\/01\/Dagboek-prinses-Ulrike-Eleonore-300x189.png 300w, https:\/\/meijenfeldt.nl\/wp-content\/uploads\/2022\/01\/Dagboek-prinses-Ulrike-Eleonore-1024x644.png 1024w, https:\/\/meijenfeldt.nl\/wp-content\/uploads\/2022\/01\/Dagboek-prinses-Ulrike-Eleonore-768x483.png 768w, https:\/\/meijenfeldt.nl\/wp-content\/uploads\/2022\/01\/Dagboek-prinses-Ulrike-Eleonore.png 1324w\" sizes=\"auto, (max-width: 523px) 100vw, 523px\" \/><span style=\"font-family: georgia, palatino, serif;\"><em><span style=\"font-size: 10pt;\">&#8220;d. 26 dito<\/span><\/em><span style=\"font-size: 10pt;\"> <em>k<\/em><\/span><em><span style=\"font-size: 10pt;\">om<\/span><span style=\"font-size: 10pt;\"> General Major Maijerfeldt hjt med bref fr\u00e5n Kungen af. d. 9 Augusti utur Bender&#8221; <\/span><\/em><\/span><span style=\"font-size: 10pt; color: #000000;\">Dagboekaantekening oktober 1709 van de 21-jarige prinses-regentes Ulrika Eleonora<br \/>\n<\/span><span style=\"color: #000000;\"><span style=\"font-size: 10pt;\">in <\/span><span style=\"font-size: 10pt;\">Samuel Krok&#8217;s Chronologiske Almanach<\/span><\/span>\u00a0<span style=\"color: #0000ff;\"><a style=\"color: #0000ff;\" href=\"#voetnoot\"><span style=\"font-size: 10pt;\">(4)<\/span><\/a><\/span><\/p>\n<p style=\"text-align: justify;\"><span style=\"color: #000000;\">Een heel ander welkom valt hem ten deel bij zijn aankomst in Stockholm op 26 oktober. Om te beginnen ziet hij eindelijk zijn vrouw Anna Maria T\u00f6rnflycht terug en niet lang daarna kan haar zwangerschap bekend worden gemaakt. Haar zuster Christina zal minder blij zijn als zij hoort dat haar man Carl Piper gevangen zit in Moskou. Uit zijn brieven zal haar liefde voor haar zwager sterk bekoelen. De bevolking van de stad stroomt samen, om in donker stilzwijgen een authentiek verslag van de nederlaag aan te horen. Voor het eerst bestaat zekerheid dat koning Karel XII nog leeft, getuige het verslag van Johann August en de authentieke brieven die hij meeneemt. Ook weet hij enig enthousiasme aan te wakkeren voor nieuwe strijd. Hij is het gesprek van de dag: &#8220;<i>Jamais Homme re\u00e7ut plus de Visites<\/i>&#8220;. <span style=\"color: #0000ff;\"><a style=\"color: #0000ff;\" href=\"#voetnoot\">(5)<\/a><a id=\"voetnoot\"><\/a><\/span><\/span><\/p>\n<p style=\"text-align: center;\"><span style=\"color: #000000; font-size: 10pt;\"><span style=\"color: #0000ff;\"><a style=\"color: #0000ff;\" href=\"https:\/\/meijenfeldt.nl\/?page_id=157\">Terug<\/a><\/span>\u00a0 \u00a0***\u00a0 \u00a0<span style=\"color: #0000ff;\"><a style=\"color: #0000ff;\" href=\"https:\/\/meijenfeldt.nl\/?page_id=32521\">Verder<\/a><\/span><\/span><\/p>\n<p style=\"text-align: justify;\"><span style=\"color: #000000; font-size: 10pt;\">1. A. Babos,<\/span><span style=\"color: #000000; font-size: 13.3333px;\">\u00a0<\/span><span style=\"color: #000000; font-size: 13.3333px;\">\u201c<\/span><span style=\"color: #000000; font-size: 13.3333px;\">Tracing a Sacred Building Tradition. Wooden Churches, Carpenters and Founders in Maramure\u015f until the turn of the 18th Century\u201d, Lund 2004, <\/span><span style=\"color: #0000ff;\"><a style=\"font-size: 10pt; color: #0000ff;\" href=\"https:\/\/meijenfeldt.nl\/?page_id=17505\">pag. 33<\/a><\/span><span style=\"color: #000000; font-size: 10pt;\">.<br \/>\n<\/span><span style=\"color: #000000; font-size: 10pt;\">2. A. Ballagi, \u201cXII. K\u00e1roly \u00e9s a sv\u00e9dek \u00e1tvonul\u00e1sa Magyarorsz\u00e1gon 1709-1715\u201d, Budapest 1922, <span style=\"color: #008000;\"><a style=\"color: #008000;\" href=\"https:\/\/meijenfeldt.nl\/wp-content\/uploads\/2020\/02\/Ballagi-1.pdf\"><span style=\"color: #0000ff;\">pag. 48<\/span> e.v.<\/a><\/span> (op cit. Archivum Rakoczianum II 537).<\/span><br \/>\n<span style=\"color: #000000; font-size: 10pt;\">3. E. Tengberg, <\/span><span style=\"color: #000000; font-size: 13.3333px;\">&#8220;Fr\u00e5n Poltava till Bender, en studie i Karl XII:s Turkiska Politik 1709-1713\u2033, Lund 1953,<\/span><span style=\"font-size: 10pt;\"><span style=\"color: #000000;\">\u00a0<\/span><span style=\"color: #0000ff;\"><a style=\"color: #0000ff;\" href=\"https:\/\/books.google.se\/books?hl=sv&amp;id=k59MAAAAMAAJ&amp;dq=F.F.+Carlson%2C+%E2%80%9CSveriges+Historia+under+Karl+den+tolftes+regering%E2%80%9D%2C&amp;focus=searchwithinvolume&amp;q=Meijerfeldt\">pag. 48<\/a><\/span><\/span><span style=\"color: #000000; font-size: 10pt;\">.<br \/>\n4. <span style=\"color: #0000ff;\"><a style=\"color: #0000ff;\" href=\"https:\/\/www.flickr.com\/photos\/63794459@N07\/sets\/72157630956420336\/\">Prinsessan Ulrika Eleonoras<\/a><\/span> Dagboksanteckningen f\u00f6r 1709, Stifts- och Landsbiblioteket i Skara. E.W. Dahlgren, Meddelade, in Person-Historisk Tidskrift 17, Stockholm 1916, <span style=\"color: #0000ff;\"><a style=\"color: #0000ff;\" href=\"https:\/\/archive.org\/details\/personhistoriskt1718pers\/page\/n123\/mode\/2up?q=meijerfeldt&amp;view=theater\">pag. 58<\/a>.<\/span><br \/>\n<\/span><span style=\"color: #000000; font-size: 10pt;\">5. J.A. Nordberg, \u201cKonung Carl den XII: tes historia\u201d, Stockholm 1740, deel 2, <span style=\"color: #0000ff;\"><a style=\"color: #0000ff;\" href=\"https:\/\/meijenfeldt.nl\/?page_id=9129\">pag. 332<\/a><\/span>. E. <span style=\"color: #008000;\"><span style=\"color: #0000ff;\"><a style=\"color: #0000ff;\" href=\"https:\/\/meijenfeldt.nl\/?page_id=19684\">Carlson<\/a><\/span>,<\/span> \u201cKoning Karl XII:s egenh\u00e4ndiga bref\u201d, Stockholm 1893, <span style=\"color: #0000ff;\"><a style=\"color: #0000ff;\" href=\"https:\/\/babel.hathitrust.org\/cgi\/pt?id=inu.30000053834564;view=2up;seq=170;skin=mobile\">pag. 96, noot 1<\/a><\/span>. O. Haintz, \u201cK\u00f6nig Karl XII. von Schweden\u201d, Berlijn 1958, deel 2, pag. 48, noot 1.<\/span><\/p>\n","protected":false},"excerpt":{"rendered":"<p>Op 10 augustus 1709 vertrekt Von Meijerfeldt met zijn konvooi van ruim 40 mensen uit het Zweedse kamp bij Bender. Hij reist in noordwestelijke richting langs de Dnjestr. Voor de eerste overnachting komen hij bij een zo armelijk dorp, dat hij liever onder de open hemel in het gras ligt. De volgende dag laat hij &hellip; <a href=\"https:\/\/meijenfeldt.nl\/?page_id=159\" class=\"more-link\">Verder lezen <span class=\"screen-reader-text\">1.5.9. Over de Karpaten<\/span><\/a><\/p>\n","protected":false},"author":1,"featured_media":0,"parent":157,"menu_order":0,"comment_status":"closed","ping_status":"closed","template":"","meta":{"footnotes":""},"class_list":["post-159","page","type-page","status-publish","hentry"],"_links":{"self":[{"href":"https:\/\/meijenfeldt.nl\/index.php?rest_route=\/wp\/v2\/pages\/159","targetHints":{"allow":["GET"]}}],"collection":[{"href":"https:\/\/meijenfeldt.nl\/index.php?rest_route=\/wp\/v2\/pages"}],"about":[{"href":"https:\/\/meijenfeldt.nl\/index.php?rest_route=\/wp\/v2\/types\/page"}],"author":[{"embeddable":true,"href":"https:\/\/meijenfeldt.nl\/index.php?rest_route=\/wp\/v2\/users\/1"}],"replies":[{"embeddable":true,"href":"https:\/\/meijenfeldt.nl\/index.php?rest_route=%2Fwp%2Fv2%2Fcomments&post=159"}],"version-history":[{"count":152,"href":"https:\/\/meijenfeldt.nl\/index.php?rest_route=\/wp\/v2\/pages\/159\/revisions"}],"predecessor-version":[{"id":53560,"href":"https:\/\/meijenfeldt.nl\/index.php?rest_route=\/wp\/v2\/pages\/159\/revisions\/53560"}],"up":[{"embeddable":true,"href":"https:\/\/meijenfeldt.nl\/index.php?rest_route=\/wp\/v2\/pages\/157"}],"wp:attachment":[{"href":"https:\/\/meijenfeldt.nl\/index.php?rest_route=%2Fwp%2Fv2%2Fmedia&parent=159"}],"curies":[{"name":"wp","href":"https:\/\/api.w.org\/{rel}","templated":true}]}}