{"id":157,"date":"2016-09-04T16:51:19","date_gmt":"2016-09-04T16:51:19","guid":{"rendered":"http:\/\/wordpress.celinevonmeijenfeldt.nl\/?page_id=157"},"modified":"2023-04-02T16:11:15","modified_gmt":"2023-04-02T16:11:15","slug":"1-5-terug-van-het-continent","status":"publish","type":"page","link":"https:\/\/meijenfeldt.nl\/?page_id=157","title":{"rendered":"1.5.8. Nieuwe opdracht"},"content":{"rendered":"<p style=\"text-align: justify;\"><span style=\"color: #000000;\">Om zijn macht te herstelling gaan de eerste gedachte van de Zweedse koning Karel XII uit naar terugreizen naar Polen om zich te verenigen met Stanislaus en de resterende Zweedse troepen onder Krassow. Hoewel de Ottomaanse grootvizier (premier) hem royale gastvrijheid biedt, wil hij neutraal blijven. Daarom ontwijkt hij het verzoek om een Turkse escorte om dit plan te realiseren. <span style=\"color: #0000ff;\"><a style=\"color: #0000ff;\" href=\"#voetnoot\">(1)<\/a><\/span><\/span><\/p>\n<p style=\"text-align: justify;\"><span style=\"color: #000000;\">Frankrijk en Engeland-Nederland bieden Karel XII transport aan om terug te keren naar Zweden. Hun gedachte is de machtsbalans in de Oostzee te bewaren en hun handen vrij te houden voor hun onderlinge oorlogen. Het is een komen en gaan van diplomaten. Karel XII wijst alle voorstellen af. Hij wil de Ottomaanse Sultan tegen de Russische Tsaar opzetten, en dat denkt hij beter in de regio dan vanuit het verre Stockholm of Stralsund te kunnen doen. Een thuiskomst als verliezer is bovendien weinig aantrekkelijk.<\/span><\/p>\n<p style=\"text-align: justify;\"><span style=\"color: #000000;\">De andere\u00a0vijanden\u00a0pakken na het bekend worden van de vernietiging van het Zweedse leger de wapenen weer op. Augustus herstelt zelf zijn koningschap in Polen en Denemarken\u00a0wil zich\u00a0over Holstein-Gottorp en\u00a0Bremen-Verden\u00a0ontfermen. Zij blazen met Peter de Grote\u00a0de Noordelijke Alliantie nieuw leven in. Ook Pruisen en Hannover-Engeland ruiken hun kans te profiteren van het uiteenvallende rijk en nemen een meer vijandige &#8211; maar nog steeds neutrale &#8211;\u00a0houding ten opzichte van Zweden aan.<\/span><\/p>\n<p style=\"text-align: justify;\"><span style=\"color: #000000;\">Voor Von Meijerfeldt betekent deze hogere politiek dat Karel XII hem de bijzonder belangrijke opdracht geeft om direct naar Stockholm te reizen. <span style=\"color: #0000ff;\"><a style=\"color: #0000ff;\" href=\"#voetnoot\">(2)<\/a><\/span><\/span><\/p>\n<p style=\"padding-left: 40px; text-align: justify;\"><span style=\"color: #000000;\"><em>Dese reyse was niet alleen hoog noodig, om des Konings beveelen, soo wel schriftelyk als mondeling, over te brengen, maar den gemelden Generaal ook seer aangenaam, dewyl hy zich in dese Gewesten vry onpasselyk bevondt, en op spoediger herstelling in Sweden hoopte.\u00a0<\/em><\/span><\/p>\n<p style=\"text-align: justify;\"><span style=\"color: #000000;\">Johann August denkt tevens zijn bagage die vanuit het Moskovische kamp via Kiev en Polen naar Pruisen was gestuurd te kunnen achterhalen. Tevergeefs, zal blijken, deze was in Polen al geplunderd.<\/span><\/p>\n<p style=\"text-align: justify;\"><span style=\"color: #000000;\">De koning geeft Johann August een grote hoeveelheid brieven mee. Zijn zuster krijgt het overdreven geruststellende bericht dat het leger een toevallige tegenslag heeft gehad die spoedig te boven zal worden gekomen, net als zijn voetblessure. De legerleiding en de Rijksraad krijgen instructies hoe de oorlog voort te zetten. <span style=\"color: #0000ff;\"><a style=\"color: #0000ff;\" href=\"#voetnoot\">(3)<\/a><\/span><\/span><\/p>\n<p style=\"text-align: center;\"><em><span style=\"font-size: small;\"><img loading=\"lazy\" decoding=\"async\" class=\" wp-image-7117 aligncenter\" src=\"https:\/\/meijenfeldt.nl\/wp-content\/uploads\/2017\/10\/Sabel-Johan-August-jr-48x300.jpg\" alt=\"\" width=\"56\" height=\"350\" srcset=\"https:\/\/meijenfeldt.nl\/wp-content\/uploads\/2017\/10\/Sabel-Johan-August-jr-48x300.jpg 48w, https:\/\/meijenfeldt.nl\/wp-content\/uploads\/2017\/10\/Sabel-Johan-August-jr.jpg 64w\" sizes=\"auto, (max-width: 56px) 100vw, 56px\" \/><\/span><\/em><span style=\"color: #000000; font-size: small;\"><i>Object: <\/i><span style=\"color: #0000ff;\"><span style=\"color: #000000;\">Sabel<\/span><\/span> infanterie uit 1695, niet originele kling uit 1720-1740<br \/>\n<em>Insciptie:<\/em> Soli Deo Gloria, C XII C<br \/>\n<i>Maten: <\/i>kling 847 bij\u00a028 mm, sabel 920 gram<br \/>\n<i>Plaats en foto: <\/i>Wapenkamer (<span style=\"font-size: 10pt;\"><span style=\"color: #000000;\"><span style=\"font-family: georgia,palatino,serif;\"><span style=\"color: #0000ff;\"><span style=\"font-size: 14pt;\"><span style=\"font-size: 10pt; color: #0000ff;\"><span style=\"color: #000000;\">Livrustkammare), Slottsbacken 3, Stockholm, inv. nr.<\/span>\u00a0<a style=\"color: #0000ff;\" href=\"http:\/\/emuseumplus.lsh.se\/eMuseumPlus?service=ExternalInterface&amp;module=collection&amp;objectId=45427&amp;viewType=detailView\">8880 (4871)<\/a><\/span><\/span><\/span><\/span><\/span><\/span><\/span><\/p>\n<p style=\"text-align: justify;\"><span style=\"font-size: 14pt;\"><span style=\"color: #000000;\"><span style=\"font-family: georgia,palatino,serif;\">Karel XII geeft Johann August bovendien \u00e9\u00e9n van zijn sabels uit 1695 mee.<span style=\"font-size: 14pt;\"> Het blijft goed bewaard binnen het geslacht von Meijerfeldt tot het uitsterft en terugvalt aan de Kroon. Koning Karel XV van Zweden en Noorwegen schenkt het aan de Franse keizer Napoleon III. Begin twintigste eeuw ontdekt prof. baron Cederstr\u00f6m het in het museum Hotel des Invalides in Parijs en slaagt er in het ten behoeve van de <i>\u00a0<\/i><span style=\"color: #000000;\">Livrustkammaren<\/span><i>\u00a0<\/i>in Stockholm<i>\u00a0<\/i>terug te krijgen. <\/span><\/span><\/span><\/span><span style=\"color: #0000ff;\"><a style=\"color: #0000ff;\" href=\"#voetnoot\"><span style=\"font-family: georgia, palatino, serif; font-size: 18.6667px;\">(4)<\/span><\/a><\/span><\/p>\n<p style=\"text-align: justify;\"><span style=\"color: #000000;\">Op verzoek van de koning benadert Johann August op 9 augustus 1709 de Slowaakse superintendent bisschop Dani\u00ebl Krman. Deze had zich met landgenoot Samuel Pohorszky en vertaler Samuel Hermsohn een half jaar eerder in Mogilev bij Karel XII gevoegd. Meijerfeldt \u00a0doet hem nu het aanbod mee te reizen naar diens vaderland, met onkostenvergoeding. Omdat de reis de dag daarop zal aanvangen, lopen zij samen naar de Turkse tent van \u00a0de koning. Nadat Meijerfeldt en de koning een voorbespreking van een uur hebben wordt Krman binnengeroepen. Karel XII vraagt hem in ruil voor dit vorstelijke aanbod Meijerfeldt te steunen om van de Hongaarste vorst R\u00e1k\u00f3czi de verzekering van een toekomstige vrije doortocht voor de Zweedse koning te verkrijgen.<\/span><\/p>\n<p style=\"text-align: justify;\"><span style=\"color: #000000;\">Naast dit drietal maakt de reisprediker van prins Max, Johann Wendel Bardili, zich op om mee te gaan, teneinde naar diens vaderland W\u00fcrttemberg te gaan. Krman noemt hem de secretaris van Johann August en het zou kunnen dat dit voor de reis zo is afgesproken. De hofkapelaan Peter Rydell met zijn bediende vervolmaakt het theologengezelschap. <\/span><span style=\"color: #000000;\"> In het reisgezelschap \u00a0bevinden zich naast de al genoemde personen de volgende militairen: Christian Bennet (gardekapitein), Fridrich Arnhiel (ritmeester regiment \u00d6rnstedt), Robert Gustaf Frahser (kapitein dragonderregiment), Peterson (kapitein dragonderregiment Hjelm), Karol Piper (kapitein infanterieregiment V\u00e4stmansl\u00e4n), Johan de Gerten (kolonel \u00a0infanterieregiment Sm\u00e5land), Jacob Wallrave (Koninklijke gardist), Kristian Oxhufvud (idem) en Johan Schultz (generaal-adjudant). Verder reizen mee de secretarissen Johan L\u00f6wenheim (oberauditor), Aron Holm (auditor regiment Sm\u00e5land) en Friedrich W\u00fcrzberg (assistent prins Max). Tenslotte gaan mee tot aan de Hongaarse grens een\u00a0Turkse aga (kapitein) om onderweg al dan niet met geweld verse paarden en voedsel te regelen, diens\u00a0Joodse tolk en 22 Moldavi\u00ebrs.\u00a0Ieder lid van de groep rijdt te paard met de bagage achterop en is in het bezit van de nodige passen van het Ottomaanse hof en de Zweedse koning<\/span><span style=\"color: #000000;\">.<a id=\"voetnoot\"><\/a><\/span><\/p>\n<p style=\"text-align: center;\"><span style=\"color: #000000; font-size: 10pt;\"><a href=\"https:\/\/meijenfeldt.nl\/?page_id=9888\"><span style=\"color: #0000ff;\">Terug<\/span><\/a>\u00a0 \u00a0***\u00a0 \u00a0<span style=\"color: #0000ff;\"><a style=\"color: #0000ff;\" href=\"https:\/\/meijenfeldt.nl\/?page_id=159\">Verder<\/a><\/span><\/span><\/p>\n<p style=\"text-align: justify;\"><span style=\"color: #000000;\"><span style=\"font-size: 10pt;\">1. C. Coroban, \u201cBritish reactions to Charles XII\u2019s stay in the Ottoman Empire\u201d, paper presented at\u00a0Second International Conference of the Romanian Association for Baltic and Nordic Studies: Black Sea and Baltic Sea Regions: Confluences, influences and crosscurrents in the modern and contemporary ages, at T\u00e2rgovi\u015fte, May 20-22, 2011. printed in Revista Rom\u00e2n\u0103 de Studii Baltice \u015fi Nordice, Vol. 3, Issue 1, 2011, <span style=\"color: #0000ff;\"><a style=\"color: #0000ff;\" href=\"https:\/\/meijenfeldt.nl\/wp-content\/uploads\/2023\/02\/Coroban.pdf\">pag. 29-63<\/a><\/span><\/span>.<br \/>\n<\/span><span style=\"color: #000000; font-size: 10pt;\">2.\u00a0I. Le Long,\u00a0\u201cHet leven van den heldhaften Carel den XIIden, Koning der Sweden\u201d, Amsterdam 1721, deel 4,\u00a0<span style=\"color: #0000ff;\"><a style=\"color: #0000ff;\" href=\"https:\/\/books.google.nl\/books?id=2UBnAAAAcAAJ&amp;pg=PA650&amp;lpg=PA650&amp;dq=compulon&amp;source=bl&amp;ots=yqRL9TTjrk&amp;sig=eUNPStDccu3qqE5C-OgWcoiXqzI&amp;hl=nl&amp;sa=X&amp;ved=0ahUKEwjF3qnq_OnbAhXCjKQKHQOjB1I4ChDoAQgqMAE#v=onepage&amp;q=meyerfeldt&amp;f=false\">pag. 637-638<\/a><\/span>.<br \/>\n<\/span><span style=\"color: #000000; font-size: 10pt;\">3. E. <span style=\"color: #008000;\"><span style=\"color: #000000;\">Carlson<\/span>,<\/span> \u201cKoning Karl XII:s egenh\u00e4ndiga bref\u201d, Stockholm 1893, <span style=\"color: #0000ff;\"><a style=\"color: #0000ff;\" href=\"https:\/\/babel.hathitrust.org\/cgi\/pt?id=inu.30000053834564;view=2up;seq=410;skin=mobile\">pag. 337<\/a> <\/span>e.v.<br \/>\n<\/span><span style=\"font-size: 10pt;\">4. <span style=\"color: #000000;\"><span style=\"font-family: georgia,palatino,serif;\">O. Penguilly l\u2019Haridon, \u201cCatalogue des Collections du Cabinet d\u2019Armes de sa Majest\u00e9 l\u2019Empereur\u201d, Parijs 1865, <span style=\"color: #0000ff;\"><a style=\"color: #0000ff;\" href=\"https:\/\/gallica.bnf.fr\/ark:\/12148\/bpt6k64344226\/f89.item.r=meyenfelt\">pag. 79, sub a 10<\/a><\/span>. Vasabladet, <span style=\"color: #0000ff;\"><a style=\"color: #0000ff;\" href=\"https:\/\/digi.kansalliskirjasto.fi\/sanomalehti\/binding\/1340895?term=Meyerfeldt&amp;page=3\">13 juni 1911<\/a>.\u00a0<\/span><\/span><\/span><\/span><\/p>\n","protected":false},"excerpt":{"rendered":"<p>Om zijn macht te herstelling gaan de eerste gedachte van de Zweedse koning Karel XII uit naar terugreizen naar Polen om zich te verenigen met Stanislaus en de resterende Zweedse troepen onder Krassow. Hoewel de Ottomaanse grootvizier (premier) hem royale gastvrijheid biedt, wil hij neutraal blijven. Daarom ontwijkt hij het verzoek om een Turkse escorte &hellip; <a href=\"https:\/\/meijenfeldt.nl\/?page_id=157\" class=\"more-link\">Verder lezen <span class=\"screen-reader-text\">1.5.8. Nieuwe opdracht<\/span><\/a><\/p>\n","protected":false},"author":1,"featured_media":0,"parent":285,"menu_order":0,"comment_status":"closed","ping_status":"closed","template":"","meta":{"footnotes":""},"class_list":["post-157","page","type-page","status-publish","hentry"],"_links":{"self":[{"href":"https:\/\/meijenfeldt.nl\/index.php?rest_route=\/wp\/v2\/pages\/157","targetHints":{"allow":["GET"]}}],"collection":[{"href":"https:\/\/meijenfeldt.nl\/index.php?rest_route=\/wp\/v2\/pages"}],"about":[{"href":"https:\/\/meijenfeldt.nl\/index.php?rest_route=\/wp\/v2\/types\/page"}],"author":[{"embeddable":true,"href":"https:\/\/meijenfeldt.nl\/index.php?rest_route=\/wp\/v2\/users\/1"}],"replies":[{"embeddable":true,"href":"https:\/\/meijenfeldt.nl\/index.php?rest_route=%2Fwp%2Fv2%2Fcomments&post=157"}],"version-history":[{"count":55,"href":"https:\/\/meijenfeldt.nl\/index.php?rest_route=\/wp\/v2\/pages\/157\/revisions"}],"predecessor-version":[{"id":55157,"href":"https:\/\/meijenfeldt.nl\/index.php?rest_route=\/wp\/v2\/pages\/157\/revisions\/55157"}],"up":[{"embeddable":true,"href":"https:\/\/meijenfeldt.nl\/index.php?rest_route=\/wp\/v2\/pages\/285"}],"wp:attachment":[{"href":"https:\/\/meijenfeldt.nl\/index.php?rest_route=%2Fwp%2Fv2%2Fmedia&parent=157"}],"curies":[{"name":"wp","href":"https:\/\/api.w.org\/{rel}","templated":true}]}}