{"id":155,"date":"2016-09-04T16:51:05","date_gmt":"2016-09-04T16:51:05","guid":{"rendered":"http:\/\/wordpress.celinevonmeijenfeldt.nl\/?page_id=155"},"modified":"2023-04-02T16:10:20","modified_gmt":"2023-04-02T16:10:20","slug":"1-4-3-een-omstreden-vrijlating","status":"publish","type":"page","link":"https:\/\/meijenfeldt.nl\/?page_id=155","title":{"rendered":"1.5.6. Omstreden vrijlating"},"content":{"rendered":"<p style=\"text-align: justify;\"><span style=\"color: #000000;\">Een van de weinige krijgsgevangenen, die er in slaagt voortijdig uit het Moskovische kamp weg te komen, is generaal-majoor Von Meijerfeldt. Al na een kleine maand gevangenschap wordt hij door de tsaar vrijgelaten. Bij de achterblijvende Zweedse legertop, vooral bij Piper en Lewenhaupt, wekt deze vrijlating veel kritiek en zelfs vijandige gevoelens. Uit de vele geschriften komt het beeld van een omstreden vrijlating naar voren.<\/span><\/p>\n<table style=\"width: 98.3333%; border-collapse: collapse; background-color: #f2f1e1; border-color: #000000;\">\n<tbody>\n<tr>\n<td style=\"width: 100%; border-color: #000000;\">\n<p style=\"text-align: justify;\"><span style=\"font-size: 10pt;\">In <span style=\"color: #0000ff;\"><a style=\"color: #0000ff;\" href=\"https:\/\/meijenfeldt.nl\/?page_id=134\">paragraaf 1.4.6.<\/a><\/span> <span style=\"color: #000000;\">worden de memoires van Von Meijerfeldt beschreven. Over zijn vrijlating heeft hij drie versies:<br \/>\n1\u00ba. Hoofdtekst blad 81-83v, door L\u00f6wenheim geschreven en hemzelf gecorrigeerd;<br \/>\n2\u00ba. Bijlage A, een netschrift <\/span><\/span><span style=\"font-size: 10pt;\"><span style=\"color: #000000;\">met de titel <span style=\"color: #0000ff;\"><em><a style=\"color: #0000ff;\" href=\"https:\/\/meijenfeldt.nl\/wp-content\/uploads\/2020\/08\/Memorial-Poltava.pdf\">Memorial un Unterricht<\/a><\/em><\/span><i> wie e\u00df zugegangen da\u00df ein Revers von mir gegeben;<br \/>\n<\/i>3\u00ba. Bijlage D, <\/span><\/span><span style=\"font-size: 10pt;\"><span style=\"color: #000000;\">een door hemzelf geschreven concept met de titel <i>Wahrhaffte Relation wie e\u00df beschaffen mit der Absendung des G. Meijerfelt von I K M unsers gnadigstes K\u00f6niges nach der ungl\u00fcckl. pultavischen Batalli wie der H. Sultman solches als ein Unparteischer bezeugen kann.<\/i><i><br \/>\n<\/i><\/span><\/span><\/p>\n<p style=\"text-align: center;\"><span style=\"color: #000000;\"><img loading=\"lazy\" decoding=\"async\" class=\" wp-image-593 aligncenter\" src=\"http:\/\/celinevonmeijenfeldt.nl\/wp-content\/uploads\/2016\/10\/image-6-300x228.jpeg\" alt=\"image\" width=\"536\" height=\"407\" srcset=\"https:\/\/meijenfeldt.nl\/wp-content\/uploads\/2016\/10\/image-6-300x228.jpeg 300w, https:\/\/meijenfeldt.nl\/wp-content\/uploads\/2016\/10\/image-6.jpeg 563w\" sizes=\"auto, (max-width: 536px) 100vw, 536px\" \/><\/span><span style=\"color: #000000; font-size: 10pt;\"><em>Netschrift memoires generaal-majoor baron Johann August von Meijerfeldt<\/em><\/span><br \/>\n<span style=\"color: #000000; font-size: 10pt;\">\u00a0<\/span><span style=\"color: #000000; font-size: 10pt;\">\u00a0<em>H. Villius, \u201cKarl XII:s ryska f\u00e4ltt\u00e5g\u201d, Lund 1951, pag. 128-129, foto 3.<\/em><\/span><\/p>\n<\/td>\n<\/tr>\n<\/tbody>\n<\/table>\n<p style=\"text-align: justify;\"><span style=\"color: #000000;\">In het kladschrift van zijn memoires schrijft Johann August, dat de tsaar hem een vrijgeleide heeft aangeboden, onder voorwaarde een bekentenis te ondertekenen om een in Zweden gevangen zittende Moskovische generaal van gelijke rang uit te wisselen. Naar de wens van de tsaar komt generaal Buturlin daarvoor in aanmerking. Johann August zou bij een mislukte uitwisseling terugkeren in gevangenschap van de tsaar. Rekening houdend met zijn slechte gezondheid wordt hem 6 maanden gegund om aan de voorwaarde te voldoen.<\/span><\/p>\n<p style=\"text-align: justify;\"><span style=\"color: #000000;\">In het netschrift stelt Johann August, dat de tsaar hem wegens zijn verslechterende gezondheidstoestand in vrijheid stelt, maar onder beding dat hij binnen 6 maanden aantoont dat hij door Karel XII als onderhandelaar was gezonden. Van een uitwisseling was geen sprake. Zijn pleidooi bij Karel XII om Buturlin vrij te laten is er op gericht andere Zweedse generaals los te krijgen.<\/span><\/p>\n<p style=\"text-align: justify;\"><span style=\"color: #000000;\">Graaf Piper geeft in zijn dagboek een geheel andere lezing van het vertrek van zijn zwager. Van een aanbod tot vrijlating was geen sprake, maar wel van een smeekbede van Johann August, toen hij hoorde dat een ander de Russische vredesvoorwaarden naar de voortvluchtige Karel XII zou brengen. Ten behoeve van zijn vrijlating zou hij de tsaar geschenken en een bekentenis tot uitwisseling hebben aangeboden. Piper zou hem nog van zijn verwerpelijke daad hebben trachten af te bren\u00adgen, door er op te wijzen dat de koning aan een dergelijke karakterloze daad niet zou meewerken. Hij kreeg echter geen gehoor en scheidde van hem als halve vijand.<\/span><\/p>\n<p style=\"text-align: justify;\"><span style=\"color: #000000;\">Generaal Lewenhaupt laat nog meer verbitterde geluiden horen, hetgeen samenhangt met een andere &#8211; hierna te behandelen &#8211; controverse. Johann August wordt verweten niet met zijn regiment mee naar Perevolotjna te zijn gekomen, maar in plaats daarvan de koning te hebben gesmeekt naar de vijand te mogen oversteken. Eenmaal in het Moskovische kamp zou hij zich meer als minister dan als krijgsgevangene heb\u00adben gedragen.<\/span><\/p>\n<p style=\"text-align: justify;\"><span style=\"color: #000000;\">De tijdgenoten van Johann August en de Zweedse historici gaan er zonder uitzondering van uit, dat hij is uitgewisseld tegen Buturlin. Zijn gedrag, dat anders zo door dapperheid wordt gekenmerkt, wordt toegeschreven aan zijn slechte gezondheidstoestand en langdurige scheiding van zijn jonge vrouw. De ophef in de Zweedse legertop was vooral zo groot, omdat de uitwis\u00adseling plaatsvond in strijd met de strikt nageleefde volgorde in rang en dienstjaren. Een zekere generaal-majoor Horn was op grond van zijn meerdere dienstjaren dan ook ernstig teleurgesteld over de uitwisseling. De ook wel genoemde weerzin bij de legertop tegen het feit dat hij over gevangenenruil kwam onderhandelen lijkt geen goede uitleg. <span style=\"color: #0000ff;\"><a style=\"color: #0000ff;\" href=\"#voetnoot\">(1)<\/a><\/span><\/span><\/p>\n<p style=\"text-align: justify;\"><span style=\"color: #000000;\">Toch is Johann August&#8217;s lezing in netschrift, namelijk dat hij niet werd vrijgelaten ter wille van een uitwisseling maar om zijn diplomatenstatus te bewijzen, niet geheel onmogelijk. De strijdigheid met de uitwisselingsvolgorde is een eerste argument. Bovendien valt zijn vertrek samen met het moment waarop de tsaar te horen krijgt dat Karel XII veilig op Turkse bodem is aangeland. <span style=\"color: #0000ff;\"><a style=\"color: #0000ff;\" href=\"#voetnoot\">(2)<\/a><\/span> Nog meer pleit voor deze lezing, dat hij na zijn vrijlating gunstig door Karel XII wordt ontvangen. In zijn latere gravenbrief zegt de koning dat hij de moeilijkheden die de Russen maakten overwon dankzij zijn voorzichtige houding. <span style=\"color: #0000ff;\"><a style=\"color: #0000ff;\" href=\"#voetnoot\">(3)<\/a><\/span> De koning laat de tsaar zelfs via zijn kanselier Von Kochen weten, dat Johann August inderdaad zijn volmacht had bezeten en dat hij derhalve in strijd met het oorlogsrecht gedetineerd was geweest.<\/span><\/p>\n<p style=\"text-align: justify;\"><span style=\"color: #000000;\">Tegen deze lezing pleit, dat de sinds Narva in Zweden gevangen zittende generaal-majoor Buturlin enige maanden later op last van Karel XII wordt losgelaten. Voorts zijn er meer algemene geschiedkundige bedenkingen tegen memoires van hoge officieren; ook Johann August&#8217;s uiteenzetting geeft een indruk van onder de mannen rondom de soevereine vorst heersende jaloezie en hun inspanningen om de eigen persoon te verheffen en het eigen handelen te verdedigen. Tenslotte, welke voorwaarden de tsaar ook maar mag hebben gesteld, in ieder geval voldoet Johann August er aan, want uit de minzame wijze waarop Mensjikov hem 4 jaar later bij Stettin op een diner onthaalt blijkt niets van een gebroken woord.<a id=\"voetnoot\"><\/a><\/span><\/p>\n<p style=\"text-align: center;\"><span style=\"color: #000000; font-size: 10pt;\"><span style=\"color: #0000ff;\"><a style=\"color: #0000ff;\" href=\"https:\/\/meijenfeldt.nl\/?page_id=153\">Terug<\/a><\/span>\u00a0 \u00a0***\u00a0 \u00a0<span style=\"color: #0000ff;\"><a style=\"color: #0000ff;\" href=\"https:\/\/meijenfeldt.nl\/?page_id=9888\">Verder<\/a><\/span><\/span><\/p>\n<p style=\"text-align: justify;\"><span style=\"color: #000000; font-size: 10pt;\">1.<\/span><span style=\"color: #000000; font-size: 10pt;\"> M.J. Petry in zijn vertaling van Carl von Linn\u00e9, \u201cNemesis Divina\u201d, pag. 357.<\/span><br \/>\n<span style=\"color: #000000; font-size: 10pt;\"> 2. E. <span style=\"color: #0000ff;\"><a style=\"color: #0000ff;\" href=\"https:\/\/meijenfeldt.nl\/?page_id=19366\">Carlson<\/a><\/span>, \u201cSveriges Historia under Karl den tolftes regering\u201d, Stockholm 1910,\u00a0<span style=\"color: #0000ff;\"><a style=\"color: #0000ff;\" href=\"https:\/\/babel.hathitrust.org\/cgi\/pt?id=umn.319510012911731;view=2up;seq=602;skin=mobile\">pag. N90, noot 575<\/a><\/span>.<\/span><br \/>\n<span style=\"color: #000000; font-size: 10pt;\"> 3. Riksarkivet Sverige, 1112.1. Riksregistraturet 1523-1718, B\/671, <span style=\"color: #0000ff;\"><a style=\"color: #0000ff;\" href=\"https:\/\/sok.riksarkivet.se\/bildvisning\/A0039166_00155#?c=&amp;m=&amp;s=&amp;cv=154&amp;xywh=-184%2C157%2C4684%2C2755\">folio 153v<\/a><\/span>, \u201cGrefwe Bref f\u00f6r K: R\u00e5det, Generalen och Gen: Gouverneuren, Johan August Meijerfeldt&#8221;, dat. Demotica d. 3 Martij 1714.<br \/>\n<\/span><\/p>\n","protected":false},"excerpt":{"rendered":"<p>Een van de weinige krijgsgevangenen, die er in slaagt voortijdig uit het Moskovische kamp weg te komen, is generaal-majoor Von Meijerfeldt. Al na een kleine maand gevangenschap wordt hij door de tsaar vrijgelaten. Bij de achterblijvende Zweedse legertop, vooral bij Piper en Lewenhaupt, wekt deze vrijlating veel kritiek en zelfs vijandige gevoelens. Uit de vele &hellip; <a href=\"https:\/\/meijenfeldt.nl\/?page_id=155\" class=\"more-link\">Verder lezen <span class=\"screen-reader-text\">1.5.6. Omstreden vrijlating<\/span><\/a><\/p>\n","protected":false},"author":1,"featured_media":0,"parent":149,"menu_order":0,"comment_status":"closed","ping_status":"closed","template":"","meta":{"footnotes":""},"class_list":["post-155","page","type-page","status-publish","hentry"],"_links":{"self":[{"href":"https:\/\/meijenfeldt.nl\/index.php?rest_route=\/wp\/v2\/pages\/155","targetHints":{"allow":["GET"]}}],"collection":[{"href":"https:\/\/meijenfeldt.nl\/index.php?rest_route=\/wp\/v2\/pages"}],"about":[{"href":"https:\/\/meijenfeldt.nl\/index.php?rest_route=\/wp\/v2\/types\/page"}],"author":[{"embeddable":true,"href":"https:\/\/meijenfeldt.nl\/index.php?rest_route=\/wp\/v2\/users\/1"}],"replies":[{"embeddable":true,"href":"https:\/\/meijenfeldt.nl\/index.php?rest_route=%2Fwp%2Fv2%2Fcomments&post=155"}],"version-history":[{"count":37,"href":"https:\/\/meijenfeldt.nl\/index.php?rest_route=\/wp\/v2\/pages\/155\/revisions"}],"predecessor-version":[{"id":55155,"href":"https:\/\/meijenfeldt.nl\/index.php?rest_route=\/wp\/v2\/pages\/155\/revisions\/55155"}],"up":[{"embeddable":true,"href":"https:\/\/meijenfeldt.nl\/index.php?rest_route=\/wp\/v2\/pages\/149"}],"wp:attachment":[{"href":"https:\/\/meijenfeldt.nl\/index.php?rest_route=%2Fwp%2Fv2%2Fmedia&parent=155"}],"curies":[{"name":"wp","href":"https:\/\/api.w.org\/{rel}","templated":true}]}}