{"id":153,"date":"2016-09-04T16:50:49","date_gmt":"2016-09-04T16:50:49","guid":{"rendered":"http:\/\/wordpress.celinevonmeijenfeldt.nl\/?page_id=153"},"modified":"2023-04-25T12:34:14","modified_gmt":"2023-04-25T12:34:14","slug":"1-4-2-moskovische-gevangenschap","status":"publish","type":"page","link":"https:\/\/meijenfeldt.nl\/?page_id=153","title":{"rendered":"1.5.5. Russische gevangene"},"content":{"rendered":"<p style=\"text-align: justify;\"><span style=\"color: #000000;\">Na de Slag bij Poltava acht de koning van Zweden de tijd eindelijk rijp om onderhandelingen met de tsaar te openen. Daartoe geeft hij generaal-majoor Von Meijerfeldt opdracht stante pede naar het hoofdkwartier van de Moskovieten te rijden. Hiermee veroorzaakt hij meer moeilijkheden voor zijn trouwe officier dan hij ooit had kunnen vermoeden.<\/span><\/p>\n<p style=\"text-align: justify;\"><span style=\"color: #000000;\">Johann August schrijft hierover:<i> <\/i><\/span><\/p>\n<p style=\"text-align: justify; padding-left: 40px;\"><span style=\"color: #000000; font-family: georgia, palatino, serif; font-size: 12pt;\"><i>\u201cOp de ochtend van de 29e, toen de koning al weer in de wagen zat en klaar was voor vertrek, vond Zijne Majesteit het noodzakelijk om mij naar de tsaar te sturen, niet alleen om te voorkomen dat de vijandelijke troepen de koning direct achtervolgden, en de echte kracht en plannen van de vijand te achterhalen, maar ook om bevelen van Zijne Koninklijke Majesteit aan de gevangengenomen graaf Piper over te brengen (&#8230;)<\/i><\/span><\/p>\n<p style=\"text-align: justify;\"><span style=\"color: #000000;\">Andere bronnen zeggen dat hij moet achterhalen of Piper en Rehnski\u00f6ld nog leven en zo ja, te bewerkstelligen dat Piper voor vier uren op erewoord &#8211; onder gijzeling van de generaal-majoor &#8211; naar de koning zou mogen gaan voor overleg. Indien dit niet zou worden toegestaan, dan zou Johann August aan Piper volmacht moeten geven in overleg te treden met de Moskovische minister van buitenlandse zaken Golovkin. Inzet van dat overleg zou moeten zijn een enkele weken daarvoor door de tsaar gedaan ouder vredesaanbod, inhoudende een uitwisseling van gevangenen en acceptatie van St. Petersburg als blijvend Russisch grondgebied. Mocht dit alles mislukken, dan zou Johann August nog diezelfde nacht naar Kobel&#8217;aki (ten zuiden van Novyje Senzary) rijden om zich bij de koning te voegen. <span style=\"color: #0000ff;\"><a style=\"color: #0000ff;\" href=\"#voetnoot\">(1)<\/a><\/span><\/span><\/p>\n<p style=\"text-align: justify;\"><span style=\"color: #000000;\">Karel XII weerstaat daarom de druk die zijn ge<span style=\"-webkit-tap-highlight-color: rgba(0, 0, 0, 0);\">zelschap op hem uitoefent om snel af te reizen. Hij zegt<\/span> geen haast te willen maken voordat Von Meijerfeldt van de Russen terugkeert met nieuws over de stand van zaken. &#8220;<i>Wacht even, hij zal terugkomen<\/i>&#8221; zegt de koning en roept om geduld. <a href=\"#voetnoot\"><span style=\"color: #0000ff;\">(2)<\/span><\/a><\/span><\/p>\n<p style=\"text-align: justify;\"><span style=\"color: #000000;\">Toch is het niet goed voor te stellen, dat Karel XII van deze missie enig succes verwacht. Achterliggende doelen zijn de op vrede beluste Piper van een ongunstige regeling te weerhouden. De koning wil intussen proberen steun te zoeken bij een andere vijand van de tsaar, de Groot-Vizier van Konstantinopel, het centrum van het machtige Ottomaanse Rijk. Er worden ook wel wat andere redenen voor de missie van Johann August gegeven, zoals de regeling van de begrafenis van de Zweedse doden, een pas voor hemzelf om zijn been in een Pools kuuroord te laten genezen of het loskrijgen van een vrijgeleide naar Polen voor de koning. <span style=\"color: #0000ff;\"><a style=\"color: #0000ff;\" href=\"#voetnoot\">(3)<\/a><\/span><\/span><\/p>\n<p style=\"text-align: justify;\"><span style=\"color: #000000;\">Met kapitein Wilhelm Bennet en auditeur L\u00f6wenheim uit zijn regiment, een jongen Frolich en een trompetter uit het Lijfregiment begeeft Johann August zich samen met een Russische vaandrig met 18 Kozakken om 7 uur in de ochtend op de weg terug naar Poltava. Al snel stuit hij op de achtervolgende Moskovische voorhoede van 8000 man onder generaal Bauer. Zijn mededeling dat hij over vrede komt praten, heeft inderdaad tot gevolg dat hij aan Mensjikov wordt voorgeleid, de achtervolging wordt gestaakt en verdere orders van de tsaar worden afgewacht. De dag oponthoud die hierdoor ontstaat en de hierdoor veroorzaakte ontsnapping van de Zweedse koning wordt dan ook gezien als zijn verdienste.<\/span><\/p>\n<p style=\"text-align: justify;\"><span style=\"color: #000000;\">Laat op die dag wordt hij voor tsaar Peter de Grote geleid. Hij krijgt toestemming met graaf Piper te overleggen, mits dat in het Duits plaatsvindt in tegenwoordigheid van Golovkin. Natuurlijk is de tsaar vertoornd als hij begrijpt dat Johann August in feite met lege handen is gekomen. Hij wenst niet te worden gehouden aan zijn eerdere vredesaanbod en gelast de onmiddellijke voortzetting van de achtervolging op het restant van de Zweedse regimenten.<\/span><\/p>\n<p style=\"text-align: justify;\"><span style=\"color: #000000;\">Waarschijnlijk ge\u00efrriteerd over deze Zweedse manoeuvre en zijn nog bestaande hoop op het tijdig inhalen van Karel XII laat hij Johann August arresteren, vraagt hem zijn zwaard in te leveren, verklaart hem krijgsgevangen en legt beslag op al zijn bezittingen. Als reden geeft hij op, dat de generaal geen schriftelijke volmacht van Karel XII als onderhandelaar kan tonen en dat de Moskovische generaals bij Narva een zelfde behandeling hadden genoten. Het paspoort, dat hem voor zijn gebroken been was verstrekt en door Karel XII als voldoende vrijgeleide wordt beschouwd, wordt nu te oud verklaard omdat Meijerfeldt er moedwillig geen gebruik van had gemaakt<\/span><span style=\"color: #000000;\">. <span style=\"color: #0000ff;\"><a style=\"color: #0000ff;\" href=\"#voetnoot\">(4)<\/a><\/span> Ook wordt\u00a0vermeld dat hij wordt vastgehouden omdat zijn uitwisseling na de slag bij Kalisz van Zweedse kant niet was nagekomen, maar dat\u00a0komt uit dezelfde\u00a0bronnen die foutief melden dat hij aan die slag deelnam. <span style=\"color: #0000ff;\"><a style=\"color: #0000ff;\" href=\"#voetnoot\">(5)<\/a>\u00a0<\/span><\/span><\/p>\n<p style=\"text-align: justify;\"><span style=\"color: #000000;\">Johann August protesteert heftig tegen zijn arrestatie. Hij beroept zich op het oorlogsrecht, dat bescherming biedt aan onderhandelaars. Om te bewijzen dat hij als zodanig moet worden erkend roept hij de hulp in van de in het kamp aanwezige Duitse kanselarijsecretaris Von Siltmann, die getuige was geweest van de opdracht van Karel XII aan Johann August. Enig schriftelijk bewijs kon niet worden overgelegd, omdat de koninklijke kanselarij reeds van Novyje Senzary was vertrokken op het moment van de opdrachtverlening; verder was er niemand aanwezig geweest die een pen bij zich had. <span style=\"color: #0000ff;\"><a style=\"color: #0000ff;\" href=\"#voetnoot\">(6)<\/a><\/span><\/span><\/p>\n<p style=\"text-align: justify;\"><span style=\"color: #000000;\">Voorts denkt Johann August er goed aan te doen te beklemtonen, dat hij niet met lege handen is gekomen. Daartoe voert hij aan, dat aan Zweedse zijde toch nog altijd 15.000 strijdbare mannen in het gevecht kunnen worden gebracht, waaronder zijn eigen nog intacte regiment. Geschrokken verdubbelt de tsaar de Moskovische achtervolgende macht. Volgens Mensjikov ligt het grotendeels aan deze verklaring van Meijerfeldt, dat de Moskovieten in staat zijn de Zweden te dwingen tot een complete capitulatie bij de plaats Perevolotjna (<em>Perevolocnaja<\/em>). Onder generaal Lewenhaupt wordt het gehele Zweedse leger, inclusief Von Meijerfeldts regiment, krijgsgevangen verklaard. Twee van zijn dragonders voerden hun onderlinge belofte uit om elkaar met het sabel te doorboren te verkiezen boven een onaangename Russische krijgsgevangenschap. Inderdaad zou het grootste deel van de Zweedse soldaten tijdens de 12-jarige ballingschap sterven. <span style=\"color: #0000ff;\"><a style=\"color: #0000ff;\" href=\"#voetnoot\">(7)<\/a><a id=\"voetnoot\"><\/a><\/span><\/span><\/p>\n<p style=\"text-align: center;\"><span style=\"font-size: 10pt; color: #000000;\"><span style=\"color: #0000ff;\"><a style=\"color: #0000ff;\" href=\"https:\/\/meijenfeldt.nl\/?page_id=9871\">Terug<\/a><\/span>\u00a0 \u00a0***\u00a0 \u00a0<span style=\"color: #0000ff;\"><a style=\"color: #0000ff;\" href=\"https:\/\/meijenfeldt.nl\/?page_id=155\">Verder<\/a><\/span><\/span><\/p>\n<p style=\"text-align: justify;\"><span style=\"color: #000000; font-size: 10pt;\">1. S. J\u00e4gerski\u00f6ld, &#8220;N\u00e5gra aktstycken av David Natanael von Siltmanns hand r\u00f6rande verksamheten vid Svenska arm\u00e9n 1708-1709&#8221;. KF\u00c5 1937, Stockholm 1937, pag. 173. J.A. Nordberg, <\/span><span style=\"color: #000000; font-size: 10pt;\">\u201cKonung Carl den XII: tes historia\u201d, Stockholm 1740, deel 2, <\/span><span style=\"color: #000000; font-size: 10pt;\"><span style=\"color: #0000ff;\"><a style=\"color: #0000ff;\" href=\"https:\/\/meijenfeldt.nl\/?page_id=9129\">pag. 352-353<\/a><\/span>. E. Carlsson, &#8220;Karl XII och kapitulationen vid Perevolotjna&#8221;, Karolinska F\u00f6rbundets \u00c5rsbock 1940, pag. 147-148. D.N. von Siltmann, <\/span><span style=\"color: #000000; font-size: 10pt;\">\u201cDagbok\u201d, Karolinska Krigares Dagb\u00f6cker j\u00e4mte andra samtidiga skrifter, deel 3, Lund 1907, <\/span><span style=\"color: #000000; font-size: 10pt;\"><span style=\"color: #0000ff;\"><a style=\"color: #0000ff;\" href=\"http:\/\/runeberg.org\/karolikrig\/3\/0362.html\">pag. 331<\/a><\/span>.<\/span><br \/>\n<span style=\"color: #000000; font-size: 10pt;\"> 2. P. From, \u201cKatastrofen vid Poltava\u201d, Lund 2007, pag. 234.<br \/>\n<\/span><span style=\"color: #000000; font-size: 10pt;\">3. A. \u00c5berg, <\/span><span style=\"color: #000000; font-size: 10pt;\">\u201cKarolinska dagb\u00f6cker, J.M. Lyth\u201d, Stockholm 1958, <\/span><span style=\"color: #000000; font-size: 10pt;\"><span style=\"color: #0000ff;\"><a style=\"color: #0000ff;\" href=\"http:\/\/celinevonmeijenfeldt.nl\/?page_id=3259\">pag. 89<\/a><\/span>. D. <span style=\"color: #0000ff;\"><a style=\"color: #0000ff;\" href=\"https:\/\/meijenfeldt.nl\/?page_id=23567\">Krman<\/a><\/span>, \u201cItinerarium\u201d, 1894, vert. G. Viktory, \u201cCestovny Dennik z rok\u00f3v 1708-1709\u201d, Bratislava 1969 (die de foute datum 28 juni net als E. Carlsson, pag. 152, corrigeert). De verklaring van de Poolse vrijgeleide komt van S. Faber, \u201cDer Ausf\u00fchrlichen Lebens-Beschreibung Carls den XII. K\u00f6nigs in Schweden\u201d, deel 8, Frankfurt und Leipzig 1717, pag. 159, en J.A. Nordberg, deel 2, <\/span><span style=\"color: #000000; font-size: 10pt;\"><span style=\"color: #0000ff;\"> <a style=\"color: #0000ff;\" href=\"https:\/\/meijenfeldt.nl\/?page_id=9129\">pag. 352-353<\/a><\/span>, doet de laatste verklaring af met &#8220;Quelle Absurdit\u00e9!&#8217;.<\/span><br \/>\n<span style=\"color: #000000; font-size: 10pt;\">4. G. Adlerfeld, <\/span><span style=\"color: #000000; font-size: 10pt;\">\u201cHistoire Militaire de Charles XII, Roi de Su\u00e9de\u201d, Amsterdam 1740, <\/span><span style=\"color: #000000; font-size: 10pt;\"><span style=\"color: #0000ff;\"><a style=\"color: #0000ff;\" href=\"https:\/\/books.google.se\/books?id=DSAVAAAAQAAJ&amp;pg=PP25&amp;lpg=PP25&amp;dq=Adlerfeld+Leben+Carls&amp;source=bl&amp;ots=VALF-Z8sOI&amp;sig=iFG6qE0b617AnunzWc2u2Rluhb0&amp;hl=sv&amp;sa=X&amp;ved=2ahUKEwisgLv13bjdAhWCJ1AKHdVrAIMQ6AEwAnoECAgQAQ#v=onepage&amp;q=meyerfeld&amp;f=false\">pag. 89-90<\/a><\/span>. M. Ranft, <\/span><span style=\"color: #000000; font-size: 10pt;\">\u201cDie Merkw\u00fcrdigen Lebensgeschichte derer vier ber\u00fcmten Schwedischen Feldmarschalle, Grafen Rehnschild, Steenbock, Meyerfeld und D\u00fccker\u201d, deel 3, &#8220;Leben und Thaten des Feld-Marschalls Graf Meyerfeld\u201d , Leipzig 1753, <\/span><span style=\"color: #000000; font-size: 10pt;\"><span style=\"color: #0000ff;\"><a style=\"color: #0000ff;\" href=\"http:\/\/digital.slub-dresden.de\/werkansicht\/dlf\/68191\/293\/0\/\">pag. 317<\/a><\/span>. D. <span style=\"color: #0000ff;\"><a style=\"color: #0000ff;\" href=\"https:\/\/meijenfeldt.nl\/?page_id=23567\">Krman<\/a><\/span> denkt dat Von Meijerfeldt eerst in zijn gevangenschap een pas vraagt om zijn eerder gebroken been in kuuroorden tot genezing te laten komen en deze ook krijgt om succesvol huiswaarts te gaan<\/span><span style=\"color: #000000; font-size: 10pt;\">.<\/span><br \/>\n<span style=\"color: #000000; font-size: 10pt;\">5. I. Le Long, <\/span><span style=\"color: #000000; font-size: 10pt;\">\u201cHet leven van den heldhaften Carel den XIIden, Koning der Sweden\u201d, Amsterdam 1721, deel 4, <\/span><span style=\"color: #000000; font-size: 10pt;\"><span style=\"color: #0000ff;\"><a style=\"color: #0000ff;\" href=\"https:\/\/meijenfeldt.nl\/?page_id=9234\">pag. 563<\/a><\/span>. J. Bancks, <\/span><span style=\"color: #000000; font-size: 10pt;\">\u201cThe History of the Life and Reign of the Czar Peter the Great, Emperor of All Russia, and Father of his Country\u201d, London 1740, <\/span><span style=\"color: #000000; font-size: 10pt;\"><span style=\"color: #0000ff;\"><a style=\"color: #0000ff;\" href=\"https:\/\/books.google.nl\/books?id=XMQKAAAAIAAJ&amp;printsec=frontcover&amp;dq=Bancks,+%22The+History+of+the+Life+and+Reign+of+the+Czar+Peter+the+Great&amp;hl=nl&amp;sa=X&amp;ved=0ahUKEwjktM7Kw6ndAhUQbFAKHcjqAN8Q6AEIKzAA#v=onepage&amp;q&amp;f=false\">pag. 127<\/a><\/span>. B. Bergman, &#8220;Peter der Grosze als Mensch und Regent&#8221;, Riga 1826, deel 3, pag. 55, beweert dat de tsaar het misverstand doorziet en daarom Meijerfeldt kort daarop vrijlaat.<\/span><br \/>\n<span style=\"color: #000000; font-size: 10pt;\">6. E. Carlsson, pag. 142.<\/span><br \/>\n<span style=\"color: #000000; font-size: 10pt;\">7. E. Tengberg, &#8220;Meijerfelts mission efter Poltava&#8221;,\u00a0Historisk Tidskrift 1952, pag. 272 noot 6.<\/span><\/p>\n","protected":false},"excerpt":{"rendered":"<p>Na de Slag bij Poltava acht de koning van Zweden de tijd eindelijk rijp om onderhandelingen met de tsaar te openen. Daartoe geeft hij generaal-majoor Von Meijerfeldt opdracht stante pede naar het hoofdkwartier van de Moskovieten te rijden. Hiermee veroorzaakt hij meer moeilijkheden voor zijn trouwe officier dan hij ooit had kunnen vermoeden. Johann August &hellip; <a href=\"https:\/\/meijenfeldt.nl\/?page_id=153\" class=\"more-link\">Verder lezen <span class=\"screen-reader-text\">1.5.5. Russische gevangene<\/span><\/a><\/p>\n","protected":false},"author":1,"featured_media":0,"parent":149,"menu_order":0,"comment_status":"closed","ping_status":"closed","template":"","meta":{"footnotes":""},"class_list":["post-153","page","type-page","status-publish","hentry"],"_links":{"self":[{"href":"https:\/\/meijenfeldt.nl\/index.php?rest_route=\/wp\/v2\/pages\/153","targetHints":{"allow":["GET"]}}],"collection":[{"href":"https:\/\/meijenfeldt.nl\/index.php?rest_route=\/wp\/v2\/pages"}],"about":[{"href":"https:\/\/meijenfeldt.nl\/index.php?rest_route=\/wp\/v2\/types\/page"}],"author":[{"embeddable":true,"href":"https:\/\/meijenfeldt.nl\/index.php?rest_route=\/wp\/v2\/users\/1"}],"replies":[{"embeddable":true,"href":"https:\/\/meijenfeldt.nl\/index.php?rest_route=%2Fwp%2Fv2%2Fcomments&post=153"}],"version-history":[{"count":47,"href":"https:\/\/meijenfeldt.nl\/index.php?rest_route=\/wp\/v2\/pages\/153\/revisions"}],"predecessor-version":[{"id":55796,"href":"https:\/\/meijenfeldt.nl\/index.php?rest_route=\/wp\/v2\/pages\/153\/revisions\/55796"}],"up":[{"embeddable":true,"href":"https:\/\/meijenfeldt.nl\/index.php?rest_route=\/wp\/v2\/pages\/149"}],"wp:attachment":[{"href":"https:\/\/meijenfeldt.nl\/index.php?rest_route=%2Fwp%2Fv2%2Fmedia&parent=153"}],"curies":[{"name":"wp","href":"https:\/\/api.w.org\/{rel}","templated":true}]}}