{"id":151,"date":"2016-09-04T16:50:35","date_gmt":"2016-09-04T16:50:35","guid":{"rendered":"http:\/\/wordpress.celinevonmeijenfeldt.nl\/?page_id=151"},"modified":"2023-04-02T16:08:29","modified_gmt":"2023-04-02T16:08:29","slug":"1-4-1-de-russische-veldtocht","status":"publish","type":"page","link":"https:\/\/meijenfeldt.nl\/?page_id=151","title":{"rendered":"1.5.1. Russische grens"},"content":{"rendered":"<p><img loading=\"lazy\" decoding=\"async\" class=\" wp-image-580 aligncenter\" src=\"http:\/\/celinevonmeijenfeldt.nl\/wp-content\/uploads\/2016\/10\/image-5-278x300.jpeg\" alt=\"image\" width=\"451\" height=\"487\" srcset=\"https:\/\/meijenfeldt.nl\/wp-content\/uploads\/2016\/10\/image-5-278x300.jpeg 278w, https:\/\/meijenfeldt.nl\/wp-content\/uploads\/2016\/10\/image-5.jpeg 510w\" sizes=\"auto, (max-width: 451px) 100vw, 451px\" \/><\/p>\n<p style=\"text-align: center;\"><span style=\"font-size: 10pt;\"><i><span style=\"color: #000000;\">Routes van de\u00a0Zweedse<\/span> <\/i><i><span style=\"color: #0000ff;\">hoofdmacht<\/span>\u00a0vanaf Dresden,<br \/>\nde\u00a0<\/i><i><span style=\"color: #ffcc00;\">bevoorrading<\/span>\u00a0<span style=\"color: #000000;\">vanaf Riga en de<\/span>\u00a0<span style=\"color: #ff0000;\">thuisreis\u00a0<span style=\"color: #000000;\">van Johann August<\/span><\/span><\/i><\/span><\/p>\n<p style=\"text-align: justify;\"><span style=\"color: #000000;\">Generaal-majoor Johann August von Meijerfeldt heeft zijn kwartier met dragonders in Dippoldiswalde in Saksen. Oorlogsmisdaden worden streng gestraft: op 2 september 1706 en 5 april 1707 laat hij \u00e9\u00e9n respectievelijk vijf van zijn dragonders publiekelijk op de markt terechtstellen. De bezetting drukt wel zwaar op de bevolking door de \u00a0hoge contributies in geld, voedsel, verpleging, overnachting, paarden e.d. voor \u00a0zijn troepen.<\/span><\/p>\n<p style=\"text-align: justify;\"><span style=\"color: #000000;\">Van de stad Pirna is wat beter bekend hoe zwaar de bezetting viel. Vergeefs vraagt een delegatie Karl XII uitstel van betaling en op 25 juli moet het gemeentebestuur in hechtenis bij Von Meijerfeldt. Na 11 dagen komen de burgemeester en zijn twee raadslieden vrij omdat de rijkste burgers 7.700 daalder aan de stad lenen. Tussen 3 en 19 september trekken de Zweedse troepen weg naar Polen en berekent de stad dat de bezetting meer dan 100.000 daalder heeft gekost. Nog in 1712 verkeert de stad hierdoor in betalingsproblemen.<\/span><\/p>\n<p style=\"text-align: justify;\"><span style=\"color: #000000;\">Op 22 augustus 1707 vertrekt een weldoorvoed en goed geoutilleerd Zweeds leger onder aanvoering van veldmaarschalk Rehnski\u00f6ld uit Saksen. Als de tocht in het vroege voorjaar was gestart had het Zweedse leger de Russche winter v\u00f3\u00f3r kunnen zijn, maar opnieuw wordt de voorkeur gegeven aan het aanvriezen van de grond en rivieren om rivieren en moerassen over te steken. Eind september wordt de Silezische grens overgestoken. Het Moskovische leger trekt zich tot achter Warschau terug.<\/span><\/p>\n<p style=\"text-align: justify;\"><span style=\"color: #000000;\">Johan August neemt op een vooraanstaande plaats aan de veldtocht deel met zijn regiment van 6 bataljons van elk 300 man, vermeerderd met 1000 man. De hoofdmacht blijft dicht bij elkaar, maar volgt wel verschillende wegen. Als hij van de andere legers verwijderd is valt <\/span><span style=\"color: #000000;\">de Russische generaal Ronne hem aan, mede om zijn gevangene Patkul te bevrijden. Dat kan worden voorkomen, maar een <\/span><span style=\"color: #000000;\">kornet en enkele drabanders raken wel gevangen. Zij onthullen de Russen dat het gehele Zweedse leger onder Karel XII oostwaarts trekt. Op de vraag wanneer zij de koning voor het laatst hebben gezien moeten zij erkennen dat dit 14 dagen geleden was. De oorzaak daarvan is dat Johann August de weg van Rehnski\u00f6ld is gevolgd en door hem bij Kalisz is geposteerd om groepen Kozakken en Kalmukken weg te drijven. Ronne gelooft de kornet niet en meldt dat hooguit Stanislaus met een aantal sterke regimenten Polen is binnengetrokken. <\/span><span style=\"color: #0000ff;\"><a style=\"color: #0000ff;\" href=\"#voetnoot\">(1)<\/a><\/span><\/p>\n<p style=\"text-align: justify;\"><span style=\"color: #000000;\">Niet lang daarna keert Johann August bij de hoofdmacht terug. Patkul zit in een gesloten wagen met 30 bewakers met zich mee. Hij is al drie weken in hongerstaking en heeft \u00e9\u00e9n dag buitensporig gegeten. De lijfarts van de koning constateert dat hij nog maar enkele dagen te leven heeft. De ko\u00adning heeft hem een gruwelijker dood toebedacht. Johann August wijst de koning er op dat hij Patkul in zijn regiment gevangen nam omdat hij toevallig in Dresden was, maar dat zich nu een andere toevalligheid wreekt: alle bewakers zijn Lijflanders, inclusief hijzelf. Volgens aanhangers van Patkul is dat geen toeval maar een gevolg van zijn overijverige loyaliteit van Karel XII. <span style=\"color: #0000ff;\"><a style=\"color: #0000ff;\" href=\"#voetnoot\">(2)<\/a><\/span> Deze wil als altijd niet van beslissing afwijken, maar zwicht na acht dagen. &#8220;<em>Denn es ist bekannt, da\u03b2 Meyerfeld, ein geborener Liefl\u00e4nder bey ihm in gro\u03b2en Gnaden stand<\/em>.&#8221; Johann August draagt zijn gevangene op 19 oktober 1707 om 7:00 uur over aan het Zweedse dragonderregiment van Hielm in Kasimirz. Deze brengen hem op een afschuwelijke wijze om het leven, door hem eerst onhandig te radbraken en vervolgens in stukken te hakken. <span style=\"color: #0000ff;\"><a style=\"color: #0000ff;\" href=\"#voetnoot\">(3)<\/a><\/span><br \/>\n<\/span><\/p>\n<p style=\"text-align: justify;\"><span style=\"color: #000000;\">De Russische legers onder tsaar Peters vertrouweling generaal Mensjikov graven zich steeds bij de grote rivieren in. Karel XII wil zijn troepen sparen en weet een confrontatie handig te omzeilen door met een omtrekkende beweging dwars door haast onbegaanbare moerassen in het noordoosten te trekken, zodat de Russen zich telkens naar de volgende rivier moeten terugtrekken.<\/span><\/p>\n<p style=\"text-align: justify;\"><span style=\"color: #000000;\">Ongehinderd vindt op 28 december de oversteek van de Weichsel plaats, nadat 8 dagen is gewacht op het dichtvriezen van de rivier. Nogal wat paarden en wagens breken door het jonge ijs en enkele soldaten vinden de dood. Ook Johann August zakt door het ijs, maar hij wordt er snel uitgetrokken. Zijn vrouw staat aan dit gevaar niet meer bloot, omdat zij met de overige legervrouwen naar het vaderland is teruggekeerd. <span style=\"color: #0000ff;\"><a style=\"color: #0000ff;\" href=\"#voetnoot\">(4)<\/a><\/span><\/span><\/p>\n<p style=\"text-align: justify;\"><span style=\"color: #000000;\">De Zweden rukken op naar de grens met Litouwen. Door slechte informatie geven de Moskovieten de uiterst belangrijke vesting Grodno over aan slechts 600 Zweden onder aanvoering van de koning zelf. De eerste helft van de campagne is nu succesvol afgerond en na 280 km wordt net ten noorden van Minsk een winterkwartier opgeslagen om op krachten te komen en de verdere campagne te bespreken.<\/span><\/p>\n<p style=\"text-align: justify;\"><span style=\"color: #000000;\">De gebroeders Von Meijerfeldt ontkomen niet aan de vele heftige twisten binnen de Zweedse legerleiding. Zo is Johann August in maart 1708 g\u00e9n\u00e9ral-du-jour als hij bij de kanselarij van de koning een wachtende kolonel Carl Adam Stackelberg aantreft, die met generaal en gouverneur graaf Lewenhaupt uit het 500 km noordelijk gelegen Riga voor overleg is overgekomen. <\/span><span style=\"color: #000000;\">Stackelberg schrijft in zijn dagboek dat Johann August <\/span><span style=\"color: #000000;\">hem met duizend complimenten overlaadt en hem vraagt of hij van dienst kan zijn. Hij wil de koning voorstellen om zijn geworven regiment van infanterie in dragonders te veranderen en daartoe de paarden van vrouwen in Koerland en de legertrein te confisqueren. Stackelberg schrijft dat hij enorme plagerijen van Johann August te verduren krijgt en naar Piper en Lewenhaupt wordt verwezen. De laatste is dermate negatief, dat Stackelberg zijn plan in stukken scheurt en boos achterblijft. <\/span><a href=\"#voetnoot\"><span style=\"color: #000000;\"><span style=\"color: #0000ff;\">(5)<\/span><\/span><\/a><\/p>\n<p style=\"text-align: justify;\"><span style=\"color: #000000;\">Inderdaad schrijft Lewenhaupt trots in zijn dagboek dat Johann August zegt: <\/span><\/p>\n<p style=\"padding-left: 40px; text-align: justify;\"><span style=\"color: #000000;\">&#8220;s<em>o rate ich euch da\u03b2 ihr mit dem K\u00f6nige nicht eher davon sprecht, bis der General L\u00f6wenhaupt seine Einwilligung darzu gegeben; denn der K\u00f6nig hat so viel Vertrauen zu ihm, da\u03b2 er es gewi\u03b2 nicht ohne ihm thut<\/em>.&#8221; <\/span><\/p>\n<p style=\"text-align: justify;\"><span style=\"color: #000000;\">Eenmaal terug in Riga in mei 1708 komt Stackelberg weer naar Lewenhaupt toe om zijn spijt te betuigen. Hij legt uit dat Johann August had gezegd:<\/span><\/p>\n<p style=\"padding-left: 40px; text-align: justify;\"><span style=\"color: #000000;\">&#8220;<em>Mir k\u00f6nnt ihr wohl als einem alten Kameraden unter Palens Regiment alles frey entdecken; sagt mir nur, wie es zugeht. Wird viel Geld eingetrieben? und hat euer General viele Remissen nach Schweden hin\u00fcber gebracht? man wei\u03b2 es alles schon, und er k\u00f6nnt es mir wohl anvertrauen; es kommt doch nicht weiter.&#8221;<\/em><\/span><\/p>\n<p style=\"text-align: justify;\"><span style=\"color: #000000;\">Stackelberg zegt door hem verleid te zijn te erkennen dat veel geld binnenkomt, niet te weten waar het blijft en dat deze bekentenis kwaad bloed bij Johann August&#8217;s zwager Piper had gezet. Lewenhaupt gelooft hier niets van en antwoordt: <em>&#8220;was den Generalmajor Meierfelt betrifft, so hat er sich nie anders als einer meiner besten Freunde erwiesen.&#8221; <\/em>Hoe anders zal dit na de Slag bij Poltava uitpakken! Lewenhaupt legt zekerheidshalve uit dat er ontzettend veel uitgaven zijn gedaan. Bovendien vraagt hij zijn vrouw om aan Anna Christina Hastfer &#8211; <em>die eine sehr <\/em><span class=\"s2\"><em>artige Frau war<\/em><\/span> &#8211; te vragen een brief aan haar man Carl Friedrich von Meijerfeldt in Litouwen te schrijven, met het verzoek uitkomst bij diens broer Johann August te krijgen. Eind augustus 1708 komt diens antwoord, tot genoegen van Lewenhaupt <span class=\"s2\"><em>voller Schmachreden wieder den Obersten Stakelberg; <\/em>de aantijgingen zijn <em>wie kein ehrlicher Kerl gelogen<\/em>. <\/span><\/span><span style=\"color: #000000;\"><span style=\"color: #0000ff;\"><a style=\"color: #0000ff;\" href=\"#voetnoot\">(6)<\/a><\/span><\/span><\/p>\n<p style=\"text-align: justify;\"><span style=\"color: #000000;\">Wolmar Johann von Meijerfeldt neemt als enige van de drie broers niet aan de Russische veldtocht deel. Hij treedt in dienst van de Duitse keizer. Op zich is een dergelijke overgang voor die tijd niet ongewoon; zijn oudere broers traden al eerder in vreemde krijgsdienst. Karel XII heeft niet voor een oorlog tegen het Duitse Keizer besloten. In dit geval mag worden aangenomen, dat Wolmar Johann evenals talrijke andere buitenlandse officieren wordt aangetrokken door de krijgsroem van de keizerlijke veldmaarschalk prins Eugenius von Savoye. Een overgang naar vreemde krijgsdienst is echter wel opmerkelijk in een tijd dat het vaderland zelf in oorlog is, maar dat geldt ook voor de Zweedse officieren in dienst van de Republiek. Een overstap van het Lutherse naar het Katholieke kamp is ook niet gewoon, maar in de Grote Coalitie tegen Frankrijk zitten katholieken, lutheranen en calvinisten. Het is niet uit te sluiten dat zich iets heeft afgespeeld voorafgaande aan het vertrek van Wol\u00admar, wellicht de niet opgehelderde affaire met generaal Stenbock.<\/span><\/p>\n<p style=\"text-align: justify;\"><span style=\"color: #000000;\">Veel Zweedse bronnen beweren dat Wolmar Johann niet in Duitse maar in Russische dienst treedt; dit zou regelrecht als desertie moeten worden opgevat. <span style=\"color: #0000ff;\"><a style=\"color: #0000ff;\" href=\"#voetnoot\">(7)<\/a><\/span>\u00a0Deze bronnen hebben het fout, omdat hij als kolonel in dienst bij de Keizerlijke cavalerie wordt aangesteld. <span style=\"color: #0000ff;\"><a style=\"color: #0000ff;\" href=\"#voetnoot\">(8)<\/a><\/span> Op 3 juni 1708 wordt hij aangesteld als kolonel bij de cavalerie. Op 25 juli wordt hij ingedeeld bij de Habsburgse legers in Hongarije om onder veldmaarschalk Siegbert Heister<span style=\"font-size: 10pt;\">\u00a0<\/span>tegen de in opstand gekomen koning R\u00e1k\u00f3czi te vechten.<\/span><a id=\"voetnoot\"><\/a><\/p>\n<p style=\"text-align: center;\"><span style=\"font-size: 10pt; color: #000000;\"><span style=\"color: #0000ff;\"><a style=\"color: #0000ff;\" href=\"https:\/\/meijenfeldt.nl\/?page_id=149\">Terug<\/a><\/span>\u00a0 \u00a0***\u00a0 \u00a0<span style=\"color: #0000ff;\"><a style=\"color: #0000ff;\" href=\"https:\/\/meijenfeldt.nl\/?page_id=9844\">Verder<\/a><\/span><\/span><\/p>\n<p style=\"text-align: justify;\"><span style=\"color: #000000; font-size: 10pt;\">1. <span style=\"color: #0000ff;\"><a style=\"color: #0000ff;\" href=\"https:\/\/meijenfeldt.nl\/?page_id=54240\">Grefwe Bref<\/a><\/span>. J.A. Nordberg, <\/span><span style=\"color: #000000; font-size: 10pt;\">\u201cKonung Carl den XII: tes historia\u201d, Stockholm 1740, deel 1, <\/span><span style=\"color: #000000; font-size: 10pt;\"><span style=\"color: #0000ff;\"> <a style=\"color: #0000ff;\" href=\"https:\/\/meijenfeldt.nl\/?page_id=9129\">pag. 826<\/a><\/span>. Omdat Johann August hier wel correct met Kalisz in verband wordt gebracht, ligt hier misschien de verklaring van Voltaire&#8217;s persoonsverwisseling met Mardefeldt.<\/span><br \/>\n<span style=\"color: #000000; font-size: 10pt;\"> 2. W. von Bock, &#8220;Das Meyerfeld&#8217;sche Regiment (1707 und 1869)&#8221;, in Livl\u00e4ndische Beitr\u00e4ge zur Verbreitung grundlicher Kunde von der protestantischen Landeskirche und dem deutschen Landestaate in den Ostseeprovinzen Russlands, von ihrem guten Rechte und von ihrem Kampfe um Gewissenfreiheit, Berlijn 1867-1868, <a href=\"https:\/\/babel.hathitrust.org\/cgi\/pt?id=inu.32000001606658&amp;view=1up&amp;seq=83&amp;q1=meyerfeld\"><span style=\"color: #0000ff;\">pag. 73-76<\/span><\/a>. Nadat hij zijn betoog niet uitgegeven krijgt publiceert hij het zelf maar. Von Meijerfeldt en Patkul waren Lijflanders die de Zweedse koning met eer dienden, echter volgens de auteur de\u00a0 eerste slaafs en de tweede waardig.<br \/>\n3. K. Gadebusch, \u201cLivl\u00e4ndische Jahrb\u00fccher\u201d, Riga 1780-1783, <span style=\"color: #0000ff;\"><a style=\"color: #0000ff;\" href=\"https:\/\/dspace.ut.ee\/bitstream\/handle\/10062\/29270\/est_a_867_3_2.pdf?sequence=1&amp;isAllowed=y\">deel 3-2<\/a><\/span>, pag. 436-437. Vooral de laatste uren van Patkul hebben <\/span><span style=\"color: #000000; font-size: 10pt;\">aanleiding gegeven tot <\/span><span style=\"color: #000000; font-size: 10pt;\">historische romans. R.<\/span><span style=\"color: #000000; font-size: 10pt;\"> Marholm<strong>,<\/strong> \u201cScenen aus einem Trauerspiel \u2018Patkul\u2019s Tod&#8217;\u201d, in Baltische Montatschrift 26, Riga 1879, <span style=\"color: #0000ff;\"><a style=\"color: #0000ff;\" href=\"https:\/\/babel.hathitrust.org\/cgi\/pt?id=hvd.hnj9ck&amp;view=1up&amp;seq=198\">pag. 182-186<\/a><\/span>, bevat een lang gesprek waarin Von Meijerfeldt de koning met succes verzoekt hem en zijn soldaten als landgenoten van Patkul buiten de executie te laten. Niet alles klopt, bijvoorbeeld dat de 43-jarige officier &#8220;stokoud&#8221; is en dat hij ooit kamergenoot van Patkul in Riga was (zijn oudere broer Carl Friedrich heeft wel zeven weken overlap met hem onder kolonel Campenhausen in Riga gehad).<br \/>\n4. M. Ranft, \u201cDie Merkw\u00fcrdigen Lebensgeschichte derer vier ber\u00fcmten Schwedischen Feldmarschalle, Grafen Rehnschild, Steenbock, Meyerfeld und D\u00fccker\u201d, deel 3, &#8220;Leben und Thaten des Feld-Marschalls Graf Meyerfeld\u201d , Leipzig 1753, <span style=\"color: #0000ff;\"><a style=\"color: #0000ff;\" href=\"http:\/\/digital.slub-dresden.de\/werkansicht\/dlf\/68191\/293\/0\/\">pag. 313-314<\/a><\/span>.<\/span><br \/>\n<span style=\"color: #000000; font-size: 10pt;\"> 5. <strong>\u201c<\/strong>Archiv der Familie von Stackelberg<\/span><span style=\"color: #000000; font-size: 10pt;\">\u201c, tweede delen, St. Petersburg 1900, <\/span><span style=\"color: #000000; font-size: 10pt;\"><span style=\"color: #0000ff;\"><a style=\"color: #0000ff;\" href=\"https:\/\/dspace.ut.ee\/bitstream\/handle\/10062\/40075\/est_a_1412_2_ocr.pdf?sequence=1&amp;isAllowed=y\">pag. 174 <span style=\"color: #000000;\">en<\/span><\/a><\/span><\/span> <span style=\"color: #000000; font-size: 10pt;\"><span style=\"color: #0000ff;\"><a style=\"color: #0000ff;\" href=\"https:\/\/dspace.ut.ee\/bitstream\/handle\/10062\/40075\/est_a_1412_2_ocr.pdf?sequence=1&amp;isAllowed=y\"> pag. 205-206<\/a><\/span>.<br \/>\n6. A.L. <span style=\"color: #0000ff;\"><a style=\"color: #0000ff;\" href=\"https:\/\/meijenfeldt.nl\/?page_id=28054\">Lewenhaupt<\/a><\/span>, \u201cKurzer Bericht was\u00a0 sich mit mir seit der Zeit, da ich in K\u00f6nigliche Dienste gekommen, bis auf die Kapitulation beym Dnieper zugetragen\u201d, in \u201cSchwedische Biographie\u201d, deel 1, Altona en L\u00fcbech 1760.<br \/>\n<\/span><span style=\"color: #000000; font-size: 10pt;\">7. G. Petri, &#8220;Kungl. F\u00f6rsta livgrenadj\u00e4rregementets historia&#8221;, deel 3, &#8220;\u00d6stg\u00f6ta infanteriregemente under Karl XI och Karl XII&#8221;, Stockholm 1958, pag. 249. <\/span><br \/>\n<span style=\"color: #000000; font-size: 10pt;\">7. <\/span><span style=\"color: #000000; font-size: 10pt;\">C.O. Nordensvan, lemma in Nordisk Familjebok, Stockholm 1912, deel 17, <span style=\"color: #0000ff;\"><a style=\"color: #0000ff;\" href=\"http:\/\/runeberg.org\/nfbq\/0774.html\">pag. 1480<\/a><\/span> en <\/span><span style=\"color: #000000; font-size: 10pt;\">G. Elgenstierna, Den introducerade svenska adelns \u00e4ttertavlor&#8221;, Stockholm 1930, deel 5, <span style=\"color: #0000ff;\"><a style=\"color: #0000ff;\" href=\"https:\/\/www.adelsvapen.com\/genealogi\/Meijerfeldt_nr_864\">pag. 226-227<\/a><\/span>, zeggen rysk (= Russisch), maar dit ligt dicht bij riks (= Rijks) of tysk (= Duits). Veel bronnen nemen sindsdien deze fout over. De Russische dienst van Patkul werd gezien als hoogverraad met executie als straf.<\/span><br \/>\n<span style=\"color: #000000; font-size: 10pt;\">8. Volgens een intern onderzoek van het Kriegsarchiv van het \u00d6sterreichisches Staatsarchiv [<span style=\"color: #0000ff;\"><a style=\"color: #0000ff;\" href=\"https:\/\/meijenfeldt.nl\/wp-content\/uploads\/2021\/11\/CH-077.pdf\">CH-077<\/a><\/span>].<\/span><\/p>\n","protected":false},"excerpt":{"rendered":"<p>Routes van de\u00a0Zweedse hoofdmacht\u00a0vanaf Dresden, de\u00a0bevoorrading\u00a0vanaf Riga en de\u00a0thuisreis\u00a0van Johann August Generaal-majoor Johann August von Meijerfeldt heeft zijn kwartier met dragonders in Dippoldiswalde in Saksen. Oorlogsmisdaden worden streng gestraft: op 2 september 1706 en 5 april 1707 laat hij \u00e9\u00e9n respectievelijk vijf van zijn dragonders publiekelijk op de markt terechtstellen. De bezetting drukt wel zwaar &hellip; <a href=\"https:\/\/meijenfeldt.nl\/?page_id=151\" class=\"more-link\">Verder lezen <span class=\"screen-reader-text\">1.5.1. Russische grens<\/span><\/a><\/p>\n","protected":false},"author":1,"featured_media":0,"parent":149,"menu_order":0,"comment_status":"closed","ping_status":"closed","template":"","meta":{"footnotes":""},"class_list":["post-151","page","type-page","status-publish","hentry"],"_links":{"self":[{"href":"https:\/\/meijenfeldt.nl\/index.php?rest_route=\/wp\/v2\/pages\/151","targetHints":{"allow":["GET"]}}],"collection":[{"href":"https:\/\/meijenfeldt.nl\/index.php?rest_route=\/wp\/v2\/pages"}],"about":[{"href":"https:\/\/meijenfeldt.nl\/index.php?rest_route=\/wp\/v2\/types\/page"}],"author":[{"embeddable":true,"href":"https:\/\/meijenfeldt.nl\/index.php?rest_route=\/wp\/v2\/users\/1"}],"replies":[{"embeddable":true,"href":"https:\/\/meijenfeldt.nl\/index.php?rest_route=%2Fwp%2Fv2%2Fcomments&post=151"}],"version-history":[{"count":80,"href":"https:\/\/meijenfeldt.nl\/index.php?rest_route=\/wp\/v2\/pages\/151\/revisions"}],"predecessor-version":[{"id":55149,"href":"https:\/\/meijenfeldt.nl\/index.php?rest_route=\/wp\/v2\/pages\/151\/revisions\/55149"}],"up":[{"embeddable":true,"href":"https:\/\/meijenfeldt.nl\/index.php?rest_route=\/wp\/v2\/pages\/149"}],"wp:attachment":[{"href":"https:\/\/meijenfeldt.nl\/index.php?rest_route=%2Fwp%2Fv2%2Fmedia&parent=151"}],"curies":[{"name":"wp","href":"https:\/\/api.w.org\/{rel}","templated":true}]}}