{"id":1487,"date":"2016-12-24T23:37:49","date_gmt":"2016-12-24T23:37:49","guid":{"rendered":"http:\/\/celinevonmeijenfeldt.nl\/?page_id=1487"},"modified":"2026-03-24T10:59:37","modified_gmt":"2026-03-24T10:59:37","slug":"2-3-4-de-derde-generatie","status":"publish","type":"page","link":"https:\/\/meijenfeldt.nl\/?page_id=1487","title":{"rendered":"2.4.7. Gereformeerd"},"content":{"rendered":"<p style=\"text-align: justify;\"><span style=\"color: #000000;\">In dezelfde maand als Carl verhuist ook Hendrik von Meijenfeldt <\/span><span style=\"color: #000000;\">met zijn gezin\u00a0<\/span><span style=\"color: #000000;\">naar een ruimere woning. Vanwege <\/span><span style=\"color: #000000;\">een zoveelste overplaatsing vertrekt hij naar de stad <\/span><span style=\"color: #000000;\">Dordrecht en vestigt zich aan <\/span><span style=\"color: #000000;\">de (Lange) Kromhout 61. Zijn bijna 15-jarige dochter Anna keert <\/span><span style=\"color: #000000;\">na drie maanden terug <\/span><span style=\"color: #000000;\">naar Rotterdam, waar zij <\/span><span style=\"color: #000000;\">vanaf 17 juli 1866 in de Westewagenstraat woont o<\/span><span style=\"color: #000000;\">nder de vleugels van de bijna 30-jarige Wilhelmina de Haas. Zij wordt toegelaten tot een<\/span><span style=\"color: #000000;\"> opleiding tot modiste (kleermaakster, naaister) dankzij een proeve van\u00a0<\/span><span style=\"color: #000000;\">bekwaamheid: e<\/span><span style=\"color: #000000;\">en <\/span><span style=\"color: #0000ff;\"><a style=\"color: #0000ff;\" href=\"https:\/\/meijenfeldt.nl\/?page_id=37974\">stoplap<\/a><\/span><span style=\"color: #000000;\"> als <\/span><span style=\"color: #000000;\">ode aan haar acht jaar eerder overleden grootmoeder<\/span><span style=\"color: #000000;\">.<\/span><\/p>\n<p style=\"text-align: center;\"><img loading=\"lazy\" decoding=\"async\" class=\"wp-image-37983 aligncenter\" src=\"https:\/\/meijenfeldt.nl\/wp-content\/uploads\/2021\/06\/stopenmerklap-300x291.jpg\" alt=\"\" width=\"662\" height=\"642\" srcset=\"https:\/\/meijenfeldt.nl\/wp-content\/uploads\/2021\/06\/stopenmerklap-300x291.jpg 300w, https:\/\/meijenfeldt.nl\/wp-content\/uploads\/2021\/06\/stopenmerklap-1024x994.jpg 1024w, https:\/\/meijenfeldt.nl\/wp-content\/uploads\/2021\/06\/stopenmerklap-768x745.jpg 768w, https:\/\/meijenfeldt.nl\/wp-content\/uploads\/2021\/06\/stopenmerklap-1536x1491.jpg 1536w, https:\/\/meijenfeldt.nl\/wp-content\/uploads\/2021\/06\/stopenmerklap-2048x1987.jpg 2048w\" sizes=\"auto, (max-width: 662px) 100vw, 662px\" \/><\/p>\n<p style=\"text-align: center;\"><span style=\"font-family: georgia, palatino, serif; font-size: 10pt;\"><span style=\"color: #000000;\"><em style=\"color: #333333;\">Stop en merk lap van de fam A.H. von Meyerfeld, fam van fam W.F. de Haas<\/em><br \/>\n<em>\u2021\u00a0<span style=\"font-size: 8pt;\">AHVM<\/span>\u00a0 \u00a0 \u00a0 <span style=\"font-size: 8pt;\">OUD<\/span> 14 <span style=\"font-size: 8pt;\">JAAR<\/span>\u00a0 \u00a0 \u00a0 \u2021 1784<\/em><\/span><em><br \/>\n<\/em>Linnen naailap 50 x 50 cm, stopvlakken in effen, keper en satijn bindingen,<br \/>\ngeborduurd met goud, zilver, rood, blauw en groen garen<br \/>\n<span style=\"font-size: 8pt;\">Origineel Familiearchief<\/span><\/span><\/p>\n<p style=\"text-align: justify;\"><span style=\"color: #000000;\">In de opleiding moet zij het moeilijkste deel onder de knie gaan krijgen: het stoppen van wit linnen met wit zijdegaren. De gegoede burgerij heeft geen geld voor nieuwe jurken of tafellakens, maar wel voor nette en liefst onzichtbare reparaties. Op 24 augustus 1868 heeft Anna haar opleiding succesvol afgerond en keert terug naar haar ouders in Dordrecht.<\/span><\/p>\n<p style=\"text-align: justify;\"><span style=\"color: #000000;\">In de zomer van\u00a0 1867 gaat Nel Diederich met de trein naar Rotterdam. Over de hele 82 kilometer had de HIJSM een jaar eerder in enkele dagen tijd de rails aan \u00e9\u00e9n zijde ruim een halve meter naar binnen geschoven om van de Britse spoorwijdte een continentale te maken. Dat moest het land net als het doortrekken van waterwegen en telegraafkabels uit zijn internationale isolement verlossen. Handelsgoederen konden de grens met Hannover, Pruisen, Belgi\u00eb en Frankrijk zonder gigantische overslagoperaties passeren. Dat geldt ook voor reizigers, maar Nel stapt in Rotterdam uit om met haar drie zussen de laatste eer aan hun ruim 83-jarige vader Evert Diederich te brengen.<\/span><\/p>\n<p style=\"text-align: justify;\"><span style=\"color: #000000;\">Met zijn functie, inkomen en huisvesting kan Carl zeker niet meer tot de sociale groep van armoedige werklieden worden gerekend. Hij behoort al langer tot de kleine burgerij en ontwikkelt zich daarin verder met fatsoen, geloof en liefdadigheid. Een dissonant is dat de helft van de kinderen nog niet gedoopt is. De tijd is rijp om zich bij een kerkgenootschap aan te sluiten. De\u00a0<\/span><span style=\"color: #000000;\">Afscheiding komt alsnog in beeld, omdat de <\/span><span style=\"color: #000000;\">koning de religieuze teugels laat vieren, waardoor de <\/span><span style=\"color: #000000;\">lokale groepjes zich in <\/span><span style=\"color: #000000;\">Amsterdam bundelen. Zij laten twee half ingestorte pakhuizen verbouwen tot een nieuwe kerk aan de Keizerskracht 489.\u00a0<\/span><\/p>\n<p style=\"text-align: center;\"><img loading=\"lazy\" decoding=\"async\" class=\"alignnone wp-image-72226\" src=\"https:\/\/meijenfeldt.nl\/wp-content\/uploads\/2025\/04\/Nieuwe-Kerk-Keizersgracht-489-201x300.jpg\" alt=\"\" width=\"366\" height=\"546\" srcset=\"https:\/\/meijenfeldt.nl\/wp-content\/uploads\/2025\/04\/Nieuwe-Kerk-Keizersgracht-489-201x300.jpg 201w, https:\/\/meijenfeldt.nl\/wp-content\/uploads\/2025\/04\/Nieuwe-Kerk-Keizersgracht-489.jpg 485w\" sizes=\"auto, (max-width: 366px) 100vw, 366px\" \/><br \/>\n<span style=\"color: #000000;\"><em><span style=\"font-family: georgia, palatino, serif; font-size: 10pt;\">Christelijk Gereformeerde &#8216;Nieuwe Kerk&#8217;<\/span><\/em><\/span><\/p>\n<p style=\"text-align: justify;\"><span style=\"color: #000000;\">Carl en Nel begeven zich op 3 september 1867 naar het Amsterdamse huis van ouderling Swagerman. <\/span><span style=\"color: #000000;\">Daar neemt dominee Pieter van der Sluijs het echtpaar aan als lidmaat van de Christelijk Gereformeerde Gemeente. Hij noteert dat er zeven kinderen zijn. De 18-jarige Evert, de 16-jarige Carl Frederik en de 14-jarige Frits zijn al Luthers gedoopt en gaan catechisatie volgen om geloofsbelijdenis af te leggen. O<\/span><span style=\"color: #000000;\">p<\/span><span style=\"color: #000000;\"> zondag 6 oktober gaat het hele gezin <\/span><span style=\"color: #000000;\">naar\u00a0<\/span><span style=\"color: #000000;\">de kerk op de Keizergracht. Daar ontvangen d<\/span><span style=\"color: #000000;\">e 11-jarige Cato, de 10-jarige Jan, de 5-jarige Pieter en de 3-jarige Hein <\/span><span style=\"color: #000000;\">\u00e9\u00e9n voor \u00e9\u00e9n de heilige doop.<\/span><\/p>\n<p style=\"text-align: justify;\"><span style=\"color: #000000;\">In 1868 herhaalt de geschiedenis zich op twee manieren. Net als de Rotterdamse Rijkswerf moet de Amsterdamse afslanken vanwege afnemende bereikbaarheid door verzanding, modernisering en infrastructuur, zoals de aanleg van <\/span><span style=\"color: #000000;\">een spoordijk pal voor het oostelijk havenfront.<\/span><span style=\"color: #000000;\"> De andere herhaling is dat Carl op bijna 53-jarige leeftijd ontslag uit vaste dienst bij de marine krijgt, net als zijn vader in 1809 op bijna 49-jarige leeftijd. B<\/span><span style=\"color: #000000;\">ij<\/span><span style=\"color: #000000;\">\u00a0<\/span><span style=\"color: #000000;\">Koninklijk Besluit van<\/span><span style=\"color: #000000;\">\u00a0<\/span><span style=\"color: #000000;\">21 maart\u00a0<\/span><span style=\"color: #000000;\">1868 wordt de functie Conserveerder opgeheven<\/span><span style=\"color: #000000;\">. Met 41 dienstjaren krijgt hij geen overplaatsing maar <\/span><span style=\"color: #000000;\">eervol ontslag, maar <\/span><span style=\"color: #000000;\">heeft wel een gezin met zeven kinderen te onderhouden. <\/span><span style=\"color: #000000;\">De rijksoverheid kent <\/span><span style=\"color: #000000;\">het eigen personeel weliswaar <\/span><span style=\"color: #000000;\">een bescheiden pensioen toe, maar dat gaat pas na de 65ste verjaardag in<\/span><span style=\"color: #000000;\">. Anders dan zijn vader krijgt Carl net als enkele collega&#8217;s <\/span><span style=\"color: #000000;\">wachtgeld. Zijn jaarinkomen halveert naar 500 gulden gedurende de rest van zijn leven. <\/span><span style=\"color: #0000ff;\"><a style=\"color: #0000ff;\" href=\"#voetnoot\">(1)<\/a><\/span><\/p>\n<p style=\"text-align: justify;\"><span style=\"color: #000000;\">Oudste zoon Evert blijft in 1868\u00a0<\/span><span style=\"color: #000000;\">op de marinewerf. <\/span><span style=\"color: #000000;\">Hij rondt <\/span><span style=\"color: #000000;\">zijn opleiding <\/span><span style=\"color: #000000;\">af en begint op<\/span><span style=\"color: #000000;\"> 1 maart als scheepstimmerman der vijfde klasse<\/span><span style=\"color: #000000;\">. Een maand later viert hij <\/span><span style=\"color: #000000;\">zijn 19de verjaardag. Bij de daaruit <\/span><span style=\"color: #000000;\">volgende inschrijving voor <\/span><span style=\"color: #000000;\">de Nationale Militie staat genoteerd<\/span><span style=\"color: #000000;\"> lengte 173 centimeter met pokdalig aangezicht. Ondanks zijn hoge lotnummer 1643 en zijn werk bij de marine moet hij toch in dienst. Hij stelt een plaatsvervanger. Hendrik Vierwind uit Putten\u00a0<\/span><span style=\"color: #000000;\">vervult zijn dienst gedurende <\/span><span style=\"color: #000000;\">vijf jaar in het vijfde regiment infanterie. Op 16 april doet Evert geloofsbelijdenis bij dominee Wielenga. Deze vraagt hem januari 1869 secretaris te worden van het bestuur van de nieuwe Christelijke Jongelingen Vereniging &#8216;Door Liefde Bloeijende&#8217;. Op het werk stijgt hij dat jaar naar vierde klasse. Anders dan zijn vader probeert niet nog meer klassen te stijgen, maar slaagt er in op 30 augustus al een bevordering tot schrijver te krijgen. De toekomst van de werf ziet er zonnig uit door het graven en in 1871 openen van het Noordzeekanaal. Ook de haven van Rotterdam krijgt zijn directe verbinding met de Noordzee dankzij de Nieuwe Waterweg.<\/span><\/p>\n<p style=\"text-align: center;\"><span style=\"font-size: 10pt;\"><span style=\"color: #0000ff;\"><a id=\"voetnoot\"><\/a><a style=\"color: #0000ff;\" href=\"https:\/\/meijenfeldt.nl\/?page_id=1526\">Terug<\/a>\u00a0<\/span> \u00a0***\u00a0 \u00a0<span style=\"color: #0000ff;\"><a style=\"color: #0000ff;\" href=\"https:\/\/meijenfeldt.nl\/?page_id=72680\">Verder<\/a><\/span><\/span><\/p>\n<p style=\"text-align: justify;\"><span style=\"font-family: georgia, palatino, serif; font-size: 10pt;\"><span style=\"color: #000000;\"><span style=\"line-height: 130%; letter-spacing: 0.5pt;\"><span style=\"letter-spacing: 0.666667px;\">1.<span style=\"color: #000000; font-size: 10pt;\"><span style=\"font-family: georgia, palatino, serif;\"><span style=\"font-family: Georgia;\"> <span style=\"letter-spacing: 0.5pt; font-family: georgia, palatino, serif; color: #000000; font-size: 10pt;\"><span style=\"color: #000000; font-family: georgia, palatino, serif; font-size: 10pt;\">Staatsbegroting Marine, <\/span>Bijlagen Handelingen Tweede Kamer der Staten-Generaal <span style=\"color: #0000ff;\"><a style=\"color: #0000ff;\" href=\"https:\/\/meijenfeldt.nl\/wp-content\/uploads\/2025\/09\/1868-1899-Wachtgelden.pdf\">1868-1899<\/a><\/span>.<\/span><\/span><\/span><\/span><\/span><\/span><\/span><\/span><span style=\"font-family: georgia, palatino, serif; font-size: 10pt;\"><span style=\"color: #000000;\"><br \/>\n<\/span><\/span><\/p>\n","protected":false},"excerpt":{"rendered":"<p>In dezelfde maand als Carl verhuist ook Hendrik von Meijenfeldt met zijn gezin\u00a0naar een ruimere woning. Vanwege een zoveelste overplaatsing vertrekt hij naar de stad Dordrecht en vestigt zich aan de (Lange) Kromhout 61. Zijn bijna 15-jarige dochter Anna keert na drie maanden terug naar Rotterdam, waar zij vanaf 17 juli 1866 in de Westewagenstraat &hellip; <a href=\"https:\/\/meijenfeldt.nl\/?page_id=1487\" class=\"more-link\">Verder lezen <span class=\"screen-reader-text\">2.4.7. Gereformeerd<\/span><\/a><\/p>\n","protected":false},"author":1,"featured_media":0,"parent":0,"menu_order":0,"comment_status":"closed","ping_status":"closed","template":"","meta":{"footnotes":""},"class_list":["post-1487","page","type-page","status-publish","hentry"],"_links":{"self":[{"href":"https:\/\/meijenfeldt.nl\/index.php?rest_route=\/wp\/v2\/pages\/1487","targetHints":{"allow":["GET"]}}],"collection":[{"href":"https:\/\/meijenfeldt.nl\/index.php?rest_route=\/wp\/v2\/pages"}],"about":[{"href":"https:\/\/meijenfeldt.nl\/index.php?rest_route=\/wp\/v2\/types\/page"}],"author":[{"embeddable":true,"href":"https:\/\/meijenfeldt.nl\/index.php?rest_route=\/wp\/v2\/users\/1"}],"replies":[{"embeddable":true,"href":"https:\/\/meijenfeldt.nl\/index.php?rest_route=%2Fwp%2Fv2%2Fcomments&post=1487"}],"version-history":[{"count":194,"href":"https:\/\/meijenfeldt.nl\/index.php?rest_route=\/wp\/v2\/pages\/1487\/revisions"}],"predecessor-version":[{"id":79226,"href":"https:\/\/meijenfeldt.nl\/index.php?rest_route=\/wp\/v2\/pages\/1487\/revisions\/79226"}],"wp:attachment":[{"href":"https:\/\/meijenfeldt.nl\/index.php?rest_route=%2Fwp%2Fv2%2Fmedia&parent=1487"}],"curies":[{"name":"wp","href":"https:\/\/api.w.org\/{rel}","templated":true}]}}