{"id":1412,"date":"2016-12-17T15:38:41","date_gmt":"2016-12-17T15:38:41","guid":{"rendered":"http:\/\/celinevonmeijenfeldt.nl\/?page_id=1412"},"modified":"2026-03-15T08:41:41","modified_gmt":"2026-03-15T08:41:41","slug":"2-2-2-naar-saint-domigue","status":"publish","type":"page","link":"https:\/\/meijenfeldt.nl\/?page_id=1412","title":{"rendered":"2.2.2. Tweede vaart"},"content":{"rendered":"<p style=\"text-align: justify;\"><span style=\"color: #000000;\">Nog geen maand nadat hij vader geworden is\u00a0<\/span><span style=\"color: #000000;\">krijgt Johan August per<\/span><span style=\"color: #000000;\"> 11 augustus 1801 een aanstelling tot konstabel-majoor op \u2019s Lands Schip <\/span><em style=\"color: #000000;\">Chattam.<\/em><span style=\"color: #000000;\"> Daar zorgt Hartsinck voor, die op dat schip al geruime tijd kapitein is en de laatste hand aan de bemanning legt. Voor allebei is het een stap vooruit, want de Chattam is geen fregat maar een eerste klas linieschip van 76 stukken en 550 koppen. Het is in 1799 op &#8217;s Lands Werf Rotterdam gebouwd. Hem staat bovenop zijn vaste traktement een soldij van <\/span><em style=\"color: #000000;\">f<\/em><span style=\"color: #000000;\"> 30 te wachten. <\/span><a style=\"color: #0000ff;\" href=\"#voetnoot\">(1)<\/a><\/p>\n<p style=\"text-align: justify;\"><span style=\"color: #000000;\">Toch gaat Johan August niet naar de Chattam op weg. <\/span><span style=\"color: #000000;\">Op de scheepsrol komt bij zijn naam te staan <\/span><em style=\"color: #000000;\">N.B. heeft nooit alhier dienst presteerd. <\/em>Hij deserteert niet, maar maakt o<span style=\"color: #000000;\">p 11 november deel uit van een verschuiving met konstabel-majoor Fredrik Cramer. Hij volgt in feite Pieter Hartsinck, die <\/span><span style=\"color: #000000;\">de\u00a0<\/span><span style=\"color: #000000;\">langdurig zieke <\/span><span style=\"color: #000000;\">kapitein Gerrit Verdooren moet vervangen <\/span><span style=\"color: #000000;\">op <\/span><span style=\"color: #000000;\">&#8217;s Lands Schip <em>Brutus<\/em>. Dit is het beoogde commandoschip voor een Bataafs eskader, dat op het punt staat naar West-Indi\u00eb te vertrekken. Het is een <\/span><span style=\"color: #000000;\">linieschip met 74 stukken op twee dekken: 28 stuks 26-ponders benedendeks, 28 stuks 24-ponders bovendeks en 16 stuks 12-ponders op achterdek en voorplecht. Het werd <\/span><span style=\"color: #000000;\">15 jaar eerder samen met <\/span><span style=\"color: #000000;\">tweelingzusje <\/span><em style=\"color: #000000;\">Bavo\u00a0<\/em><span style=\"color: #000000;\">gebouwd <\/span>als <span style=\"color: #000000;\">grootste marineschip ooit &#8211; althans in de Republiek &#8211; met de toen nog <\/span><span style=\"color: #000000;\">orangistische namen <\/span><em style=\"color: #000000;\">Willem de Eerste<\/em><span style=\"color: #000000;\"> respectievelijk<\/span>\u00a0<span style=\"color: #000000;\"><em>Staten-Generaal<\/em><\/span><span style=\"color: #000000;\">. De voorganger van de nu zieke Verdooren was schout-bij-nacht Bloys van Treslong, die niet alleen de beruchte Slag bij Kamperduin in 1797 verloor, maar ook zijn rechterarm.<\/span><\/p>\n<p style=\"text-align: justify;\"><span style=\"color: #000000;\">Na een verblijf\u00a0<\/span><span style=\"color: #000000;\">in Amsterdam van <\/span><span style=\"color: #000000;\">18 maanden zet Johan August zich werkelijk op weg naar een volgende schip. H<\/span><span style=\"color: #000000;\">et ligt niet afgemeerd op Kattenburg of het Nieuwe Diep maar bij Vlissingen. Het normale vervoer in Nederland is het <\/span><span style=\"color: #000000;\">binnenschip. Na tal van overstappen arriveert hij na een week de haven. Daar brengt een sloep hem\u00a0<\/span><span style=\"color: #000000;\">op 26 november <\/span><span style=\"color: #000000;\">voor Rammekens, waar <\/span><span style=\"color: #000000;\">hij\u00a0 aan boord van de Brutus gaat om alles in gereedheid te brengen. Op 2 december arriveert Hartsinck met &#8217;s Lands Jacht. De admiraalsvlag gaat omhoog en Johan August onderbreekt zijn werkzaamheden voor enkele saluutschoten, die andere schepen en de wal van zijn komst in kennis moeten stellen. <\/span><span style=\"color: #000000;\">Twee dagen later laat <\/span><span style=\"color: #000000;\">Hartsinck het schip naar de Oosthaven drijven.<\/span><\/p>\n<p style=\"text-align: justify;\"><span style=\"color: #000000;\">Op 4 december vervoegt Johan August zich bij eerste schrijver Dirk van der Toght. Aanleiding is de <\/span><span style=\"color: #000000;\">resolutie van 26 september van h<\/span><span style=\"color: #000000;\">et Uitvoerend Bewind om het achterstallig soldij van het in Bergen gestrande konvooi te regelen. Hij <\/span><span style=\"color: #000000;\">krijgt een geldwissel voor de gediende maanden, zonder aandeel\u00a0<\/span><span style=\"color: #000000;\">in de\u00a0<\/span><span style=\"color: #000000;\">opbrengsten van het buitgemaakte Engelse schip bij IJsland<\/span><span style=\"color: #000000;\">. Vergeefs had <\/span><span style=\"color: #000000;\">Hartsinck er voor gepleit dat alle manschappen <\/span><span style=\"color: #000000;\">zouden meedelen<\/span><span style=\"color: #000000;\">. De<\/span><span style=\"color: #000000;\"> geldwissel kan Johan August <\/span><span style=\"color: #000000;\">innen bij<\/span><span style=\"color: #000000;\"> het Comptoir van Hoofdelijke Betaling in Den Haag, maar het is te laat om verlof te vragen om van boord te gaan. Hi<\/span><span style=\"color: #000000;\">j moet daarom <\/span><span style=\"color: #000000;\">een vertegenwoordiger vinden<\/span><span style=\"color: #000000;\">.<\/span><span style=\"color: #000000;\"> De eerste schrijver suggereert hem <\/span><em style=\"color: #000000;\">solliciteur militair<\/em><span style=\"color: #000000;\"> Jacobus Pik uit Amsterdam, die voor dit soort werk gevestigd en erkend is en een vast klantenbestand van 90 officieren heeft. Johan August heeft bij hem geen doorlopend contract, maar de eerste schrijver laat hem een separate procuratie of volmacht tekenen. <span style=\"color: #0000ff;\"><a style=\"color: #0000ff;\" href=\"#voetnoot\">(2)<\/a><\/span><\/span><\/p>\n<p style=\"text-align: center;\"><img loading=\"lazy\" decoding=\"async\" class=\"wp-image-65617 aligncenter\" src=\"https:\/\/meijenfeldt.nl\/wp-content\/uploads\/2024\/08\/1801-12-04-Jacobus-Pik-300x65.png\" alt=\"\" width=\"661\" height=\"143\" srcset=\"https:\/\/meijenfeldt.nl\/wp-content\/uploads\/2024\/08\/1801-12-04-Jacobus-Pik-300x65.png 300w, https:\/\/meijenfeldt.nl\/wp-content\/uploads\/2024\/08\/1801-12-04-Jacobus-Pik-1024x221.png 1024w, https:\/\/meijenfeldt.nl\/wp-content\/uploads\/2024\/08\/1801-12-04-Jacobus-Pik-768x166.png 768w, https:\/\/meijenfeldt.nl\/wp-content\/uploads\/2024\/08\/1801-12-04-Jacobus-Pik-1536x332.png 1536w, https:\/\/meijenfeldt.nl\/wp-content\/uploads\/2024\/08\/1801-12-04-Jacobus-Pik.png 1549w\" sizes=\"auto, (max-width: 661px) 100vw, 661px\" \/><em><span style=\"font-family: georgia, palatino, serif; font-size: 10pt;\"><span style=\"color: #000000;\">Gepasseerde Procuratie op &#8217;s Lands Schip Brutus<\/span><\/span><\/em><\/p>\n<p style=\"text-align: justify;\"><span style=\"color: #000000;\">Het wachten is op de afvaart, die eigenlijk al op 18 november had moeten plaatsvinden. De instructies van\u00a0<\/span><span style=\"color: #000000;\">het Comit\u00e9 tot de Zaken van de Marine d.d. <\/span><span style=\"color: #000000;\">5 november wijzen Hartsinck aan als b<\/span><span style=\"color: #000000;\">uitengewoon vice-admiraal voor een eskader, bestaande uit <\/span><span style=\"color: #000000;\">de Brutus, de linieschepen <em>Neptunus<\/em> en <em>Joan de Witt, <\/em>het brik <em>Ajax <\/em>en de schoener <em>De Vliegende Visch<\/em>. Het Franse fregat <em>La Poursuivante<\/em> voegt zich bij hen en een ander haakt af. <\/span><span style=\"color: #000000;\">Het zal zich als Bataafse eskader verenigen met een grote Franse vloot naar het Caribische St Domingo en daarna via de oostkust van Amerika naar Texel terugkeren. Het wachten is op de landingstroepen die zij moeten vervoeren. De meesten komen pas o<\/span><span style=\"color: #000000;\">p 10 december aan boord. Tegen het einde van het jaar bevinden zich alleen al op de Brutus naast de 455 koppen nog eens 417 voornamelijk Duitse en Vlaamse militairen, inclusief 24 officieren en 13 huisgasten, exclusief vrouwen. Totaal omvat het eskader uiteindelijk 1304 man ge\u00ebmbarkeerd. De schepen worden zo zwaar dat kanons van \u00e9\u00e9n van de andere schepen aan wal terug moeten.<\/span><\/p>\n<p style=\"text-align: justify;\"><span style=\"color: #000000;\">Op 4 januari 1802 vertrekt het eskader eindelijk. D<\/span><span style=\"color: #000000;\">e Vliegende Visch blijft achter vanwege zware reparaties. De loodsen worden tot in het Kanaal gecontracteerd vanwege het onstuimige weer. Hartsinck nemen b<\/span><span style=\"color: #000000;\">eide besluiten\u00a0<\/span><span style=\"color: #000000;\">met de andere kapiteins <\/span><span style=\"color: #000000;\">in een scheepsraad, maar krijgt daarover nog lang gedoe met het Comit\u00e9 in Den Haag. <\/span><span style=\"color: #000000;\">Johan August heeft het druk met schoten lossen. Het gaat niet om kogels op een vijand, maar knallen als saluut en sein. Voor vertrek op 31 december twee schoten, als antwoord op <\/span><span style=\"color: #000000;\">de Stad Vlissingen 15 saluutschoten, onderweg als aanvulling op de door <\/span><span style=\"color: #000000;\">dichte mist en afwisselend sneeuw en regen <\/span><span style=\"color: #000000;\">onzichtbare vlagsignalen schoten en vuren op de achterplecht. Desondanks raken <\/span><span style=\"color: #000000;\">de Neptunus en Joan de Witt uit koers. <\/span><span style=\"color: #000000;\">Door het onstuimige winterweer vallen twee matrozen van boord en verdrinken. Hartsinck noemt hen bij naam en betreurt ze niet te hebben kunnen redden. <span style=\"color: #0000ff;\"><a style=\"color: #0000ff;\" href=\"#voetnoot\">(3)<\/a><\/span><\/span><\/p>\n<p style=\"text-align: center;\"><img loading=\"lazy\" decoding=\"async\" class=\"wp-image-66355 aligncenter\" src=\"https:\/\/meijenfeldt.nl\/wp-content\/uploads\/2024\/09\/1802-Brest-300x213.jpg\" alt=\"\" width=\"622\" height=\"442\" srcset=\"https:\/\/meijenfeldt.nl\/wp-content\/uploads\/2024\/09\/1802-Brest-300x213.jpg 300w, https:\/\/meijenfeldt.nl\/wp-content\/uploads\/2024\/09\/1802-Brest-1024x728.jpg 1024w, https:\/\/meijenfeldt.nl\/wp-content\/uploads\/2024\/09\/1802-Brest-768x546.jpg 768w, https:\/\/meijenfeldt.nl\/wp-content\/uploads\/2024\/09\/1802-Brest-1536x1092.jpg 1536w, https:\/\/meijenfeldt.nl\/wp-content\/uploads\/2024\/09\/1802-Brest.jpg 1672w\" sizes=\"auto, (max-width: 622px) 100vw, 622px\" \/><em><span style=\"font-family: georgia, palatino, serif; font-size: 10pt; color: #000000;\">Brutus en Joan de Witt voor Brest, 12 januari 1802<br \/>\n<\/span><\/em><span style=\"font-family: georgia, palatino, serif; font-size: 8pt; color: #000000;\">Diederijk Gerhardus Muller 1825, Scheepvaartmuseum Amsterdam <span style=\"color: #0000ff;\"><a style=\"color: #0000ff;\" href=\"https:\/\/collectie.hetscheepvaartmuseum.nl\/Details\/collect\/522492\">S.1277(01)13<\/a><\/span><\/span><\/p>\n<p style=\"text-align: justify;\"><span style=\"color: #000000;\">Na acht dagen komt de Brutus in de buurt van de marinehaven Brest en ontmoet het schip van de Franse admiraal. De Brutus en de andere vier schepen krijgen <\/span><span style=\"color: #000000;\">een eigen vlaggencode voor het onderling seinen in de grote vloot. <span style=\"color: #0000ff;\"><a style=\"color: #0000ff;\" href=\"#voetnoot\">(4)<\/a><\/span><\/span><\/p>\n<p style=\"text-align: center;\"><a href=\"https:\/\/www.nationaalarchief.nl\/onderzoeken\/archief\/2.01.29.03\/invnr\/93A\/file\/NL-HaNA_2.01.29.03_93A_0030?eadID=2.01.29.03&amp;unitID=93A&amp;query=2.01.29.03\"><span style=\"color: #000000;\"><img loading=\"lazy\" decoding=\"async\" class=\" wp-image-65622 aligncenter\" src=\"https:\/\/meijenfeldt.nl\/wp-content\/uploads\/2024\/08\/Brutus-vlagcode-300x150.png\" alt=\"\" width=\"618\" height=\"309\" srcset=\"https:\/\/meijenfeldt.nl\/wp-content\/uploads\/2024\/08\/Brutus-vlagcode-300x150.png 300w, https:\/\/meijenfeldt.nl\/wp-content\/uploads\/2024\/08\/Brutus-vlagcode-1024x513.png 1024w, https:\/\/meijenfeldt.nl\/wp-content\/uploads\/2024\/08\/Brutus-vlagcode-768x385.png 768w, https:\/\/meijenfeldt.nl\/wp-content\/uploads\/2024\/08\/Brutus-vlagcode.png 1138w\" sizes=\"auto, (max-width: 618px) 100vw, 618px\" \/><\/span><\/a><em><span class=\"Y2IQFc\" lang=\"nl\" style=\"font-family: georgia, palatino, serif; font-size: 10pt; color: #000000;\">Vlaggencode toegewezen aan de Brutus als onderdeel van de Bataafse divisie<\/span><\/em><em><span class=\"Y2IQFc\" lang=\"nl\" style=\"font-family: georgia, palatino, serif; font-size: 10pt; color: #000000;\"><br \/>\n<\/span><\/em><\/p>\n<p style=\"text-align: center;\"><span style=\"color: #0000ff;\"><a id=\"voetnoot\"><\/a><a style=\"color: #0000ff;\" href=\"https:\/\/meijenfeldt.nl\/?page_id=15953\"><span style=\"font-size: 10pt;\">Terug<\/span><\/a><\/span><span style=\"font-size: 10pt;\">\u00a0\u00a0\u00a0***\u00a0 \u00a0<span style=\"color: #0000ff;\"><a style=\"color: #0000ff;\" href=\"https:\/\/meijenfeldt.nl\/?page_id=66989\">Verder<\/a><\/span><\/span><\/p>\n<p style=\"text-align: justify;\"><span style=\"font-family: georgia, palatino, serif; font-size: 10pt;\"><span style=\"color: #000000;\"><span class=\"unittitle\">1. Confereer-Rolle van \u2019s Lands Schip Chattam onder Commando van den Capt. Pieter Hartsinck, Nationaal Archief 2.01.30<span class=\"title\">, Inv 226, <span style=\"color: #0000ff;\"><a style=\"color: #0000ff;\" href=\"https:\/\/meijenfeldt.nl\/wp-content\/uploads\/2024\/10\/30-226-Chattam.pdf\">fol 11<\/a><\/span>.<\/span><br \/>\n<\/span>2. Register der gepasseerde Procuratien, Journaal 1e schrijver Dirk van der Toght &#8217;s lands schip Brutus, <span class=\"unittitle\">NA 2.01.29.03, Inv 94, <\/span><span style=\"color: #0000ff;\"><a style=\"color: #0000ff;\" href=\"https:\/\/www.nationaalarchief.nl\/onderzoeken\/archief\/2.01.29.03\/invnr\/94\/file\/NL-HaNA_2.01.29.03_94_0042?eadID=2.01.29.03&amp;unitID=94&amp;query=2.01.29.03\">fol 42<\/a><\/span><\/span>.<br \/>\n<span style=\"color: #000000;\">3. Journaal-verbaal vice-admiraal Pieter Hartsink &#8217;s lands esquader St Domingo, NA 2.01.29.03, <span style=\"color: #0000ff;\"><a style=\"color: #0000ff;\" href=\"https:\/\/www.nationaalarchief.nl\/onderzoeken\/archief\/2.01.29.03\/invnr\/93\/file\/NL-HaNA_2.01.29.03_93_0003?eadID=2.01.29.03&amp;unitID=93&amp;query=\">Inv\u00a0 93<\/a><\/span> <span class=\"unittitle\">\u00a0en <\/span><\/span><span style=\"color: #000000;\">Journaal 1e schrijver Dirk van der Toght &#8217;s lands schip Brutus, NA 2.01.29.03, <\/span><a style=\"color: #0000ff;\" href=\"https:\/\/www.nationaalarchief.nl\/onderzoeken\/archief\/2.01.29.03\/invnr\/94\/file\/NL-HaNA_2.01.29.03_94_0001?eadID=2.01.29.03&amp;unitID=94&amp;query=\">Inv 94<\/a><span style=\"color: #000000;\">.<br \/>\n<\/span><span style=\"color: #000000;\">4. Instructie voor den Capitain P. Hartsinck commandeerende &#8217;s Lands Esquadre gedestineerd naar S<sup>t<\/sup> Domingo, NA 2.01.29.01, Inv 428, <span style=\"color: #0000ff;\"><a style=\"color: #0000ff;\" href=\"https:\/\/www.nationaalarchief.nl\/onderzoeken\/archief\/2.01.29.01\/invnr\/428\/file\/NL-HaNA_2.01.29.01_428_0008?eadID=2.01.29.01&amp;unitID=428&amp;query=\">stuk 3<\/a><\/span>. Stukken betreffende scheepskrijgsraden, NA 2.01.29.03, Inv 93A, <\/span><span style=\"color: #0000ff;\"><a style=\"color: #0000ff;\" href=\"https:\/\/www.nationaalarchief.nl\/onderzoeken\/archief\/2.01.29.03\/invnr\/93A\/file\/NL-HaNA_2.01.29.03_93A_0030?eadID=2.01.29.03&amp;unitID=93A&amp;query=2.01.29.03\">fol 30<\/a><span style=\"color: #000000;\">.<\/span><\/span><\/span><\/p>\n","protected":false},"excerpt":{"rendered":"<p>Nog geen maand nadat hij vader geworden is\u00a0krijgt Johan August per 11 augustus 1801 een aanstelling tot konstabel-majoor op \u2019s Lands Schip Chattam. Daar zorgt Hartsinck voor, die op dat schip al geruime tijd kapitein is en de laatste hand aan de bemanning legt. Voor allebei is het een stap vooruit, want de Chattam is &hellip; <a href=\"https:\/\/meijenfeldt.nl\/?page_id=1412\" class=\"more-link\">Verder lezen <span class=\"screen-reader-text\">2.2.2. Tweede vaart<\/span><\/a><\/p>\n","protected":false},"author":1,"featured_media":0,"parent":0,"menu_order":0,"comment_status":"closed","ping_status":"closed","template":"","meta":{"footnotes":""},"class_list":["post-1412","page","type-page","status-publish","hentry"],"_links":{"self":[{"href":"https:\/\/meijenfeldt.nl\/index.php?rest_route=\/wp\/v2\/pages\/1412","targetHints":{"allow":["GET"]}}],"collection":[{"href":"https:\/\/meijenfeldt.nl\/index.php?rest_route=\/wp\/v2\/pages"}],"about":[{"href":"https:\/\/meijenfeldt.nl\/index.php?rest_route=\/wp\/v2\/types\/page"}],"author":[{"embeddable":true,"href":"https:\/\/meijenfeldt.nl\/index.php?rest_route=\/wp\/v2\/users\/1"}],"replies":[{"embeddable":true,"href":"https:\/\/meijenfeldt.nl\/index.php?rest_route=%2Fwp%2Fv2%2Fcomments&post=1412"}],"version-history":[{"count":131,"href":"https:\/\/meijenfeldt.nl\/index.php?rest_route=\/wp\/v2\/pages\/1412\/revisions"}],"predecessor-version":[{"id":78963,"href":"https:\/\/meijenfeldt.nl\/index.php?rest_route=\/wp\/v2\/pages\/1412\/revisions\/78963"}],"wp:attachment":[{"href":"https:\/\/meijenfeldt.nl\/index.php?rest_route=%2Fwp%2Fv2%2Fmedia&parent=1412"}],"curies":[{"name":"wp","href":"https:\/\/api.w.org\/{rel}","templated":true}]}}