{"id":139,"date":"2016-09-04T16:44:21","date_gmt":"2016-09-04T16:44:21","guid":{"rendered":"http:\/\/wordpress.celinevonmeijenfeldt.nl\/?page_id=139"},"modified":"2024-08-12T13:35:55","modified_gmt":"2024-08-12T13:35:55","slug":"1-3-1-de-verdediging-van-posen-2","status":"publish","type":"page","link":"https:\/\/meijenfeldt.nl\/?page_id=139","title":{"rendered":"1.4.4. Westelijke mars"},"content":{"rendered":"<p style=\"text-align: center;\"><img loading=\"lazy\" decoding=\"async\" class=\"alignnone wp-image-21493\" src=\"https:\/\/meijenfeldt.nl\/wp-content\/uploads\/2019\/12\/5A16ACF2-84A4-4765-BE4A-1B9BD61A991B-300x300.jpeg\" alt=\"\" width=\"628\" height=\"628\" srcset=\"https:\/\/meijenfeldt.nl\/wp-content\/uploads\/2019\/12\/5A16ACF2-84A4-4765-BE4A-1B9BD61A991B-300x300.jpeg 300w, https:\/\/meijenfeldt.nl\/wp-content\/uploads\/2019\/12\/5A16ACF2-84A4-4765-BE4A-1B9BD61A991B-150x150.jpeg 150w\" sizes=\"auto, (max-width: 628px) 100vw, 628px\" \/><br \/>\n<span style=\"font-size: 10pt;\"><em>Von Meijerfeldt&#8217;s opmars van Danzig via Thorn naar Posen<\/em><\/span><\/p>\n<p style=\"text-align: justify;\"><span style=\"color: #000000;\">Karel XII geeft in 1704\u00a0<\/span><span style=\"color: #000000;\">twee belangrijke besluiten <\/span><span style=\"color: #000000;\">voor de gebroeders Von Meijerfeldt, om zijn handen vrij te maken voor een vertrek <\/span><span style=\"color: #000000;\">met de Zweedse hoofdmacht naar het verre zuidelijke <\/span><span style=\"color: #000000;\">Lemberg (<em>Lviv<\/em>, nu Oekra\u00efne) om<\/span><span style=\"color: #000000;\"> met August de Sterke<\/span><span style=\"color: #000000;\">\u00a0<\/span><span style=\"color: #000000;\">af te rekenen.\u00a0<\/span><span style=\"color: #000000;\">Carl Friedrich blijft achter onder generaal Lewenhaupt, om de <\/span><span style=\"color: #000000;\">oostflank richting Lijfland tegen de Moskovieten te beschermen. J<\/span><span style=\"color: #000000;\">ohann August blijft achter\u00a0<\/span><span style=\"color: #000000;\">langs de Weichsel in Dirschau, net ten zuiden van de vrije en neutrale havenstad Danzig, o<\/span><span style=\"color: #000000;\">mdat hij voornamelijk Duitse soldaten heeft. Hij krijgt naast zijn eigen nieuw geworven regiment ook het commando over twee andere regimenten om<\/span><span style=\"color: #000000;\"> de westflank in Groot-Polen richting Pommeren tegen invallende Saksische troepen te beschermen<\/span><span style=\"color: #000000;\">. Om dit kracht bij te zetten bevordert Karel XII Johann August op 24 februari 1704 tot generaal-majoor van de cavalerie. <a href=\"https:\/\/meijenfeldt.nl\/?page_id=9820&amp;preview_id=9820&amp;preview_nonce=81ce7a5027&amp;_thumbnail_id=-1&amp;preview=true#voetnoot\"><span style=\"color: #0000ff;\">(1)<\/span><\/a><\/span><\/p>\n<p style=\"text-align: justify;\"><span style=\"color: #000000;\">Als onderdeel van de campagne van Karel XII om Poolse ed<\/span><span style=\"color: #000000;\">elen over te halen en te dwingen August als hun koning af te zweren, bereikt hij een succes doordat hij de Kardinaal-Primaat in de Rijksdag zover te krijgt de afzwering een feit te maken en een procedure tot verkiezing van een nieuwe koning in gang te zetten. Als alternatief schuift Zweden Stanislaus Leszczinski, vorst van Posen (<\/span><i style=\"color: #000000;\">Poznan<\/i><span style=\"color: #000000;\">), naar voren. Hij vecht met een slecht getraind leger aan Zweedse zijde.<\/span><\/p>\n<p style=\"text-align: justify;\"><span style=\"color: #000000;\">Een Saksisch leger van 10.000 man onder luitenant-generaal Johann Mathias von der Schulenburg trekt rond die tijd de Silezische grens over. \u00a0Gezien het enorme troepenverschil kan Johann August maar beter op zijn plek blijven, zij het dat een getalsmatig overwicht de Zweden van die tijd niet snel imponeert. Schulenburg stevent af op Posen, de hoofdstad van Groot-Polen. Van die stad was sinds 1703 Lillieh\u00f6\u00f6k de gouverneur en had generaal Mardefelt recent het garnizoen versterkt. Zij alarmeren de koning, die Johann August opdracht geeft naar de stad op te rukken. Tot hun opluchting ontvangen zij een afschrift van de missive van Karel XII van 7 juli 1704, om met zijn eigen dragonders, die van Taube en de cavalerie van Gustaf Horn, totaal circa 2.250 man, op weg te gaan naar Posen. Johann August vraagt hen alvast broden voor zijn troepen apart te houden. Onderweg houdt hij hen met brieven van zijn opmars op de hoogte. <span style=\"color: #0000ff;\"><a style=\"color: #0000ff;\" href=\"#voetnoot\">(2)<\/a><\/span><br \/>\n<\/span><\/p>\n<p style=\"text-align: justify;\"><span style=\"color: #000000;\">Voor zijn 1.000 paarden had Johann August al maanden voer uit de Danziger Werder ge\u00ebist. Nu vordert hij 200 wagens, elk met vier paarden bespannen om proviand, geweren en munitie te kunnen transporteren. Enerzijds wil het stadsbestuur dit de landerijen niet aandoen, \u00a0anderzijds wil het de woede van Karel XII niet wekken met het blokkeren van de afmars. De wagens en paarden worden geleverd. <span style=\"color: #0000ff;\"><a style=\"color: #0000ff;\" href=\"#voetnoot\">(3)<\/a><\/span> De proviand is nodig, omdat de geallieerde Poolse edelen van Karel XII moeten worden vrijgesteld \u00a0van contributies. Johann August ziet zich onderweg gedwongen bij de bevolking om voedsel te bedelen, die evenwel niets vrijwillig weggeeft. <span style=\"color: #0000ff;\"><a style=\"color: #0000ff;\" href=\"#voetnoot\">(4)<\/a><\/span>\u00a0<\/span><\/p>\n<p style=\"text-align: justify;\"><span style=\"color: #000000;\">Op 12 juli start in Warschau op initiatief van de Zweedse koning een Poolse landdag, waarin de opvolging van koning August op de agenda staat. Voorzitter kardinaal-primaat Lubomirski en vele anderen weigeren zich voor het Zweedse karretje te laten spannen. Arvid Horn heeft al zijn vaardigheden nodig &#8211; waaronder het veroorzaken van ontstellend veel lawaai zodat niemand elkaar kan verstaan &#8211; om Stanislaus Leszinski verkozen te krijgen. De meerderheid van de Poolse regenten acht de verkiezing daarom onrechtmatig.<\/span><\/p>\n<p style=\"text-align: justify;\"><span style=\"color: #000000;\">Op 5 juli breekt Johann August op. Hij moet eerst langs de Weichsel (<em>Wisla<\/em>) 170 kilometer zuidwaarts naar Thorn (<em>Toru\u0144<\/em>) en daarna een zelfde afstand oostwaarts naar Posen. Zijn snelheid wordt bepaald door de 200 wagens; de cavaleristen en \u00a0dragonders reizen te paard. Langs Wotslaw slaat hij zijn eerste kamp op in Tirschau, de volgende dag in Meve en op 8 juli bij Neuburg. De volgende dag passeren de troepen Graudentz naar Westfalia, waar \u00a0twee dagen halt wordt gehouden. De 12de gaat Johann August onder de muren van het stadje Schwetz door en slaan het kamp iets verderop tegenover Culm op. Het volgende kwartier is Krotschen en daarna gaat de opmars naar Strelitz, waar de troepen de volgende dag uitrusten. <span style=\"color: #0000ff;\"><a style=\"color: #0000ff;\" href=\"#voetnoot\">(5)<\/a>\u00a0<\/span><\/span><span style=\"color: #000000;\">Op 15 juli gaat het legertje lang voort tot na middernacht en legt 33 kilometer af. Het bereikt een brug zes mijl voor Thorn. Daar blijft hij een dag en krijgt enig proviand uit de stad los en breekt vervolgens\u00a0 op naar de plaatsjes Putgursche en Gnieskow, totdat Ostrow wordt bereikt. De volgende dag gaan 60 cavaleristen contributie heffen onder niet-geallieerde Polen. Daarna gaat het langs Barkin en Muttelburschitz door naar Radziwo, waar aan de voet van de heuvel het kamp wordt opgeslagen. <\/span><span style=\"color: #000000;\">De tocht gaat op 21 juli gedurende 16,5 kilometer verder naar Zeminen. Johann August geeft kapitein Bennet de opdracht de volgende dag met 50 cavaleristen contributies op te vorderen. <\/span><span style=\"color: #000000;\">Op 23 juli gaat de opmars naar Irbiza, om bij Swientoslaviz het kamp op te slaan en een dag uit te rusten. <\/span><span style=\"color: #000000;\">Horn komt achterop met zijn cavalerie en stelt zich op 25 juli onder het bevel van Von Meijerfeldt.<br \/>\n<\/span><\/p>\n<p style=\"text-align: justify;\"><span style=\"color: #000000;\">Op 27 juli wordt weer opgebroken: Meijerfeldt\u2019s dragonders voorop, de cavalerie in het midden en Taube\u2019s dragonders achteraan. Deze volgorde wordt dagelijks gewisseld. <\/span><span style=\"color: #000000;\">Het landschap verandert. Er moet gedurende bijna 30 kilometer door een zeer dicht woud worden geploegd. \u00a0De troepen komen niemand anders tegen dan een enkele kluizenaar. Dan passeren zij Kletzewo en Kosrutu, een dorp bij Slupsia, nog 44 kilometer van Posen verwijderd, waar zij kamperen. Op 1 augustus gaan ze langs de stadsmuren naar Wrensna. In de avond ontvangt Johann August hier orders om zijn opmars te bespoedigen. Hij geeft opdracht de hele nacht door te gaan. De volgende dag tot middernacht beveelt hij opnieuw niet te rusten. Met nog 5,5 kilometer te gaan wordt eindelijk een kamp opgeslagen. \u00a0<\/span><\/p>\n<p style=\"text-align: justify;\"><span style=\"color: #000000;\">Vroeg in de morgen van 2 augustus bereikt Johann August de waterpoort van Posen. Buiten de stadsmuren slaat hij zijn kamp op. Mardefelt ziet geen kans hem te bezoeken wegens hoge koorts, maar ze overleggen toch wel over de mogelijkheden om de stad succesvol te verdedigen.<br \/>\n<\/span><\/p>\n<p style=\"text-align: justify;\"><span style=\"color: #000000;\">Op de oostflank belegert e<\/span><span style=\"color: #000000;\">en groot leger van 15.000 Polen, Litouwers en Russen de vesting <\/span><span style=\"color: #000000;\">Sehlburg en wendt zich plotseling naar de hoofdmacht van het Zweedse leger in Koerland. <\/span><span style=\"color: #000000;\">Carl Friedrich volgt hen uit de stad<\/span><span style=\"color: #000000;\">\u00a0naar\u00a0<\/span><span style=\"color: #000000;\">Jacobsstadt (<em>Schlabodda<\/em>),\u00a0<\/span><span style=\"color: #000000;\">om zich\u00a0<\/span><span style=\"color: #000000;\">onder\u00a0<\/span><span style=\"color: #000000;\">Lewenhaupt met de Sapieha&#8217;s in slagorde op te stellen, om weerstand te bieden aan de drie keer grotere vijand. Op <\/span><span style=\"color: #000000;\">26 juli 1704 vindt de Slag bij Birsen plaats. Carl Friedrich geeft <\/span><span style=\"color: #000000;\">samen met Wennerstedt leiding aan de voorhoede op de linkervleugel. Hij ploegt door onophoudelijke bosschages en heuvels totdat hij op 10 kilometer voor de stad een heuvel betrekt met prachtig uitzicht over het de stellingen van de vijand. Besloten wordt dat de rechterflank nu beter de voorhoede kan overnemen. In de slag neemt de linkerflank echter een groot aandeel in de overwinning. <span style=\"color: #0000ff;\"><a style=\"color: #0000ff;\" href=\"#voetnoot\">(7)<\/a><\/span><\/span><\/p>\n<p style=\"text-align: justify;\"><span style=\"color: #000000;\">Terug naar de westflank. De net gekozen koning Stanislaus schrijft in een brief dat hij in aantocht naar Posen is met zijn leger en de edelen die zich onderweg bij hem aansluiten. Daarvan komt niet veel terecht, maar dat weten noch Von Meijerfeldt noch Schulenburg. Op 29 juli zendt Johann August een missie uit om de troepensterkte van de Saksen te verkennen, die Posen van de andere zijde tot op enkele tientallen kilometers genaderd zijn.<\/span><\/p>\n<p style=\"text-align: justify;\"><span style=\"color: #000000;\">Schulenburg besluit Posen niet te belegeren. omdat <\/span><span style=\"color: #000000;\">hij geen artillerie voor een beschieting van de stad heeft meegekregen en omdat hij van de opmars van Stanislaus verneemt. In de krijgsraad luidt het advies terug te keren naar de Oder, maar hij besluit m<\/span><span style=\"color: #000000;\">et een elitekorps van 3.500 man snel om de stad heen te trekken om het kamp van Von Meijerfeldt aan te vallen. Op 8 augustus trekt hij de Warthe (<\/span><i style=\"color: #000000;\">Warta<\/i><span style=\"color: #000000;\">) over &#8211; de infanterie springt achterop bij de paarden van de cavalerie &#8211; en ploegt die nacht door een dicht bos. Tot zijn onaangename verrassing ziet hij Von Meijerfeldt&#8217;s troepen vroeg in de morgen aan de overzijde van een grote vlakte in slagorde klaarliggen. Dankzij een overloper heeft deze van Schulenburg\u2019s manoeuvre vernomen en 500 man onder Weidenheim en 2 kanonnen extra uit Posen laten aanrukken.<\/span><\/p>\n<p style=\"text-align: justify;\"><span style=\"color: #000000;\">Als het op het voeren van een veldslag aankomt worden in die tijd algemeen aanvaarde regels in acht genomen, alsof het een soort sportief evenement voor de adellijke officieren is. Het verschil met een toernooi is niet zo groot, het uitzondering van het afwezige publiek en het enorme aantal slachtoffers. \u00a0Bij grote kwantitatieve en kwalitatieve verschillen vermijdt een bevelhebber de veldslag. Als beide kanten bereid zijn zoeken zij voor de strijd een grote vlakte zonder te veel hindernissen, kiezen een gunstige positie en nemen uren de tijd om zich in \u00a0slagorde op te stellen.<\/span><\/p>\n<p style=\"text-align: justify;\"><span style=\"color: #000000;\">Na het aanvalssignaal wordt gestart met een langdurige artilleriebeschieting. De infanterie marcheert daarna in strak gelid op; de cavalerie speelt hierbij een aanvullende rol. De Zweedse aanvalskracht door infanterie en cavalerie is in die tijd de meest gevreesde, gevreesder nog dan die van de Britse veldheer Marlborough. Het recept is een mix van rigoureuze training, ijzeren discipline en toewijding, uitstekende verbindingen op het slagveld (via tambours en boodschappers) en een strategie om altijd het initiatief te houden (elke aanval wordt met een charge beantwoord). Bovendien verkiezen de Zweden in het strijdgewoel de blanke wapenen boven de vuurkracht.<\/span><\/p>\n<p style=\"text-align: justify;\"><span style=\"color: #000000;\">Een Zweedse infanterieopmars is een angstaanjagend schouwspel. Onder ritmisch tromgeroffel lopen brede rijen infanteristen zonder een schot te lossen gestaag op de schietende vijand af. Op korte afstand houden de colonnes halt en vormen een diepe blauw-gele muur, waaruit iedere soldaat een schot lost, zoals dat geleerd is in dienst van de Republiek. Nieuw is dat er een vierde rij achter staat en dat de soldaten zich meteen na het eerste salvo direct met bajonet en zwaard op de wankelende vijandelijke linies storten. Pas op een beslissend moment, om een doorbraak te forceren of een hergroepering bij de vijand te voorkomen, wordt de zware cavalerie ingezet.<\/span><\/p>\n<p style=\"text-align: justify;\"><span style=\"color: #000000;\">Intussen klaagt gene\u00adraal-majoor Stenbock in een brief aan de koning dat \u201c<i>een\u00a0 zekere Meijerfeldt, \u00a0die zich als luitenant-kolonel betitelen laat \u2013 na door mij te zijn ontboden \u2013 niet alleen \u00a0heeft geopponeerd tegen uw hoge autoriteit en de chaotische toestanden aan het thuisfront, maar ook schertsend en respectloos tegen mij het woord voerde\u201d.<\/i> Hij zou bovendien heimelijk met invloedrijke buitenlandse officieren hebben samengespannen. Stenbock wijst de koning op de vaste procedures, die de krijgstucht voor dergelijke misdrijven voorschrijft. <\/span><span style=\"color: #000000;\">Gelet op de plaats en rang bedoelt hij niet Johann August maar Wolmar Johann. Van een procedu\u00adre voor de Krijgsraad is niets bekend.<\/span><span style=\"color: #000000;\"> <span style=\"color: #0000ff;\"><a style=\"color: #0000ff;\" href=\"https:\/\/meijenfeldt.nl\/?page_id=9820&amp;preview_id=9820&amp;preview_nonce=81ce7a5027&amp;_thumbnail_id=-1&amp;preview=true#voetnoot\">(8)<\/a><\/span><br \/>\n<\/span><\/p>\n<p style=\"text-align: center;\"><span style=\"color: #000000; font-size: 10pt;\"><span style=\"color: #0000ff;\"><a style=\"color: #0000ff;\" href=\"https:\/\/meijenfeldt.nl\/?page_id=9820\">Terug<\/a><\/span>\u00a0 \u00a0***\u00a0 \u00a0<span style=\"color: #0000ff;\"><a style=\"color: #0000ff;\" href=\"https:\/\/meijenfeldt.nl\/?page_id=21439\">Verder<\/a><\/span><\/span><\/p>\n<p style=\"text-align: justify;\"><span style=\"color: #000000;\"><span style=\"font-size: 10pt;\">1. H. Villius, lemma in Svenskt Biografiskt Lexikon, <\/span><span style=\"font-size: 10pt;\">Stockholm 1986, deel 25,<\/span><span style=\"font-size: 10pt;\"><span style=\"color: #000000;\"><span style=\"color: #0000ff;\"> <a style=\"color: #0000ff;\" href=\"https:\/\/sok.riksarkivet.se\/sbl\/Presentation.aspx?id=9329&amp;forceOrdinarySite=true\">pag. 471<\/a><\/span>.\u00a0 In <span class=\"date\" data-reactid=\".0.1.2.6.1\">Riksarkivet Sverige, 1112.1. Riksregistraturet 1523-1718, B\/634, <\/span>is deze benoeming niet te vinden; Een dag later wordt hij in<\/span> <span style=\"color: #0000ff;\"><a style=\"color: #0000ff;\" href=\"https:\/\/sok.riksarkivet.se\/bildvisning\/A0039129_00530#?c=&amp;m=&amp;s=&amp;cv=529&amp;xywh=357%2C710%2C5998%2C3126\">folio 525<\/a><\/span> en <span style=\"color: #0000ff;\"><a style=\"color: #0000ff;\" href=\"https:\/\/sok.riksarkivet.se\/bildvisning\/A0039129_00538#?c=&amp;m=&amp;s=&amp;cv=537&amp;xywh=831%2C1505%2C4684%2C2755\">folio 533<\/a><\/span> <span style=\"color: #000000;\">nog kolonel genoemd en op 4 juli is hij <\/span><span style=\"color: #000000;\">wel generaal-majoor. Verder <\/span><\/span><\/span><span style=\"color: #000000;\"><span style=\"font-size: 10pt;\"><span style=\"color: #000000;\">H. Villius, &#8220;Ogenvitten Karl XII&#8221;, Stockholm 1960, pag. 63 (steunend op het relaas van een ontbijt te Rawicz van een onbekende monnik).<br \/>\n<\/span><\/span><\/span><span style=\"color: #000000; font-size: 10pt;\"><span style=\"color: #008000;\">2<\/span><\/span><span style=\"color: #000000;\"><span style=\"font-size: 10pt;\"><span class=\"date\" data-reactid=\".0.1.2.6.1\"><span style=\"color: #000000;\">.<\/span> Riksarkivet Sverige, 1112.1. Riksregistraturet 1523-1718, B\/635,<\/span> <span style=\"color: #0000ff;\"><a style=\"color: #0000ff;\" href=\"https:\/\/sok.riksarkivet.se\/bildvisning\/A0039130_00603#?c=&amp;m=&amp;s=&amp;cv=602&amp;xywh=621%2C82%2C4684%2C2755\">folio 594<\/a><\/span>. G. Adlerfeld, \u201cKarl XII:s Krigsf\u00f6retag 1700-1706\u201d, Engelse vert. deel 2, <span style=\"color: #0000ff;\"><a style=\"color: #0000ff;\" href=\"https:\/\/babel.hathitrust.org\/cgi\/pt?id=njp.32101074631340&amp;view=1up&amp;seq=90\">pag. 80<\/a><\/span>, inclusief verslag van Mardefelt, dateert alles een maand eerder.<br \/>\n3. H. Saarinen, \u201cDanzig und Karl XII. im Nordischen \u201d, Helsinki 1996, <span style=\"color: #0000ff;\"><a style=\"color: #0000ff;\" href=\"https:\/\/meijenfeldt.nl\/?page_id=17324\">pag. 237<\/a><\/span>.<br \/>\n4. N. Herlitz, \u00a0&#8220;Fr\u00e5n Thorn till Altranst\u00e4dt&#8221;, Stockholm 1916, deel 1, <span style=\"color: #0000ff;\"><a style=\"color: #0000ff;\" href=\"https:\/\/books.google.se\/books?hl=sv&amp;id=iTIUAQAAIAAJ&amp;dq=adlerfeld+roi+de+suede&amp;focus=searchwithinvolume&amp;q=meyerfelt\">pag. 233-234 en 271<\/a><\/span>.<br \/>\n5<\/span><\/span><span style=\"color: #000000;\"><span style=\"font-size: 10pt;\">. \u00a0Het gehele reisverslag is ontleend aan G. Adlerfelt, <\/span><span style=\"font-size: 13.3333px;\">\u201cHistoire Militaire \u00a0de Charles XII, Roi de Su\u00e8de\u201d, Amsterdam 1740, deel 2,<\/span><\/span><span style=\"color: #000000; font-size: 13.3333px;\">\u00a0<\/span><span style=\"color: #0000ff;\"><a style=\"font-size: 10pt; color: #0000ff;\" href=\"https:\/\/meijenfeldt.nl\/?page_id=21276\">pag. 232-243<\/a><\/span><span style=\"color: #000000; font-size: 10pt;\">.<br \/>\n<\/span><span style=\"color: #000000; font-size: 10pt;\">6. Anonymus, &#8220;Umbst\u00e4ndliche Relation von der Completen und Glorieusen Victorie welche Ein Theil der K\u00f6nigl: Schwedischen im Herzogthumb Cuhrland und Samoiten befindlichen Troupen nebst denen Sapihischen unter commendo des Herrn Grafen\/GeneralnMajorn und Vice-Gouverneurn Adam Ludwig Lewenhaupts \u00fcber die combinirte Litthau= und Moscowitische Arme\u00e9 bey der Schlabodda auff den Grentzen von Churland mit heldenm\u00fcthiger Tapferheit befochten den 26 Julii Anno 1704, <span style=\"color: #0000ff;\"><a style=\"color: #0000ff;\" href=\"https:\/\/dspace.ut.ee\/bitstream\/handle\/10062\/27776\/r_est_a_1320_12.pdf?sequence=1&amp;isAllowed=y\">pag. 6<\/a><\/span>. I. LeLong, \u201cHet leven van den heldhaften Carel den XIIden, Koning der Sweden\u201d, Amsterdam 1721, deel 3, <span style=\"color: #008000;\"><span style=\"color: #0000ff;\"><a style=\"color: #0000ff;\" href=\"https:\/\/meijenfeldt.nl\/?page_id=9234\">pag. 253<\/a><\/span>.<br \/>\n<\/span><\/span><span style=\"color: #000000;\"><span style=\"font-size: 10pt;\">7. <span style=\"color: #0000ff;\"><a style=\"color: #0000ff;\" href=\"https:\/\/dspace.ut.ee\/bitstream\/handle\/10062\/27776\/r_est_a_1320_12.pdf?sequence=1&amp;isAllowed=y\">Relation<\/a><\/span>. I. Le Long, <span class=\"date\" data-reactid=\".0.1.2.6.1\">\u201cHet leven van den heldhaften Carel den XIIden, Koning der Sweden\u201d, Amsterdam 1721, <\/span>deel 3, <span style=\"color: #008000;\"><span style=\"color: #0000ff;\"><a style=\"color: #0000ff;\" href=\"https:\/\/meijenfeldt.nl\/?page_id=9234\">pag. 254<\/a><\/span>.<\/span> H.E. Uddgren, \u201cKarolinen Adam Ludwig Lewenhaupt, Hans Krigsf\u00f6ring i Kurland och Litauen 1703-1708\u201d, deel 1 (1703-1704).<br \/>\n<\/span><\/span><span style=\"color: #000000;\"><span style=\"font-size: 10pt;\">8. M. Stenbock, &#8220;Bref till Carl XII&#8221;, Karolinska Krigares Dagb\u00f6cker j\u00e4mte andra samtidiga skrifter, deel 12, Lund 1918, <a href=\"http:\/\/runeberg.org\/karolikrig\/12\/0350.html\">pag. <span style=\"color: #0000ff;\">261-262<\/span><\/a><span style=\"color: #0000ff;\">.<\/span> Redacteur Quinnerstedt veronderstelt dat Wolmar Johann in het regiment van zijn broer dient, maar hij komt niet voor in diens rollen van het Krigsarkivet. Zijn benoemingen tot majoor en luitenant-kolonel zijn\u00a0 onvindbaar.<\/span><\/span><\/p>\n","protected":false},"excerpt":{"rendered":"<p>Von Meijerfeldt&#8217;s opmars van Danzig via Thorn naar Posen Karel XII geeft in 1704\u00a0twee belangrijke besluiten voor de gebroeders Von Meijerfeldt, om zijn handen vrij te maken voor een vertrek met de Zweedse hoofdmacht naar het verre zuidelijke Lemberg (Lviv, nu Oekra\u00efne) om met August de Sterke\u00a0af te rekenen.\u00a0Carl Friedrich blijft achter onder generaal Lewenhaupt, &hellip; <a href=\"https:\/\/meijenfeldt.nl\/?page_id=139\" class=\"more-link\">Verder lezen <span class=\"screen-reader-text\">1.4.4. Westelijke mars<\/span><\/a><\/p>\n","protected":false},"author":1,"featured_media":0,"parent":132,"menu_order":0,"comment_status":"closed","ping_status":"closed","template":"","meta":{"footnotes":""},"class_list":["post-139","page","type-page","status-publish","hentry"],"_links":{"self":[{"href":"https:\/\/meijenfeldt.nl\/index.php?rest_route=\/wp\/v2\/pages\/139","targetHints":{"allow":["GET"]}}],"collection":[{"href":"https:\/\/meijenfeldt.nl\/index.php?rest_route=\/wp\/v2\/pages"}],"about":[{"href":"https:\/\/meijenfeldt.nl\/index.php?rest_route=\/wp\/v2\/types\/page"}],"author":[{"embeddable":true,"href":"https:\/\/meijenfeldt.nl\/index.php?rest_route=\/wp\/v2\/users\/1"}],"replies":[{"embeddable":true,"href":"https:\/\/meijenfeldt.nl\/index.php?rest_route=%2Fwp%2Fv2%2Fcomments&post=139"}],"version-history":[{"count":120,"href":"https:\/\/meijenfeldt.nl\/index.php?rest_route=\/wp\/v2\/pages\/139\/revisions"}],"predecessor-version":[{"id":65786,"href":"https:\/\/meijenfeldt.nl\/index.php?rest_route=\/wp\/v2\/pages\/139\/revisions\/65786"}],"up":[{"embeddable":true,"href":"https:\/\/meijenfeldt.nl\/index.php?rest_route=\/wp\/v2\/pages\/132"}],"wp:attachment":[{"href":"https:\/\/meijenfeldt.nl\/index.php?rest_route=%2Fwp%2Fv2%2Fmedia&parent=139"}],"curies":[{"name":"wp","href":"https:\/\/api.w.org\/{rel}","templated":true}]}}