{"id":128,"date":"2016-09-04T16:42:25","date_gmt":"2016-09-04T16:42:25","guid":{"rendered":"http:\/\/wordpress.celinevonmeijenfeldt.nl\/?page_id=128"},"modified":"2024-08-12T13:49:10","modified_gmt":"2024-08-12T13:49:10","slug":"1-2-3-oponthoud-in-litouwen","status":"publish","type":"page","link":"https:\/\/meijenfeldt.nl\/?page_id=128","title":{"rendered":"1.3.9. Oversteek van de D\u00fcna"},"content":{"rendered":"<p style=\"text-align: center;\"><em><img loading=\"lazy\" decoding=\"async\" class=\" wp-image-22166 aligncenter\" src=\"https:\/\/meijenfeldt.nl\/wp-content\/uploads\/2019\/12\/92990621-1D40-481B-95D5-C2A56E2E9BAB-300x254.png\" alt=\"\" width=\"584\" height=\"494\" srcset=\"https:\/\/meijenfeldt.nl\/wp-content\/uploads\/2019\/12\/92990621-1D40-481B-95D5-C2A56E2E9BAB-300x254.png 300w, https:\/\/meijenfeldt.nl\/wp-content\/uploads\/2019\/12\/92990621-1D40-481B-95D5-C2A56E2E9BAB-1024x867.png 1024w, https:\/\/meijenfeldt.nl\/wp-content\/uploads\/2019\/12\/92990621-1D40-481B-95D5-C2A56E2E9BAB-768x650.png 768w, https:\/\/meijenfeldt.nl\/wp-content\/uploads\/2019\/12\/92990621-1D40-481B-95D5-C2A56E2E9BAB.png 1512w\" sizes=\"auto, (max-width: 584px) 100vw, 584px\" \/><\/em><span style=\"font-size: 10pt;\"><i>Het gevecht na de oversteek van de D\u00fcna op 9 juli 1701 met op de achtergrond Riga<\/i><\/span><\/p>\n<p style=\"text-align: justify;\"><span style=\"color: #000000;\">Op 29 mei 1701 verlaat koning Karel XII van Zweden zijn winterkwartier in Lais en voegt zich bij zijn troepen in Dorpat. Samen met de verse troepen die via Pernau zijn aangekomen is zijn strijdmacht gegroeid tot 19.000 man. Hij acht de tijd rijp voor een confrontatie met zijn derde aanvaller: de Saksische keurvorst August en trekt zuidwestelijk richting Riga. Hij kan voor een defensieve aanpak langs de rivier D\u00fcna (<em>Daugava<\/em>) kiezen, maar meent dat alleen een overwinning aan de overzijde hem zal helpen.<\/span><\/p>\n<p style=\"text-align: justify;\"><span style=\"color: #000000;\">Op 3 juli houdt het leger enkele dagen halt in Rodenpois (<i>Ropa\u017ei<\/i>) en Sissepas (<i>Madliena<\/i>). Daar krijgt Johann August von Meijerfeldt een opdracht van Karel XII. <a href=\"#voetnoot\"><span style=\"color: #0000ff;\">(1)<\/span><\/a> Hij moet sinds Pernau of eerder nog in Stockholm een goede indruk <\/span><span style=\"color: #000000;\">hebben gegeven. Het klikt tussen de 18-jarige koning en de 36-jarige luitenant-kolonel, die in korte tijd tot zijn kleine groepje vertrouwelingen <\/span><span style=\"color: #000000;\">gaat <\/span><span style=\"color: #000000;\">behoren. <\/span><span style=\"color: #0000ff;\"><a style=\"color: #0000ff;\" href=\"#voetnoot\">(2)<\/a><\/span><\/p>\n<p style=\"text-align: justify;\"><span style=\"color: #000000;\">De opdracht aan Johann August luidt om met zijn eskadron van 300 ruiters naar <\/span><span style=\"color: #000000;\">Kokenhusen te gaan. De route naar die burcht aan de rivier is maar 35 kilometer in zuidoostelijke richting. <\/span><span style=\"color: #000000;\">Onderweg neemt hij in een hofplaats een Saksische voorpost, een luitenant en 22 man gevangen. <span style=\"color: #0000ff;\"><a style=\"color: #0000ff;\" href=\"#voetnoot\">(3)<\/a><\/span><\/span><span style=\"color: #000000;\"> De enige andere hofplaats langs die route is Bevershoff, zijn eigen geplunderde landgoed. <\/span><span style=\"color: #000000;\">Kolonel Helmers moet tegelijkertijd met zijn regiment van 600 ruiters en 12 kanonnen vanuit Riga langs Jungfenhoff naar Dalholm gaan. <\/span><\/p>\n<p style=\"text-align: justify;\"><span style=\"color: #000000;\">Officieel gaat Johann August op verkenning, maar het is tevens een afleidingsmanoeuvre, om de spionerende Saksers te laten denken dat de grote oversteek bij dit smallere deel van de rivier gaat plaatsvinden en niet bij het 75 km westelijk gelegen Riga. <\/span><span style=\"color: #000000;\">De afleidingsmanoeuvre slaagt. De Saksische bevelhebber Steinau trekt met de helft van zijn leger overhaast naar Kokenhusen. Karel XII wacht nog even vanwege het slechte weer en slaat zijn kampement op 7 juli onder het bereik van de kanonnen van de stad Riga op. Johann August meldt zich de dag daarop bij de koning in Neuerm\u00fchlen (<i>\u0100dazi<\/i>, 25 kilometer ten noordoosten van Riga) met zijn gevangenen. <a href=\"#voetnoot\"><span style=\"color: #0000ff;\">(4)<\/span><\/a><\/span><\/p>\n<p style=\"text-align: justify;\"><span style=\"color: #000000;\">Dankzij deze list staat Steinau met de helft van zijn troepen bij Kokenhusen als hij in de nacht van 8 juli hoort dat Karel XII op een hele andere plek met 6.500 man en 36 kanonnen de D\u00fcna is overgestoken en daar stand weet te houden, wellicht inclusief Johann August. Steinau snelt naar het strijdtoneel, maar trekt alle troepen om 7:00 uur terug omdat hij begrijpt dat de Zweedse troepenmacht aanzienlijk zal groeien zodra Dahlberg de drijvende brug met 200 boten klaar heeft en hij al 1300 doden en 700 gevangenen heeft te betreuren tegenover geringe Zweedse verliezen.\u00a0<\/span><span style=\"color: #000000;\">Johan August <\/span><span style=\"color: #000000;\">gaat in opdracht van de koning met 100 van zijn ruiters achter de vluchtende Saksen aan en brengt verschillende gevangen terug.<\/span><\/p>\n<p style=\"text-align: justify;\"><span style=\"color: #000000;\">De hertogdommen Semgallen (<i>Zemgale<\/i>) en Koerland (<i>Kuzeme<\/i>) liggen nu open.<\/span><span style=\"color: #000000;\"> Johann August krijgt opdracht met zijn 200 ruiters mee te gaan met generaal M\u00f6rner naar de hoofdstad Mitau om<\/span><span style=\"color: #000000;\">\u00a0<\/span><span style=\"color: #000000;\">de stad in te nemen. Vandaar krijgt hij van de generaal opdracht verder zuidelijk op te trekken naar de vesting Bautsche (<i>Bauska<\/i>) en deze op te eisen. <span style=\"color: #0000ff;\"><a style=\"color: #0000ff;\" href=\"#voetnoot\">(5)<\/a> <\/span><\/span><span style=\"color: #000000;\">Karel XII komt met het<\/span><span style=\"color: #000000;\"> leger naar Alt-Rahden (<em>Vecsaule<\/em>) bij die vesting en geeft Johann August op 23 juli direct schriftelijk opdracht met zijn 200 ruiters oostelijk naar de vesting Birsen (<em>Bir\u017eai<\/em>) te gaan. August de Sterkte\u00a0<\/span><span style=\"color: #000000;\">had daar kort daarvoor zijn samenwerking met<\/span><span style=\"color: #000000;\"> Peter de Grote\u00a0 doorgesproken en zijn geschut en pontons achtergelaten. De Poolse gouverneur Gualkowski en de plaatselijke slotcommandant beloven dat het geschut er aankomt, maar bepleiten <\/span><span style=\"color: #000000;\">vurig<\/span><span style=\"color: #000000;\">\u00a0<\/span><span style=\"color: #000000;\">dat de pontons hen toekomen. Inmiddels naderen Posse of Roos met versterkingen, zodat Johann August met een bestorming kan dreigen. In de vesting zijn maar 60 soldaten en daardoor kan Johan August de versterkingen bij aankomst trots zowel het geschut als de pontons tonen. <\/span><span style=\"color: #0000ff;\"><a style=\"color: #0000ff;\" href=\"#voetnoot\">(6)<\/a><\/span><\/p>\n<p style=\"text-align: center;\"><img loading=\"lazy\" decoding=\"async\" class=\"alignnone wp-image-55639\" src=\"https:\/\/meijenfeldt.nl\/wp-content\/uploads\/2023\/04\/Birzen-300x188.jpg\" alt=\"\" width=\"587\" height=\"368\" srcset=\"https:\/\/meijenfeldt.nl\/wp-content\/uploads\/2023\/04\/Birzen-300x188.jpg 300w, https:\/\/meijenfeldt.nl\/wp-content\/uploads\/2023\/04\/Birzen-1024x642.jpg 1024w, https:\/\/meijenfeldt.nl\/wp-content\/uploads\/2023\/04\/Birzen-768x482.jpg 768w, https:\/\/meijenfeldt.nl\/wp-content\/uploads\/2023\/04\/Birzen-1536x963.jpg 1536w, https:\/\/meijenfeldt.nl\/wp-content\/uploads\/2023\/04\/Birzen.jpg 1681w\" sizes=\"auto, (max-width: 587px) 100vw, 587px\" \/><\/p>\n<p style=\"text-align: justify;\"><span style=\"color: #000000;\">Op 17 augustus komt Karel XII daar aan en wekt de indruk oostwaarts de grens over te steken naar Pleskau (<i>Pskov<\/i>), dat net als Naugard (<i>Novgorod<\/i>) door de Moskovieten is bezet. Daarnaast probeert hij met diplomatieke middelen de Poolse adel er toe over te halen August de Sterke als koning af te zweren. Nu is hij degene die zijn winterkwartier aan de kust in Koerland vestigt. Omdat hij toegeeft aan het verzoek van de familie Sapieha tot steun in een tot burgeroorlog uitgegroeide particuliere twist met de door Sak\u00adsen gesteunde familie Oginski in het Litouwse hertogdom Neder-Litouwen of Samogitia (<i>Zemaitija<\/i>), zal Johann August nog lang op zijn winterpauze moeten wachten.\u00a0<\/span><\/p>\n<p style=\"text-align: justify;\"><span style=\"color: #000000;\">Begin september 1701 krijgen de broers Carl Friedrich en Johann August von Meijerfeldt ieder een schriftelijke opdracht van Karel XII, vanuit zijn hoofdkwartier in Grobin (<i>Grobina) <\/i>in Koerland. De vorm en inhoud is verschillend, maar ze moeten allebei op reis: Carl Friedrich langs de D\u00fcna naar Sehlburg (<i>S\u0113lpils)<\/i>, Johann August langs de kust naar Polangen (<i>Palanga<\/i>). De eerste <\/span><span style=\"color: #000000;\">verlaat met zijn compagnie\u00a0<\/span><span style=\"color: #000000;\">van 200 man <\/span><span style=\"color: #000000;\">het <span style=\"color: #0000ff;\"><span style=\"color: #000000;\">\u00d6sterbottenregiment in Riga en gaat stroomopwaarts langs de D\u00fcna, volgt na een tijdje dezelfde route als zijn broer begin juli, steekt bij Kokenhusen de rivier over, om na een tocht van 130 km al op 7 september in de oude vesting\u00a0 van de Lijflandse Orde te arriveren. Nils Posse, zijn oppercommandant in de vesting Bautsche, stuurt geleidelijk meer manschappen naar hem toe: 150 dragonders onder Niclas Trautvetter en 150 man dragonders van Pehr Ban\u00e8r. <\/span><\/span><\/span><span style=\"color: #000000;\"><span style=\"color: #0000ff;\"><a style=\"color: #0000ff;\" href=\"#voetnoot\">(7)<\/a><\/span><\/span><\/p>\n<p style=\"text-align: justify;\"><span style=\"color: #000000;\">Johann August staat vermoedelijk niet meer in Birsen, maar is met de hoofdmacht naar Grobin gegaan. Hij moet met 200 man &#8211; in tegenstelling tot zijn broer te paard &#8211; langs de Oostzeekust naar het zuiden om de nog ongeschonden bezittingen van de Sapieha&#8217;s bij Polangen en de Pruisische stad met vesting Memel (<i>Klaipeda<\/i>) te beschermen. Bovendien moet hij de houding van deze steden peilen en proviand buitmaken. <span style=\"color: #0000ff;\"><a style=\"color: #0000ff;\" href=\"#voetnoot\">(8)<\/a><\/span> Dat hij zich juist daar nestelt doet de Saksische keurvorst August pijn, omdat het een tafelgoed van hem zelf is. Johann August brengt een bezoek aan de vesting van Memel, waar hij bepaald niet welwillend wordt ontvangen. In aanvulling op zijn opdracht weet hij inlichtingen in te winnen over Saksische troepen bij de havenstad Danzig (<i>Gdansk<\/i>) en over aanvalsmogelijkheden op Oost-Pruisische steden, waarin zich achtergelaten Saksi\u00adsche artillerie bevindt.<\/span> <span style=\"color: #0000ff;\"><a style=\"color: #0000ff;\" href=\"#voetnoot\">(9)<\/a><\/span><\/p>\n<p style=\"text-align: justify;\"><span style=\"color: #000000;\">Carl Friedrich krijgt op 18 september 1701 de opdracht van Nils Posse nog eens een zelfde afstand als tussen Riga en Sehlburg stroomopwaarts te gaan naar de oude vesting Dunaburg (<i>Daugavpils<\/i>), in het laatste stukje Lijfland dat nog in Poolse handen is. Het bericht van 27 september dat 6.000 in Moskovische dienst strijdende Tataren en Kalmukken daar zijn binnengevallen weerhoudt hem er niet van op 3 oktober met 400 man op weg te gaan. Na een mars van 3 dagen komt hij bij de Egglonpas (in de zijrivier Eglaine), waar hij wordt opgewacht door edellieden met enkele honderden inderhaast opgetrommelde knechten en boeren onder aanvoering van Bandomir en Segberger. Nadat hij hen verzekert hun landgoederen met rust te zullen laten, trekken zij zich terug. Op de 18<sup>de<\/sup> arriveert hij bij de vesting Dunaburg, die het jaar daarvoor door August van Saksen was veroverd. Hij treft de stad zonder Tataren en Kalmukken aan en laat de vesting in alle hoeken en gaten\u00a0<\/span><span style=\"color: #000000;\">doorzoeken <\/span><span style=\"color: #000000;\">op proviand en wapens \u2013 die de Moskovieten en Saksen in hun vlucht hebben achtergelaten \u2013 legt er belag op en laat het stroomafwaarts naar Sehlburg verschepen. <\/span><span style=\"color: #0000ff;\"><a style=\"color: #0000ff;\" href=\"https:\/\/meijenfeldt.nl\/?page_id=128#voetnoot\">(10)<\/a><a id=\"voetnoot\"><\/a><\/span><\/p>\n<p style=\"text-align: center;\"><span style=\"color: #000000; font-size: 10pt;\"><span style=\"color: #0000ff;\"><a style=\"color: #0000ff;\" href=\"https:\/\/meijenfeldt.nl\/?page_id=126\">Terug<\/a><\/span>\u00a0 \u00a0***\u00a0 \u00a0<span style=\"color: #0000ff;\"><a style=\"color: #0000ff;\" href=\"https:\/\/meijenfeldt.nl\/?page_id=8940\">Verder<\/a><\/span><\/span><\/p>\n<p style=\"text-align: justify;\"><span style=\"color: #000000; font-size: 10pt;\">1. Twee getuigen noteren de opdracht in hun journaal: kamerheer G. Adlerfeld, \u201cHistoire Militaire de Charles XII, Roi de Su\u00e8de\u201d, Amsterdam 1740, deel 1, <span style=\"color: #0000ff;\"><a style=\"color: #0000ff;\" href=\"https:\/\/meijenfeldt.nl\/?page_id=21276\">pag. 89-90<\/a><\/span> en hoogste bevelhebber\u00a0C.G. Rehnski\u00f6ld, &#8220;Anteckningar och dagb\u00f6cker&#8221;,\u00a0Karolinska Krigares Dagb\u00f6cker\u00a0deel 9, Lund 1913,\u00a0<a href=\"http:\/\/runeberg.org\/karolikrig\/9\/0038.html\"><span style=\"color: #0000ff;\">pag. 3<\/span><\/a>. De latere biechtvader van karel XII neemt het ook op in zijn journaal: J.A. Nordberg, Konung Carl den XII: tes historia\u201d Stockholm 1740, deel 1, <span style=\"color: #0000ff;\"><a style=\"color: #0000ff;\" href=\"https:\/\/meijenfeldt.nl\/?page_id=9129\">pag. 162<\/a><span style=\"color: #000000;\">.<\/span><br \/>\n<\/span><\/span><span style=\"color: #000000; font-size: 10pt;\">2. B. von Beskow,\u00a0\u201cKarl den Tolfte. En Minnesbild\u201d, Stockhom 1868, deel 1,\u00a0<span style=\"color: #0000ff;\"><a style=\"color: #0000ff;\" href=\"https:\/\/babel.hathitrust.org\/cgi\/pt?id=nyp.33433066582531&amp;view=1up&amp;seq=280\">pag. 276-278<\/a><\/span>. K. Lundblad, \u201cCarl XII:s Historia\u201d, Christianstad 1835, deel 1, <span style=\"color: #0000ff;\"><a style=\"color: #0000ff;\" href=\"https:\/\/babel.hathitrust.org\/cgi\/pt?id=hvd.hnnd3z&amp;view=1up&amp;seq=143&amp;skin=2021&amp;q1=meyerfeld\">pag 125<\/a><\/span>, doopt hem bij deze eerste opdracht meteen al tot &#8220;<em>en af sina utm\u00e4rktaste officerare<\/em>&#8220;.<br \/>\n<\/span><span style=\"color: #000000; font-size: 10pt;\">3. G. Adlerfeld, <span style=\"color: #0000ff;\"><a style=\"color: #0000ff;\" href=\"https:\/\/meijenfeldt.nl\/?page_id=21276\">pag. 89-90<\/a><\/span>. C.G. Rehnski\u00f6ld, <span style=\"color: #0000ff;\"><a style=\"color: #0000ff;\" href=\"http:\/\/runeberg.org\/karolikrig\/9\/0038.html\">pag. 6<\/a><\/span>. F.K. Gadebusch, \u201cLivl\u00e4ndische Jahrb\u00fccher\u201d, Riga 1780-1783,\u00a0<\/span><span style=\"color: #0000ff; font-size: 10pt;\"><a style=\"color: #0000ff;\" href=\"https:\/\/dspace.ut.ee\/bitstream\/handle\/10062\/29270\/est_a_867_3_2.pdf?sequence=1&amp;isAllowed=y\">deel 3-2<\/a><\/span><span style=\"color: #000000; font-size: 10pt;\">, pag. 141-142.<br \/>\n4. M. Ranft, &#8220;Die Merkw\u00fcrdige Lebensgeschichte derer vier ber\u00fcmten Schwedischen Feldmarschalle, Grafen Rehnschild, Steenbock, Meyerfeld und D\u00fccker\u201d, Leipzig 1753,\u00a0<span style=\"color: #0000ff;\"><a style=\"color: #0000ff;\" href=\"https:\/\/digital.slub-dresden.de\/werkansicht\/dlf\/68191\/294\/0\/\">pag. 280<\/a><\/span>.<br \/>\n<\/span><span style=\"color: #000000; font-size: 10pt;\">5. C.G. Rehnski\u00f6ld, <a href=\"http:\/\/runeberg.org\/karolikrig\/9\/0038.html\"><span style=\"color: #0000ff;\">pag. 6<\/span><\/a>.<br \/>\n<\/span><span style=\"color: #000000; font-size: 10pt;\">6. Riksarkivet Sverige, 1112.1. Riksregistraturet 1523-1718, B\/625 <span style=\"color: #0000ff;\"><a style=\"color: #0000ff;\" href=\"https:\/\/sok.riksarkivet.se\/bildvisning\/A0039120_00559#?c=&amp;m=&amp;s=&amp;cv=558&amp;xywh=1233%2C1596%2C4684%2C2755\">folio 552<\/a><\/span> en <span style=\"color: #0000ff;\"><a style=\"color: #0000ff;\" href=\"https:\/\/sok.riksarkivet.se\/bildvisning\/A0039120_00599#?c=&amp;m=&amp;s=&amp;cv=598&amp;xywh=279%2C264%2C4684%2C2755\">folio 591v<\/a><\/span>. H.E. Uddgren, &#8220;F\u00e4ltt\u00e5gen 1701-1706&#8221;, in S.E. Bring, &#8220;Karl XII&#8221;, Stockholm 1918, pag. 225. Chr. Kelch, &#8220;Liefl\u00e4ndische Historia 2, Continuation 1690-1707&#8221;, Dorpat 1875, <a href=\"https:\/\/books.google.se\/books?id=gARpU7vxOTkC&amp;pg=PR1&amp;dq=hristian+kelch+liefl%C3%A4ndische+historia&amp;hl=nl&amp;sa=X&amp;ved=0ahUKEwit8_LZrs7mAhXQVsAKHTrVAUwQ6AEIGDAC#v=onepage&amp;q=hristian%20kelch%20liefl%C3%A4ndische%20historia&amp;f=false\"><span style=\"color: #0000ff;\">pag. 228<\/span><\/a>. C.O. Nordensvan, \u201cV\u00e4rmlands Regementes (N\u00e4rke och V\u00e4rmlands Reg:tes) Historia, under medverkan af officerare vid regementet\u201d, Stockholm 1904, <span style=\"color: #0000ff;\"><a style=\"color: #0000ff;\" href=\"https:\/\/meijenfeldt.nl\/?page_id=53348\">pag. 66<\/a><\/span>.<br \/>\n<\/span><span style=\"font-size: 10pt;\">7<\/span><span style=\"color: #000000; font-size: 10pt;\">. N<strong>. <\/strong>Posse, \u201cKommandanten \u00e5 Bauskenburg och Selburg Frih. Nils P:s Journal 1701-1702\u201d, Karolinska Krigares Dagb\u00f6cker j\u00e4mte andra samtidiga skrifter, deel 10, Lund 1914, <a href=\"http:\/\/runeberg.org\/karolikrig\/10\/0481.html\"><span style=\"color: #0000ff;\">pag. 430-431<\/span><\/a>.<br \/>\n<\/span><span style=\"color: #000000; font-size: 10pt;\">8.\u00a0 E. Carlson, \u201cKonung Karl XII:s egenh\u00e4ndiga bref\u201d, Stockholm 1893, <span style=\"color: #0000ff;\"><a style=\"color: #0000ff;\" href=\"https:\/\/babel.hathitrust.org\/cgi\/pt?id=inu.30000053834564;view=2up;seq=410;skin=mobile\">pag. 337 e.v<\/a>.<\/span> G. Jonasson, \u201cKarl XII:s Baltiska milit\u00e4rpolitik under \u00e5r 1701\u201d, Scandia, Tidskrift f\u00f6r Historisk Forsning, 2008,\u00a0<span style=\"color: #0000ff;\"><a style=\"color: #0000ff;\" href=\"https:\/\/journals.lub.lu.se\/scandia\/article\/view\/750\">pag. 272<\/a><\/span>.<br \/>\n9<\/span><span style=\"color: #000000; font-size: 10pt;\">. <\/span><span style=\"color: #000000; font-size: 10pt;\">S. Faber, \u201cDer Ausf\u00fchrlichen Lebens-Beschreibung Carls den XII. K\u00f6nigs in Schweden\u201d, Frankfurt und Leipzig 1705, deel 2, <span style=\"color: #0000ff;\"><a style=\"color: #0000ff;\" href=\"https:\/\/play.google.com\/books\/reader?id=2-5gAAAAcAAJ&amp;pg=GBS.PA344&amp;hl=nl\">pag. 344<\/a><strong>. <\/strong><\/span><\/span><span style=\"color: #000000; font-size: 10pt;\">I. Le Long, &#8220;Het leven van den heldhaften Carel den XII, Koning der Swe\u00adden, Amsterdam 1721, deel 2, <span style=\"color: #008000;\"><span style=\"color: #0000ff;\"><a style=\"color: #0000ff;\" href=\"https:\/\/meijenfeldt.nl\/?page_id=9234\">pag. 204<\/a><\/span>.<\/span> De auteur plaatst dit in 1702 en noemt Johann August <i>Weyerfeldt<\/i>. F.G. Bengtsson, &#8220;&#8216;The life of Charles XII, King of Sweden&#8221;, London 1960, pag. 124-125.<br \/>\n10. N. Posse, <a href=\"http:\/\/runeberg.org\/karolikrig\/10\/0481.html\"><span style=\"color: #0000ff;\">pag. 430-431<\/span><\/a>.<br \/>\n<\/span><\/p>\n","protected":false},"excerpt":{"rendered":"<p>Het gevecht na de oversteek van de D\u00fcna op 9 juli 1701 met op de achtergrond Riga Op 29 mei 1701 verlaat koning Karel XII van Zweden zijn winterkwartier in Lais en voegt zich bij zijn troepen in Dorpat. Samen met de verse troepen die via Pernau zijn aangekomen is zijn strijdmacht gegroeid tot 19.000 &hellip; <a href=\"https:\/\/meijenfeldt.nl\/?page_id=128\" class=\"more-link\">Verder lezen <span class=\"screen-reader-text\">1.3.9. Oversteek van de D\u00fcna<\/span><\/a><\/p>\n","protected":false},"author":1,"featured_media":0,"parent":112,"menu_order":0,"comment_status":"closed","ping_status":"closed","template":"","meta":{"footnotes":""},"class_list":["post-128","page","type-page","status-publish","hentry"],"_links":{"self":[{"href":"https:\/\/meijenfeldt.nl\/index.php?rest_route=\/wp\/v2\/pages\/128","targetHints":{"allow":["GET"]}}],"collection":[{"href":"https:\/\/meijenfeldt.nl\/index.php?rest_route=\/wp\/v2\/pages"}],"about":[{"href":"https:\/\/meijenfeldt.nl\/index.php?rest_route=\/wp\/v2\/types\/page"}],"author":[{"embeddable":true,"href":"https:\/\/meijenfeldt.nl\/index.php?rest_route=\/wp\/v2\/users\/1"}],"replies":[{"embeddable":true,"href":"https:\/\/meijenfeldt.nl\/index.php?rest_route=%2Fwp%2Fv2%2Fcomments&post=128"}],"version-history":[{"count":274,"href":"https:\/\/meijenfeldt.nl\/index.php?rest_route=\/wp\/v2\/pages\/128\/revisions"}],"predecessor-version":[{"id":65794,"href":"https:\/\/meijenfeldt.nl\/index.php?rest_route=\/wp\/v2\/pages\/128\/revisions\/65794"}],"up":[{"embeddable":true,"href":"https:\/\/meijenfeldt.nl\/index.php?rest_route=\/wp\/v2\/pages\/112"}],"wp:attachment":[{"href":"https:\/\/meijenfeldt.nl\/index.php?rest_route=%2Fwp%2Fv2%2Fmedia&parent=128"}],"curies":[{"name":"wp","href":"https:\/\/api.w.org\/{rel}","templated":true}]}}